{"id":7123,"date":"2024-12-25T13:24:40","date_gmt":"2024-12-25T13:24:40","guid":{"rendered":"https:\/\/jinsuncarbon.com\/?post_type=product&#038;p=7123"},"modified":"2024-12-25T20:15:59","modified_gmt":"2024-12-25T20:15:59","slug":"yuksek-saflikta-grafit-plaka","status":"publish","type":"product","link":"https:\/\/jinsuncarbon.com\/tr\/urun\/yuksek-saflikta-grafit-plaka\/","title":{"rendered":"Y\u00fcksek Safl\u0131kta Grafit Plaka"},"content":{"rendered":"<h2>Sat\u0131l\u0131k Y\u00fcksek Safl\u0131kta Grafit Plaka<\/h2>\n<p>Y\u00fcksek safl\u0131kta grafit plaka genellikle d\u00fczenli bir plaka \u015fekline sahiptir ve avantajlar\u0131 \u00e7ok belirgindir.<\/p>\n<p><strong><b>E<\/b><\/strong><strong><b>m\u00fckemmel y\u00fcksek s\u0131cakl\u0131k dayan\u0131m\u0131 <\/b><\/strong><\/p>\n<p>2000\u00b0C'ye kadar veya daha y\u00fcksek s\u0131cakl\u0131klarda kararl\u0131 bir \u015fekilde \u00e7al\u0131\u015fabilir. Bu sayede y\u00fcksek s\u0131cakl\u0131ktaki end\u00fcstriyel f\u0131r\u0131nlarda, metal\u00fcrjide ve di\u011fer alanlarda yayg\u0131n olarak kullan\u0131l\u0131r.<\/p>\n<p><strong><b>\u00a0<\/b><\/strong><\/p>\n<p><strong><b>D\u00fc\u015f\u00fck termal genle\u015fme katsay\u0131s\u0131<\/b><\/strong><\/p>\n<p>\u015eiddetli s\u0131cakl\u0131k de\u011fi\u015fimleri s\u00fcrecinde, boyutun g\u00f6receli stabilitesini koruyabilir. Termal genle\u015fme ve so\u011fuk daralman\u0131n neden oldu\u011fu yap\u0131sal deformasyon veya hasar\u0131 etkili bir \u015fekilde \u00f6nler.<\/p>\n<p>&nbsp;<\/p>\n<p><strong><b>G\u00fc\u00e7l\u00fc kimyasal kararl\u0131l\u0131k<\/b><\/strong><\/p>\n<p>\u00c7o\u011fu asit ve alkali ve di\u011fer a\u015f\u0131nd\u0131r\u0131c\u0131 maddelerle neredeyse hi\u00e7 kimyasal reaksiyona girmez, korozyona dayan\u0131kl\u0131 ideal bir malzemedir.<\/p>\n<p>&nbsp;<\/p>\n<p><strong><b>G<\/b><\/strong><strong><b>iyi elektrik iletkenli\u011fi<\/b><\/strong><\/p>\n<p>Ak\u0131m\u0131 verimli bir \u015fekilde iletebilir ve elektrikli ekipman ve elektronik end\u00fcstrisinde elektrot ve iletken par\u00e7alar olarak kullan\u0131labilir.<\/p>\n<p>&nbsp;<\/p>\n<p><strong><b>G<\/b><\/strong><strong><b>ood kendinden ya\u011flama ve d\u00fc\u015f\u00fck s\u00fcrt\u00fcnme katsay\u0131s\u0131<\/b><\/strong><\/p>\n<p>Baz\u0131 ya\u011fs\u0131z mekanik hareketli par\u00e7alarda s\u00fcrt\u00fcnmeyi ve a\u015f\u0131nmay\u0131 azaltabilir ve ekipman\u0131n hizmet \u00f6mr\u00fcn\u00fc uzatabilir.<\/p>\n<p>&nbsp;<\/p>\n<p>Mekanik i\u015fleme performans\u0131 m\u00fckemmeldir, kesilmesi, ta\u015flanmas\u0131, delinmesi vb. kolayd\u0131r. Farkl\u0131 uygulama gereksinimlerine g\u00f6re \u00e7e\u015fitli \u015fekil ve boyutlarda do\u011fru bir \u015fekilde i\u015fleyebiliriz. \u00c7e\u015fitli m\u00fchendislik tasar\u0131m gereksinimlerini kar\u015f\u0131lamak i\u00e7in.<\/p>\n<p><strong><b>\u00a0<\/b><\/strong><\/p>\n<h2>\u00a0Y\u00fcksek Safl\u0131kta Grafit Plaka \u00c7e\u015fitleri<\/h2>\n<p>Ba\u015fl\u0131ca a\u015fa\u011f\u0131daki y\u00fcksek safl\u0131kta grafit plaka t\u00fcrleri vard\u0131r.<\/p>\n<h3>\u0130zostatik preslenmi\u015f grafit plaka<\/h3>\n<p>Taraf\u0131ndan olu\u015fturulur <a href=\"https:\/\/jinsuncarbon.com\/tr\/urun\/izostatik-grafit\/\">izostatik<\/a> presleme i\u015flemi, i\u00e7 yap\u0131 d\u00fczg\u00fcn ve yo\u011fun, m\u00fckemmel mekanik \u00f6zelliklerdir. Genellikle havac\u0131l\u0131k, n\u00fckleer enerji ve y\u00fcksek malzeme performans\u0131 gereksinimleri olan di\u011fer alanlarda kullanabilirsiniz.<\/p>\n<p>&nbsp;<\/p>\n<h3>Kal\u0131planm\u0131\u015f grafit plaka<\/h3>\n<p>Kal\u0131p presleme ile \u015fekil ve boyut do\u011frulu\u011fu y\u00fcksektir. Makine imalat\u0131 i\u00e7in uygundur, di\u011fer end\u00fcstrilerin grafit plaka par\u00e7alar\u0131n\u0131n \u00fcretim \u015fekli i\u00e7in \u00f6zel gereksinimleri vard\u0131r.<\/p>\n<p>&nbsp;<\/p>\n<h3>Ekstr\u00fcde grafit plaka<\/h3>\n<p>Belirli bir y\u00f6nl\u00fcl\u00fc\u011fe sahiptir. Bu, grafit plakan\u0131n doku y\u00f6n\u00fcn\u00fcn gerekli oldu\u011fu baz\u0131 uygulama senaryolar\u0131nda benzersiz bir avantaj sa\u011flayabilir. Is\u0131 emici gibi <a href=\"https:\/\/jinsuncarbon.com\/tr\/grafi%cc%87t-isi-esanjoru-nedi%cc%87r\/\">\u0131s\u0131 e\u015fanj\u00f6r\u00fc<\/a>.<\/p>\n<p>&nbsp;<\/p>\n<h2>Y\u00fcksek Safl\u0131kta Grafit Plakalar\u0131n Kullan\u0131m Alanlar\u0131<\/h2>\n<p>Y\u00fcksek safl\u0131kta grafit plaka geni\u015f bir uygulama yelpazesine sahiptir.<\/p>\n<p><strong><b>Elektronik yar\u0131 iletken end\u00fcstrisinde<\/b><\/strong><\/p>\n<p>Is\u0131tma plakas\u0131, \u0131s\u0131 yal\u0131t\u0131m plakas\u0131 ve elektrot malzemesi olarak <a href=\"https:\/\/en.wikipedia.org\/wiki\/Semiconductor#:~:text=A%20semiconductor%20is%20a%20material,%22)%20into%20the%20crystal%20structure.\" target=\"_blank\" rel=\"noopener\">yar\u0131 iletken<\/a> \u00fcretim ekipman\u0131. Y\u00fcksek hassasiyetli boyutsal kararl\u0131l\u0131\u011f\u0131 ve m\u00fckemmel termal ve elektriksel iletkenli\u011fi, yar\u0131 iletken \u00e7ip \u00fcretim s\u00fcrecindeki s\u0131k\u0131 s\u0131cakl\u0131k kontrol\u00fc ve elektrik performans\u0131 gereksinimlerini kar\u015f\u0131layabilir. Bu, \u00e7ip \u00fcretiminin y\u00fcksek kalitesini ve tutarl\u0131l\u0131\u011f\u0131n\u0131 sa\u011flar.<\/p>\n<p>&nbsp;<\/p>\n<p><strong><b>Fotovoltaik end\u00fcstrisinde<\/b><\/strong><\/p>\n<p>Polisilikon k\u00fcl\u00e7e f\u0131r\u0131nlar\u0131n\u0131n \u0131s\u0131tma g\u00f6vdelerini ve \u0131s\u0131 yal\u0131t\u0131m par\u00e7alar\u0131n\u0131 \u00fcretmek i\u00e7in kullanabilirsiniz. Bu, y\u00fcksek s\u0131cakl\u0131k direnci ve termal stabilitesi ile polisilikon \u00fcretim verimlili\u011fini ve kalitesini art\u0131rabilir.<\/p>\n<p>&nbsp;<\/p>\n<p><strong><b>Metal\u00fcrji end\u00fcstrisinde<\/b><\/strong><\/p>\n<p>Metal eritmede astar ve elektrot olarak kullanabilirsiniz <a href=\"https:\/\/en.wikipedia.org\/wiki\/Furnace_(central_heating)\" target=\"_blank\" rel=\"noopener\">F\u0131r\u0131n<\/a>y\u00fcksek s\u0131cakl\u0131kta eritme ortam\u0131na dayanabilir. Eritme i\u015fleminin sorunsuz olmas\u0131n\u0131 ve metal \u00fcr\u00fcnlerin safl\u0131\u011f\u0131n\u0131 sa\u011flamak i\u00e7in metal eriyi\u011fine kar\u015f\u0131 iyi bir korozyon direncine sahiptir.<\/p>\n<p>&nbsp;<\/p>\n<p><strong><b>Kimya end\u00fcstrisi alan\u0131nda<\/b><\/strong><\/p>\n<p>Reakt\u00f6r\u00fcn astar malzemesi ve \u0131s\u0131 e\u015fanj\u00f6r\u00fcn\u00fcn \u0131s\u0131 de\u011fi\u015fim eleman\u0131 olarak. Korozyon direnci ve iyi termal iletkenli\u011fi ile kimyasal reaksiyonun verimlili\u011fini ve \u0131s\u0131 de\u011fi\u015fiminin etkisini etkili bir \u015fekilde art\u0131rabilir. Ekipman\u0131n hizmet \u00f6mr\u00fcn\u00fc uzat\u0131rken;<\/p>\n<p>&nbsp;<\/p>\n<p><strong><b>Havac\u0131l\u0131k ve uzay alan\u0131nda<\/b><\/strong><\/p>\n<p>U\u00e7aklar\u0131n fren par\u00e7alar\u0131n\u0131 ve motorlar\u0131n termal bariyer par\u00e7alar\u0131n\u0131 vb. \u00fcretmek i\u00e7in kullanabilirsiniz. Ve y\u00fcksek s\u0131cakl\u0131k direnci, kendinden ya\u011flama ve hafiflik \u00f6zellikleri, a\u015f\u0131r\u0131 ko\u015fullar alt\u0131nda havac\u0131l\u0131k ekipmanlar\u0131n\u0131n y\u00fcksek performans gereksinimlerini kar\u015f\u0131lamak i\u00e7in kullan\u0131l\u0131r. U\u00e7u\u015f g\u00fcvenli\u011fini ve ekipman\u0131n g\u00fcvenilirli\u011fini sa\u011flayabilir.<\/p>","protected":false},"excerpt":{"rendered":"<p>Y\u00fcksek safl\u0131kta grafit plaka, belirli bir i\u015flemle y\u00fcksek safl\u0131kta grafit hammaddelerinden yap\u0131lm\u0131\u015f bir plaka malzemesidir. Grafit i\u00e7eri\u011fi genellikle 99,9% ve \u00fczeri olup, m\u00fckemmel fiziksel ve kimyasal \u00f6zelliklere sahiptir. M\u00fckemmel y\u00fcksek s\u0131cakl\u0131k direnci, elektrik iletkenli\u011fi, termal iletkenli\u011fi ve kimyasal kararl\u0131l\u0131\u011f\u0131 ile bir\u00e7ok \u00fcst d\u00fczey end\u00fcstriyel ve bilimsel uygulamada \u00f6nemli bir rol oynar. Ayr\u0131ca karma\u015f\u0131k \u00e7al\u0131\u015fma ko\u015fullar\u0131n\u0131n ve hassas teknolojinin ihtiya\u00e7lar\u0131n\u0131 kar\u015f\u0131layabilen \u00f6nemli bir malzemedir.<\/p>","protected":false},"featured_media":7124,"template":"","meta":[],"product_brand":[],"product_cat":[38],"product_tag":[],"class_list":{"0":"post-7123","1":"product","2":"type-product","3":"status-publish","4":"has-post-thumbnail","6":"product_cat-graphite-products","8":"first","9":"instock","10":"shipping-taxable","11":"product-type-simple"},"yoast_head":"<!-- This site is optimized with the Yoast SEO Premium plugin v19.2.1 (Yoast SEO v25.3) - https:\/\/yoast.com\/wordpress\/plugins\/seo\/ -->\n<title>High Purity Graphite Plate | Jinsun Carbon<\/title>\n<meta name=\"robots\" content=\"index, follow, max-snippet:-1, max-image-preview:large, max-video-preview:-1\" \/>\n<link rel=\"canonical\" href=\"https:\/\/jinsuncarbon.com\/tr\/urun\/yuksek-saflikta-grafit-plaka\/\" \/>\n<meta property=\"og:locale\" content=\"tr_TR\" \/>\n<meta property=\"og:type\" content=\"article\" \/>\n<meta property=\"og:title\" content=\"High Purity Graphite Plate\" \/>\n<meta property=\"og:description\" content=\"High purity graphite plate is a plate material made of high purity graphite raw materials by a specific process. And its graphite content is usually as high as 99.9% and above, with excellent physical and chemical properties. With its excellent high temperature resistance, electrical conductivity, thermal conductivity and chemical stability, it plays a key role in many high-end industrial and scientific applications. And it is an important material that can meet the needs of complex working conditions and precision technology.\" \/>\n<meta property=\"og:url\" content=\"https:\/\/jinsuncarbon.com\/tr\/urun\/yuksek-saflikta-grafit-plaka\/\" \/>\n<meta property=\"og:site_name\" content=\"Jinsun Carbon\" \/>\n<meta property=\"article:publisher\" content=\"https:\/\/www.facebook.com\/Graphite-Electrode-109336238661595\" \/>\n<meta property=\"article:modified_time\" content=\"2024-12-25T20:15:59+00:00\" \/>\n<meta property=\"og:image\" content=\"https:\/\/jinsuncarbon.com\/wp-content\/uploads\/2024\/12\/High-Purity-Graphite-Plate.jpg\" \/>\n\t<meta property=\"og:image:width\" content=\"1024\" \/>\n\t<meta property=\"og:image:height\" content=\"763\" \/>\n\t<meta property=\"og:image:type\" content=\"image\/jpeg\" \/>\n<meta name=\"twitter:card\" content=\"summary_large_image\" \/>\n<meta name=\"twitter:site\" content=\"@jinsuncarbon_\" \/>\n<meta name=\"twitter:label1\" content=\"Tahmini okuma s\u00fcresi\" \/>\n\t<meta name=\"twitter:data1\" content=\"3 dakika\" \/>\n<script type=\"application\/ld+json\" class=\"yoast-schema-graph\">{\"@context\":\"https:\/\/schema.org\",\"@graph\":[{\"@type\":\"WebPage\",\"@id\":\"https:\/\/jinsuncarbon.com\/product\/high-purity-graphite-plate\/\",\"url\":\"https:\/\/jinsuncarbon.com\/product\/high-purity-graphite-plate\/\",\"name\":\"High Purity Graphite Plate | Jinsun Carbon\",\"isPartOf\":{\"@id\":\"https:\/\/jinsuncarbon.com\/#website\"},\"primaryImageOfPage\":{\"@id\":\"https:\/\/jinsuncarbon.com\/product\/high-purity-graphite-plate\/#primaryimage\"},\"image\":{\"@id\":\"https:\/\/jinsuncarbon.com\/product\/high-purity-graphite-plate\/#primaryimage\"},\"thumbnailUrl\":\"https:\/\/jinsuncarbon.com\/wp-content\/uploads\/2024\/12\/High-Purity-Graphite-Plate.jpg\",\"datePublished\":\"2024-12-25T13:24:40+00:00\",\"dateModified\":\"2024-12-25T20:15:59+00:00\",\"breadcrumb\":{\"@id\":\"https:\/\/jinsuncarbon.com\/product\/high-purity-graphite-plate\/#breadcrumb\"},\"inLanguage\":\"tr\",\"potentialAction\":[{\"@type\":\"ReadAction\",\"target\":[\"https:\/\/jinsuncarbon.com\/product\/high-purity-graphite-plate\/\"]}]},{\"@type\":\"ImageObject\",\"inLanguage\":\"tr\",\"@id\":\"https:\/\/jinsuncarbon.com\/product\/high-purity-graphite-plate\/#primaryimage\",\"url\":\"https:\/\/jinsuncarbon.com\/wp-content\/uploads\/2024\/12\/High-Purity-Graphite-Plate.jpg\",\"contentUrl\":\"https:\/\/jinsuncarbon.com\/wp-content\/uploads\/2024\/12\/High-Purity-Graphite-Plate.jpg\",\"width\":1024,\"height\":763,\"caption\":\"High Purity Graphite Plate\"},{\"@type\":\"BreadcrumbList\",\"@id\":\"https:\/\/jinsuncarbon.com\/product\/high-purity-graphite-plate\/#breadcrumb\",\"itemListElement\":[{\"@type\":\"ListItem\",\"position\":1,\"name\":\"Home\",\"item\":\"https:\/\/jinsuncarbon.com\/\"},{\"@type\":\"ListItem\",\"position\":2,\"name\":\"Products\",\"item\":\"https:\/\/jinsuncarbon.com\/graphite-carbon\/\"},{\"@type\":\"ListItem\",\"position\":3,\"name\":\"High Purity Graphite Plate\"}]},{\"@type\":\"WebSite\",\"@id\":\"https:\/\/jinsuncarbon.com\/#website\",\"url\":\"https:\/\/jinsuncarbon.com\/\",\"name\":\"Jinsun Carbon\",\"description\":\"We are the successful graphite electrode manufacturer in China\",\"publisher\":{\"@id\":\"https:\/\/jinsuncarbon.com\/#organization\"},\"potentialAction\":[{\"@type\":\"SearchAction\",\"target\":{\"@type\":\"EntryPoint\",\"urlTemplate\":\"https:\/\/jinsuncarbon.com\/?s={search_term_string}\"},\"query-input\":{\"@type\":\"PropertyValueSpecification\",\"valueRequired\":true,\"valueName\":\"search_term_string\"}}],\"inLanguage\":\"tr\"},{\"@type\":\"Organization\",\"@id\":\"https:\/\/jinsuncarbon.com\/#organization\",\"name\":\"Jinsun Carbon\",\"alternateName\":\"Jinsun Carbon\",\"url\":\"https:\/\/jinsuncarbon.com\/\",\"logo\":{\"@type\":\"ImageObject\",\"inLanguage\":\"tr\",\"@id\":\"https:\/\/jinsuncarbon.com\/#\/schema\/logo\/image\/\",\"url\":\"https:\/\/jinsuncarbon.com\/wp-content\/uploads\/2022\/12\/LOGO-1.png\",\"contentUrl\":\"https:\/\/jinsuncarbon.com\/wp-content\/uploads\/2022\/12\/LOGO-1.png\",\"width\":207,\"height\":80,\"caption\":\"Jinsun Carbon\"},\"image\":{\"@id\":\"https:\/\/jinsuncarbon.com\/#\/schema\/logo\/image\/\"},\"sameAs\":[\"https:\/\/www.facebook.com\/Graphite-Electrode-109336238661595\",\"https:\/\/x.com\/jinsuncarbon_\",\"https:\/\/www.linkedin.com\/in\/jinsungraphite\",\"https:\/\/www.youtube.com\/channel\/UCysDNyvyR5-3cCWEmpkVC0g\"]}]}<\/script>\n<!-- \/ Yoast SEO Premium plugin. -->","yoast_head_json":{"title":"Y\u00fcksek Safl\u0131kta Grafit Plaka | Jinsun Carbon","robots":{"index":"index","follow":"follow","max-snippet":"max-snippet:-1","max-image-preview":"max-image-preview:large","max-video-preview":"max-video-preview:-1"},"canonical":"https:\/\/jinsuncarbon.com\/tr\/urun\/yuksek-saflikta-grafit-plaka\/","og_locale":"tr_TR","og_type":"article","og_title":"High Purity Graphite Plate","og_description":"High purity graphite plate is a plate material made of high purity graphite raw materials by a specific process. And its graphite content is usually as high as 99.9% and above, with excellent physical and chemical properties. With its excellent high temperature resistance, electrical conductivity, thermal conductivity and chemical stability, it plays a key role in many high-end industrial and scientific applications. And it is an important material that can meet the needs of complex working conditions and precision technology.","og_url":"https:\/\/jinsuncarbon.com\/tr\/urun\/yuksek-saflikta-grafit-plaka\/","og_site_name":"Jinsun Carbon","article_publisher":"https:\/\/www.facebook.com\/Graphite-Electrode-109336238661595","article_modified_time":"2024-12-25T20:15:59+00:00","og_image":[{"width":1024,"height":763,"url":"https:\/\/jinsuncarbon.com\/wp-content\/uploads\/2024\/12\/High-Purity-Graphite-Plate.jpg","type":"image\/jpeg"}],"twitter_card":"summary_large_image","twitter_site":"@jinsuncarbon_","twitter_misc":{"Tahmini okuma s\u00fcresi":"3 dakika"},"schema":{"@context":"https:\/\/schema.org","@graph":[{"@type":"WebPage","@id":"https:\/\/jinsuncarbon.com\/product\/high-purity-graphite-plate\/","url":"https:\/\/jinsuncarbon.com\/product\/high-purity-graphite-plate\/","name":"Y\u00fcksek Safl\u0131kta Grafit Plaka | Jinsun Carbon","isPartOf":{"@id":"https:\/\/jinsuncarbon.com\/#website"},"primaryImageOfPage":{"@id":"https:\/\/jinsuncarbon.com\/product\/high-purity-graphite-plate\/#primaryimage"},"image":{"@id":"https:\/\/jinsuncarbon.com\/product\/high-purity-graphite-plate\/#primaryimage"},"thumbnailUrl":"https:\/\/jinsuncarbon.com\/wp-content\/uploads\/2024\/12\/High-Purity-Graphite-Plate.jpg","datePublished":"2024-12-25T13:24:40+00:00","dateModified":"2024-12-25T20:15:59+00:00","breadcrumb":{"@id":"https:\/\/jinsuncarbon.com\/product\/high-purity-graphite-plate\/#breadcrumb"},"inLanguage":"tr","potentialAction":[{"@type":"ReadAction","target":["https:\/\/jinsuncarbon.com\/product\/high-purity-graphite-plate\/"]}]},{"@type":"ImageObject","inLanguage":"tr","@id":"https:\/\/jinsuncarbon.com\/product\/high-purity-graphite-plate\/#primaryimage","url":"https:\/\/jinsuncarbon.com\/wp-content\/uploads\/2024\/12\/High-Purity-Graphite-Plate.jpg","contentUrl":"https:\/\/jinsuncarbon.com\/wp-content\/uploads\/2024\/12\/High-Purity-Graphite-Plate.jpg","width":1024,"height":763,"caption":"High Purity Graphite Plate"},{"@type":"BreadcrumbList","@id":"https:\/\/jinsuncarbon.com\/product\/high-purity-graphite-plate\/#breadcrumb","itemListElement":[{"@type":"ListItem","position":1,"name":"Home","item":"https:\/\/jinsuncarbon.com\/"},{"@type":"ListItem","position":2,"name":"Products","item":"https:\/\/jinsuncarbon.com\/graphite-carbon\/"},{"@type":"ListItem","position":3,"name":"High Purity Graphite Plate"}]},{"@type":"WebSite","@id":"https:\/\/jinsuncarbon.com\/#website","url":"https:\/\/jinsuncarbon.com\/","name":"Jinsun Karbon","description":"\u00c7in'deki ba\u015far\u0131l\u0131 grafit elektrot \u00fcreticisiyiz","publisher":{"@id":"https:\/\/jinsuncarbon.com\/#organization"},"potentialAction":[{"@type":"SearchAction","target":{"@type":"EntryPoint","urlTemplate":"https:\/\/jinsuncarbon.com\/?s={search_term_string}"},"query-input":{"@type":"PropertyValueSpecification","valueRequired":true,"valueName":"search_term_string"}}],"inLanguage":"tr"},{"@type":"Organization","@id":"https:\/\/jinsuncarbon.com\/#organization","name":"Jinsun Karbon","alternateName":"Jinsun Carbon","url":"https:\/\/jinsuncarbon.com\/","logo":{"@type":"ImageObject","inLanguage":"tr","@id":"https:\/\/jinsuncarbon.com\/#\/schema\/logo\/image\/","url":"https:\/\/jinsuncarbon.com\/wp-content\/uploads\/2022\/12\/LOGO-1.png","contentUrl":"https:\/\/jinsuncarbon.com\/wp-content\/uploads\/2022\/12\/LOGO-1.png","width":207,"height":80,"caption":"Jinsun Carbon"},"image":{"@id":"https:\/\/jinsuncarbon.com\/#\/schema\/logo\/image\/"},"sameAs":["https:\/\/www.facebook.com\/Graphite-Electrode-109336238661595","https:\/\/x.com\/jinsuncarbon_","https:\/\/www.linkedin.com\/in\/jinsungraphite","https:\/\/www.youtube.com\/channel\/UCysDNyvyR5-3cCWEmpkVC0g"]}]}},"_links":{"self":[{"href":"https:\/\/jinsuncarbon.com\/tr\/wp-json\/wp\/v2\/product\/7123","targetHints":{"allow":["GET"]}}],"collection":[{"href":"https:\/\/jinsuncarbon.com\/tr\/wp-json\/wp\/v2\/product"}],"about":[{"href":"https:\/\/jinsuncarbon.com\/tr\/wp-json\/wp\/v2\/types\/product"}],"wp:featuredmedia":[{"embeddable":true,"href":"https:\/\/jinsuncarbon.com\/tr\/wp-json\/wp\/v2\/media\/7124"}],"wp:attachment":[{"href":"https:\/\/jinsuncarbon.com\/tr\/wp-json\/wp\/v2\/media?parent=7123"}],"wp:term":[{"taxonomy":"product_brand","embeddable":true,"href":"https:\/\/jinsuncarbon.com\/tr\/wp-json\/wp\/v2\/product_brand?post=7123"},{"taxonomy":"product_cat","embeddable":true,"href":"https:\/\/jinsuncarbon.com\/tr\/wp-json\/wp\/v2\/product_cat?post=7123"},{"taxonomy":"product_tag","embeddable":true,"href":"https:\/\/jinsuncarbon.com\/tr\/wp-json\/wp\/v2\/product_tag?post=7123"}],"curies":[{"name":"wp","href":"https:\/\/api.w.org\/{rel}","templated":true}]}}