{"id":7115,"date":"2024-12-27T03:17:39","date_gmt":"2024-12-27T03:17:39","guid":{"rendered":"https:\/\/jinsuncarbon.com\/?post_type=product&#038;p=7115"},"modified":"2024-12-27T03:47:25","modified_gmt":"2024-12-27T03:47:25","slug":"grafit-anot","status":"publish","type":"product","link":"https:\/\/jinsuncarbon.com\/tr\/urun\/grafit-anot\/","title":{"rendered":"Grafit Anot"},"content":{"rendered":"<h2>Grafit Anot Malzemesi<\/h2>\n<table>\n<tbody>\n<tr>\n<td colspan=\"2\" width=\"181\">\u00d6\u011fe<\/td>\n<td width=\"102\">Birim<\/td>\n<td width=\"142\">Tipik De\u011fer<\/td>\n<\/tr>\n<tr>\n<td width=\"71\">Par\u00e7ac\u0131k Boyutu<\/td>\n<td width=\"110\">D10<\/td>\n<td width=\"102\">&nbsp;<\/p>\n<p>\u03bcm<\/p>\n<p>&nbsp;<\/td>\n<td width=\"142\">7.6<\/td>\n<\/tr>\n<tr>\n<td width=\"71\"><\/td>\n<td width=\"110\">D50<\/td>\n<td width=\"102\"><\/td>\n<td width=\"142\">13.1<\/td>\n<\/tr>\n<tr>\n<td width=\"71\"><\/td>\n<td width=\"110\">D90<\/td>\n<td width=\"102\"><\/td>\n<td width=\"142\">21.7<\/td>\n<\/tr>\n<tr>\n<td width=\"71\"><\/td>\n<td width=\"110\">Dmax<\/td>\n<td width=\"102\"><\/td>\n<td width=\"142\">31.1<\/td>\n<\/tr>\n<tr>\n<td colspan=\"2\" width=\"181\">Ger\u00e7ek Yo\u011funluk<\/td>\n<td width=\"102\">g\/cm3<\/td>\n<td width=\"142\">2.26<\/td>\n<\/tr>\n<tr>\n<td colspan=\"2\" width=\"181\">Musluk Yo\u011funlu\u011fu<\/td>\n<td width=\"102\">g\/cm3<\/td>\n<td width=\"142\">0.90<\/td>\n<\/tr>\n<tr>\n<td colspan=\"2\" width=\"181\">Y\u00fczey Alan\u0131<\/td>\n<td width=\"102\">m<sup>2<\/sup>\/g<\/td>\n<td width=\"142\">0.97<\/td>\n<\/tr>\n<tr>\n<td colspan=\"2\" width=\"181\">De\u015farj Kapasitesi<\/td>\n<td width=\"102\">mAh\/g<\/td>\n<td width=\"142\">357.9<\/td>\n<\/tr>\n<tr>\n<td colspan=\"2\" width=\"181\">\u0130lk De\u015farj Verimlili\u011fi<\/td>\n<td width=\"102\">%<\/td>\n<td width=\"142\">95.0<\/td>\n<\/tr>\n<tr>\n<td colspan=\"2\" width=\"181\">K\u00fcl \u0130\u00e7eri\u011fi<\/td>\n<td width=\"102\">%<\/td>\n<td width=\"142\">0.02<\/td>\n<\/tr>\n<\/tbody>\n<\/table>\n<p>&nbsp;<\/p>\n<h2>Anotlar i\u00e7in Neden Grafit Se\u00e7ilmeli?<\/h2>\n<p>Grafit, hem y\u0131\u011f\u0131n hem de y\u00fczey greftlerinin y\u00fcksek elektronik iletkenliklerinin yan\u0131 s\u0131ra d\u00f6ng\u00fc s\u0131ras\u0131nda Li-iyonlar\u0131n\u0131n (de)sokulmas\u0131n\u0131 i\u00e7eren interkalasyon\/deinterkalasyon s\u00fcre\u00e7leri boyunca elektrokimyasal kararl\u0131l\u0131\u011f\u0131 nedeniyle lityum-iyon pillerde en yayg\u0131n kullan\u0131lan anot malzemelerinden biri olarak bilinmektedir. Bu, lityum iyonlar\u0131n\u0131n grafit yap\u0131ya zarar vermeden doldurabilece\u011fi anlam\u0131na geldi\u011finden uzun \u00f6m\u00fcrl\u00fc piller i\u00e7in \u00f6nemlidir. Dahas\u0131, <a href=\"https:\/\/jinsuncarbon.com\/tr\/grafitin-kullanim-alanlari\/\">grafit<\/a> \u00e7elik veya ba\u015fka bir maddeye k\u0131yasla \u00e7ok daha az a\u011f\u0131rd\u0131r ve kimyasal olarak inerttir. Asl\u0131nda grafit anot di\u011fer inert elektrotlara tercih edilir.<\/p>\n<h3>\u0130letkenli\u011fin \u00d6nemi<\/h3>\n<p>Anot i\u00e7in grafit se\u00e7ilmesinin nedeni iyi bir iletken olmas\u0131d\u0131r; \u015farj veya de\u015farj i\u015flemi s\u0131ras\u0131nda elektronlar grafit i\u00e7inde serbest\u00e7e hareket edebilir. Bu da bataryan\u0131n \u015farj\u0131n\u0131 koruyarak ona ba\u011fl\u0131 olan her bir \u00e7er\u00e7eveye g\u00fc\u00e7 sa\u011flayacakt\u0131r. Bu \u00e7ok \u00f6nemlidir, \u00e7\u00fcnk\u00fc grafitin \u015fa\u015f\u0131rt\u0131c\u0131 iletkenli\u011fi olmadan bir batarya ger\u00e7ekten \u00e7al\u0131\u015famazd\u0131.<\/p>\n<h2>Lityum-\u0130yon Pillerde Grafit<\/h2>\n<p>Grafit anotlar lityum-iyon piller i\u00e7in vazge\u00e7ilmezdir. \u015earj olurken lityum iyonlar\u0131 grafit katmanlar aras\u0131na girer. Bo\u015fald\u0131klar\u0131nda katoda geri d\u00f6nerler ve bu hareket, cihazlar\u0131n\u0131za g\u00fc\u00e7 sa\u011flamak i\u00e7in kullan\u0131labilecek bir elektrik ak\u0131m\u0131 olu\u015fturur. Grafitin b\u00fcy\u00fck miktarlarda elektrik enerjisini geri d\u00f6n\u00fc\u015f\u00fcml\u00fc olarak depolayabilmesi, onu Li-ion pillerde elektri\u011fin depolanmas\u0131 ve serbest b\u0131rak\u0131lmas\u0131 i\u00e7in vazge\u00e7ilmez bir rezervuar haline getirmektedir.<\/p>\n<h2>Lityum-\u0130yon Batarya vs Grafit Batarya<\/h2>\n<p>Grafit pilleri lityum-iyon pillerden ay\u0131ran en \u00f6nemli fark anot malzemesinde yatmaktad\u0131r. Geleneksel pillerin aksine <a href=\"https:\/\/en.wikipedia.org\/wiki\/Lithium-ion_battery\" target=\"_blank\" rel=\"noopener\">lityum-iyon piller<\/a>baz\u0131 yeni teknolojiler anot malzemesi olarak silisyum (sadece grafit yerine) kullanmaktad\u0131r. Bu iki malzeme aras\u0131nda grafit \u00e7evrim \u00f6mr\u00fc a\u00e7\u0131s\u0131ndan, silikon ise potansiyel enerji yo\u011funlu\u011fu a\u00e7\u0131s\u0131ndan galip gelmektedir. Ancak sorun \u015fu ki, silikon anotlar \u015farj s\u0131ras\u0131nda k\u00f6t\u00fc bir \u015fi\u015fme yay\u0131yor ve bu da batarya paketlerinde \u00f6l\u00fcmc\u00fcl yap\u0131sal hasara yol a\u00e7\u0131yor. Yine de grafit, performans ve g\u00fcvenilirlik aras\u0131nda gidip gelen daha yayg\u0131n bir malzemedir.<\/p>\n<h2>Grafit Anot Elektroliz S\u00fcreci<\/h2>\n<p>Lityum-iyon pillerin \u015farj ve de\u015farj i\u015flemleri s\u0131ras\u0131nda grafit anotta elektrokimyasal bir reaksiyon meydana gelir. Anottaki h\u00fccresel seviyede pil, y\u00fckl\u00fc lityum iyonlar\u0131n\u0131n i\u00e7eriye ge\u00e7ti\u011fi ve grafitte yakaland\u0131\u011f\u0131 elektrolizle \u00e7al\u0131\u015f\u0131r. De\u015farj s\u0131ras\u0131nda iyonlar\u0131n serbest kalmas\u0131yla, bu iyonlar bir kez daha katoda akar ve enerji a\u00e7\u0131\u011fa \u00e7\u0131kar. Ayn\u0131 zamanda tersine \u00e7evrilebilir oldu\u011fundan, grafit anodunuza ciddi zarar vermeden \u00f6nce pili say\u0131s\u0131z kez \u015farj etmenize olanak tan\u0131r.<\/p>\n<h2>Grafit Anot ve Silikon Anot Kar\u015f\u0131la\u015ft\u0131rmas\u0131<\/h2>\n<p>Silikon anotlar\u0131n daha y\u00fcksek teorik kapasitesi (tipik grafit olanlara k\u0131yasla) bu malzemeye ilgi duyulmas\u0131n\u0131 sa\u011flam\u0131\u015ft\u0131r. Grafit yerine silikon kullan\u0131m\u0131, daha y\u00fcksek lityum iyon depolama kapasitesine sahip oldu\u011fu ve dolay\u0131s\u0131yla batarya enerji yo\u011funlu\u011funu art\u0131rabildi\u011fi i\u00e7in avantajl\u0131d\u0131r. Ancak silikonun \u00f6nemli bir dezavantaj\u0131 vard\u0131r: pil \u015farj olurken ve bo\u015fal\u0131rken \u00f6nemli \u00f6l\u00e7\u00fcde \u015fi\u015fer ve k\u00fc\u00e7\u00fcl\u00fcr. Bu oldu\u011funda anot \u015fi\u015fer, bu da tipik olarak \u00e7atlamas\u0131na ve nihayetinde ba\u015far\u0131s\u0131z olmas\u0131na neden olur. Buna kar\u015f\u0131l\u0131k grafit, bir\u00e7ok \u015farj-de\u015farj d\u00f6ng\u00fcs\u00fc boyunca yap\u0131s\u0131n\u0131 koruyabilir, bu da onu uzun vadeli bir uygulama i\u00e7in daha dayan\u0131kl\u0131 ve g\u00fcvenilir k\u0131lar. Silikon bazl\u0131 anotlar y\u00fcksek kapasiteli bataryalar\u0131n gelece\u011fi olabilirken, \u00e7o\u011fu uygulama hala eski g\u00fczel grafite dayanmaktad\u0131r.<\/p>\n<h2>Grafit Katot ve Anot<\/h2>\n<p>Bir lityum-iyon bataryada anot ve katot rolleri yer de\u011fi\u015ftirir. \u015earj s\u0131ras\u0131nda lityum iyonlar\u0131 anotta ya\u015farken, de\u015farj s\u0131ras\u0131nda katotta b\u0131rak\u0131l\u0131rlar. Pratikte anot, lityum interkalasyonuna ili\u015fkin kimyasal \u00f6zellikleri nedeniyle grafittir. Bunun yerine, di\u011fer malzemeler de kullan\u0131lmaktad\u0131r. <a href=\"https:\/\/jinsuncarbon.com\/tr\/urun\/katot-blogu\/\">katot<\/a> - \u00d6rne\u011fin lityum kobalt oksit veya demir fosfat - bu iyonlar\u0131 hem i\u00e7eri alma hem de geri yakalama konusunda daha iyidir. \u0130\u015fte bu y\u00fczden batarya i\u015flevini anlamland\u0131rmak i\u00e7in anot ve katotlar\u0131 kimliklerine g\u00f6re d\u00fc\u015f\u00fcnmek gerekir.<\/p>\n<h2>Grafit Anotlar\u0131n \u00dcretim S\u00fcreci<\/h2>\n<p>Birincisi, hammadde grafitin temizlenmesi ve a\u015fa\u011f\u0131daki gibi safs\u0131zl\u0131klar\u0131n giderilmesi gerekir <a href=\"https:\/\/en.wikipedia.org\/wiki\/Silicon\" target=\"_blank\" rel=\"noopener\">S\u0130L\u0130KON<\/a>demir veya oksijen \u00e7\u0131kar\u0131l\u0131r. Bir sonraki ad\u0131m, grafitin bir macun yapmak i\u00e7in ba\u011flay\u0131c\u0131larla kar\u0131\u015ft\u0131r\u0131lmas\u0131d\u0131r. Bu macun daha sonra ak\u0131m toplay\u0131c\u0131 g\u00f6revi g\u00f6ren bir bak\u0131r folyo \u00fczerine rulo \u015feklinde kaplan\u0131r. Bu malzeme daha sonra kurutulur ve dolgu tabakas\u0131 kapland\u0131ktan sonra her yerinde e\u015fit kal\u0131nl\u0131\u011fa sahip olmas\u0131n\u0131 sa\u011flayacak \u015fekilde s\u0131k\u0131\u015ft\u0131r\u0131l\u0131r. Anotlar, elektrokimyasal \u00f6zelliklerini kazanmalar\u0131 i\u00e7in y\u00fcksek s\u0131cakl\u0131klara kadar \u0131s\u0131t\u0131l\u0131r. Bunlar ihtiya\u00e7 duyulan \u015fekil ve boyutlarda kesilerek bataryalara dahil edilmek \u00fczere son haline getirilir.<\/p>\n<h2>Anot Neden \u00c7elikten De\u011fil de Grafitten Yap\u0131lm\u0131\u015ft\u0131r?<\/h2>\n<p>\u00c7elik malzemenin elektrik iletkenli\u011fi d\u00fc\u015f\u00fckt\u00fcr ve bu nedenle lityum \u00e7eli\u011fin i\u00e7ine kat\u0131lamaz. Bu da pil performans\u0131n\u0131 b\u00fcy\u00fck \u00f6l\u00e7\u00fcde d\u00fc\u015f\u00fcrecektir. \u00d6te yandan grafit \u00e7ok iyi bir iletkendir ve lityum iyon hareketini \u00e7ok fazla k\u0131r\u0131lma olmadan tolere edebilir. Grafit ayr\u0131ca hem a\u011f\u0131rl\u0131k hem de kimyasal stabilite\/korozyona kar\u015f\u0131 diren\u00e7 g\u00f6z \u00f6n\u00fcne al\u0131nd\u0131\u011f\u0131nda, \u00e7elik gibi malzemelere k\u0131yasla pil anotlar\u0131 i\u00e7in m\u00fckemmel bir adayd\u0131r.<\/p>\n<h2>Grafit Anot Uygulamalar\u0131<\/h2>\n<p>Grafit anotlar\u0131n sadece lityum-iyon piller d\u0131\u015f\u0131nda bir\u00e7ok amac\u0131 vard\u0131r. \u00d6rne\u011fin su elektrolizi gibi elektrokimyasal reaksiyonlarda kullan\u0131l\u0131rlar ve grafit kullanarak suyun hidrojen ve oksijene b\u00f6l\u00fcnmesine yard\u0131mc\u0131 olurlar. Grafit anotlar di\u011fer pil t\u00fcrlerinde (sodyum-iyon pil gibi) ve enerji depolamada da kullan\u0131l\u0131r. Sentetik grafit anot, yenilenebilir enerjiye ge\u00e7i\u015fte kullan\u0131lan kilit bir malzemedir \u00e7\u00fcnk\u00fc g\u00fcne\u015f ve r\u00fczgar gibi yenilenebilir kaynaklar\u0131n kesintili do\u011fas\u0131n\u0131 depolamam\u0131za olanak tan\u0131r.<\/p>","protected":false},"excerpt":{"rendered":"<p>Lityum-iyon gibi bir\u00e7ok pilin anot ad\u0131 verilen ve grafitten olu\u015fan koyu renkli bir kilit k\u0131sm\u0131 vard\u0131r. Anot, bu pillerde grafit bazl\u0131 olan negatif elektroda verilen isimdir. Lityum iyonlar\u0131 daha sonra siz onlar\u0131 cihaz\u0131n\u0131zda \u00e7al\u0131\u015ft\u0131rmaya haz\u0131r olana kadar katottan anoda gidip gelir. Grafit, pilin i\u00e7inde a\u015f\u0131nmadan binlerce kez \u015farj ve de\u015farj edilebildi\u011finden, bu i\u015f i\u00e7in m\u00fckemmel \u00f6zelliklerdir.<\/p>\n<p>Grafit anot \u00f6zellikleri:<\/p>\n<ul>\n<li>\u0130yi i\u015fleme performans\u0131<\/li>\n<li>Y\u00fcksek kapasite<\/li>\n<li>uzun \u00e7evrim \u00f6mr\u00fc<\/li>\n<li>Elektrolitlerle g\u00fc\u00e7l\u00fc uyumluluk<\/li>\n<li data-spm-anchor-id=\"a2700.details.0.i63.168335aaj1nDi4\">Uygun maliyetli<\/li>\n<\/ul>","protected":false},"featured_media":7137,"template":"","meta":[],"product_brand":[],"product_cat":[67],"product_tag":[],"class_list":{"0":"post-7115","1":"product","2":"type-product","3":"status-publish","4":"has-post-thumbnail","6":"product_cat-graphite-material","8":"first","9":"instock","10":"shipping-taxable","11":"product-type-simple"},"yoast_head":"<!-- This site is optimized with the Yoast SEO Premium plugin v19.2.1 (Yoast SEO v25.3) - https:\/\/yoast.com\/wordpress\/plugins\/seo\/ -->\n<title>Graphite Anode Manufacturer in China - Best Price | Jinsun Carbon<\/title>\n<meta name=\"description\" content=\"Graphite anode materials are used in lithium batteries as negative electrode materials for electrolysis, with high specific capacity and strong stability.\" \/>\n<meta name=\"robots\" content=\"index, follow, max-snippet:-1, max-image-preview:large, max-video-preview:-1\" \/>\n<link rel=\"canonical\" href=\"https:\/\/jinsuncarbon.com\/tr\/urun\/grafit-anot\/\" \/>\n<meta property=\"og:locale\" content=\"tr_TR\" \/>\n<meta property=\"og:type\" content=\"article\" \/>\n<meta property=\"og:title\" content=\"Graphite Anode\" \/>\n<meta property=\"og:description\" content=\"Graphite anode materials are used in lithium batteries as negative electrode materials for electrolysis, with high specific capacity and strong stability.\" \/>\n<meta property=\"og:url\" content=\"https:\/\/jinsuncarbon.com\/tr\/urun\/grafit-anot\/\" \/>\n<meta property=\"og:site_name\" content=\"Jinsun Carbon\" \/>\n<meta property=\"article:publisher\" content=\"https:\/\/www.facebook.com\/Graphite-Electrode-109336238661595\" \/>\n<meta property=\"article:modified_time\" content=\"2024-12-27T03:47:25+00:00\" \/>\n<meta property=\"og:image\" content=\"https:\/\/jinsuncarbon.com\/wp-content\/uploads\/2024\/12\/Graphite-anode.jpg\" \/>\n\t<meta property=\"og:image:width\" content=\"1024\" \/>\n\t<meta property=\"og:image:height\" content=\"763\" \/>\n\t<meta property=\"og:image:type\" content=\"image\/jpeg\" \/>\n<meta name=\"twitter:card\" content=\"summary_large_image\" \/>\n<meta name=\"twitter:site\" content=\"@jinsuncarbon_\" \/>\n<meta name=\"twitter:label1\" content=\"Tahmini okuma s\u00fcresi\" \/>\n\t<meta name=\"twitter:data1\" content=\"5 dakika\" \/>\n<script type=\"application\/ld+json\" class=\"yoast-schema-graph\">{\"@context\":\"https:\/\/schema.org\",\"@graph\":[{\"@type\":\"WebPage\",\"@id\":\"https:\/\/jinsuncarbon.com\/product\/graphite-anode\/\",\"url\":\"https:\/\/jinsuncarbon.com\/product\/graphite-anode\/\",\"name\":\"Graphite Anode Manufacturer in China - Best Price | Jinsun Carbon\",\"isPartOf\":{\"@id\":\"https:\/\/jinsuncarbon.com\/#website\"},\"primaryImageOfPage\":{\"@id\":\"https:\/\/jinsuncarbon.com\/product\/graphite-anode\/#primaryimage\"},\"image\":{\"@id\":\"https:\/\/jinsuncarbon.com\/product\/graphite-anode\/#primaryimage\"},\"thumbnailUrl\":\"https:\/\/jinsuncarbon.com\/wp-content\/uploads\/2024\/12\/Graphite-anode.jpg\",\"datePublished\":\"2024-12-27T03:17:39+00:00\",\"dateModified\":\"2024-12-27T03:47:25+00:00\",\"description\":\"Graphite anode materials are used in lithium batteries as negative electrode materials for electrolysis, with high specific capacity and strong stability.\",\"breadcrumb\":{\"@id\":\"https:\/\/jinsuncarbon.com\/product\/graphite-anode\/#breadcrumb\"},\"inLanguage\":\"tr\",\"potentialAction\":[{\"@type\":\"ReadAction\",\"target\":[\"https:\/\/jinsuncarbon.com\/product\/graphite-anode\/\"]}]},{\"@type\":\"ImageObject\",\"inLanguage\":\"tr\",\"@id\":\"https:\/\/jinsuncarbon.com\/product\/graphite-anode\/#primaryimage\",\"url\":\"https:\/\/jinsuncarbon.com\/wp-content\/uploads\/2024\/12\/Graphite-anode.jpg\",\"contentUrl\":\"https:\/\/jinsuncarbon.com\/wp-content\/uploads\/2024\/12\/Graphite-anode.jpg\",\"width\":1024,\"height\":763,\"caption\":\"Graphite anode\"},{\"@type\":\"BreadcrumbList\",\"@id\":\"https:\/\/jinsuncarbon.com\/product\/graphite-anode\/#breadcrumb\",\"itemListElement\":[{\"@type\":\"ListItem\",\"position\":1,\"name\":\"Home\",\"item\":\"https:\/\/jinsuncarbon.com\/\"},{\"@type\":\"ListItem\",\"position\":2,\"name\":\"Products\",\"item\":\"https:\/\/jinsuncarbon.com\/graphite-carbon\/\"},{\"@type\":\"ListItem\",\"position\":3,\"name\":\"Graphite Anode\"}]},{\"@type\":\"WebSite\",\"@id\":\"https:\/\/jinsuncarbon.com\/#website\",\"url\":\"https:\/\/jinsuncarbon.com\/\",\"name\":\"Jinsun Carbon\",\"description\":\"We are the successful graphite electrode manufacturer in China\",\"publisher\":{\"@id\":\"https:\/\/jinsuncarbon.com\/#organization\"},\"potentialAction\":[{\"@type\":\"SearchAction\",\"target\":{\"@type\":\"EntryPoint\",\"urlTemplate\":\"https:\/\/jinsuncarbon.com\/?s={search_term_string}\"},\"query-input\":{\"@type\":\"PropertyValueSpecification\",\"valueRequired\":true,\"valueName\":\"search_term_string\"}}],\"inLanguage\":\"tr\"},{\"@type\":\"Organization\",\"@id\":\"https:\/\/jinsuncarbon.com\/#organization\",\"name\":\"Jinsun Carbon\",\"alternateName\":\"Jinsun Carbon\",\"url\":\"https:\/\/jinsuncarbon.com\/\",\"logo\":{\"@type\":\"ImageObject\",\"inLanguage\":\"tr\",\"@id\":\"https:\/\/jinsuncarbon.com\/#\/schema\/logo\/image\/\",\"url\":\"https:\/\/jinsuncarbon.com\/wp-content\/uploads\/2022\/12\/LOGO-1.png\",\"contentUrl\":\"https:\/\/jinsuncarbon.com\/wp-content\/uploads\/2022\/12\/LOGO-1.png\",\"width\":207,\"height\":80,\"caption\":\"Jinsun Carbon\"},\"image\":{\"@id\":\"https:\/\/jinsuncarbon.com\/#\/schema\/logo\/image\/\"},\"sameAs\":[\"https:\/\/www.facebook.com\/Graphite-Electrode-109336238661595\",\"https:\/\/x.com\/jinsuncarbon_\",\"https:\/\/www.linkedin.com\/in\/jinsungraphite\",\"https:\/\/www.youtube.com\/channel\/UCysDNyvyR5-3cCWEmpkVC0g\"]}]}<\/script>\n<!-- \/ Yoast SEO Premium plugin. -->","yoast_head_json":{"title":"\u00c7in'de Grafit Anot \u00dcreticisi - En \u0130yi Fiyat | Jinsun Carbon","description":"Grafit anot malzemeleri, lityum pillerde elektroliz i\u00e7in negatif elektrot malzemeleri olarak kullan\u0131l\u0131r, y\u00fcksek \u00f6zg\u00fcl kapasiteye ve g\u00fc\u00e7l\u00fc stabiliteye sahiptir.","robots":{"index":"index","follow":"follow","max-snippet":"max-snippet:-1","max-image-preview":"max-image-preview:large","max-video-preview":"max-video-preview:-1"},"canonical":"https:\/\/jinsuncarbon.com\/tr\/urun\/grafit-anot\/","og_locale":"tr_TR","og_type":"article","og_title":"Graphite Anode","og_description":"Graphite anode materials are used in lithium batteries as negative electrode materials for electrolysis, with high specific capacity and strong stability.","og_url":"https:\/\/jinsuncarbon.com\/tr\/urun\/grafit-anot\/","og_site_name":"Jinsun Carbon","article_publisher":"https:\/\/www.facebook.com\/Graphite-Electrode-109336238661595","article_modified_time":"2024-12-27T03:47:25+00:00","og_image":[{"width":1024,"height":763,"url":"https:\/\/jinsuncarbon.com\/wp-content\/uploads\/2024\/12\/Graphite-anode.jpg","type":"image\/jpeg"}],"twitter_card":"summary_large_image","twitter_site":"@jinsuncarbon_","twitter_misc":{"Tahmini okuma s\u00fcresi":"5 dakika"},"schema":{"@context":"https:\/\/schema.org","@graph":[{"@type":"WebPage","@id":"https:\/\/jinsuncarbon.com\/product\/graphite-anode\/","url":"https:\/\/jinsuncarbon.com\/product\/graphite-anode\/","name":"\u00c7in'de Grafit Anot \u00dcreticisi - En \u0130yi Fiyat | Jinsun Carbon","isPartOf":{"@id":"https:\/\/jinsuncarbon.com\/#website"},"primaryImageOfPage":{"@id":"https:\/\/jinsuncarbon.com\/product\/graphite-anode\/#primaryimage"},"image":{"@id":"https:\/\/jinsuncarbon.com\/product\/graphite-anode\/#primaryimage"},"thumbnailUrl":"https:\/\/jinsuncarbon.com\/wp-content\/uploads\/2024\/12\/Graphite-anode.jpg","datePublished":"2024-12-27T03:17:39+00:00","dateModified":"2024-12-27T03:47:25+00:00","description":"Grafit anot malzemeleri, lityum pillerde elektroliz i\u00e7in negatif elektrot malzemeleri olarak kullan\u0131l\u0131r, y\u00fcksek \u00f6zg\u00fcl kapasiteye ve g\u00fc\u00e7l\u00fc stabiliteye sahiptir.","breadcrumb":{"@id":"https:\/\/jinsuncarbon.com\/product\/graphite-anode\/#breadcrumb"},"inLanguage":"tr","potentialAction":[{"@type":"ReadAction","target":["https:\/\/jinsuncarbon.com\/product\/graphite-anode\/"]}]},{"@type":"ImageObject","inLanguage":"tr","@id":"https:\/\/jinsuncarbon.com\/product\/graphite-anode\/#primaryimage","url":"https:\/\/jinsuncarbon.com\/wp-content\/uploads\/2024\/12\/Graphite-anode.jpg","contentUrl":"https:\/\/jinsuncarbon.com\/wp-content\/uploads\/2024\/12\/Graphite-anode.jpg","width":1024,"height":763,"caption":"Graphite anode"},{"@type":"BreadcrumbList","@id":"https:\/\/jinsuncarbon.com\/product\/graphite-anode\/#breadcrumb","itemListElement":[{"@type":"ListItem","position":1,"name":"Home","item":"https:\/\/jinsuncarbon.com\/"},{"@type":"ListItem","position":2,"name":"Products","item":"https:\/\/jinsuncarbon.com\/graphite-carbon\/"},{"@type":"ListItem","position":3,"name":"Graphite Anode"}]},{"@type":"WebSite","@id":"https:\/\/jinsuncarbon.com\/#website","url":"https:\/\/jinsuncarbon.com\/","name":"Jinsun Karbon","description":"\u00c7in'deki ba\u015far\u0131l\u0131 grafit elektrot \u00fcreticisiyiz","publisher":{"@id":"https:\/\/jinsuncarbon.com\/#organization"},"potentialAction":[{"@type":"SearchAction","target":{"@type":"EntryPoint","urlTemplate":"https:\/\/jinsuncarbon.com\/?s={search_term_string}"},"query-input":{"@type":"PropertyValueSpecification","valueRequired":true,"valueName":"search_term_string"}}],"inLanguage":"tr"},{"@type":"Organization","@id":"https:\/\/jinsuncarbon.com\/#organization","name":"Jinsun Karbon","alternateName":"Jinsun Carbon","url":"https:\/\/jinsuncarbon.com\/","logo":{"@type":"ImageObject","inLanguage":"tr","@id":"https:\/\/jinsuncarbon.com\/#\/schema\/logo\/image\/","url":"https:\/\/jinsuncarbon.com\/wp-content\/uploads\/2022\/12\/LOGO-1.png","contentUrl":"https:\/\/jinsuncarbon.com\/wp-content\/uploads\/2022\/12\/LOGO-1.png","width":207,"height":80,"caption":"Jinsun Carbon"},"image":{"@id":"https:\/\/jinsuncarbon.com\/#\/schema\/logo\/image\/"},"sameAs":["https:\/\/www.facebook.com\/Graphite-Electrode-109336238661595","https:\/\/x.com\/jinsuncarbon_","https:\/\/www.linkedin.com\/in\/jinsungraphite","https:\/\/www.youtube.com\/channel\/UCysDNyvyR5-3cCWEmpkVC0g"]}]}},"_links":{"self":[{"href":"https:\/\/jinsuncarbon.com\/tr\/wp-json\/wp\/v2\/product\/7115","targetHints":{"allow":["GET"]}}],"collection":[{"href":"https:\/\/jinsuncarbon.com\/tr\/wp-json\/wp\/v2\/product"}],"about":[{"href":"https:\/\/jinsuncarbon.com\/tr\/wp-json\/wp\/v2\/types\/product"}],"wp:featuredmedia":[{"embeddable":true,"href":"https:\/\/jinsuncarbon.com\/tr\/wp-json\/wp\/v2\/media\/7137"}],"wp:attachment":[{"href":"https:\/\/jinsuncarbon.com\/tr\/wp-json\/wp\/v2\/media?parent=7115"}],"wp:term":[{"taxonomy":"product_brand","embeddable":true,"href":"https:\/\/jinsuncarbon.com\/tr\/wp-json\/wp\/v2\/product_brand?post=7115"},{"taxonomy":"product_cat","embeddable":true,"href":"https:\/\/jinsuncarbon.com\/tr\/wp-json\/wp\/v2\/product_cat?post=7115"},{"taxonomy":"product_tag","embeddable":true,"href":"https:\/\/jinsuncarbon.com\/tr\/wp-json\/wp\/v2\/product_tag?post=7115"}],"curies":[{"name":"wp","href":"https:\/\/api.w.org\/{rel}","templated":true}]}}