{"id":7108,"date":"2024-12-22T11:48:17","date_gmt":"2024-12-22T11:48:17","guid":{"rendered":"https:\/\/jinsuncarbon.com\/?post_type=product&#038;p=7108"},"modified":"2024-12-22T11:48:52","modified_gmt":"2024-12-22T11:48:52","slug":"grafit-rotor","status":"publish","type":"product","link":"https:\/\/jinsuncarbon.com\/tr\/urun\/grafit-rotor\/","title":{"rendered":"Grafit Rotor"},"content":{"rendered":"<h2>Grafit Rotor ve \u015eaft<\/h2>\n<h3>Dayan\u0131kl\u0131l\u0131k<\/h3>\n<p>Grafit, zorlu atmosferlerdeki dayan\u0131kl\u0131l\u0131\u011f\u0131 ile bilinir. Do\u011fas\u0131 gere\u011fi a\u015f\u0131nmaya dayan\u0131kl\u0131 olan grafit rotorlar ve \u015faftlar, metal veya polimer rotor ve \u015faftlardan daha uzun \u00f6m\u00fcrl\u00fcd\u00fcr. S\u00fcrekli ta\u015flamaya, a\u015f\u0131nd\u0131r\u0131c\u0131l\u0131\u011fa ve zorlanmaya dayanabilmesi, a\u011f\u0131r i\u015f a\u015f\u0131nmas\u0131 gerektiren end\u00fcstriler i\u00e7in ideal bir se\u00e7im olmas\u0131n\u0131 sa\u011flar.<\/p>\n<h3>Korozyon Direnci<\/h3>\n<p>Grafitin bir di\u011fer \u015fa\u015f\u0131rt\u0131c\u0131 \u00f6zelli\u011fi de y\u00fcksek kaliteli korozyon direncidir. Grafit, metallerin aksine, nem, asitler veya kimyasallar mevcut oldu\u011funda korozyona u\u011framaz veya bozulmaz. Grafit rotorlar ve miller, a\u015f\u0131nd\u0131r\u0131c\u0131 maddelerin yayg\u0131n oldu\u011fu kimyasal i\u015fleme ve petrol rafinerileri gibi end\u00fcstrilerde kullan\u0131m i\u00e7in \u00f6zellikle uygundur.<\/p>\n<h3>Y\u00fcksek S\u0131cakl\u0131k Dayan\u0131m\u0131<\/h3>\n<p>Grafitin y\u00fcksek \u0131s\u0131 uygulamalar\u0131 i\u00e7in uygun olmas\u0131n\u0131n bir di\u011fer nedeni de y\u00fcksek s\u0131cakl\u0131klara dayan\u0131kl\u0131 olmas\u0131d\u0131r. Enerji \u00fcretiminden f\u0131r\u0131n operasyonlar\u0131ndaki makinelere kadar \u00e7e\u015fitli uygulamalarda kullan\u0131lan grafit, 3000\u00b0F'ye (1649\u00b0C) kadar olan s\u0131cakl\u0131klarda bozulma olmadan \u00e7al\u0131\u015fabilir. Rotor ve \u015faft, a\u015f\u0131r\u0131, y\u00fcksek \u0131s\u0131l\u0131 ortamlarda bozulmadan ve dolay\u0131s\u0131yla sabotaj olmadan dayanacakt\u0131r.<\/p>\n<h3>D\u00fc\u015f\u00fck S\u00fcrt\u00fcnme<\/h3>\n<p>Grafit do\u011fal olarak bir ya\u011flay\u0131c\u0131 g\u00f6revi g\u00f6r\u00fcr ve hareketli par\u00e7alar birbirine \u00e7arpt\u0131\u011f\u0131nda s\u00fcrt\u00fcnmeyi azalt\u0131r. Bu da daha az a\u015f\u0131nma ve y\u0131pranma, daha az enerji ve daha d\u00fc\u015f\u00fck \u00e7al\u0131\u015fma s\u0131cakl\u0131klar\u0131 anlam\u0131na gelir. D\u00fc\u015f\u00fck s\u00fcrt\u00fcnme ayr\u0131ca a\u015f\u0131r\u0131 \u0131s\u0131nmay\u0131 ve maliyetli, k\u00fclfetli vb. olabilecek ek ya\u011flama ihtiyac\u0131n\u0131 \u00f6nlemeye yard\u0131mc\u0131 olur.<\/p>\n<h3>Hafif<\/h3>\n<p>Grafit, \u00e7elik veya demir gibi metallerle k\u0131yasland\u0131\u011f\u0131nda hafif bir malzemedir. Ayr\u0131ca grafit rotorlar ve \u015faftlarla \u00e7al\u0131\u015fmay\u0131 kolayla\u015ft\u0131rarak makineler \u00fczerindeki y\u00fck\u00fc hafifletir. Grafit, elektrik motorlar\u0131nda ve hatta a\u011f\u0131rl\u0131\u011f\u0131n \u00f6nemli oldu\u011fu havac\u0131l\u0131k ekipmanlar\u0131nda kullan\u0131m i\u00e7in tam bir fayda sa\u011flar.<\/p>\n<h3>Elektriksel \u0130letkenlik<\/h3>\n<p>Siyah renkli en iyi iletkenlerden biri grafittir, bu da onu elektrik motoru veya elektrik jenerat\u00f6r\u00fc gibi elektrik direncinin sorun oldu\u011fu uygulamalar i\u00e7in kullan\u0131\u015fl\u0131 hale getirir. Grafit ayn\u0131 zamanda m\u00fckemmel bir elektrik iletkenidir, bu da onu enerjiyi verimli bir \u015fekilde aktarma kabiliyeti nedeniyle elektrik ve elektronik uygulamalarda kullan\u0131m i\u00e7in \u00e7ekici bir malzeme haline getirir.<\/p>\n<h3>\u00d6zelle\u015ftirme<\/h3>\n<p>Grafit rotorlar ve miller, bireysel uygulama gereksinimleri i\u00e7in \u00f6zelle\u015ftirilebilir. Bu \u00f6zellikler, farkl\u0131 makinelerin gereksinimlerini kar\u015f\u0131lamak \u00fczere uyarlanabilen boyut, \u015fekil ve malzeme bile\u015fimini i\u00e7erir. Grafit, hassas bir alet i\u00e7in k\u00fc\u00e7\u00fck bir \u015fafttan end\u00fcstriyel kullan\u0131m i\u00e7in ekipman \u00fczerindeki b\u00fcy\u00fck bir rotora kadar farkl\u0131 tasar\u0131mlara uygundur.<\/p>\n<h3>Grafit Rotor ve \u015eaft Uygulamalar\u0131<\/h3>\n<p>Kimyasal \u0130\u015fleme<\/p>\n<p>Kimyasal i\u015fleme end\u00fcstrisinde ekipmanlar d\u00fczenli olarak sert kimyasallar, \u00e7\u00f6z\u00fcc\u00fcler ve asitlerle temas eder. Korozyon direnci sayesinde pompa, mikser ve reakt\u00f6rlerdeki rotor ve \u015faftlar i\u00e7in tercih edilen malzeme olan grafit kullan\u0131m\u0131n\u0131n faydalar\u0131na harika bir \u00f6rnek. Bu bile\u015fenler, standart malzemeleri h\u0131zla a\u015f\u0131nd\u0131rabilecek ortamlarda tutarl\u0131 bir g\u00fcvenilirlik sunar.<\/p>\n<p>&nbsp;<\/p>\n<p>Al\u00fcminyum D\u00f6k\u00fcm<\/p>\n<p>Grafit rotor mili, end\u00fcstride al\u00fcminyum s\u0131v\u0131s\u0131n\u0131 kar\u0131\u015ft\u0131rmak i\u00e7in kullan\u0131lan \u00f6zel tasarlanm\u0131\u015f par\u00e7alard\u0131r. Bu par\u00e7alar genellikle d\u00f6k\u00fcm veya di\u011fer \u00fcretim s\u00fcre\u00e7leri s\u0131ras\u0131nda al\u00fcminyumun kar\u0131\u015ft\u0131r\u0131lmas\u0131 ve homojenle\u015ftirilmesi i\u00e7in gerekli olan erimi\u015f metal i\u015flemede kullan\u0131l\u0131r. Grafit, alternatif malzemelerin bozulaca\u011f\u0131 a\u015f\u0131r\u0131 ko\u015fullara dayanmas\u0131n\u0131 sa\u011flayan ola\u011fan\u00fcst\u00fc \u00f6zelliklerine g\u00f6re se\u00e7ilmi\u015ftir.<\/p>\n<p>\u00d6rne\u011fin, al\u00fcminyum i\u015flemede rotor ve \u015faft a\u015f\u0131r\u0131 \u0131s\u0131ya, a\u015f\u0131nmaya ve erimi\u015f al\u00fcminyumun korozif \u00f6zelli\u011fine dayanabilmelidir. <a href=\"https:\/\/en.wikipedia.org\/wiki\/Aluminium#:~:text=Aluminium%20(or%20aluminum%20in%20North,surface%20when%20exposed%20to%20air.\" target=\"_blank\" rel=\"noopener\">al\u00fcminyum<\/a>. Grafit bu ko\u015fullara diren\u00e7 g\u00f6sterir ve ekipman\u0131n uzun s\u00fcreler boyunca geli\u015fmeye devam etmesini sa\u011flar.<\/p>\n<p>&nbsp;<\/p>\n<h3>Grafit Rotor ve \u015eaft\u0131n \u00d6zellikleri<\/h3>\n<p>Malzeme Bile\u015fimi<\/p>\n<ul>\n<li>Saf Grafit - D\u00fczenli Uygulamalar i\u00e7in En \u0130yisi: Korozyona kar\u015f\u0131 diren\u00e7 ve \u0131s\u0131 tolerans\u0131 gerektiren d\u00fczenli uygulamalar.<\/li>\n<li>Emprenyeli Grafit: G\u00fc\u00e7 ve ek dayan\u0131kl\u0131l\u0131\u011f\u0131n gerekli oldu\u011fu a\u011f\u0131r hizmet uygulamalar\u0131 i\u00e7in. \u00d6zellikle, emdirilmi\u015f grafit \u00fcst\u00fcn a\u015f\u0131nma direncine sahiptir.<\/li>\n<li>Grafit-Karbon Kompozitler: Y\u00fcksek y\u00fck uygulamalar\u0131 i\u00e7in daha fazla g\u00fc\u00e7 ve dayan\u0131kl\u0131l\u0131k sa\u011flayan bu kar\u0131\u015f\u0131m, grafit ve <a href=\"https:\/\/jinsuncarbon.com\/tr\/urun\/karbon-karbon-kompozi%cc%87t\/\">karbon<\/a>.<\/li>\n<\/ul>\n<p>Boyutlar<\/p>\n<p>Grafit rotorlar ve miller, ekipman\u0131n\u0131za g\u00f6re uyarlanabilecek her boyutta ve \u00e7apta yap\u0131labilir. Motorlarda ve pompalarda kullan\u0131lan k\u00fc\u00e7\u00fck par\u00e7alardan end\u00fcstriyel makineler i\u00e7in b\u00fcy\u00fck par\u00e7alara kadar geni\u015f bir yelpazede de\u011fi\u015fen boyutlarda hassas par\u00e7alara ihtiya\u00e7 duyarlar.<\/p>\n<p>S\u0131cakl\u0131k Dayan\u0131m\u0131<\/p>\n<p>Tipine ba\u011fl\u0131 olarak grafit rotorlar ve miller, y\u00fcksek s\u0131cakl\u0131k ayarlar\u0131 i\u00e7in 3000\u00b0F'ye (1649\u00b0C) kadar normal \u00e7al\u0131\u015fma s\u0131cakl\u0131\u011f\u0131 limitlerine sahip olabilir.<\/p>\n<p>S\u00fcrt\u00fcnme Katsay\u0131s\u0131<\/p>\n<p>Grafitin do\u011fal ya\u011flama \u00f6zellikleri son derece d\u00fc\u015f\u00fck bir s\u00fcrt\u00fcnme katsay\u0131s\u0131 sa\u011flar. Bu da a\u015f\u0131nmay\u0131, \u0131s\u0131y\u0131 ve gereksiz enerji t\u00fcketimini azaltarak bu dinamik malzemeyi d\u00f6ner par\u00e7alar i\u00e7in son derece g\u00fc\u00e7 tasarruflu hale getirir.<\/p>\n<p>\u0130letkenlik<\/p>\n<p>Grafit iyi bir elektrik iletkeni oldu\u011fundan, elektrik motorlar\u0131, jenerat\u00f6rler ve di\u011fer elektrik sistemleri i\u00e7in uygun hale getirir. Kullan\u0131lan malzemenin s\u0131n\u0131f\u0131na ba\u011fl\u0131 olarak, de\u011fi\u015fen elektrik iletkenli\u011fi sergileyebilir.<\/p>\n<p>A\u011f\u0131rl\u0131k<\/p>\n<p><a href=\"https:\/\/jinsuncarbon.com\/tr\/grafitin-kullanim-alanlari\/\">Grafit<\/a> \u00e7elik veya demir gibi metallerden \u00e7ok daha hafiftir, bu da makinelerin ve bile\u015fenlerin toplam a\u011f\u0131rl\u0131\u011f\u0131n\u0131 azalt\u0131r. A\u015fa\u011f\u0131daki gibi uygulamalarda <a href=\"https:\/\/en.wikipedia.org\/wiki\/Aerospace\" target=\"_blank\" rel=\"noopener\">havac\u0131l\u0131k ve uzay<\/a> veya a\u011f\u0131rl\u0131\u011f\u0131n minimumda olmas\u0131 gereken elektrik motorlar\u0131nda bu durum \u00f6zellikle \u00f6nemli olabilir.<\/p>\n<p>Y\u00fck Kapasitesi<\/p>\n<p>Grafit kompozitler neredeyse her y\u00fck ta\u015f\u0131ma uygulamas\u0131na uyum sa\u011flayabilir. Kullan\u0131lan grafitin kalitesine ba\u011fl\u0131 olarak, bu bile\u015fenler hem hafif hem de a\u011f\u0131r hizmet sistemlerinde iyi performans g\u00f6sterebilir.<\/p>\n<p>&nbsp;<\/p>","protected":false},"excerpt":{"rendered":"<p>Grafit rotorlar ve \u015faftlar genellikle iyi y\u00fcksek s\u0131cakl\u0131k ve korozyon direncine sahip y\u00fcksek yo\u011funluklu, y\u00fcksek safl\u0131kta grafit malzemelerden yap\u0131l\u0131r. Esas olarak al\u00fcminyum eritmek i\u00e7in kullan\u0131l\u0131r ve i\u015flevi al\u00fcminyum s\u0131v\u0131s\u0131n\u0131 kar\u0131\u015ft\u0131rmak ve gaz\u0131n\u0131 almak, hidrojen ve safs\u0131zl\u0131klar\u0131 bo\u015faltmak ve d\u00f6k\u00fcm\u00fcn g\u00f6zeneklili\u011fini azaltmak, b\u00f6ylece al\u00fcminyum \u00fcr\u00fcnlerinin safl\u0131\u011f\u0131n\u0131 ve kalitesini art\u0131rmakt\u0131r. Kimyasal i\u015fleme, metal eritme ve d\u00f6k\u00fcm dahil olmak \u00fczere son derece y\u00fcksek hassasiyet ve dayan\u0131kl\u0131l\u0131k gerektiren end\u00fcstrilerde \u00f6zellikle pop\u00fclerdirler.<\/p>","protected":false},"featured_media":7109,"template":"","meta":[],"product_brand":[],"product_cat":[38],"product_tag":[],"class_list":{"0":"post-7108","1":"product","2":"type-product","3":"status-publish","4":"has-post-thumbnail","6":"product_cat-graphite-products","8":"first","9":"instock","10":"shipping-taxable","11":"product-type-simple"},"yoast_head":"<!-- This site is optimized with the Yoast SEO Premium plugin v19.2.1 (Yoast SEO v25.3) - https:\/\/yoast.com\/wordpress\/plugins\/seo\/ -->\n<title>Graphite Rotor for Aluminum Melting | Jinsun Carbon<\/title>\n<meta name=\"description\" content=\"The graphite rotor is composed of a rotor and a shaft in aluminum alloy smelting. It improves the purity of aluminum and aluminum alloy by stirring and degassing the aluminum liquid.\" \/>\n<meta name=\"robots\" content=\"index, follow, max-snippet:-1, max-image-preview:large, max-video-preview:-1\" \/>\n<link rel=\"canonical\" href=\"https:\/\/jinsuncarbon.com\/tr\/urun\/grafit-rotor\/\" \/>\n<meta property=\"og:locale\" content=\"tr_TR\" \/>\n<meta property=\"og:type\" content=\"article\" \/>\n<meta property=\"og:title\" content=\"Graphite Rotor\" \/>\n<meta property=\"og:description\" content=\"The graphite rotor is composed of a rotor and a shaft in aluminum alloy smelting. It improves the purity of aluminum and aluminum alloy by stirring and degassing the aluminum liquid.\" \/>\n<meta property=\"og:url\" content=\"https:\/\/jinsuncarbon.com\/tr\/urun\/grafit-rotor\/\" \/>\n<meta property=\"og:site_name\" content=\"Jinsun Carbon\" \/>\n<meta property=\"article:publisher\" content=\"https:\/\/www.facebook.com\/Graphite-Electrode-109336238661595\" \/>\n<meta property=\"article:modified_time\" content=\"2024-12-22T11:48:52+00:00\" \/>\n<meta property=\"og:image\" content=\"https:\/\/jinsuncarbon.com\/wp-content\/uploads\/2024\/12\/Graphite-Rotor-and-Shaft.jpg\" \/>\n\t<meta property=\"og:image:width\" content=\"1024\" \/>\n\t<meta property=\"og:image:height\" content=\"763\" \/>\n\t<meta property=\"og:image:type\" content=\"image\/jpeg\" \/>\n<meta name=\"twitter:card\" content=\"summary_large_image\" \/>\n<meta name=\"twitter:site\" content=\"@jinsuncarbon_\" \/>\n<meta name=\"twitter:label1\" content=\"Tahmini okuma s\u00fcresi\" \/>\n\t<meta name=\"twitter:data1\" content=\"4 dakika\" \/>\n<script type=\"application\/ld+json\" class=\"yoast-schema-graph\">{\"@context\":\"https:\/\/schema.org\",\"@graph\":[{\"@type\":\"WebPage\",\"@id\":\"https:\/\/jinsuncarbon.com\/product\/graphite-rotor\/\",\"url\":\"https:\/\/jinsuncarbon.com\/product\/graphite-rotor\/\",\"name\":\"Graphite Rotor for Aluminum Melting | Jinsun Carbon\",\"isPartOf\":{\"@id\":\"https:\/\/jinsuncarbon.com\/#website\"},\"primaryImageOfPage\":{\"@id\":\"https:\/\/jinsuncarbon.com\/product\/graphite-rotor\/#primaryimage\"},\"image\":{\"@id\":\"https:\/\/jinsuncarbon.com\/product\/graphite-rotor\/#primaryimage\"},\"thumbnailUrl\":\"https:\/\/jinsuncarbon.com\/wp-content\/uploads\/2024\/12\/Graphite-Rotor-and-Shaft.jpg\",\"datePublished\":\"2024-12-22T11:48:17+00:00\",\"dateModified\":\"2024-12-22T11:48:52+00:00\",\"description\":\"The graphite rotor is composed of a rotor and a shaft in aluminum alloy smelting. It improves the purity of aluminum and aluminum alloy by stirring and degassing the aluminum liquid.\",\"breadcrumb\":{\"@id\":\"https:\/\/jinsuncarbon.com\/product\/graphite-rotor\/#breadcrumb\"},\"inLanguage\":\"tr\",\"potentialAction\":[{\"@type\":\"ReadAction\",\"target\":[\"https:\/\/jinsuncarbon.com\/product\/graphite-rotor\/\"]}]},{\"@type\":\"ImageObject\",\"inLanguage\":\"tr\",\"@id\":\"https:\/\/jinsuncarbon.com\/product\/graphite-rotor\/#primaryimage\",\"url\":\"https:\/\/jinsuncarbon.com\/wp-content\/uploads\/2024\/12\/Graphite-Rotor-and-Shaft.jpg\",\"contentUrl\":\"https:\/\/jinsuncarbon.com\/wp-content\/uploads\/2024\/12\/Graphite-Rotor-and-Shaft.jpg\",\"width\":1024,\"height\":763,\"caption\":\"Graphite Rotor and Shaft\"},{\"@type\":\"BreadcrumbList\",\"@id\":\"https:\/\/jinsuncarbon.com\/product\/graphite-rotor\/#breadcrumb\",\"itemListElement\":[{\"@type\":\"ListItem\",\"position\":1,\"name\":\"Home\",\"item\":\"https:\/\/jinsuncarbon.com\/\"},{\"@type\":\"ListItem\",\"position\":2,\"name\":\"Products\",\"item\":\"https:\/\/jinsuncarbon.com\/graphite-carbon\/\"},{\"@type\":\"ListItem\",\"position\":3,\"name\":\"Graphite Rotor\"}]},{\"@type\":\"WebSite\",\"@id\":\"https:\/\/jinsuncarbon.com\/#website\",\"url\":\"https:\/\/jinsuncarbon.com\/\",\"name\":\"Jinsun Carbon\",\"description\":\"We are the successful graphite electrode manufacturer in China\",\"publisher\":{\"@id\":\"https:\/\/jinsuncarbon.com\/#organization\"},\"potentialAction\":[{\"@type\":\"SearchAction\",\"target\":{\"@type\":\"EntryPoint\",\"urlTemplate\":\"https:\/\/jinsuncarbon.com\/?s={search_term_string}\"},\"query-input\":{\"@type\":\"PropertyValueSpecification\",\"valueRequired\":true,\"valueName\":\"search_term_string\"}}],\"inLanguage\":\"tr\"},{\"@type\":\"Organization\",\"@id\":\"https:\/\/jinsuncarbon.com\/#organization\",\"name\":\"Jinsun Carbon\",\"alternateName\":\"Jinsun Carbon\",\"url\":\"https:\/\/jinsuncarbon.com\/\",\"logo\":{\"@type\":\"ImageObject\",\"inLanguage\":\"tr\",\"@id\":\"https:\/\/jinsuncarbon.com\/#\/schema\/logo\/image\/\",\"url\":\"https:\/\/jinsuncarbon.com\/wp-content\/uploads\/2022\/12\/LOGO-1.png\",\"contentUrl\":\"https:\/\/jinsuncarbon.com\/wp-content\/uploads\/2022\/12\/LOGO-1.png\",\"width\":207,\"height\":80,\"caption\":\"Jinsun Carbon\"},\"image\":{\"@id\":\"https:\/\/jinsuncarbon.com\/#\/schema\/logo\/image\/\"},\"sameAs\":[\"https:\/\/www.facebook.com\/Graphite-Electrode-109336238661595\",\"https:\/\/x.com\/jinsuncarbon_\",\"https:\/\/www.linkedin.com\/in\/jinsungraphite\",\"https:\/\/www.youtube.com\/channel\/UCysDNyvyR5-3cCWEmpkVC0g\"]}]}<\/script>\n<!-- \/ Yoast SEO Premium plugin. -->","yoast_head_json":{"title":"Al\u00fcminyum Eritme i\u00e7in Grafit Rotor | Jinsun Carbon","description":"Grafit rotor, al\u00fcminyum ala\u015f\u0131m eritme i\u015fleminde bir rotor ve bir \u015fafttan olu\u015fur. Al\u00fcminyum s\u0131v\u0131s\u0131n\u0131 kar\u0131\u015ft\u0131rarak ve gaz\u0131n\u0131 alarak al\u00fcminyum ve al\u00fcminyum ala\u015f\u0131m\u0131n\u0131n safl\u0131\u011f\u0131n\u0131 art\u0131r\u0131r.","robots":{"index":"index","follow":"follow","max-snippet":"max-snippet:-1","max-image-preview":"max-image-preview:large","max-video-preview":"max-video-preview:-1"},"canonical":"https:\/\/jinsuncarbon.com\/tr\/urun\/grafit-rotor\/","og_locale":"tr_TR","og_type":"article","og_title":"Graphite Rotor","og_description":"The graphite rotor is composed of a rotor and a shaft in aluminum alloy smelting. It improves the purity of aluminum and aluminum alloy by stirring and degassing the aluminum liquid.","og_url":"https:\/\/jinsuncarbon.com\/tr\/urun\/grafit-rotor\/","og_site_name":"Jinsun Carbon","article_publisher":"https:\/\/www.facebook.com\/Graphite-Electrode-109336238661595","article_modified_time":"2024-12-22T11:48:52+00:00","og_image":[{"width":1024,"height":763,"url":"https:\/\/jinsuncarbon.com\/wp-content\/uploads\/2024\/12\/Graphite-Rotor-and-Shaft.jpg","type":"image\/jpeg"}],"twitter_card":"summary_large_image","twitter_site":"@jinsuncarbon_","twitter_misc":{"Tahmini okuma s\u00fcresi":"4 dakika"},"schema":{"@context":"https:\/\/schema.org","@graph":[{"@type":"WebPage","@id":"https:\/\/jinsuncarbon.com\/product\/graphite-rotor\/","url":"https:\/\/jinsuncarbon.com\/product\/graphite-rotor\/","name":"Al\u00fcminyum Eritme i\u00e7in Grafit Rotor | Jinsun Carbon","isPartOf":{"@id":"https:\/\/jinsuncarbon.com\/#website"},"primaryImageOfPage":{"@id":"https:\/\/jinsuncarbon.com\/product\/graphite-rotor\/#primaryimage"},"image":{"@id":"https:\/\/jinsuncarbon.com\/product\/graphite-rotor\/#primaryimage"},"thumbnailUrl":"https:\/\/jinsuncarbon.com\/wp-content\/uploads\/2024\/12\/Graphite-Rotor-and-Shaft.jpg","datePublished":"2024-12-22T11:48:17+00:00","dateModified":"2024-12-22T11:48:52+00:00","description":"Grafit rotor, al\u00fcminyum ala\u015f\u0131m eritme i\u015fleminde bir rotor ve bir \u015fafttan olu\u015fur. Al\u00fcminyum s\u0131v\u0131s\u0131n\u0131 kar\u0131\u015ft\u0131rarak ve gaz\u0131n\u0131 alarak al\u00fcminyum ve al\u00fcminyum ala\u015f\u0131m\u0131n\u0131n safl\u0131\u011f\u0131n\u0131 art\u0131r\u0131r.","breadcrumb":{"@id":"https:\/\/jinsuncarbon.com\/product\/graphite-rotor\/#breadcrumb"},"inLanguage":"tr","potentialAction":[{"@type":"ReadAction","target":["https:\/\/jinsuncarbon.com\/product\/graphite-rotor\/"]}]},{"@type":"ImageObject","inLanguage":"tr","@id":"https:\/\/jinsuncarbon.com\/product\/graphite-rotor\/#primaryimage","url":"https:\/\/jinsuncarbon.com\/wp-content\/uploads\/2024\/12\/Graphite-Rotor-and-Shaft.jpg","contentUrl":"https:\/\/jinsuncarbon.com\/wp-content\/uploads\/2024\/12\/Graphite-Rotor-and-Shaft.jpg","width":1024,"height":763,"caption":"Graphite Rotor and Shaft"},{"@type":"BreadcrumbList","@id":"https:\/\/jinsuncarbon.com\/product\/graphite-rotor\/#breadcrumb","itemListElement":[{"@type":"ListItem","position":1,"name":"Home","item":"https:\/\/jinsuncarbon.com\/"},{"@type":"ListItem","position":2,"name":"Products","item":"https:\/\/jinsuncarbon.com\/graphite-carbon\/"},{"@type":"ListItem","position":3,"name":"Graphite Rotor"}]},{"@type":"WebSite","@id":"https:\/\/jinsuncarbon.com\/#website","url":"https:\/\/jinsuncarbon.com\/","name":"Jinsun Karbon","description":"\u00c7in'deki ba\u015far\u0131l\u0131 grafit elektrot \u00fcreticisiyiz","publisher":{"@id":"https:\/\/jinsuncarbon.com\/#organization"},"potentialAction":[{"@type":"SearchAction","target":{"@type":"EntryPoint","urlTemplate":"https:\/\/jinsuncarbon.com\/?s={search_term_string}"},"query-input":{"@type":"PropertyValueSpecification","valueRequired":true,"valueName":"search_term_string"}}],"inLanguage":"tr"},{"@type":"Organization","@id":"https:\/\/jinsuncarbon.com\/#organization","name":"Jinsun Karbon","alternateName":"Jinsun Carbon","url":"https:\/\/jinsuncarbon.com\/","logo":{"@type":"ImageObject","inLanguage":"tr","@id":"https:\/\/jinsuncarbon.com\/#\/schema\/logo\/image\/","url":"https:\/\/jinsuncarbon.com\/wp-content\/uploads\/2022\/12\/LOGO-1.png","contentUrl":"https:\/\/jinsuncarbon.com\/wp-content\/uploads\/2022\/12\/LOGO-1.png","width":207,"height":80,"caption":"Jinsun Carbon"},"image":{"@id":"https:\/\/jinsuncarbon.com\/#\/schema\/logo\/image\/"},"sameAs":["https:\/\/www.facebook.com\/Graphite-Electrode-109336238661595","https:\/\/x.com\/jinsuncarbon_","https:\/\/www.linkedin.com\/in\/jinsungraphite","https:\/\/www.youtube.com\/channel\/UCysDNyvyR5-3cCWEmpkVC0g"]}]}},"_links":{"self":[{"href":"https:\/\/jinsuncarbon.com\/tr\/wp-json\/wp\/v2\/product\/7108","targetHints":{"allow":["GET"]}}],"collection":[{"href":"https:\/\/jinsuncarbon.com\/tr\/wp-json\/wp\/v2\/product"}],"about":[{"href":"https:\/\/jinsuncarbon.com\/tr\/wp-json\/wp\/v2\/types\/product"}],"wp:featuredmedia":[{"embeddable":true,"href":"https:\/\/jinsuncarbon.com\/tr\/wp-json\/wp\/v2\/media\/7109"}],"wp:attachment":[{"href":"https:\/\/jinsuncarbon.com\/tr\/wp-json\/wp\/v2\/media?parent=7108"}],"wp:term":[{"taxonomy":"product_brand","embeddable":true,"href":"https:\/\/jinsuncarbon.com\/tr\/wp-json\/wp\/v2\/product_brand?post=7108"},{"taxonomy":"product_cat","embeddable":true,"href":"https:\/\/jinsuncarbon.com\/tr\/wp-json\/wp\/v2\/product_cat?post=7108"},{"taxonomy":"product_tag","embeddable":true,"href":"https:\/\/jinsuncarbon.com\/tr\/wp-json\/wp\/v2\/product_tag?post=7108"}],"curies":[{"name":"wp","href":"https:\/\/api.w.org\/{rel}","templated":true}]}}