{"id":7103,"date":"2024-12-21T15:21:24","date_gmt":"2024-12-21T15:21:24","guid":{"rendered":"https:\/\/jinsuncarbon.com\/?post_type=product&#038;p=7103"},"modified":"2024-12-21T23:29:04","modified_gmt":"2024-12-21T23:29:04","slug":"tokmaklama-macunu","status":"publish","type":"product","link":"https:\/\/jinsuncarbon.com\/tr\/urun\/tokmaklama-macunu\/","title":{"rendered":"Tokmaklama Macunu"},"content":{"rendered":"<p class=\"ql-align-justify\">Tokmaklama macunu temel olarak a\u015fa\u011f\u0131daki kategorileri i\u00e7erir.<\/p>\n<h3 class=\"ql-align-justify\">So\u011fuk tokmaklama macunu<\/h3>\n<p class=\"ql-align-justify\">Oda s\u0131cakl\u0131\u011f\u0131nda s\u0131k\u0131\u015ft\u0131rabilirsiniz, in\u015faat kolayl\u0131\u011f\u0131, ek \u0131s\u0131tma ekipman\u0131 yok. \u0130n\u015faat maliyetlerini ve enerji t\u00fcketimini etkili bir \u015fekilde azaltabilir. Kavurmadan \u00f6nce belirli bir plastikli\u011fe sahiptir, katot karbon blo\u011fu aras\u0131ndaki bo\u015flu\u011fu daha iyi doldurabilir. Ve katot karbon blo\u011fu ile sa\u011flam bir ba\u011f olu\u015fturur. <a href=\"https:\/\/jinsuncarbon.com\/tr\/urun\/karbon-bloklar\/\">karbon blok<\/a> sonraki kavurma i\u015fleminde. Katot yap\u0131s\u0131n\u0131n b\u00fct\u00fcnl\u00fc\u011f\u00fcn\u00fc ve elektrik iletkenli\u011fini sa\u011flamak i\u00e7in. \u0130n\u015faat ko\u015fullar\u0131 veya s\u0131n\u0131rl\u0131 enerji kayna\u011f\u0131 i\u00e7in \u00f6zel gereksinimleri olan elektrolitik al\u00fcminyum tesisleri i\u00e7in uygundur. \u00d6zellikle k\u00fc\u00e7\u00fck elektrolitik h\u00fccrelerin yap\u0131m\u0131 ve bak\u0131m\u0131.<\/p>\n<h3 class=\"ql-align-justify\">S\u0131cak damgalama macunu<\/h3>\n<p class=\"ql-align-justify\">S\u0131k\u0131\u015ft\u0131rma i\u015flemini, genellikle yakla\u015f\u0131k 100\u00b0C'ye kadar \u0131s\u0131t\u0131lan daha y\u00fcksek bir s\u0131cakl\u0131kta ger\u00e7ekle\u015ftirmeniz gerekir. Bu ko\u015ful alt\u0131nda, ak\u0131\u015fkanl\u0131\u011f\u0131 ve yap\u0131\u015fkanl\u0131\u011f\u0131 artar. Ve katot karbon blo\u011funun bo\u015fluklar\u0131n\u0131 ve g\u00f6zeneklerini daha yak\u0131ndan doldurarak daha yo\u011fun bir katot yap\u0131s\u0131 olu\u015fturabilir. B\u00f6ylece daha iyi iletkenlik ve erozyon direncine sahip olur. Bu, b\u00fcy\u00fck \u00f6l\u00e7ekli ve verimli modern al\u00fcminyum elektrolitik h\u00fccre yap\u0131m\u0131 i\u00e7in uygundur. Elektrolitik h\u00fccrenin genel performans\u0131n\u0131 ve \u00fcretim verimlili\u011fini art\u0131rmaya yard\u0131mc\u0131 olur. Ancak in\u015faat ortam\u0131 ve \u0131s\u0131tma ekipman\u0131 i\u00e7in y\u00fcksek gereksinimleri vard\u0131r ve in\u015faat maliyeti nispeten y\u00fcksektir.<\/p>\n<h2 class=\"ql-align-justify\">Avantajlar<\/h2>\n<p class=\"ql-align-justify\"><strong>\u0130yi elektrik iletkenli\u011fi<\/strong><\/p>\n<p class=\"ql-align-justify\">Elektrolitik h\u00fccrede d\u00fczg\u00fcn elektrokimyasal reaksiyonu sa\u011flamak i\u00e7in ak\u0131m\u0131 etkili bir \u015fekilde iletebilir.<\/p>\n<p class=\"ql-align-justify\"><strong>Y\u00fcksek s\u0131cakl\u0131k dayan\u0131m\u0131<\/strong><\/p>\n<p class=\"ql-align-justify\">Al\u00fcminyum elektrolizinin y\u00fcksek s\u0131cakl\u0131k ortam\u0131nda (yakla\u015f\u0131k 950-970 \u00b0C) uzun s\u00fcre kararl\u0131 bir \u015fekilde \u00e7al\u0131\u015fabilir. Bu, katot yap\u0131s\u0131n\u0131n b\u00fct\u00fcnl\u00fc\u011f\u00fcn\u00fc korur.<\/p>\n<p class=\"ql-align-justify\"><strong>Katot karbon blo\u011fu ile iyi yap\u0131\u015fma<\/strong><\/p>\n<p class=\"ql-align-justify\">Elektrolit n\u00fcfuzunu \u00f6nlemek i\u00e7in yak\u0131ndan birle\u015ftirilebilir, b\u00f6ylece katodun hizmet \u00f6mr\u00fc uzat\u0131labilir.<\/p>\n<p class=\"ql-align-justify\">Buna ek olarak, s\u0131k\u0131\u015ft\u0131rma macununu \u00fcretim s\u00fcrecinde farkl\u0131 elektrolitik h\u00fccre tasar\u0131m\u0131na ve proses gereksinimlerine g\u00f6re \u00f6zelle\u015ftirebiliriz. Farkl\u0131 \u00fcretim ihtiya\u00e7lar\u0131n\u0131 kar\u015f\u0131lamak ve al\u00fcminyum elektrolitik \u00fcretiminin istikrar\u0131n\u0131 ve verimlili\u011fini sa\u011flamak i\u00e7in.<\/p>\n<h2 class=\"ql-align-justify\">Tokmaklama macununun kullan\u0131m alanlar\u0131<\/h2>\n<p class=\"ql-align-justify\">Tokmaklama macunu al\u00fcminyum elektroliz end\u00fcstrisinde yayg\u0131n olarak kullan\u0131lmaktad\u0131r.<\/p>\n<p class=\"ql-align-justify\">Al\u00fcminyum elektrolitik h\u00fccrenin montaj s\u00fcrecinde, so\u011fuk tokmaklama macunu veya s\u0131cak tokmaklama macunu, elektrolitik h\u00fccrenin bo\u015flu\u011funa do\u011fru bir \u015fekilde doldurulacakt\u0131r. <a href=\"https:\/\/jinsuncarbon.com\/tr\/urun\/katot-blogu\/\">katot karbon blo\u011fu<\/a> ger\u00e7ek duruma g\u00f6re. Kavurma ve k\u00fcrlemeden sonra, al\u00fcminyum iyonlar\u0131n\u0131n indirgenme reaksiyonu i\u00e7in bir elektron ta\u015f\u0131ma yolu olu\u015fturmak \u00fczere m\u00fckemmel performansa sahip eksiksiz bir iletken katot taban\u0131 in\u015fa edilecektir. Ve kararl\u0131 ve verimli elektrolitik reaksiyon sa\u011flar.<\/p>\n<p class=\"ql-align-justify\">Ayn\u0131 zamanda, arac\u0131n yan yap\u0131s\u0131n\u0131 etkili bir \u015fekilde korumak i\u00e7in yan taraftaki tokmaklama macununu kullanabilirsiniz. <a href=\"https:\/\/en.wikipedia.org\/wiki\/Electrolytic_cell\" target=\"_blank\" rel=\"noopener\">elektrolitik h\u00fccre<\/a>. Ve y\u00fcksek s\u0131cakl\u0131ktaki elektrolitin erozyonuna ve <a href=\"https:\/\/en.wikipedia.org\/wiki\/Aluminium#:~:text=Aluminium%20(or%20aluminum%20in%20North,surface%20when%20exposed%20to%20air.\" target=\"_blank\" rel=\"noopener\">al\u00fcminyum<\/a> S\u0131v\u0131. Elektrolitik h\u00fccrenin \u0131s\u0131 dengesini ve astar\u0131n kararl\u0131 durumunu koruyun, \u0131s\u0131 kayb\u0131n\u0131 azalt\u0131n. Elektrolitik \u00fcretimin ekonomik faydalar\u0131n\u0131 ve g\u00fcvenli\u011fini art\u0131r\u0131r.<\/p>\n<p class=\"ql-align-justify\">Buna ek olarak, kendi \u00f6zelliklerine sahip farkl\u0131 tokmaklama macunu t\u00fcrleri, sadece yeni elektrolitik h\u00fccrelerin ilk yap\u0131m\u0131nda de\u011fil, ayn\u0131 zamanda eski elektrolitik h\u00fccrelerin bak\u0131m\u0131nda ve yenilenmesinde de kullan\u0131l\u0131r. Al\u00fcminyum end\u00fcstrisinin s\u00fcrd\u00fcr\u00fclebilir ve istikrarl\u0131 geli\u015fimi i\u00e7in sa\u011flam bir temel atmak. Bu, al\u00fcminyum elektroliz \u00fcretimindeki temel malzemedir.<\/p>","protected":false},"excerpt":{"rendered":"<p>S\u0131k\u0131\u015ft\u0131rma macunu, s\u0131k\u0131\u015ft\u0131rma macunu olarak da bilinen bir t\u00fcr karbon macunudur, iki t\u00fcr\u00fc vard\u0131r: so\u011fuk s\u0131k\u0131\u015ft\u0131rma macunu ve s\u0131cak s\u0131k\u0131\u015ft\u0131rma macunu. Esas olarak al\u00fcminyum elektrolitik h\u00fccrelerde katot karbon bloklar\u0131n\u0131n d\u00f6\u015fenmesi, katot bo\u015fluklar\u0131n\u0131n doldurulmas\u0131, katot \u00e7elik \u00e7ubuklar\u0131n\u0131n yap\u0131\u015ft\u0131r\u0131lmas\u0131 vb. i\u00e7in kullan\u0131l\u0131r. Tokmaklama macunu antrasit, kok, grafit, asfalt ve di\u011fer hammaddelerden belirli bir oranda yap\u0131l\u0131r. M\u00fckemmel elektriksel ve termal iletkenli\u011fe, d\u00fc\u015f\u00fck k\u00fcl i\u00e7eri\u011fine, al\u00fcminyum s\u0131v\u0131 ve elektrolit korozyonuna kar\u015f\u0131 dirence ve iyi sinterleme performans\u0131na sahiptir. Bu nedenle, al\u00fcminyum elektrolitik h\u00fccrelerin performans\u0131n\u0131 art\u0131rabilir ve hizmet \u00f6m\u00fcrlerini uzatabilir. Ve s\u00fcrekli ve verimli elektrolitik reaksiyonu sa\u011flar.<\/p>\n<p class=\"ql-align-justify\">","protected":false},"featured_media":7104,"template":"","meta":[],"product_brand":[],"product_cat":[39],"product_tag":[],"class_list":{"0":"post-7103","1":"product","2":"type-product","3":"status-publish","4":"has-post-thumbnail","6":"product_cat-carbon-products","8":"first","9":"instock","10":"shipping-taxable","11":"product-type-simple"},"yoast_head":"<!-- This site is optimized with the Yoast SEO Premium plugin v19.2.1 (Yoast SEO v25.3) - https:\/\/yoast.com\/wordpress\/plugins\/seo\/ -->\n<title>Ramming Paste | Jinsun Carbon<\/title>\n<meta name=\"description\" content=\"Ramming paste is a kind of carbon paste, also known as tamping paste, which is mainly used for laying cathode carbon blocks, filling cathode gaps, bonding cathode steel bars, etc. in aluminum electrolytic cells.\" \/>\n<meta name=\"robots\" content=\"index, follow, max-snippet:-1, max-image-preview:large, max-video-preview:-1\" \/>\n<link rel=\"canonical\" href=\"https:\/\/jinsuncarbon.com\/tr\/urun\/tokmaklama-macunu\/\" \/>\n<meta property=\"og:locale\" content=\"tr_TR\" \/>\n<meta property=\"og:type\" content=\"article\" \/>\n<meta property=\"og:title\" content=\"Ramming Paste\" \/>\n<meta property=\"og:description\" content=\"Ramming paste is a kind of carbon paste, also known as tamping paste, which is mainly used for laying cathode carbon blocks, filling cathode gaps, bonding cathode steel bars, etc. in aluminum electrolytic cells.\" \/>\n<meta property=\"og:url\" content=\"https:\/\/jinsuncarbon.com\/tr\/urun\/tokmaklama-macunu\/\" \/>\n<meta property=\"og:site_name\" content=\"Jinsun Carbon\" \/>\n<meta property=\"article:publisher\" content=\"https:\/\/www.facebook.com\/Graphite-Electrode-109336238661595\" \/>\n<meta property=\"article:modified_time\" content=\"2024-12-21T23:29:04+00:00\" \/>\n<meta property=\"og:image\" content=\"https:\/\/jinsuncarbon.com\/wp-content\/uploads\/2024\/12\/Ramming-Paste-.jpg\" \/>\n\t<meta property=\"og:image:width\" content=\"1024\" \/>\n\t<meta property=\"og:image:height\" content=\"763\" \/>\n\t<meta property=\"og:image:type\" content=\"image\/jpeg\" \/>\n<meta name=\"twitter:card\" content=\"summary_large_image\" \/>\n<meta name=\"twitter:site\" content=\"@jinsuncarbon_\" \/>\n<meta name=\"twitter:label1\" content=\"Tahmini okuma s\u00fcresi\" \/>\n\t<meta name=\"twitter:data1\" content=\"3 dakika\" \/>\n<script type=\"application\/ld+json\" class=\"yoast-schema-graph\">{\"@context\":\"https:\/\/schema.org\",\"@graph\":[{\"@type\":\"WebPage\",\"@id\":\"https:\/\/jinsuncarbon.com\/product\/ramming-paste\/\",\"url\":\"https:\/\/jinsuncarbon.com\/product\/ramming-paste\/\",\"name\":\"Ramming Paste | Jinsun Carbon\",\"isPartOf\":{\"@id\":\"https:\/\/jinsuncarbon.com\/#website\"},\"primaryImageOfPage\":{\"@id\":\"https:\/\/jinsuncarbon.com\/product\/ramming-paste\/#primaryimage\"},\"image\":{\"@id\":\"https:\/\/jinsuncarbon.com\/product\/ramming-paste\/#primaryimage\"},\"thumbnailUrl\":\"https:\/\/jinsuncarbon.com\/wp-content\/uploads\/2024\/12\/Ramming-Paste-.jpg\",\"datePublished\":\"2024-12-21T15:21:24+00:00\",\"dateModified\":\"2024-12-21T23:29:04+00:00\",\"description\":\"Ramming paste is a kind of carbon paste, also known as tamping paste, which is mainly used for laying cathode carbon blocks, filling cathode gaps, bonding cathode steel bars, etc. in aluminum electrolytic cells.\",\"breadcrumb\":{\"@id\":\"https:\/\/jinsuncarbon.com\/product\/ramming-paste\/#breadcrumb\"},\"inLanguage\":\"tr\",\"potentialAction\":[{\"@type\":\"ReadAction\",\"target\":[\"https:\/\/jinsuncarbon.com\/product\/ramming-paste\/\"]}]},{\"@type\":\"ImageObject\",\"inLanguage\":\"tr\",\"@id\":\"https:\/\/jinsuncarbon.com\/product\/ramming-paste\/#primaryimage\",\"url\":\"https:\/\/jinsuncarbon.com\/wp-content\/uploads\/2024\/12\/Ramming-Paste-.jpg\",\"contentUrl\":\"https:\/\/jinsuncarbon.com\/wp-content\/uploads\/2024\/12\/Ramming-Paste-.jpg\",\"width\":1024,\"height\":763,\"caption\":\"Ramming Paste\"},{\"@type\":\"BreadcrumbList\",\"@id\":\"https:\/\/jinsuncarbon.com\/product\/ramming-paste\/#breadcrumb\",\"itemListElement\":[{\"@type\":\"ListItem\",\"position\":1,\"name\":\"Home\",\"item\":\"https:\/\/jinsuncarbon.com\/\"},{\"@type\":\"ListItem\",\"position\":2,\"name\":\"Products\",\"item\":\"https:\/\/jinsuncarbon.com\/graphite-carbon\/\"},{\"@type\":\"ListItem\",\"position\":3,\"name\":\"Ramming Paste\"}]},{\"@type\":\"WebSite\",\"@id\":\"https:\/\/jinsuncarbon.com\/#website\",\"url\":\"https:\/\/jinsuncarbon.com\/\",\"name\":\"Jinsun Carbon\",\"description\":\"We are the successful graphite electrode manufacturer in China\",\"publisher\":{\"@id\":\"https:\/\/jinsuncarbon.com\/#organization\"},\"potentialAction\":[{\"@type\":\"SearchAction\",\"target\":{\"@type\":\"EntryPoint\",\"urlTemplate\":\"https:\/\/jinsuncarbon.com\/?s={search_term_string}\"},\"query-input\":{\"@type\":\"PropertyValueSpecification\",\"valueRequired\":true,\"valueName\":\"search_term_string\"}}],\"inLanguage\":\"tr\"},{\"@type\":\"Organization\",\"@id\":\"https:\/\/jinsuncarbon.com\/#organization\",\"name\":\"Jinsun Carbon\",\"alternateName\":\"Jinsun Carbon\",\"url\":\"https:\/\/jinsuncarbon.com\/\",\"logo\":{\"@type\":\"ImageObject\",\"inLanguage\":\"tr\",\"@id\":\"https:\/\/jinsuncarbon.com\/#\/schema\/logo\/image\/\",\"url\":\"https:\/\/jinsuncarbon.com\/wp-content\/uploads\/2022\/12\/LOGO-1.png\",\"contentUrl\":\"https:\/\/jinsuncarbon.com\/wp-content\/uploads\/2022\/12\/LOGO-1.png\",\"width\":207,\"height\":80,\"caption\":\"Jinsun Carbon\"},\"image\":{\"@id\":\"https:\/\/jinsuncarbon.com\/#\/schema\/logo\/image\/\"},\"sameAs\":[\"https:\/\/www.facebook.com\/Graphite-Electrode-109336238661595\",\"https:\/\/x.com\/jinsuncarbon_\",\"https:\/\/www.linkedin.com\/in\/jinsungraphite\",\"https:\/\/www.youtube.com\/channel\/UCysDNyvyR5-3cCWEmpkVC0g\"]}]}<\/script>\n<!-- \/ Yoast SEO Premium plugin. -->","yoast_head_json":{"title":"Tokmaklama Macunu | Jinsun Carbon","description":"Tokmaklama macunu, esas olarak al\u00fcminyum elektrolitik h\u00fccrelerde katot karbon bloklar\u0131n\u0131n d\u00f6\u015fenmesi, katot bo\u015fluklar\u0131n\u0131n doldurulmas\u0131, katot \u00e7elik \u00e7ubuklar\u0131n\u0131n yap\u0131\u015ft\u0131r\u0131lmas\u0131 vb. i\u00e7in kullan\u0131lan, s\u0131k\u0131\u015ft\u0131rma macunu olarak da bilinen bir t\u00fcr karbon macunudur.","robots":{"index":"index","follow":"follow","max-snippet":"max-snippet:-1","max-image-preview":"max-image-preview:large","max-video-preview":"max-video-preview:-1"},"canonical":"https:\/\/jinsuncarbon.com\/tr\/urun\/tokmaklama-macunu\/","og_locale":"tr_TR","og_type":"article","og_title":"Ramming Paste","og_description":"Ramming paste is a kind of carbon paste, also known as tamping paste, which is mainly used for laying cathode carbon blocks, filling cathode gaps, bonding cathode steel bars, etc. in aluminum electrolytic cells.","og_url":"https:\/\/jinsuncarbon.com\/tr\/urun\/tokmaklama-macunu\/","og_site_name":"Jinsun Carbon","article_publisher":"https:\/\/www.facebook.com\/Graphite-Electrode-109336238661595","article_modified_time":"2024-12-21T23:29:04+00:00","og_image":[{"width":1024,"height":763,"url":"https:\/\/jinsuncarbon.com\/wp-content\/uploads\/2024\/12\/Ramming-Paste-.jpg","type":"image\/jpeg"}],"twitter_card":"summary_large_image","twitter_site":"@jinsuncarbon_","twitter_misc":{"Tahmini okuma s\u00fcresi":"3 dakika"},"schema":{"@context":"https:\/\/schema.org","@graph":[{"@type":"WebPage","@id":"https:\/\/jinsuncarbon.com\/product\/ramming-paste\/","url":"https:\/\/jinsuncarbon.com\/product\/ramming-paste\/","name":"Tokmaklama Macunu | Jinsun Carbon","isPartOf":{"@id":"https:\/\/jinsuncarbon.com\/#website"},"primaryImageOfPage":{"@id":"https:\/\/jinsuncarbon.com\/product\/ramming-paste\/#primaryimage"},"image":{"@id":"https:\/\/jinsuncarbon.com\/product\/ramming-paste\/#primaryimage"},"thumbnailUrl":"https:\/\/jinsuncarbon.com\/wp-content\/uploads\/2024\/12\/Ramming-Paste-.jpg","datePublished":"2024-12-21T15:21:24+00:00","dateModified":"2024-12-21T23:29:04+00:00","description":"Tokmaklama macunu, esas olarak al\u00fcminyum elektrolitik h\u00fccrelerde katot karbon bloklar\u0131n\u0131n d\u00f6\u015fenmesi, katot bo\u015fluklar\u0131n\u0131n doldurulmas\u0131, katot \u00e7elik \u00e7ubuklar\u0131n\u0131n yap\u0131\u015ft\u0131r\u0131lmas\u0131 vb. i\u00e7in kullan\u0131lan, s\u0131k\u0131\u015ft\u0131rma macunu olarak da bilinen bir t\u00fcr karbon macunudur.","breadcrumb":{"@id":"https:\/\/jinsuncarbon.com\/product\/ramming-paste\/#breadcrumb"},"inLanguage":"tr","potentialAction":[{"@type":"ReadAction","target":["https:\/\/jinsuncarbon.com\/product\/ramming-paste\/"]}]},{"@type":"ImageObject","inLanguage":"tr","@id":"https:\/\/jinsuncarbon.com\/product\/ramming-paste\/#primaryimage","url":"https:\/\/jinsuncarbon.com\/wp-content\/uploads\/2024\/12\/Ramming-Paste-.jpg","contentUrl":"https:\/\/jinsuncarbon.com\/wp-content\/uploads\/2024\/12\/Ramming-Paste-.jpg","width":1024,"height":763,"caption":"Ramming Paste"},{"@type":"BreadcrumbList","@id":"https:\/\/jinsuncarbon.com\/product\/ramming-paste\/#breadcrumb","itemListElement":[{"@type":"ListItem","position":1,"name":"Home","item":"https:\/\/jinsuncarbon.com\/"},{"@type":"ListItem","position":2,"name":"Products","item":"https:\/\/jinsuncarbon.com\/graphite-carbon\/"},{"@type":"ListItem","position":3,"name":"Ramming Paste"}]},{"@type":"WebSite","@id":"https:\/\/jinsuncarbon.com\/#website","url":"https:\/\/jinsuncarbon.com\/","name":"Jinsun Karbon","description":"\u00c7in'deki ba\u015far\u0131l\u0131 grafit elektrot \u00fcreticisiyiz","publisher":{"@id":"https:\/\/jinsuncarbon.com\/#organization"},"potentialAction":[{"@type":"SearchAction","target":{"@type":"EntryPoint","urlTemplate":"https:\/\/jinsuncarbon.com\/?s={search_term_string}"},"query-input":{"@type":"PropertyValueSpecification","valueRequired":true,"valueName":"search_term_string"}}],"inLanguage":"tr"},{"@type":"Organization","@id":"https:\/\/jinsuncarbon.com\/#organization","name":"Jinsun Karbon","alternateName":"Jinsun Carbon","url":"https:\/\/jinsuncarbon.com\/","logo":{"@type":"ImageObject","inLanguage":"tr","@id":"https:\/\/jinsuncarbon.com\/#\/schema\/logo\/image\/","url":"https:\/\/jinsuncarbon.com\/wp-content\/uploads\/2022\/12\/LOGO-1.png","contentUrl":"https:\/\/jinsuncarbon.com\/wp-content\/uploads\/2022\/12\/LOGO-1.png","width":207,"height":80,"caption":"Jinsun Carbon"},"image":{"@id":"https:\/\/jinsuncarbon.com\/#\/schema\/logo\/image\/"},"sameAs":["https:\/\/www.facebook.com\/Graphite-Electrode-109336238661595","https:\/\/x.com\/jinsuncarbon_","https:\/\/www.linkedin.com\/in\/jinsungraphite","https:\/\/www.youtube.com\/channel\/UCysDNyvyR5-3cCWEmpkVC0g"]}]}},"_links":{"self":[{"href":"https:\/\/jinsuncarbon.com\/tr\/wp-json\/wp\/v2\/product\/7103","targetHints":{"allow":["GET"]}}],"collection":[{"href":"https:\/\/jinsuncarbon.com\/tr\/wp-json\/wp\/v2\/product"}],"about":[{"href":"https:\/\/jinsuncarbon.com\/tr\/wp-json\/wp\/v2\/types\/product"}],"wp:featuredmedia":[{"embeddable":true,"href":"https:\/\/jinsuncarbon.com\/tr\/wp-json\/wp\/v2\/media\/7104"}],"wp:attachment":[{"href":"https:\/\/jinsuncarbon.com\/tr\/wp-json\/wp\/v2\/media?parent=7103"}],"wp:term":[{"taxonomy":"product_brand","embeddable":true,"href":"https:\/\/jinsuncarbon.com\/tr\/wp-json\/wp\/v2\/product_brand?post=7103"},{"taxonomy":"product_cat","embeddable":true,"href":"https:\/\/jinsuncarbon.com\/tr\/wp-json\/wp\/v2\/product_cat?post=7103"},{"taxonomy":"product_tag","embeddable":true,"href":"https:\/\/jinsuncarbon.com\/tr\/wp-json\/wp\/v2\/product_tag?post=7103"}],"curies":[{"name":"wp","href":"https:\/\/api.w.org\/{rel}","templated":true}]}}