{"id":7078,"date":"2024-12-20T03:56:37","date_gmt":"2024-12-20T03:56:37","guid":{"rendered":"https:\/\/jinsuncarbon.com\/?post_type=product&#038;p=7078"},"modified":"2024-12-20T04:00:15","modified_gmt":"2024-12-20T04:00:15","slug":"izostatik-grafit","status":"publish","type":"product","link":"https:\/\/jinsuncarbon.com\/tr\/urun\/izostatik-grafit\/","title":{"rendered":"\u0130zostatik Grafit"},"content":{"rendered":"<h2>\u0130zostatik grafit \u00f6zellikleri<\/h2>\n<p>\u0130zostatik grafit genellikle d\u00f6kme bir forma sahiptir. Avantajlar\u0131 ola\u011fan\u00fcst\u00fcd\u00fcr.<\/p>\n<p><strong><b>V<\/b><\/strong><strong><b>\u00e7ok y\u00fcksek yo\u011funlukta homojenlik<\/b><\/strong><\/p>\n<p>Bu, \u00e7e\u015fitli stresler alt\u0131nda m\u00fckemmel stabilite g\u00f6stermesini sa\u011flar.<\/p>\n<p>&nbsp;<\/p>\n<p><strong><b>E<\/b><\/strong><strong><b>m\u00fckemmel y\u00fcksek s\u0131cakl\u0131k dayan\u0131m\u0131<\/b><\/strong><\/p>\n<p>2000\u00b0 C-3000 \u00b0C'ye kadar y\u00fcksek s\u0131cakl\u0131ktaki ortamlarda normal \u015fekilde \u00e7al\u0131\u015fabilir. Ve y\u00fcksek s\u0131cakl\u0131klarda hala iyi mekanik \u00f6zellikleri koruyabilir.<\/p>\n<p>&nbsp;<\/p>\n<p><strong><b>G\u00fc\u00e7l\u00fc <\/b><\/strong><strong><b>kimyasal kararl\u0131l\u0131k<\/b><\/strong><\/p>\n<p>Asit ve alkali gibi \u00e7o\u011fu kimyasal maddeye kar\u015f\u0131 g\u00fc\u00e7l\u00fc korozyon direncine sahiptir.<\/p>\n<p>&nbsp;<\/p>\n<p><strong><b>G<\/b><\/strong><strong><b>iyi elektrik iletkenli\u011fi <\/b><\/strong><\/p>\n<p>M\u00fckemmel elektrik iletkenli\u011fi gerektiren bir\u00e7ok uygulama senaryosunu kar\u015f\u0131layabilir.<\/p>\n<p>&nbsp;<\/p>\n<p><strong><b>Y\u00fcksek mekanik dayan\u0131m<\/b><\/strong><\/p>\n<p>Daha y\u00fcksek d\u0131\u015f bas\u0131nca dayanabilir ve zarar g\u00f6rmesi kolay de\u011fildir. Bu da onu daha b\u00fcy\u00fck y\u00fcklere dayanmas\u0131 gereken yap\u0131larda m\u00fckemmel k\u0131lar.<\/p>\n<p>&nbsp;<\/p>\n<p>Ayn\u0131 zamanda, izostatik grafitin i\u015fleme performans\u0131 daha iyidir. Ve farkl\u0131 uygulamalar\u0131n ihtiya\u00e7lar\u0131n\u0131 kar\u015f\u0131lamak i\u00e7in daha kolay bir \u015fekilde \u00e7e\u015fitli karma\u015f\u0131k \u015fekillere d\u00f6n\u00fc\u015ft\u00fcrebiliriz.<\/p>\n<p>&nbsp;<\/p>\n<h2>\u0130zostatik grafit t\u00fcrleri<\/h2>\n<p><strong><b>Hammaddeye g\u00f6re:<\/b><\/strong><\/p>\n<p><strong><b>Petrol kok bazl\u0131<\/b><\/strong><\/p>\n<p>Ana malzeme olarak petrol koku, birden fazla i\u015flemle yap\u0131l\u0131r, iyi iletkenli\u011fe ve safl\u0131\u011fa sahiptir. \u0130letken stabiliteyi sa\u011flamak i\u00e7in genellikle elektronik, metalurji ve di\u011fer elektrot malzemeleri alanlar\u0131nda kullanabilirsiniz.<\/p>\n<p>&nbsp;<\/p>\n<p><strong><b>Asfalt kok bazl\u0131<\/b><\/strong><\/p>\n<p>Hammadde olarak asfalt kok ile par\u00e7ac\u0131klar kal\u0131plama s\u0131ras\u0131nda iyi bir \u015fekilde ba\u011flan\u0131r ve kendi kendine ba\u011flanma g\u00fc\u00e7l\u00fcd\u00fcr. Ve \u00fcretilen grafit, b\u00fcy\u00fck mekanik bas\u0131n\u00e7 senaryolar\u0131na dayanmak i\u00e7in uygun olan y\u00fcksek mekanik mukavemete sahiptir.<\/p>\n<p>&nbsp;<\/p>\n<p><strong><b>Kullan\u0131ma g\u00f6re<\/b><\/strong><strong><b>:<\/b><\/strong><\/p>\n<p><strong><b>Blok<\/b><\/strong><strong><b>\u00a0<\/b><\/strong><strong><b>izostatik grafit<\/b><\/strong><\/p>\n<p>Elektrokimya alan\u0131nda kullanabilirsiniz. D\u00fc\u015f\u00fck direnci y\u00fcksek ak\u0131mda kararl\u0131 bir \u015fekilde \u00e7al\u0131\u015fabilir. Ancak elektroliz ve di\u011fer g\u00fc\u00e7 kayb\u0131 s\u00fcre\u00e7lerini azaltmak i\u00e7in y\u00fczey i\u015fleme korozyon direncine ihtiya\u00e7 duyar.<\/p>\n<p><strong><b>\u00a0<\/b><\/strong><\/p>\n<p><strong><b>K\u00fcf<\/b><\/strong>\u00a0<strong><b>izostatik grafit<\/b><\/strong><\/p>\n<p>EDM kal\u0131b\u0131 i\u00e7in kullanabilirsiniz. Y\u00fcksek boyutsal kararl\u0131l\u0131\u011fa, iyi \u0131s\u0131 iletimine sahiptir, karma\u015f\u0131k \u015fekillerde i\u015flenmesi kolayd\u0131r. Ve kal\u0131p a\u015f\u0131r\u0131 \u0131s\u0131nma deformasyonunu, do\u011fru kopya kal\u0131p \u015feklini \u00f6nleyebilir.<\/p>\n<p>&nbsp;<\/p>\n<p><strong><b>N\u00fckleer enerji<\/b><\/strong>\u00a0<strong><b>izostatik grafit<\/b><\/strong><\/p>\n<p>i\u00e7in \u00f6nemli bir malzeme olarak <a href=\"https:\/\/en.wikipedia.org\/wiki\/Nuclear_reactor\" target=\"_blank\" rel=\"noopener\">n\u00fckleer reakt\u00f6rler<\/a>y\u00fcksek safl\u0131\u011fa, anti-radyasyona ve y\u00fcksek s\u0131cakl\u0131kta yap\u0131sal stabiliteye sahiptir. Ve n\u00fckleer reakt\u00f6rlerin g\u00fcvenli bir \u015fekilde \u00e7al\u0131\u015fmas\u0131n\u0131 sa\u011flar.<\/p>\n<p><strong><b>\u00a0<\/b><\/strong><\/p>\n<h2>\u0130zostatik grafitin kullan\u0131m alanlar\u0131<\/h2>\n<p><strong><b>Elektronik yar\u0131 iletkenler<\/b><\/strong><\/p>\n<p>Monokristal silikon \u00fcretimi i\u00e7in \u0131s\u0131tma g\u00f6vdeleri ve potalar\u0131n yan\u0131 s\u0131ra yar\u0131 iletken y\u00fcksek s\u0131cakl\u0131k sobalar\u0131. Y\u00fcksek safl\u0131\u011f\u0131, y\u00fcksek s\u0131cakl\u0131k direnci ve kimyasal stabilitesi, ekipman\u0131n sorunsuz \u00fcretimini ve istikrarl\u0131 \u00e7al\u0131\u015fmas\u0131n\u0131 sa\u011flayabilir.<\/p>\n<p><strong><b>EDM<\/b><\/strong><\/p>\n<p>Bu ideal <a href=\"https:\/\/jinsuncarbon.com\/tr\/urun\/edm-grafi%cc%87t\/\">elektrot<\/a> malzeme, iyi iletkenlik kararl\u0131 de\u015farj olabilir, \u0131s\u0131 da\u011f\u0131l\u0131m\u0131 h\u0131zl\u0131 elektrot a\u015f\u0131r\u0131 \u0131s\u0131nmas\u0131n\u0131 \u00f6nler. Ve karma\u015f\u0131k \u015fekilleri i\u015flemek kolayd\u0131r, kal\u0131p i\u015fleme do\u011frulu\u011funu ve verimlili\u011fini art\u0131rabilir. \u0130zotropik yap\u0131, elektrodu de\u015farj i\u015fleme s\u0131ras\u0131nda farkl\u0131 y\u00f6nlerde daha kararl\u0131 ve g\u00fcvenilir hale getirir.<\/p>\n<p><strong><b>\u00a0<\/b><\/strong><\/p>\n<p><strong><b>Metalurji end\u00fcstrisi<\/b><\/strong><\/p>\n<p>\u0130zostatik grafit olarak <a href=\"https:\/\/jinsuncarbon.com\/tr\/urun\/grafit-pota\/\">POTA<\/a>f\u0131r\u0131n astar\u0131, y\u00fcksek s\u0131cakl\u0131k ve korozyon direnci, y\u00fcksek s\u0131cakl\u0131k ve g\u00fc\u00e7l\u00fc korozyon eritme ortam\u0131 i\u00e7in uygundur. Eritmeyi sa\u011flayabilir ve \u00fcr\u00fcn kalitesini art\u0131rabilir.<\/p>\n<p>&nbsp;<\/p>\n<p><strong><b>Fotovoltaik end\u00fcstrisi<\/b><\/strong><\/p>\n<p>Bir polisilikon indirgeme f\u0131r\u0131n\u0131ndaki \u0131s\u0131 elemanlar\u0131 olarak, y\u00fcksek iletkenli\u011fe sahiptir, y\u00fcksek s\u0131cakl\u0131\u011fa ve korozyona dayan\u0131kl\u0131d\u0131r. Ayr\u0131ca \u00fcretim verimlili\u011fini ve kalitesini art\u0131rmaya yard\u0131mc\u0131 olmak i\u00e7in enerji deste\u011fi sa\u011flayabilir. Son y\u0131llarda polisilikon end\u00fcstrisinin h\u0131zl\u0131 geli\u015fimi <a href=\"https:\/\/en.wikipedia.org\/wiki\/Photovoltaics\" target=\"_blank\" rel=\"noopener\">fotovoltaik<\/a> end\u00fcstrisi izostatik grafit piyasas\u0131 i\u00e7in g\u00fc\u00e7l\u00fc bir talep deste\u011fi sa\u011flam\u0131\u015ft\u0131r.<\/p>\n<p>&nbsp;<\/p>\n<p><strong><b>N\u00fckleer enerji alan\u0131<\/b><\/strong><\/p>\n<p>N\u00fckleer reakt\u00f6r moderat\u00f6r\u00fc ve reflekt\u00f6r\u00fcnde kullan\u0131l\u0131r, n\u00fckleer reaksiyonu stabilize edebilir. G\u00fc\u00e7l\u00fc radyasyon alt\u0131nda yap\u0131sal stabiliteyi korur ve reakt\u00f6r g\u00fcvenli\u011fini sa\u011flar.<\/p>\n<p>&nbsp;<\/p>\n<p>&nbsp;<\/p>","protected":false},"excerpt":{"rendered":"<p>\u0130zostatik grafit, izostatik presleme ile \u00fcretilen bir t\u00fcr y\u00fcksek performansl\u0131 grafit malzemedir. Bir dizi ince i\u015fleme s\u00fcreci ile y\u00fcksek kaliteli petrol kok, asfalt kok ve di\u011fer hammaddelerden yap\u0131l\u0131r.<\/p>\n<p>&nbsp;<\/p>\n<p>Bu malzeme benzersiz izotropik yap\u0131sal \u00f6zelliklere sahiptir. M\u00fckemmel fiziksel, kimyasal ve mekanik \u00f6zellikleri ile izostatik olarak preslenmi\u015f grafit, bir\u00e7ok \u00fcst d\u00fczey end\u00fcstriyel alanda \u00f6nemli bir rol oynamaktad\u0131r. Ayr\u0131ca y\u00fcksek g\u00fcvenilirli\u011fe ve g\u00fc\u00e7l\u00fc uygulanabilirli\u011fe sahip geli\u015fmi\u015f bir ultra ince taneli malzemedir.<\/p>","protected":false},"featured_media":7079,"template":"","meta":[],"product_brand":[],"product_cat":[67],"product_tag":[],"class_list":{"0":"post-7078","1":"product","2":"type-product","3":"status-publish","4":"has-post-thumbnail","6":"product_cat-graphite-material","8":"first","9":"instock","10":"shipping-taxable","11":"product-type-simple"},"yoast_head":"<!-- This site is optimized with the Yoast SEO Premium plugin v19.2.1 (Yoast SEO v25.3) - https:\/\/yoast.com\/wordpress\/plugins\/seo\/ -->\n<title>Isostatic Graphite Manufacturer | Jinsun Carbon<\/title>\n<meta name=\"description\" content=\"Isostatic Graphite Manufacturer in China. We supply Isostatic Graphite Blocks, Rods and Crucible products for semiconductor, EDM and aerospace industries.\" \/>\n<meta name=\"robots\" content=\"index, follow, max-snippet:-1, max-image-preview:large, max-video-preview:-1\" \/>\n<link rel=\"canonical\" href=\"https:\/\/jinsuncarbon.com\/tr\/urun\/izostatik-grafit\/\" \/>\n<meta property=\"og:locale\" content=\"tr_TR\" \/>\n<meta property=\"og:type\" content=\"article\" \/>\n<meta property=\"og:title\" content=\"Isostatic Graphite\" \/>\n<meta property=\"og:description\" content=\"Isostatic Graphite Manufacturer in China. We supply Isostatic Graphite Blocks, Rods and Crucible products for semiconductor, EDM and aerospace industries.\" \/>\n<meta property=\"og:url\" content=\"https:\/\/jinsuncarbon.com\/tr\/urun\/izostatik-grafit\/\" \/>\n<meta property=\"og:site_name\" content=\"Jinsun Carbon\" \/>\n<meta property=\"article:publisher\" content=\"https:\/\/www.facebook.com\/Graphite-Electrode-109336238661595\" \/>\n<meta property=\"article:modified_time\" content=\"2024-12-20T04:00:15+00:00\" \/>\n<meta property=\"og:image\" content=\"https:\/\/jinsuncarbon.com\/wp-content\/uploads\/2024\/12\/Isostatic-Graphite.jpg\" \/>\n\t<meta property=\"og:image:width\" content=\"1024\" \/>\n\t<meta property=\"og:image:height\" content=\"763\" \/>\n\t<meta property=\"og:image:type\" content=\"image\/jpeg\" \/>\n<meta name=\"twitter:card\" content=\"summary_large_image\" \/>\n<meta name=\"twitter:site\" content=\"@jinsuncarbon_\" \/>\n<meta name=\"twitter:label1\" content=\"Tahmini okuma s\u00fcresi\" \/>\n\t<meta name=\"twitter:data1\" content=\"3 dakika\" \/>\n<script type=\"application\/ld+json\" class=\"yoast-schema-graph\">{\"@context\":\"https:\/\/schema.org\",\"@graph\":[{\"@type\":\"WebPage\",\"@id\":\"https:\/\/jinsuncarbon.com\/product\/isostatic-graphite\/\",\"url\":\"https:\/\/jinsuncarbon.com\/product\/isostatic-graphite\/\",\"name\":\"Isostatic Graphite Manufacturer | Jinsun Carbon\",\"isPartOf\":{\"@id\":\"https:\/\/jinsuncarbon.com\/#website\"},\"primaryImageOfPage\":{\"@id\":\"https:\/\/jinsuncarbon.com\/product\/isostatic-graphite\/#primaryimage\"},\"image\":{\"@id\":\"https:\/\/jinsuncarbon.com\/product\/isostatic-graphite\/#primaryimage\"},\"thumbnailUrl\":\"https:\/\/jinsuncarbon.com\/wp-content\/uploads\/2024\/12\/Isostatic-Graphite.jpg\",\"datePublished\":\"2024-12-20T03:56:37+00:00\",\"dateModified\":\"2024-12-20T04:00:15+00:00\",\"description\":\"Isostatic Graphite Manufacturer in China. We supply Isostatic Graphite Blocks, Rods and Crucible products for semiconductor, EDM and aerospace industries.\",\"breadcrumb\":{\"@id\":\"https:\/\/jinsuncarbon.com\/product\/isostatic-graphite\/#breadcrumb\"},\"inLanguage\":\"tr\",\"potentialAction\":[{\"@type\":\"ReadAction\",\"target\":[\"https:\/\/jinsuncarbon.com\/product\/isostatic-graphite\/\"]}]},{\"@type\":\"ImageObject\",\"inLanguage\":\"tr\",\"@id\":\"https:\/\/jinsuncarbon.com\/product\/isostatic-graphite\/#primaryimage\",\"url\":\"https:\/\/jinsuncarbon.com\/wp-content\/uploads\/2024\/12\/Isostatic-Graphite.jpg\",\"contentUrl\":\"https:\/\/jinsuncarbon.com\/wp-content\/uploads\/2024\/12\/Isostatic-Graphite.jpg\",\"width\":1024,\"height\":763,\"caption\":\"Isostatic Graphite\"},{\"@type\":\"BreadcrumbList\",\"@id\":\"https:\/\/jinsuncarbon.com\/product\/isostatic-graphite\/#breadcrumb\",\"itemListElement\":[{\"@type\":\"ListItem\",\"position\":1,\"name\":\"Home\",\"item\":\"https:\/\/jinsuncarbon.com\/\"},{\"@type\":\"ListItem\",\"position\":2,\"name\":\"Products\",\"item\":\"https:\/\/jinsuncarbon.com\/graphite-carbon\/\"},{\"@type\":\"ListItem\",\"position\":3,\"name\":\"Isostatic Graphite\"}]},{\"@type\":\"WebSite\",\"@id\":\"https:\/\/jinsuncarbon.com\/#website\",\"url\":\"https:\/\/jinsuncarbon.com\/\",\"name\":\"Jinsun Carbon\",\"description\":\"We are the successful graphite electrode manufacturer in China\",\"publisher\":{\"@id\":\"https:\/\/jinsuncarbon.com\/#organization\"},\"potentialAction\":[{\"@type\":\"SearchAction\",\"target\":{\"@type\":\"EntryPoint\",\"urlTemplate\":\"https:\/\/jinsuncarbon.com\/?s={search_term_string}\"},\"query-input\":{\"@type\":\"PropertyValueSpecification\",\"valueRequired\":true,\"valueName\":\"search_term_string\"}}],\"inLanguage\":\"tr\"},{\"@type\":\"Organization\",\"@id\":\"https:\/\/jinsuncarbon.com\/#organization\",\"name\":\"Jinsun Carbon\",\"alternateName\":\"Jinsun Carbon\",\"url\":\"https:\/\/jinsuncarbon.com\/\",\"logo\":{\"@type\":\"ImageObject\",\"inLanguage\":\"tr\",\"@id\":\"https:\/\/jinsuncarbon.com\/#\/schema\/logo\/image\/\",\"url\":\"https:\/\/jinsuncarbon.com\/wp-content\/uploads\/2022\/12\/LOGO-1.png\",\"contentUrl\":\"https:\/\/jinsuncarbon.com\/wp-content\/uploads\/2022\/12\/LOGO-1.png\",\"width\":207,\"height\":80,\"caption\":\"Jinsun Carbon\"},\"image\":{\"@id\":\"https:\/\/jinsuncarbon.com\/#\/schema\/logo\/image\/\"},\"sameAs\":[\"https:\/\/www.facebook.com\/Graphite-Electrode-109336238661595\",\"https:\/\/x.com\/jinsuncarbon_\",\"https:\/\/www.linkedin.com\/in\/jinsungraphite\",\"https:\/\/www.youtube.com\/channel\/UCysDNyvyR5-3cCWEmpkVC0g\"]}]}<\/script>\n<!-- \/ Yoast SEO Premium plugin. -->","yoast_head_json":{"title":"\u0130zostatik Grafit \u00dcreticisi | Jinsun Carbon","description":"\u00c7in'de \u0130zostatik Grafit \u00dcreticisi. Yar\u0131 iletken, EDM ve havac\u0131l\u0131k end\u00fcstrileri i\u00e7in \u0130zostatik Grafit Bloklar, \u00c7ubuklar ve Pota \u00fcr\u00fcnleri tedarik ediyoruz.","robots":{"index":"index","follow":"follow","max-snippet":"max-snippet:-1","max-image-preview":"max-image-preview:large","max-video-preview":"max-video-preview:-1"},"canonical":"https:\/\/jinsuncarbon.com\/tr\/urun\/izostatik-grafit\/","og_locale":"tr_TR","og_type":"article","og_title":"Isostatic Graphite","og_description":"Isostatic Graphite Manufacturer in China. We supply Isostatic Graphite Blocks, Rods and Crucible products for semiconductor, EDM and aerospace industries.","og_url":"https:\/\/jinsuncarbon.com\/tr\/urun\/izostatik-grafit\/","og_site_name":"Jinsun Carbon","article_publisher":"https:\/\/www.facebook.com\/Graphite-Electrode-109336238661595","article_modified_time":"2024-12-20T04:00:15+00:00","og_image":[{"width":1024,"height":763,"url":"https:\/\/jinsuncarbon.com\/wp-content\/uploads\/2024\/12\/Isostatic-Graphite.jpg","type":"image\/jpeg"}],"twitter_card":"summary_large_image","twitter_site":"@jinsuncarbon_","twitter_misc":{"Tahmini okuma s\u00fcresi":"3 dakika"},"schema":{"@context":"https:\/\/schema.org","@graph":[{"@type":"WebPage","@id":"https:\/\/jinsuncarbon.com\/product\/isostatic-graphite\/","url":"https:\/\/jinsuncarbon.com\/product\/isostatic-graphite\/","name":"\u0130zostatik Grafit \u00dcreticisi | Jinsun Carbon","isPartOf":{"@id":"https:\/\/jinsuncarbon.com\/#website"},"primaryImageOfPage":{"@id":"https:\/\/jinsuncarbon.com\/product\/isostatic-graphite\/#primaryimage"},"image":{"@id":"https:\/\/jinsuncarbon.com\/product\/isostatic-graphite\/#primaryimage"},"thumbnailUrl":"https:\/\/jinsuncarbon.com\/wp-content\/uploads\/2024\/12\/Isostatic-Graphite.jpg","datePublished":"2024-12-20T03:56:37+00:00","dateModified":"2024-12-20T04:00:15+00:00","description":"\u00c7in'de \u0130zostatik Grafit \u00dcreticisi. Yar\u0131 iletken, EDM ve havac\u0131l\u0131k end\u00fcstrileri i\u00e7in \u0130zostatik Grafit Bloklar, \u00c7ubuklar ve Pota \u00fcr\u00fcnleri tedarik ediyoruz.","breadcrumb":{"@id":"https:\/\/jinsuncarbon.com\/product\/isostatic-graphite\/#breadcrumb"},"inLanguage":"tr","potentialAction":[{"@type":"ReadAction","target":["https:\/\/jinsuncarbon.com\/product\/isostatic-graphite\/"]}]},{"@type":"ImageObject","inLanguage":"tr","@id":"https:\/\/jinsuncarbon.com\/product\/isostatic-graphite\/#primaryimage","url":"https:\/\/jinsuncarbon.com\/wp-content\/uploads\/2024\/12\/Isostatic-Graphite.jpg","contentUrl":"https:\/\/jinsuncarbon.com\/wp-content\/uploads\/2024\/12\/Isostatic-Graphite.jpg","width":1024,"height":763,"caption":"Isostatic Graphite"},{"@type":"BreadcrumbList","@id":"https:\/\/jinsuncarbon.com\/product\/isostatic-graphite\/#breadcrumb","itemListElement":[{"@type":"ListItem","position":1,"name":"Home","item":"https:\/\/jinsuncarbon.com\/"},{"@type":"ListItem","position":2,"name":"Products","item":"https:\/\/jinsuncarbon.com\/graphite-carbon\/"},{"@type":"ListItem","position":3,"name":"Isostatic Graphite"}]},{"@type":"WebSite","@id":"https:\/\/jinsuncarbon.com\/#website","url":"https:\/\/jinsuncarbon.com\/","name":"Jinsun Karbon","description":"\u00c7in'deki ba\u015far\u0131l\u0131 grafit elektrot \u00fcreticisiyiz","publisher":{"@id":"https:\/\/jinsuncarbon.com\/#organization"},"potentialAction":[{"@type":"SearchAction","target":{"@type":"EntryPoint","urlTemplate":"https:\/\/jinsuncarbon.com\/?s={search_term_string}"},"query-input":{"@type":"PropertyValueSpecification","valueRequired":true,"valueName":"search_term_string"}}],"inLanguage":"tr"},{"@type":"Organization","@id":"https:\/\/jinsuncarbon.com\/#organization","name":"Jinsun Karbon","alternateName":"Jinsun Carbon","url":"https:\/\/jinsuncarbon.com\/","logo":{"@type":"ImageObject","inLanguage":"tr","@id":"https:\/\/jinsuncarbon.com\/#\/schema\/logo\/image\/","url":"https:\/\/jinsuncarbon.com\/wp-content\/uploads\/2022\/12\/LOGO-1.png","contentUrl":"https:\/\/jinsuncarbon.com\/wp-content\/uploads\/2022\/12\/LOGO-1.png","width":207,"height":80,"caption":"Jinsun Carbon"},"image":{"@id":"https:\/\/jinsuncarbon.com\/#\/schema\/logo\/image\/"},"sameAs":["https:\/\/www.facebook.com\/Graphite-Electrode-109336238661595","https:\/\/x.com\/jinsuncarbon_","https:\/\/www.linkedin.com\/in\/jinsungraphite","https:\/\/www.youtube.com\/channel\/UCysDNyvyR5-3cCWEmpkVC0g"]}]}},"_links":{"self":[{"href":"https:\/\/jinsuncarbon.com\/tr\/wp-json\/wp\/v2\/product\/7078","targetHints":{"allow":["GET"]}}],"collection":[{"href":"https:\/\/jinsuncarbon.com\/tr\/wp-json\/wp\/v2\/product"}],"about":[{"href":"https:\/\/jinsuncarbon.com\/tr\/wp-json\/wp\/v2\/types\/product"}],"wp:featuredmedia":[{"embeddable":true,"href":"https:\/\/jinsuncarbon.com\/tr\/wp-json\/wp\/v2\/media\/7079"}],"wp:attachment":[{"href":"https:\/\/jinsuncarbon.com\/tr\/wp-json\/wp\/v2\/media?parent=7078"}],"wp:term":[{"taxonomy":"product_brand","embeddable":true,"href":"https:\/\/jinsuncarbon.com\/tr\/wp-json\/wp\/v2\/product_brand?post=7078"},{"taxonomy":"product_cat","embeddable":true,"href":"https:\/\/jinsuncarbon.com\/tr\/wp-json\/wp\/v2\/product_cat?post=7078"},{"taxonomy":"product_tag","embeddable":true,"href":"https:\/\/jinsuncarbon.com\/tr\/wp-json\/wp\/v2\/product_tag?post=7078"}],"curies":[{"name":"wp","href":"https:\/\/api.w.org\/{rel}","templated":true}]}}