{"id":7072,"date":"2024-12-20T03:09:39","date_gmt":"2024-12-20T03:09:39","guid":{"rendered":"https:\/\/jinsuncarbon.com\/?post_type=product&#038;p=7072"},"modified":"2024-12-20T03:09:41","modified_gmt":"2024-12-20T03:09:41","slug":"titresimli-grafit","status":"publish","type":"product","link":"https:\/\/jinsuncarbon.com\/tr\/urun\/titresimli-grafit\/","title":{"rendered":"Titre\u015fimli Grafit"},"content":{"rendered":"<p>Titre\u015fimli grafit, optimize edilmi\u015f fiziksel ve kimyasal \u00f6zellikler, d\u00fczg\u00fcn yap\u0131, d\u00fc\u015f\u00fck k\u00fcl i\u00e7eri\u011fi, iyi elektriksel ve termal stabilite vb. \u00f6zelliklere sahiptir. Modern end\u00fcstrinin bir\u00e7ok alan\u0131nda iyi uygulama olanaklar\u0131 g\u00f6stermi\u015ftir. \u00c7e\u015fitli ihtiya\u00e7lar\u0131 kar\u015f\u0131layabilen, \u00f6zellikle malzeme stabilitesi ve performans tutarl\u0131l\u0131\u011f\u0131 i\u00e7in y\u00fcksek gereksinimleri olan durumlar i\u00e7in uygun olan y\u00fcksek performansl\u0131 bir malzemedir. Grafit elektrotlar, eritme ve d\u00f6k\u00fcm i\u00e7in potalar ve y\u00fcksek s\u0131cakl\u0131k f\u0131r\u0131nlar\u0131 i\u00e7in \u0131s\u0131tma elemanlar\u0131 \u00fcretimi gibi.<\/p>\n<p><strong><b>\u00a0<\/b><\/strong><\/p>\n<h2>Titre\u015fimli grafitin avantajlar\u0131<\/h2>\n<p>Titre\u015fimli grafitin g\u00f6r\u00fcn\u00fcm\u00fc \u00e7e\u015fitlidir, ortak blok, plaka vb. Avantajlar\u0131 a\u00e7\u0131kt\u0131r.<\/p>\n<p><strong><b>G<\/b><\/strong><strong><b>ood termal kararl\u0131l\u0131k<\/b><\/strong><\/p>\n<p>Geni\u015f bir s\u0131cakl\u0131k aral\u0131\u011f\u0131nda (-150\u00b0C ila 500\u00b0C gibi) kararl\u0131 fiziksel ve kimyasal \u00f6zelliklerini koruyabilir. D\u00fc\u015f\u00fck termal genle\u015fme katsay\u0131s\u0131na sahiptir. Bu, s\u0131cakl\u0131k de\u011fi\u015fikliklerinin neden oldu\u011fu yap\u0131sal deformasyonu ve performans bozulmas\u0131n\u0131 etkili bir \u015fekilde \u00f6nler.<\/p>\n<p>&nbsp;<\/p>\n<p><strong><b>E<\/b><\/strong><strong><b>m\u00fckemmel mekani\u0307k \u00f6zelli\u0307kler<\/b><\/strong><\/p>\n<p>Y\u00fcksek mukavemet ve toklu\u011fa sahiptir, belirli bir dereceye kadar d\u0131\u015f darbeye ve mekanik bas\u0131nca dayanabilir. Bu y\u00fczden \u00e7atlamas\u0131 ve hasar g\u00f6rmesi kolay de\u011fildir.<\/p>\n<p>&nbsp;<\/p>\n<p><strong><b>G\u00fc\u00e7l\u00fc kimyasal kararl\u0131l\u0131k<\/b><\/strong><\/p>\n<p>\u00c7o\u011fu asit, baz, tuz ve di\u011fer kimyasallara kar\u015f\u0131 iyi toleransa sahiptir. Ve karma\u015f\u0131k kimyasal ortamlarda uzun s\u00fcreli stabiliteyi koruyabilir.<\/p>\n<p>&nbsp;<\/p>\n<p><strong><b>S<\/b><\/strong><strong><b>tablo ve g\u00fcvenilir elektrik iletkenli\u011fi<\/b><\/strong><\/p>\n<p>Elektrik iletkenli\u011fi a\u00e7\u0131s\u0131ndan, titre\u015fimli grafit kararl\u0131 ve g\u00fcvenilir elektrik iletkenli\u011fi g\u00f6sterir. \u00c7e\u015fitli elektronik ve elektrik uygulamalar\u0131n\u0131n iletkenlik ihtiya\u00e7lar\u0131n\u0131 kar\u015f\u0131layabilir.<\/p>\n<p>&nbsp;<\/p>\n<p>Buna ek olarak, benzersiz titre\u015fim i\u015fleme s\u00fcreci, i\u00e7 yap\u0131s\u0131n\u0131 tek tip ve kullan\u0131m s\u0131ras\u0131nda iyi performans tutarl\u0131l\u0131\u011f\u0131 sa\u011flar. Bu da end\u00fcstriyel \u00fcretimde do\u011fru kontrol ve istikrarl\u0131 \u00e7al\u0131\u015fma i\u00e7in garanti sa\u011flar.<\/p>\n<p><strong><b>\u00a0<\/b><\/strong><\/p>\n<h2>Titre\u015fimli grafit t\u00fcrleri<\/h2>\n<p><strong><b>Hammaddelere g\u00f6re:<\/b><\/strong><\/p>\n<p><strong><b>Do\u011fal grafit taban<\/b><\/strong><\/p>\n<p>Ya\u011flama ve katmanl\u0131 yap\u0131 \u00f6zelliklerine sahip do\u011fal grafit ile i\u015flenmi\u015ftir. \u0130stikrarl\u0131 performansa, d\u00fc\u015f\u00fck maliyete sahiptir, s\u0131radan motor f\u0131r\u00e7alar\u0131 vb. i\u00e7in kullan\u0131l\u0131r.<\/p>\n<p>&nbsp;<\/p>\n<p><strong><b>Yapay grafit taban<\/b><\/strong><\/p>\n<p>Sentetik hammaddelerden \u00fcretilmi\u015ftir, safl\u0131\u011f\u0131 ve performans\u0131 kontrol edilebilir. Elektronik \u00e7ip so\u011futucu gibi y\u00fcksek performans gereksinimi olan alanlarda kullanabilirsiniz.<\/p>\n<p>&nbsp;<\/p>\n<p><strong><b>Performansa g\u00f6re:<\/b><\/strong><\/p>\n<p><strong><b>Y\u00fcksek \u0131s\u0131 iletkenli\u011fi<\/b><\/strong><strong><b>\u00a0<\/b><\/strong><strong><b>titre\u015fimli grafit<\/b><\/strong><\/p>\n<p>Termal iletkenli\u011fi iyile\u015ftirmek i\u00e7in s\u00fcreci optimize edebilir. Ve bilgisayar CPU \u0131s\u0131 da\u011f\u0131tma mod\u00fclleri gibi termal y\u00f6netim senaryolar\u0131nda kullanabilirsiniz.<\/p>\n<p>&nbsp;<\/p>\n<p><strong><b>Y\u00fcksek a\u015f\u0131nma direnci<\/b><\/strong><strong><b>\u00a0<\/b><\/strong><strong><b>titre\u015fimli grafit<\/b><\/strong><\/p>\n<p>A\u015f\u0131nma direncini art\u0131ran katk\u0131 maddeleri sayesinde otomotiv motoru piston segmanlar\u0131 ve di\u011fer kolay a\u015f\u0131nan par\u00e7alar i\u00e7in uygundur.<\/p>\n<p>&nbsp;<\/p>\n<p>Ek olarak, sinterlenmi\u015f titre\u015fimli grafit, emprenye edilmi\u015f titre\u015fimli grafit, kompozit titre\u015fimli grafit veya di\u011fer titre\u015fimli grafit \u00fcr\u00fcnlerini de se\u00e7ebilirsiniz. Malzeme titre\u015fim \u00f6zellikleri, mekanik mukavemet, kimyasal stabilite ve di\u011fer hususlar i\u00e7in farkl\u0131 \u00e7al\u0131\u015fma ko\u015fullar\u0131n\u0131n \u00f6zel gereksinimlerini kar\u015f\u0131lamak.<\/p>\n<p><strong><b>\u00a0<\/b><\/strong><\/p>\n<h2>Titre\u015fimli grafitin kullan\u0131m alanlar\u0131<\/h2>\n<p><strong><b>Grafit elektrot \u00fcretimi<\/b><\/strong><\/p>\n<p>Titre\u015fimli grafit kullanabilirsiniz <a href=\"https:\/\/jinsuncarbon.com\/tr\/urun\/400-mm-grafit-elektrot\/\">elektrot<\/a> Elektrik ark oca\u011f\u0131 eritme end\u00fcstrisinde. \u0130yi iletkenli\u011fi ve istikrarl\u0131 ak\u0131m iletimi, g\u00fc\u00e7 kayb\u0131n\u0131 azaltmaya, \u00fcretim verimlili\u011fini art\u0131rmaya ve maliyetleri d\u00fc\u015f\u00fcrmeye yard\u0131mc\u0131 olur.<\/p>\n<p>&nbsp;<\/p>\n<p><strong><b>Sahil Pota Yap\u0131n<\/b><\/strong><\/p>\n<p>Grafiti yayg\u0131n olarak kullanabilirsiniz <a href=\"https:\/\/jinsuncarbon.com\/tr\/urun\/yuksek-saflikta-grafit-pota\/\">POTA<\/a> metal eritmede kullan\u0131l\u0131r. Y\u00fcksek s\u0131cakl\u0131k direncine, g\u00fc\u00e7l\u00fc kimyasal stabiliteye, y\u00fcksek mekanik mukavemete, uzun hizmet \u00f6mr\u00fcne sahiptir. Metal safl\u0131\u011f\u0131n\u0131 ve kalitesini sa\u011flayabilir, \u00fcretimin s\u00fcreklili\u011fini art\u0131rabilir.<\/p>\n<p>&nbsp;<\/p>\n<p><strong><b>Lityum pil<\/b><\/strong><\/p>\n<p>Negatif elektrot malzemesi veya katk\u0131 maddesi olarak, mikro yap\u0131s\u0131 lityum iyon aktivitesine elveri\u015flidir. \u015earj ve de\u015farj verimlili\u011fini ve \u00e7evrim \u00f6mr\u00fcn\u00fc art\u0131rabilir, lityum iyon aktivitesini azaltabilir. <a href=\"https:\/\/en.wikipedia.org\/wiki\/Lithium-ion_battery\" target=\"_blank\" rel=\"noopener\">Pil<\/a> i\u00e7 diren\u00e7, g\u00fc\u00e7 performans\u0131n\u0131 art\u0131r\u0131r. Ve temiz enerjinin geli\u015fimini te\u015fvik eder.<\/p>\n<p>&nbsp;<\/p>\n<p><strong><b>F\u0131r\u0131n \u0131s\u0131tma eleman\u0131<\/b><\/strong><\/p>\n<p>End\u00fcstriyel \u0131s\u0131tmada <a href=\"https:\/\/en.wikipedia.org\/wiki\/Furnace_(central_heating)\" target=\"_blank\" rel=\"noopener\">F\u0131r\u0131n<\/a>h\u0131zl\u0131 bir \u015fekilde \u0131s\u0131nabilir ve iyi s\u0131cakl\u0131k dengelemesi, y\u00fcksek s\u0131cakl\u0131k direnci sa\u011flayabilir. Ve \u00fcr\u00fcn kalitesini sa\u011flar, ekipman bak\u0131m maliyetlerini azalt\u0131r, \u00fcretim verimlili\u011fini ve ge\u00e7i\u015f oran\u0131n\u0131 art\u0131r\u0131r.<\/p>\n<p>&nbsp;<\/p>\n<p><strong><b>Tek kristal polikristal silikon f\u0131r\u0131n<\/b><\/strong><\/p>\n<p>F\u0131r\u0131nda temel bile\u015fenleri \u00fcretmek i\u00e7in kullanabilirsiniz. Y\u00fcksek safl\u0131\u011f\u0131, silikon kristal b\u00fcy\u00fcmesini etkileyen safs\u0131zl\u0131klar\u0131 \u00f6nleyebilir. Kararl\u0131 y\u00fcksek s\u0131cakl\u0131k performans\u0131 ve termal alan\u0131 kristal b\u00fcy\u00fcmesine yard\u0131mc\u0131 olur, elektrik performans\u0131n\u0131 art\u0131r\u0131r.<\/p>\n<p>&nbsp;<\/p>\n<p><strong><b>Astar<\/b><\/strong><\/p>\n<p>Y\u00fcksek s\u0131cakl\u0131k f\u0131r\u0131n\u0131nda y\u00fcksek s\u0131cakl\u0131\u011fa, kimyasal erozyona ve termal \u015foka, iyi \u0131s\u0131 yal\u0131t\u0131m\u0131na dayanabilir. Ve enerji kullan\u0131m verimlili\u011fini art\u0131r\u0131r, hizmet \u00f6mr\u00fcn\u00fc uzat\u0131r.<\/p>","protected":false},"excerpt":{"rendered":"<p>Titre\u015fimli grafit, \u00f6zel titre\u015fim i\u015fleme s\u00fcreci ile haz\u0131rlanan bir t\u00fcr grafit malzemedir. Y\u00fcksek kaliteli grafit hammaddelerine dayan\u0131r ve \u00f6zel titre\u015fim ko\u015fullar\u0131 alt\u0131nda i\u015flenir. Bu, i\u00e7 yap\u0131s\u0131n\u0131 daha d\u00fczenli ve d\u00fczenli hale getirir, b\u00f6ylece benzersiz performans avantajlar\u0131na sahiptir.<\/p>","protected":false},"featured_media":7074,"template":"","meta":[],"product_brand":[],"product_cat":[67],"product_tag":[],"class_list":{"0":"post-7072","1":"product","2":"type-product","3":"status-publish","4":"has-post-thumbnail","6":"product_cat-graphite-material","8":"first","9":"instock","10":"shipping-taxable","11":"product-type-simple"},"yoast_head":"<!-- This site is optimized with the Yoast SEO Premium plugin v19.2.1 (Yoast SEO v25.3) - https:\/\/yoast.com\/wordpress\/plugins\/seo\/ -->\n<title>Vibrated Graphite - Graphite Material | Jinsun Carbon<\/title>\n<meta name=\"robots\" content=\"index, follow, max-snippet:-1, max-image-preview:large, max-video-preview:-1\" \/>\n<link rel=\"canonical\" href=\"https:\/\/jinsuncarbon.com\/tr\/urun\/titresimli-grafit\/\" \/>\n<meta property=\"og:locale\" content=\"tr_TR\" \/>\n<meta property=\"og:type\" content=\"article\" \/>\n<meta property=\"og:title\" content=\"Vibrated Graphite\" \/>\n<meta property=\"og:description\" content=\"vibrated graphite is a kind of graphite material prepared by special vibration treatment process. It is based on high-quality graphite raw materials and processed under specific vibration conditions. This makes its internal structure more regular and orderly, thus having unique performance advantages.\" \/>\n<meta property=\"og:url\" content=\"https:\/\/jinsuncarbon.com\/tr\/urun\/titresimli-grafit\/\" \/>\n<meta property=\"og:site_name\" content=\"Jinsun Carbon\" \/>\n<meta property=\"article:publisher\" content=\"https:\/\/www.facebook.com\/Graphite-Electrode-109336238661595\" \/>\n<meta property=\"article:modified_time\" content=\"2024-12-20T03:09:41+00:00\" \/>\n<meta property=\"og:image\" content=\"https:\/\/jinsuncarbon.com\/wp-content\/uploads\/2024\/12\/vibrated-graphite-1.jpg\" \/>\n\t<meta property=\"og:image:width\" content=\"1024\" \/>\n\t<meta property=\"og:image:height\" content=\"763\" \/>\n\t<meta property=\"og:image:type\" content=\"image\/jpeg\" \/>\n<meta name=\"twitter:card\" content=\"summary_large_image\" \/>\n<meta name=\"twitter:site\" content=\"@jinsuncarbon_\" \/>\n<meta name=\"twitter:label1\" content=\"Tahmini okuma s\u00fcresi\" \/>\n\t<meta name=\"twitter:data1\" content=\"3 dakika\" \/>\n<script type=\"application\/ld+json\" class=\"yoast-schema-graph\">{\"@context\":\"https:\/\/schema.org\",\"@graph\":[{\"@type\":\"WebPage\",\"@id\":\"https:\/\/jinsuncarbon.com\/product\/vibrated-graphite\/\",\"url\":\"https:\/\/jinsuncarbon.com\/product\/vibrated-graphite\/\",\"name\":\"Vibrated Graphite - Graphite Material | Jinsun Carbon\",\"isPartOf\":{\"@id\":\"https:\/\/jinsuncarbon.com\/#website\"},\"primaryImageOfPage\":{\"@id\":\"https:\/\/jinsuncarbon.com\/product\/vibrated-graphite\/#primaryimage\"},\"image\":{\"@id\":\"https:\/\/jinsuncarbon.com\/product\/vibrated-graphite\/#primaryimage\"},\"thumbnailUrl\":\"https:\/\/jinsuncarbon.com\/wp-content\/uploads\/2024\/12\/vibrated-graphite-1.jpg\",\"datePublished\":\"2024-12-20T03:09:39+00:00\",\"dateModified\":\"2024-12-20T03:09:41+00:00\",\"breadcrumb\":{\"@id\":\"https:\/\/jinsuncarbon.com\/product\/vibrated-graphite\/#breadcrumb\"},\"inLanguage\":\"tr\",\"potentialAction\":[{\"@type\":\"ReadAction\",\"target\":[\"https:\/\/jinsuncarbon.com\/product\/vibrated-graphite\/\"]}]},{\"@type\":\"ImageObject\",\"inLanguage\":\"tr\",\"@id\":\"https:\/\/jinsuncarbon.com\/product\/vibrated-graphite\/#primaryimage\",\"url\":\"https:\/\/jinsuncarbon.com\/wp-content\/uploads\/2024\/12\/vibrated-graphite-1.jpg\",\"contentUrl\":\"https:\/\/jinsuncarbon.com\/wp-content\/uploads\/2024\/12\/vibrated-graphite-1.jpg\",\"width\":1024,\"height\":763,\"caption\":\"vibrated graphite\"},{\"@type\":\"BreadcrumbList\",\"@id\":\"https:\/\/jinsuncarbon.com\/product\/vibrated-graphite\/#breadcrumb\",\"itemListElement\":[{\"@type\":\"ListItem\",\"position\":1,\"name\":\"Home\",\"item\":\"https:\/\/jinsuncarbon.com\/\"},{\"@type\":\"ListItem\",\"position\":2,\"name\":\"Products\",\"item\":\"https:\/\/jinsuncarbon.com\/graphite-carbon\/\"},{\"@type\":\"ListItem\",\"position\":3,\"name\":\"Vibrated Graphite\"}]},{\"@type\":\"WebSite\",\"@id\":\"https:\/\/jinsuncarbon.com\/#website\",\"url\":\"https:\/\/jinsuncarbon.com\/\",\"name\":\"Jinsun Carbon\",\"description\":\"We are the successful graphite electrode manufacturer in China\",\"publisher\":{\"@id\":\"https:\/\/jinsuncarbon.com\/#organization\"},\"potentialAction\":[{\"@type\":\"SearchAction\",\"target\":{\"@type\":\"EntryPoint\",\"urlTemplate\":\"https:\/\/jinsuncarbon.com\/?s={search_term_string}\"},\"query-input\":{\"@type\":\"PropertyValueSpecification\",\"valueRequired\":true,\"valueName\":\"search_term_string\"}}],\"inLanguage\":\"tr\"},{\"@type\":\"Organization\",\"@id\":\"https:\/\/jinsuncarbon.com\/#organization\",\"name\":\"Jinsun Carbon\",\"alternateName\":\"Jinsun Carbon\",\"url\":\"https:\/\/jinsuncarbon.com\/\",\"logo\":{\"@type\":\"ImageObject\",\"inLanguage\":\"tr\",\"@id\":\"https:\/\/jinsuncarbon.com\/#\/schema\/logo\/image\/\",\"url\":\"https:\/\/jinsuncarbon.com\/wp-content\/uploads\/2022\/12\/LOGO-1.png\",\"contentUrl\":\"https:\/\/jinsuncarbon.com\/wp-content\/uploads\/2022\/12\/LOGO-1.png\",\"width\":207,\"height\":80,\"caption\":\"Jinsun Carbon\"},\"image\":{\"@id\":\"https:\/\/jinsuncarbon.com\/#\/schema\/logo\/image\/\"},\"sameAs\":[\"https:\/\/www.facebook.com\/Graphite-Electrode-109336238661595\",\"https:\/\/x.com\/jinsuncarbon_\",\"https:\/\/www.linkedin.com\/in\/jinsungraphite\",\"https:\/\/www.youtube.com\/channel\/UCysDNyvyR5-3cCWEmpkVC0g\"]}]}<\/script>\n<!-- \/ Yoast SEO Premium plugin. -->","yoast_head_json":{"title":"Titre\u015fimli Grafit - Grafit Malzeme | Jinsun Carbon","robots":{"index":"index","follow":"follow","max-snippet":"max-snippet:-1","max-image-preview":"max-image-preview:large","max-video-preview":"max-video-preview:-1"},"canonical":"https:\/\/jinsuncarbon.com\/tr\/urun\/titresimli-grafit\/","og_locale":"tr_TR","og_type":"article","og_title":"Vibrated Graphite","og_description":"vibrated graphite is a kind of graphite material prepared by special vibration treatment process. It is based on high-quality graphite raw materials and processed under specific vibration conditions. This makes its internal structure more regular and orderly, thus having unique performance advantages.","og_url":"https:\/\/jinsuncarbon.com\/tr\/urun\/titresimli-grafit\/","og_site_name":"Jinsun Carbon","article_publisher":"https:\/\/www.facebook.com\/Graphite-Electrode-109336238661595","article_modified_time":"2024-12-20T03:09:41+00:00","og_image":[{"width":1024,"height":763,"url":"https:\/\/jinsuncarbon.com\/wp-content\/uploads\/2024\/12\/vibrated-graphite-1.jpg","type":"image\/jpeg"}],"twitter_card":"summary_large_image","twitter_site":"@jinsuncarbon_","twitter_misc":{"Tahmini okuma s\u00fcresi":"3 dakika"},"schema":{"@context":"https:\/\/schema.org","@graph":[{"@type":"WebPage","@id":"https:\/\/jinsuncarbon.com\/product\/vibrated-graphite\/","url":"https:\/\/jinsuncarbon.com\/product\/vibrated-graphite\/","name":"Titre\u015fimli Grafit - Grafit Malzeme | Jinsun Carbon","isPartOf":{"@id":"https:\/\/jinsuncarbon.com\/#website"},"primaryImageOfPage":{"@id":"https:\/\/jinsuncarbon.com\/product\/vibrated-graphite\/#primaryimage"},"image":{"@id":"https:\/\/jinsuncarbon.com\/product\/vibrated-graphite\/#primaryimage"},"thumbnailUrl":"https:\/\/jinsuncarbon.com\/wp-content\/uploads\/2024\/12\/vibrated-graphite-1.jpg","datePublished":"2024-12-20T03:09:39+00:00","dateModified":"2024-12-20T03:09:41+00:00","breadcrumb":{"@id":"https:\/\/jinsuncarbon.com\/product\/vibrated-graphite\/#breadcrumb"},"inLanguage":"tr","potentialAction":[{"@type":"ReadAction","target":["https:\/\/jinsuncarbon.com\/product\/vibrated-graphite\/"]}]},{"@type":"ImageObject","inLanguage":"tr","@id":"https:\/\/jinsuncarbon.com\/product\/vibrated-graphite\/#primaryimage","url":"https:\/\/jinsuncarbon.com\/wp-content\/uploads\/2024\/12\/vibrated-graphite-1.jpg","contentUrl":"https:\/\/jinsuncarbon.com\/wp-content\/uploads\/2024\/12\/vibrated-graphite-1.jpg","width":1024,"height":763,"caption":"vibrated graphite"},{"@type":"BreadcrumbList","@id":"https:\/\/jinsuncarbon.com\/product\/vibrated-graphite\/#breadcrumb","itemListElement":[{"@type":"ListItem","position":1,"name":"Home","item":"https:\/\/jinsuncarbon.com\/"},{"@type":"ListItem","position":2,"name":"Products","item":"https:\/\/jinsuncarbon.com\/graphite-carbon\/"},{"@type":"ListItem","position":3,"name":"Vibrated Graphite"}]},{"@type":"WebSite","@id":"https:\/\/jinsuncarbon.com\/#website","url":"https:\/\/jinsuncarbon.com\/","name":"Jinsun Karbon","description":"\u00c7in'deki ba\u015far\u0131l\u0131 grafit elektrot \u00fcreticisiyiz","publisher":{"@id":"https:\/\/jinsuncarbon.com\/#organization"},"potentialAction":[{"@type":"SearchAction","target":{"@type":"EntryPoint","urlTemplate":"https:\/\/jinsuncarbon.com\/?s={search_term_string}"},"query-input":{"@type":"PropertyValueSpecification","valueRequired":true,"valueName":"search_term_string"}}],"inLanguage":"tr"},{"@type":"Organization","@id":"https:\/\/jinsuncarbon.com\/#organization","name":"Jinsun Karbon","alternateName":"Jinsun Carbon","url":"https:\/\/jinsuncarbon.com\/","logo":{"@type":"ImageObject","inLanguage":"tr","@id":"https:\/\/jinsuncarbon.com\/#\/schema\/logo\/image\/","url":"https:\/\/jinsuncarbon.com\/wp-content\/uploads\/2022\/12\/LOGO-1.png","contentUrl":"https:\/\/jinsuncarbon.com\/wp-content\/uploads\/2022\/12\/LOGO-1.png","width":207,"height":80,"caption":"Jinsun Carbon"},"image":{"@id":"https:\/\/jinsuncarbon.com\/#\/schema\/logo\/image\/"},"sameAs":["https:\/\/www.facebook.com\/Graphite-Electrode-109336238661595","https:\/\/x.com\/jinsuncarbon_","https:\/\/www.linkedin.com\/in\/jinsungraphite","https:\/\/www.youtube.com\/channel\/UCysDNyvyR5-3cCWEmpkVC0g"]}]}},"_links":{"self":[{"href":"https:\/\/jinsuncarbon.com\/tr\/wp-json\/wp\/v2\/product\/7072","targetHints":{"allow":["GET"]}}],"collection":[{"href":"https:\/\/jinsuncarbon.com\/tr\/wp-json\/wp\/v2\/product"}],"about":[{"href":"https:\/\/jinsuncarbon.com\/tr\/wp-json\/wp\/v2\/types\/product"}],"wp:featuredmedia":[{"embeddable":true,"href":"https:\/\/jinsuncarbon.com\/tr\/wp-json\/wp\/v2\/media\/7074"}],"wp:attachment":[{"href":"https:\/\/jinsuncarbon.com\/tr\/wp-json\/wp\/v2\/media?parent=7072"}],"wp:term":[{"taxonomy":"product_brand","embeddable":true,"href":"https:\/\/jinsuncarbon.com\/tr\/wp-json\/wp\/v2\/product_brand?post=7072"},{"taxonomy":"product_cat","embeddable":true,"href":"https:\/\/jinsuncarbon.com\/tr\/wp-json\/wp\/v2\/product_cat?post=7072"},{"taxonomy":"product_tag","embeddable":true,"href":"https:\/\/jinsuncarbon.com\/tr\/wp-json\/wp\/v2\/product_tag?post=7072"}],"curies":[{"name":"wp","href":"https:\/\/api.w.org\/{rel}","templated":true}]}}