{"id":7069,"date":"2024-12-19T15:15:31","date_gmt":"2024-12-19T15:15:31","guid":{"rendered":"https:\/\/jinsuncarbon.com\/?post_type=product&#038;p=7069"},"modified":"2024-12-20T03:11:25","modified_gmt":"2024-12-20T03:11:25","slug":"amorf-grafit","status":"publish","type":"product","link":"https:\/\/jinsuncarbon.com\/tr\/urun\/amorf-grafit\/","title":{"rendered":"Amorf Grafit"},"content":{"rendered":"<p>Amorf grafit, di\u011fer grafit t\u00fcrlerine g\u00f6re daha d\u00fc\u015f\u00fck grafitik karbon i\u00e7eri\u011fine ve yans\u0131t\u0131c\u0131l\u0131\u011fa sahip yumu\u015fak, koyu siyah bir malzemedir. Benzersiz fiziksel ve kimyasal \u00f6zellikleri ile amorf grafit, \u00e7e\u015fitli end\u00fcstriyel alanlarda belirli bir uygulama de\u011ferine sahiptir. \u00d6zellikle grafit kristallik gereksinimlerinin baz\u0131lar\u0131nda y\u00fcksek de\u011fildir, ancak maliyet kontrol\u00fc ve belirli performans durumlar\u0131na ihtiya\u00e7 vard\u0131r. \u0130yi uygulanabilirlik g\u00f6sterir, end\u00fcstriyel \u00fcretimdeki baz\u0131 temel malzeme ihtiya\u00e7lar\u0131n\u0131 kar\u015f\u0131layabilir.<\/p>\n<p><strong><b>\u00a0<\/b><\/strong><\/p>\n<h2>Amorf grafitin avantajlar\u0131<\/h2>\n<p>Amorf grafit kat\u0131 bir malzemedir ve g\u00f6r\u00fcn\u00fcm\u00fc genellikle toz, blok veya toprakt\u0131r. Avantajlar\u0131 a\u00e7\u0131kt\u0131r.<\/p>\n<p><strong><b>G<\/b><\/strong><strong><b>ood kimyasal kararl\u0131l\u0131k<\/b><\/strong><\/p>\n<p>Oda s\u0131cakl\u0131\u011f\u0131nda \u00e7o\u011fu asit, baz ve di\u011fer kimyasallar\u0131n erozyonuna dayanabilir. Reaksiyona girmesi kolay de\u011fildir, bu da baz\u0131 kimyasal ortamlarda uzun s\u00fcreli stabilitesini sa\u011flar.<\/p>\n<p>&nbsp;<\/p>\n<p><strong><b>\u0130yi <\/b><\/strong><strong><b>y\u00fcksek s\u0131cakl\u0131k dayan\u0131m\u0131 performans\u0131<\/b><\/strong><\/p>\n<p>Normalde belirli bir y\u00fcksek s\u0131cakl\u0131k aral\u0131\u011f\u0131nda (1000 \u00b0 C-1500 \u00b0 C gibi) kullanabilirsiniz. Ve hala y\u00fcksek s\u0131cakl\u0131k ortam\u0131nda temel fiziksel ve kimyasal \u00f6zelliklerini koruyabilir.<\/p>\n<p>&nbsp;<\/p>\n<p><strong><b>C<\/b><\/strong><strong><b>belirli elektrik iletkenli\u011fi<\/b><\/strong><\/p>\n<p>Amorf grafitin elektrik iletkenli\u011fi y\u00fcksek kristallikteki grafit kadar iyi olmasa da <a href=\"https:\/\/jinsuncarbon.com\/tr\/grafitin-kullanim-alanlari\/\">grafit<\/a>Ayn\u0131 zamanda belirli bir elektrik iletkenli\u011fine sahiptir. Elektrik iletkenli\u011fi gereksinimlerinin \u00f6zellikle y\u00fcksek olmad\u0131\u011f\u0131 baz\u0131 uygulama senaryolar\u0131n\u0131 kar\u015f\u0131layabilir.<\/p>\n<p>&nbsp;<\/p>\n<p>Ayr\u0131ca, amorf yap\u0131sal \u00f6zellikleri nedeniyle nispeten iyi i\u015fleme performans\u0131na sahiptir. K\u0131rma, \u00f6\u011f\u00fctme ve kar\u0131\u015ft\u0131rma i\u015flemleri kolayd\u0131r, farkl\u0131 end\u00fcstriyel \u00fcretim s\u00fcre\u00e7lerinde daha fazla i\u015fleme ve kullan\u0131m i\u00e7in uygundur. Ve ger\u00e7ek ihtiya\u00e7lara g\u00f6re \u015feklini ve performans\u0131n\u0131 esnek bir \u015fekilde ayarlayabilir.<\/p>\n<p>&nbsp;<\/p>\n<p>Amorf grafitin fiyat\u0131 bir dizi fakt\u00f6re ba\u011fl\u0131 olarak de\u011fi\u015fir. Safl\u0131k a\u00e7\u0131s\u0131ndan bak\u0131ld\u0131\u011f\u0131nda, amorf grafit tozunun s\u0131radan safl\u0131\u011f\u0131, fiyat genellikle 285-714 USD \/ ton'dur. Y\u00fcksek safl\u0131kta amorf grafit, fiyat buna g\u00f6re artacakt\u0131r. Baz\u0131 99% safl\u0131ktaki \u00fcr\u00fcnler gibi, fiyat yakla\u015f\u0131k 1140-1700 usd\/ton'dur.<\/p>\n<p>&nbsp;<\/p>\n<h2>Amorf grafit kullan\u0131m alanlar\u0131<\/h2>\n<p>Amorf grafitin uygulama alanlar\u0131 daha kapsaml\u0131d\u0131r ve a\u015fa\u011f\u0131da baz\u0131 yayg\u0131n uygulama y\u00f6nleri verilmi\u015ftir.<\/p>\n<p><strong><b>Demir ve \u00e7elik metalurjisi alan\u0131<\/b><\/strong><\/p>\n<p>Karb\u00fcrat\u00f6r olarak amorf grafit, y\u00fcksek karbon i\u00e7eri\u011fine ve d\u00fc\u015f\u00fck fiyata sahiptir. S\u0131v\u0131 demir karbonu tamamlayabilir, \u00e7elik bile\u015fimini optimize edebilir, sertli\u011fi, mukavemeti ve a\u015f\u0131nma direncini art\u0131rabilir. \u00c7elik \u00fcretiminde kullanabilir ve <a href=\"https:\/\/en.wikipedia.org\/wiki\/Casting\" target=\"_blank\" rel=\"noopener\">d\u00f6k\u00fcm<\/a>kaliteyi sa\u011flamak, maliyetleri d\u00fc\u015f\u00fcrmek, verimlili\u011fi art\u0131rmak.<\/p>\n<p>&nbsp;<\/p>\n<p><strong><b>Refrakterler<\/b><\/strong><\/p>\n<p>Y\u00fcksek s\u0131cakl\u0131k direnci ve kimyasal stabilite nedeniyle, amorf grafit ve kili kar\u0131\u015ft\u0131rarak <a href=\"https:\/\/jinsuncarbon.com\/tr\/urun\/karbon-bloklar\/\">refrakter<\/a> <a href=\"https:\/\/jinsuncarbon.com\/tr\/urun\/karbon-bloklar\/\">\u00fcr\u00fcnler<\/a>. Daha sonra y\u00fcksek s\u0131cakl\u0131k f\u0131r\u0131n astar\u0131, y\u00fcksek \u0131s\u0131 ve erozyon direnci, uzun f\u0131r\u0131n \u00f6mr\u00fc, enerji ve bak\u0131m maliyetlerini azaltmak i\u00e7in kullan\u0131n.<\/p>\n<p>&nbsp;<\/p>\n<p><strong><b>Ak\u00fc end\u00fcstrisi<\/b><\/strong><\/p>\n<p>Baz\u0131 bataryalarda negatif elektrot katk\u0131 maddesi veya yard\u0131mc\u0131 malzemedir. <a href=\"https:\/\/jinsuncarbon.com\/tr\/urun\/grafit-karsi-elektrot\/\">elektrot<\/a> iletkenlik ve batarya performans\u0131. D\u00fc\u015f\u00fck maliyeti ile d\u00fc\u015f\u00fck performans gereksinimleri ve fiyat hassasiyeti olan batarya uygulama senaryolar\u0131nda avantajlara sahiptir.<\/p>\n<p>&nbsp;<\/p>\n<p><strong><b>Kimyasal alan<\/b><\/strong><\/p>\n<p>Kataliz\u00f6r ta\u015f\u0131y\u0131c\u0131, geni\u015f spesifik y\u00fczey alan\u0131 ve stabilite \u00fcretmek i\u00e7in kullanabilirsiniz. Aktif bile\u015fenleri destekleyebilir, kataliz\u00f6r aktivitesini ve se\u00e7icili\u011fini art\u0131rabilir, kimyasal reaksiyona yard\u0131mc\u0131 olabilir. Ard\u0131ndan kimyasal \u00fcr\u00fcn kalitesini ve \u00fcretim verimlili\u011fini art\u0131r\u0131r, maliyeti ve kaynak t\u00fcketimini azalt\u0131r.<\/p>","protected":false},"excerpt":{"rendered":"<p>Amorf grafit, kristal grafit gibi d\u00fczenli bir kristal yap\u0131ya sahip olmayan, ancak d\u00fczensiz bir mikroskobik form g\u00f6steren bir grafit \u00e7e\u015fididir. Genellikle y\u00fcksek s\u0131cakl\u0131k i\u015fleminden sonra k\u00f6m\u00fcr veya karbon i\u00e7eren \u015feylden olu\u015fur ve do\u011fal olarak olu\u015fan bir grafit malzemedir. Amorf grafit yayg\u0131n olarak ya\u011flay\u0131c\u0131lar, boyalar, fren balatalar\u0131 vb. olarak kullan\u0131l\u0131r.<\/p>","protected":false},"featured_media":7070,"template":"","meta":[],"product_brand":[],"product_cat":[67],"product_tag":[],"class_list":{"0":"post-7069","1":"product","2":"type-product","3":"status-publish","4":"has-post-thumbnail","6":"product_cat-graphite-material","8":"first","9":"instock","10":"shipping-taxable","11":"product-type-simple"},"yoast_head":"<!-- This site is optimized with the Yoast SEO Premium plugin v19.2.1 (Yoast SEO v25.3) - https:\/\/yoast.com\/wordpress\/plugins\/seo\/ -->\n<title>Amorphous Graphite Supplier in China | Jinsun Carbon<\/title>\n<meta name=\"description\" content=\"Amorphous Graphite Supplier in China. We supply amorphous graphite for coatings, lubricants and refractories at the best price.\" \/>\n<meta name=\"robots\" content=\"index, follow, max-snippet:-1, max-image-preview:large, max-video-preview:-1\" \/>\n<link rel=\"canonical\" href=\"https:\/\/jinsuncarbon.com\/tr\/urun\/amorf-grafit\/\" \/>\n<meta property=\"og:locale\" content=\"tr_TR\" \/>\n<meta property=\"og:type\" content=\"article\" \/>\n<meta property=\"og:title\" content=\"Amorphous Graphite\" \/>\n<meta property=\"og:description\" content=\"Amorphous Graphite Supplier in China. We supply amorphous graphite for coatings, lubricants and refractories at the best price.\" \/>\n<meta property=\"og:url\" content=\"https:\/\/jinsuncarbon.com\/tr\/urun\/amorf-grafit\/\" \/>\n<meta property=\"og:site_name\" content=\"Jinsun Carbon\" \/>\n<meta property=\"article:publisher\" content=\"https:\/\/www.facebook.com\/Graphite-Electrode-109336238661595\" \/>\n<meta property=\"article:modified_time\" content=\"2024-12-20T03:11:25+00:00\" \/>\n<meta property=\"og:image\" content=\"https:\/\/jinsuncarbon.com\/wp-content\/uploads\/2024\/12\/Amorphous-graphite.jpg\" \/>\n\t<meta property=\"og:image:width\" content=\"1024\" \/>\n\t<meta property=\"og:image:height\" content=\"763\" \/>\n\t<meta property=\"og:image:type\" content=\"image\/jpeg\" \/>\n<meta name=\"twitter:card\" content=\"summary_large_image\" \/>\n<meta name=\"twitter:site\" content=\"@jinsuncarbon_\" \/>\n<meta name=\"twitter:label1\" content=\"Tahmini okuma s\u00fcresi\" \/>\n\t<meta name=\"twitter:data1\" content=\"3 dakika\" \/>\n<script type=\"application\/ld+json\" class=\"yoast-schema-graph\">{\"@context\":\"https:\/\/schema.org\",\"@graph\":[{\"@type\":\"WebPage\",\"@id\":\"https:\/\/jinsuncarbon.com\/product\/amorphous-graphite\/\",\"url\":\"https:\/\/jinsuncarbon.com\/product\/amorphous-graphite\/\",\"name\":\"Amorphous Graphite Supplier in China | Jinsun Carbon\",\"isPartOf\":{\"@id\":\"https:\/\/jinsuncarbon.com\/#website\"},\"primaryImageOfPage\":{\"@id\":\"https:\/\/jinsuncarbon.com\/product\/amorphous-graphite\/#primaryimage\"},\"image\":{\"@id\":\"https:\/\/jinsuncarbon.com\/product\/amorphous-graphite\/#primaryimage\"},\"thumbnailUrl\":\"https:\/\/jinsuncarbon.com\/wp-content\/uploads\/2024\/12\/Amorphous-graphite.jpg\",\"datePublished\":\"2024-12-19T15:15:31+00:00\",\"dateModified\":\"2024-12-20T03:11:25+00:00\",\"description\":\"Amorphous Graphite Supplier in China. We supply amorphous graphite for coatings, lubricants and refractories at the best price.\",\"breadcrumb\":{\"@id\":\"https:\/\/jinsuncarbon.com\/product\/amorphous-graphite\/#breadcrumb\"},\"inLanguage\":\"tr\",\"potentialAction\":[{\"@type\":\"ReadAction\",\"target\":[\"https:\/\/jinsuncarbon.com\/product\/amorphous-graphite\/\"]}]},{\"@type\":\"ImageObject\",\"inLanguage\":\"tr\",\"@id\":\"https:\/\/jinsuncarbon.com\/product\/amorphous-graphite\/#primaryimage\",\"url\":\"https:\/\/jinsuncarbon.com\/wp-content\/uploads\/2024\/12\/Amorphous-graphite.jpg\",\"contentUrl\":\"https:\/\/jinsuncarbon.com\/wp-content\/uploads\/2024\/12\/Amorphous-graphite.jpg\",\"width\":1024,\"height\":763,\"caption\":\"Amorphous graphite\"},{\"@type\":\"BreadcrumbList\",\"@id\":\"https:\/\/jinsuncarbon.com\/product\/amorphous-graphite\/#breadcrumb\",\"itemListElement\":[{\"@type\":\"ListItem\",\"position\":1,\"name\":\"Home\",\"item\":\"https:\/\/jinsuncarbon.com\/\"},{\"@type\":\"ListItem\",\"position\":2,\"name\":\"Products\",\"item\":\"https:\/\/jinsuncarbon.com\/graphite-carbon\/\"},{\"@type\":\"ListItem\",\"position\":3,\"name\":\"Amorphous Graphite\"}]},{\"@type\":\"WebSite\",\"@id\":\"https:\/\/jinsuncarbon.com\/#website\",\"url\":\"https:\/\/jinsuncarbon.com\/\",\"name\":\"Jinsun Carbon\",\"description\":\"We are the successful graphite electrode manufacturer in China\",\"publisher\":{\"@id\":\"https:\/\/jinsuncarbon.com\/#organization\"},\"potentialAction\":[{\"@type\":\"SearchAction\",\"target\":{\"@type\":\"EntryPoint\",\"urlTemplate\":\"https:\/\/jinsuncarbon.com\/?s={search_term_string}\"},\"query-input\":{\"@type\":\"PropertyValueSpecification\",\"valueRequired\":true,\"valueName\":\"search_term_string\"}}],\"inLanguage\":\"tr\"},{\"@type\":\"Organization\",\"@id\":\"https:\/\/jinsuncarbon.com\/#organization\",\"name\":\"Jinsun Carbon\",\"alternateName\":\"Jinsun Carbon\",\"url\":\"https:\/\/jinsuncarbon.com\/\",\"logo\":{\"@type\":\"ImageObject\",\"inLanguage\":\"tr\",\"@id\":\"https:\/\/jinsuncarbon.com\/#\/schema\/logo\/image\/\",\"url\":\"https:\/\/jinsuncarbon.com\/wp-content\/uploads\/2022\/12\/LOGO-1.png\",\"contentUrl\":\"https:\/\/jinsuncarbon.com\/wp-content\/uploads\/2022\/12\/LOGO-1.png\",\"width\":207,\"height\":80,\"caption\":\"Jinsun Carbon\"},\"image\":{\"@id\":\"https:\/\/jinsuncarbon.com\/#\/schema\/logo\/image\/\"},\"sameAs\":[\"https:\/\/www.facebook.com\/Graphite-Electrode-109336238661595\",\"https:\/\/x.com\/jinsuncarbon_\",\"https:\/\/www.linkedin.com\/in\/jinsungraphite\",\"https:\/\/www.youtube.com\/channel\/UCysDNyvyR5-3cCWEmpkVC0g\"]}]}<\/script>\n<!-- \/ Yoast SEO Premium plugin. -->","yoast_head_json":{"title":"\u00c7in'de Amorf Grafit Tedarik\u00e7isi | Jinsun Carbon","description":"\u00c7in'de Amorf Grafit Tedarik\u00e7isi. Kaplamalar, ya\u011flay\u0131c\u0131lar ve refrakterler i\u00e7in en iyi fiyata amorf grafit tedarik ediyoruz.","robots":{"index":"index","follow":"follow","max-snippet":"max-snippet:-1","max-image-preview":"max-image-preview:large","max-video-preview":"max-video-preview:-1"},"canonical":"https:\/\/jinsuncarbon.com\/tr\/urun\/amorf-grafit\/","og_locale":"tr_TR","og_type":"article","og_title":"Amorphous Graphite","og_description":"Amorphous Graphite Supplier in China. We supply amorphous graphite for coatings, lubricants and refractories at the best price.","og_url":"https:\/\/jinsuncarbon.com\/tr\/urun\/amorf-grafit\/","og_site_name":"Jinsun Carbon","article_publisher":"https:\/\/www.facebook.com\/Graphite-Electrode-109336238661595","article_modified_time":"2024-12-20T03:11:25+00:00","og_image":[{"width":1024,"height":763,"url":"https:\/\/jinsuncarbon.com\/wp-content\/uploads\/2024\/12\/Amorphous-graphite.jpg","type":"image\/jpeg"}],"twitter_card":"summary_large_image","twitter_site":"@jinsuncarbon_","twitter_misc":{"Tahmini okuma s\u00fcresi":"3 dakika"},"schema":{"@context":"https:\/\/schema.org","@graph":[{"@type":"WebPage","@id":"https:\/\/jinsuncarbon.com\/product\/amorphous-graphite\/","url":"https:\/\/jinsuncarbon.com\/product\/amorphous-graphite\/","name":"\u00c7in'de Amorf Grafit Tedarik\u00e7isi | Jinsun Carbon","isPartOf":{"@id":"https:\/\/jinsuncarbon.com\/#website"},"primaryImageOfPage":{"@id":"https:\/\/jinsuncarbon.com\/product\/amorphous-graphite\/#primaryimage"},"image":{"@id":"https:\/\/jinsuncarbon.com\/product\/amorphous-graphite\/#primaryimage"},"thumbnailUrl":"https:\/\/jinsuncarbon.com\/wp-content\/uploads\/2024\/12\/Amorphous-graphite.jpg","datePublished":"2024-12-19T15:15:31+00:00","dateModified":"2024-12-20T03:11:25+00:00","description":"\u00c7in'de Amorf Grafit Tedarik\u00e7isi. Kaplamalar, ya\u011flay\u0131c\u0131lar ve refrakterler i\u00e7in en iyi fiyata amorf grafit tedarik ediyoruz.","breadcrumb":{"@id":"https:\/\/jinsuncarbon.com\/product\/amorphous-graphite\/#breadcrumb"},"inLanguage":"tr","potentialAction":[{"@type":"ReadAction","target":["https:\/\/jinsuncarbon.com\/product\/amorphous-graphite\/"]}]},{"@type":"ImageObject","inLanguage":"tr","@id":"https:\/\/jinsuncarbon.com\/product\/amorphous-graphite\/#primaryimage","url":"https:\/\/jinsuncarbon.com\/wp-content\/uploads\/2024\/12\/Amorphous-graphite.jpg","contentUrl":"https:\/\/jinsuncarbon.com\/wp-content\/uploads\/2024\/12\/Amorphous-graphite.jpg","width":1024,"height":763,"caption":"Amorphous graphite"},{"@type":"BreadcrumbList","@id":"https:\/\/jinsuncarbon.com\/product\/amorphous-graphite\/#breadcrumb","itemListElement":[{"@type":"ListItem","position":1,"name":"Home","item":"https:\/\/jinsuncarbon.com\/"},{"@type":"ListItem","position":2,"name":"Products","item":"https:\/\/jinsuncarbon.com\/graphite-carbon\/"},{"@type":"ListItem","position":3,"name":"Amorphous Graphite"}]},{"@type":"WebSite","@id":"https:\/\/jinsuncarbon.com\/#website","url":"https:\/\/jinsuncarbon.com\/","name":"Jinsun Karbon","description":"\u00c7in'deki ba\u015far\u0131l\u0131 grafit elektrot \u00fcreticisiyiz","publisher":{"@id":"https:\/\/jinsuncarbon.com\/#organization"},"potentialAction":[{"@type":"SearchAction","target":{"@type":"EntryPoint","urlTemplate":"https:\/\/jinsuncarbon.com\/?s={search_term_string}"},"query-input":{"@type":"PropertyValueSpecification","valueRequired":true,"valueName":"search_term_string"}}],"inLanguage":"tr"},{"@type":"Organization","@id":"https:\/\/jinsuncarbon.com\/#organization","name":"Jinsun Karbon","alternateName":"Jinsun Carbon","url":"https:\/\/jinsuncarbon.com\/","logo":{"@type":"ImageObject","inLanguage":"tr","@id":"https:\/\/jinsuncarbon.com\/#\/schema\/logo\/image\/","url":"https:\/\/jinsuncarbon.com\/wp-content\/uploads\/2022\/12\/LOGO-1.png","contentUrl":"https:\/\/jinsuncarbon.com\/wp-content\/uploads\/2022\/12\/LOGO-1.png","width":207,"height":80,"caption":"Jinsun Carbon"},"image":{"@id":"https:\/\/jinsuncarbon.com\/#\/schema\/logo\/image\/"},"sameAs":["https:\/\/www.facebook.com\/Graphite-Electrode-109336238661595","https:\/\/x.com\/jinsuncarbon_","https:\/\/www.linkedin.com\/in\/jinsungraphite","https:\/\/www.youtube.com\/channel\/UCysDNyvyR5-3cCWEmpkVC0g"]}]}},"_links":{"self":[{"href":"https:\/\/jinsuncarbon.com\/tr\/wp-json\/wp\/v2\/product\/7069","targetHints":{"allow":["GET"]}}],"collection":[{"href":"https:\/\/jinsuncarbon.com\/tr\/wp-json\/wp\/v2\/product"}],"about":[{"href":"https:\/\/jinsuncarbon.com\/tr\/wp-json\/wp\/v2\/types\/product"}],"wp:featuredmedia":[{"embeddable":true,"href":"https:\/\/jinsuncarbon.com\/tr\/wp-json\/wp\/v2\/media\/7070"}],"wp:attachment":[{"href":"https:\/\/jinsuncarbon.com\/tr\/wp-json\/wp\/v2\/media?parent=7069"}],"wp:term":[{"taxonomy":"product_brand","embeddable":true,"href":"https:\/\/jinsuncarbon.com\/tr\/wp-json\/wp\/v2\/product_brand?post=7069"},{"taxonomy":"product_cat","embeddable":true,"href":"https:\/\/jinsuncarbon.com\/tr\/wp-json\/wp\/v2\/product_cat?post=7069"},{"taxonomy":"product_tag","embeddable":true,"href":"https:\/\/jinsuncarbon.com\/tr\/wp-json\/wp\/v2\/product_tag?post=7069"}],"curies":[{"name":"wp","href":"https:\/\/api.w.org\/{rel}","templated":true}]}}