{"id":7066,"date":"2024-12-19T14:38:28","date_gmt":"2024-12-19T14:38:28","guid":{"rendered":"https:\/\/jinsuncarbon.com\/?post_type=product&#038;p=7066"},"modified":"2024-12-19T15:17:21","modified_gmt":"2024-12-19T15:17:21","slug":"genisletilmis-grafit-tozu","status":"publish","type":"product","link":"https:\/\/jinsuncarbon.com\/tr\/urun\/genisletilmis-grafit-tozu\/","title":{"rendered":"Geni\u015fletilmi\u015f Grafit Tozu"},"content":{"rendered":"<p class=\"ql-align-justify\">Geni\u015fletilmi\u015f grafit tozu \u00fcr\u00fcnlerinin \u00e7e\u015fitli formlar\u0131 vard\u0131r ve yayg\u0131n olanlar\u0131 i\u015flendikten sonra toz veya \u015fekillendirilmi\u015f bloklard\u0131r. Ger\u00e7ek uygulama senaryonuza ve s\u00fcre\u00e7 gereksinimlerinize g\u00f6re, onu daha da i\u015fliyoruz. Is\u0131 transfer mod\u00fcl\u00fcn\u00fcn veya dolgu malzemesinin belirli bir \u015fekline d\u00f6n\u00fc\u015ft\u00fcrmek gibi. Farkl\u0131 boyut ve i\u015flevsel gereksinimleri kar\u015f\u0131lamak i\u00e7in.<\/p>\n<h2 class=\"ql-align-justify\">Geni\u015fletilmi\u015f grafit tozunun avantajlar\u0131<\/h2>\n<p class=\"ql-align-justify\">Geni\u015fletilmi\u015f grafit tozu bir\u00e7ok m\u00fckemmel \u00f6zelli\u011fe sahiptir.<\/p>\n<p class=\"ql-align-justify\"><strong>Y\u00fcksek kimyasal stabilite<\/strong><\/p>\n<p class=\"ql-align-justify\">G\u00fc\u00e7l\u00fc asit ve alkali gibi korozif maddelere kar\u015f\u0131 dayan\u0131kl\u0131d\u0131r.<\/p>\n<p class=\"ql-align-justify\"><strong>\u0130yi y\u00fcksek s\u0131cakl\u0131k dayan\u0131m\u0131<\/strong><\/p>\n<p class=\"ql-align-justify\">Kararl\u0131l\u0131\u011f\u0131 koruyabilir <a href=\"https:\/\/jinsuncarbon.com\/tr\/grafit-yapi\/\">yap\u0131<\/a> y\u00fcksek s\u0131cakl\u0131k ortam\u0131nda. G\u00f6zenekli yap\u0131s\u0131 ona g\u00fc\u00e7l\u00fc bir adsorpsiyon kapasitesi verir, \u00e7e\u015fitli maddeleri adsorbe edebilir.<\/p>\n<p class=\"ql-align-justify\"><strong>\u0130yi esneklik ve s\u0131k\u0131\u015ft\u0131rma esnekli\u011fi<\/strong><\/p>\n<p class=\"ql-align-justify\">Belirli bir bas\u0131n\u00e7 alt\u0131nda deforme edebilir ve orijinal durumuna geri getirebilirsiniz. Ayn\u0131 zamanda, elektrik iletkenli\u011fi de nispeten m\u00fckemmeldir. Ve elektrik iletimi alan\u0131nda belirli bir uygulama potansiyeline sahiptir.<\/p>\n<p class=\"ql-align-justify\">Geni\u015fletilmi\u015f grafit tozunun termal iletkenli\u011fini, adsorpsiyon \u00f6zelliklerini ve di\u011fer teknik parametrelerini ve uygulama ayr\u0131nt\u0131lar\u0131n\u0131 derinlemesine anlamak istiyorsan\u0131z, size ayr\u0131nt\u0131l\u0131 teknik rehberlik ve zengin uygulama durumu referans\u0131 sa\u011flayaca\u011f\u0131z.<\/p>\n<h2>Geni\u015fletilmi\u015f grafit tozunun \u00f6zellikleri<\/h2>\n<table>\n<tbody>\n<tr>\n<td width=\"131\"><strong><b>Performans s\u0131n\u0131fland\u0131rmas\u0131<\/b><\/strong><\/td>\n<td width=\"152\"><strong><b>P<\/b><\/strong><strong><b>performans parametreleri<\/b><\/strong><\/td>\n<td width=\"142\"><strong><b>S<\/b><\/strong><strong><b>\u00f6zel veri\u0307ler<\/b><\/strong><\/td>\n<\/tr>\n<tr>\n<td rowspan=\"6\" width=\"131\">Fiziksel \u00f6zellikler<\/td>\n<td width=\"152\">Ambalaj yo\u011funlu\u011fu<\/td>\n<td width=\"142\">0,002-0,015 g\/cm<sup>3<\/sup><\/td>\n<\/tr>\n<tr>\n<td width=\"152\">Ger\u00e7ek yo\u011funluk<\/td>\n<td width=\"142\">2-2,25 g\/cm<sup>3<\/sup><\/td>\n<\/tr>\n<tr>\n<td width=\"152\">Partik\u00fcl boyutu - \u0130nce toz<\/td>\n<td width=\"142\">&lt;100\u03bcm<\/td>\n<\/tr>\n<tr>\n<td width=\"152\">Partik\u00fcl boyutu - Orta toz<\/td>\n<td width=\"142\">100-500\u03bcm<\/td>\n<\/tr>\n<tr>\n<td width=\"152\">Partik\u00fcl boyutu - Kaba toz<\/td>\n<td width=\"142\">&gt;500\u03bcm<\/td>\n<\/tr>\n<tr>\n<td width=\"152\">Geni\u015fleme fakt\u00f6r\u00fc<\/td>\n<td width=\"142\">100-300 kez<\/td>\n<\/tr>\n<tr>\n<td rowspan=\"3\" width=\"131\">Kimyasal \u00f6zellikler<\/td>\n<td width=\"152\">Karbon i\u00e7eri\u011fi<\/td>\n<td width=\"142\">90%-99%'den daha fazla<\/td>\n<\/tr>\n<tr>\n<td width=\"152\">K\u00fcl i\u00e7eri\u011fi<\/td>\n<td width=\"142\">1% - 10% hakk\u0131nda<\/td>\n<\/tr>\n<tr>\n<td width=\"152\">Elektriksel iletkenlik<\/td>\n<td width=\"142\">10<sup>2<\/sup>-10<sup>4<\/sup>S\/m<\/td>\n<\/tr>\n<tr>\n<td width=\"131\">Termal \u00f6zellikler<\/td>\n<td width=\"152\">Termal iletkenlik<\/td>\n<td width=\"142\">0,1-0,5 W\/(m.k)<\/td>\n<\/tr>\n<\/tbody>\n<\/table>\n<h2 class=\"ql-align-justify\">Geni\u015fletilmi\u015f grafit tozunun kullan\u0131m alanlar\u0131<\/h2>\n<p class=\"ql-align-justify\"><strong>\u00c7evre koruma alan\u0131nda<\/strong><\/p>\n<p class=\"ql-align-justify\">End\u00fcstriyel at\u0131k su ve at\u0131k gazdaki a\u011f\u0131r metal iyonlar\u0131n\u0131 ve organik kirleticileri ar\u0131tmak i\u00e7in bir adsorban olarak kullanabilirsiniz. Ve y\u00fcksek adsorpsiyon performans\u0131 ile \u00e7evreyi etkili bir \u015fekilde ar\u0131nd\u0131rabilir.<\/p>\n<p class=\"ql-align-justify\"><strong>Yang\u0131n \u00f6nleme alan\u0131nda<\/strong><\/p>\n<p class=\"ql-align-justify\">Yang\u0131n geciktiriciye ekleyebilirsiniz <a href=\"https:\/\/en.wikipedia.org\/wiki\/Coating\" target=\"_blank\" rel=\"noopener\">kaplamalar<\/a> ve yang\u0131n geciktirici plakalar. Ve malzemenin yang\u0131n geciktirici performans\u0131n\u0131 art\u0131rmak i\u00e7in y\u00fcksek s\u0131cakl\u0131k direncini ve g\u00f6zenekli oksijen yal\u0131t\u0131m \u00f6zelliklerini kullan\u0131n.<\/p>\n<p class=\"ql-align-justify\"><strong>Petrokimya end\u00fcstrisinde<\/strong><\/p>\n<p class=\"ql-align-justify\">S\u0131zd\u0131rmazl\u0131k malzemesi olarak kullanabilirsiniz. \u0130yi esnekli\u011fi ve korozyon direnci nedeniyle, ortam s\u0131z\u0131nt\u0131s\u0131n\u0131 \u00f6nlemek i\u00e7in borular\u0131, vanalar\u0131 ve di\u011fer ba\u011flant\u0131lar\u0131 etkili bir \u015fekilde kapatabilir.<\/p>\n<p class=\"ql-align-justify\"><strong>Elektronik end\u00fcstrisinde<\/strong><\/p>\n<p class=\"ql-align-justify\">\u0130letkenli\u011fini iletken kau\u00e7uk, iletken plastik ve di\u011fer malzemelerin haz\u0131rlanmas\u0131na uygulayabilirsiniz. Malzemelerin iletkenlik \u00f6zelliklerini geli\u015ftirebilir.<\/p>\n<p class=\"ql-align-justify\"><strong>Enerji alan\u0131nda<\/strong><\/p>\n<p class=\"ql-align-justify\">Negatife bir katk\u0131 maddesi olarak kullanabilirsiniz <a href=\"https:\/\/jinsuncarbon.com\/tr\/urun\/pirolitik-grafit-elektrot\/\">elektrot<\/a> pilin \u015farj ve de\u015farj performans\u0131n\u0131 ve \u00e7evrim \u00f6mr\u00fcn\u00fc iyile\u015ftirmek i\u00e7in pilin malzemesi <a href=\"https:\/\/en.wikipedia.org\/wiki\/Electric_battery\" target=\"_blank\" rel=\"noopener\">Pil<\/a>. Ve enerji depolama ve d\u00f6n\u00fc\u015ft\u00fcrme verimlili\u011fini art\u0131rmaya yard\u0131mc\u0131 olacakt\u0131r.<\/p>\n<p>Ayr\u0131ca, \u00f6zel kullan\u0131m ortam\u0131na ve performans beklentilerine g\u00f6re farkl\u0131 haz\u0131rlama i\u015flemleriyle elde edilen geni\u015fletilmi\u015f grafit tozu \u00fcr\u00fcnlerini de tercih edebilirsiniz. Y\u00fcksek s\u0131cakl\u0131kta genle\u015fme i\u015fleminden sonra geni\u015fletilmi\u015f grafit tozu, y\u00fczey modifikasyonu, di\u011fer malzemelerle kompozit gibi. Veya \u00f6zel \u00f6zelliklere sahip di\u011fer geni\u015fletilmi\u015f grafit tozu t\u00fcrevleri. Is\u0131 da\u011f\u0131t\u0131m\u0131, adsorpsiyon, s\u0131zd\u0131rmazl\u0131k, alev geciktirici ve di\u011fer alanlardaki benzersiz avantajlar\u0131ndan tam anlam\u0131yla yararlanmak i\u00e7in. Projeleriniz veya \u00fcr\u00fcnleriniz i\u00e7in \u00f6zelle\u015ftirilmi\u015f malzeme \u00e7\u00f6z\u00fcmleri sa\u011flay\u0131n.<\/p>","protected":false},"excerpt":{"rendered":"<p>Geni\u015fletilmi\u015f grafit tozu, do\u011fal pul grafitten \u00f6zel i\u015flemlerle yap\u0131lan gev\u015fek ve g\u00f6zenekli solucan benzeri bir malzemedir. Esnek grafit tozu veya geni\u015fletilmi\u015f do\u011fal grafit tozu olarak da adland\u0131r\u0131l\u0131r. Geni\u015fletilmi\u015f grafit tozu \u0131s\u0131t\u0131ld\u0131\u011f\u0131nda, hacmi orijinal hacminin 300 kat\u0131na kadar geni\u015fleyebilir. Benzersiz fiziksel ve kimyasal \u00f6zelliklere sahiptir. Bu nedenle bir\u00e7ok alanda geni\u015f bir uygulama yelpazesine sahiptir, \u00e7ok fonksiyonlu bir end\u00fcstriyel malzemedir.<\/p>","protected":false},"featured_media":7067,"template":"","meta":[],"product_brand":[],"product_cat":[40],"product_tag":[],"class_list":{"0":"post-7066","1":"product","2":"type-product","3":"status-publish","4":"has-post-thumbnail","6":"product_cat-petroleum-coke","8":"first","9":"instock","10":"shipping-taxable","11":"product-type-simple"},"yoast_head":"<!-- This site is optimized with the Yoast SEO Premium plugin v19.2.1 (Yoast SEO v25.3) - https:\/\/yoast.com\/wordpress\/plugins\/seo\/ -->\n<title>Expanded Graphite Powder Manufacturer in China | Jinsun Carbon<\/title>\n<meta name=\"description\" content=\"Expanded graphite powder supplier in China, High electrical and thermal conductivity expanded natural graphite powder at best price.\" \/>\n<meta name=\"robots\" content=\"index, follow, max-snippet:-1, max-image-preview:large, max-video-preview:-1\" \/>\n<link rel=\"canonical\" href=\"https:\/\/jinsuncarbon.com\/tr\/urun\/genisletilmis-grafit-tozu\/\" \/>\n<meta property=\"og:locale\" content=\"tr_TR\" \/>\n<meta property=\"og:type\" content=\"article\" \/>\n<meta property=\"og:title\" content=\"Expanded Graphite Powder\" \/>\n<meta property=\"og:description\" content=\"Expanded graphite powder supplier in China, High electrical and thermal conductivity expanded natural graphite powder at best price.\" \/>\n<meta property=\"og:url\" content=\"https:\/\/jinsuncarbon.com\/tr\/urun\/genisletilmis-grafit-tozu\/\" \/>\n<meta property=\"og:site_name\" content=\"Jinsun Carbon\" \/>\n<meta property=\"article:publisher\" content=\"https:\/\/www.facebook.com\/Graphite-Electrode-109336238661595\" \/>\n<meta property=\"article:modified_time\" content=\"2024-12-19T15:17:21+00:00\" \/>\n<meta property=\"og:image\" content=\"https:\/\/jinsuncarbon.com\/wp-content\/uploads\/2024\/12\/Expanded-graphite-powder.jpg\" \/>\n\t<meta property=\"og:image:width\" content=\"1024\" \/>\n\t<meta property=\"og:image:height\" content=\"763\" \/>\n\t<meta property=\"og:image:type\" content=\"image\/jpeg\" \/>\n<meta name=\"twitter:card\" content=\"summary_large_image\" \/>\n<meta name=\"twitter:site\" content=\"@jinsuncarbon_\" \/>\n<meta name=\"twitter:label1\" content=\"Tahmini okuma s\u00fcresi\" \/>\n\t<meta name=\"twitter:data1\" content=\"3 dakika\" \/>\n<script type=\"application\/ld+json\" class=\"yoast-schema-graph\">{\"@context\":\"https:\/\/schema.org\",\"@graph\":[{\"@type\":\"WebPage\",\"@id\":\"https:\/\/jinsuncarbon.com\/product\/expanded-graphite-powder\/\",\"url\":\"https:\/\/jinsuncarbon.com\/product\/expanded-graphite-powder\/\",\"name\":\"Expanded Graphite Powder Manufacturer in China | Jinsun Carbon\",\"isPartOf\":{\"@id\":\"https:\/\/jinsuncarbon.com\/#website\"},\"primaryImageOfPage\":{\"@id\":\"https:\/\/jinsuncarbon.com\/product\/expanded-graphite-powder\/#primaryimage\"},\"image\":{\"@id\":\"https:\/\/jinsuncarbon.com\/product\/expanded-graphite-powder\/#primaryimage\"},\"thumbnailUrl\":\"https:\/\/jinsuncarbon.com\/wp-content\/uploads\/2024\/12\/Expanded-graphite-powder.jpg\",\"datePublished\":\"2024-12-19T14:38:28+00:00\",\"dateModified\":\"2024-12-19T15:17:21+00:00\",\"description\":\"Expanded graphite powder supplier in China, High electrical and thermal conductivity expanded natural graphite powder at best price.\",\"breadcrumb\":{\"@id\":\"https:\/\/jinsuncarbon.com\/product\/expanded-graphite-powder\/#breadcrumb\"},\"inLanguage\":\"tr\",\"potentialAction\":[{\"@type\":\"ReadAction\",\"target\":[\"https:\/\/jinsuncarbon.com\/product\/expanded-graphite-powder\/\"]}]},{\"@type\":\"ImageObject\",\"inLanguage\":\"tr\",\"@id\":\"https:\/\/jinsuncarbon.com\/product\/expanded-graphite-powder\/#primaryimage\",\"url\":\"https:\/\/jinsuncarbon.com\/wp-content\/uploads\/2024\/12\/Expanded-graphite-powder.jpg\",\"contentUrl\":\"https:\/\/jinsuncarbon.com\/wp-content\/uploads\/2024\/12\/Expanded-graphite-powder.jpg\",\"width\":1024,\"height\":763,\"caption\":\"Expanded graphite powder\"},{\"@type\":\"BreadcrumbList\",\"@id\":\"https:\/\/jinsuncarbon.com\/product\/expanded-graphite-powder\/#breadcrumb\",\"itemListElement\":[{\"@type\":\"ListItem\",\"position\":1,\"name\":\"Home\",\"item\":\"https:\/\/jinsuncarbon.com\/\"},{\"@type\":\"ListItem\",\"position\":2,\"name\":\"Products\",\"item\":\"https:\/\/jinsuncarbon.com\/graphite-carbon\/\"},{\"@type\":\"ListItem\",\"position\":3,\"name\":\"Expanded Graphite Powder\"}]},{\"@type\":\"WebSite\",\"@id\":\"https:\/\/jinsuncarbon.com\/#website\",\"url\":\"https:\/\/jinsuncarbon.com\/\",\"name\":\"Jinsun Carbon\",\"description\":\"We are the successful graphite electrode manufacturer in China\",\"publisher\":{\"@id\":\"https:\/\/jinsuncarbon.com\/#organization\"},\"potentialAction\":[{\"@type\":\"SearchAction\",\"target\":{\"@type\":\"EntryPoint\",\"urlTemplate\":\"https:\/\/jinsuncarbon.com\/?s={search_term_string}\"},\"query-input\":{\"@type\":\"PropertyValueSpecification\",\"valueRequired\":true,\"valueName\":\"search_term_string\"}}],\"inLanguage\":\"tr\"},{\"@type\":\"Organization\",\"@id\":\"https:\/\/jinsuncarbon.com\/#organization\",\"name\":\"Jinsun Carbon\",\"alternateName\":\"Jinsun Carbon\",\"url\":\"https:\/\/jinsuncarbon.com\/\",\"logo\":{\"@type\":\"ImageObject\",\"inLanguage\":\"tr\",\"@id\":\"https:\/\/jinsuncarbon.com\/#\/schema\/logo\/image\/\",\"url\":\"https:\/\/jinsuncarbon.com\/wp-content\/uploads\/2022\/12\/LOGO-1.png\",\"contentUrl\":\"https:\/\/jinsuncarbon.com\/wp-content\/uploads\/2022\/12\/LOGO-1.png\",\"width\":207,\"height\":80,\"caption\":\"Jinsun Carbon\"},\"image\":{\"@id\":\"https:\/\/jinsuncarbon.com\/#\/schema\/logo\/image\/\"},\"sameAs\":[\"https:\/\/www.facebook.com\/Graphite-Electrode-109336238661595\",\"https:\/\/x.com\/jinsuncarbon_\",\"https:\/\/www.linkedin.com\/in\/jinsungraphite\",\"https:\/\/www.youtube.com\/channel\/UCysDNyvyR5-3cCWEmpkVC0g\"]}]}<\/script>\n<!-- \/ Yoast SEO Premium plugin. -->","yoast_head_json":{"title":"\u00c7in'de Geni\u015fletilmi\u015f Grafit Tozu \u00dcreticisi | Jinsun Carbon","description":"\u00c7in'de geni\u015fletilmi\u015f grafit tozu tedarik\u00e7isi, En iyi fiyata y\u00fcksek elektrik ve termal iletkenlik geni\u015fletilmi\u015f do\u011fal grafit tozu.","robots":{"index":"index","follow":"follow","max-snippet":"max-snippet:-1","max-image-preview":"max-image-preview:large","max-video-preview":"max-video-preview:-1"},"canonical":"https:\/\/jinsuncarbon.com\/tr\/urun\/genisletilmis-grafit-tozu\/","og_locale":"tr_TR","og_type":"article","og_title":"Expanded Graphite Powder","og_description":"Expanded graphite powder supplier in China, High electrical and thermal conductivity expanded natural graphite powder at best price.","og_url":"https:\/\/jinsuncarbon.com\/tr\/urun\/genisletilmis-grafit-tozu\/","og_site_name":"Jinsun Carbon","article_publisher":"https:\/\/www.facebook.com\/Graphite-Electrode-109336238661595","article_modified_time":"2024-12-19T15:17:21+00:00","og_image":[{"width":1024,"height":763,"url":"https:\/\/jinsuncarbon.com\/wp-content\/uploads\/2024\/12\/Expanded-graphite-powder.jpg","type":"image\/jpeg"}],"twitter_card":"summary_large_image","twitter_site":"@jinsuncarbon_","twitter_misc":{"Tahmini okuma s\u00fcresi":"3 dakika"},"schema":{"@context":"https:\/\/schema.org","@graph":[{"@type":"WebPage","@id":"https:\/\/jinsuncarbon.com\/product\/expanded-graphite-powder\/","url":"https:\/\/jinsuncarbon.com\/product\/expanded-graphite-powder\/","name":"\u00c7in'de Geni\u015fletilmi\u015f Grafit Tozu \u00dcreticisi | Jinsun Carbon","isPartOf":{"@id":"https:\/\/jinsuncarbon.com\/#website"},"primaryImageOfPage":{"@id":"https:\/\/jinsuncarbon.com\/product\/expanded-graphite-powder\/#primaryimage"},"image":{"@id":"https:\/\/jinsuncarbon.com\/product\/expanded-graphite-powder\/#primaryimage"},"thumbnailUrl":"https:\/\/jinsuncarbon.com\/wp-content\/uploads\/2024\/12\/Expanded-graphite-powder.jpg","datePublished":"2024-12-19T14:38:28+00:00","dateModified":"2024-12-19T15:17:21+00:00","description":"\u00c7in'de geni\u015fletilmi\u015f grafit tozu tedarik\u00e7isi, En iyi fiyata y\u00fcksek elektrik ve termal iletkenlik geni\u015fletilmi\u015f do\u011fal grafit tozu.","breadcrumb":{"@id":"https:\/\/jinsuncarbon.com\/product\/expanded-graphite-powder\/#breadcrumb"},"inLanguage":"tr","potentialAction":[{"@type":"ReadAction","target":["https:\/\/jinsuncarbon.com\/product\/expanded-graphite-powder\/"]}]},{"@type":"ImageObject","inLanguage":"tr","@id":"https:\/\/jinsuncarbon.com\/product\/expanded-graphite-powder\/#primaryimage","url":"https:\/\/jinsuncarbon.com\/wp-content\/uploads\/2024\/12\/Expanded-graphite-powder.jpg","contentUrl":"https:\/\/jinsuncarbon.com\/wp-content\/uploads\/2024\/12\/Expanded-graphite-powder.jpg","width":1024,"height":763,"caption":"Expanded graphite powder"},{"@type":"BreadcrumbList","@id":"https:\/\/jinsuncarbon.com\/product\/expanded-graphite-powder\/#breadcrumb","itemListElement":[{"@type":"ListItem","position":1,"name":"Home","item":"https:\/\/jinsuncarbon.com\/"},{"@type":"ListItem","position":2,"name":"Products","item":"https:\/\/jinsuncarbon.com\/graphite-carbon\/"},{"@type":"ListItem","position":3,"name":"Expanded Graphite Powder"}]},{"@type":"WebSite","@id":"https:\/\/jinsuncarbon.com\/#website","url":"https:\/\/jinsuncarbon.com\/","name":"Jinsun Karbon","description":"\u00c7in'deki ba\u015far\u0131l\u0131 grafit elektrot \u00fcreticisiyiz","publisher":{"@id":"https:\/\/jinsuncarbon.com\/#organization"},"potentialAction":[{"@type":"SearchAction","target":{"@type":"EntryPoint","urlTemplate":"https:\/\/jinsuncarbon.com\/?s={search_term_string}"},"query-input":{"@type":"PropertyValueSpecification","valueRequired":true,"valueName":"search_term_string"}}],"inLanguage":"tr"},{"@type":"Organization","@id":"https:\/\/jinsuncarbon.com\/#organization","name":"Jinsun Karbon","alternateName":"Jinsun Carbon","url":"https:\/\/jinsuncarbon.com\/","logo":{"@type":"ImageObject","inLanguage":"tr","@id":"https:\/\/jinsuncarbon.com\/#\/schema\/logo\/image\/","url":"https:\/\/jinsuncarbon.com\/wp-content\/uploads\/2022\/12\/LOGO-1.png","contentUrl":"https:\/\/jinsuncarbon.com\/wp-content\/uploads\/2022\/12\/LOGO-1.png","width":207,"height":80,"caption":"Jinsun Carbon"},"image":{"@id":"https:\/\/jinsuncarbon.com\/#\/schema\/logo\/image\/"},"sameAs":["https:\/\/www.facebook.com\/Graphite-Electrode-109336238661595","https:\/\/x.com\/jinsuncarbon_","https:\/\/www.linkedin.com\/in\/jinsungraphite","https:\/\/www.youtube.com\/channel\/UCysDNyvyR5-3cCWEmpkVC0g"]}]}},"_links":{"self":[{"href":"https:\/\/jinsuncarbon.com\/tr\/wp-json\/wp\/v2\/product\/7066","targetHints":{"allow":["GET"]}}],"collection":[{"href":"https:\/\/jinsuncarbon.com\/tr\/wp-json\/wp\/v2\/product"}],"about":[{"href":"https:\/\/jinsuncarbon.com\/tr\/wp-json\/wp\/v2\/types\/product"}],"wp:featuredmedia":[{"embeddable":true,"href":"https:\/\/jinsuncarbon.com\/tr\/wp-json\/wp\/v2\/media\/7067"}],"wp:attachment":[{"href":"https:\/\/jinsuncarbon.com\/tr\/wp-json\/wp\/v2\/media?parent=7066"}],"wp:term":[{"taxonomy":"product_brand","embeddable":true,"href":"https:\/\/jinsuncarbon.com\/tr\/wp-json\/wp\/v2\/product_brand?post=7066"},{"taxonomy":"product_cat","embeddable":true,"href":"https:\/\/jinsuncarbon.com\/tr\/wp-json\/wp\/v2\/product_cat?post=7066"},{"taxonomy":"product_tag","embeddable":true,"href":"https:\/\/jinsuncarbon.com\/tr\/wp-json\/wp\/v2\/product_tag?post=7066"}],"curies":[{"name":"wp","href":"https:\/\/api.w.org\/{rel}","templated":true}]}}