{"id":7060,"date":"2024-12-18T13:09:23","date_gmt":"2024-12-18T13:09:23","guid":{"rendered":"https:\/\/jinsuncarbon.com\/?post_type=product&#038;p=7060"},"modified":"2024-12-18T13:09:24","modified_gmt":"2024-12-18T13:09:24","slug":"yesil-gecikmeli-petrol-koku","status":"publish","type":"product","link":"https:\/\/jinsuncarbon.com\/tr\/urun\/yesil-gecikmeli-petrol-koku\/","title":{"rendered":"Ye\u015fil Gecikmeli Petrol Koku"},"content":{"rendered":"<p>Ye\u015fil gecikmeli petrol koku, ham petrol\u00fcn benzin, dizel ve di\u011fer rafine \u00fcr\u00fcnleri \u00fcretmek i\u00e7in y\u00fcksek s\u0131cakl\u0131klarda \u0131s\u0131t\u0131lmas\u0131yla ortaya \u00e7\u0131kar. Kat\u0131 ve karbon a\u00e7\u0131s\u0131ndan zengin olan bu yan \u00fcr\u00fcn ye\u015fil petrol kokudur.<\/p>\n<h2 class=\"ql-align-justify\">Ye\u015fil Geciktirilmi\u015f Petrol Koku Nas\u0131l Yap\u0131l\u0131r?<\/h2>\n<p>Geciktirilmi\u015f kokla\u015ft\u0131rma i\u015flemi ye\u015fil petrokok \u00fcretir. \u0130\u015fte nas\u0131l i\u015fledi\u011fi:<\/p>\n<p>Ham Petrol\u00fcn Rafine Edilmesi: A\u011f\u0131r petroller\/rezid\u00fcel petroller bir kokla\u015ft\u0131r\u0131c\u0131 \u00fcnitesinde yakla\u015f\u0131k 450 - 500 santigrat derecede temperlenir ve benzin ve dizel gibi hafif fraksiyonlara ayr\u0131l\u0131r.<\/p>\n<p>Kok Olu\u015fumu:<\/p>\n<p>Arta kalan i\u015flenmemi\u015f malzeme yo\u011fun ve kat\u0131d\u0131r ve \u015fu \u015fekilde adland\u0131r\u0131l\u0131r <a href=\"https:\/\/jinsuncarbon.com\/tr\/urun\/yesil-petrol-kok-komuru\/\">ye\u015fil petkok<\/a>. Kat\u0131 kok daha sonra toplan\u0131r ve farkl\u0131 sekt\u00f6rlerde kullan\u0131l\u0131r.<\/p>\n<p>So\u011futma ve Toplama: Kok olu\u015fumundan sonra so\u011futulur ve gran\u00fcl malzeme olarak toplan\u0131r. Bu a\u015famada, hala k\u00fck\u00fcrt ve u\u00e7ucu madde gibi safs\u0131zl\u0131klara sahiptir ve bunlar genellikle gerekirse sonraki i\u015flemlerde giderilir.<\/p>\n<h2 class=\"ql-align-justify\">Ye\u015fil Petkok K\u00f6m\u00fcre Kar\u015f\u0131<\/h2>\n<p>Enerji Yo\u011funlu\u011fu<\/p>\n<p>K\u00f6m\u00fcre k\u0131yasla daha y\u00fcksek enerji yo\u011funlu\u011funa sahip olan ye\u015fil petrokok, a\u011f\u0131r end\u00fcstriyel proseslerde kullan\u0131labilecek do\u011frudan bir alternatiftir. Enerji yo\u011funlu\u011fu, end\u00fcstriyel s\u00fcre\u00e7lerde verimlilik sa\u011flayarak birim a\u011f\u0131rl\u0131k ba\u015f\u0131na d\u00fc\u015fen enerji miktar\u0131n\u0131 \u00f6l\u00e7er.<\/p>\n<p>Maliyet<\/p>\n<p>Ye\u015fil petrokok a\u015fa\u011f\u0131dakilerden daha ekonomiktir <a href=\"https:\/\/en.wikipedia.org\/wiki\/Coal\" target=\"_blank\" rel=\"noopener\">k\u00f6m\u00fcr<\/a>ve ham petrol rafinasyonundan elde edilen yan \u00fcr\u00fcn\u00fcn, enerji t\u00fcketen herhangi bir end\u00fcstriyel i\u015flem i\u00e7in daha ekonomik oldu\u011fundan emin olabilirsiniz. Bunun yan \u00fcr\u00fcn\u00fc, bir end\u00fcstri i\u00e7in yak\u0131t arayanlar i\u00e7in esasen ihmal edilebilir d\u00fczeydedir.<\/p>\n<p>Emisyonlar<\/p>\n<p>Ye\u015fil petkok ya da k\u00f6m\u00fcr yanarak karbon \u00fcretse de, petkok genellikle k\u00f6m\u00fcrden daha temiz yanar. Petkokun yanmas\u0131 daha d\u00fc\u015f\u00fck s\u00fclf\u00fcr ve partik\u00fcl emisyonlar\u0131 \u00fcretir. K\u00f6m\u00fcr\u00fcn yanmas\u0131 y\u00fcksek yanma ve y\u00fcksek konsantrasyonda serbest kalan gazlar i\u00e7erir, dolay\u0131s\u0131yla \u00e7evreyi etkiler. Petrokoktaki s\u00fclf\u00fcr i\u00e7eri\u011fi \u00e7ok y\u00fcksek olabilir; bu nedenle \u00e7evresel kontrollerin yap\u0131lmas\u0131 \u015fiddetle tavsiye edilir.<\/p>\n<p>Karbon Ayak \u0130zi<\/p>\n<p>Hem k\u00f6m\u00fcr hem de ye\u015fil petkok karbon ayak izine katk\u0131da bulunur. Ancak petrokokun daha y\u00fcksek karbon i\u00e7eri\u011fi ve enerji verimlili\u011fi nedeniyle, y\u00fcksek enerjiye ihtiya\u00e7 duyan end\u00fcstriyel s\u00fcre\u00e7lerde yak\u0131lmas\u0131 daha uygundur. Bu nedenle, bu t\u00fcr y\u00fcksek enerjili end\u00fcstriyel s\u00fcre\u00e7lerde, petrokokun \u00e7evre temizli\u011fini etkileyen tercih edilen bir se\u00e7enek olarak kullan\u0131lmas\u0131 tavsiye edilir.<\/p>\n<h2 class=\"ql-align-justify\">Green Petroleum Coke Fiyat<\/h2>\n<p>Ye\u015fil petrol kokunun fiyat\u0131n\u0131 etkileyen \u00e7e\u015fitli fakt\u00f6rler vard\u0131r:<\/p>\n<p>Ham Petrol Fiyatlar\u0131:<\/p>\n<p>Pet kok fiyatlar\u0131 do\u011frudan ham petrol fiyatlar\u0131na ba\u011fl\u0131d\u0131r \u00e7\u00fcnk\u00fc ye\u015fil pet kok ham petrol rafinasyonunun bir yan \u00fcr\u00fcn\u00fcd\u00fcr. Ham petrol fiyatlar\u0131n\u0131n artt\u0131\u011f\u0131 d\u00f6nemlerde petrokok daha pahal\u0131 hale gelir ve bu da petrokoka dayal\u0131 end\u00fcstriler i\u00e7in bir y\u00fck olu\u015fturur.<\/p>\n<p>Arz ve Talep:<\/p>\n<p>Ye\u015fil petrokokun petrol \u00fcr\u00fcn\u00fc ihtiya\u00e7lar\u0131 ile yak\u0131n bir ili\u015fkisi vard\u0131r. Petrol \u00fcr\u00fcnlerine y\u00f6nelik k\u00fcresel talep artt\u0131\u011f\u0131nda daha fazla ye\u015fil petrokok bulunur ve bu da fiyatlar\u0131 d\u00fc\u015f\u00fcrebilir. \u00d6te yandan, s\u0131n\u0131rl\u0131 talep fiyatlar\u0131n y\u00fckselmesine neden olabilir.<\/p>\n<p>S\u00fclf\u00fcr \u0130\u00e7eri\u011fi:<\/p>\n<p>D\u00fc\u015f\u00fck s\u00fclf\u00fcr i\u00e7eri\u011fine sahip petrokok, al\u00fcminyum \u00fcretimi gibi \u00f6zel end\u00fcstriyel uygulamalarda kullan\u0131labildi\u011fi i\u00e7in genellikle daha y\u00fcksek fiyatland\u0131r\u0131l\u0131r. En ucuz se\u00e7enek olan daha y\u00fcksek s\u00fclf\u00fcr i\u00e7erikli ye\u015fil petkokun ek i\u015flemden ge\u00e7irilmesi gerekebilir.<\/p>\n<p>Co\u011frafya ve Ula\u015f\u0131m:<\/p>\n<p>Ye\u015fil petrokok genellikle b\u00fcy\u00fck petrol rafinerilerinin bulundu\u011fu b\u00f6lgelerde \u00fcretilir; bu nedenle nakliye maliyetleri fiyat\u0131n\u0131 etkileyebilir. \u00dcretim tesisleri yak\u0131ndaysa, petkok ucuz olabilir; de\u011filse, nakliye maliyetleri zarar verebilir.<\/p>\n<p>Bu unsurlara ra\u011fmen, ye\u015fil petrol koku di\u011fer alternatiflere g\u00f6re nispeten daha ucuz bir yak\u0131t kayna\u011f\u0131d\u0131r <a href=\"https:\/\/jinsuncarbon.com\/tr\/urun\/kalsine-petrol-kok-komuru\/\">kalsine petrol kok k\u00f6m\u00fcr\u00fc<\/a> ve k\u00f6m\u00fcr, \u00f6zellikle de ham petrol rafinasyonunun bir yan \u00fcr\u00fcn\u00fc olarak \u00fcretildi\u011fi b\u00f6lgelerde.<\/p>\n<h2 class=\"ql-align-justify\">Ye\u015fil Petrol Kokunun Avantajlar\u0131<\/h2>\n<p>Ger\u00e7ekten de ye\u015fil petkok, enerji \u00fcretimi veya imalat i\u00e7in yak\u0131ta ihtiya\u00e7 duyan \u015firketler i\u00e7in uygun bir se\u00e7enektir. Birka\u00e7 \u00f6nemli fayda sunmaktad\u0131r. \u0130lk olarak, ye\u015fil petrokok k\u00f6m\u00fcr ve di\u011fer yak\u0131t t\u00fcrlerinden daha ucuzdur. Sonu\u00e7 olarak, y\u00fcksek d\u00fczeyde enerji verimlili\u011finden \u00f6d\u00fcn vermeden enerji giderlerini azaltmak isteyen end\u00fcstriler i\u00e7in daha uygun maliyetli d\u00fc\u015f\u00fck maliyetli bir kaynakt\u0131r.<\/p>\n<p>\u0130kinci olarak, ye\u015fil petrokok k\u00f6m\u00fcre k\u0131yasla daha fazla enerji i\u00e7erir. Birim a\u011f\u0131rl\u0131k ba\u015f\u0131na y\u00fcksek enerji yo\u011funlu\u011fu, enerji santrallerinde ve di\u011fer end\u00fcstriyel tesislerde yak\u0131t t\u00fcketiminde enerji verimlili\u011fini art\u0131rmaya izin verir. Enerji a\u00e7\u0131s\u0131ndan verimli bir alternatif olmasa da, i\u015fletmelerin operasyonlar\u0131n\u0131 tamamlamak i\u00e7in daha az yak\u0131t kullanmalar\u0131n\u0131 sa\u011flar.<\/p>\n<p>\u00dc\u00e7\u00fcnc\u00fc olarak, fosil yak\u0131t olarak kabul edilmesine ra\u011fmen, ye\u015fil petkok daha az yanma emisyonu \u00fcretir. Bu emisyon miktar\u0131n\u0131 azalt\u0131r. <a href=\"https:\/\/en.wikipedia.org\/wiki\/Sulfur\" target=\"_blank\" rel=\"noopener\">S\u00fclf\u00fcr<\/a> ve partik\u00fcl maddeyi yakar ve b\u00f6ylece giderek daha s\u0131k\u0131 hale gelen \u00e7evre g\u00fcvenli\u011fi d\u00fczenlemeleriyle uyumlu daha \u00e7evre dostu operasyonlara katk\u0131da bulunur.<\/p>\n<p>D\u00f6rd\u00fcnc\u00fc olarak, ye\u015fil petrokok \u00e7e\u015fitli sekt\u00f6rlerde kullan\u0131labilen \u00e7ok y\u00f6nl\u00fc bir kaynakt\u0131r. Yak\u0131t\u0131n en b\u00fcy\u00fck t\u00fcketicilerinden baz\u0131lar\u0131 enerji \u00fcretimi, imalat ve \u00e7imento \u00fcreten end\u00fcstrilere kar\u015f\u0131l\u0131k gelmektedir. Son olarak, ye\u015fil petrokok k\u00f6m\u00fcrden daha iyi yanar, yani end\u00fcstriyel ortamlardaki y\u00fcksek s\u0131cakl\u0131k uygulamalar\u0131 i\u00e7in bir gereklilik olan daha karbon yo\u011fun ve tutarl\u0131d\u0131r.<\/p>","protected":false},"excerpt":{"rendered":"<p>Ye\u015fil petrol kok k\u00f6m\u00fcr\u00fc (ye\u015fil petrokok) ham petrol\u00fcn \u0131s\u0131t\u0131lmas\u0131yla \u00fcretilen yo\u011fun kat\u0131 karbonlu bir malzemedir. A\u011f\u0131r petrollerden, daha hafif petrol fraksiyonlar\u0131 \u00fcretmek i\u00e7in a\u011f\u0131r petrollerin i\u015flendi\u011fi bir s\u00fcre\u00e7 olan gecikmeli kokla\u015ft\u0131rma s\u0131ras\u0131nda daha d\u00fc\u015f\u00fck de\u011ferli bir son \u00fcr\u00fcn olarak \u00fcretilir. \"Ye\u015fil\" etiketi, s\u00fclf\u00fcr ve u\u00e7ucu organik bile\u015fikleri ortadan kald\u0131rmak i\u00e7in daha fazla rafine edilmedi\u011fi i\u00e7in ham haldeki petkok i\u00e7in ge\u00e7erlidir. Belirli kullan\u0131mlar i\u00e7in hala daha fazla ar\u0131tma gerektirmesine ra\u011fmen, y\u00fcksek karbon i\u00e7eri\u011fi ve enerji yo\u011funlu\u011fu nedeniyle, ye\u015fil petrokok \u00e7e\u015fitli end\u00fcstriyel uygulamalara sahiptir.<\/p>","protected":false},"featured_media":7061,"template":"","meta":[],"product_brand":[],"product_cat":[40],"product_tag":[],"class_list":{"0":"post-7060","1":"product","2":"type-product","3":"status-publish","4":"has-post-thumbnail","6":"product_cat-petroleum-coke","8":"first","9":"instock","10":"shipping-taxable","11":"product-type-simple"},"yoast_head":"<!-- This site is optimized with the Yoast SEO Premium plugin v19.2.1 (Yoast SEO v25.3) - https:\/\/yoast.com\/wordpress\/plugins\/seo\/ -->\n<title>Green Delayed Petroleum Coke | Jinsun Carbon<\/title>\n<meta name=\"robots\" content=\"index, follow, max-snippet:-1, max-image-preview:large, max-video-preview:-1\" \/>\n<link rel=\"canonical\" href=\"https:\/\/jinsuncarbon.com\/tr\/urun\/yesil-gecikmeli-petrol-koku\/\" \/>\n<meta property=\"og:locale\" content=\"tr_TR\" \/>\n<meta property=\"og:type\" content=\"article\" \/>\n<meta property=\"og:title\" content=\"Green Delayed Petroleum Coke\" \/>\n<meta property=\"og:description\" content=\"Green petroleum coke (green petcoke) is a dense solid carbonaceous material produced by heating crude oil. It is generated from heavy oils as a lower value end product during delayed coking, a process for treating heavy oils to produce lighter oil fractions. The \u201cgreen\u201d label applies to petcoke in its crude state, as it hasn\u2019t been further refined to eliminate sulfur and volatile organic compounds. Despite still requiring further refinement for specific uses, due to its high carbon content and energy density, green petcoke has diverse industrial applications.\" \/>\n<meta property=\"og:url\" content=\"https:\/\/jinsuncarbon.com\/tr\/urun\/yesil-gecikmeli-petrol-koku\/\" \/>\n<meta property=\"og:site_name\" content=\"Jinsun Carbon\" \/>\n<meta property=\"article:publisher\" content=\"https:\/\/www.facebook.com\/Graphite-Electrode-109336238661595\" \/>\n<meta property=\"article:modified_time\" content=\"2024-12-18T13:09:24+00:00\" \/>\n<meta property=\"og:image\" content=\"https:\/\/jinsuncarbon.com\/wp-content\/uploads\/2024\/12\/Green-delayed-petroleum-coke.jpg\" \/>\n\t<meta property=\"og:image:width\" content=\"1024\" \/>\n\t<meta property=\"og:image:height\" content=\"763\" \/>\n\t<meta property=\"og:image:type\" content=\"image\/jpeg\" \/>\n<meta name=\"twitter:card\" content=\"summary_large_image\" \/>\n<meta name=\"twitter:site\" content=\"@jinsuncarbon_\" \/>\n<meta name=\"twitter:label1\" content=\"Tahmini okuma s\u00fcresi\" \/>\n\t<meta name=\"twitter:data1\" content=\"4 dakika\" \/>\n<script type=\"application\/ld+json\" class=\"yoast-schema-graph\">{\"@context\":\"https:\/\/schema.org\",\"@graph\":[{\"@type\":\"WebPage\",\"@id\":\"https:\/\/jinsuncarbon.com\/product\/green-delayed-petroleum-coke\/\",\"url\":\"https:\/\/jinsuncarbon.com\/product\/green-delayed-petroleum-coke\/\",\"name\":\"Green Delayed Petroleum Coke | Jinsun Carbon\",\"isPartOf\":{\"@id\":\"https:\/\/jinsuncarbon.com\/#website\"},\"primaryImageOfPage\":{\"@id\":\"https:\/\/jinsuncarbon.com\/product\/green-delayed-petroleum-coke\/#primaryimage\"},\"image\":{\"@id\":\"https:\/\/jinsuncarbon.com\/product\/green-delayed-petroleum-coke\/#primaryimage\"},\"thumbnailUrl\":\"https:\/\/jinsuncarbon.com\/wp-content\/uploads\/2024\/12\/Green-delayed-petroleum-coke.jpg\",\"datePublished\":\"2024-12-18T13:09:23+00:00\",\"dateModified\":\"2024-12-18T13:09:24+00:00\",\"breadcrumb\":{\"@id\":\"https:\/\/jinsuncarbon.com\/product\/green-delayed-petroleum-coke\/#breadcrumb\"},\"inLanguage\":\"tr\",\"potentialAction\":[{\"@type\":\"ReadAction\",\"target\":[\"https:\/\/jinsuncarbon.com\/product\/green-delayed-petroleum-coke\/\"]}]},{\"@type\":\"ImageObject\",\"inLanguage\":\"tr\",\"@id\":\"https:\/\/jinsuncarbon.com\/product\/green-delayed-petroleum-coke\/#primaryimage\",\"url\":\"https:\/\/jinsuncarbon.com\/wp-content\/uploads\/2024\/12\/Green-delayed-petroleum-coke.jpg\",\"contentUrl\":\"https:\/\/jinsuncarbon.com\/wp-content\/uploads\/2024\/12\/Green-delayed-petroleum-coke.jpg\",\"width\":1024,\"height\":763,\"caption\":\"Green delayed petroleum coke\"},{\"@type\":\"BreadcrumbList\",\"@id\":\"https:\/\/jinsuncarbon.com\/product\/green-delayed-petroleum-coke\/#breadcrumb\",\"itemListElement\":[{\"@type\":\"ListItem\",\"position\":1,\"name\":\"Home\",\"item\":\"https:\/\/jinsuncarbon.com\/\"},{\"@type\":\"ListItem\",\"position\":2,\"name\":\"Products\",\"item\":\"https:\/\/jinsuncarbon.com\/graphite-carbon\/\"},{\"@type\":\"ListItem\",\"position\":3,\"name\":\"Green Delayed Petroleum Coke\"}]},{\"@type\":\"WebSite\",\"@id\":\"https:\/\/jinsuncarbon.com\/#website\",\"url\":\"https:\/\/jinsuncarbon.com\/\",\"name\":\"Jinsun Carbon\",\"description\":\"We are the successful graphite electrode manufacturer in China\",\"publisher\":{\"@id\":\"https:\/\/jinsuncarbon.com\/#organization\"},\"potentialAction\":[{\"@type\":\"SearchAction\",\"target\":{\"@type\":\"EntryPoint\",\"urlTemplate\":\"https:\/\/jinsuncarbon.com\/?s={search_term_string}\"},\"query-input\":{\"@type\":\"PropertyValueSpecification\",\"valueRequired\":true,\"valueName\":\"search_term_string\"}}],\"inLanguage\":\"tr\"},{\"@type\":\"Organization\",\"@id\":\"https:\/\/jinsuncarbon.com\/#organization\",\"name\":\"Jinsun Carbon\",\"alternateName\":\"Jinsun Carbon\",\"url\":\"https:\/\/jinsuncarbon.com\/\",\"logo\":{\"@type\":\"ImageObject\",\"inLanguage\":\"tr\",\"@id\":\"https:\/\/jinsuncarbon.com\/#\/schema\/logo\/image\/\",\"url\":\"https:\/\/jinsuncarbon.com\/wp-content\/uploads\/2022\/12\/LOGO-1.png\",\"contentUrl\":\"https:\/\/jinsuncarbon.com\/wp-content\/uploads\/2022\/12\/LOGO-1.png\",\"width\":207,\"height\":80,\"caption\":\"Jinsun Carbon\"},\"image\":{\"@id\":\"https:\/\/jinsuncarbon.com\/#\/schema\/logo\/image\/\"},\"sameAs\":[\"https:\/\/www.facebook.com\/Graphite-Electrode-109336238661595\",\"https:\/\/x.com\/jinsuncarbon_\",\"https:\/\/www.linkedin.com\/in\/jinsungraphite\",\"https:\/\/www.youtube.com\/channel\/UCysDNyvyR5-3cCWEmpkVC0g\"]}]}<\/script>\n<!-- \/ Yoast SEO Premium plugin. -->","yoast_head_json":{"title":"Ye\u015fil Gecikmeli Petrol Koku | Jinsun Carbon","robots":{"index":"index","follow":"follow","max-snippet":"max-snippet:-1","max-image-preview":"max-image-preview:large","max-video-preview":"max-video-preview:-1"},"canonical":"https:\/\/jinsuncarbon.com\/tr\/urun\/yesil-gecikmeli-petrol-koku\/","og_locale":"tr_TR","og_type":"article","og_title":"Green Delayed Petroleum Coke","og_description":"Green petroleum coke (green petcoke) is a dense solid carbonaceous material produced by heating crude oil. It is generated from heavy oils as a lower value end product during delayed coking, a process for treating heavy oils to produce lighter oil fractions. The \u201cgreen\u201d label applies to petcoke in its crude state, as it hasn\u2019t been further refined to eliminate sulfur and volatile organic compounds. Despite still requiring further refinement for specific uses, due to its high carbon content and energy density, green petcoke has diverse industrial applications.","og_url":"https:\/\/jinsuncarbon.com\/tr\/urun\/yesil-gecikmeli-petrol-koku\/","og_site_name":"Jinsun Carbon","article_publisher":"https:\/\/www.facebook.com\/Graphite-Electrode-109336238661595","article_modified_time":"2024-12-18T13:09:24+00:00","og_image":[{"width":1024,"height":763,"url":"https:\/\/jinsuncarbon.com\/wp-content\/uploads\/2024\/12\/Green-delayed-petroleum-coke.jpg","type":"image\/jpeg"}],"twitter_card":"summary_large_image","twitter_site":"@jinsuncarbon_","twitter_misc":{"Tahmini okuma s\u00fcresi":"4 dakika"},"schema":{"@context":"https:\/\/schema.org","@graph":[{"@type":"WebPage","@id":"https:\/\/jinsuncarbon.com\/product\/green-delayed-petroleum-coke\/","url":"https:\/\/jinsuncarbon.com\/product\/green-delayed-petroleum-coke\/","name":"Ye\u015fil Gecikmeli Petrol Koku | Jinsun Carbon","isPartOf":{"@id":"https:\/\/jinsuncarbon.com\/#website"},"primaryImageOfPage":{"@id":"https:\/\/jinsuncarbon.com\/product\/green-delayed-petroleum-coke\/#primaryimage"},"image":{"@id":"https:\/\/jinsuncarbon.com\/product\/green-delayed-petroleum-coke\/#primaryimage"},"thumbnailUrl":"https:\/\/jinsuncarbon.com\/wp-content\/uploads\/2024\/12\/Green-delayed-petroleum-coke.jpg","datePublished":"2024-12-18T13:09:23+00:00","dateModified":"2024-12-18T13:09:24+00:00","breadcrumb":{"@id":"https:\/\/jinsuncarbon.com\/product\/green-delayed-petroleum-coke\/#breadcrumb"},"inLanguage":"tr","potentialAction":[{"@type":"ReadAction","target":["https:\/\/jinsuncarbon.com\/product\/green-delayed-petroleum-coke\/"]}]},{"@type":"ImageObject","inLanguage":"tr","@id":"https:\/\/jinsuncarbon.com\/product\/green-delayed-petroleum-coke\/#primaryimage","url":"https:\/\/jinsuncarbon.com\/wp-content\/uploads\/2024\/12\/Green-delayed-petroleum-coke.jpg","contentUrl":"https:\/\/jinsuncarbon.com\/wp-content\/uploads\/2024\/12\/Green-delayed-petroleum-coke.jpg","width":1024,"height":763,"caption":"Green delayed petroleum coke"},{"@type":"BreadcrumbList","@id":"https:\/\/jinsuncarbon.com\/product\/green-delayed-petroleum-coke\/#breadcrumb","itemListElement":[{"@type":"ListItem","position":1,"name":"Home","item":"https:\/\/jinsuncarbon.com\/"},{"@type":"ListItem","position":2,"name":"Products","item":"https:\/\/jinsuncarbon.com\/graphite-carbon\/"},{"@type":"ListItem","position":3,"name":"Green Delayed Petroleum Coke"}]},{"@type":"WebSite","@id":"https:\/\/jinsuncarbon.com\/#website","url":"https:\/\/jinsuncarbon.com\/","name":"Jinsun Karbon","description":"\u00c7in'deki ba\u015far\u0131l\u0131 grafit elektrot \u00fcreticisiyiz","publisher":{"@id":"https:\/\/jinsuncarbon.com\/#organization"},"potentialAction":[{"@type":"SearchAction","target":{"@type":"EntryPoint","urlTemplate":"https:\/\/jinsuncarbon.com\/?s={search_term_string}"},"query-input":{"@type":"PropertyValueSpecification","valueRequired":true,"valueName":"search_term_string"}}],"inLanguage":"tr"},{"@type":"Organization","@id":"https:\/\/jinsuncarbon.com\/#organization","name":"Jinsun Karbon","alternateName":"Jinsun Carbon","url":"https:\/\/jinsuncarbon.com\/","logo":{"@type":"ImageObject","inLanguage":"tr","@id":"https:\/\/jinsuncarbon.com\/#\/schema\/logo\/image\/","url":"https:\/\/jinsuncarbon.com\/wp-content\/uploads\/2022\/12\/LOGO-1.png","contentUrl":"https:\/\/jinsuncarbon.com\/wp-content\/uploads\/2022\/12\/LOGO-1.png","width":207,"height":80,"caption":"Jinsun Carbon"},"image":{"@id":"https:\/\/jinsuncarbon.com\/#\/schema\/logo\/image\/"},"sameAs":["https:\/\/www.facebook.com\/Graphite-Electrode-109336238661595","https:\/\/x.com\/jinsuncarbon_","https:\/\/www.linkedin.com\/in\/jinsungraphite","https:\/\/www.youtube.com\/channel\/UCysDNyvyR5-3cCWEmpkVC0g"]}]}},"_links":{"self":[{"href":"https:\/\/jinsuncarbon.com\/tr\/wp-json\/wp\/v2\/product\/7060","targetHints":{"allow":["GET"]}}],"collection":[{"href":"https:\/\/jinsuncarbon.com\/tr\/wp-json\/wp\/v2\/product"}],"about":[{"href":"https:\/\/jinsuncarbon.com\/tr\/wp-json\/wp\/v2\/types\/product"}],"wp:featuredmedia":[{"embeddable":true,"href":"https:\/\/jinsuncarbon.com\/tr\/wp-json\/wp\/v2\/media\/7061"}],"wp:attachment":[{"href":"https:\/\/jinsuncarbon.com\/tr\/wp-json\/wp\/v2\/media?parent=7060"}],"wp:term":[{"taxonomy":"product_brand","embeddable":true,"href":"https:\/\/jinsuncarbon.com\/tr\/wp-json\/wp\/v2\/product_brand?post=7060"},{"taxonomy":"product_cat","embeddable":true,"href":"https:\/\/jinsuncarbon.com\/tr\/wp-json\/wp\/v2\/product_cat?post=7060"},{"taxonomy":"product_tag","embeddable":true,"href":"https:\/\/jinsuncarbon.com\/tr\/wp-json\/wp\/v2\/product_tag?post=7060"}],"curies":[{"name":"wp","href":"https:\/\/api.w.org\/{rel}","templated":true}]}}