{"id":7052,"date":"2024-12-18T05:14:43","date_gmt":"2024-12-18T05:14:43","guid":{"rendered":"https:\/\/jinsuncarbon.com\/?post_type=product&#038;p=7052"},"modified":"2025-01-27T00:45:35","modified_gmt":"2025-01-27T00:45:35","slug":"karbon-tugla","status":"publish","type":"product","link":"https:\/\/jinsuncarbon.com\/tr\/urun\/karbon-tugla\/","title":{"rendered":"Karbon Tu\u011fla"},"content":{"rendered":"<p class=\"ql-align-justify\">Karbon tu\u011fla, y\u00fcksek s\u0131cakl\u0131k refrakter malzemesi olarak, y\u00fcksek f\u0131r\u0131nlarda, elektrikli f\u0131r\u0131nlarda ve kimyasal ekipmanlarda yayg\u0131n olarak kullan\u0131lmaktad\u0131r. Karbon tu\u011flalar\u0131n avantajlar\u0131 \u00e7ok belirgindir.<\/p>\n<ul>\n<li class=\"ql-align-justify\"><strong>M\u00fckemmel y\u00fcksek s\u0131cakl\u0131k dayan\u0131m\u0131<\/strong><\/li>\n<\/ul>\n<p class=\"ql-align-justify\">2000\u00b0C'ye kadar veya daha y\u00fcksek s\u0131cakl\u0131klarda kararl\u0131 bir \u015fekilde \u00e7al\u0131\u015fabilir. Bu da onu metal\u00fcrjik f\u0131r\u0131nlar gibi y\u00fcksek s\u0131cakl\u0131ktaki end\u00fcstriyel f\u0131r\u0131nlarda ve di\u011fer uygulama senaryolar\u0131nda m\u00fckemmel k\u0131lar.<\/p>\n<ul>\n<li class=\"ql-align-justify\"><strong>G\u00fc\u00e7l\u00fc kimyasal kararl\u0131l\u0131k<\/strong><\/li>\n<\/ul>\n<p class=\"ql-align-justify\">Bir\u00e7ok korozif ortama kar\u015f\u0131 iyi toleransa sahiptir. Asit, alkali ve di\u011fer kimyasal maddelere kar\u015f\u0131 diren\u00e7 g\u00f6sterebilir.<\/p>\n<ul>\n<li class=\"ql-align-justify\"><strong>\u0130yi elektrik iletkenli\u011fi<\/strong><\/li>\n<\/ul>\n<p class=\"ql-align-justify\">Elektrolitik al\u00fcminyum end\u00fcstrisindeki elektrolitik h\u00fccre astar\u0131 gibi iletkenlik i\u015flevine ihtiya\u00e7 duyan baz\u0131 alanlarda, \u00fcretim s\u00fcrecinin sorunsuz ilerlemesini sa\u011flamak i\u00e7in ak\u0131m\u0131 etkili bir \u015fekilde iletebilir.<\/p>\n<ul>\n<li class=\"ql-align-justify\"><strong>Y\u00fcksek mekanik mukavemet ve a\u015f\u0131nma direnci<\/strong><\/li>\n<\/ul>\n<p class=\"ql-align-justify\">Daha y\u00fcksek bas\u0131n\u00e7 ve s\u00fcrt\u00fcnme durumunda, yap\u0131n\u0131n b\u00fct\u00fcnl\u00fc\u011f\u00fcn\u00fc koruyabilir, kay\u0131plar\u0131 azaltabilir. B\u00f6ylece ekipman\u0131n hizmet \u00f6mr\u00fcn\u00fc ve bak\u0131m d\u00f6ng\u00fcs\u00fcn\u00fc uzat\u0131r, \u00fcretim maliyetlerini d\u00fc\u015f\u00fcr\u00fcr.<\/p>\n<h2 class=\"ql-align-justify\">Karbon tu\u011fla \u00e7e\u015fitleri<\/h2>\n<p class=\"ql-align-justify\">Karbon tu\u011flalar ba\u015fl\u0131ca a\u015fa\u011f\u0131daki t\u00fcrleri i\u00e7erir:<\/p>\n<h3 class=\"ql-align-justify\">Grafit karbon tu\u011fla<\/h3>\n<p class=\"ql-align-justify\">Grafit a\u00e7\u0131s\u0131ndan zengin olan grafit ilavesi, elektrik iletkenli\u011fini, termal iletkenli\u011fini ve kayganl\u0131\u011f\u0131n\u0131 \u00f6nemli \u00f6l\u00e7\u00fcde art\u0131r\u0131r. Genellikle y\u00fcksek elektrik iletkenli\u011fi gereksinimi olan alanlarda kullanabilirsiniz. Elektrot \u00fcretimi ve baz\u0131 \u00f6zel y\u00fcksek s\u0131cakl\u0131k iletken ekipmanlar\u0131 gibi. Ve performans avantajlar\u0131 bu uygulama senaryolar\u0131nda tam olarak oynan\u0131r.<\/p>\n<h3 class=\"ql-align-justify\">Magnezya karbon tu\u011fla<\/h3>\n<p class=\"ql-align-justify\">Magnezya ve <a href=\"https:\/\/jinsuncarbon.com\/tr\/grafitin-kullanim-alanlari\/\">grafit<\/a> ana hammadde olarak, iyi c\u00fcruf direnci ve termal \u015fok kararl\u0131l\u0131\u011f\u0131 ile. \u00c7elik \u00fcretiminde ve di\u011fer alanlarda yayg\u0131n olarak kullanabilirsiniz. Magnezya karbon tu\u011fla fiyat\u0131, hammadde kalitesi, \u00fcretim s\u00fcreci ve di\u011fer fakt\u00f6rler nedeniyle farkl\u0131d\u0131r. Maliyet kontrol\u00fc ve performans se\u00e7iminde bunu kapsaml\u0131 bir \u015fekilde d\u00fc\u015f\u00fcnmelisiniz.<\/p>\n<p class=\"ql-align-justify\">Buna ek olarak, karbon tu\u011fla astar gibi karbon tu\u011flalar\u0131n baz\u0131 \u00f6zel \u00f6zellikleri ve kullan\u0131mlar\u0131 vard\u0131r. Korozyona ve a\u015f\u0131nmaya direnmek i\u00e7in ekipman\u0131n i\u00e7inde astar korumas\u0131 i\u00e7in \u00f6zel olarak kullanabilirsiniz. Karbon ince tu\u011flalar, kal\u0131nl\u0131k i\u00e7in \u00f6zel gereksinimleri olan baz\u0131 sahnelerde rol oynar. Karbon siyah tu\u011flalar da benzersiz \u00f6zellikleri nedeniyle baz\u0131 \u00f6zel alanlarda bir yere sahiptir.<\/p>\n<h2>Karbon tu\u011fla \u00fcretim s\u00fcreci<\/h2>\n<p>Karbon tu\u011fla \u00fcretimi temel olarak a\u015fa\u011f\u0131daki ad\u0131mlar\u0131 i\u00e7erir:<\/p>\n<p><strong>Ad\u0131m 1: Hammadde se\u00e7imi<\/strong><\/p>\n<p>Y\u00fcksek kaliteli antrasit, kok k\u00f6m\u00fcr\u00fc vb. se\u00e7in, hammaddelerin safl\u0131\u011f\u0131n\u0131 ve taneciklerini kontrol edin. Antrasit en \u00f6nemlisidir ve ilgili g\u00f6stergeleri s\u0131k\u0131 bir \u015fekilde kontrol eder.<\/p>\n<p><strong>Ad\u0131m 2: Hammaddelerin \u00f6n i\u015flemden ge\u00e7irilmesi<\/strong><\/p>\n<p>Y\u00fcksek s\u0131cakl\u0131kta kavurma, k\u0131rma ve eleme yoluyla safs\u0131zl\u0131klar\u0131 giderin, partik\u00fcl boyutunu ayarlay\u0131n ve parametreleri do\u011fru bir \u015fekilde kontrol edin.<\/p>\n<p><strong>Ad\u0131m 3: Kar\u0131\u015ft\u0131r\u0131n ve yo\u011furun<\/strong><\/p>\n<p>Hammaddeyi ve ba\u011flay\u0131c\u0131y\u0131 orant\u0131l\u0131 olarak kar\u0131\u015ft\u0131r\u0131n, s\u0131cakl\u0131\u011f\u0131, zaman\u0131 vb. kontrol edin ve \u00e7amurun kalitesini sa\u011flay\u0131n.<\/p>\n<p><strong>Ad\u0131m 4: Kal\u0131plama ve kurutma<\/strong><\/p>\n<p>\u00c7amur malzemesi kal\u0131ba d\u00f6k\u00fcl\u00fcr. Daha sonra nemi ve u\u00e7ucu maddeleri uzakla\u015ft\u0131rmak i\u00e7in kurutulur ve kurutma ko\u015fullar\u0131 dikkatlice kontrol edilir.<\/p>\n<p><strong>Ad\u0131m 5: Kavurma<\/strong><\/p>\n<p>G\u00f6vde y\u00fcksek s\u0131cakl\u0131kta kavurma, s\u0131cakl\u0131\u011f\u0131, \u0131s\u0131tma h\u0131z\u0131n\u0131 ve di\u011fer parametreleri ayarlay\u0131n, kullan\u0131m ihtiya\u00e7lar\u0131n\u0131 kar\u015f\u0131lamak i\u00e7in performans\u0131 art\u0131r\u0131n.<\/p>\n<h2 class=\"ql-align-justify\">Karbon tu\u011flalar\u0131n kullan\u0131m alanlar\u0131<\/h2>\n<p class=\"ql-align-justify\">Karbon tu\u011flalar\u0131n kullan\u0131m\u0131 son derece geni\u015ftir, a\u015fa\u011f\u0131da baz\u0131 yayg\u0131n uygulama y\u00f6nleri verilmi\u015ftir.<\/p>\n<ul>\n<li class=\"ql-align-justify\"><strong>Metalurji end\u00fcstrisi<\/strong><\/li>\n<\/ul>\n<p class=\"ql-align-justify\">Demir y\u00fcksek f\u0131r\u0131n\u0131nda ve \u00e7elik f\u0131r\u0131n\u0131nda ve di\u011fer metal\u00fcrjik f\u0131r\u0131nlarda <a href=\"https:\/\/jinsuncarbon.com\/tr\/urun\/grafit-firin-astari\/\">Astar<\/a>anahtar refrakter malzeme olarak karbon tu\u011flalar. Y\u00fcksek s\u0131cakl\u0131ktaki s\u0131cak metal ve c\u00fcrufun erozyonuna ve a\u015f\u0131nmas\u0131na dayanabilir. Bu, a\u015fa\u011f\u0131dakilerin uzun vadeli istikrarl\u0131 \u00e7al\u0131\u015fmas\u0131 i\u00e7in garanti sa\u011flar <a href=\"https:\/\/en.wikipedia.org\/wiki\/Metallurgical_furnace#:~:text=A%20metallurgical%20furnace%2C%20often%20simply,melt%2C%20or%20otherwise%20process%20metals.\" target=\"_blank\" rel=\"noopener\">metalurji\u0307k firin<\/a>. Bunlar aras\u0131nda, iyi c\u00fcruf direnci ve termal \u015fok kararl\u0131l\u0131\u011f\u0131 nedeniyle \u00e7elik \u00fcretimi s\u00fcrecinde magnezya karbon tu\u011flas\u0131 \u00f6nemli bir rol oynamaktad\u0131r.<\/p>\n<ul>\n<li class=\"ql-align-justify\"><strong>Demir d\u0131\u015f\u0131 metal eritme<\/strong><\/li>\n<\/ul>\n<p class=\"ql-align-justify\">Elektrolitik al\u00fcminyum end\u00fcstrisinde, elektrolitik h\u00fccrelerin astar malzemesi olarak karbon tu\u011flalar\u0131 yayg\u0131n olarak kullanabilirsiniz. Sadece y\u00fcksek s\u0131cakl\u0131\u011fa ve y\u00fcksek korozif elektrolit ortam\u0131na dayanmakla kalmaz, ayn\u0131 zamanda ak\u0131m\u0131 etkili bir \u015fekilde iletir, elektrolitik s\u00fcre\u00e7te enerji t\u00fcketimini azalt\u0131r. Ve \u00fcretim verimlili\u011fini ve safl\u0131\u011f\u0131n\u0131 art\u0131r\u0131r. <a href=\"https:\/\/en.wikipedia.org\/wiki\/Aluminium#:~:text=Aluminium%20(or%20aluminum%20in%20North,surface%20when%20exposed%20to%20air.\" target=\"_blank\" rel=\"noopener\">al\u00fcminyum<\/a>.<\/p>\n<ul>\n<li class=\"ql-align-justify\"><strong>Kimya end\u00fcstrisi<\/strong><\/li>\n<\/ul>\n<p class=\"ql-align-justify\">Bir\u00e7ok kimyasal reaksiyonun y\u00fcksek s\u0131cakl\u0131k, y\u00fcksek bas\u0131n\u00e7 ve a\u015f\u0131nd\u0131r\u0131c\u0131 ortamda ger\u00e7ekle\u015ftirilmesi gerekir. Reakt\u00f6rlerde, \u0131s\u0131 e\u015fanj\u00f6rlerinde ve di\u011fer ekipmanlarda karbon tu\u011fla astar\u0131 yayg\u0131n olarak kullanabilirsiniz. Kimyasal \u00fcretimin s\u00fcreklili\u011fini ve g\u00fcvenli\u011fini sa\u011flamak i\u00e7in \u00e7e\u015fitli kimyasal ortamlar\u0131n erozyonuna direnebilir, ekipman\u0131n zarar g\u00f6rmesini \u00f6nleyebilir. A\u015f\u0131nd\u0131r\u0131c\u0131 s\u0131v\u0131lar\u0131 veya gazlar\u0131 depolayan baz\u0131 kaplarda, kab\u0131n hizmet \u00f6mr\u00fcn\u00fc uzatmak ve bak\u0131m maliyetlerini azaltmak i\u00e7in karbon tu\u011flalar\u0131 bir astar malzemesi olarak da kullanabilirsiniz.<\/p>","protected":false},"excerpt":{"rendered":"<p class=\"ql-align-justify\">Karbon tu\u011flalar, ana bile\u015fen olarak karbon hammaddelerinden (kok, antrasit, grafit vb.) yap\u0131lan ve y\u00fcksek s\u0131cakl\u0131klarda pi\u015firilen refrakter malzemelerdir. Y\u00fcksek s\u0131cakl\u0131klara ve korozyona kar\u015f\u0131 dayan\u0131kl\u0131d\u0131rlar ve esas olarak f\u0131r\u0131nlarda ve d\u00f6n\u00fc\u015ft\u00fcr\u00fcc\u00fclerde f\u0131r\u0131n astar\u0131 olarak kullan\u0131l\u0131rlar. Karbon tu\u011fla \u00f6zellikleri:<\/p>\n<ul>\n<li>Sabit karbon: \u226550%.<\/li>\n<li>Silisyum karb\u00fcr i\u00e7eri\u011fi: 15-22%.<\/li>\n<li>Y\u0131\u011f\u0131n yo\u011funlu\u011fu: \u22651,7 g\/cm\u00b3.<\/li>\n<li>G\u00f6r\u00fcn\u00fcr g\u00f6zeneklilik: \u226420%.<\/li>\n<li>Bas\u0131n\u00e7 dayan\u0131m\u0131: \u226542MPa.<\/li>\n<li>K\u00fcl i\u00e7eri\u011fi: \u22647%.<\/li>\n<li>E\u011filme dayan\u0131m\u0131: 6.86MPa<\/li>\n<\/ul>","protected":false},"featured_media":7076,"template":"","meta":[],"product_brand":[],"product_cat":[39],"product_tag":[],"class_list":{"0":"post-7052","1":"product","2":"type-product","3":"status-publish","4":"has-post-thumbnail","6":"product_cat-carbon-products","8":"first","9":"instock","10":"shipping-taxable","11":"product-type-simple"},"yoast_head":"<!-- This site is optimized with the Yoast SEO Premium plugin v19.2.1 (Yoast SEO v25.3) - https:\/\/yoast.com\/wordpress\/plugins\/seo\/ -->\n<title>Carbon Brick | Jinsun Carbon<\/title>\n<meta name=\"robots\" content=\"index, follow, max-snippet:-1, max-image-preview:large, max-video-preview:-1\" \/>\n<link rel=\"canonical\" href=\"https:\/\/jinsuncarbon.com\/tr\/urun\/karbon-tugla\/\" \/>\n<meta property=\"og:locale\" content=\"tr_TR\" \/>\n<meta property=\"og:type\" content=\"article\" \/>\n<meta property=\"og:title\" content=\"Carbon Brick\" \/>\n<meta property=\"og:description\" content=\"Carbon bricks are refractory materials made of carbon raw materials (coke, anthracite, graphite, etc.) as the main components and fired at high temperatures. They are resistant to high temperatures and corrosion and are mainly used as furnace linings in furnaces and converters. Carbon brick specification:    Fixed carbon: \u226550%.  Silicon carbide content: 15-22%.  Bulk density: \u22651.7g\/cm\u00b3.  Apparent porosity: \u226420%.  Compressive strength: \u226542MPa.  Ash content: \u22647%.  Flexural strength: 6.86MPa\" \/>\n<meta property=\"og:url\" content=\"https:\/\/jinsuncarbon.com\/tr\/urun\/karbon-tugla\/\" \/>\n<meta property=\"og:site_name\" content=\"Jinsun Carbon\" \/>\n<meta property=\"article:publisher\" content=\"https:\/\/www.facebook.com\/Graphite-Electrode-109336238661595\" \/>\n<meta property=\"article:modified_time\" content=\"2025-01-27T00:45:35+00:00\" \/>\n<meta property=\"og:image\" content=\"https:\/\/jinsuncarbon.com\/wp-content\/uploads\/2024\/12\/Carbon-brick-1.jpg\" \/>\n\t<meta property=\"og:image:width\" content=\"1024\" \/>\n\t<meta property=\"og:image:height\" content=\"763\" \/>\n\t<meta property=\"og:image:type\" content=\"image\/jpeg\" \/>\n<meta name=\"twitter:card\" content=\"summary_large_image\" \/>\n<meta name=\"twitter:site\" content=\"@jinsuncarbon_\" \/>\n<meta name=\"twitter:label1\" content=\"Tahmini okuma s\u00fcresi\" \/>\n\t<meta name=\"twitter:data1\" content=\"4 dakika\" \/>\n<script type=\"application\/ld+json\" class=\"yoast-schema-graph\">{\"@context\":\"https:\/\/schema.org\",\"@graph\":[{\"@type\":\"WebPage\",\"@id\":\"https:\/\/jinsuncarbon.com\/product\/carbon-brick\/\",\"url\":\"https:\/\/jinsuncarbon.com\/product\/carbon-brick\/\",\"name\":\"Carbon Brick | Jinsun Carbon\",\"isPartOf\":{\"@id\":\"https:\/\/jinsuncarbon.com\/#website\"},\"primaryImageOfPage\":{\"@id\":\"https:\/\/jinsuncarbon.com\/product\/carbon-brick\/#primaryimage\"},\"image\":{\"@id\":\"https:\/\/jinsuncarbon.com\/product\/carbon-brick\/#primaryimage\"},\"thumbnailUrl\":\"https:\/\/jinsuncarbon.com\/wp-content\/uploads\/2024\/12\/Carbon-brick-1.jpg\",\"datePublished\":\"2024-12-18T05:14:43+00:00\",\"dateModified\":\"2025-01-27T00:45:35+00:00\",\"breadcrumb\":{\"@id\":\"https:\/\/jinsuncarbon.com\/product\/carbon-brick\/#breadcrumb\"},\"inLanguage\":\"tr\",\"potentialAction\":[{\"@type\":\"ReadAction\",\"target\":[\"https:\/\/jinsuncarbon.com\/product\/carbon-brick\/\"]}]},{\"@type\":\"ImageObject\",\"inLanguage\":\"tr\",\"@id\":\"https:\/\/jinsuncarbon.com\/product\/carbon-brick\/#primaryimage\",\"url\":\"https:\/\/jinsuncarbon.com\/wp-content\/uploads\/2024\/12\/Carbon-brick-1.jpg\",\"contentUrl\":\"https:\/\/jinsuncarbon.com\/wp-content\/uploads\/2024\/12\/Carbon-brick-1.jpg\",\"width\":1024,\"height\":763,\"caption\":\"Carbon brick\"},{\"@type\":\"BreadcrumbList\",\"@id\":\"https:\/\/jinsuncarbon.com\/product\/carbon-brick\/#breadcrumb\",\"itemListElement\":[{\"@type\":\"ListItem\",\"position\":1,\"name\":\"Home\",\"item\":\"https:\/\/jinsuncarbon.com\/\"},{\"@type\":\"ListItem\",\"position\":2,\"name\":\"Products\",\"item\":\"https:\/\/jinsuncarbon.com\/graphite-carbon\/\"},{\"@type\":\"ListItem\",\"position\":3,\"name\":\"Carbon Brick\"}]},{\"@type\":\"WebSite\",\"@id\":\"https:\/\/jinsuncarbon.com\/#website\",\"url\":\"https:\/\/jinsuncarbon.com\/\",\"name\":\"Jinsun Carbon\",\"description\":\"We are the successful graphite electrode manufacturer in China\",\"publisher\":{\"@id\":\"https:\/\/jinsuncarbon.com\/#organization\"},\"potentialAction\":[{\"@type\":\"SearchAction\",\"target\":{\"@type\":\"EntryPoint\",\"urlTemplate\":\"https:\/\/jinsuncarbon.com\/?s={search_term_string}\"},\"query-input\":{\"@type\":\"PropertyValueSpecification\",\"valueRequired\":true,\"valueName\":\"search_term_string\"}}],\"inLanguage\":\"tr\"},{\"@type\":\"Organization\",\"@id\":\"https:\/\/jinsuncarbon.com\/#organization\",\"name\":\"Jinsun Carbon\",\"alternateName\":\"Jinsun Carbon\",\"url\":\"https:\/\/jinsuncarbon.com\/\",\"logo\":{\"@type\":\"ImageObject\",\"inLanguage\":\"tr\",\"@id\":\"https:\/\/jinsuncarbon.com\/#\/schema\/logo\/image\/\",\"url\":\"https:\/\/jinsuncarbon.com\/wp-content\/uploads\/2022\/12\/LOGO-1.png\",\"contentUrl\":\"https:\/\/jinsuncarbon.com\/wp-content\/uploads\/2022\/12\/LOGO-1.png\",\"width\":207,\"height\":80,\"caption\":\"Jinsun Carbon\"},\"image\":{\"@id\":\"https:\/\/jinsuncarbon.com\/#\/schema\/logo\/image\/\"},\"sameAs\":[\"https:\/\/www.facebook.com\/Graphite-Electrode-109336238661595\",\"https:\/\/x.com\/jinsuncarbon_\",\"https:\/\/www.linkedin.com\/in\/jinsungraphite\",\"https:\/\/www.youtube.com\/channel\/UCysDNyvyR5-3cCWEmpkVC0g\"]}]}<\/script>\n<!-- \/ Yoast SEO Premium plugin. -->","yoast_head_json":{"title":"Karbon Tu\u011fla | Jinsun Carbon","robots":{"index":"index","follow":"follow","max-snippet":"max-snippet:-1","max-image-preview":"max-image-preview:large","max-video-preview":"max-video-preview:-1"},"canonical":"https:\/\/jinsuncarbon.com\/tr\/urun\/karbon-tugla\/","og_locale":"tr_TR","og_type":"article","og_title":"Carbon Brick","og_description":"Carbon bricks are refractory materials made of carbon raw materials (coke, anthracite, graphite, etc.) as the main components and fired at high temperatures. They are resistant to high temperatures and corrosion and are mainly used as furnace linings in furnaces and converters. Carbon brick specification:    Fixed carbon: \u226550%.  Silicon carbide content: 15-22%.  Bulk density: \u22651.7g\/cm\u00b3.  Apparent porosity: \u226420%.  Compressive strength: \u226542MPa.  Ash content: \u22647%.  Flexural strength: 6.86MPa","og_url":"https:\/\/jinsuncarbon.com\/tr\/urun\/karbon-tugla\/","og_site_name":"Jinsun Carbon","article_publisher":"https:\/\/www.facebook.com\/Graphite-Electrode-109336238661595","article_modified_time":"2025-01-27T00:45:35+00:00","og_image":[{"width":1024,"height":763,"url":"https:\/\/jinsuncarbon.com\/wp-content\/uploads\/2024\/12\/Carbon-brick-1.jpg","type":"image\/jpeg"}],"twitter_card":"summary_large_image","twitter_site":"@jinsuncarbon_","twitter_misc":{"Tahmini okuma s\u00fcresi":"4 dakika"},"schema":{"@context":"https:\/\/schema.org","@graph":[{"@type":"WebPage","@id":"https:\/\/jinsuncarbon.com\/product\/carbon-brick\/","url":"https:\/\/jinsuncarbon.com\/product\/carbon-brick\/","name":"Karbon Tu\u011fla | Jinsun Carbon","isPartOf":{"@id":"https:\/\/jinsuncarbon.com\/#website"},"primaryImageOfPage":{"@id":"https:\/\/jinsuncarbon.com\/product\/carbon-brick\/#primaryimage"},"image":{"@id":"https:\/\/jinsuncarbon.com\/product\/carbon-brick\/#primaryimage"},"thumbnailUrl":"https:\/\/jinsuncarbon.com\/wp-content\/uploads\/2024\/12\/Carbon-brick-1.jpg","datePublished":"2024-12-18T05:14:43+00:00","dateModified":"2025-01-27T00:45:35+00:00","breadcrumb":{"@id":"https:\/\/jinsuncarbon.com\/product\/carbon-brick\/#breadcrumb"},"inLanguage":"tr","potentialAction":[{"@type":"ReadAction","target":["https:\/\/jinsuncarbon.com\/product\/carbon-brick\/"]}]},{"@type":"ImageObject","inLanguage":"tr","@id":"https:\/\/jinsuncarbon.com\/product\/carbon-brick\/#primaryimage","url":"https:\/\/jinsuncarbon.com\/wp-content\/uploads\/2024\/12\/Carbon-brick-1.jpg","contentUrl":"https:\/\/jinsuncarbon.com\/wp-content\/uploads\/2024\/12\/Carbon-brick-1.jpg","width":1024,"height":763,"caption":"Carbon brick"},{"@type":"BreadcrumbList","@id":"https:\/\/jinsuncarbon.com\/product\/carbon-brick\/#breadcrumb","itemListElement":[{"@type":"ListItem","position":1,"name":"Home","item":"https:\/\/jinsuncarbon.com\/"},{"@type":"ListItem","position":2,"name":"Products","item":"https:\/\/jinsuncarbon.com\/graphite-carbon\/"},{"@type":"ListItem","position":3,"name":"Carbon Brick"}]},{"@type":"WebSite","@id":"https:\/\/jinsuncarbon.com\/#website","url":"https:\/\/jinsuncarbon.com\/","name":"Jinsun Karbon","description":"\u00c7in'deki ba\u015far\u0131l\u0131 grafit elektrot \u00fcreticisiyiz","publisher":{"@id":"https:\/\/jinsuncarbon.com\/#organization"},"potentialAction":[{"@type":"SearchAction","target":{"@type":"EntryPoint","urlTemplate":"https:\/\/jinsuncarbon.com\/?s={search_term_string}"},"query-input":{"@type":"PropertyValueSpecification","valueRequired":true,"valueName":"search_term_string"}}],"inLanguage":"tr"},{"@type":"Organization","@id":"https:\/\/jinsuncarbon.com\/#organization","name":"Jinsun Karbon","alternateName":"Jinsun Carbon","url":"https:\/\/jinsuncarbon.com\/","logo":{"@type":"ImageObject","inLanguage":"tr","@id":"https:\/\/jinsuncarbon.com\/#\/schema\/logo\/image\/","url":"https:\/\/jinsuncarbon.com\/wp-content\/uploads\/2022\/12\/LOGO-1.png","contentUrl":"https:\/\/jinsuncarbon.com\/wp-content\/uploads\/2022\/12\/LOGO-1.png","width":207,"height":80,"caption":"Jinsun Carbon"},"image":{"@id":"https:\/\/jinsuncarbon.com\/#\/schema\/logo\/image\/"},"sameAs":["https:\/\/www.facebook.com\/Graphite-Electrode-109336238661595","https:\/\/x.com\/jinsuncarbon_","https:\/\/www.linkedin.com\/in\/jinsungraphite","https:\/\/www.youtube.com\/channel\/UCysDNyvyR5-3cCWEmpkVC0g"]}]}},"_links":{"self":[{"href":"https:\/\/jinsuncarbon.com\/tr\/wp-json\/wp\/v2\/product\/7052","targetHints":{"allow":["GET"]}}],"collection":[{"href":"https:\/\/jinsuncarbon.com\/tr\/wp-json\/wp\/v2\/product"}],"about":[{"href":"https:\/\/jinsuncarbon.com\/tr\/wp-json\/wp\/v2\/types\/product"}],"wp:featuredmedia":[{"embeddable":true,"href":"https:\/\/jinsuncarbon.com\/tr\/wp-json\/wp\/v2\/media\/7076"}],"wp:attachment":[{"href":"https:\/\/jinsuncarbon.com\/tr\/wp-json\/wp\/v2\/media?parent=7052"}],"wp:term":[{"taxonomy":"product_brand","embeddable":true,"href":"https:\/\/jinsuncarbon.com\/tr\/wp-json\/wp\/v2\/product_brand?post=7052"},{"taxonomy":"product_cat","embeddable":true,"href":"https:\/\/jinsuncarbon.com\/tr\/wp-json\/wp\/v2\/product_cat?post=7052"},{"taxonomy":"product_tag","embeddable":true,"href":"https:\/\/jinsuncarbon.com\/tr\/wp-json\/wp\/v2\/product_tag?post=7052"}],"curies":[{"name":"wp","href":"https:\/\/api.w.org\/{rel}","templated":true}]}}