{"id":7035,"date":"2024-12-16T10:41:11","date_gmt":"2024-12-16T10:41:11","guid":{"rendered":"https:\/\/jinsuncarbon.com\/?post_type=product&#038;p=7035"},"modified":"2024-12-16T10:41:12","modified_gmt":"2024-12-16T10:41:12","slug":"yuksek-yogunluklu-grafit-cubuk","status":"publish","type":"product","link":"https:\/\/jinsuncarbon.com\/tr\/urun\/yuksek-yogunluklu-grafit-cubuk\/","title":{"rendered":"Y\u00fcksek Yo\u011funluklu Grafit \u00c7ubuk"},"content":{"rendered":"<h2>Y\u00fcksek yo\u011funluklu grafit \u00e7ubuk avantajlar\u0131<\/h2>\n<p><strong><b>Y\u00fcksek iletkenlik<\/b><\/strong><\/p>\n<p>Ak\u0131m\u0131 verimli bir \u015fekilde aktarabilir, elektrikli ekipmanlardaki enerji kayb\u0131n\u0131 etkili bir \u015fekilde azaltabilir. G\u00fc\u00e7 aktar\u0131m\u0131n\u0131n kararl\u0131l\u0131\u011f\u0131n\u0131 ve verimlili\u011fini sa\u011flar.<\/p>\n<p><strong><b>\u00a0<\/b><\/strong><\/p>\n<p><strong><b>\u0130yi termal iletkenlik<\/b><\/strong><\/p>\n<p>Bu, \u0131s\u0131y\u0131 h\u0131zl\u0131 bir \u015fekilde iletmesini, y\u00fcksek s\u0131cakl\u0131k ortam\u0131nda zaman\u0131nda \u0131s\u0131 da\u011f\u0131l\u0131m\u0131n\u0131 sa\u011flar. A\u015f\u0131r\u0131 \u0131s\u0131nmadan kaynaklanan malzeme hasar\u0131n\u0131 \u00f6nler ve ekipman\u0131n g\u00fcvenli \u00e7al\u0131\u015fmas\u0131n\u0131 sa\u011flar.<\/p>\n<p>&nbsp;<\/p>\n<p><strong><b>G\u00fc\u00e7l\u00fc kimyasal kararl\u0131l\u0131k<\/b><\/strong><\/p>\n<p>Asit, alkali ve di\u011fer a\u015f\u0131nd\u0131r\u0131c\u0131 ortam erozyonuna dayan\u0131kl\u0131d\u0131r, sert kimyasal ortamlarda kimyasal reaksiyon olmadan uzun s\u00fcre kullanabilirsiniz. Hizmet \u00f6mr\u00fcn\u00fc ve performans istikrar\u0131n\u0131 sa\u011flay\u0131n.<\/p>\n<p>&nbsp;<\/p>\n<p><strong><b>Y\u00fcksek mekanik dayan\u0131m<\/b><\/strong><\/p>\n<p>G\u00fc\u00e7l\u00fc bas\u0131n\u00e7 ve e\u011filme direnci ile b\u00fcy\u00fck d\u0131\u015f kuvvetlere maruz kald\u0131\u011f\u0131nda k\u0131r\u0131lmas\u0131 veya deforme olmas\u0131 kolay de\u011fildir. Y\u00fcksek yap\u0131sal mukavemet gereksinimleri olan baz\u0131 uygulama senaryolar\u0131n\u0131 kar\u015f\u0131layabilir.<\/p>\n<p>&nbsp;<\/p>\n<p><strong><b>\u0130yi kendinden ya\u011flama ve d\u00fc\u015f\u00fck s\u00fcrt\u00fcnme katsay\u0131s\u0131<\/b><\/strong><\/p>\n<p>\u0130lgili hareketli par\u00e7alardaki s\u00fcrt\u00fcnmeyi ve a\u015f\u0131nmay\u0131 azaltabilir, ekipman\u0131n bak\u0131m maliyetini ve \u00e7al\u0131\u015fma direncini azaltabilir. Ve ekipman\u0131n genel performans\u0131n\u0131 ve hizmet \u00f6mr\u00fcn\u00fc iyile\u015ftirir.<\/p>\n<p><strong><b>\u00a0<\/b><\/strong><\/p>\n<h2>Y\u00fcksek yo\u011funluklu grafit \u00e7ubuk \u00e7e\u015fitleri<\/h2>\n<h3>Ekstr\u00fcde grafit \u00e7ubuk<\/h3>\n<p>Ekstr\u00fczyon kal\u0131plama i\u015flemi kullan\u0131larak, grafit hammaddesi belirli bir kal\u0131p arac\u0131l\u0131\u011f\u0131yla \u00e7ubuk \u015fekline getirilir. Bu i\u015flem <a href=\"https:\/\/jinsuncarbon.com\/tr\/urun\/grafit-cubuk\/\">grafit \u00e7ubuk<\/a> Bu i\u015flemle \u00fcretilen daha y\u00fcksek yo\u011funlu\u011fa ve daha iyi eksenel performansa sahiptir. B\u00fcy\u00fck eksenel bas\u0131n\u00e7 veya gerilime dayanmas\u0131 gereken durumlar i\u00e7in uygundur. Baz\u0131 b\u00fcy\u00fck elektrolitik h\u00fccrelerin elektrotlar\u0131, end\u00fcstriyel f\u0131r\u0131nlar\u0131n \u0131s\u0131tma elemanlar\u0131 vb. gibi.<\/p>\n<p>&nbsp;<\/p>\n<h3>Kal\u0131planm\u0131\u015f grafit \u00e7ubuk<\/h3>\n<p>Kal\u0131p presleme kal\u0131plama kullan\u0131m\u0131, \u00fcr\u00fcnleri y\u00fcksek boyutsal do\u011frulu\u011fa, iyi y\u00fczey kalitesine sahiptir, izotropi daha belirgindir. Hassas aletler gibi y\u00fcksek boyutsal do\u011fruluk ve fiziksel performans tutarl\u0131l\u0131\u011f\u0131 gereksinimleri olan baz\u0131 uygulamalar\u0131 kar\u015f\u0131layabilir. <a href=\"https:\/\/jinsuncarbon.com\/tr\/urun\/grafit-cubuk-elektrot\/\">elektrotlar<\/a>y\u00fcksek kaliteli mekanik salmastra a\u015f\u0131nmaya dayan\u0131kl\u0131 par\u00e7alar vb.<\/p>\n<p>&nbsp;<\/p>\n<p>&nbsp;<\/p>\n<h2>Y\u00fcksek yo\u011funluklu grafit \u00e7ubuklar\u0131n kullan\u0131m alanlar\u0131<\/h2>\n<p><strong><b>Demir ve \u00e7elik metalurjisi end\u00fcstrisi<\/b><\/strong><\/p>\n<p>Elektrik ark ocakl\u0131 \u00e7elik \u00fcretiminde elektrot olarak y\u00fcksek yo\u011funluklu grafit \u00e7ubuklar kullanabilirsiniz. Y\u00fcksek ak\u0131m ve y\u00fcksek s\u0131cakl\u0131\u011fa dayanabilir, ark hurdas\u0131 \u00fcretebilir, erimi\u015f \u00e7eli\u011fin verimlili\u011fini ve kalitesini art\u0131rabilir. Ve erimi\u015f \u00e7eli\u011fi rafineri d\u0131\u015f\u0131nda kar\u0131\u015ft\u0131r\u0131n ve \u0131s\u0131t\u0131n <a href=\"https:\/\/en.wikipedia.org\/wiki\/Electric_arc_furnace\" target=\"_blank\" rel=\"noopener\">F\u0131r\u0131n<\/a>bile\u015fimi ve s\u0131cakl\u0131\u011f\u0131 homojenle\u015ftirir ve \u00e7elik kalitesini art\u0131r\u0131r.<\/p>\n<p>&nbsp;<\/p>\n<p><strong><b>Elektronik yar\u0131 iletkenler alan\u0131nda<\/b><\/strong><\/p>\n<p><a href=\"https:\/\/en.wikipedia.org\/wiki\/Monocrystalline_silicon\" target=\"_blank\" rel=\"noopener\">Monokristal silikon<\/a> Is\u0131tma ve destek par\u00e7alar\u0131 ile \u00fcretim. S\u0131cakl\u0131k kontrol\u00fc, kimyasal stabilitesi, kristal kalitesini korumak i\u00e7in kararl\u0131 y\u00fcksek s\u0131cakl\u0131kt\u0131r. Elektrot fikst\u00fcr\u00fcn\u00fc, y\u00fcksek hassasiyetli i\u015fleme i\u00e7in elektrik iletkenli\u011fi, termal iletkenlik ve stabilite gereksinimlerini kar\u015f\u0131lamak i\u00e7in \u00e7ip litografi a\u015f\u0131nd\u0131rmada kullanabilirsiniz. Ve \u00e7ipin y\u00fcksek kaliteli \u00fcretimine yard\u0131mc\u0131 olur.<\/p>\n<p>&nbsp;<\/p>\n<p><strong><b>Tala\u015fl\u0131 imalat end\u00fcstrisi<\/b><\/strong><\/p>\n<p>Mekanik bir salmastra olarak, pompa valfi ortam\u0131n\u0131n s\u0131zmas\u0131n\u0131 \u00f6nlemek i\u00e7in kendinden ya\u011flama ve a\u015f\u0131nma direnci ile gizli s\u0131zd\u0131rmazl\u0131k ve kararl\u0131 \u00e7al\u0131\u015fma. Y\u00fcksek h\u0131zl\u0131 d\u00f6nen ekipmanlarda yatak kovan\u0131 yapar, s\u00fcrt\u00fcnmeyi, enerji t\u00fcketimini ve g\u00fcr\u00fclt\u00fcy\u00fc azalt\u0131r. Ve \u00f6mr\u00fc uzat\u0131r, do\u011frulu\u011fu ve verimlili\u011fi art\u0131r\u0131r.<\/p>\n<p>&nbsp;<\/p>\n<p><strong><b>Kimya end\u00fcstrisi<\/b><\/strong><\/p>\n<p>Reakt\u00f6rde bir \u0131s\u0131tma par\u00e7as\u0131 olarak, \u0131s\u0131 transferi h\u0131zl\u0131d\u0131r ve reaksiyon e\u015fit \u015fekilde te\u015fvik edilir.  G\u00fc\u00e7l\u00fc asit ve alkali direnci, uzun s\u00fcreli istikrarl\u0131 \u00e7al\u0131\u015fma sa\u011flar, g\u00fcvenli\u011fi ve g\u00fcvenilirli\u011fi art\u0131r\u0131r. Korozyon hasar\u0131n\u0131 \u00f6nlemek ve sistemin normal \u00e7al\u0131\u015fmas\u0131n\u0131 sa\u011flamak i\u00e7in kimyasal boru hatt\u0131 deste\u011finin yal\u0131t\u0131m\u0131 i\u00e7in de kullanabilirsiniz.<\/p>","protected":false},"excerpt":{"rendered":"<p>Y\u00fcksek yo\u011funluklu grafit \u00e7ubuk, y\u00fcksek kaliteli grafit hammaddesinden \u00f6zel i\u015flemle yap\u0131lan \u00e7ubuk benzeri bir malzemedir. Y\u00fcksek yo\u011funluk \u00f6zelliklerine sahiptir. \u0130\u00e7 yap\u0131s\u0131 s\u0131k\u0131d\u0131r, grafit kristal d\u00fczeni d\u00fczenlidir.<\/p>\n<p>&nbsp;<\/p>\n<p>Y\u00fcksek yo\u011funluklu grafit \u00e7ubuklar \u00e7o\u011funlukla silindir veya k\u00fcboid \u015feklinde \u015fekillendirilmi\u015f par\u00e7alard\u0131r. Ger\u00e7ek uygulama senaryonuza ba\u011fl\u0131 olarak, ihtiya\u00e7 duydu\u011funuz boyutta i\u015flenebilirler.<\/p>\n<p>&nbsp;<\/p>","protected":false},"featured_media":7036,"template":"","meta":[],"product_brand":[],"product_cat":[38],"product_tag":[],"class_list":{"0":"post-7035","1":"product","2":"type-product","3":"status-publish","4":"has-post-thumbnail","6":"product_cat-graphite-products","8":"first","9":"instock","10":"shipping-taxable","11":"product-type-simple"},"yoast_head":"<!-- This site is optimized with the Yoast SEO Premium plugin v19.2.1 (Yoast SEO v25.3) - https:\/\/yoast.com\/wordpress\/plugins\/seo\/ -->\n<title>High Density Graphite Rod | Jinsun Carbon<\/title>\n<meta name=\"robots\" content=\"index, follow, max-snippet:-1, max-image-preview:large, max-video-preview:-1\" \/>\n<link rel=\"canonical\" href=\"https:\/\/jinsuncarbon.com\/tr\/urun\/yuksek-yogunluklu-grafit-cubuk\/\" \/>\n<meta property=\"og:locale\" content=\"tr_TR\" \/>\n<meta property=\"og:type\" content=\"article\" \/>\n<meta property=\"og:title\" content=\"High Density Graphite Rod\" \/>\n<meta property=\"og:description\" content=\"High-density graphite rod is a kind of rod-like material made from high quality graphite raw material by special process. It has the characteristics of high density. Its internal structure is tight, the graphite crystal arrangement is regular.  &nbsp;  High\u00a0density graphite rods are mainly shaped parts in the shape of cylinders or cuboids. Depending on your actual application scenario, they can be machined to the size you require.  &nbsp;\" \/>\n<meta property=\"og:url\" content=\"https:\/\/jinsuncarbon.com\/tr\/urun\/yuksek-yogunluklu-grafit-cubuk\/\" \/>\n<meta property=\"og:site_name\" content=\"Jinsun Carbon\" \/>\n<meta property=\"article:publisher\" content=\"https:\/\/www.facebook.com\/Graphite-Electrode-109336238661595\" \/>\n<meta property=\"article:modified_time\" content=\"2024-12-16T10:41:12+00:00\" \/>\n<meta property=\"og:image\" content=\"https:\/\/jinsuncarbon.com\/wp-content\/uploads\/2024\/12\/High-density-graphite-rod.jpg\" \/>\n\t<meta property=\"og:image:width\" content=\"1024\" \/>\n\t<meta property=\"og:image:height\" content=\"763\" \/>\n\t<meta property=\"og:image:type\" content=\"image\/jpeg\" \/>\n<meta name=\"twitter:card\" content=\"summary_large_image\" \/>\n<meta name=\"twitter:site\" content=\"@jinsuncarbon_\" \/>\n<meta name=\"twitter:label1\" content=\"Tahmini okuma s\u00fcresi\" \/>\n\t<meta name=\"twitter:data1\" content=\"3 dakika\" \/>\n<script type=\"application\/ld+json\" class=\"yoast-schema-graph\">{\"@context\":\"https:\/\/schema.org\",\"@graph\":[{\"@type\":\"WebPage\",\"@id\":\"https:\/\/jinsuncarbon.com\/product\/high-density-graphite-rod\/\",\"url\":\"https:\/\/jinsuncarbon.com\/product\/high-density-graphite-rod\/\",\"name\":\"High Density Graphite Rod | Jinsun Carbon\",\"isPartOf\":{\"@id\":\"https:\/\/jinsuncarbon.com\/#website\"},\"primaryImageOfPage\":{\"@id\":\"https:\/\/jinsuncarbon.com\/product\/high-density-graphite-rod\/#primaryimage\"},\"image\":{\"@id\":\"https:\/\/jinsuncarbon.com\/product\/high-density-graphite-rod\/#primaryimage\"},\"thumbnailUrl\":\"https:\/\/jinsuncarbon.com\/wp-content\/uploads\/2024\/12\/High-density-graphite-rod.jpg\",\"datePublished\":\"2024-12-16T10:41:11+00:00\",\"dateModified\":\"2024-12-16T10:41:12+00:00\",\"breadcrumb\":{\"@id\":\"https:\/\/jinsuncarbon.com\/product\/high-density-graphite-rod\/#breadcrumb\"},\"inLanguage\":\"tr\",\"potentialAction\":[{\"@type\":\"ReadAction\",\"target\":[\"https:\/\/jinsuncarbon.com\/product\/high-density-graphite-rod\/\"]}]},{\"@type\":\"ImageObject\",\"inLanguage\":\"tr\",\"@id\":\"https:\/\/jinsuncarbon.com\/product\/high-density-graphite-rod\/#primaryimage\",\"url\":\"https:\/\/jinsuncarbon.com\/wp-content\/uploads\/2024\/12\/High-density-graphite-rod.jpg\",\"contentUrl\":\"https:\/\/jinsuncarbon.com\/wp-content\/uploads\/2024\/12\/High-density-graphite-rod.jpg\",\"width\":1024,\"height\":763,\"caption\":\"High density graphite rod\"},{\"@type\":\"BreadcrumbList\",\"@id\":\"https:\/\/jinsuncarbon.com\/product\/high-density-graphite-rod\/#breadcrumb\",\"itemListElement\":[{\"@type\":\"ListItem\",\"position\":1,\"name\":\"Home\",\"item\":\"https:\/\/jinsuncarbon.com\/\"},{\"@type\":\"ListItem\",\"position\":2,\"name\":\"Products\",\"item\":\"https:\/\/jinsuncarbon.com\/graphite-carbon\/\"},{\"@type\":\"ListItem\",\"position\":3,\"name\":\"High Density Graphite Rod\"}]},{\"@type\":\"WebSite\",\"@id\":\"https:\/\/jinsuncarbon.com\/#website\",\"url\":\"https:\/\/jinsuncarbon.com\/\",\"name\":\"Jinsun Carbon\",\"description\":\"We are the successful graphite electrode manufacturer in China\",\"publisher\":{\"@id\":\"https:\/\/jinsuncarbon.com\/#organization\"},\"potentialAction\":[{\"@type\":\"SearchAction\",\"target\":{\"@type\":\"EntryPoint\",\"urlTemplate\":\"https:\/\/jinsuncarbon.com\/?s={search_term_string}\"},\"query-input\":{\"@type\":\"PropertyValueSpecification\",\"valueRequired\":true,\"valueName\":\"search_term_string\"}}],\"inLanguage\":\"tr\"},{\"@type\":\"Organization\",\"@id\":\"https:\/\/jinsuncarbon.com\/#organization\",\"name\":\"Jinsun Carbon\",\"alternateName\":\"Jinsun Carbon\",\"url\":\"https:\/\/jinsuncarbon.com\/\",\"logo\":{\"@type\":\"ImageObject\",\"inLanguage\":\"tr\",\"@id\":\"https:\/\/jinsuncarbon.com\/#\/schema\/logo\/image\/\",\"url\":\"https:\/\/jinsuncarbon.com\/wp-content\/uploads\/2022\/12\/LOGO-1.png\",\"contentUrl\":\"https:\/\/jinsuncarbon.com\/wp-content\/uploads\/2022\/12\/LOGO-1.png\",\"width\":207,\"height\":80,\"caption\":\"Jinsun Carbon\"},\"image\":{\"@id\":\"https:\/\/jinsuncarbon.com\/#\/schema\/logo\/image\/\"},\"sameAs\":[\"https:\/\/www.facebook.com\/Graphite-Electrode-109336238661595\",\"https:\/\/x.com\/jinsuncarbon_\",\"https:\/\/www.linkedin.com\/in\/jinsungraphite\",\"https:\/\/www.youtube.com\/channel\/UCysDNyvyR5-3cCWEmpkVC0g\"]}]}<\/script>\n<!-- \/ Yoast SEO Premium plugin. -->","yoast_head_json":{"title":"Y\u00fcksek Yo\u011funluklu Grafit \u00c7ubuk | Jinsun Carbon","robots":{"index":"index","follow":"follow","max-snippet":"max-snippet:-1","max-image-preview":"max-image-preview:large","max-video-preview":"max-video-preview:-1"},"canonical":"https:\/\/jinsuncarbon.com\/tr\/urun\/yuksek-yogunluklu-grafit-cubuk\/","og_locale":"tr_TR","og_type":"article","og_title":"High Density Graphite Rod","og_description":"High-density graphite rod is a kind of rod-like material made from high quality graphite raw material by special process. It has the characteristics of high density. Its internal structure is tight, the graphite crystal arrangement is regular.  &nbsp;  High\u00a0density graphite rods are mainly shaped parts in the shape of cylinders or cuboids. Depending on your actual application scenario, they can be machined to the size you require.  &nbsp;","og_url":"https:\/\/jinsuncarbon.com\/tr\/urun\/yuksek-yogunluklu-grafit-cubuk\/","og_site_name":"Jinsun Carbon","article_publisher":"https:\/\/www.facebook.com\/Graphite-Electrode-109336238661595","article_modified_time":"2024-12-16T10:41:12+00:00","og_image":[{"width":1024,"height":763,"url":"https:\/\/jinsuncarbon.com\/wp-content\/uploads\/2024\/12\/High-density-graphite-rod.jpg","type":"image\/jpeg"}],"twitter_card":"summary_large_image","twitter_site":"@jinsuncarbon_","twitter_misc":{"Tahmini okuma s\u00fcresi":"3 dakika"},"schema":{"@context":"https:\/\/schema.org","@graph":[{"@type":"WebPage","@id":"https:\/\/jinsuncarbon.com\/product\/high-density-graphite-rod\/","url":"https:\/\/jinsuncarbon.com\/product\/high-density-graphite-rod\/","name":"Y\u00fcksek Yo\u011funluklu Grafit \u00c7ubuk | Jinsun Carbon","isPartOf":{"@id":"https:\/\/jinsuncarbon.com\/#website"},"primaryImageOfPage":{"@id":"https:\/\/jinsuncarbon.com\/product\/high-density-graphite-rod\/#primaryimage"},"image":{"@id":"https:\/\/jinsuncarbon.com\/product\/high-density-graphite-rod\/#primaryimage"},"thumbnailUrl":"https:\/\/jinsuncarbon.com\/wp-content\/uploads\/2024\/12\/High-density-graphite-rod.jpg","datePublished":"2024-12-16T10:41:11+00:00","dateModified":"2024-12-16T10:41:12+00:00","breadcrumb":{"@id":"https:\/\/jinsuncarbon.com\/product\/high-density-graphite-rod\/#breadcrumb"},"inLanguage":"tr","potentialAction":[{"@type":"ReadAction","target":["https:\/\/jinsuncarbon.com\/product\/high-density-graphite-rod\/"]}]},{"@type":"ImageObject","inLanguage":"tr","@id":"https:\/\/jinsuncarbon.com\/product\/high-density-graphite-rod\/#primaryimage","url":"https:\/\/jinsuncarbon.com\/wp-content\/uploads\/2024\/12\/High-density-graphite-rod.jpg","contentUrl":"https:\/\/jinsuncarbon.com\/wp-content\/uploads\/2024\/12\/High-density-graphite-rod.jpg","width":1024,"height":763,"caption":"High density graphite rod"},{"@type":"BreadcrumbList","@id":"https:\/\/jinsuncarbon.com\/product\/high-density-graphite-rod\/#breadcrumb","itemListElement":[{"@type":"ListItem","position":1,"name":"Home","item":"https:\/\/jinsuncarbon.com\/"},{"@type":"ListItem","position":2,"name":"Products","item":"https:\/\/jinsuncarbon.com\/graphite-carbon\/"},{"@type":"ListItem","position":3,"name":"High Density Graphite Rod"}]},{"@type":"WebSite","@id":"https:\/\/jinsuncarbon.com\/#website","url":"https:\/\/jinsuncarbon.com\/","name":"Jinsun Karbon","description":"\u00c7in'deki ba\u015far\u0131l\u0131 grafit elektrot \u00fcreticisiyiz","publisher":{"@id":"https:\/\/jinsuncarbon.com\/#organization"},"potentialAction":[{"@type":"SearchAction","target":{"@type":"EntryPoint","urlTemplate":"https:\/\/jinsuncarbon.com\/?s={search_term_string}"},"query-input":{"@type":"PropertyValueSpecification","valueRequired":true,"valueName":"search_term_string"}}],"inLanguage":"tr"},{"@type":"Organization","@id":"https:\/\/jinsuncarbon.com\/#organization","name":"Jinsun Karbon","alternateName":"Jinsun Carbon","url":"https:\/\/jinsuncarbon.com\/","logo":{"@type":"ImageObject","inLanguage":"tr","@id":"https:\/\/jinsuncarbon.com\/#\/schema\/logo\/image\/","url":"https:\/\/jinsuncarbon.com\/wp-content\/uploads\/2022\/12\/LOGO-1.png","contentUrl":"https:\/\/jinsuncarbon.com\/wp-content\/uploads\/2022\/12\/LOGO-1.png","width":207,"height":80,"caption":"Jinsun Carbon"},"image":{"@id":"https:\/\/jinsuncarbon.com\/#\/schema\/logo\/image\/"},"sameAs":["https:\/\/www.facebook.com\/Graphite-Electrode-109336238661595","https:\/\/x.com\/jinsuncarbon_","https:\/\/www.linkedin.com\/in\/jinsungraphite","https:\/\/www.youtube.com\/channel\/UCysDNyvyR5-3cCWEmpkVC0g"]}]}},"_links":{"self":[{"href":"https:\/\/jinsuncarbon.com\/tr\/wp-json\/wp\/v2\/product\/7035","targetHints":{"allow":["GET"]}}],"collection":[{"href":"https:\/\/jinsuncarbon.com\/tr\/wp-json\/wp\/v2\/product"}],"about":[{"href":"https:\/\/jinsuncarbon.com\/tr\/wp-json\/wp\/v2\/types\/product"}],"wp:featuredmedia":[{"embeddable":true,"href":"https:\/\/jinsuncarbon.com\/tr\/wp-json\/wp\/v2\/media\/7036"}],"wp:attachment":[{"href":"https:\/\/jinsuncarbon.com\/tr\/wp-json\/wp\/v2\/media?parent=7035"}],"wp:term":[{"taxonomy":"product_brand","embeddable":true,"href":"https:\/\/jinsuncarbon.com\/tr\/wp-json\/wp\/v2\/product_brand?post=7035"},{"taxonomy":"product_cat","embeddable":true,"href":"https:\/\/jinsuncarbon.com\/tr\/wp-json\/wp\/v2\/product_cat?post=7035"},{"taxonomy":"product_tag","embeddable":true,"href":"https:\/\/jinsuncarbon.com\/tr\/wp-json\/wp\/v2\/product_tag?post=7035"}],"curies":[{"name":"wp","href":"https:\/\/api.w.org\/{rel}","templated":true}]}}