{"id":7030,"date":"2024-12-14T10:28:54","date_gmt":"2024-12-14T10:28:54","guid":{"rendered":"https:\/\/jinsuncarbon.com\/?post_type=product&#038;p=7030"},"modified":"2024-12-14T10:28:54","modified_gmt":"2024-12-14T10:28:54","slug":"grafit-rulmanlar","status":"publish","type":"product","link":"https:\/\/jinsuncarbon.com\/tr\/urun\/grafit-rulmanlar\/","title":{"rendered":"Grafit Rulmanlar"},"content":{"rendered":"<p class=\"ql-align-justify\">Grafit rulmanlar esas olarak bilezik veya man\u015fon \u015feklindeki hassas bile\u015fenlerdir. Ger\u00e7ek ko\u015fullar\u0131n\u0131za ba\u011fl\u0131 olarak, montaj ihtiya\u00e7lar\u0131n\u0131z\u0131 kar\u015f\u0131layacak \u015fekilde \u00f6zelle\u015ftirilebilirler. S\u00fcrt\u00fcnme katsay\u0131s\u0131 ve ta\u015f\u0131ma kapasitesi hakk\u0131nda daha fazla bilgi edinmek isterseniz, size uygun cevaplar\u0131 verecek ve profesyonel teknik tavsiyelerde bulunaca\u011f\u0131z.<\/p>\n<h2>Grafit rulman \u00e7e\u015fitleri<\/h2>\n<p class=\"ql-align-justify\"><strong>Malzeme bile\u015fimi a\u00e7\u0131s\u0131ndan s\u0131n\u0131fland\u0131r\u0131lm\u0131\u015ft\u0131r:<\/strong><\/p>\n<p class=\"ql-align-justify\"><strong>S\u0131radan karbon rulmanlar<\/strong><\/p>\n<p class=\"ql-align-justify\">Karbon i\u00e7eri\u011fi genel end\u00fcstriyel uygulamalar\u0131 kar\u015f\u0131layabilir, maliyeti nispeten d\u00fc\u015f\u00fckt\u00fcr. Ve \u00f6zellikle y\u00fcksek rulman performans\u0131 gereksinimleri olmayan geleneksel ekipmanlar i\u00e7in uygundur.<\/p>\n<p class=\"ql-align-justify\">\n<p class=\"ql-align-justify\"><strong>Y\u00fcksek safl\u0131kta karbon-grafit rulmanlar<\/strong><\/p>\n<p class=\"ql-align-justify\">Daha y\u00fcksek karbon i\u00e7eri\u011fi, daha d\u00fczenli grafit kristal yap\u0131s\u0131 ve daha iyi performans ile. Genellikle daha y\u00fcksek hassasiyet ve stabilite gereksinimleri olan hassas makinelerde kullan\u0131rs\u0131n\u0131z.<\/p>\n<p class=\"ql-align-justify\">\n<p class=\"ql-align-justify\"><strong>Bronz grafit rulmanlar<\/strong><\/p>\n<p class=\"ql-align-justify\">Bronzun y\u00fcksek mukavemetini ve grafitin ya\u011flama \u00f6zelliklerini, iyi ta\u015f\u0131ma kapasitesi ve a\u015f\u0131nma direnci ile birle\u015ftirir. Ve belirli ya\u011flama \u00f6zellikleri gerektiren a\u011f\u0131r hizmet tipi end\u00fcstriyel ekipmanlarda yayg\u0131n olarak kullanabilirsiniz.<\/p>\n<p class=\"ql-align-justify\">\n<p class=\"ql-align-justify\"><strong>Yap\u0131sal formdan:<\/strong><\/p>\n<p><strong><b>Grafit emdirilmi\u015f bur\u00e7lar<\/b><\/strong><\/p>\n<p>Kompakt ve dayan\u0131kl\u0131 olman\u0131n benzersiz avantaj\u0131na sahiptir ve a\u015f\u0131nma ve korozyona etkili bir \u015fekilde direnebilir. Grafit emdirme i\u015flemi, m\u00fckemmel kendinden ya\u011flama \u00f6zelliklerine ve iyi kimyasal stabiliteye sahip olmas\u0131n\u0131 sa\u011flar ve zorlu ko\u015fullar alt\u0131nda istikrarl\u0131 bir \u015fekilde \u00e7al\u0131\u015fabilir.<\/p>\n<p class=\"ql-align-justify\">\n<p class=\"ql-align-justify\"><strong>Grafit bilyal\u0131 rulman<\/strong><\/p>\n<p class=\"ql-align-justify\">Yuvarlanma g\u00f6vdesi olarak grafit bilye kullan\u0131r, d\u00fc\u015f\u00fck s\u00fcrt\u00fcnme, y\u00fcksek hassasiyet \u00f6zelliklerine sahiptir. Ekipman\u0131n y\u00fcksek h\u0131zl\u0131 d\u00f6n\u00fc\u015f ve y\u00fcksek d\u00f6n\u00fc\u015f esnekli\u011fi gereksinimleri i\u00e7in uygundur.<\/p>\n<p class=\"ql-align-justify\">\n<p class=\"ql-align-justify\"><strong>Grafit hava yataklar\u0131<\/strong><\/p>\n<p class=\"ql-align-justify\">Ya\u011flay\u0131c\u0131 olarak havan\u0131n ve grafitin kendi kendini ya\u011flama \u00f6zelliklerinin kombinasyonu ile grafit hava yataklar\u0131 ultra y\u00fcksek h\u0131zl\u0131 ve y\u00fcksek hassasiyetli d\u00f6nme hareketi sa\u011flar. Esas olarak a\u015fa\u011f\u0131daki gibi \u00fcst d\u00fczey alanlarda y\u00fcksek h\u0131zl\u0131 d\u00f6nen par\u00e7alarda kullanabilirsiniz <a href=\"https:\/\/en.wikipedia.org\/wiki\/Aerospace\" target=\"_blank\" rel=\"noopener\">havac\u0131l\u0131k ve uzay<\/a>.<\/p>\n<p class=\"ql-align-justify\">\n<h2 class=\"ql-align-justify\">Grafit rulmanlar\u0131n avantajlar\u0131<\/h2>\n<p class=\"ql-align-justify\"><strong>\u00dcst\u00fcn kendinden ya\u011flama performans\u0131<\/strong><\/p>\n<p class=\"ql-align-justify\">Grafitin \u00f6zel katman yap\u0131s\u0131 nedeniyle, d\u00fc\u015f\u00fck s\u00fcrt\u00fcnme katsay\u0131s\u0131, ekipman\u0131n \u00e7al\u0131\u015fmas\u0131 s\u0131ras\u0131nda enerji kayb\u0131n\u0131 azaltabilir. Harici ya\u011flamaya olan ba\u011f\u0131ml\u0131l\u0131\u011f\u0131 azalt\u0131rken.\u00a0<span data-type=\"2\" data-index=\"3\" data-gid=\"1\">\u00d6zel ko\u015fullar alt\u0131nda ya\u011flama ya\u011f\u0131 eklenmesi zor olan baz\u0131 durumlarda oldu\u011fu gibi, grafit rulmanlar yine de normal \u015fekilde \u00e7al\u0131\u015fabilir.<\/span><\/p>\n<p class=\"ql-align-justify\">\n<p class=\"ql-align-justify\"><strong>\u0130yi termal kararl\u0131l\u0131k<\/strong><\/p>\n<p class=\"ql-align-justify\">Belirli bir y\u00fcksek s\u0131cakl\u0131k ortam\u0131nda kararl\u0131 fiziksel ve kimyasal \u00f6zelliklerini koruyabilir. Demirde oldu\u011fu gibi <a href=\"https:\/\/www.britannica.com\/technology\/steel\/Primary-steelmaking\" target=\"_blank\" rel=\"noopener\">\u00e7elik eritme<\/a> ekipmanlar\u0131nda, karbon-grafit yatak malzemelerinden yap\u0131lm\u0131\u015f rulmanlar, deformasyon veya hasar olmaks\u0131z\u0131n y\u00fcksek s\u0131cakl\u0131klara dayanabilir.<\/p>\n<p class=\"ql-align-justify\">\n<p class=\"ql-align-justify\"><strong>G\u00fc\u00e7l\u00fc kimyasal kararl\u0131l\u0131k<\/strong><\/p>\n<p class=\"ql-align-justify\">Bir\u00e7ok a\u015f\u0131nd\u0131r\u0131c\u0131 ortama kar\u015f\u0131 g\u00fc\u00e7l\u00fc bir dirence sahiptir. Kimyasal \u00fcretim ekipman\u0131nda, grafit bur\u00e7lar ve karbon grafit bur\u00e7 yata\u011f\u0131, asit ve alkali ve di\u011fer a\u015f\u0131nd\u0131r\u0131c\u0131 maddeler taraf\u0131ndan korozyonu etkili bir \u015fekilde \u00f6nleyebilir, hizmet \u00f6mr\u00fcn\u00fc uzatabilir.<\/p>\n<p class=\"ql-align-justify\">\n<p class=\"ql-align-justify\"><strong>Belirli iletkenlik<\/strong><\/p>\n<p class=\"ql-align-justify\">Baz\u0131 \u00f6zel elektrikli ekipmanlarda, yard\u0131mc\u0131 bir iletken veya elektrostatik ihracat rol\u00fc oynayabilir. Ekipman\u0131n g\u00fcvenli \u00e7al\u0131\u015fmas\u0131n\u0131 sa\u011flar, ekipman\u0131n genel performans\u0131n\u0131 ve g\u00fcvenilirli\u011fini art\u0131r\u0131r. Bak\u0131m maliyetlerini ve ar\u0131za s\u00fcrelerini azalt\u0131n.<\/p>\n<p class=\"ql-align-justify\">\n<p class=\"ql-align-justify\">\n<h2 class=\"ql-align-justify\">Grafit rulmanlar\u0131n kullan\u0131m alanlar\u0131<\/h2>\n<p class=\"ql-align-justify\"><strong>Tala\u015fl\u0131 imalat alan\u0131nda:<\/strong><\/p>\n<p class=\"ql-align-justify\">Tak\u0131m tezgah\u0131n\u0131n mili, s\u00fcrt\u00fcnmeyi ve titre\u015fimi azaltabilen grafit rulmanlar kullan\u0131r. \u0130\u015fleme do\u011frulu\u011funu ve y\u00fczey kalitesini art\u0131racak, tak\u0131m a\u015f\u0131nmas\u0131n\u0131 azaltacak, tak\u0131m \u00f6mr\u00fcn\u00fc uzatacak ve i\u015fleme verimlili\u011fini art\u0131racakt\u0131r.<\/p>\n<p class=\"ql-align-justify\">\n<p class=\"ql-align-justify\"><strong>Otomotiv end\u00fcstrisinde:<\/strong><\/p>\n<p class=\"ql-align-justify\">Grafit gresleri, grafit kovanl\u0131 rulman veya grafit bronz rulman vb. ile tekerlek rulman\u0131 i\u00e7in kullanabilirsiniz. Ara\u00e7 s\u00fcr\u00fc\u015f\u00fcndeki \u00e7e\u015fitli karma\u015f\u0131k \u00e7al\u0131\u015fma ko\u015fullar\u0131na uyum sa\u011flayabilir. S\u00fcrt\u00fcnmeyi ve a\u015f\u0131nmay\u0131 etkili bir \u015fekilde azalt\u0131r, tekerlek rulmanlar\u0131n\u0131n g\u00fcvenilirli\u011fini ve dayan\u0131kl\u0131l\u0131\u011f\u0131n\u0131 art\u0131r\u0131r ve s\u00fcr\u00fc\u015f g\u00fcvenli\u011fini sa\u011flar.<\/p>\n<p class=\"ql-align-justify\">\n<p class=\"ql-align-justify\"><strong>G\u00fc\u00e7 ekipmanlar\u0131nda:<\/strong><\/p>\n<p class=\"ql-align-justify\">Jenerat\u00f6r\u00fcn rotor yata\u011f\u0131 k\u0131sm\u0131 a\u015fa\u011f\u0131dakilerden yap\u0131lm\u0131\u015f rulmanlar kullan\u0131r <a href=\"https:\/\/jinsuncarbon.com\/tr\/karbon-grafi%cc%87t-hakkinda-her-sey\/\">karbon-grafit<\/a> rulman malzemeleri. \u0130yi elektriksel ve termal iletkenli\u011fi, \u0131s\u0131 da\u011f\u0131l\u0131m\u0131na ve motorun kararl\u0131 \u00e7al\u0131\u015fmas\u0131na yard\u0131mc\u0131 olur, g\u00fc\u00e7 \u00fcretim verimlili\u011fini ve ekipman g\u00fcvenilirli\u011fini art\u0131r\u0131r.<\/p>\n<p class=\"ql-align-justify\">\n<p class=\"ql-align-justify\"><strong>Kimyasal \u00fcretimde:<\/strong><\/p>\n<p class=\"ql-align-justify\">Her t\u00fcrl\u00fc pompa, mikser ve di\u011fer ekipmanlar\u0131n rulmanlar\u0131nda <a href=\"https:\/\/jinsuncarbon.com\/tr\/urun\/grafit-burclar\/\">grafit bur\u00e7<\/a> veya karbon-grafit bur\u00e7lu rulmanlar. A\u015f\u0131nd\u0131r\u0131c\u0131 ortam\u0131n erozyonuna direnebilir, ekipman\u0131n uzun vadeli istikrarl\u0131 \u00e7al\u0131\u015fmas\u0131n\u0131 sa\u011flayabilir. Ekipman bak\u0131m ve de\u011fi\u015ftirme s\u0131kl\u0131\u011f\u0131n\u0131 azalt\u0131r ve \u00fcretim maliyetlerini d\u00fc\u015f\u00fcr\u00fcr.<\/p>\n<p class=\"ql-align-justify\">\n<p class=\"ql-align-justify\"><strong>Havac\u0131l\u0131k ve uzay alan\u0131nda:<\/strong><\/p>\n<p class=\"ql-align-justify\">Grafit haval\u0131 rulman\u0131, uydular\u0131n tutum ayar mekanizmalar\u0131 gibi y\u00fcksek h\u0131zl\u0131 ve y\u00fcksek hassasiyetli d\u00f6nen par\u00e7alarda kullanabilirsiniz. Bu, d\u00fc\u015f\u00fck s\u00fcrt\u00fcnme, y\u00fcksek g\u00fcvenilirlik ve uzun \u00f6m\u00fcr i\u00e7in kat\u0131 gereksinimlerini kar\u015f\u0131lar. Uydular\u0131n uzayda do\u011fru ve istikrarl\u0131 \u00e7al\u0131\u015fmas\u0131n\u0131 sa\u011flay\u0131n ve \u00e7e\u015fitli g\u00f6revleri tamamlay\u0131n.<\/p>\n<p class=\"ql-align-justify\">\n<p class=\"ql-align-justify\"><strong>Baz\u0131 hassas enstr\u00fcmantasyon, t\u0131bbi ekipman ve di\u011fer alanlarda:<\/strong><\/p>\n<p class=\"ql-align-justify\">Grafit bilyal\u0131 rulmanlar ve grafit braket rulmanlar da \u00f6nemli bir rol oynar ve ekipman\u0131n hassas hareketi i\u00e7in istikrarl\u0131 ve g\u00fcvenilir destek sa\u011flar. Cihaz\u0131n do\u011frulu\u011funu ve performans\u0131n\u0131 sa\u011flar. Bilimsel ara\u015ft\u0131rma, t\u0131bbi ve di\u011fer alanlarda y\u00fcksek hassasiyetli ekipman talebini kar\u015f\u0131lay\u0131n.<\/p>","protected":false},"excerpt":{"rendered":"<p class=\"ql-align-justify\">\n<p class=\"ql-align-justify\">Grafit rulmanlar, ana malzeme olarak grafitten yap\u0131lm\u0131\u015f rulman bile\u015fenleridir. Bir\u00e7ok end\u00fcstriyel senaryoda iyi performans g\u00f6sterir, d\u00f6nen destek bile\u015fenleri i\u00e7in \u00e7e\u015fitli ekipman t\u00fcrlerinin performans gereksinimlerini kar\u015f\u0131layabilir, ekipman\u0131n sorunsuz ve verimli \u00e7al\u0131\u015fmas\u0131 i\u00e7in g\u00fcvenilir garanti sa\u011flar. Ve modern end\u00fcstriyel sistemdeki en \u00f6nemli temel par\u00e7alardan biridir.<\/p>","protected":false},"featured_media":7031,"template":"","meta":[],"product_brand":[],"product_cat":[38],"product_tag":[],"class_list":{"0":"post-7030","1":"product","2":"type-product","3":"status-publish","4":"has-post-thumbnail","6":"product_cat-graphite-products","8":"first","9":"instock","10":"shipping-taxable","11":"product-type-simple"},"yoast_head":"<!-- This site is optimized with the Yoast SEO Premium plugin v19.2.1 (Yoast SEO v25.3) - https:\/\/yoast.com\/wordpress\/plugins\/seo\/ -->\n<title>Graphite Bearings | Jinsun Carbon<\/title>\n<meta name=\"description\" content=\"Graphite bearings and bushings\u200b manufacturer in China. We supply different types of carbon graphite bearing material at best price.\" \/>\n<meta name=\"robots\" content=\"index, follow, max-snippet:-1, max-image-preview:large, max-video-preview:-1\" \/>\n<link rel=\"canonical\" href=\"https:\/\/jinsuncarbon.com\/tr\/urun\/grafit-rulmanlar\/\" \/>\n<meta property=\"og:locale\" content=\"tr_TR\" \/>\n<meta property=\"og:type\" content=\"article\" \/>\n<meta property=\"og:title\" content=\"Graphite Bearings\" \/>\n<meta property=\"og:description\" content=\"Graphite bearings and bushings\u200b manufacturer in China. We supply different types of carbon graphite bearing material at best price.\" \/>\n<meta property=\"og:url\" content=\"https:\/\/jinsuncarbon.com\/tr\/urun\/grafit-rulmanlar\/\" \/>\n<meta property=\"og:site_name\" content=\"Jinsun Carbon\" \/>\n<meta property=\"article:publisher\" content=\"https:\/\/www.facebook.com\/Graphite-Electrode-109336238661595\" \/>\n<meta property=\"og:image\" content=\"https:\/\/jinsuncarbon.com\/wp-content\/uploads\/2024\/12\/graphite-bearings.jpg\" \/>\n\t<meta property=\"og:image:width\" content=\"1024\" \/>\n\t<meta property=\"og:image:height\" content=\"763\" \/>\n\t<meta property=\"og:image:type\" content=\"image\/jpeg\" \/>\n<meta name=\"twitter:card\" content=\"summary_large_image\" \/>\n<meta name=\"twitter:site\" content=\"@jinsuncarbon_\" \/>\n<meta name=\"twitter:label1\" content=\"Tahmini okuma s\u00fcresi\" \/>\n\t<meta name=\"twitter:data1\" content=\"4 dakika\" \/>\n<script type=\"application\/ld+json\" class=\"yoast-schema-graph\">{\"@context\":\"https:\/\/schema.org\",\"@graph\":[{\"@type\":\"WebPage\",\"@id\":\"https:\/\/jinsuncarbon.com\/product\/graphite-bearings\/\",\"url\":\"https:\/\/jinsuncarbon.com\/product\/graphite-bearings\/\",\"name\":\"Graphite Bearings | Jinsun Carbon\",\"isPartOf\":{\"@id\":\"https:\/\/jinsuncarbon.com\/#website\"},\"primaryImageOfPage\":{\"@id\":\"https:\/\/jinsuncarbon.com\/product\/graphite-bearings\/#primaryimage\"},\"image\":{\"@id\":\"https:\/\/jinsuncarbon.com\/product\/graphite-bearings\/#primaryimage\"},\"thumbnailUrl\":\"https:\/\/jinsuncarbon.com\/wp-content\/uploads\/2024\/12\/graphite-bearings.jpg\",\"datePublished\":\"2024-12-14T10:28:54+00:00\",\"description\":\"Graphite bearings and bushings\u200b manufacturer in China. We supply different types of carbon graphite bearing material at best price.\",\"breadcrumb\":{\"@id\":\"https:\/\/jinsuncarbon.com\/product\/graphite-bearings\/#breadcrumb\"},\"inLanguage\":\"tr\",\"potentialAction\":[{\"@type\":\"ReadAction\",\"target\":[\"https:\/\/jinsuncarbon.com\/product\/graphite-bearings\/\"]}]},{\"@type\":\"ImageObject\",\"inLanguage\":\"tr\",\"@id\":\"https:\/\/jinsuncarbon.com\/product\/graphite-bearings\/#primaryimage\",\"url\":\"https:\/\/jinsuncarbon.com\/wp-content\/uploads\/2024\/12\/graphite-bearings.jpg\",\"contentUrl\":\"https:\/\/jinsuncarbon.com\/wp-content\/uploads\/2024\/12\/graphite-bearings.jpg\",\"width\":1024,\"height\":763,\"caption\":\"graphite bearings\"},{\"@type\":\"BreadcrumbList\",\"@id\":\"https:\/\/jinsuncarbon.com\/product\/graphite-bearings\/#breadcrumb\",\"itemListElement\":[{\"@type\":\"ListItem\",\"position\":1,\"name\":\"Home\",\"item\":\"https:\/\/jinsuncarbon.com\/\"},{\"@type\":\"ListItem\",\"position\":2,\"name\":\"Products\",\"item\":\"https:\/\/jinsuncarbon.com\/graphite-carbon\/\"},{\"@type\":\"ListItem\",\"position\":3,\"name\":\"Graphite Bearings\"}]},{\"@type\":\"WebSite\",\"@id\":\"https:\/\/jinsuncarbon.com\/#website\",\"url\":\"https:\/\/jinsuncarbon.com\/\",\"name\":\"Jinsun Carbon\",\"description\":\"We are the successful graphite electrode manufacturer in China\",\"publisher\":{\"@id\":\"https:\/\/jinsuncarbon.com\/#organization\"},\"potentialAction\":[{\"@type\":\"SearchAction\",\"target\":{\"@type\":\"EntryPoint\",\"urlTemplate\":\"https:\/\/jinsuncarbon.com\/?s={search_term_string}\"},\"query-input\":{\"@type\":\"PropertyValueSpecification\",\"valueRequired\":true,\"valueName\":\"search_term_string\"}}],\"inLanguage\":\"tr\"},{\"@type\":\"Organization\",\"@id\":\"https:\/\/jinsuncarbon.com\/#organization\",\"name\":\"Jinsun Carbon\",\"alternateName\":\"Jinsun Carbon\",\"url\":\"https:\/\/jinsuncarbon.com\/\",\"logo\":{\"@type\":\"ImageObject\",\"inLanguage\":\"tr\",\"@id\":\"https:\/\/jinsuncarbon.com\/#\/schema\/logo\/image\/\",\"url\":\"https:\/\/jinsuncarbon.com\/wp-content\/uploads\/2022\/12\/LOGO-1.png\",\"contentUrl\":\"https:\/\/jinsuncarbon.com\/wp-content\/uploads\/2022\/12\/LOGO-1.png\",\"width\":207,\"height\":80,\"caption\":\"Jinsun Carbon\"},\"image\":{\"@id\":\"https:\/\/jinsuncarbon.com\/#\/schema\/logo\/image\/\"},\"sameAs\":[\"https:\/\/www.facebook.com\/Graphite-Electrode-109336238661595\",\"https:\/\/x.com\/jinsuncarbon_\",\"https:\/\/www.linkedin.com\/in\/jinsungraphite\",\"https:\/\/www.youtube.com\/channel\/UCysDNyvyR5-3cCWEmpkVC0g\"]}]}<\/script>\n<!-- \/ Yoast SEO Premium plugin. -->","yoast_head_json":{"title":"Grafit Rulmanlar | Jinsun Carbon","description":"\u00c7in'de grafit rulmanlar ve bur\u00e7lar \u00fcreticisi. En iyi fiyata farkl\u0131 tipte karbon grafit yatak malzemesi tedarik ediyoruz.","robots":{"index":"index","follow":"follow","max-snippet":"max-snippet:-1","max-image-preview":"max-image-preview:large","max-video-preview":"max-video-preview:-1"},"canonical":"https:\/\/jinsuncarbon.com\/tr\/urun\/grafit-rulmanlar\/","og_locale":"tr_TR","og_type":"article","og_title":"Graphite Bearings","og_description":"Graphite bearings and bushings\u200b manufacturer in China. We supply different types of carbon graphite bearing material at best price.","og_url":"https:\/\/jinsuncarbon.com\/tr\/urun\/grafit-rulmanlar\/","og_site_name":"Jinsun Carbon","article_publisher":"https:\/\/www.facebook.com\/Graphite-Electrode-109336238661595","og_image":[{"width":1024,"height":763,"url":"https:\/\/jinsuncarbon.com\/wp-content\/uploads\/2024\/12\/graphite-bearings.jpg","type":"image\/jpeg"}],"twitter_card":"summary_large_image","twitter_site":"@jinsuncarbon_","twitter_misc":{"Tahmini okuma s\u00fcresi":"4 dakika"},"schema":{"@context":"https:\/\/schema.org","@graph":[{"@type":"WebPage","@id":"https:\/\/jinsuncarbon.com\/product\/graphite-bearings\/","url":"https:\/\/jinsuncarbon.com\/product\/graphite-bearings\/","name":"Grafit Rulmanlar | Jinsun Carbon","isPartOf":{"@id":"https:\/\/jinsuncarbon.com\/#website"},"primaryImageOfPage":{"@id":"https:\/\/jinsuncarbon.com\/product\/graphite-bearings\/#primaryimage"},"image":{"@id":"https:\/\/jinsuncarbon.com\/product\/graphite-bearings\/#primaryimage"},"thumbnailUrl":"https:\/\/jinsuncarbon.com\/wp-content\/uploads\/2024\/12\/graphite-bearings.jpg","datePublished":"2024-12-14T10:28:54+00:00","description":"\u00c7in'de grafit rulmanlar ve bur\u00e7lar \u00fcreticisi. En iyi fiyata farkl\u0131 tipte karbon grafit yatak malzemesi tedarik ediyoruz.","breadcrumb":{"@id":"https:\/\/jinsuncarbon.com\/product\/graphite-bearings\/#breadcrumb"},"inLanguage":"tr","potentialAction":[{"@type":"ReadAction","target":["https:\/\/jinsuncarbon.com\/product\/graphite-bearings\/"]}]},{"@type":"ImageObject","inLanguage":"tr","@id":"https:\/\/jinsuncarbon.com\/product\/graphite-bearings\/#primaryimage","url":"https:\/\/jinsuncarbon.com\/wp-content\/uploads\/2024\/12\/graphite-bearings.jpg","contentUrl":"https:\/\/jinsuncarbon.com\/wp-content\/uploads\/2024\/12\/graphite-bearings.jpg","width":1024,"height":763,"caption":"graphite bearings"},{"@type":"BreadcrumbList","@id":"https:\/\/jinsuncarbon.com\/product\/graphite-bearings\/#breadcrumb","itemListElement":[{"@type":"ListItem","position":1,"name":"Home","item":"https:\/\/jinsuncarbon.com\/"},{"@type":"ListItem","position":2,"name":"Products","item":"https:\/\/jinsuncarbon.com\/graphite-carbon\/"},{"@type":"ListItem","position":3,"name":"Graphite Bearings"}]},{"@type":"WebSite","@id":"https:\/\/jinsuncarbon.com\/#website","url":"https:\/\/jinsuncarbon.com\/","name":"Jinsun Karbon","description":"\u00c7in'deki ba\u015far\u0131l\u0131 grafit elektrot \u00fcreticisiyiz","publisher":{"@id":"https:\/\/jinsuncarbon.com\/#organization"},"potentialAction":[{"@type":"SearchAction","target":{"@type":"EntryPoint","urlTemplate":"https:\/\/jinsuncarbon.com\/?s={search_term_string}"},"query-input":{"@type":"PropertyValueSpecification","valueRequired":true,"valueName":"search_term_string"}}],"inLanguage":"tr"},{"@type":"Organization","@id":"https:\/\/jinsuncarbon.com\/#organization","name":"Jinsun Karbon","alternateName":"Jinsun Carbon","url":"https:\/\/jinsuncarbon.com\/","logo":{"@type":"ImageObject","inLanguage":"tr","@id":"https:\/\/jinsuncarbon.com\/#\/schema\/logo\/image\/","url":"https:\/\/jinsuncarbon.com\/wp-content\/uploads\/2022\/12\/LOGO-1.png","contentUrl":"https:\/\/jinsuncarbon.com\/wp-content\/uploads\/2022\/12\/LOGO-1.png","width":207,"height":80,"caption":"Jinsun Carbon"},"image":{"@id":"https:\/\/jinsuncarbon.com\/#\/schema\/logo\/image\/"},"sameAs":["https:\/\/www.facebook.com\/Graphite-Electrode-109336238661595","https:\/\/x.com\/jinsuncarbon_","https:\/\/www.linkedin.com\/in\/jinsungraphite","https:\/\/www.youtube.com\/channel\/UCysDNyvyR5-3cCWEmpkVC0g"]}]}},"_links":{"self":[{"href":"https:\/\/jinsuncarbon.com\/tr\/wp-json\/wp\/v2\/product\/7030","targetHints":{"allow":["GET"]}}],"collection":[{"href":"https:\/\/jinsuncarbon.com\/tr\/wp-json\/wp\/v2\/product"}],"about":[{"href":"https:\/\/jinsuncarbon.com\/tr\/wp-json\/wp\/v2\/types\/product"}],"wp:featuredmedia":[{"embeddable":true,"href":"https:\/\/jinsuncarbon.com\/tr\/wp-json\/wp\/v2\/media\/7031"}],"wp:attachment":[{"href":"https:\/\/jinsuncarbon.com\/tr\/wp-json\/wp\/v2\/media?parent=7030"}],"wp:term":[{"taxonomy":"product_brand","embeddable":true,"href":"https:\/\/jinsuncarbon.com\/tr\/wp-json\/wp\/v2\/product_brand?post=7030"},{"taxonomy":"product_cat","embeddable":true,"href":"https:\/\/jinsuncarbon.com\/tr\/wp-json\/wp\/v2\/product_cat?post=7030"},{"taxonomy":"product_tag","embeddable":true,"href":"https:\/\/jinsuncarbon.com\/tr\/wp-json\/wp\/v2\/product_tag?post=7030"}],"curies":[{"name":"wp","href":"https:\/\/api.w.org\/{rel}","templated":true}]}}