{"id":7024,"date":"2024-12-14T08:23:31","date_gmt":"2024-12-14T08:23:31","guid":{"rendered":"https:\/\/jinsuncarbon.com\/?post_type=product&#038;p=7024"},"modified":"2024-12-14T08:23:32","modified_gmt":"2024-12-14T08:23:32","slug":"uhp-500-grafi%cc%87t-elektrot","status":"publish","type":"product","link":"https:\/\/jinsuncarbon.com\/tr\/urun\/uhp-500-grafi%cc%87t-elektrot\/","title":{"rendered":"500mm UHP Grafit Elektrot"},"content":{"rendered":"<h2>UHP 500 Grafit Elektrotlar<\/h2>\n<p>D\u00fc\u015f\u00fck Elektrik Direnci: UHP 500 elektrotlar\u0131 d\u00fc\u015f\u00fck dirence sahiptir, bu da enerji kayb\u0131n\u0131 azalt\u0131r ve bu elektrotlar\u0131 uzun vadeli end\u00fcstriyel prosesler i\u00e7in ekonomik hale getirir.<\/p>\n<p>Dayan\u0131kl\u0131l\u0131k: Bu elektrotlar sadece mekanik strese de\u011fil ayn\u0131 zamanda termal \u015foka da dayanacak \u015fekilde tasarlanabilir ve y\u00fcksek stresli end\u00fcstriyel prosesler i\u00e7in g\u00fcvenilir ve dayan\u0131kl\u0131 bir \u00e7\u00f6z\u00fcm sunar.<\/p>\n<p>D\u00fc\u015f\u00fck Enerji Da\u011f\u0131l\u0131m\u0131: UHP 500 elektrotlar\u0131 y\u00fcksek iletkenli\u011fe sahiptir ve az enerji israf\u0131 ile enerji ak\u0131\u015f\u0131 sa\u011flar. Y\u00fcksek iletkenli\u011fe sahip olmalar\u0131, h\u0131zl\u0131 \u0131s\u0131tman\u0131n uygulanabilir alanlara e\u015fit \u015fekilde uygulanmas\u0131n\u0131 sa\u011flar.<\/p>\n<p>Is\u0131 Direnci: Bu elektrotlar y\u00fcksek \u0131s\u0131 seviyelerine dayanacak \u015fekilde tasarlanm\u0131\u015ft\u0131r, y\u00fcksek termal ortamlarda bile yap\u0131sal olarak stabil ve etkili kal\u0131r.<\/p>\n<p>Safl\u0131k: D\u00fc\u015f\u00fck safs\u0131zl\u0131\u011fa sahip UHP 500 elektrotlar, m\u00fcmk\u00fcn oldu\u011funca d\u00fc\u015f\u00fck kontaminasyon veya proses kesintisi ile daha iyi g\u00fcvenilirlik ve \u00e7\u0131kt\u0131 kalitesine sahiptir.<\/p>\n<h2>500mm UHP Grafit Elektrot Uygulamalar\u0131<\/h2>\n<p><strong>Elektrik Ark F\u0131r\u0131nlar\u0131 (EAF)<\/strong><\/p>\n<p>EAF'ler ergitme i\u015flemini ger\u00e7ekle\u015ftirmek i\u00e7in UHP 500 elektrotlar\u0131na ba\u011f\u0131ml\u0131d\u0131r. Bu elektrotlar, hurda \u00e7eli\u011fi ve ham maddeleri verimli bir \u015fekilde em\u00fclsifiye etmek i\u00e7in gereken y\u00fcksek ak\u0131mlar\u0131 sa\u011flayabilmektedir. \u0130yile\u015ftirilmi\u015f termal \u00f6zellikler daha h\u0131zl\u0131 erime s\u00fcrelerine olanak tan\u0131r ve do\u011frudan daha y\u00fcksek \u00fcretim hacmi ve operasyonel verimlilik anlam\u0131na gelir. UHP 500 ile <a href=\"https:\/\/jinsuncarbon.com\/tr\/urun\/uhp-grafi%cc%87t-elektrot\/\">elektrotlar<\/a>kaliteden \u00f6d\u00fcn vermeden daha y\u00fcksek \u00fcretkenlik seviyelerine ula\u015fabilirsiniz.<\/p>\n<p><strong>Pota F\u0131r\u0131nlar\u0131<\/strong><\/p>\n<p>UHP 500 elektrotlar\u0131 \u00e7elik pota f\u0131r\u0131nlar\u0131nda hayati \u00f6nem ta\u015f\u0131r <a href=\"https:\/\/en.wikipedia.org\/wiki\/Refining\" target=\"_blank\" rel=\"noopener\">ARITMA<\/a>. Rafine etme i\u015flemi s\u0131ras\u0131nda s\u0131cakl\u0131\u011f\u0131n do\u011fru bir \u015fekilde kontrol edilmesine yard\u0131mc\u0131 olan sabit arklara sahiptirler. Bu hassasiyet, \u00e7elik \u00fcr\u00fcnlerin gerekli kimyasal bile\u015fimine ve mekanik \u00f6zelliklerine ula\u015f\u0131lmas\u0131 i\u00e7in kritik \u00f6nem ta\u015f\u0131r. Bu elektrotlar, g\u00fcvenilirlikleri ve performanslar\u0131yla \u00e7eli\u011fin rafine edilmesi s\u00fcrecini iyile\u015ftirir.<\/p>\n<p><strong>Demir D\u0131\u015f\u0131 Eritme<\/strong><\/p>\n<p>Al\u00fcminyum, bak\u0131r ve di\u011fer <a href=\"https:\/\/en.wikipedia.org\/wiki\/Non-ferrous_metal\" target=\"_blank\" rel=\"noopener\">demir d\u0131\u015f\u0131<\/a> metaller de UHP 500 elektrotlar\u0131n performans ve kararl\u0131l\u0131\u011f\u0131ndan yararlan\u0131r. A\u015f\u0131r\u0131 ko\u015fullar alt\u0131nda \u00e7al\u0131\u015fabilirler ve bu nedenle \u00e7ok \u00e7e\u015fitli metal\u00fcrjik proseslerde uygulanabilirler. Bu elektrotlar, demir d\u0131\u015f\u0131 metal \u00fcretimi i\u00e7in g\u00fcvenilir ve y\u00fcksek performansl\u0131 bir \u00e7al\u0131\u015fma sa\u011flar.<\/p>\n<h2>Neden UHP 500 Grafit Elektrodu Se\u00e7melisiniz<\/h2>\n<p><strong>Y\u00fcksek Performans<\/strong><\/p>\n<p>Bu nedenle UHP 500 elektrotlar\u0131 b\u00fcy\u00fck \u00f6l\u00e7\u00fcde azalt\u0131lm\u0131\u015f enerji transfer kayb\u0131, y\u00fcksek verimli \u0131s\u0131tma ve \u00e7ok g\u00fcvenilir \u00e7al\u0131\u015fma sa\u011flar. B\u00fcy\u00fck elektrik ak\u0131mlar\u0131n\u0131 kald\u0131rabilirler, bu da kaliteden \u00f6d\u00fcn vermeden daha k\u0131sa d\u00f6ng\u00fc s\u00fcrelerine olanak tan\u0131yan daha h\u0131zl\u0131 erime ve e\u015fit \u0131s\u0131 da\u011f\u0131l\u0131m\u0131 ile sonu\u00e7lan\u0131r.<\/p>\n<p><strong>Uygun Maliyetli<\/strong><\/p>\n<p>UHP 500 elektrotlar, enerji kay\u0131plar\u0131n\u0131 en aza indirme ve de\u011fi\u015ftirme d\u00f6ng\u00fclerinizi uzatma \u00f6zellikleriyle i\u015fletme maliyetlerinden tasarruf etmenize de yard\u0131mc\u0131 olur.<\/p>\n<p><strong>G\u00fcvenilir Kalite<\/strong><\/p>\n<p>UHP 500 elektrotlar\u0131 kullanarak, end\u00fcstri spesifikasyonlar\u0131n\u0131 kar\u015f\u0131layan ve geride b\u0131rakan bir \u00fcr\u00fcn se\u00e7mi\u015f olursunuz. Detaylara g\u00f6sterilen \u00f6zen ve s\u0131k\u0131 kalite kontrol\u00fc ile tasarlanan bu elektrotlar, en zorlu ortamlarda bile kararl\u0131l\u0131k ve stabilite sa\u011flamak \u00fczere tasarlanm\u0131\u015ft\u0131r.<\/p>\n<h2>500mm UHP Grafit Elektrot Nas\u0131l Kullan\u0131l\u0131r\uff1f<\/h2>\n<p>Kurulum<\/p>\n<p>UHP 500 elektrotlar\u0131n\u0131n do\u011fru \u015fekilde tak\u0131lmas\u0131, optimum performanslar\u0131n\u0131n sa\u011flanmas\u0131 i\u00e7in kritik \u00f6nem ta\u015f\u0131r. \u00c7al\u0131\u015fma s\u0131ras\u0131nda yanl\u0131\u015f hizalamay\u0131 \u00f6nlemek i\u00e7in elektrot tutucunun d\u00fczg\u00fcn hizaland\u0131\u011f\u0131ndan emin olun. (Ba\u011flant\u0131lar\u0131n a\u015f\u0131r\u0131 s\u0131k\u0131lmas\u0131 stres k\u0131r\u0131lmalar\u0131na neden olabilece\u011finden dikkatli olun). Ancak do\u011fru kurulumu \u00f6nemli k\u0131lan \u015fey, do\u011fru yap\u0131ld\u0131\u011f\u0131nda mekanik hasar riskinin daha d\u00fc\u015f\u00fck olmas\u0131 ve elektrotun \u00e7al\u0131\u015fma \u00f6mr\u00fcn\u00fcn daha uzun olmas\u0131, b\u00f6ylece daha sorunsuz ve daha g\u00fcvenli proseslere olanak sa\u011flamas\u0131d\u0131r.<\/p>\n<p>Bak\u0131m<\/p>\n<p>UHP 500 elektrotlar\u0131n\u0131n kalitesini korumak ve hizmet \u00f6mr\u00fcn\u00fc uzatmak i\u00e7in d\u00fczenli bak\u0131m gereklidir. Yine de kullanmadan \u00f6nce \u00e7atlak, a\u015f\u0131nma veya ba\u015fka bir hasar olup olmad\u0131\u011f\u0131n\u0131 kontrol edin. Elektrotlar kuru ve temiz bir alanda do\u011frudan g\u00fcne\u015f \u0131\u015f\u0131\u011f\u0131ndan uzak tutulmal\u0131d\u0131r. Depolama ve ta\u015f\u0131ma s\u0131ras\u0131nda rutin temizlik ve uygun kullan\u0131m, performanslar\u0131n\u0131n tutarl\u0131l\u0131\u011f\u0131n\u0131 sa\u011flamaya yard\u0131mc\u0131 olur, b\u00f6ylece yat\u0131r\u0131m\u0131n\u0131zdan en iyi getiriyi elde edebilirsiniz.<\/p>","protected":false},"excerpt":{"rendered":"<p>UHP 500 grafit elektrotlar, termal \u015foklara ve mekanik gerilimlere kar\u015f\u0131 diren\u00e7li olmalar\u0131n\u0131 sa\u011flayan benzersiz bir malzeme kalitesiyle tasarlanm\u0131\u015ft\u0131r. B\u00fct\u00fcnl\u00fck kayb\u0131 olmadan daha y\u00fcksek elektrik ak\u0131m\u0131 iletkenli\u011fi, a\u015f\u0131r\u0131 \u00e7al\u0131\u015fma ko\u015fullar\u0131 alt\u0131nda di\u011fer t\u00fcrlerden daha iyi performans g\u00f6stermesini sa\u011flar. UHP 500 elektrotlar\u0131 ile, \u00e7elik \u00fcretimi ve demir d\u0131\u015f\u0131 metal i\u015fleme gibi en \u00fcst d\u00fczeyde talepte bulunan end\u00fcstriler i\u00e7in \u00e7ok uygun olan g\u00fcvenilirlik ve performans a\u00e7\u0131s\u0131ndan benzersiz bir \u00fcr\u00fcn elde edersiniz.<\/p>","protected":false},"featured_media":7025,"template":"","meta":[],"product_brand":[],"product_cat":[37],"product_tag":[],"class_list":{"0":"post-7024","1":"product","2":"type-product","3":"status-publish","4":"has-post-thumbnail","6":"product_cat-graphite-electrode","8":"first","9":"instock","10":"shipping-taxable","11":"product-type-simple"},"yoast_head":"<!-- This site is optimized with the Yoast SEO Premium plugin v19.2.1 (Yoast SEO v25.3) - https:\/\/yoast.com\/wordpress\/plugins\/seo\/ -->\n<title>500mm UHP Graphite Electrode for Arc Furnace Steelmaking<\/title>\n<meta name=\"description\" content=\"UHP 500 Graphite Electrodes Manufacturer in China. We supply high quality UHP 500mm Graphite Electrodes at the best price.\" \/>\n<meta name=\"robots\" content=\"index, follow, max-snippet:-1, max-image-preview:large, max-video-preview:-1\" \/>\n<link rel=\"canonical\" href=\"https:\/\/jinsuncarbon.com\/tr\/urun\/uhp-500-grafi\u0307t-elektrot\/\" \/>\n<meta property=\"og:locale\" content=\"tr_TR\" \/>\n<meta property=\"og:type\" content=\"article\" \/>\n<meta property=\"og:title\" content=\"500mm UHP Graphite Electrode\" \/>\n<meta property=\"og:description\" content=\"UHP 500 Graphite Electrodes Manufacturer in China. We supply high quality UHP 500mm Graphite Electrodes at the best price.\" \/>\n<meta property=\"og:url\" content=\"https:\/\/jinsuncarbon.com\/tr\/urun\/uhp-500-grafi\u0307t-elektrot\/\" \/>\n<meta property=\"og:site_name\" content=\"Jinsun Carbon\" \/>\n<meta property=\"article:publisher\" content=\"https:\/\/www.facebook.com\/Graphite-Electrode-109336238661595\" \/>\n<meta property=\"article:modified_time\" content=\"2024-12-14T08:23:32+00:00\" \/>\n<meta property=\"og:image\" content=\"https:\/\/jinsuncarbon.com\/wp-content\/uploads\/2024\/12\/UHP-500-Graphite-Electrodes.jpg\" \/>\n\t<meta property=\"og:image:width\" content=\"1024\" \/>\n\t<meta property=\"og:image:height\" content=\"763\" \/>\n\t<meta property=\"og:image:type\" content=\"image\/jpeg\" \/>\n<meta name=\"twitter:card\" content=\"summary_large_image\" \/>\n<meta name=\"twitter:site\" content=\"@jinsuncarbon_\" \/>\n<meta name=\"twitter:label1\" content=\"Tahmini okuma s\u00fcresi\" \/>\n\t<meta name=\"twitter:data1\" content=\"3 dakika\" \/>\n<script type=\"application\/ld+json\" class=\"yoast-schema-graph\">{\"@context\":\"https:\/\/schema.org\",\"@graph\":[{\"@type\":\"WebPage\",\"@id\":\"https:\/\/jinsuncarbon.com\/product\/uhp-500-graphite-electrode\/\",\"url\":\"https:\/\/jinsuncarbon.com\/product\/uhp-500-graphite-electrode\/\",\"name\":\"500mm UHP Graphite Electrode for Arc Furnace Steelmaking\",\"isPartOf\":{\"@id\":\"https:\/\/jinsuncarbon.com\/#website\"},\"primaryImageOfPage\":{\"@id\":\"https:\/\/jinsuncarbon.com\/product\/uhp-500-graphite-electrode\/#primaryimage\"},\"image\":{\"@id\":\"https:\/\/jinsuncarbon.com\/product\/uhp-500-graphite-electrode\/#primaryimage\"},\"thumbnailUrl\":\"https:\/\/jinsuncarbon.com\/wp-content\/uploads\/2024\/12\/UHP-500-Graphite-Electrodes.jpg\",\"datePublished\":\"2024-12-14T08:23:31+00:00\",\"dateModified\":\"2024-12-14T08:23:32+00:00\",\"description\":\"UHP 500 Graphite Electrodes Manufacturer in China. We supply high quality UHP 500mm Graphite Electrodes at the best price.\",\"breadcrumb\":{\"@id\":\"https:\/\/jinsuncarbon.com\/product\/uhp-500-graphite-electrode\/#breadcrumb\"},\"inLanguage\":\"tr\",\"potentialAction\":[{\"@type\":\"ReadAction\",\"target\":[\"https:\/\/jinsuncarbon.com\/product\/uhp-500-graphite-electrode\/\"]}]},{\"@type\":\"ImageObject\",\"inLanguage\":\"tr\",\"@id\":\"https:\/\/jinsuncarbon.com\/product\/uhp-500-graphite-electrode\/#primaryimage\",\"url\":\"https:\/\/jinsuncarbon.com\/wp-content\/uploads\/2024\/12\/UHP-500-Graphite-Electrodes.jpg\",\"contentUrl\":\"https:\/\/jinsuncarbon.com\/wp-content\/uploads\/2024\/12\/UHP-500-Graphite-Electrodes.jpg\",\"width\":1024,\"height\":763,\"caption\":\"UHP 500 Graphite Electrodes\"},{\"@type\":\"BreadcrumbList\",\"@id\":\"https:\/\/jinsuncarbon.com\/product\/uhp-500-graphite-electrode\/#breadcrumb\",\"itemListElement\":[{\"@type\":\"ListItem\",\"position\":1,\"name\":\"Home\",\"item\":\"https:\/\/jinsuncarbon.com\/\"},{\"@type\":\"ListItem\",\"position\":2,\"name\":\"Products\",\"item\":\"https:\/\/jinsuncarbon.com\/graphite-carbon\/\"},{\"@type\":\"ListItem\",\"position\":3,\"name\":\"500mm UHP Graphite Electrode\"}]},{\"@type\":\"WebSite\",\"@id\":\"https:\/\/jinsuncarbon.com\/#website\",\"url\":\"https:\/\/jinsuncarbon.com\/\",\"name\":\"Jinsun Carbon\",\"description\":\"We are the successful graphite electrode manufacturer in China\",\"publisher\":{\"@id\":\"https:\/\/jinsuncarbon.com\/#organization\"},\"potentialAction\":[{\"@type\":\"SearchAction\",\"target\":{\"@type\":\"EntryPoint\",\"urlTemplate\":\"https:\/\/jinsuncarbon.com\/?s={search_term_string}\"},\"query-input\":{\"@type\":\"PropertyValueSpecification\",\"valueRequired\":true,\"valueName\":\"search_term_string\"}}],\"inLanguage\":\"tr\"},{\"@type\":\"Organization\",\"@id\":\"https:\/\/jinsuncarbon.com\/#organization\",\"name\":\"Jinsun Carbon\",\"alternateName\":\"Jinsun Carbon\",\"url\":\"https:\/\/jinsuncarbon.com\/\",\"logo\":{\"@type\":\"ImageObject\",\"inLanguage\":\"tr\",\"@id\":\"https:\/\/jinsuncarbon.com\/#\/schema\/logo\/image\/\",\"url\":\"https:\/\/jinsuncarbon.com\/wp-content\/uploads\/2022\/12\/LOGO-1.png\",\"contentUrl\":\"https:\/\/jinsuncarbon.com\/wp-content\/uploads\/2022\/12\/LOGO-1.png\",\"width\":207,\"height\":80,\"caption\":\"Jinsun Carbon\"},\"image\":{\"@id\":\"https:\/\/jinsuncarbon.com\/#\/schema\/logo\/image\/\"},\"sameAs\":[\"https:\/\/www.facebook.com\/Graphite-Electrode-109336238661595\",\"https:\/\/x.com\/jinsuncarbon_\",\"https:\/\/www.linkedin.com\/in\/jinsungraphite\",\"https:\/\/www.youtube.com\/channel\/UCysDNyvyR5-3cCWEmpkVC0g\"]}]}<\/script>\n<!-- \/ Yoast SEO Premium plugin. -->","yoast_head_json":{"title":"Ark Oca\u011f\u0131 \u00c7elik \u00dcretimi i\u00e7in 500mm UHP Grafit Elektrot","description":"\u00c7in'de UHP 500 Grafit Elektrot \u00dcreticisi. En iyi fiyata y\u00fcksek kaliteli UHP 500mm Grafit Elektrotlar tedarik ediyoruz.","robots":{"index":"index","follow":"follow","max-snippet":"max-snippet:-1","max-image-preview":"max-image-preview:large","max-video-preview":"max-video-preview:-1"},"canonical":"https:\/\/jinsuncarbon.com\/tr\/urun\/uhp-500-grafi\u0307t-elektrot\/","og_locale":"tr_TR","og_type":"article","og_title":"500mm UHP Graphite Electrode","og_description":"UHP 500 Graphite Electrodes Manufacturer in China. We supply high quality UHP 500mm Graphite Electrodes at the best price.","og_url":"https:\/\/jinsuncarbon.com\/tr\/urun\/uhp-500-grafi\u0307t-elektrot\/","og_site_name":"Jinsun Carbon","article_publisher":"https:\/\/www.facebook.com\/Graphite-Electrode-109336238661595","article_modified_time":"2024-12-14T08:23:32+00:00","og_image":[{"width":1024,"height":763,"url":"https:\/\/jinsuncarbon.com\/wp-content\/uploads\/2024\/12\/UHP-500-Graphite-Electrodes.jpg","type":"image\/jpeg"}],"twitter_card":"summary_large_image","twitter_site":"@jinsuncarbon_","twitter_misc":{"Tahmini okuma s\u00fcresi":"3 dakika"},"schema":{"@context":"https:\/\/schema.org","@graph":[{"@type":"WebPage","@id":"https:\/\/jinsuncarbon.com\/product\/uhp-500-graphite-electrode\/","url":"https:\/\/jinsuncarbon.com\/product\/uhp-500-graphite-electrode\/","name":"Ark Oca\u011f\u0131 \u00c7elik \u00dcretimi i\u00e7in 500mm UHP Grafit Elektrot","isPartOf":{"@id":"https:\/\/jinsuncarbon.com\/#website"},"primaryImageOfPage":{"@id":"https:\/\/jinsuncarbon.com\/product\/uhp-500-graphite-electrode\/#primaryimage"},"image":{"@id":"https:\/\/jinsuncarbon.com\/product\/uhp-500-graphite-electrode\/#primaryimage"},"thumbnailUrl":"https:\/\/jinsuncarbon.com\/wp-content\/uploads\/2024\/12\/UHP-500-Graphite-Electrodes.jpg","datePublished":"2024-12-14T08:23:31+00:00","dateModified":"2024-12-14T08:23:32+00:00","description":"\u00c7in'de UHP 500 Grafit Elektrot \u00dcreticisi. En iyi fiyata y\u00fcksek kaliteli UHP 500mm Grafit Elektrotlar tedarik ediyoruz.","breadcrumb":{"@id":"https:\/\/jinsuncarbon.com\/product\/uhp-500-graphite-electrode\/#breadcrumb"},"inLanguage":"tr","potentialAction":[{"@type":"ReadAction","target":["https:\/\/jinsuncarbon.com\/product\/uhp-500-graphite-electrode\/"]}]},{"@type":"ImageObject","inLanguage":"tr","@id":"https:\/\/jinsuncarbon.com\/product\/uhp-500-graphite-electrode\/#primaryimage","url":"https:\/\/jinsuncarbon.com\/wp-content\/uploads\/2024\/12\/UHP-500-Graphite-Electrodes.jpg","contentUrl":"https:\/\/jinsuncarbon.com\/wp-content\/uploads\/2024\/12\/UHP-500-Graphite-Electrodes.jpg","width":1024,"height":763,"caption":"UHP 500 Graphite Electrodes"},{"@type":"BreadcrumbList","@id":"https:\/\/jinsuncarbon.com\/product\/uhp-500-graphite-electrode\/#breadcrumb","itemListElement":[{"@type":"ListItem","position":1,"name":"Home","item":"https:\/\/jinsuncarbon.com\/"},{"@type":"ListItem","position":2,"name":"Products","item":"https:\/\/jinsuncarbon.com\/graphite-carbon\/"},{"@type":"ListItem","position":3,"name":"500mm UHP Graphite Electrode"}]},{"@type":"WebSite","@id":"https:\/\/jinsuncarbon.com\/#website","url":"https:\/\/jinsuncarbon.com\/","name":"Jinsun Karbon","description":"\u00c7in'deki ba\u015far\u0131l\u0131 grafit elektrot \u00fcreticisiyiz","publisher":{"@id":"https:\/\/jinsuncarbon.com\/#organization"},"potentialAction":[{"@type":"SearchAction","target":{"@type":"EntryPoint","urlTemplate":"https:\/\/jinsuncarbon.com\/?s={search_term_string}"},"query-input":{"@type":"PropertyValueSpecification","valueRequired":true,"valueName":"search_term_string"}}],"inLanguage":"tr"},{"@type":"Organization","@id":"https:\/\/jinsuncarbon.com\/#organization","name":"Jinsun Karbon","alternateName":"Jinsun Carbon","url":"https:\/\/jinsuncarbon.com\/","logo":{"@type":"ImageObject","inLanguage":"tr","@id":"https:\/\/jinsuncarbon.com\/#\/schema\/logo\/image\/","url":"https:\/\/jinsuncarbon.com\/wp-content\/uploads\/2022\/12\/LOGO-1.png","contentUrl":"https:\/\/jinsuncarbon.com\/wp-content\/uploads\/2022\/12\/LOGO-1.png","width":207,"height":80,"caption":"Jinsun Carbon"},"image":{"@id":"https:\/\/jinsuncarbon.com\/#\/schema\/logo\/image\/"},"sameAs":["https:\/\/www.facebook.com\/Graphite-Electrode-109336238661595","https:\/\/x.com\/jinsuncarbon_","https:\/\/www.linkedin.com\/in\/jinsungraphite","https:\/\/www.youtube.com\/channel\/UCysDNyvyR5-3cCWEmpkVC0g"]}]}},"_links":{"self":[{"href":"https:\/\/jinsuncarbon.com\/tr\/wp-json\/wp\/v2\/product\/7024","targetHints":{"allow":["GET"]}}],"collection":[{"href":"https:\/\/jinsuncarbon.com\/tr\/wp-json\/wp\/v2\/product"}],"about":[{"href":"https:\/\/jinsuncarbon.com\/tr\/wp-json\/wp\/v2\/types\/product"}],"wp:featuredmedia":[{"embeddable":true,"href":"https:\/\/jinsuncarbon.com\/tr\/wp-json\/wp\/v2\/media\/7025"}],"wp:attachment":[{"href":"https:\/\/jinsuncarbon.com\/tr\/wp-json\/wp\/v2\/media?parent=7024"}],"wp:term":[{"taxonomy":"product_brand","embeddable":true,"href":"https:\/\/jinsuncarbon.com\/tr\/wp-json\/wp\/v2\/product_brand?post=7024"},{"taxonomy":"product_cat","embeddable":true,"href":"https:\/\/jinsuncarbon.com\/tr\/wp-json\/wp\/v2\/product_cat?post=7024"},{"taxonomy":"product_tag","embeddable":true,"href":"https:\/\/jinsuncarbon.com\/tr\/wp-json\/wp\/v2\/product_tag?post=7024"}],"curies":[{"name":"wp","href":"https:\/\/api.w.org\/{rel}","templated":true}]}}