{"id":7019,"date":"2024-12-13T11:32:43","date_gmt":"2024-12-13T11:32:43","guid":{"rendered":"https:\/\/jinsuncarbon.com\/?post_type=product&#038;p=7019"},"modified":"2024-12-17T01:32:25","modified_gmt":"2024-12-17T01:32:25","slug":"dusuk-sulfurlu-petrol-koku","status":"publish","type":"product","link":"https:\/\/jinsuncarbon.com\/tr\/urun\/dusuk-sulfurlu-petrol-koku\/","title":{"rendered":"D\u00fc\u015f\u00fck S\u00fclf\u00fcrl\u00fc Petrol Koku"},"content":{"rendered":"<p class=\"ql-align-justify\">D\u00fc\u015f\u00fck s\u00fclf\u00fcrl\u00fc petrol kok k\u00f6m\u00fcr\u00fc (pet kok) esas olarak d\u00f6kme veya gran\u00fcl i\u015fleme hammaddesidir. Farkl\u0131 end\u00fcstriyel uygulama senaryolar\u0131na g\u00f6re, belirli \u00fcretim gereksinimlerini kar\u015f\u0131lamak i\u00e7in ilgili i\u015fleme s\u00fcre\u00e7lerinden ge\u00e7eceklerdir.<\/p>\n<h2 class=\"ql-align-justify\">D\u00fc\u015f\u00fck s\u00fclf\u00fcrl\u00fc pet kok avantajlar\u0131<\/h2>\n<p class=\"ql-align-justify\">D\u00fc\u015f\u00fck s\u00fclf\u00fcrl\u00fc petrokok genellikle d\u00f6kme veya gran\u00fcl formdad\u0131r. Avantajlar\u0131 daha belirgindir.<\/p>\n<p class=\"ql-align-justify\"><strong>Nispeten d\u00fc\u015f\u00fck s\u00fclf\u00fcr i\u00e7eri\u011fi ile.<\/strong> Bu, \u00e7evre koruma gerekliliklerine uygun olarak yanma s\u00fcrecinde k\u00fck\u00fcrt dioksit gibi daha az zararl\u0131 gaz \u00fcretmesini sa\u011flar.<\/p>\n<p class=\"ql-align-justify\"><strong>Y\u00fcksek karbon i\u00e7eri\u011fi ve y\u00fcksek kalorifik de\u011feri ile.<\/strong> Y\u00fcksek kaliteli d\u00fc\u015f\u00fck k\u00fck\u00fcrtl\u00fc bir yak\u0131tt\u0131r. D\u00fc\u015f\u00fck s\u00fclf\u00fcrl\u00fc k\u00f6m\u00fcr ya\u011f\u0131 ve d\u00fc\u015f\u00fck s\u00fclf\u00fcrl\u00fc ham petrol gibi d\u00fc\u015f\u00fck s\u00fclf\u00fcrl\u00fc enerji \u00fcr\u00fcnlerine ek olarak kullanabilirsiniz.<\/p>\n<p class=\"ql-align-justify\"><strong>\u0130yi kimyasal stabiliteye sahiptir.<\/strong> Y\u00fcksek s\u0131cakl\u0131k ortam\u0131nda iyi performans sa\u011flayabilir.<\/p>\n<p class=\"ql-align-justify\">\u0130\u015fleme performans\u0131 a\u00e7\u0131s\u0131ndan, d\u00fc\u015f\u00fck s\u00fclf\u00fcrl\u00fc petrol kokunun \u00f6\u011f\u00fct\u00fclmesi ve \u015fekillendirilmesi kolayd\u0131r. Sonraki end\u00fcstriyel i\u015fleme ve uygulama i\u00e7in uygundur.<\/p>\n<h2 class=\"ql-align-justify\">D\u00fc\u015f\u00fck s\u00fclf\u00fcrl\u00fc petrol kokunun \u00f6zellikleri<\/h2>\n<p class=\"ql-align-justify\">D\u00fc\u015f\u00fck s\u00fclf\u00fcrl\u00fc petrol koku ba\u015fl\u0131ca a\u015fa\u011f\u0131daki \u015fekillerde s\u0131n\u0131fland\u0131r\u0131l\u0131r.<\/p>\n<p class=\"ql-align-justify\">\u0130\u015fleme teknolojisinin s\u0131n\u0131fland\u0131r\u0131lmas\u0131na g\u00f6re:<\/p>\n<p class=\"ql-align-justify\">S\u0131radan d\u00fc\u015f\u00fck s\u00fclf\u00fcrl\u00fc petrol koku. \u00c7o\u011fu genel end\u00fcstriyel uygulama senaryosu i\u00e7in uygun olan geleneksel petrol ar\u0131tma ve kokla\u015ft\u0131rma i\u015flemi ile \u00fcretilir. \u00d6rne\u011fin, k\u00fck\u00fcrt i\u00e7eri\u011fi i\u00e7in belirli gereksinimleri olan ancak nispeten gev\u015fek standartlara sahip baz\u0131 end\u00fcstriyel f\u0131r\u0131nlar i\u00e7in yak\u0131t olarak kullanabilirsiniz. Ve maliyeti daha ekonomiktir.<\/p>\n<p class=\"ql-align-justify\">Y\u00fcksek kaliteli d\u00fc\u015f\u00fck s\u00fclf\u00fcrl\u00fc pet kok. Daha fazla safla\u015ft\u0131r\u0131lm\u0131\u015f ve rafine edilmi\u015ftir ve k\u00fck\u00fcrt i\u00e7eri\u011fi daha d\u00fc\u015f\u00fck ve daha y\u00fcksek safl\u0131ktad\u0131r. Baz\u0131 \u00fcst d\u00fczey metal\u00fcrji end\u00fcstrilerinde elektrot \u00fcretimi gibi kat\u0131 k\u00fck\u00fcrt i\u00e7eri\u011fine sahip baz\u0131 \u00f6zel alanlarda kullanabilirsiniz. Ve y\u00fcksek \u00e7evre koruma gereksinimleri olan alanlarda temiz enerji i\u00e7in bir hammadde olarak.<\/p>\n<p class=\"ql-align-justify\">Kullan\u0131mlar\u0131n s\u0131n\u0131fland\u0131r\u0131lmas\u0131na g\u00f6re:<\/p>\n<p class=\"ql-align-justify\">Yanma i\u00e7in. Esas olarak end\u00fcstriyel kazanlarda, elektrik santrallerinde ve di\u011fer yanmal\u0131 \u0131s\u0131tma alanlar\u0131nda kullanabilirsiniz. D\u00fc\u015f\u00fck s\u00fclf\u00fcr \u00f6zellikleri, yanma egzozunun kirlilik emisyonlar\u0131n\u0131 azaltabilir;<\/p>\n<p class=\"ql-align-justify\">End\u00fcstriyel hammaddeler i\u00e7in. Karbon \u00fcr\u00fcnleri, grafit elektrotlar, metal silikon ve di\u011fer end\u00fcstriyel \u00fcr\u00fcnlerin \u00fcretim s\u00fcrecinde yayg\u0131n olarak kullanabilirsiniz. Bu \u00fcr\u00fcnlerin performans\u0131n\u0131 ve kalitesini sa\u011flamak i\u00e7in y\u00fcksek kaliteli karbon kaynaklar\u0131 sa\u011flar.<\/p>\n<h2 class=\"ql-align-justify\"><\/h2>\n<h2 class=\"ql-align-justify\">D\u00fc\u015f\u00fck s\u00fclf\u00fcrl\u00fc petrol kokunun kullan\u0131m alanlar\u0131<\/h2>\n<p>&nbsp;<\/p>\n<p class=\"ql-align-justify\"><strong>Enerji alan\u0131nda.<\/strong> D\u00fc\u015f\u00fck s\u00fclf\u00fcrl\u00fc bir yak\u0131t olarak, termal enerji \u00fcretimi, end\u00fcstriyel \u0131s\u0131tma vb. i\u00e7in geleneksel y\u00fcksek s\u00fclf\u00fcrl\u00fc yak\u0131t\u0131n bir k\u0131sm\u0131n\u0131n yerini alabilir. Yanma s\u00fcrecinde kirleticilerin emisyonunu etkili bir \u015fekilde azalt\u0131r ve enerji end\u00fcstrisinin ye\u015fil geli\u015fimine yard\u0131mc\u0131 olur;<\/p>\n<p class=\"ql-align-justify\">Metal\u00fcrji end\u00fcstrisinde. D\u00fc\u015f\u00fck s\u00fclf\u00fcrl\u00fc petrol kok k\u00f6m\u00fcr\u00fc, y\u00fcksek kaliteli metallerin \u00fcretimi i\u00e7in temel hammaddedir. <a href=\"https:\/\/jinsuncarbon.com\/tr\/urun\/uhp-grafi%cc%87t-elektrot\/\">grafit elektrotlar<\/a>. D\u00fc\u015f\u00fck s\u00fclf\u00fcr ve y\u00fcksek karbon \u00f6zellikleri, elektrotlar\u0131n y\u00fcksek s\u0131cakl\u0131k ve g\u00fc\u00e7l\u00fc ak\u0131m ortam\u0131nda iyi elektrik iletkenli\u011fine ve kararl\u0131l\u0131\u011fa sahip olmas\u0131n\u0131 sa\u011flayabilir. Ve a\u015fa\u011f\u0131daki eritme i\u015flemlerinde elektrot ihtiya\u00e7lar\u0131n\u0131 kar\u015f\u0131lar <a href=\"https:\/\/en.wikipedia.org\/wiki\/Steel\" target=\"_blank\" rel=\"noopener\">\u00c7elik<\/a> ve demir d\u0131\u015f\u0131 metaller.<\/p>\n<p class=\"ql-align-justify\"><strong>Kimya end\u00fcstrisinde.<\/strong> D\u00fc\u015f\u00fck s\u00fclf\u00fcrl\u00fc petrol kok k\u00f6m\u00fcr\u00fc kullanarak <a href=\"https:\/\/jinsuncarbon.com\/tr\/karbon-karasi-nedi%cc%87r\/\">karbon siyah\u0131<\/a>aktif karbon ve di\u011fer \u00fcr\u00fcnler. Bu \u00fcr\u00fcnler yayg\u0131n olarak \u015fu alanlarda kullan\u0131lmaktad\u0131r <a href=\"https:\/\/www.sciencedirect.com\/topics\/materials-science\/rubber\" target=\"_blank\" rel=\"noopener\">kau\u00e7uk<\/a>plastik, \u00e7evre koruma ve di\u011fer alanlarda, takviye, adsorpsiyon ve benzeri konularda \u00f6nemli bir rol oynar;<\/p>\n<p class=\"ql-align-justify\"><strong>Yap\u0131 malzemeleri alan\u0131nda.<\/strong> D\u00fc\u015f\u00fck s\u00fclf\u00fcrl\u00fc petrol kokunu baz\u0131 \u00f6zel \u00e7imento, refrakter malzemeler vb. \u00fcretiminde katk\u0131 maddesi olarak da kullanabilirsiniz. Bu malzemelerin y\u00fcksek s\u0131cakl\u0131k direncini ve mukavemetini art\u0131rmak ve uygulama aral\u0131\u011f\u0131n\u0131 ve performans\u0131n\u0131 geni\u015fletmek i\u00e7in.<\/p>\n<p class=\"ql-align-justify\">\u00d6zel ihtiya\u00e7lara g\u00f6re, \u00f6\u011f\u00fctme, kal\u0131plama ve di\u011fer i\u015fleme y\u00f6ntemleri arac\u0131l\u0131\u011f\u0131yla, farkl\u0131 alanlar\u0131n uygulama gereksinimlerini kar\u015f\u0131lamak i\u00e7in gerekli \u015fekli ve par\u00e7ac\u0131k boyutunu yapabiliriz.<\/p>","protected":false},"excerpt":{"rendered":"<p>D\u00fc\u015f\u00fck s\u00fclf\u00fcrl\u00fc petrol koku, petrol ar\u0131tma i\u015fleminin bir yan \u00fcr\u00fcn\u00fcd\u00fcr. Esas olarak petrol rafinasyonunun kokla\u015ft\u0131rma i\u015fleminden kaynaklan\u0131r. Ve petrol i\u015fleme tesislerinde mazotun kokla\u015ft\u0131r\u0131lmas\u0131ndan sonra elde edilen \u00fcr\u00fcnlerle daha fazla i\u015fleyebilirsiniz. D\u00fc\u015f\u00fck s\u00fclf\u00fcr \u00f6zellikleri ve enerji ve end\u00fcstriyel alanlardaki \u00e7e\u015fitli uygulama de\u011ferleri ile \u00f6nemli bir end\u00fcstriyel hammadde haline gelmi\u015ftir. Ye\u015fil petrokok olarak da bilinen bu \u00fcr\u00fcn, \u00e7evre koruma ve performans a\u00e7\u0131s\u0131ndan belirli avantajlara sahiptir.<\/p>\n<div class=\"attribute-item\"><\/div>\n<div class=\"attribute-item\">\n<div class=\"right\" data-spm-anchor-id=\"a2700.details.0.i59.6c1f6198lBfgqW\"><\/div>\n<\/div>","protected":false},"featured_media":7020,"template":"","meta":[],"product_brand":[],"product_cat":[40],"product_tag":[],"class_list":{"0":"post-7019","1":"product","2":"type-product","3":"status-publish","4":"has-post-thumbnail","6":"product_cat-petroleum-coke","8":"first","9":"instock","10":"shipping-taxable","11":"product-type-simple"},"yoast_head":"<!-- This site is optimized with the Yoast SEO Premium plugin v19.2.1 (Yoast SEO v25.3) - https:\/\/yoast.com\/wordpress\/plugins\/seo\/ -->\n<title>Low Sulfur Petroleum Coke - Best Price | Jinsun Carbon<\/title>\n<meta name=\"robots\" content=\"index, follow, max-snippet:-1, max-image-preview:large, max-video-preview:-1\" \/>\n<link rel=\"canonical\" href=\"https:\/\/jinsuncarbon.com\/tr\/urun\/dusuk-sulfurlu-petrol-koku\/\" \/>\n<meta property=\"og:locale\" content=\"tr_TR\" \/>\n<meta property=\"og:type\" content=\"article\" \/>\n<meta property=\"og:title\" content=\"Low Sulfur Petroleum Coke\" \/>\n<meta property=\"og:description\" content=\"Low sulfur petroleum coke is a by-product of petroleum refining process. It mainly originates from the coking process of petroleum refining. And you can further process it by the products obtained after coking diesel oil in petroleum processing plants. With its low sulfur characteristics and a variety of application values in the energy and industrial fields, it has become an important industrial raw material. Also known as green petcoke, it has certain advantages in environmental protection and performance.\" \/>\n<meta property=\"og:url\" content=\"https:\/\/jinsuncarbon.com\/tr\/urun\/dusuk-sulfurlu-petrol-koku\/\" \/>\n<meta property=\"og:site_name\" content=\"Jinsun Carbon\" \/>\n<meta property=\"article:publisher\" content=\"https:\/\/www.facebook.com\/Graphite-Electrode-109336238661595\" \/>\n<meta property=\"article:modified_time\" content=\"2024-12-17T01:32:25+00:00\" \/>\n<meta property=\"og:image\" content=\"https:\/\/jinsuncarbon.com\/wp-content\/uploads\/2024\/12\/Low-sulfur-petroleum-coke.jpg\" \/>\n\t<meta property=\"og:image:width\" content=\"1024\" \/>\n\t<meta property=\"og:image:height\" content=\"763\" \/>\n\t<meta property=\"og:image:type\" content=\"image\/jpeg\" \/>\n<meta name=\"twitter:card\" content=\"summary_large_image\" \/>\n<meta name=\"twitter:site\" content=\"@jinsuncarbon_\" \/>\n<meta name=\"twitter:label1\" content=\"Tahmini okuma s\u00fcresi\" \/>\n\t<meta name=\"twitter:data1\" content=\"3 dakika\" \/>\n<script type=\"application\/ld+json\" class=\"yoast-schema-graph\">{\"@context\":\"https:\/\/schema.org\",\"@graph\":[{\"@type\":\"WebPage\",\"@id\":\"https:\/\/jinsuncarbon.com\/product\/low-sulfur-petroleum-coke\/\",\"url\":\"https:\/\/jinsuncarbon.com\/product\/low-sulfur-petroleum-coke\/\",\"name\":\"Low Sulfur Petroleum Coke - Best Price | Jinsun Carbon\",\"isPartOf\":{\"@id\":\"https:\/\/jinsuncarbon.com\/#website\"},\"primaryImageOfPage\":{\"@id\":\"https:\/\/jinsuncarbon.com\/product\/low-sulfur-petroleum-coke\/#primaryimage\"},\"image\":{\"@id\":\"https:\/\/jinsuncarbon.com\/product\/low-sulfur-petroleum-coke\/#primaryimage\"},\"thumbnailUrl\":\"https:\/\/jinsuncarbon.com\/wp-content\/uploads\/2024\/12\/Low-sulfur-petroleum-coke.jpg\",\"datePublished\":\"2024-12-13T11:32:43+00:00\",\"dateModified\":\"2024-12-17T01:32:25+00:00\",\"breadcrumb\":{\"@id\":\"https:\/\/jinsuncarbon.com\/product\/low-sulfur-petroleum-coke\/#breadcrumb\"},\"inLanguage\":\"tr\",\"potentialAction\":[{\"@type\":\"ReadAction\",\"target\":[\"https:\/\/jinsuncarbon.com\/product\/low-sulfur-petroleum-coke\/\"]}]},{\"@type\":\"ImageObject\",\"inLanguage\":\"tr\",\"@id\":\"https:\/\/jinsuncarbon.com\/product\/low-sulfur-petroleum-coke\/#primaryimage\",\"url\":\"https:\/\/jinsuncarbon.com\/wp-content\/uploads\/2024\/12\/Low-sulfur-petroleum-coke.jpg\",\"contentUrl\":\"https:\/\/jinsuncarbon.com\/wp-content\/uploads\/2024\/12\/Low-sulfur-petroleum-coke.jpg\",\"width\":1024,\"height\":763,\"caption\":\"Low sulfur petroleum coke\"},{\"@type\":\"BreadcrumbList\",\"@id\":\"https:\/\/jinsuncarbon.com\/product\/low-sulfur-petroleum-coke\/#breadcrumb\",\"itemListElement\":[{\"@type\":\"ListItem\",\"position\":1,\"name\":\"Home\",\"item\":\"https:\/\/jinsuncarbon.com\/\"},{\"@type\":\"ListItem\",\"position\":2,\"name\":\"Products\",\"item\":\"https:\/\/jinsuncarbon.com\/graphite-carbon\/\"},{\"@type\":\"ListItem\",\"position\":3,\"name\":\"Low Sulfur Petroleum Coke\"}]},{\"@type\":\"WebSite\",\"@id\":\"https:\/\/jinsuncarbon.com\/#website\",\"url\":\"https:\/\/jinsuncarbon.com\/\",\"name\":\"Jinsun Carbon\",\"description\":\"We are the successful graphite electrode manufacturer in China\",\"publisher\":{\"@id\":\"https:\/\/jinsuncarbon.com\/#organization\"},\"potentialAction\":[{\"@type\":\"SearchAction\",\"target\":{\"@type\":\"EntryPoint\",\"urlTemplate\":\"https:\/\/jinsuncarbon.com\/?s={search_term_string}\"},\"query-input\":{\"@type\":\"PropertyValueSpecification\",\"valueRequired\":true,\"valueName\":\"search_term_string\"}}],\"inLanguage\":\"tr\"},{\"@type\":\"Organization\",\"@id\":\"https:\/\/jinsuncarbon.com\/#organization\",\"name\":\"Jinsun Carbon\",\"alternateName\":\"Jinsun Carbon\",\"url\":\"https:\/\/jinsuncarbon.com\/\",\"logo\":{\"@type\":\"ImageObject\",\"inLanguage\":\"tr\",\"@id\":\"https:\/\/jinsuncarbon.com\/#\/schema\/logo\/image\/\",\"url\":\"https:\/\/jinsuncarbon.com\/wp-content\/uploads\/2022\/12\/LOGO-1.png\",\"contentUrl\":\"https:\/\/jinsuncarbon.com\/wp-content\/uploads\/2022\/12\/LOGO-1.png\",\"width\":207,\"height\":80,\"caption\":\"Jinsun Carbon\"},\"image\":{\"@id\":\"https:\/\/jinsuncarbon.com\/#\/schema\/logo\/image\/\"},\"sameAs\":[\"https:\/\/www.facebook.com\/Graphite-Electrode-109336238661595\",\"https:\/\/x.com\/jinsuncarbon_\",\"https:\/\/www.linkedin.com\/in\/jinsungraphite\",\"https:\/\/www.youtube.com\/channel\/UCysDNyvyR5-3cCWEmpkVC0g\"]}]}<\/script>\n<!-- \/ Yoast SEO Premium plugin. -->","yoast_head_json":{"title":"D\u00fc\u015f\u00fck K\u00fck\u00fcrtl\u00fc Petrol Koku - En \u0130yi Fiyat | Jinsun Carbon","robots":{"index":"index","follow":"follow","max-snippet":"max-snippet:-1","max-image-preview":"max-image-preview:large","max-video-preview":"max-video-preview:-1"},"canonical":"https:\/\/jinsuncarbon.com\/tr\/urun\/dusuk-sulfurlu-petrol-koku\/","og_locale":"tr_TR","og_type":"article","og_title":"Low Sulfur Petroleum Coke","og_description":"Low sulfur petroleum coke is a by-product of petroleum refining process. It mainly originates from the coking process of petroleum refining. And you can further process it by the products obtained after coking diesel oil in petroleum processing plants. With its low sulfur characteristics and a variety of application values in the energy and industrial fields, it has become an important industrial raw material. Also known as green petcoke, it has certain advantages in environmental protection and performance.","og_url":"https:\/\/jinsuncarbon.com\/tr\/urun\/dusuk-sulfurlu-petrol-koku\/","og_site_name":"Jinsun Carbon","article_publisher":"https:\/\/www.facebook.com\/Graphite-Electrode-109336238661595","article_modified_time":"2024-12-17T01:32:25+00:00","og_image":[{"width":1024,"height":763,"url":"https:\/\/jinsuncarbon.com\/wp-content\/uploads\/2024\/12\/Low-sulfur-petroleum-coke.jpg","type":"image\/jpeg"}],"twitter_card":"summary_large_image","twitter_site":"@jinsuncarbon_","twitter_misc":{"Tahmini okuma s\u00fcresi":"3 dakika"},"schema":{"@context":"https:\/\/schema.org","@graph":[{"@type":"WebPage","@id":"https:\/\/jinsuncarbon.com\/product\/low-sulfur-petroleum-coke\/","url":"https:\/\/jinsuncarbon.com\/product\/low-sulfur-petroleum-coke\/","name":"D\u00fc\u015f\u00fck K\u00fck\u00fcrtl\u00fc Petrol Koku - En \u0130yi Fiyat | Jinsun Carbon","isPartOf":{"@id":"https:\/\/jinsuncarbon.com\/#website"},"primaryImageOfPage":{"@id":"https:\/\/jinsuncarbon.com\/product\/low-sulfur-petroleum-coke\/#primaryimage"},"image":{"@id":"https:\/\/jinsuncarbon.com\/product\/low-sulfur-petroleum-coke\/#primaryimage"},"thumbnailUrl":"https:\/\/jinsuncarbon.com\/wp-content\/uploads\/2024\/12\/Low-sulfur-petroleum-coke.jpg","datePublished":"2024-12-13T11:32:43+00:00","dateModified":"2024-12-17T01:32:25+00:00","breadcrumb":{"@id":"https:\/\/jinsuncarbon.com\/product\/low-sulfur-petroleum-coke\/#breadcrumb"},"inLanguage":"tr","potentialAction":[{"@type":"ReadAction","target":["https:\/\/jinsuncarbon.com\/product\/low-sulfur-petroleum-coke\/"]}]},{"@type":"ImageObject","inLanguage":"tr","@id":"https:\/\/jinsuncarbon.com\/product\/low-sulfur-petroleum-coke\/#primaryimage","url":"https:\/\/jinsuncarbon.com\/wp-content\/uploads\/2024\/12\/Low-sulfur-petroleum-coke.jpg","contentUrl":"https:\/\/jinsuncarbon.com\/wp-content\/uploads\/2024\/12\/Low-sulfur-petroleum-coke.jpg","width":1024,"height":763,"caption":"Low sulfur petroleum coke"},{"@type":"BreadcrumbList","@id":"https:\/\/jinsuncarbon.com\/product\/low-sulfur-petroleum-coke\/#breadcrumb","itemListElement":[{"@type":"ListItem","position":1,"name":"Home","item":"https:\/\/jinsuncarbon.com\/"},{"@type":"ListItem","position":2,"name":"Products","item":"https:\/\/jinsuncarbon.com\/graphite-carbon\/"},{"@type":"ListItem","position":3,"name":"Low Sulfur Petroleum Coke"}]},{"@type":"WebSite","@id":"https:\/\/jinsuncarbon.com\/#website","url":"https:\/\/jinsuncarbon.com\/","name":"Jinsun Karbon","description":"\u00c7in'deki ba\u015far\u0131l\u0131 grafit elektrot \u00fcreticisiyiz","publisher":{"@id":"https:\/\/jinsuncarbon.com\/#organization"},"potentialAction":[{"@type":"SearchAction","target":{"@type":"EntryPoint","urlTemplate":"https:\/\/jinsuncarbon.com\/?s={search_term_string}"},"query-input":{"@type":"PropertyValueSpecification","valueRequired":true,"valueName":"search_term_string"}}],"inLanguage":"tr"},{"@type":"Organization","@id":"https:\/\/jinsuncarbon.com\/#organization","name":"Jinsun Karbon","alternateName":"Jinsun Carbon","url":"https:\/\/jinsuncarbon.com\/","logo":{"@type":"ImageObject","inLanguage":"tr","@id":"https:\/\/jinsuncarbon.com\/#\/schema\/logo\/image\/","url":"https:\/\/jinsuncarbon.com\/wp-content\/uploads\/2022\/12\/LOGO-1.png","contentUrl":"https:\/\/jinsuncarbon.com\/wp-content\/uploads\/2022\/12\/LOGO-1.png","width":207,"height":80,"caption":"Jinsun Carbon"},"image":{"@id":"https:\/\/jinsuncarbon.com\/#\/schema\/logo\/image\/"},"sameAs":["https:\/\/www.facebook.com\/Graphite-Electrode-109336238661595","https:\/\/x.com\/jinsuncarbon_","https:\/\/www.linkedin.com\/in\/jinsungraphite","https:\/\/www.youtube.com\/channel\/UCysDNyvyR5-3cCWEmpkVC0g"]}]}},"_links":{"self":[{"href":"https:\/\/jinsuncarbon.com\/tr\/wp-json\/wp\/v2\/product\/7019","targetHints":{"allow":["GET"]}}],"collection":[{"href":"https:\/\/jinsuncarbon.com\/tr\/wp-json\/wp\/v2\/product"}],"about":[{"href":"https:\/\/jinsuncarbon.com\/tr\/wp-json\/wp\/v2\/types\/product"}],"wp:featuredmedia":[{"embeddable":true,"href":"https:\/\/jinsuncarbon.com\/tr\/wp-json\/wp\/v2\/media\/7020"}],"wp:attachment":[{"href":"https:\/\/jinsuncarbon.com\/tr\/wp-json\/wp\/v2\/media?parent=7019"}],"wp:term":[{"taxonomy":"product_brand","embeddable":true,"href":"https:\/\/jinsuncarbon.com\/tr\/wp-json\/wp\/v2\/product_brand?post=7019"},{"taxonomy":"product_cat","embeddable":true,"href":"https:\/\/jinsuncarbon.com\/tr\/wp-json\/wp\/v2\/product_cat?post=7019"},{"taxonomy":"product_tag","embeddable":true,"href":"https:\/\/jinsuncarbon.com\/tr\/wp-json\/wp\/v2\/product_tag?post=7019"}],"curies":[{"name":"wp","href":"https:\/\/api.w.org\/{rel}","templated":true}]}}