{"id":6992,"date":"2024-12-11T12:02:08","date_gmt":"2024-12-11T12:02:08","guid":{"rendered":"https:\/\/jinsuncarbon.com\/?post_type=product&#038;p=6992"},"modified":"2025-10-09T10:16:50","modified_gmt":"2025-10-09T10:16:50","slug":"yuksek-saflikta-grafit-pota","status":"publish","type":"product","link":"https:\/\/jinsuncarbon.com\/tr\/urun\/yuksek-saflikta-grafit-pota\/","title":{"rendered":"Y\u00fcksek Safl\u0131kta Grafit Pota"},"content":{"rendered":"<h2>Y\u00fcksek safl\u0131kta grafit potan\u0131n avantajlar\u0131<\/h2>\n<p>Y\u00fcksek safl\u0131kta grafit pota genellikle bardak, kase veya silindir \u015feklindedir ve \u00e7ok \u00f6nemli avantajlar\u0131 vard\u0131r.<\/p>\n<p><strong><b>Son derece g\u00fc\u00e7l\u00fc y\u00fcksek s\u0131cakl\u0131k direnci<\/b><\/strong><\/p>\n<p>Deformasyon veya erime olmadan 1500 \u2103 ila 3000 \u2103 aras\u0131nda de\u011fi\u015fen ultra y\u00fcksek s\u0131cakl\u0131k ortam\u0131nda kararl\u0131 bir \u015fekilde kullan\u0131labilir.<\/p>\n<p><strong><b>\u00a0<\/b><\/strong><\/p>\n<p><strong><b>Son derece kararl\u0131 kimyasal \u00f6zellikler<\/b><\/strong><\/p>\n<p>Asitler ve alkaliler gibi \u00e7o\u011fu a\u015f\u0131nd\u0131r\u0131c\u0131 kimyasal maddeye kar\u015f\u0131 g\u00fc\u00e7l\u00fc bir dirence sahiptir.<\/p>\n<p>&nbsp;<\/p>\n<p><strong><b>M\u00fckemmel \u0131s\u0131 iletkenli\u011fi<\/b><\/strong><\/p>\n<p>Is\u0131 iletimi d\u00fczg\u00fcn ve h\u0131zl\u0131d\u0131r, bu da \u0131s\u0131tma verimlili\u011fini etkili bir \u015fekilde art\u0131rabilir.<\/p>\n<p>&nbsp;<\/p>\n<p><strong><b>Y\u00fcksek mekanik dayan\u0131m<\/b><\/strong><\/p>\n<p>Bu iyi <a href=\"https:\/\/jinsuncarbon.com\/tr\/grafi%cc%87t-mekani%cc%87k-ozelli%cc%87kleri%cc%87\/\">termal \u015fok direnci<\/a> ve kolay \u00e7atlama olmadan h\u0131zl\u0131 s\u0131cakl\u0131k de\u011fi\u015fimlerine dayanabilir.<\/p>\n<p>&nbsp;<\/p>\n<p><strong><b>\u0130yi kayganl\u0131k<\/b><\/strong><\/p>\n<p>Malzemelerin pota duvar\u0131na yap\u0131\u015fmas\u0131n\u0131 azaltabilir ve malzemelerin d\u00f6k\u00fclmesini kolayla\u015ft\u0131rabilir.<\/p>\n<p>&nbsp;<\/p>\n<p><strong><b>Uzun hizmet \u00f6mr\u00fc<\/b><\/strong><\/p>\n<p>Bir\u00e7ok kez yeniden kullanabilir, b\u00f6ylece kullan\u0131m maliyetini etkili bir \u015fekilde d\u00fc\u015f\u00fcrebilirsiniz.<\/p>\n<p>&nbsp;<\/p>\n<p>Ayr\u0131ca, farkl\u0131 kullan\u0131m gereksinimlerine g\u00f6re izostatik preslenmi\u015f y\u00fcksek safl\u0131kta grafit potalar, kal\u0131planm\u0131\u015f y\u00fcksek safl\u0131kta grafit potalar, vakum emdirilmi\u015f y\u00fcksek safl\u0131kta grafit potalar veya di\u011fer y\u00fcksek safl\u0131kta grafit pota \u00fcr\u00fcnlerini de se\u00e7ebilirsiniz.<\/p>\n<p>&nbsp;<\/p>\n<h2>Y\u00fcksek safl\u0131kta grafit potan\u0131n kullan\u0131m alanlar\u0131<\/h2>\n<h3>Metalurji alan\u0131<\/h3>\n<p><strong><b>De\u011ferli metal eritme<\/b><\/strong><\/p>\n<p>Alt\u0131n ve g\u00fcm\u00fc\u015f gibi de\u011ferli metallerin rafine edilmesi ve d\u00f6k\u00fcm\u00fc i\u00e7in y\u00fcksek safl\u0131kta grafit pota kullanabilirsiniz. Y\u00fcksek safl\u0131\u011f\u0131 ve kimyasal kararl\u0131l\u0131\u011f\u0131 kirlili\u011fi \u00f6nleyebilir ve kuyumculuk end\u00fcstrilerinin taleplerini kar\u015f\u0131layan metallerin safl\u0131\u011f\u0131n\u0131 sa\u011flar.<\/p>\n<p><strong><b>\u00a0<\/b><\/strong><\/p>\n<p><strong><b>Nadir metal eritme<\/b><\/strong><\/p>\n<p>Y\u00fcksek s\u0131cakl\u0131klara ve karma\u015f\u0131k kimyasal ortamlara dayanabilir, erozyona kar\u015f\u0131 diren\u00e7lidir. B\u00f6ylece titanyum ve zirkonyum gibi nadir metallerin eritilmesinde de kullanabilirsiniz. \u00d6zel ko\u015fullar alt\u0131nda nadir metallerin verimli bir \u015fekilde \u00e7\u0131kar\u0131lmas\u0131n\u0131 ve safla\u015ft\u0131r\u0131lmas\u0131n\u0131 kolayla\u015ft\u0131rmak i\u00e7in.<\/p>\n<p>&nbsp;<\/p>\n<p><strong><b>\u00d6zel ala\u015f\u0131mlar\u0131n haz\u0131rlanmas\u0131<\/b><\/strong><\/p>\n<p>Ayn\u0131 zamanda \u00fcretimde de \u00f6nemli bir rol oynamaktad\u0131r. <a href=\"https:\/\/en.wikipedia.org\/wiki\/Nickel\" target=\"_blank\" rel=\"noopener\">nikel<\/a>-bazl\u0131, titanyum bazl\u0131 ve di\u011fer ala\u015f\u0131mlar. Kimyasal kararl\u0131l\u0131\u011f\u0131 hassas bile\u015fim sa\u011flar ve iyi termal iletkenli\u011fi d\u00fczg\u00fcn \u0131s\u0131tmay\u0131 te\u015fvik ederek \u00fcst d\u00fczey uygulamalar i\u00e7in y\u00fcksek performansl\u0131 ala\u015f\u0131mlar elde edilmesini sa\u011flar.<\/p>\n<p>&nbsp;<\/p>\n<h3>Yar\u0131 iletken ve fotovoltaik end\u00fcstrileri:<\/h3>\n<p><strong><b>Monokristal silikon b\u00fcy\u00fcmesi<\/b><\/strong><\/p>\n<p>Yar\u0131 iletken monokristal silikonun kzokralitik b\u00fcy\u00fcmesinde, y\u00fcksek safl\u0131kta grafit pota kararl\u0131 bir ortam sa\u011flayabilir. Ve monokristal silikonun kalitesini ve \u00e7ipin performans\u0131n\u0131 art\u0131rmak i\u00e7in s\u0131cakl\u0131\u011f\u0131 y\u00fcksek safl\u0131kta anti safs\u0131zl\u0131k ve termal iletkenlik ile kontrol edebilir.<\/p>\n<p><strong><b>\u00a0<\/b><\/strong><\/p>\n<p><strong><b>Polikristal silikon k\u00fcl\u00e7e d\u00f6k\u00fcm\u00fc<\/b><\/strong><\/p>\n<p>Kimyasal stabilite ve y\u00fcksek s\u0131cakl\u0131k direnci ile, polikristalin silikon k\u00fcl\u00e7eleri d\u00f6kerken fotovoltaik end\u00fcstrisindeki kirlili\u011fi \u00f6nleyebilir. Kristalle\u015fmeyi te\u015fvik etmek i\u00e7in s\u0131cakl\u0131\u011f\u0131 hassas bir \u015fekilde kontrol eder ve g\u00fcne\u015f pillerinin fotoelektrik d\u00f6n\u00fc\u015f\u00fcm verimlili\u011fini art\u0131r\u0131r.<\/p>\n<p>&nbsp;<\/p>\n<h3>Kimya M\u00fchendisli\u011fi ve Yeni Malzemeler Alan\u0131:<\/h3>\n<p><strong><b>Y\u00fcksek s\u0131cakl\u0131kta kimyasal reaksiyon kaplar\u0131<\/b><\/strong><\/p>\n<p>Y\u00fcksek s\u0131cakl\u0131ktaki kimyasal sentez reaksiyonlar\u0131nda kararl\u0131 bir \u015fekilde \u00e7al\u0131\u015fabilir, b\u00f6ylece korozyona dayan\u0131kl\u0131 bir kap olarak kullanabilirsiniz. Sorunsuz reaksiyonlar sa\u011flar, \u00fcr\u00fcnlerin ayr\u0131lmas\u0131n\u0131 ve safla\u015ft\u0131r\u0131lmas\u0131n\u0131 kolayla\u015ft\u0131r\u0131r ve yeni malzemelerin ara\u015ft\u0131r\u0131lmas\u0131n\u0131 ve geli\u015ftirilmesini te\u015fvik eder.<\/p>\n<p><strong><b>\u00a0<\/b><\/strong><\/p>\n<p><strong><b>Cam \u00fcretimi <\/b><\/strong><\/p>\n<p>Optik ve kuvars gibi \u00f6zel cam hammaddelerini eritirken de kullanabilirsiniz. Y\u00fcksek s\u0131cakl\u0131k direnci ve iyi termal kararl\u0131l\u0131\u011f\u0131, cam\u0131n \u015feffafl\u0131\u011f\u0131n\u0131 ve do\u011fru bile\u015fimini sa\u011flar.<\/p>\n<p>&nbsp;<\/p>\n<p><strong><b>Laboratuvar ve Bilimsel Ara\u015ft\u0131rma alanlar\u0131:<\/b><\/strong><\/p>\n<p><strong><b>Y\u00fcksek s\u0131cakl\u0131k deneysel ara\u015ft\u0131rmalar\u0131<\/b><\/strong><\/p>\n<p>\u00dcniversitelerde ve ara\u015ft\u0131rma laboratuvarlar\u0131nda, a\u015f\u0131r\u0131 ko\u015fullar\u0131 kararl\u0131l\u0131k ve kontrol edilebilirlikle sim\u00fcle etmek i\u00e7in \u00e7e\u015fitli y\u00fcksek s\u0131cakl\u0131k deneylerinde kullan\u0131l\u0131r. B\u00f6ylece yeni malzemelerin ve yeni s\u00fcre\u00e7lerin ara\u015ft\u0131r\u0131lmas\u0131 ve geli\u015ftirilmesi i\u00e7in veri sa\u011flar.<\/p>\n<p>&nbsp;<\/p>\n<p><strong><b>\u00d6rnek Analiz <\/b><\/strong><\/p>\n<p>Jeoloji ve \u00e7evre gibi alanlardaki numunelerin analizinde, y\u00fcksek s\u0131cakl\u0131kta \u00f6n i\u015flem i\u00e7in kullanabilirsiniz. Numuneleri kolayca analiz edilebilir formlara d\u00f6n\u00fc\u015ft\u00fcr\u00fcr, kontaminasyonu \u00f6nler ve analiz sonu\u00e7lar\u0131n\u0131n do\u011frulu\u011funu ve g\u00fcvenilirli\u011fini sa\u011flar.<\/p>","protected":false},"excerpt":{"rendered":"<p>Y\u00fcksek safl\u0131kta grafit pota, genellikle 99%'nin \u00fczerine ula\u015fan y\u00fcksek safl\u0131kta grafit hammaddelerinden yap\u0131lm\u0131\u015f y\u00fcksek s\u0131cakl\u0131\u011fa dayan\u0131kl\u0131 bir kapt\u0131r. Ve hatta baz\u0131 \u00fcr\u00fcnlerin safl\u0131\u011f\u0131 99.9% kadar y\u00fcksek olabilir. Ola\u011fan\u00fcst\u00fc y\u00fcksek s\u0131cakl\u0131k direncine, kimyasal stabiliteye, iyi termal iletkenli\u011fe ve mekanik mukavemete sahiptir. Bu nedenle, bir\u00e7ok \u00fcst d\u00fczey end\u00fcstriyel alanda iyi performans g\u00f6sterir ve zorlu proses ko\u015fullar\u0131yla ba\u015fa \u00e7\u0131kmak i\u00e7in ideal bir se\u00e7imdir. Yar\u0131 iletken monokristal silikonun b\u00fcy\u00fct\u00fclmesinde, de\u011ferli metallerin eritilmesi ve safla\u015ft\u0131r\u0131lmas\u0131nda ve \u00f6zel cam\u0131n y\u00fcksek s\u0131cakl\u0131kta eritme i\u015fleminde s\u0131kl\u0131kla kullanabilirsiniz.<\/p>","protected":false},"featured_media":6993,"template":"","meta":[],"product_brand":[],"product_cat":[38],"product_tag":[],"class_list":{"0":"post-6992","1":"product","2":"type-product","3":"status-publish","4":"has-post-thumbnail","6":"product_cat-graphite-products","8":"first","9":"instock","10":"shipping-taxable","11":"product-type-simple"},"yoast_head":"<!-- This site is optimized with the Yoast SEO Premium plugin v19.2.1 (Yoast SEO v25.3) - https:\/\/yoast.com\/wordpress\/plugins\/seo\/ -->\n<title>High Purity Graphite Crucible Manufacturer in China<\/title>\n<meta name=\"robots\" content=\"index, follow, max-snippet:-1, max-image-preview:large, max-video-preview:-1\" \/>\n<link rel=\"canonical\" href=\"https:\/\/jinsuncarbon.com\/tr\/urun\/yuksek-saflikta-grafit-pota\/\" \/>\n<meta property=\"og:locale\" content=\"tr_TR\" \/>\n<meta property=\"og:type\" content=\"article\" \/>\n<meta property=\"og:title\" content=\"High Purity Graphite Crucible\" \/>\n<meta property=\"og:description\" content=\"High\u00a0purity graphite crucible\u00a0is a\u00a0high-temperature resistant container made from high-purity graphite raw materials, which\u00a0usually reaches over 99%. And even the purity of some products can be as high as 99.9%. It has\u00a0outstanding high-temperature resistance, chemical stability, good thermal conductivity and mechanical strength. Therefore, it\u00a0performs\u00a0well in many high-end industrial fields and is\u00a0an ideal choice for dealing with harsh process conditions. You can often\u00a0use\u00a0it in the growth of semiconductor monocrystalline silicon, the smelting and purification of precious metals, and\u00a0the high-temperature smelting process of special glass.\" \/>\n<meta property=\"og:url\" content=\"https:\/\/jinsuncarbon.com\/tr\/urun\/yuksek-saflikta-grafit-pota\/\" \/>\n<meta property=\"og:site_name\" content=\"Jinsun Carbon\" \/>\n<meta property=\"article:publisher\" content=\"https:\/\/www.facebook.com\/Graphite-Electrode-109336238661595\" \/>\n<meta property=\"article:modified_time\" content=\"2025-10-09T10:16:50+00:00\" \/>\n<meta property=\"og:image\" content=\"https:\/\/jinsuncarbon.com\/wp-content\/uploads\/2024\/12\/High-Purity-Graphite-Crucibles.jpg\" \/>\n\t<meta property=\"og:image:width\" content=\"1024\" \/>\n\t<meta property=\"og:image:height\" content=\"763\" \/>\n\t<meta property=\"og:image:type\" content=\"image\/jpeg\" \/>\n<meta name=\"twitter:card\" content=\"summary_large_image\" \/>\n<meta name=\"twitter:site\" content=\"@jinsuncarbon_\" \/>\n<meta name=\"twitter:label1\" content=\"Tahmini okuma s\u00fcresi\" \/>\n\t<meta name=\"twitter:data1\" content=\"3 dakika\" \/>\n<script type=\"application\/ld+json\" class=\"yoast-schema-graph\">{\"@context\":\"https:\/\/schema.org\",\"@graph\":[{\"@type\":\"WebPage\",\"@id\":\"https:\/\/jinsuncarbon.com\/product\/high-purity-graphite-crucible\/\",\"url\":\"https:\/\/jinsuncarbon.com\/product\/high-purity-graphite-crucible\/\",\"name\":\"High Purity Graphite Crucible Manufacturer in China\",\"isPartOf\":{\"@id\":\"https:\/\/jinsuncarbon.com\/#website\"},\"primaryImageOfPage\":{\"@id\":\"https:\/\/jinsuncarbon.com\/product\/high-purity-graphite-crucible\/#primaryimage\"},\"image\":{\"@id\":\"https:\/\/jinsuncarbon.com\/product\/high-purity-graphite-crucible\/#primaryimage\"},\"thumbnailUrl\":\"https:\/\/jinsuncarbon.com\/wp-content\/uploads\/2024\/12\/High-Purity-Graphite-Crucibles.jpg\",\"datePublished\":\"2024-12-11T12:02:08+00:00\",\"dateModified\":\"2025-10-09T10:16:50+00:00\",\"breadcrumb\":{\"@id\":\"https:\/\/jinsuncarbon.com\/product\/high-purity-graphite-crucible\/#breadcrumb\"},\"inLanguage\":\"tr\",\"potentialAction\":[{\"@type\":\"ReadAction\",\"target\":[\"https:\/\/jinsuncarbon.com\/product\/high-purity-graphite-crucible\/\"]}]},{\"@type\":\"ImageObject\",\"inLanguage\":\"tr\",\"@id\":\"https:\/\/jinsuncarbon.com\/product\/high-purity-graphite-crucible\/#primaryimage\",\"url\":\"https:\/\/jinsuncarbon.com\/wp-content\/uploads\/2024\/12\/High-Purity-Graphite-Crucibles.jpg\",\"contentUrl\":\"https:\/\/jinsuncarbon.com\/wp-content\/uploads\/2024\/12\/High-Purity-Graphite-Crucibles.jpg\",\"width\":1024,\"height\":763,\"caption\":\"High Purity Graphite Crucibles\"},{\"@type\":\"BreadcrumbList\",\"@id\":\"https:\/\/jinsuncarbon.com\/product\/high-purity-graphite-crucible\/#breadcrumb\",\"itemListElement\":[{\"@type\":\"ListItem\",\"position\":1,\"name\":\"Home\",\"item\":\"https:\/\/jinsuncarbon.com\/\"},{\"@type\":\"ListItem\",\"position\":2,\"name\":\"Products\",\"item\":\"https:\/\/jinsuncarbon.com\/graphite-carbon\/\"},{\"@type\":\"ListItem\",\"position\":3,\"name\":\"High Purity Graphite Crucible\"}]},{\"@type\":\"WebSite\",\"@id\":\"https:\/\/jinsuncarbon.com\/#website\",\"url\":\"https:\/\/jinsuncarbon.com\/\",\"name\":\"Jinsun Carbon\",\"description\":\"We are the successful graphite electrode manufacturer in China\",\"publisher\":{\"@id\":\"https:\/\/jinsuncarbon.com\/#organization\"},\"potentialAction\":[{\"@type\":\"SearchAction\",\"target\":{\"@type\":\"EntryPoint\",\"urlTemplate\":\"https:\/\/jinsuncarbon.com\/?s={search_term_string}\"},\"query-input\":{\"@type\":\"PropertyValueSpecification\",\"valueRequired\":true,\"valueName\":\"search_term_string\"}}],\"inLanguage\":\"tr\"},{\"@type\":\"Organization\",\"@id\":\"https:\/\/jinsuncarbon.com\/#organization\",\"name\":\"Jinsun Carbon\",\"alternateName\":\"Jinsun Carbon\",\"url\":\"https:\/\/jinsuncarbon.com\/\",\"logo\":{\"@type\":\"ImageObject\",\"inLanguage\":\"tr\",\"@id\":\"https:\/\/jinsuncarbon.com\/#\/schema\/logo\/image\/\",\"url\":\"https:\/\/jinsuncarbon.com\/wp-content\/uploads\/2022\/12\/LOGO-1.png\",\"contentUrl\":\"https:\/\/jinsuncarbon.com\/wp-content\/uploads\/2022\/12\/LOGO-1.png\",\"width\":207,\"height\":80,\"caption\":\"Jinsun Carbon\"},\"image\":{\"@id\":\"https:\/\/jinsuncarbon.com\/#\/schema\/logo\/image\/\"},\"sameAs\":[\"https:\/\/www.facebook.com\/Graphite-Electrode-109336238661595\",\"https:\/\/x.com\/jinsuncarbon_\",\"https:\/\/www.linkedin.com\/in\/jinsungraphite\",\"https:\/\/www.youtube.com\/channel\/UCysDNyvyR5-3cCWEmpkVC0g\"]}]}<\/script>\n<!-- \/ Yoast SEO Premium plugin. -->","yoast_head_json":{"title":"\u00c7in'de Y\u00fcksek Safl\u0131kta Grafit Pota \u00dcreticisi","robots":{"index":"index","follow":"follow","max-snippet":"max-snippet:-1","max-image-preview":"max-image-preview:large","max-video-preview":"max-video-preview:-1"},"canonical":"https:\/\/jinsuncarbon.com\/tr\/urun\/yuksek-saflikta-grafit-pota\/","og_locale":"tr_TR","og_type":"article","og_title":"High Purity Graphite Crucible","og_description":"High\u00a0purity graphite crucible\u00a0is a\u00a0high-temperature resistant container made from high-purity graphite raw materials, which\u00a0usually reaches over 99%. And even the purity of some products can be as high as 99.9%. It has\u00a0outstanding high-temperature resistance, chemical stability, good thermal conductivity and mechanical strength. Therefore, it\u00a0performs\u00a0well in many high-end industrial fields and is\u00a0an ideal choice for dealing with harsh process conditions. You can often\u00a0use\u00a0it in the growth of semiconductor monocrystalline silicon, the smelting and purification of precious metals, and\u00a0the high-temperature smelting process of special glass.","og_url":"https:\/\/jinsuncarbon.com\/tr\/urun\/yuksek-saflikta-grafit-pota\/","og_site_name":"Jinsun Carbon","article_publisher":"https:\/\/www.facebook.com\/Graphite-Electrode-109336238661595","article_modified_time":"2025-10-09T10:16:50+00:00","og_image":[{"width":1024,"height":763,"url":"https:\/\/jinsuncarbon.com\/wp-content\/uploads\/2024\/12\/High-Purity-Graphite-Crucibles.jpg","type":"image\/jpeg"}],"twitter_card":"summary_large_image","twitter_site":"@jinsuncarbon_","twitter_misc":{"Tahmini okuma s\u00fcresi":"3 dakika"},"schema":{"@context":"https:\/\/schema.org","@graph":[{"@type":"WebPage","@id":"https:\/\/jinsuncarbon.com\/product\/high-purity-graphite-crucible\/","url":"https:\/\/jinsuncarbon.com\/product\/high-purity-graphite-crucible\/","name":"\u00c7in'de Y\u00fcksek Safl\u0131kta Grafit Pota \u00dcreticisi","isPartOf":{"@id":"https:\/\/jinsuncarbon.com\/#website"},"primaryImageOfPage":{"@id":"https:\/\/jinsuncarbon.com\/product\/high-purity-graphite-crucible\/#primaryimage"},"image":{"@id":"https:\/\/jinsuncarbon.com\/product\/high-purity-graphite-crucible\/#primaryimage"},"thumbnailUrl":"https:\/\/jinsuncarbon.com\/wp-content\/uploads\/2024\/12\/High-Purity-Graphite-Crucibles.jpg","datePublished":"2024-12-11T12:02:08+00:00","dateModified":"2025-10-09T10:16:50+00:00","breadcrumb":{"@id":"https:\/\/jinsuncarbon.com\/product\/high-purity-graphite-crucible\/#breadcrumb"},"inLanguage":"tr","potentialAction":[{"@type":"ReadAction","target":["https:\/\/jinsuncarbon.com\/product\/high-purity-graphite-crucible\/"]}]},{"@type":"ImageObject","inLanguage":"tr","@id":"https:\/\/jinsuncarbon.com\/product\/high-purity-graphite-crucible\/#primaryimage","url":"https:\/\/jinsuncarbon.com\/wp-content\/uploads\/2024\/12\/High-Purity-Graphite-Crucibles.jpg","contentUrl":"https:\/\/jinsuncarbon.com\/wp-content\/uploads\/2024\/12\/High-Purity-Graphite-Crucibles.jpg","width":1024,"height":763,"caption":"High Purity Graphite Crucibles"},{"@type":"BreadcrumbList","@id":"https:\/\/jinsuncarbon.com\/product\/high-purity-graphite-crucible\/#breadcrumb","itemListElement":[{"@type":"ListItem","position":1,"name":"Home","item":"https:\/\/jinsuncarbon.com\/"},{"@type":"ListItem","position":2,"name":"Products","item":"https:\/\/jinsuncarbon.com\/graphite-carbon\/"},{"@type":"ListItem","position":3,"name":"High Purity Graphite Crucible"}]},{"@type":"WebSite","@id":"https:\/\/jinsuncarbon.com\/#website","url":"https:\/\/jinsuncarbon.com\/","name":"Jinsun Karbon","description":"\u00c7in'deki ba\u015far\u0131l\u0131 grafit elektrot \u00fcreticisiyiz","publisher":{"@id":"https:\/\/jinsuncarbon.com\/#organization"},"potentialAction":[{"@type":"SearchAction","target":{"@type":"EntryPoint","urlTemplate":"https:\/\/jinsuncarbon.com\/?s={search_term_string}"},"query-input":{"@type":"PropertyValueSpecification","valueRequired":true,"valueName":"search_term_string"}}],"inLanguage":"tr"},{"@type":"Organization","@id":"https:\/\/jinsuncarbon.com\/#organization","name":"Jinsun Karbon","alternateName":"Jinsun Carbon","url":"https:\/\/jinsuncarbon.com\/","logo":{"@type":"ImageObject","inLanguage":"tr","@id":"https:\/\/jinsuncarbon.com\/#\/schema\/logo\/image\/","url":"https:\/\/jinsuncarbon.com\/wp-content\/uploads\/2022\/12\/LOGO-1.png","contentUrl":"https:\/\/jinsuncarbon.com\/wp-content\/uploads\/2022\/12\/LOGO-1.png","width":207,"height":80,"caption":"Jinsun Carbon"},"image":{"@id":"https:\/\/jinsuncarbon.com\/#\/schema\/logo\/image\/"},"sameAs":["https:\/\/www.facebook.com\/Graphite-Electrode-109336238661595","https:\/\/x.com\/jinsuncarbon_","https:\/\/www.linkedin.com\/in\/jinsungraphite","https:\/\/www.youtube.com\/channel\/UCysDNyvyR5-3cCWEmpkVC0g"]}]}},"_links":{"self":[{"href":"https:\/\/jinsuncarbon.com\/tr\/wp-json\/wp\/v2\/product\/6992","targetHints":{"allow":["GET"]}}],"collection":[{"href":"https:\/\/jinsuncarbon.com\/tr\/wp-json\/wp\/v2\/product"}],"about":[{"href":"https:\/\/jinsuncarbon.com\/tr\/wp-json\/wp\/v2\/types\/product"}],"wp:featuredmedia":[{"embeddable":true,"href":"https:\/\/jinsuncarbon.com\/tr\/wp-json\/wp\/v2\/media\/6993"}],"wp:attachment":[{"href":"https:\/\/jinsuncarbon.com\/tr\/wp-json\/wp\/v2\/media?parent=6992"}],"wp:term":[{"taxonomy":"product_brand","embeddable":true,"href":"https:\/\/jinsuncarbon.com\/tr\/wp-json\/wp\/v2\/product_brand?post=6992"},{"taxonomy":"product_cat","embeddable":true,"href":"https:\/\/jinsuncarbon.com\/tr\/wp-json\/wp\/v2\/product_cat?post=6992"},{"taxonomy":"product_tag","embeddable":true,"href":"https:\/\/jinsuncarbon.com\/tr\/wp-json\/wp\/v2\/product_tag?post=6992"}],"curies":[{"name":"wp","href":"https:\/\/api.w.org\/{rel}","templated":true}]}}