{"id":6976,"date":"2024-12-09T14:04:51","date_gmt":"2024-12-09T14:04:51","guid":{"rendered":"https:\/\/jinsuncarbon.com\/?post_type=product&#038;p=6976"},"modified":"2024-12-14T10:19:43","modified_gmt":"2024-12-14T10:19:43","slug":"grafit-petrol-koku","status":"publish","type":"product","link":"https:\/\/jinsuncarbon.com\/tr\/urun\/grafit-petrol-koku\/","title":{"rendered":"Grafit Petrol Koku"},"content":{"rendered":"<h2 class=\"elementor-heading-title elementor-size-default\">Grafit Petrol Koku \u00dcreticisi<\/h2>\n<p>&nbsp;<\/p>\n<p>Grafit petrol kokunun bir\u00e7ok avantaj\u0131 vard\u0131r ve bu da onu bir\u00e7ok end\u00fcstriyel alanda tercih edilir hale getirmektedir.<\/p>\n<p><strong>Y\u00fcksek elektrik iletkenli\u011fi<\/strong><\/p>\n<p>Y\u00fcksek elektrik iletkenli\u011fine sahiptir, ak\u0131m\u0131 etkili bir \u015fekilde iletebilir ve iyi elektrik iletkenli\u011fi gerektiren baz\u0131 uygulama senaryolar\u0131nda iyi performans g\u00f6sterir.<\/p>\n<p><strong>\u0130yi termal kararl\u0131l\u0131k<\/strong><\/p>\n<p>Ayn\u0131 zamanda iyi bir termal stabiliteye sahiptir, y\u00fcksek s\u0131cakl\u0131k ortam\u0131nda yap\u0131n\u0131n g\u00f6receli stabilitesini koruyabilir, deformasyonu veya ayr\u0131\u015fmas\u0131 kolay de\u011fildir, normal s\u0131cakl\u0131ktan daha y\u00fcksek s\u0131cakl\u0131k aral\u0131\u011f\u0131na kadar geni\u015f bir s\u0131cakl\u0131k aral\u0131\u011f\u0131na dayanabilir normal olarak kullan\u0131labilir.<\/p>\n<p><strong>Kimyasal stabilite<\/strong><\/p>\n<p>Grafit petrol kokunun kimyasal kararl\u0131l\u0131\u011f\u0131 da nispeten m\u00fckemmeldir, bu da \u00e7e\u015fitli kimyasal maddelerin erozyonuna direnebilir ve baz\u0131 a\u015f\u0131nd\u0131r\u0131c\u0131 ortam ortamlar\u0131nda hala istikrarl\u0131 bir \u015fekilde var olabilir.<\/p>\n<p><strong>\u0130yi yo\u011funluk<\/strong><\/p>\n<p>Buna ek olarak, yo\u011funlu\u011fu nispeten orta d\u00fczeydedir, bu da \u00e7ok a\u011f\u0131r olmadan belirli bir kalite ve g\u00fc\u00e7 sa\u011flar ve farkl\u0131 end\u00fcstriyel ekipman ve s\u00fcre\u00e7lerde i\u015fleme ve uygulama i\u00e7in uygundur.<\/p>\n<h2>Grafit petrol kokunun \u00f6zellikleri<\/h2>\n<table style=\"height: 355px;\" width=\"413\">\n<tbody>\n<tr>\n<td colspan=\"2\" width=\"550\">Grafitlenmi\u015f Kalsine Petrol Koku (GPC)<\/td>\n<\/tr>\n<tr>\n<td width=\"197\">Gran\u00fclerlik<\/td>\n<td>1-3, 1-5, 3-8, 8-26mm<\/td>\n<\/tr>\n<tr>\n<td width=\"197\">Sabit Karbon<\/td>\n<td>\u2265 98,5%<\/td>\n<\/tr>\n<tr>\n<td width=\"197\">S\u00fclf\u00fcr<\/td>\n<td>&lt;0,05%<\/td>\n<\/tr>\n<tr>\n<td width=\"197\">K\u00fcl<\/td>\n<td>&lt;0,5%<\/td>\n<\/tr>\n<tr>\n<td width=\"197\">V.M<\/td>\n<td>&lt;0,5%<\/td>\n<\/tr>\n<\/tbody>\n<\/table>\n<p>&nbsp;<\/p>\n<p>Her grafit petrol kok \u00fcr\u00fcn\u00fc i\u00e7in, k\u00fcl i\u00e7eri\u011fi, u\u00e7ucu i\u00e7eri\u011fi, diren\u00e7lili\u011fi ve di\u011fer temel performans g\u00f6stergeleri dahil olmak \u00fczere ayr\u0131nt\u0131l\u0131 bir kalite kontrol raporu sunaca\u011f\u0131z, b\u00f6ylece kullan\u0131c\u0131lar kendi ihtiya\u00e7lar\u0131na g\u00f6re se\u00e7im yapabilirler.<\/p>\n<h2>\u00dcretim s\u00fcreci<\/h2>\n<p>Grafit petrokok \u00fcretimi, birka\u00e7 kilit ad\u0131m i\u00e7eren karma\u015f\u0131k ve hassas bir s\u00fcre\u00e7tir:<\/p>\n<p>Ad\u0131m 1: Hammadde \u00f6n i\u015flemi<\/p>\n<p>Her \u015feyden \u00f6nce, petrol kokunun hammaddeleri, safs\u0131zl\u0131klar\u0131 ve b\u00fcy\u00fck par\u00e7ac\u0131k homojensizli\u011fini gidermek i\u00e7in elenmeli ve \u00f6n i\u015fleme tabi tutulmal\u0131d\u0131r. Bu ad\u0131m, sonraki \u00fcr\u00fcnlerin kalite istikrar\u0131n\u0131 sa\u011flamak i\u00e7in gereklidir. Genellikle gereksinimleri kar\u015f\u0131lamayan safs\u0131zl\u0131klar\u0131 ay\u0131rmak i\u00e7in mekanik eleme ve fiziksel temizlemenin bir kombinasyonu kullan\u0131l\u0131r, b\u00f6ylece hammadde belirli bir safl\u0131\u011fa ve partik\u00fcl boyutu standartlar\u0131na ula\u015fabilir.<\/p>\n<p>Ad\u0131m 2: y\u00fcksek s\u0131cakl\u0131kta kalsinasyon<\/p>\n<p>\u00d6n i\u015flemden ge\u00e7irilen petrokok hammaddesi, y\u00fcksek s\u0131cakl\u0131kta kalsinasyon f\u0131r\u0131n\u0131na g\u00f6nderilerek <a href=\"https:\/\/en.wikipedia.org\/wiki\/Calcination\" target=\"_blank\" rel=\"noopener\">Kalsinasyon<\/a>. Kalsinasyon s\u0131cakl\u0131\u011f\u0131 genellikle 1200\u00b0C ile 1500\u00b0C aras\u0131ndad\u0131r ve bu s\u00fcre\u00e7te petrol kokundaki b\u00fcy\u00fck miktarda u\u00e7ucu madde uzakla\u015ft\u0131r\u0131l\u0131rken, yap\u0131s\u0131 de\u011fi\u015fir ve kademeli olarak grafitle\u015fmi\u015f yap\u0131ya d\u00f6n\u00fc\u015f\u00fcr. Y\u00fcksek s\u0131cakl\u0131kta kalsinasyon, petrol kokunun yo\u011funlu\u011funu ve mukavemetini daha da art\u0131rabilir, elektrik iletkenli\u011fini ve termal stabilitesini geli\u015ftirebilir.<\/p>\n<p>Ad\u0131m 3: Grafitle\u015ftirme<\/p>\n<p>Kalsine edilmi\u015f petrol kokunun da grafitle\u015ftirilmesi gerekir. Bu ad\u0131m \u015fu \u015fekilde ger\u00e7ekle\u015ftirilir <a href=\"https:\/\/vacuum-furnaces.com\/graphitization-furnaces\/\" target=\"_blank\" rel=\"noopener\">grafi\u0307tleme firini<\/a> 2500\u00b0C - 3000\u00b0C'ye ula\u015fabilen daha y\u00fcksek bir s\u0131cakl\u0131kta. B\u00f6yle y\u00fcksek s\u0131cakl\u0131kl\u0131 bir ortamda, petrol kokundaki karbon-karbon ba\u011flar\u0131 daha da yeniden d\u00fczenlenir ve daha yap\u0131l\u0131 bir grafit kristali olu\u015fturmak i\u00e7in optimize edilir <a href=\"https:\/\/jinsuncarbon.com\/tr\/grafit-yapi\/\">yap\u0131<\/a>Grafitle\u015fme derecesini \u00f6nemli \u00f6l\u00e7\u00fcde art\u0131ran ve b\u00f6ylece elektrik iletkenli\u011fi ve termal stabilite gibi temel \u00f6zelliklerini \u00f6nemli \u00f6l\u00e7\u00fcde geli\u015ftiren bu \u00fcr\u00fcn, \u00fcst d\u00fczey end\u00fcstriyel uygulamalar\u0131n kat\u0131 gereksinimlerini kar\u015f\u0131layabilir.<\/p>\n<h2>Grafit petrol koku uygulamas\u0131<\/h2>\n<p><strong>Demir ve \u00e7elik metal\u00fcrji end\u00fcstrisi:<\/strong><\/p>\n<p>Bu iyile\u015ftirebilir <a href=\"https:\/\/jinsuncarbon.com\/tr\/karbonun-kullanim-alanlari\/\">karbon<\/a> \u00e7elik eritme ve d\u00f6k\u00fcmde i\u00e7erik. Ayr\u0131ca hurda \u00e7elik miktar\u0131n\u0131 art\u0131rabilir ve pik demir miktar\u0131n\u0131 azaltabilir. \u0130yi elektrik iletkenli\u011fi ile elektrik enerjisinin \u0131s\u0131 enerjisine verimli bir \u015fekilde d\u00f6n\u00fc\u015ft\u00fcr\u00fclmesi, \u00e7elik eritme s\u00fcrecini te\u015fvik eder.<\/p>\n<p><strong>Al\u00fcminyum elektroliz end\u00fcstrisi:<\/strong><\/p>\n<p>Elektrolitik h\u00fccreler yapmak i\u00e7in anot malzemesi.<\/p>\n<p>Elektroliz s\u0131ras\u0131nda kararl\u0131 iletim ak\u0131m\u0131, y\u00fcksek s\u0131cakl\u0131kta, y\u00fcksek korozif elektrolit ortam\u0131nda iyi performans sa\u011flar.<\/p>\n<p><strong>Kimya End\u00fcstrisi:<\/strong><\/p>\n<p>Y\u00fcksek s\u0131cakl\u0131\u011fa ve korozyona dayan\u0131kl\u0131 reaksiyon kab\u0131 astar malzemelerinin imalat\u0131. Kalsiyum karb\u00fcr, silisyum karb\u00fcr vb. \u00fcretimi gibi. Kap g\u00f6vdesini kimyasal reaksiyon erozyonundan etkili bir \u015fekilde korur.<\/p>\n<p><strong>\u00dcst d\u00fczey refrakter alan:<\/strong><\/p>\n<p>Refrakter malzemelerin performans\u0131n\u0131 art\u0131rabilir, hizmet \u00f6mr\u00fcn\u00fc uzatabilir ve y\u00fcksek s\u0131cakl\u0131ktaki end\u00fcstriyel \u00fcretimin g\u00fcvenli ve istikrarl\u0131 \u00e7al\u0131\u015fmas\u0131n\u0131 sa\u011flayabilir.<\/p>","protected":false},"excerpt":{"rendered":"<p>Grafit petrol kok k\u00f6m\u00fcr\u00fc (GPC) grafitle\u015ftirilmi\u015f petrol kok k\u00f6m\u00fcr\u00fc olarak da bilinir. \u00d6nemli bir karbon malzemesidir ve petrol i\u015flemede bir yan \u00fcr\u00fcnd\u00fcr. Belirli bir i\u015flemden sonra, benzersiz \u00f6zelliklere sahip bir malzeme olu\u015fturur. Genellikle blok veya gran\u00fcler bir form sunar, rengi \u00e7o\u011funlukla g\u00fcm\u00fc\u015f grisi veya siyaht\u0131r, y\u00fcksek karbon i\u00e7eri\u011fi ve belirli bir grafitle\u015fme derecesi vard\u0131r.<\/p>","protected":false},"featured_media":6978,"template":"","meta":[],"product_brand":[],"product_cat":[40],"product_tag":[],"class_list":{"0":"post-6976","1":"product","2":"type-product","3":"status-publish","4":"has-post-thumbnail","6":"product_cat-petroleum-coke","8":"first","9":"instock","10":"virtual","11":"product-type-simple"},"yoast_head":"<!-- This site is optimized with the Yoast SEO Premium plugin v19.2.1 (Yoast SEO v25.3) - https:\/\/yoast.com\/wordpress\/plugins\/seo\/ -->\n<title>Graphite Petroleum Coke Manufacturer in China - Best Price| Jinsun Carbon<\/title>\n<meta name=\"description\" content=\"China Graphite Petroleum Coke GPC manufacturer, graphitized petroleum coke recarburizer for metallurgical casting industry.\" \/>\n<meta name=\"robots\" content=\"index, follow, max-snippet:-1, max-image-preview:large, max-video-preview:-1\" \/>\n<link rel=\"canonical\" href=\"https:\/\/jinsuncarbon.com\/tr\/urun\/grafit-petrol-koku\/\" \/>\n<meta property=\"og:locale\" content=\"tr_TR\" \/>\n<meta property=\"og:type\" content=\"article\" \/>\n<meta property=\"og:title\" content=\"Graphite Petroleum Coke\" \/>\n<meta property=\"og:description\" content=\"China Graphite Petroleum Coke GPC manufacturer, graphitized petroleum coke recarburizer for metallurgical casting industry.\" \/>\n<meta property=\"og:url\" content=\"https:\/\/jinsuncarbon.com\/tr\/urun\/grafit-petrol-koku\/\" \/>\n<meta property=\"og:site_name\" content=\"Jinsun Carbon\" \/>\n<meta property=\"article:publisher\" content=\"https:\/\/www.facebook.com\/Graphite-Electrode-109336238661595\" \/>\n<meta property=\"article:modified_time\" content=\"2024-12-14T10:19:43+00:00\" \/>\n<meta property=\"og:image\" content=\"https:\/\/jinsuncarbon.com\/wp-content\/uploads\/2024\/12\/Graphite-petroleum-coke.jpg\" \/>\n\t<meta property=\"og:image:width\" content=\"1024\" \/>\n\t<meta property=\"og:image:height\" content=\"763\" \/>\n\t<meta property=\"og:image:type\" content=\"image\/jpeg\" \/>\n<meta name=\"twitter:card\" content=\"summary_large_image\" \/>\n<meta name=\"twitter:site\" content=\"@jinsuncarbon_\" \/>\n<meta name=\"twitter:label1\" content=\"Tahmini okuma s\u00fcresi\" \/>\n\t<meta name=\"twitter:data1\" content=\"3 dakika\" \/>\n<script type=\"application\/ld+json\" class=\"yoast-schema-graph\">{\"@context\":\"https:\/\/schema.org\",\"@graph\":[{\"@type\":\"WebPage\",\"@id\":\"https:\/\/jinsuncarbon.com\/product\/graphite-petroleum-coke\/\",\"url\":\"https:\/\/jinsuncarbon.com\/product\/graphite-petroleum-coke\/\",\"name\":\"Graphite Petroleum Coke Manufacturer in China - Best Price| Jinsun Carbon\",\"isPartOf\":{\"@id\":\"https:\/\/jinsuncarbon.com\/#website\"},\"primaryImageOfPage\":{\"@id\":\"https:\/\/jinsuncarbon.com\/product\/graphite-petroleum-coke\/#primaryimage\"},\"image\":{\"@id\":\"https:\/\/jinsuncarbon.com\/product\/graphite-petroleum-coke\/#primaryimage\"},\"thumbnailUrl\":\"https:\/\/jinsuncarbon.com\/wp-content\/uploads\/2024\/12\/Graphite-petroleum-coke.jpg\",\"datePublished\":\"2024-12-09T14:04:51+00:00\",\"dateModified\":\"2024-12-14T10:19:43+00:00\",\"description\":\"China Graphite Petroleum Coke GPC manufacturer, graphitized petroleum coke recarburizer for metallurgical casting industry.\",\"breadcrumb\":{\"@id\":\"https:\/\/jinsuncarbon.com\/product\/graphite-petroleum-coke\/#breadcrumb\"},\"inLanguage\":\"tr\",\"potentialAction\":[{\"@type\":\"ReadAction\",\"target\":[\"https:\/\/jinsuncarbon.com\/product\/graphite-petroleum-coke\/\"]}]},{\"@type\":\"ImageObject\",\"inLanguage\":\"tr\",\"@id\":\"https:\/\/jinsuncarbon.com\/product\/graphite-petroleum-coke\/#primaryimage\",\"url\":\"https:\/\/jinsuncarbon.com\/wp-content\/uploads\/2024\/12\/Graphite-petroleum-coke.jpg\",\"contentUrl\":\"https:\/\/jinsuncarbon.com\/wp-content\/uploads\/2024\/12\/Graphite-petroleum-coke.jpg\",\"width\":1024,\"height\":763,\"caption\":\"Graphite petroleum coke\"},{\"@type\":\"BreadcrumbList\",\"@id\":\"https:\/\/jinsuncarbon.com\/product\/graphite-petroleum-coke\/#breadcrumb\",\"itemListElement\":[{\"@type\":\"ListItem\",\"position\":1,\"name\":\"Home\",\"item\":\"https:\/\/jinsuncarbon.com\/\"},{\"@type\":\"ListItem\",\"position\":2,\"name\":\"Products\",\"item\":\"https:\/\/jinsuncarbon.com\/graphite-carbon\/\"},{\"@type\":\"ListItem\",\"position\":3,\"name\":\"Graphite Petroleum Coke\"}]},{\"@type\":\"WebSite\",\"@id\":\"https:\/\/jinsuncarbon.com\/#website\",\"url\":\"https:\/\/jinsuncarbon.com\/\",\"name\":\"Jinsun Carbon\",\"description\":\"We are the successful graphite electrode manufacturer in China\",\"publisher\":{\"@id\":\"https:\/\/jinsuncarbon.com\/#organization\"},\"potentialAction\":[{\"@type\":\"SearchAction\",\"target\":{\"@type\":\"EntryPoint\",\"urlTemplate\":\"https:\/\/jinsuncarbon.com\/?s={search_term_string}\"},\"query-input\":{\"@type\":\"PropertyValueSpecification\",\"valueRequired\":true,\"valueName\":\"search_term_string\"}}],\"inLanguage\":\"tr\"},{\"@type\":\"Organization\",\"@id\":\"https:\/\/jinsuncarbon.com\/#organization\",\"name\":\"Jinsun Carbon\",\"alternateName\":\"Jinsun Carbon\",\"url\":\"https:\/\/jinsuncarbon.com\/\",\"logo\":{\"@type\":\"ImageObject\",\"inLanguage\":\"tr\",\"@id\":\"https:\/\/jinsuncarbon.com\/#\/schema\/logo\/image\/\",\"url\":\"https:\/\/jinsuncarbon.com\/wp-content\/uploads\/2022\/12\/LOGO-1.png\",\"contentUrl\":\"https:\/\/jinsuncarbon.com\/wp-content\/uploads\/2022\/12\/LOGO-1.png\",\"width\":207,\"height\":80,\"caption\":\"Jinsun Carbon\"},\"image\":{\"@id\":\"https:\/\/jinsuncarbon.com\/#\/schema\/logo\/image\/\"},\"sameAs\":[\"https:\/\/www.facebook.com\/Graphite-Electrode-109336238661595\",\"https:\/\/x.com\/jinsuncarbon_\",\"https:\/\/www.linkedin.com\/in\/jinsungraphite\",\"https:\/\/www.youtube.com\/channel\/UCysDNyvyR5-3cCWEmpkVC0g\"]}]}<\/script>\n<!-- \/ Yoast SEO Premium plugin. -->","yoast_head_json":{"title":"\u00c7in'de Grafit Petrol Koku \u00dcreticisi - En \u0130yi Fiyat| Jinsun Carbon","description":"\u00c7in Grafit Petrol Kok GPC \u00fcreticisi, metalurjik d\u00f6k\u00fcm end\u00fcstrisi i\u00e7in grafitize petrol kok rekarburizat\u00f6r\u00fc.","robots":{"index":"index","follow":"follow","max-snippet":"max-snippet:-1","max-image-preview":"max-image-preview:large","max-video-preview":"max-video-preview:-1"},"canonical":"https:\/\/jinsuncarbon.com\/tr\/urun\/grafit-petrol-koku\/","og_locale":"tr_TR","og_type":"article","og_title":"Graphite Petroleum Coke","og_description":"China Graphite Petroleum Coke GPC manufacturer, graphitized petroleum coke recarburizer for metallurgical casting industry.","og_url":"https:\/\/jinsuncarbon.com\/tr\/urun\/grafit-petrol-koku\/","og_site_name":"Jinsun Carbon","article_publisher":"https:\/\/www.facebook.com\/Graphite-Electrode-109336238661595","article_modified_time":"2024-12-14T10:19:43+00:00","og_image":[{"width":1024,"height":763,"url":"https:\/\/jinsuncarbon.com\/wp-content\/uploads\/2024\/12\/Graphite-petroleum-coke.jpg","type":"image\/jpeg"}],"twitter_card":"summary_large_image","twitter_site":"@jinsuncarbon_","twitter_misc":{"Tahmini okuma s\u00fcresi":"3 dakika"},"schema":{"@context":"https:\/\/schema.org","@graph":[{"@type":"WebPage","@id":"https:\/\/jinsuncarbon.com\/product\/graphite-petroleum-coke\/","url":"https:\/\/jinsuncarbon.com\/product\/graphite-petroleum-coke\/","name":"\u00c7in'de Grafit Petrol Koku \u00dcreticisi - En \u0130yi Fiyat| Jinsun Carbon","isPartOf":{"@id":"https:\/\/jinsuncarbon.com\/#website"},"primaryImageOfPage":{"@id":"https:\/\/jinsuncarbon.com\/product\/graphite-petroleum-coke\/#primaryimage"},"image":{"@id":"https:\/\/jinsuncarbon.com\/product\/graphite-petroleum-coke\/#primaryimage"},"thumbnailUrl":"https:\/\/jinsuncarbon.com\/wp-content\/uploads\/2024\/12\/Graphite-petroleum-coke.jpg","datePublished":"2024-12-09T14:04:51+00:00","dateModified":"2024-12-14T10:19:43+00:00","description":"\u00c7in Grafit Petrol Kok GPC \u00fcreticisi, metalurjik d\u00f6k\u00fcm end\u00fcstrisi i\u00e7in grafitize petrol kok rekarburizat\u00f6r\u00fc.","breadcrumb":{"@id":"https:\/\/jinsuncarbon.com\/product\/graphite-petroleum-coke\/#breadcrumb"},"inLanguage":"tr","potentialAction":[{"@type":"ReadAction","target":["https:\/\/jinsuncarbon.com\/product\/graphite-petroleum-coke\/"]}]},{"@type":"ImageObject","inLanguage":"tr","@id":"https:\/\/jinsuncarbon.com\/product\/graphite-petroleum-coke\/#primaryimage","url":"https:\/\/jinsuncarbon.com\/wp-content\/uploads\/2024\/12\/Graphite-petroleum-coke.jpg","contentUrl":"https:\/\/jinsuncarbon.com\/wp-content\/uploads\/2024\/12\/Graphite-petroleum-coke.jpg","width":1024,"height":763,"caption":"Graphite petroleum coke"},{"@type":"BreadcrumbList","@id":"https:\/\/jinsuncarbon.com\/product\/graphite-petroleum-coke\/#breadcrumb","itemListElement":[{"@type":"ListItem","position":1,"name":"Home","item":"https:\/\/jinsuncarbon.com\/"},{"@type":"ListItem","position":2,"name":"Products","item":"https:\/\/jinsuncarbon.com\/graphite-carbon\/"},{"@type":"ListItem","position":3,"name":"Graphite Petroleum Coke"}]},{"@type":"WebSite","@id":"https:\/\/jinsuncarbon.com\/#website","url":"https:\/\/jinsuncarbon.com\/","name":"Jinsun Karbon","description":"\u00c7in'deki ba\u015far\u0131l\u0131 grafit elektrot \u00fcreticisiyiz","publisher":{"@id":"https:\/\/jinsuncarbon.com\/#organization"},"potentialAction":[{"@type":"SearchAction","target":{"@type":"EntryPoint","urlTemplate":"https:\/\/jinsuncarbon.com\/?s={search_term_string}"},"query-input":{"@type":"PropertyValueSpecification","valueRequired":true,"valueName":"search_term_string"}}],"inLanguage":"tr"},{"@type":"Organization","@id":"https:\/\/jinsuncarbon.com\/#organization","name":"Jinsun Karbon","alternateName":"Jinsun Carbon","url":"https:\/\/jinsuncarbon.com\/","logo":{"@type":"ImageObject","inLanguage":"tr","@id":"https:\/\/jinsuncarbon.com\/#\/schema\/logo\/image\/","url":"https:\/\/jinsuncarbon.com\/wp-content\/uploads\/2022\/12\/LOGO-1.png","contentUrl":"https:\/\/jinsuncarbon.com\/wp-content\/uploads\/2022\/12\/LOGO-1.png","width":207,"height":80,"caption":"Jinsun Carbon"},"image":{"@id":"https:\/\/jinsuncarbon.com\/#\/schema\/logo\/image\/"},"sameAs":["https:\/\/www.facebook.com\/Graphite-Electrode-109336238661595","https:\/\/x.com\/jinsuncarbon_","https:\/\/www.linkedin.com\/in\/jinsungraphite","https:\/\/www.youtube.com\/channel\/UCysDNyvyR5-3cCWEmpkVC0g"]}]}},"_links":{"self":[{"href":"https:\/\/jinsuncarbon.com\/tr\/wp-json\/wp\/v2\/product\/6976","targetHints":{"allow":["GET"]}}],"collection":[{"href":"https:\/\/jinsuncarbon.com\/tr\/wp-json\/wp\/v2\/product"}],"about":[{"href":"https:\/\/jinsuncarbon.com\/tr\/wp-json\/wp\/v2\/types\/product"}],"wp:featuredmedia":[{"embeddable":true,"href":"https:\/\/jinsuncarbon.com\/tr\/wp-json\/wp\/v2\/media\/6978"}],"wp:attachment":[{"href":"https:\/\/jinsuncarbon.com\/tr\/wp-json\/wp\/v2\/media?parent=6976"}],"wp:term":[{"taxonomy":"product_brand","embeddable":true,"href":"https:\/\/jinsuncarbon.com\/tr\/wp-json\/wp\/v2\/product_brand?post=6976"},{"taxonomy":"product_cat","embeddable":true,"href":"https:\/\/jinsuncarbon.com\/tr\/wp-json\/wp\/v2\/product_cat?post=6976"},{"taxonomy":"product_tag","embeddable":true,"href":"https:\/\/jinsuncarbon.com\/tr\/wp-json\/wp\/v2\/product_tag?post=6976"}],"curies":[{"name":"wp","href":"https:\/\/api.w.org\/{rel}","templated":true}]}}