{"id":6972,"date":"2024-12-09T11:35:45","date_gmt":"2024-12-09T11:35:45","guid":{"rendered":"https:\/\/jinsuncarbon.com\/?post_type=product&#038;p=6972"},"modified":"2024-12-09T14:40:59","modified_gmt":"2024-12-09T14:40:59","slug":"dokumhane-kok-komuru","status":"publish","type":"product","link":"https:\/\/jinsuncarbon.com\/tr\/urun\/dokumhane-kok-komuru\/","title":{"rendered":"D\u00f6k\u00fcmhane Kolas\u0131"},"content":{"rendered":"<h2>Foundry Coke nedir?<\/h2>\n<p>D\u00f6k\u00fcm kok k\u00f6m\u00fcr\u00fc sadece demir ve \u00e7elik end\u00fcstrilerinde metal d\u00f6k\u00fcm\u00fc i\u00e7in kullan\u0131l\u0131r. Metal \u00fcretim s\u00fcrecinin temel bir bile\u015feni olarak bit\u00fcml\u00fc k\u00f6m\u00fcrden yap\u0131l\u0131r ve hem indirgeyici madde hem de y\u00fcksek enerjili yak\u0131t olarak hizmet eder. S\u0131radan k\u00f6m\u00fcr \u00e7ok fazla safs\u0131zl\u0131k i\u00e7erirken, d\u00f6k\u00fcmhane kok k\u00f6m\u00fcr\u00fc neredeyse saf karbon oldu\u011fu i\u00e7in y\u00fcksek s\u0131cakl\u0131ktaki end\u00fcstriyel prosesler i\u00e7in son derece uygundur.<\/p>\n<h3><\/h3>\n<h2>D\u00f6k\u00fcm Kok \u00dcretimi<\/h2>\n<p>K\u0131rma: K\u00f6m\u00fcr tozu elde etmek i\u00e7in k\u00f6m\u00fcr k\u0131r\u0131l\u0131r, daha sonra elenir ve safs\u0131zl\u0131klar giderilir.<br \/>\nK\u00f6m\u00fcr gazla\u015ft\u0131rma: \u0130\u015flenmi\u015f k\u00f6m\u00fcr tozu bir gazla\u015ft\u0131r\u0131c\u0131ya yerle\u015ftirilir ve k\u00f6m\u00fcr gaz\u0131 \u00fcretmek i\u00e7in \u0131s\u0131t\u0131l\u0131r.<br \/>\nKokla\u015ft\u0131rma: K\u00f6m\u00fcr gaz\u0131 bir kok f\u0131r\u0131n\u0131na yerle\u015ftirilir ve burada k\u00f6m\u00fcr gaz\u0131n\u0131n u\u00e7ucu maddeleri y\u00fcksek s\u0131cakl\u0131k ve bas\u0131n\u00e7taki kapal\u0131 bir ortamda buharla\u015farak kok olu\u015fturur.<br \/>\nKok i\u015fleme: Kok so\u011futulur ve farkl\u0131 s\u0131n\u0131flara ve \u00f6zelliklere g\u00f6re elenir.<\/p>\n<p>&nbsp;<\/p>\n<h2>D\u00f6k\u00fcm Kok \u015eartnamesi<\/h2>\n<p>&nbsp;<\/p>\n<table>\n<tbody>\n<tr>\n<td width=\"106\">ITEM<\/td>\n<td width=\"106\">A S\u0131n\u0131f\u0131<\/td>\n<td width=\"106\">B S\u0131n\u0131f\u0131<\/td>\n<\/tr>\n<tr>\n<td width=\"106\">Sabit Karbon (% Min)<\/td>\n<td width=\"106\">90<\/td>\n<td width=\"106\">85<\/td>\n<\/tr>\n<tr>\n<td width=\"106\">S\u00fclf\u00fcr (%Max)<\/td>\n<td width=\"106\">0.5<\/td>\n<td width=\"106\">0.75<\/td>\n<\/tr>\n<tr>\n<td width=\"106\">Mositure (%Max)<\/td>\n<td width=\"106\">5<\/td>\n<td width=\"106\">8<\/td>\n<\/tr>\n<tr>\n<td width=\"106\">U\u00e7ucu Madde (%Max)<\/td>\n<td width=\"106\">1.5<\/td>\n<td width=\"106\">1.5<\/td>\n<\/tr>\n<tr>\n<td width=\"106\">N (%Max)<\/td>\n<td width=\"106\">0.03<\/td>\n<td width=\"106\">0.03<\/td>\n<\/tr>\n<tr>\n<td width=\"106\">K\u00fcl (%Max)<\/td>\n<td width=\"106\">8<\/td>\n<td width=\"106\">13<\/td>\n<\/tr>\n<tr>\n<td colspan=\"3\" width=\"319\">Boyut: 30-80mm, 60-90mm, 80-120mm, 90-150mm, 150-300mm, 200-400mm 70-100mm<\/td>\n<\/tr>\n<\/tbody>\n<\/table>\n<h3><\/h3>\n<h2>D\u00f6k\u00fcm Kokunun Kullan\u0131m Alanlar\u0131<\/h2>\n<h3>Demir D\u00f6k\u00fcm<\/h3>\n<p>D\u00f6k\u00fcm kok k\u00f6m\u00fcr\u00fc demir d\u00f6k\u00fcm\u00fc i\u00e7in hayati \u00f6nem ta\u015f\u0131r.\u00a0<span class=\"\" data-type=\"2\" data-index=\"5\" data-gid=\"0\">D\u00f6kme demir \u00fcr\u00fcnleri \u00fcreten d\u00f6k\u00fcmhanelerde yayg\u0131n olarak bulunan kupol f\u0131r\u0131nlar\u0131nda da kullan\u0131l\u0131r.<\/span>\u00a0<span class=\"\" data-type=\"2\" data-index=\"7\" data-gid=\"1\">Kok, yak\u0131t ve indirgeyici gaz olarak \u0131s\u0131 enerjisi sa\u011flamaya yarar; demirin erimesine ve <a href=\"https:\/\/www.sciencedirect.com\/topics\/engineering\/casting-process#:~:text=Casting%20is%20a%20process%20in,the%20shape%20of%20the%20mold.\" target=\"_blank\" rel=\"noopener\">d\u00f6k\u00fcm<\/a> S\u0131cakl\u0131k.<\/span><\/p>\n<h3>\u00c7elik \u00dcretimi<\/h3>\n<p>D\u00f6k\u00fcm kok k\u00f6m\u00fcr\u00fc, metal\u00fcrjik kok k\u00f6m\u00fcr\u00fcne k\u0131yasla \u00e7elik \u00fcretiminde daha az kullan\u0131l\u0131r; ancak, \u00f6zellikle demirin y\u00fcksek s\u0131cakl\u0131klarda \u0131s\u0131t\u0131lmas\u0131n\u0131n gerekli oldu\u011fu \u00e7elik \u00fcretimi i\u00e7in baz\u0131 i\u015flemler i\u00e7in uygun olabilir.<\/p>\n<h3>D\u00f6k\u00fcm \u0130\u015fleri<\/h3>\n<p>D\u00f6k\u00fcmhaneler, \u00f6zellikle makine par\u00e7alar\u0131, otomotiv bile\u015fenleri ve hatta heykeller i\u00e7in d\u00f6k\u00fcm yaparken metalleri eritmek i\u00e7in d\u00f6k\u00fcm kok k\u00f6m\u00fcr\u00fc kullan\u0131r. A\u015f\u0131r\u0131 \u0131s\u0131 elde etme ve yanmay\u0131 s\u00fcrd\u00fcrme yetene\u011fi, bir\u00e7ok end\u00fcstriyel d\u00f6k\u00fcmhane i\u015flemi i\u00e7in kritik \u00f6neme sahiptir.<\/p>\n<h2>Kullanman\u0131n Faydalar\u0131<\/h2>\n<p><strong>Y\u00fcksek Verimlilik<\/strong><\/p>\n<p>Asl\u0131nda, d\u00fc\u015f\u00fck nem ve d\u00fc\u015f\u00fck u\u00e7ucu maddeye sahip oldu\u011fu i\u00e7in olduk\u00e7a verimlidir. Y\u00fcksek alev, g\u00fcvenilir enerji, y\u00fcksek s\u0131cakl\u0131ktaki end\u00fcstriyel prosesler i\u00e7in garantili bir yak\u0131tt\u0131r.<\/p>\n<p><strong>Dayan\u0131kl\u0131l\u0131k<\/strong><\/p>\n<p>Bu kok daha sa\u011flamd\u0131r ve uzun s\u00fcreli kullan\u0131mlarda a\u015f\u0131nmaz. \u00c7ok y\u00fcksek \u0131s\u0131ya maruz kald\u0131\u011f\u0131nda bile g\u00fcc\u00fcn\u00fc ve yap\u0131s\u0131n\u0131 korur, bu nedenle f\u0131r\u0131nlarda uzun s\u00fcre bozulmadan kullan\u0131labilir.<\/p>\n<p><strong>Uygun Maliyetli<\/strong><\/p>\n<p>D\u00f6k\u00fcm kok k\u00f6m\u00fcr\u00fc, normal k\u00f6m\u00fcre k\u0131yasla y\u00fcksek fiyat\u0131na ra\u011fmen y\u00fcksek verimlili\u011fi ve d\u00fc\u015f\u00fck bak\u0131m ihtiyac\u0131 g\u00f6z \u00f6n\u00fcne al\u0131nd\u0131\u011f\u0131nda uzun vadede daha ucuzdur. Y\u00fcksek enerji i\u00e7eri\u011fine sahiptir, bu nedenle ayn\u0131 \u00e7\u0131kt\u0131y\u0131 \u00fcretmek i\u00e7in daha az\u0131na ihtiya\u00e7 duyulur, bu da onu daha verimli hale getirir ve dolay\u0131s\u0131yla yak\u0131t kullan\u0131m\u0131n\u0131 azalt\u0131r.<\/p>\n<h2>D\u00f6k\u00fcm Kokuna Kar\u015f\u0131 Metalurjik Kok<\/h2>\n<p>End\u00fcstriyel kullan\u0131m i\u00e7in ger\u00e7ek d\u00fcnyadaki yak\u0131t se\u00e7imi d\u00f6k\u00fcmhane ile metal\u00fcrjik kok k\u00f6m\u00fcr\u00fc aras\u0131nda olma e\u011filimindedir. \u0130ki \u00fcr\u00fcn birbirine benzer ancak farkl\u0131d\u0131r. D\u00f6k\u00fcm kok k\u00f6m\u00fcr\u00fc \u00f6zellikle demir d\u00f6k\u00fcm piyasas\u0131 i\u00e7in tasarlanm\u0131\u015ft\u0131r. Daha az heterojen boyut ve daha d\u00fc\u015f\u00fck k\u00fcl i\u00e7eri\u011fi. Ancak \u00e7elik \u00fcretimi \u015funlar\u0131 gerektirir <a href=\"https:\/\/jinsuncarbon.com\/tr\/urun\/metalurji%cc%87k-kok\/\">metalurji\u0307k kok<\/a>Farkl\u0131 boyut gereksinimleri vard\u0131r ve daha g\u00fc\u00e7l\u00fcd\u00fcr. Her ikisi de \u0131s\u0131tma i\u00e7in kullan\u0131l\u0131r, ancak d\u00f6k\u00fcmhane kok k\u00f6m\u00fcr\u00fc kaliteli d\u00f6k\u00fcm i\u00e7in gereken homojenlik ve d\u00fc\u015f\u00fck safs\u0131zl\u0131klara daha fazla odaklan\u0131r. Bununla birlikte, toplam <a href=\"https:\/\/jinsuncarbon.com\/tr\/karbonun-kullanim-alanlari\/\">karbon<\/a> i\u00e7eri\u011fi ve yap\u0131s\u0131 y\u00fcksek f\u0131r\u0131nlar i\u00e7in metal\u00fcrjik kokta biraz farkl\u0131d\u0131r.<\/p>\n<h2>Sat\u0131l\u0131k D\u00f6k\u00fcm Kok<\/h2>\n<p><strong>Karbon \u0130\u00e7eri\u011fi<\/strong><\/p>\n<p>D\u00f6k\u00fcmhane kullan\u0131m\u0131 i\u00e7in y\u00fcksek karbon i\u00e7eri\u011fine sahip kok bulun. Daha y\u00fcksek karbon = daha iyi \u0131s\u0131 \u00e7\u0131k\u0131\u015f\u0131 ve kok i\u00e7in azalt\u0131c\u0131 g\u00fc\u00e7. Genel bir kural olarak, en az y\u00fczde 85 karbon i\u00e7eri\u011fine sahip bir \u00fcr\u00fcn isteyeceksiniz.<\/p>\n<p><strong>Boyut ve \u015eekil<\/strong><\/p>\n<p>Kok, bu boyut ve \u015fekil nedeniyle performans\u0131 etkileyebilir. Kok boyutu \u00e7ok k\u00fc\u00e7\u00fckse, kok \u00e7ok h\u0131zl\u0131 yanacak ve kok boyutu \u00e7ok b\u00fcy\u00fckse, verimli yanma i\u00e7in yeterli y\u00fczey alan\u0131 sa\u011flamayacakt\u0131r. \u0130htiya\u00e7lar\u0131n\u0131za uygun kok k\u00f6m\u00fcr\u00fcn\u00fc se\u00e7in <a href=\"https:\/\/en.wikipedia.org\/wiki\/Blast_furnace\" target=\"_blank\" rel=\"noopener\">F\u0131r\u0131n<\/a>.<\/p>\n<p><strong>K\u00fcl \u0130\u00e7eri\u011fi<\/strong><\/p>\n<p>D\u00f6k\u00fcm kok k\u00f6m\u00fcr\u00fc genellikle daha d\u00fc\u015f\u00fck k\u00fcl i\u00e7eri\u011fini tercih eder. \u00c7ok fazla k\u00fcl metali kirletebilir ve bu da son \u00fcr\u00fcnde kirlilik ve kusurlara yol a\u00e7abilir. Mevcut en az k\u00fcll\u00fc kok k\u00f6m\u00fcr\u00fcn\u00fc kullan\u0131n.<\/p>\n<p><strong>S\u00fclf\u00fcr \u0130\u00e7eri\u011fi<\/strong><\/p>\n<p>K\u00fck\u00fcrt erimi\u015f metali kirletebilece\u011finden ve d\u00f6k\u00fcmlerin kalitesini etkileyebilece\u011finden, d\u00fc\u015f\u00fck k\u00fck\u00fcrt seviyesine sahip d\u00f6k\u00fcmhane kokunu se\u00e7in. Yararl\u0131 bir kalite 1% maksimum s\u00fclf\u00fcr i\u00e7eri\u011fidir.<\/p>\n<p>&nbsp;<\/p>","protected":false},"excerpt":{"rendered":"<p>D\u00f6k\u00fcm kok k\u00f6m\u00fcr\u00fc, ana yak\u0131t olarak kupol f\u0131r\u0131nlar\u0131nda demiri eritmek i\u00e7in kullan\u0131lan kok k\u00f6m\u00fcr\u00fcd\u00fcr. \u0130\u015flevi, \u015farj\u0131 eritmek ve erimi\u015f demiri a\u015f\u0131r\u0131 \u0131s\u0131tmak, iyi hava ge\u00e7irgenli\u011fini korumak i\u00e7in \u015farj kolonunu desteklemektir. D\u00f6k\u00fcm kokunun \u00f6zellikleri:<\/p>\n<ul>\n<li>b\u00fcy\u00fck blok boyutu<\/li>\n<li>d\u00fc\u015f\u00fck reaktivite<\/li>\n<li>d\u00fc\u015f\u00fck g\u00f6zeneklilik<\/li>\n<li>yeterli darbe k\u0131rma g\u00fcc\u00fc<\/li>\n<li>D\u00fc\u015f\u00fck k\u00fcl ve s\u00fclf\u00fcr<\/li>\n<\/ul>","protected":false},"featured_media":6974,"template":"","meta":[],"product_brand":[],"product_cat":[40],"product_tag":[],"class_list":{"0":"post-6972","1":"product","2":"type-product","3":"status-publish","4":"has-post-thumbnail","6":"product_cat-petroleum-coke","8":"first","9":"instock","10":"shipping-taxable","11":"product-type-simple"},"yoast_head":"<!-- This site is optimized with the Yoast SEO Premium plugin v19.2.1 (Yoast SEO v25.3) - https:\/\/yoast.com\/wordpress\/plugins\/seo\/ -->\n<title>Foundry Coke Supplier in China | Jinsun Carbon<\/title>\n<meta name=\"description\" content=\"Foundry coke is used exclusively in the iron and steel industries to cast metals. High quality foundry coke for sale at best price.\" \/>\n<meta name=\"robots\" content=\"index, follow, max-snippet:-1, max-image-preview:large, max-video-preview:-1\" \/>\n<link rel=\"canonical\" href=\"https:\/\/jinsuncarbon.com\/tr\/urun\/dokumhane-kok-komuru\/\" \/>\n<meta property=\"og:locale\" content=\"tr_TR\" \/>\n<meta property=\"og:type\" content=\"article\" \/>\n<meta property=\"og:title\" content=\"Foundry Coke\" \/>\n<meta property=\"og:description\" content=\"Foundry coke is used exclusively in the iron and steel industries to cast metals. High quality foundry coke for sale at best price.\" \/>\n<meta property=\"og:url\" content=\"https:\/\/jinsuncarbon.com\/tr\/urun\/dokumhane-kok-komuru\/\" \/>\n<meta property=\"og:site_name\" content=\"Jinsun Carbon\" \/>\n<meta property=\"article:publisher\" content=\"https:\/\/www.facebook.com\/Graphite-Electrode-109336238661595\" \/>\n<meta property=\"article:modified_time\" content=\"2024-12-09T14:40:59+00:00\" \/>\n<meta property=\"og:image\" content=\"https:\/\/jinsuncarbon.com\/wp-content\/uploads\/2024\/12\/Foundry-coke.jpg\" \/>\n\t<meta property=\"og:image:width\" content=\"1024\" \/>\n\t<meta property=\"og:image:height\" content=\"763\" \/>\n\t<meta property=\"og:image:type\" content=\"image\/jpeg\" \/>\n<meta name=\"twitter:card\" content=\"summary_large_image\" \/>\n<meta name=\"twitter:site\" content=\"@jinsuncarbon_\" \/>\n<meta name=\"twitter:label1\" content=\"Tahmini okuma s\u00fcresi\" \/>\n\t<meta name=\"twitter:data1\" content=\"4 dakika\" \/>\n<script type=\"application\/ld+json\" class=\"yoast-schema-graph\">{\"@context\":\"https:\/\/schema.org\",\"@graph\":[{\"@type\":\"WebPage\",\"@id\":\"https:\/\/jinsuncarbon.com\/product\/foundry-coke\/\",\"url\":\"https:\/\/jinsuncarbon.com\/product\/foundry-coke\/\",\"name\":\"Foundry Coke Supplier in China | Jinsun Carbon\",\"isPartOf\":{\"@id\":\"https:\/\/jinsuncarbon.com\/#website\"},\"primaryImageOfPage\":{\"@id\":\"https:\/\/jinsuncarbon.com\/product\/foundry-coke\/#primaryimage\"},\"image\":{\"@id\":\"https:\/\/jinsuncarbon.com\/product\/foundry-coke\/#primaryimage\"},\"thumbnailUrl\":\"https:\/\/jinsuncarbon.com\/wp-content\/uploads\/2024\/12\/Foundry-coke.jpg\",\"datePublished\":\"2024-12-09T11:35:45+00:00\",\"dateModified\":\"2024-12-09T14:40:59+00:00\",\"description\":\"Foundry coke is used exclusively in the iron and steel industries to cast metals. High quality foundry coke for sale at best price.\",\"breadcrumb\":{\"@id\":\"https:\/\/jinsuncarbon.com\/product\/foundry-coke\/#breadcrumb\"},\"inLanguage\":\"tr\",\"potentialAction\":[{\"@type\":\"ReadAction\",\"target\":[\"https:\/\/jinsuncarbon.com\/product\/foundry-coke\/\"]}]},{\"@type\":\"ImageObject\",\"inLanguage\":\"tr\",\"@id\":\"https:\/\/jinsuncarbon.com\/product\/foundry-coke\/#primaryimage\",\"url\":\"https:\/\/jinsuncarbon.com\/wp-content\/uploads\/2024\/12\/Foundry-coke.jpg\",\"contentUrl\":\"https:\/\/jinsuncarbon.com\/wp-content\/uploads\/2024\/12\/Foundry-coke.jpg\",\"width\":1024,\"height\":763,\"caption\":\"Foundry coke\"},{\"@type\":\"BreadcrumbList\",\"@id\":\"https:\/\/jinsuncarbon.com\/product\/foundry-coke\/#breadcrumb\",\"itemListElement\":[{\"@type\":\"ListItem\",\"position\":1,\"name\":\"Home\",\"item\":\"https:\/\/jinsuncarbon.com\/\"},{\"@type\":\"ListItem\",\"position\":2,\"name\":\"Products\",\"item\":\"https:\/\/jinsuncarbon.com\/graphite-carbon\/\"},{\"@type\":\"ListItem\",\"position\":3,\"name\":\"Foundry Coke\"}]},{\"@type\":\"WebSite\",\"@id\":\"https:\/\/jinsuncarbon.com\/#website\",\"url\":\"https:\/\/jinsuncarbon.com\/\",\"name\":\"Jinsun Carbon\",\"description\":\"We are the successful graphite electrode manufacturer in China\",\"publisher\":{\"@id\":\"https:\/\/jinsuncarbon.com\/#organization\"},\"potentialAction\":[{\"@type\":\"SearchAction\",\"target\":{\"@type\":\"EntryPoint\",\"urlTemplate\":\"https:\/\/jinsuncarbon.com\/?s={search_term_string}\"},\"query-input\":{\"@type\":\"PropertyValueSpecification\",\"valueRequired\":true,\"valueName\":\"search_term_string\"}}],\"inLanguage\":\"tr\"},{\"@type\":\"Organization\",\"@id\":\"https:\/\/jinsuncarbon.com\/#organization\",\"name\":\"Jinsun Carbon\",\"alternateName\":\"Jinsun Carbon\",\"url\":\"https:\/\/jinsuncarbon.com\/\",\"logo\":{\"@type\":\"ImageObject\",\"inLanguage\":\"tr\",\"@id\":\"https:\/\/jinsuncarbon.com\/#\/schema\/logo\/image\/\",\"url\":\"https:\/\/jinsuncarbon.com\/wp-content\/uploads\/2022\/12\/LOGO-1.png\",\"contentUrl\":\"https:\/\/jinsuncarbon.com\/wp-content\/uploads\/2022\/12\/LOGO-1.png\",\"width\":207,\"height\":80,\"caption\":\"Jinsun Carbon\"},\"image\":{\"@id\":\"https:\/\/jinsuncarbon.com\/#\/schema\/logo\/image\/\"},\"sameAs\":[\"https:\/\/www.facebook.com\/Graphite-Electrode-109336238661595\",\"https:\/\/x.com\/jinsuncarbon_\",\"https:\/\/www.linkedin.com\/in\/jinsungraphite\",\"https:\/\/www.youtube.com\/channel\/UCysDNyvyR5-3cCWEmpkVC0g\"]}]}<\/script>\n<!-- \/ Yoast SEO Premium plugin. -->","yoast_head_json":{"title":"\u00c7in'de D\u00f6k\u00fcm Kok Tedarik\u00e7isi | Jinsun Carbon","description":"D\u00f6k\u00fcmhane kok k\u00f6m\u00fcr\u00fc sadece demir ve \u00e7elik end\u00fcstrilerinde metal d\u00f6k\u00fcm\u00fc i\u00e7in kullan\u0131l\u0131r. En iyi fiyata sat\u0131l\u0131k y\u00fcksek kaliteli d\u00f6k\u00fcmhane kok k\u00f6m\u00fcr\u00fc.","robots":{"index":"index","follow":"follow","max-snippet":"max-snippet:-1","max-image-preview":"max-image-preview:large","max-video-preview":"max-video-preview:-1"},"canonical":"https:\/\/jinsuncarbon.com\/tr\/urun\/dokumhane-kok-komuru\/","og_locale":"tr_TR","og_type":"article","og_title":"Foundry Coke","og_description":"Foundry coke is used exclusively in the iron and steel industries to cast metals. High quality foundry coke for sale at best price.","og_url":"https:\/\/jinsuncarbon.com\/tr\/urun\/dokumhane-kok-komuru\/","og_site_name":"Jinsun Carbon","article_publisher":"https:\/\/www.facebook.com\/Graphite-Electrode-109336238661595","article_modified_time":"2024-12-09T14:40:59+00:00","og_image":[{"width":1024,"height":763,"url":"https:\/\/jinsuncarbon.com\/wp-content\/uploads\/2024\/12\/Foundry-coke.jpg","type":"image\/jpeg"}],"twitter_card":"summary_large_image","twitter_site":"@jinsuncarbon_","twitter_misc":{"Tahmini okuma s\u00fcresi":"4 dakika"},"schema":{"@context":"https:\/\/schema.org","@graph":[{"@type":"WebPage","@id":"https:\/\/jinsuncarbon.com\/product\/foundry-coke\/","url":"https:\/\/jinsuncarbon.com\/product\/foundry-coke\/","name":"\u00c7in'de D\u00f6k\u00fcm Kok Tedarik\u00e7isi | Jinsun Carbon","isPartOf":{"@id":"https:\/\/jinsuncarbon.com\/#website"},"primaryImageOfPage":{"@id":"https:\/\/jinsuncarbon.com\/product\/foundry-coke\/#primaryimage"},"image":{"@id":"https:\/\/jinsuncarbon.com\/product\/foundry-coke\/#primaryimage"},"thumbnailUrl":"https:\/\/jinsuncarbon.com\/wp-content\/uploads\/2024\/12\/Foundry-coke.jpg","datePublished":"2024-12-09T11:35:45+00:00","dateModified":"2024-12-09T14:40:59+00:00","description":"D\u00f6k\u00fcmhane kok k\u00f6m\u00fcr\u00fc sadece demir ve \u00e7elik end\u00fcstrilerinde metal d\u00f6k\u00fcm\u00fc i\u00e7in kullan\u0131l\u0131r. En iyi fiyata sat\u0131l\u0131k y\u00fcksek kaliteli d\u00f6k\u00fcmhane kok k\u00f6m\u00fcr\u00fc.","breadcrumb":{"@id":"https:\/\/jinsuncarbon.com\/product\/foundry-coke\/#breadcrumb"},"inLanguage":"tr","potentialAction":[{"@type":"ReadAction","target":["https:\/\/jinsuncarbon.com\/product\/foundry-coke\/"]}]},{"@type":"ImageObject","inLanguage":"tr","@id":"https:\/\/jinsuncarbon.com\/product\/foundry-coke\/#primaryimage","url":"https:\/\/jinsuncarbon.com\/wp-content\/uploads\/2024\/12\/Foundry-coke.jpg","contentUrl":"https:\/\/jinsuncarbon.com\/wp-content\/uploads\/2024\/12\/Foundry-coke.jpg","width":1024,"height":763,"caption":"Foundry coke"},{"@type":"BreadcrumbList","@id":"https:\/\/jinsuncarbon.com\/product\/foundry-coke\/#breadcrumb","itemListElement":[{"@type":"ListItem","position":1,"name":"Home","item":"https:\/\/jinsuncarbon.com\/"},{"@type":"ListItem","position":2,"name":"Products","item":"https:\/\/jinsuncarbon.com\/graphite-carbon\/"},{"@type":"ListItem","position":3,"name":"Foundry Coke"}]},{"@type":"WebSite","@id":"https:\/\/jinsuncarbon.com\/#website","url":"https:\/\/jinsuncarbon.com\/","name":"Jinsun Karbon","description":"\u00c7in'deki ba\u015far\u0131l\u0131 grafit elektrot \u00fcreticisiyiz","publisher":{"@id":"https:\/\/jinsuncarbon.com\/#organization"},"potentialAction":[{"@type":"SearchAction","target":{"@type":"EntryPoint","urlTemplate":"https:\/\/jinsuncarbon.com\/?s={search_term_string}"},"query-input":{"@type":"PropertyValueSpecification","valueRequired":true,"valueName":"search_term_string"}}],"inLanguage":"tr"},{"@type":"Organization","@id":"https:\/\/jinsuncarbon.com\/#organization","name":"Jinsun Karbon","alternateName":"Jinsun Carbon","url":"https:\/\/jinsuncarbon.com\/","logo":{"@type":"ImageObject","inLanguage":"tr","@id":"https:\/\/jinsuncarbon.com\/#\/schema\/logo\/image\/","url":"https:\/\/jinsuncarbon.com\/wp-content\/uploads\/2022\/12\/LOGO-1.png","contentUrl":"https:\/\/jinsuncarbon.com\/wp-content\/uploads\/2022\/12\/LOGO-1.png","width":207,"height":80,"caption":"Jinsun Carbon"},"image":{"@id":"https:\/\/jinsuncarbon.com\/#\/schema\/logo\/image\/"},"sameAs":["https:\/\/www.facebook.com\/Graphite-Electrode-109336238661595","https:\/\/x.com\/jinsuncarbon_","https:\/\/www.linkedin.com\/in\/jinsungraphite","https:\/\/www.youtube.com\/channel\/UCysDNyvyR5-3cCWEmpkVC0g"]}]}},"_links":{"self":[{"href":"https:\/\/jinsuncarbon.com\/tr\/wp-json\/wp\/v2\/product\/6972","targetHints":{"allow":["GET"]}}],"collection":[{"href":"https:\/\/jinsuncarbon.com\/tr\/wp-json\/wp\/v2\/product"}],"about":[{"href":"https:\/\/jinsuncarbon.com\/tr\/wp-json\/wp\/v2\/types\/product"}],"wp:featuredmedia":[{"embeddable":true,"href":"https:\/\/jinsuncarbon.com\/tr\/wp-json\/wp\/v2\/media\/6974"}],"wp:attachment":[{"href":"https:\/\/jinsuncarbon.com\/tr\/wp-json\/wp\/v2\/media?parent=6972"}],"wp:term":[{"taxonomy":"product_brand","embeddable":true,"href":"https:\/\/jinsuncarbon.com\/tr\/wp-json\/wp\/v2\/product_brand?post=6972"},{"taxonomy":"product_cat","embeddable":true,"href":"https:\/\/jinsuncarbon.com\/tr\/wp-json\/wp\/v2\/product_cat?post=6972"},{"taxonomy":"product_tag","embeddable":true,"href":"https:\/\/jinsuncarbon.com\/tr\/wp-json\/wp\/v2\/product_tag?post=6972"}],"curies":[{"name":"wp","href":"https:\/\/api.w.org\/{rel}","templated":true}]}}