{"id":6950,"date":"2024-12-08T14:57:46","date_gmt":"2024-12-08T14:57:46","guid":{"rendered":"https:\/\/jinsuncarbon.com\/?post_type=product&#038;p=6950"},"modified":"2024-12-09T14:48:29","modified_gmt":"2024-12-09T14:48:29","slug":"grafit-folyo","status":"publish","type":"product","link":"https:\/\/jinsuncarbon.com\/tr\/urun\/grafit-folyo\/","title":{"rendered":"Grafit Folyo"},"content":{"rendered":"<h2 class=\"ql-align-justify\">Grafit Folyo Tedarik\u00e7ileri<\/h2>\n<h3 class=\"ql-align-justify\">Safl\u0131\u011fa g\u00f6re s\u0131n\u0131fland\u0131r\u0131lm\u0131\u015f<\/h3>\n<p class=\"ql-align-justify\">Standart safl\u0131kta grafit folyo. Karbon i\u00e7eri\u011fi genellikle yakla\u015f\u0131k 99%'dir.\u00a0<span data-type=\"2\" data-index=\"3\" data-gid=\"1\">Bu tip grafit folyoyu en yayg\u0131n end\u00fcstriyel uygulamalar\u0131n ihtiya\u00e7lar\u0131n\u0131 kar\u015f\u0131lamak i\u00e7in kullanabilirsiniz.<\/span>\u00a0Maliyeti nispeten makuld\u00fcr, genel termal y\u00f6netim ve mekanik s\u0131zd\u0131rmazl\u0131k senaryolar\u0131 i\u00e7in uygundur.<\/p>\n<p class=\"ql-align-justify\">Y\u00fcksek safl\u0131kta grafit folyo. Karbon i\u00e7eri\u011fi yakla\u015f\u0131k 99,5%'ye ula\u015f\u0131r, bazen n\u00fckleer s\u0131n\u0131f grafit folyo olarak da bilinir. Bu y\u00fcksek safl\u0131kta grafit folyoyu safl\u0131\u011f\u0131n kritik oldu\u011fu ortamlarda kullanabilirsiniz. \u00d6rne\u011fin n\u00f6tron moderat\u00f6r\u00fc veya n\u00fckleer end\u00fcstride reflekt\u00f6r malzemesi olarak.<\/p>\n<h3 class=\"ql-align-justify\">\u015eekle g\u00f6re s\u0131n\u0131fland\u0131rma<\/h3>\n<p class=\"ql-align-justify\">Pul grafit folyo. Bu daha yayg\u0131n bir formdur, \u015fekli d\u00fczenlidir, kesilmesi ve i\u015flenmesi kolayd\u0131r. K\u00fc\u00e7\u00fck elektronik cihazlar i\u00e7in \u0131s\u0131 al\u0131c\u0131lar\u0131 veya k\u00fc\u00e7\u00fck s\u0131zd\u0131rmazl\u0131k contalar\u0131 yapmak uygundur. Belirli \u015fekil ve boyut gereksinimlerini kar\u015f\u0131lamak i\u00e7in pul grafit folyoyu belirli boyut gereksinimlerine g\u00f6re do\u011frudan kesebiliriz.<\/p>\n<p class=\"ql-align-justify\"><span data-type=\"2\" data-index=\"5\" data-gid=\"2\">Disk grafit folyo.<\/span> Bu form, sar\u0131m veya sar\u0131m gerektiren baz\u0131 uygulamalarda kullan\u0131m i\u00e7in uygundur. Bobinin kararl\u0131 \u00e7al\u0131\u015fmas\u0131n\u0131 sa\u011flamak i\u00e7in termal ve yal\u0131t\u0131m \u00f6zelliklerini oynarken kolayca sar\u0131labilir.<\/p>\n<p class=\"ql-align-justify\">Haddelenmi\u015f grafit folyo. Depolanmas\u0131, ta\u015f\u0131nmas\u0131 ve b\u00fcy\u00fck \u00f6l\u00e7ekte kullan\u0131m\u0131 kolayd\u0131r. End\u00fcstriyel \u00fcretimde, \u00e7ok say\u0131da grafit folyoya ihtiya\u00e7 duyulursa, haddelenmi\u015f grafit folyolar s\u00fcrekli i\u015fleme y\u00f6ntemleriyle verimli bir \u015fekilde nihai \u00fcr\u00fcnlere d\u00f6n\u00fc\u015ft\u00fcr\u00fclebilir.<\/p>\n<h2 class=\"ql-align-justify\">Grafit folyonun kullan\u0131m alanlar\u0131<\/h2>\n<p class=\"ql-align-justify\"><strong>Elektronik ve elektrik alan\u0131<\/strong><\/p>\n<p class=\"ql-align-justify\">Is\u0131 da\u011f\u0131l\u0131m\u0131. Elektronik ekipman \u00e7al\u0131\u015fma s\u0131ras\u0131nda \u00e7ok fazla \u0131s\u0131 \u00fcretecektir. Grafit folyo y\u00fcksek bir termal iletkenli\u011fe sahiptir. Is\u0131y\u0131 h\u0131zl\u0131 bir \u015fekilde d\u0131\u015far\u0131 iletebilir, ekipman s\u0131cakl\u0131\u011f\u0131n\u0131 etkili bir \u015fekilde d\u00fc\u015f\u00fcrebilir, performans\u0131 ve kararl\u0131l\u0131\u011f\u0131 art\u0131rabilir.<\/p>\n<p class=\"ql-align-justify\"><strong>Enerji alan\u0131<\/strong><\/p>\n<p class=\"ql-align-justify\">Yak\u0131t h\u00fccreleri. Yak\u0131t h\u00fccrelerinde, yak\u0131t ve oksitleyiciyi ay\u0131rmak, ak\u0131m\u0131 toplamak ve iletmek i\u00e7in grafit folyolar\u0131 bipolar plakalar olarak kullanabilirsiniz. Ve membran elektrotlar\u0131 destekler.<\/p>\n<p class=\"ql-align-justify\">G\u00fcne\u015f pilleri. G\u00fcne\u015f pilleri i\u00e7in kullan\u0131labilen elektrotlar veya s\u0131v\u0131 toplay\u0131c\u0131lar. \u0130yi elektrik iletkenli\u011fi ve kimyasal kararl\u0131l\u0131\u011f\u0131, g\u00fcne\u015f pillerinin fotoelektrik d\u00f6n\u00fc\u015f\u00fcm verimlili\u011fini ve kararl\u0131l\u0131\u011f\u0131n\u0131 art\u0131rmaya yard\u0131mc\u0131 olur.<\/p>\n<p class=\"ql-align-justify\"><strong>Mekanik end\u00fcstrisi<\/strong><\/p>\n<p class=\"ql-align-justify\">S\u0131zd\u0131rmazl\u0131k malzemesi. M\u00fckemmel esnekli\u011fe, korozyon direncine ve y\u00fcksek s\u0131cakl\u0131k kararl\u0131l\u0131\u011f\u0131na sahiptir. Grafit folyo, mekanik salmastra, conta \u00fcretimi i\u00e7in ideal bir malzemedir. Otomotiv, petrol, kimya, ka\u011f\u0131t ve di\u011fer boru, pompa, vana ve di\u011fer ekipman conta end\u00fcstrilerinde yayg\u0131n olarak kullan\u0131lmaktad\u0131r. \u00c7\u00fcnk\u00fc s\u0131v\u0131, gaz s\u0131z\u0131nt\u0131s\u0131n\u0131 etkili bir \u015fekilde \u00f6nleyebilir.<\/p>\n<p class=\"ql-align-justify\">Ya\u011flama malzemesi. Grafit folyonun katmanl\u0131 yap\u0131s\u0131 nedeniyle d\u00fc\u015f\u00fck s\u00fcrt\u00fcnme katsay\u0131s\u0131na sahiptir. Bu kat\u0131 olarak kullan\u0131labilir <a href=\"https:\/\/en.wikipedia.org\/wiki\/Lubricant\" target=\"_blank\" rel=\"noopener\">ya\u011flay\u0131c\u0131<\/a> Mekanik par\u00e7alar\u0131n ya\u011flanmas\u0131, s\u00fcrt\u00fcnme ve a\u015f\u0131nman\u0131n azalt\u0131lmas\u0131, mekanik verimlili\u011fin art\u0131r\u0131lmas\u0131 i\u00e7in.<\/p>\n<p class=\"ql-align-justify\"><strong>Kimya end\u00fcstrisi<\/strong><\/p>\n<p class=\"ql-align-justify\">Korozyon \u00f6nleyici astar. Kimyasal kaplar\u0131n, reakt\u00f6rlerin vb. astar malzemesi olarak kullanabilirsiniz. Konteynerdeki a\u015f\u0131nd\u0131r\u0131c\u0131 ortam\u0131n ekipman\u0131 a\u015f\u0131nd\u0131rmas\u0131n\u0131 \u00f6nlemek ve ekipman\u0131n hizmet \u00f6mr\u00fcn\u00fc uzatmak i\u00e7in.<\/p>\n<p class=\"ql-align-justify\">Elektrolitik h\u00fccre elektrodu. Elektrolitik i\u015flemde, grafit folyo bir elektrot olarak <a href=\"https:\/\/jinsuncarbon.com\/tr\/urun\/grafit-cubuk-elektrot\/\">elektrot<\/a> y\u00fcksek s\u0131cakl\u0131k, g\u00fc\u00e7l\u00fc asit ve alkali ve di\u011fer sert ortamlara dayanabilir. Bu, elektrolitik verimlili\u011fi ve \u00fcr\u00fcn kalitesini art\u0131rabilir.<\/p>\n<h2 class=\"ql-align-justify\">Esnek grafit avantajlar\u0131<\/h2>\n<p class=\"ql-align-justify\">Genel olarak grafit folyo pul, disk veya rulo \u015feklindedir. Avantajlar\u0131 \u00f6nemlidir.<\/p>\n<p class=\"ql-align-justify\">\u00dcst\u00fcn termal stabilite ile -200 \u00b0 C ila yakla\u015f\u0131k 450 \u00b0 C aras\u0131nda geni\u015f bir s\u0131cakl\u0131k aral\u0131\u011f\u0131nda stabil olabilir; Y\u00fczey olduk\u00e7a yans\u0131t\u0131c\u0131d\u0131r ve m\u00fckemmel bir \u0131s\u0131 bariyeridir; Kimyasal \u00f6zellikler inerttir; D\u00fc\u015f\u00fck s\u00fcrt\u00fcnme katsay\u0131s\u0131, kendinden ya\u011flamal\u0131 folyo olarak kullan\u0131labilir; \u015eekillendirmesi veya kesmesi kolayd\u0131r; Son derece dayan\u0131kl\u0131d\u0131r;<\/p>\n<p class=\"ql-align-justify\">Grafit folyolar m\u00fckemmel termal iletkenli\u011fe sahiptir ve \u0131s\u0131y\u0131 h\u0131zl\u0131 bir \u015fekilde iletmelerini sa\u011flar. Bu, bir\u00e7ok alanda kritik \u00f6neme sahiptir <a href=\"https:\/\/en.wikipedia.org\/wiki\/Thermal_management_(electronics)\" target=\"_blank\" rel=\"noopener\">termal y\u00f6netim<\/a> uygulamalar. \u0130yi grafit folyo iletkenli\u011fi, onu elektronik ve elektrik alanlar\u0131nda da potansiyel bir uygulama haline getirir. \u0130deal bir malzeme olarak elektrik ve \u0131s\u0131 iletmesi gereken baz\u0131 par\u00e7alarda oldu\u011fu gibi.<\/p>\n<p class=\"ql-align-justify\">Makineler a\u00e7\u0131s\u0131ndan grafit folyo rulmanlar, d\u00fc\u015f\u00fck s\u00fcrt\u00fcnme katsay\u0131s\u0131 ve kendinden ya\u011flama \u00f6zelliklerinden yararlan\u0131r. Bu, s\u00fcrt\u00fcnme kay\u0131plar\u0131n\u0131 azaltabilir, ekipman\u0131n hizmet \u00f6mr\u00fcn\u00fc uzatabilir ve \u00e7al\u0131\u015fma verimlili\u011fini art\u0131rabilir.<\/p>","protected":false},"excerpt":{"rendered":"<p>Yumu\u015fak grafit olarak da bilinen grafit folyo, y\u00fcksek safl\u0131kta grafit malzemeden yap\u0131lm\u0131\u015f son derece ince bir tabakad\u0131r. Ayr\u0131ca geni\u015fletilebilir grafit olarak da bilinir. Benzersiz termal, kimyasal, elektriksel ve s\u00fcrt\u00fcnme \u00f6zellikleri ile \u00e7ok \u00e7e\u015fitli modern end\u00fcstriyel uygulamalarda iyi performans g\u00f6sterir ve dinamik ihtiya\u00e7lara \u00e7ok uygun g\u00fc\u00e7l\u00fc ve dayan\u0131kl\u0131 bir malzemedir.<\/p>","protected":false},"featured_media":6967,"template":"","meta":[],"product_brand":[],"product_cat":[38],"product_tag":[],"class_list":{"0":"post-6950","1":"product","2":"type-product","3":"status-publish","4":"has-post-thumbnail","6":"product_cat-graphite-products","8":"first","9":"instock","10":"shipping-taxable","11":"product-type-simple"},"yoast_head":"<!-- This site is optimized with the Yoast SEO Premium plugin v19.2.1 (Yoast SEO v25.3) - https:\/\/yoast.com\/wordpress\/plugins\/seo\/ -->\n<title>Graphite Foil Manufacturer in China - Best Prices<\/title>\n<meta name=\"description\" content=\"Graphite foil, also known as soft graphite, is an extremely thin sheet made of a high-purity graphite material. Graphite Foil Suppliers offers the best prices.\" \/>\n<meta name=\"robots\" content=\"index, follow, max-snippet:-1, max-image-preview:large, max-video-preview:-1\" \/>\n<link rel=\"canonical\" href=\"https:\/\/jinsuncarbon.com\/tr\/urun\/grafit-folyo\/\" \/>\n<meta property=\"og:locale\" content=\"tr_TR\" \/>\n<meta property=\"og:type\" content=\"article\" \/>\n<meta property=\"og:title\" content=\"Graphite Foil\" \/>\n<meta property=\"og:description\" content=\"Graphite foil, also known as soft graphite, is an extremely thin sheet made of a high-purity graphite material. Graphite Foil Suppliers offers the best prices.\" \/>\n<meta property=\"og:url\" content=\"https:\/\/jinsuncarbon.com\/tr\/urun\/grafit-folyo\/\" \/>\n<meta property=\"og:site_name\" content=\"Jinsun Carbon\" \/>\n<meta property=\"article:publisher\" content=\"https:\/\/www.facebook.com\/Graphite-Electrode-109336238661595\" \/>\n<meta property=\"article:modified_time\" content=\"2024-12-09T14:48:29+00:00\" \/>\n<meta property=\"og:image\" content=\"https:\/\/jinsuncarbon.com\/wp-content\/uploads\/2024\/12\/Graphite-Foil-1.jpg\" \/>\n\t<meta property=\"og:image:width\" content=\"1024\" \/>\n\t<meta property=\"og:image:height\" content=\"763\" \/>\n\t<meta property=\"og:image:type\" content=\"image\/jpeg\" \/>\n<meta name=\"twitter:card\" content=\"summary_large_image\" \/>\n<meta name=\"twitter:site\" content=\"@jinsuncarbon_\" \/>\n<meta name=\"twitter:label1\" content=\"Tahmini okuma s\u00fcresi\" \/>\n\t<meta name=\"twitter:data1\" content=\"4 dakika\" \/>\n<script type=\"application\/ld+json\" class=\"yoast-schema-graph\">{\"@context\":\"https:\/\/schema.org\",\"@graph\":[{\"@type\":\"WebPage\",\"@id\":\"https:\/\/jinsuncarbon.com\/product\/graphite-foil\/\",\"url\":\"https:\/\/jinsuncarbon.com\/product\/graphite-foil\/\",\"name\":\"Graphite Foil Manufacturer in China - Best Prices\",\"isPartOf\":{\"@id\":\"https:\/\/jinsuncarbon.com\/#website\"},\"primaryImageOfPage\":{\"@id\":\"https:\/\/jinsuncarbon.com\/product\/graphite-foil\/#primaryimage\"},\"image\":{\"@id\":\"https:\/\/jinsuncarbon.com\/product\/graphite-foil\/#primaryimage\"},\"thumbnailUrl\":\"https:\/\/jinsuncarbon.com\/wp-content\/uploads\/2024\/12\/Graphite-Foil-1.jpg\",\"datePublished\":\"2024-12-08T14:57:46+00:00\",\"dateModified\":\"2024-12-09T14:48:29+00:00\",\"description\":\"Graphite foil, also known as soft graphite, is an extremely thin sheet made of a high-purity graphite material. Graphite Foil Suppliers offers the best prices.\",\"breadcrumb\":{\"@id\":\"https:\/\/jinsuncarbon.com\/product\/graphite-foil\/#breadcrumb\"},\"inLanguage\":\"tr\",\"potentialAction\":[{\"@type\":\"ReadAction\",\"target\":[\"https:\/\/jinsuncarbon.com\/product\/graphite-foil\/\"]}]},{\"@type\":\"ImageObject\",\"inLanguage\":\"tr\",\"@id\":\"https:\/\/jinsuncarbon.com\/product\/graphite-foil\/#primaryimage\",\"url\":\"https:\/\/jinsuncarbon.com\/wp-content\/uploads\/2024\/12\/Graphite-Foil-1.jpg\",\"contentUrl\":\"https:\/\/jinsuncarbon.com\/wp-content\/uploads\/2024\/12\/Graphite-Foil-1.jpg\",\"width\":1024,\"height\":763,\"caption\":\"Graphite Foil\"},{\"@type\":\"BreadcrumbList\",\"@id\":\"https:\/\/jinsuncarbon.com\/product\/graphite-foil\/#breadcrumb\",\"itemListElement\":[{\"@type\":\"ListItem\",\"position\":1,\"name\":\"Home\",\"item\":\"https:\/\/jinsuncarbon.com\/\"},{\"@type\":\"ListItem\",\"position\":2,\"name\":\"Products\",\"item\":\"https:\/\/jinsuncarbon.com\/graphite-carbon\/\"},{\"@type\":\"ListItem\",\"position\":3,\"name\":\"Graphite Foil\"}]},{\"@type\":\"WebSite\",\"@id\":\"https:\/\/jinsuncarbon.com\/#website\",\"url\":\"https:\/\/jinsuncarbon.com\/\",\"name\":\"Jinsun Carbon\",\"description\":\"We are the successful graphite electrode manufacturer in China\",\"publisher\":{\"@id\":\"https:\/\/jinsuncarbon.com\/#organization\"},\"potentialAction\":[{\"@type\":\"SearchAction\",\"target\":{\"@type\":\"EntryPoint\",\"urlTemplate\":\"https:\/\/jinsuncarbon.com\/?s={search_term_string}\"},\"query-input\":{\"@type\":\"PropertyValueSpecification\",\"valueRequired\":true,\"valueName\":\"search_term_string\"}}],\"inLanguage\":\"tr\"},{\"@type\":\"Organization\",\"@id\":\"https:\/\/jinsuncarbon.com\/#organization\",\"name\":\"Jinsun Carbon\",\"alternateName\":\"Jinsun Carbon\",\"url\":\"https:\/\/jinsuncarbon.com\/\",\"logo\":{\"@type\":\"ImageObject\",\"inLanguage\":\"tr\",\"@id\":\"https:\/\/jinsuncarbon.com\/#\/schema\/logo\/image\/\",\"url\":\"https:\/\/jinsuncarbon.com\/wp-content\/uploads\/2022\/12\/LOGO-1.png\",\"contentUrl\":\"https:\/\/jinsuncarbon.com\/wp-content\/uploads\/2022\/12\/LOGO-1.png\",\"width\":207,\"height\":80,\"caption\":\"Jinsun Carbon\"},\"image\":{\"@id\":\"https:\/\/jinsuncarbon.com\/#\/schema\/logo\/image\/\"},\"sameAs\":[\"https:\/\/www.facebook.com\/Graphite-Electrode-109336238661595\",\"https:\/\/x.com\/jinsuncarbon_\",\"https:\/\/www.linkedin.com\/in\/jinsungraphite\",\"https:\/\/www.youtube.com\/channel\/UCysDNyvyR5-3cCWEmpkVC0g\"]}]}<\/script>\n<!-- \/ Yoast SEO Premium plugin. -->","yoast_head_json":{"title":"\u00c7in'de Grafit Folyo \u00dcreticisi - En \u0130yi Fiyatlar","description":"Yumu\u015fak grafit olarak da bilinen grafit folyo, y\u00fcksek safl\u0131kta grafit malzemeden yap\u0131lm\u0131\u015f son derece ince bir tabakad\u0131r. Grafit Folyo Tedarik\u00e7ileri en iyi fiyatlar\u0131 sunar.","robots":{"index":"index","follow":"follow","max-snippet":"max-snippet:-1","max-image-preview":"max-image-preview:large","max-video-preview":"max-video-preview:-1"},"canonical":"https:\/\/jinsuncarbon.com\/tr\/urun\/grafit-folyo\/","og_locale":"tr_TR","og_type":"article","og_title":"Graphite Foil","og_description":"Graphite foil, also known as soft graphite, is an extremely thin sheet made of a high-purity graphite material. Graphite Foil Suppliers offers the best prices.","og_url":"https:\/\/jinsuncarbon.com\/tr\/urun\/grafit-folyo\/","og_site_name":"Jinsun Carbon","article_publisher":"https:\/\/www.facebook.com\/Graphite-Electrode-109336238661595","article_modified_time":"2024-12-09T14:48:29+00:00","og_image":[{"width":1024,"height":763,"url":"https:\/\/jinsuncarbon.com\/wp-content\/uploads\/2024\/12\/Graphite-Foil-1.jpg","type":"image\/jpeg"}],"twitter_card":"summary_large_image","twitter_site":"@jinsuncarbon_","twitter_misc":{"Tahmini okuma s\u00fcresi":"4 dakika"},"schema":{"@context":"https:\/\/schema.org","@graph":[{"@type":"WebPage","@id":"https:\/\/jinsuncarbon.com\/product\/graphite-foil\/","url":"https:\/\/jinsuncarbon.com\/product\/graphite-foil\/","name":"\u00c7in'de Grafit Folyo \u00dcreticisi - En \u0130yi Fiyatlar","isPartOf":{"@id":"https:\/\/jinsuncarbon.com\/#website"},"primaryImageOfPage":{"@id":"https:\/\/jinsuncarbon.com\/product\/graphite-foil\/#primaryimage"},"image":{"@id":"https:\/\/jinsuncarbon.com\/product\/graphite-foil\/#primaryimage"},"thumbnailUrl":"https:\/\/jinsuncarbon.com\/wp-content\/uploads\/2024\/12\/Graphite-Foil-1.jpg","datePublished":"2024-12-08T14:57:46+00:00","dateModified":"2024-12-09T14:48:29+00:00","description":"Yumu\u015fak grafit olarak da bilinen grafit folyo, y\u00fcksek safl\u0131kta grafit malzemeden yap\u0131lm\u0131\u015f son derece ince bir tabakad\u0131r. Grafit Folyo Tedarik\u00e7ileri en iyi fiyatlar\u0131 sunar.","breadcrumb":{"@id":"https:\/\/jinsuncarbon.com\/product\/graphite-foil\/#breadcrumb"},"inLanguage":"tr","potentialAction":[{"@type":"ReadAction","target":["https:\/\/jinsuncarbon.com\/product\/graphite-foil\/"]}]},{"@type":"ImageObject","inLanguage":"tr","@id":"https:\/\/jinsuncarbon.com\/product\/graphite-foil\/#primaryimage","url":"https:\/\/jinsuncarbon.com\/wp-content\/uploads\/2024\/12\/Graphite-Foil-1.jpg","contentUrl":"https:\/\/jinsuncarbon.com\/wp-content\/uploads\/2024\/12\/Graphite-Foil-1.jpg","width":1024,"height":763,"caption":"Graphite Foil"},{"@type":"BreadcrumbList","@id":"https:\/\/jinsuncarbon.com\/product\/graphite-foil\/#breadcrumb","itemListElement":[{"@type":"ListItem","position":1,"name":"Home","item":"https:\/\/jinsuncarbon.com\/"},{"@type":"ListItem","position":2,"name":"Products","item":"https:\/\/jinsuncarbon.com\/graphite-carbon\/"},{"@type":"ListItem","position":3,"name":"Graphite Foil"}]},{"@type":"WebSite","@id":"https:\/\/jinsuncarbon.com\/#website","url":"https:\/\/jinsuncarbon.com\/","name":"Jinsun Karbon","description":"\u00c7in'deki ba\u015far\u0131l\u0131 grafit elektrot \u00fcreticisiyiz","publisher":{"@id":"https:\/\/jinsuncarbon.com\/#organization"},"potentialAction":[{"@type":"SearchAction","target":{"@type":"EntryPoint","urlTemplate":"https:\/\/jinsuncarbon.com\/?s={search_term_string}"},"query-input":{"@type":"PropertyValueSpecification","valueRequired":true,"valueName":"search_term_string"}}],"inLanguage":"tr"},{"@type":"Organization","@id":"https:\/\/jinsuncarbon.com\/#organization","name":"Jinsun Karbon","alternateName":"Jinsun Carbon","url":"https:\/\/jinsuncarbon.com\/","logo":{"@type":"ImageObject","inLanguage":"tr","@id":"https:\/\/jinsuncarbon.com\/#\/schema\/logo\/image\/","url":"https:\/\/jinsuncarbon.com\/wp-content\/uploads\/2022\/12\/LOGO-1.png","contentUrl":"https:\/\/jinsuncarbon.com\/wp-content\/uploads\/2022\/12\/LOGO-1.png","width":207,"height":80,"caption":"Jinsun Carbon"},"image":{"@id":"https:\/\/jinsuncarbon.com\/#\/schema\/logo\/image\/"},"sameAs":["https:\/\/www.facebook.com\/Graphite-Electrode-109336238661595","https:\/\/x.com\/jinsuncarbon_","https:\/\/www.linkedin.com\/in\/jinsungraphite","https:\/\/www.youtube.com\/channel\/UCysDNyvyR5-3cCWEmpkVC0g"]}]}},"_links":{"self":[{"href":"https:\/\/jinsuncarbon.com\/tr\/wp-json\/wp\/v2\/product\/6950","targetHints":{"allow":["GET"]}}],"collection":[{"href":"https:\/\/jinsuncarbon.com\/tr\/wp-json\/wp\/v2\/product"}],"about":[{"href":"https:\/\/jinsuncarbon.com\/tr\/wp-json\/wp\/v2\/types\/product"}],"wp:featuredmedia":[{"embeddable":true,"href":"https:\/\/jinsuncarbon.com\/tr\/wp-json\/wp\/v2\/media\/6967"}],"wp:attachment":[{"href":"https:\/\/jinsuncarbon.com\/tr\/wp-json\/wp\/v2\/media?parent=6950"}],"wp:term":[{"taxonomy":"product_brand","embeddable":true,"href":"https:\/\/jinsuncarbon.com\/tr\/wp-json\/wp\/v2\/product_brand?post=6950"},{"taxonomy":"product_cat","embeddable":true,"href":"https:\/\/jinsuncarbon.com\/tr\/wp-json\/wp\/v2\/product_cat?post=6950"},{"taxonomy":"product_tag","embeddable":true,"href":"https:\/\/jinsuncarbon.com\/tr\/wp-json\/wp\/v2\/product_tag?post=6950"}],"curies":[{"name":"wp","href":"https:\/\/api.w.org\/{rel}","templated":true}]}}