{"id":6924,"date":"2024-12-04T13:34:00","date_gmt":"2024-12-04T13:34:00","guid":{"rendered":"https:\/\/jinsuncarbon.com\/?post_type=product&#038;p=6924"},"modified":"2024-12-30T00:23:03","modified_gmt":"2024-12-30T00:23:03","slug":"grafit-bipolar-plaka","status":"publish","type":"product","link":"https:\/\/jinsuncarbon.com\/tr\/urun\/grafit-bipolar-plaka\/","title":{"rendered":"Grafit Bipolar Plaka"},"content":{"rendered":"<p class=\"ql-align-justify\">Grafit bipolar plakalar, do\u011fal grafit ve grafit hammaddeleri de dahil olmak \u00fczere y\u00fcksek kaliteli grafit hammaddeleri kullan\u0131larak \u00fcretilmektedir. <a href=\"https:\/\/jinsuncarbon.com\/tr\/genlesebilir-grafit\/\">geni\u015fletilmi\u015f grafit<\/a>hassas i\u015fleme yoluyla. Bunlar, \u00fcr\u00fcnlerimizin iyi elektriksel ve termal iletkenli\u011fe sahip olmas\u0131n\u0131 sa\u011flar. Pilin verimlili\u011fini etkili bir \u015fekilde art\u0131rabilirler. Uzun s\u00fcreli istikrarl\u0131 \u00e7al\u0131\u015fmay\u0131 sa\u011flamak i\u00e7in g\u00fc\u00e7l\u00fc korozyon direnci.<\/p>\n<h2 class=\"ql-align-justify\">Grafit bipolar plakalar\u0131n \u00f6zellikleri<\/h2>\n<p class=\"ql-align-justify\">Y\u00fcksek elektrik iletkenli\u011fi: Grafit, yak\u0131t h\u00fccrelerinin verimli \u00e7al\u0131\u015fmas\u0131n\u0131 sa\u011flayabilecek iyi bir elektrik iletkenli\u011fine sahiptir.<\/p>\n<p class=\"ql-align-justify\">Korozyon direnci: G\u00fc\u00e7l\u00fc grafit malzemeler \u00e7e\u015fitli kimyasallara kar\u015f\u0131 m\u00fckemmel korozyon direncine sahiptir. Yak\u0131t h\u00fccrelerinin korozif ortam\u0131nda uzun s\u00fcre istikrarl\u0131 bir \u015fekilde \u00e7al\u0131\u015fabilirler.<\/p>\n<p class=\"ql-align-justify\">\u0130yi termal iletkenlik: Grafit bipolar plakan\u0131n termal iletkenli\u011fi oda s\u0131cakl\u0131\u011f\u0131nda 2,17\u00d710^6 W\/(cm-K) de\u011ferine ula\u015fabilir. Ve y\u00fcksek s\u0131cakl\u0131klarda hala iyi termal iletkenli\u011fini korur. Erime noktas\u0131 3850\u00b0C ve kaynama noktas\u0131 4250\u00b0C'dir, bu da deformasyon veya hasar olmadan y\u00fcksek s\u0131cakl\u0131k ortam\u0131nda istikrarl\u0131 bir \u015fekilde \u00e7al\u0131\u015fabilmesini sa\u011flar.<\/p>\n<p class=\"ql-align-justify\">K\u00fc\u00e7\u00fck deflasyon oran\u0131 ve ge\u00e7irgenlik: Grafit bipolar yak\u0131t h\u00fccreleri hidrojen ve oksijeni elektri\u011fe d\u00f6n\u00fc\u015ft\u00fcrebildi\u011finden, reaksiyon s\u0131ras\u0131nda su \u00fcretebilir. Grafitin \u00f6zelli\u011fi, gaz ve su s\u0131z\u0131nt\u0131s\u0131n\u0131 etkili bir \u015fekilde \u00f6nleyebilir. Bu, yak\u0131t h\u00fccresinin normal \u00e7al\u0131\u015fmas\u0131n\u0131 sa\u011flar.<\/p>\n<h2 class=\"ql-align-justify\">Grafit Bipolar Plaka \u00dcretim S\u00fcreci<\/h2>\n<p>Hammadde se\u00e7imi ve \u00f6n i\u015flem: Kurutma i\u015flemi i\u00e7in y\u00fcksek safl\u0131kta grafit tozu kullan\u0131yoruz. Par\u00e7ac\u0131k boyutu normalde 10 ~ 50 mikron aras\u0131ndad\u0131r.<\/p>\n<p>\u015eekillendirme ve \u00f6n k\u00fcrleme: Kar\u0131\u015f\u0131m\u0131 kal\u0131ba bast\u0131r\u0131n, serbest b\u0131rak\u0131ld\u0131ktan sonra ilk k\u00fcrleme.<\/p>\n<p>Emprenye ve karbonizasyon: \u0130lk k\u00fcrlenmi\u015f bipolar plaka, grafit y\u00fczeyi ve i\u00e7 g\u00f6zenekleri doldurmak i\u00e7in genellikle sentetik re\u00e7ine veya fenolik re\u00e7ine kullan\u0131larak emprenye edilir. Re\u00e7inenin tam olarak n\u00fcfuz edebilmesini sa\u011flamak i\u00e7in emprenye i\u015flemi genellikle 24 saat veya daha uzun s\u00fcrer.<\/p>\n<p>Daha sonra emdirilmi\u015f bipolar plakay\u0131 y\u00fcksek s\u0131cakl\u0131kta karbonize edin. Bunun amac\u0131 re\u00e7ineyi karbonlu bir malzemeye d\u00f6n\u00fc\u015ft\u00fcrerek bipolar plakan\u0131n mukavemetini ve iletkenli\u011fini daha da artt\u0131rmakt\u0131r.<\/p>\n<p>Dilimleme ve parlatma: Grafit bipolar plakalar\u0131 uygun kal\u0131nl\u0131kta dilimleyin. Ve y\u00fczeyi p\u00fcr\u00fczs\u00fcz olana kadar parlat\u0131n.<\/p>\n<p>Is\u0131l i\u015flem: K\u00fcrlenmi\u015f bipolar plakay\u0131 500 ila 1000 santigrat derece aras\u0131nda \u0131s\u0131t\u0131n. Bu ad\u0131m grafitin kristalli\u011fini ve elektrik iletkenli\u011fini daha da art\u0131rabilir. Daha sonra plakalar\u0131 yava\u015f\u00e7a oda s\u0131cakl\u0131\u011f\u0131na so\u011futun, bu grafit bipolar plakalar\u0131n termal stres nedeniyle \u00e7atlamas\u0131n\u0131 \u00f6nleyebilir.<\/p>\n<p>Montaj ve s\u0131zd\u0131rmazl\u0131k: Tam bir ak\u00fc yap\u0131s\u0131 olu\u015fturmak i\u00e7in bipolar plakalar\u0131 ak\u00fc y\u0131\u011f\u0131n\u0131n\u0131n gereksinimlerine g\u00f6re monte edin. S\u0131z\u0131nt\u0131 ve korozyonu \u00f6nlemek i\u00e7in ak\u00fc y\u0131\u011f\u0131n\u0131n\u0131 s\u0131zd\u0131rmaz hale getirmek \u00fczere bir s\u0131zd\u0131rmazl\u0131k maddesi veya conta kullan\u0131n.<\/p>\n<p class=\"ql-align-justify\">T\u00fcm \u00fcretim s\u00fcrecinde, nihai \u00fcr\u00fcn\u00fcn performans\u0131n\u0131n ve kalitesinin gereksinimleri kar\u015f\u0131lad\u0131\u011f\u0131ndan emin olmak i\u00e7in her bir ba\u011flant\u0131n\u0131n s\u00fcre\u00e7 parametrelerini ve kalite standartlar\u0131n\u0131 s\u0131k\u0131 bir \u015fekilde kontrol ediyoruz. Ayr\u0131ca, normal \u00e7al\u0131\u015fmas\u0131n\u0131 ve iyi \u00fcretim ortam\u0131n\u0131 korumak i\u00e7in \u00fcretim ekipman\u0131n\u0131n ve ortam\u0131n\u0131n d\u00fczenli bak\u0131m\u0131n\u0131 ve temizli\u011fini ger\u00e7ekle\u015ftiriyoruz.<\/p>\n<h2 class=\"ql-align-justify\">Uygulamalar<\/h2>\n<p class=\"ql-align-justify\">Grafit bipolar plaka esas olarak \u015fu alanlarda kullan\u0131l\u0131r <a href=\"https:\/\/en.wikipedia.org\/wiki\/Fuel_cell\" target=\"_blank\" rel=\"noopener\">yak\u0131t h\u00fccreleri<\/a>. Kullan\u0131mdan sonra c\u0131va, kur\u015fun, asit ve alkali salan normal piller \u00e7evreye zararl\u0131d\u0131r. Ancak, grafit bipolar plakal\u0131 yak\u0131t h\u00fccresi hidrojen ve alkali kullanabilir. <a href=\"https:\/\/en.wikipedia.org\/wiki\/Oxygen#:~:text=Oxygen%20is%20a%20chemical%20element,well%20as%20with%20other%20compounds.\" target=\"_blank\" rel=\"noopener\">Oksijen<\/a> elektrik \u00fcretmek, elektrik \u00fcretmek ve su buhar\u0131 \u00fcretmek i\u00e7in kullan\u0131l\u0131r. Bu nedenle grafit bipolar plakal\u0131 batarya, temiz enerjiyi daha verimli ve \u00e7evre dostu bir \u015fekilde d\u00f6n\u00fc\u015ft\u00fcrebilir. Ayr\u0131ca, sabit yard\u0131mc\u0131 g\u00fc\u00e7 kaynaklar\u0131nda ve elektrikli ara\u00e7lar\u0131n motorlar\u0131nda elektrik sa\u011flamak i\u00e7in de kullan\u0131labilir.<\/p>","protected":false},"excerpt":{"rendered":"<p class=\"ql-align-justify\">Grafit bipolar plakalar grafit veya grafit kompozit malzemeden yap\u0131l\u0131r. Ak\u0131m iletmek i\u00e7in oksidanlar\u0131 ve indirgeyici maddeleri ay\u0131rabilen yak\u0131t h\u00fccrelerinin \u00e7ekirde\u011fidirler.\u00a0<span data-type=\"2\" data-index=\"1\" data-gid=\"0\">Ayr\u0131ca \u00e7ok verimli ve dayan\u0131kl\u0131 malzemelerdir.<\/span> \u0130\u015fte teknik \u00f6zellikler:<\/p>\n<ul>\n<li>Density:1.85-2.5g\/cm3<\/li>\n<li>Bas\u0131n\u00e7 dayan\u0131m\u0131: 80-120MPa<\/li>\n<li>Kar\u0131\u015f\u0131m mukavemeti: 45-60 MPa<\/li>\n<li>Spesifik Diren\u00e7: 11-13\u03bc\u03a9m<\/li>\n<li>K\u00fcl \u0130\u00e7eri\u011fi: 0.1%<\/li>\n<li>Tane Boyutu: 325Mesh<\/li>\n<li>Avantaj\u0131: S\u0131zd\u0131rmazl\u0131k<\/li>\n<\/ul>\n<p class=\"ql-align-justify\">","protected":false},"featured_media":6927,"template":"","meta":[],"product_brand":[],"product_cat":[38],"product_tag":[],"class_list":{"0":"post-6924","1":"product","2":"type-product","3":"status-publish","4":"has-post-thumbnail","6":"product_cat-graphite-products","8":"first","9":"instock","10":"shipping-taxable","11":"product-type-simple"},"yoast_head":"<!-- This site is optimized with the Yoast SEO Premium plugin v19.2.1 (Yoast SEO v25.3) - https:\/\/yoast.com\/wordpress\/plugins\/seo\/ -->\n<title>Graphite Bipolar Plate for Fuel Cell | Jinsun Carbon<\/title>\n<meta name=\"robots\" content=\"index, follow, max-snippet:-1, max-image-preview:large, max-video-preview:-1\" \/>\n<link rel=\"canonical\" href=\"https:\/\/jinsuncarbon.com\/tr\/urun\/grafit-bipolar-plaka\/\" \/>\n<meta property=\"og:locale\" content=\"tr_TR\" \/>\n<meta property=\"og:type\" content=\"article\" \/>\n<meta property=\"og:title\" content=\"Graphite Bipolar Plate\" \/>\n<meta property=\"og:description\" content=\"Graphite bipolar plates are made of graphite or graphite composite material. They are the core of fuel cells, capable of separating oxidants and reducing agents to conduct current.\u00a0They are also very efficient and durable materials. Here are specifications:    Density:1.85-2.5g\/cm3  Compressive strength: 80-120MPa  Blend\u00a0strength: 45-60 MPa  Specific\u00a0Resistance:11-13\u03bc\u03a9m  Ash\u00a0Content: 0.1%  Grain\u00a0Size: 325Mesh  Advantage: Impermeability\" \/>\n<meta property=\"og:url\" content=\"https:\/\/jinsuncarbon.com\/tr\/urun\/grafit-bipolar-plaka\/\" \/>\n<meta property=\"og:site_name\" content=\"Jinsun Carbon\" \/>\n<meta property=\"article:publisher\" content=\"https:\/\/www.facebook.com\/Graphite-Electrode-109336238661595\" \/>\n<meta property=\"article:modified_time\" content=\"2024-12-30T00:23:03+00:00\" \/>\n<meta property=\"og:image\" content=\"https:\/\/jinsuncarbon.com\/wp-content\/uploads\/2024\/12\/Graphite-Bipolar-Plate.jpg\" \/>\n\t<meta property=\"og:image:width\" content=\"1024\" \/>\n\t<meta property=\"og:image:height\" content=\"763\" \/>\n\t<meta property=\"og:image:type\" content=\"image\/jpeg\" \/>\n<meta name=\"twitter:card\" content=\"summary_large_image\" \/>\n<meta name=\"twitter:site\" content=\"@jinsuncarbon_\" \/>\n<meta name=\"twitter:label1\" content=\"Tahmini okuma s\u00fcresi\" \/>\n\t<meta name=\"twitter:data1\" content=\"3 dakika\" \/>\n<script type=\"application\/ld+json\" class=\"yoast-schema-graph\">{\"@context\":\"https:\/\/schema.org\",\"@graph\":[{\"@type\":\"WebPage\",\"@id\":\"https:\/\/jinsuncarbon.com\/product\/graphite-bipolar-plate\/\",\"url\":\"https:\/\/jinsuncarbon.com\/product\/graphite-bipolar-plate\/\",\"name\":\"Graphite Bipolar Plate for Fuel Cell | Jinsun Carbon\",\"isPartOf\":{\"@id\":\"https:\/\/jinsuncarbon.com\/#website\"},\"primaryImageOfPage\":{\"@id\":\"https:\/\/jinsuncarbon.com\/product\/graphite-bipolar-plate\/#primaryimage\"},\"image\":{\"@id\":\"https:\/\/jinsuncarbon.com\/product\/graphite-bipolar-plate\/#primaryimage\"},\"thumbnailUrl\":\"https:\/\/jinsuncarbon.com\/wp-content\/uploads\/2024\/12\/Graphite-Bipolar-Plate.jpg\",\"datePublished\":\"2024-12-04T13:34:00+00:00\",\"dateModified\":\"2024-12-30T00:23:03+00:00\",\"breadcrumb\":{\"@id\":\"https:\/\/jinsuncarbon.com\/product\/graphite-bipolar-plate\/#breadcrumb\"},\"inLanguage\":\"tr\",\"potentialAction\":[{\"@type\":\"ReadAction\",\"target\":[\"https:\/\/jinsuncarbon.com\/product\/graphite-bipolar-plate\/\"]}]},{\"@type\":\"ImageObject\",\"inLanguage\":\"tr\",\"@id\":\"https:\/\/jinsuncarbon.com\/product\/graphite-bipolar-plate\/#primaryimage\",\"url\":\"https:\/\/jinsuncarbon.com\/wp-content\/uploads\/2024\/12\/Graphite-Bipolar-Plate.jpg\",\"contentUrl\":\"https:\/\/jinsuncarbon.com\/wp-content\/uploads\/2024\/12\/Graphite-Bipolar-Plate.jpg\",\"width\":1024,\"height\":763,\"caption\":\"Graphite Bipolar Plate\"},{\"@type\":\"BreadcrumbList\",\"@id\":\"https:\/\/jinsuncarbon.com\/product\/graphite-bipolar-plate\/#breadcrumb\",\"itemListElement\":[{\"@type\":\"ListItem\",\"position\":1,\"name\":\"Home\",\"item\":\"https:\/\/jinsuncarbon.com\/\"},{\"@type\":\"ListItem\",\"position\":2,\"name\":\"Products\",\"item\":\"https:\/\/jinsuncarbon.com\/graphite-carbon\/\"},{\"@type\":\"ListItem\",\"position\":3,\"name\":\"Graphite Bipolar Plate\"}]},{\"@type\":\"WebSite\",\"@id\":\"https:\/\/jinsuncarbon.com\/#website\",\"url\":\"https:\/\/jinsuncarbon.com\/\",\"name\":\"Jinsun Carbon\",\"description\":\"We are the successful graphite electrode manufacturer in China\",\"publisher\":{\"@id\":\"https:\/\/jinsuncarbon.com\/#organization\"},\"potentialAction\":[{\"@type\":\"SearchAction\",\"target\":{\"@type\":\"EntryPoint\",\"urlTemplate\":\"https:\/\/jinsuncarbon.com\/?s={search_term_string}\"},\"query-input\":{\"@type\":\"PropertyValueSpecification\",\"valueRequired\":true,\"valueName\":\"search_term_string\"}}],\"inLanguage\":\"tr\"},{\"@type\":\"Organization\",\"@id\":\"https:\/\/jinsuncarbon.com\/#organization\",\"name\":\"Jinsun Carbon\",\"alternateName\":\"Jinsun Carbon\",\"url\":\"https:\/\/jinsuncarbon.com\/\",\"logo\":{\"@type\":\"ImageObject\",\"inLanguage\":\"tr\",\"@id\":\"https:\/\/jinsuncarbon.com\/#\/schema\/logo\/image\/\",\"url\":\"https:\/\/jinsuncarbon.com\/wp-content\/uploads\/2022\/12\/LOGO-1.png\",\"contentUrl\":\"https:\/\/jinsuncarbon.com\/wp-content\/uploads\/2022\/12\/LOGO-1.png\",\"width\":207,\"height\":80,\"caption\":\"Jinsun Carbon\"},\"image\":{\"@id\":\"https:\/\/jinsuncarbon.com\/#\/schema\/logo\/image\/\"},\"sameAs\":[\"https:\/\/www.facebook.com\/Graphite-Electrode-109336238661595\",\"https:\/\/x.com\/jinsuncarbon_\",\"https:\/\/www.linkedin.com\/in\/jinsungraphite\",\"https:\/\/www.youtube.com\/channel\/UCysDNyvyR5-3cCWEmpkVC0g\"]}]}<\/script>\n<!-- \/ Yoast SEO Premium plugin. -->","yoast_head_json":{"title":"Yak\u0131t Pili i\u00e7in Grafit Bipolar Plaka | Jinsun Carbon","robots":{"index":"index","follow":"follow","max-snippet":"max-snippet:-1","max-image-preview":"max-image-preview:large","max-video-preview":"max-video-preview:-1"},"canonical":"https:\/\/jinsuncarbon.com\/tr\/urun\/grafit-bipolar-plaka\/","og_locale":"tr_TR","og_type":"article","og_title":"Graphite Bipolar Plate","og_description":"Graphite bipolar plates are made of graphite or graphite composite material. They are the core of fuel cells, capable of separating oxidants and reducing agents to conduct current.\u00a0They are also very efficient and durable materials. Here are specifications:    Density:1.85-2.5g\/cm3  Compressive strength: 80-120MPa  Blend\u00a0strength: 45-60 MPa  Specific\u00a0Resistance:11-13\u03bc\u03a9m  Ash\u00a0Content: 0.1%  Grain\u00a0Size: 325Mesh  Advantage: Impermeability","og_url":"https:\/\/jinsuncarbon.com\/tr\/urun\/grafit-bipolar-plaka\/","og_site_name":"Jinsun Carbon","article_publisher":"https:\/\/www.facebook.com\/Graphite-Electrode-109336238661595","article_modified_time":"2024-12-30T00:23:03+00:00","og_image":[{"width":1024,"height":763,"url":"https:\/\/jinsuncarbon.com\/wp-content\/uploads\/2024\/12\/Graphite-Bipolar-Plate.jpg","type":"image\/jpeg"}],"twitter_card":"summary_large_image","twitter_site":"@jinsuncarbon_","twitter_misc":{"Tahmini okuma s\u00fcresi":"3 dakika"},"schema":{"@context":"https:\/\/schema.org","@graph":[{"@type":"WebPage","@id":"https:\/\/jinsuncarbon.com\/product\/graphite-bipolar-plate\/","url":"https:\/\/jinsuncarbon.com\/product\/graphite-bipolar-plate\/","name":"Yak\u0131t Pili i\u00e7in Grafit Bipolar Plaka | Jinsun Carbon","isPartOf":{"@id":"https:\/\/jinsuncarbon.com\/#website"},"primaryImageOfPage":{"@id":"https:\/\/jinsuncarbon.com\/product\/graphite-bipolar-plate\/#primaryimage"},"image":{"@id":"https:\/\/jinsuncarbon.com\/product\/graphite-bipolar-plate\/#primaryimage"},"thumbnailUrl":"https:\/\/jinsuncarbon.com\/wp-content\/uploads\/2024\/12\/Graphite-Bipolar-Plate.jpg","datePublished":"2024-12-04T13:34:00+00:00","dateModified":"2024-12-30T00:23:03+00:00","breadcrumb":{"@id":"https:\/\/jinsuncarbon.com\/product\/graphite-bipolar-plate\/#breadcrumb"},"inLanguage":"tr","potentialAction":[{"@type":"ReadAction","target":["https:\/\/jinsuncarbon.com\/product\/graphite-bipolar-plate\/"]}]},{"@type":"ImageObject","inLanguage":"tr","@id":"https:\/\/jinsuncarbon.com\/product\/graphite-bipolar-plate\/#primaryimage","url":"https:\/\/jinsuncarbon.com\/wp-content\/uploads\/2024\/12\/Graphite-Bipolar-Plate.jpg","contentUrl":"https:\/\/jinsuncarbon.com\/wp-content\/uploads\/2024\/12\/Graphite-Bipolar-Plate.jpg","width":1024,"height":763,"caption":"Graphite Bipolar Plate"},{"@type":"BreadcrumbList","@id":"https:\/\/jinsuncarbon.com\/product\/graphite-bipolar-plate\/#breadcrumb","itemListElement":[{"@type":"ListItem","position":1,"name":"Home","item":"https:\/\/jinsuncarbon.com\/"},{"@type":"ListItem","position":2,"name":"Products","item":"https:\/\/jinsuncarbon.com\/graphite-carbon\/"},{"@type":"ListItem","position":3,"name":"Graphite Bipolar Plate"}]},{"@type":"WebSite","@id":"https:\/\/jinsuncarbon.com\/#website","url":"https:\/\/jinsuncarbon.com\/","name":"Jinsun Karbon","description":"\u00c7in'deki ba\u015far\u0131l\u0131 grafit elektrot \u00fcreticisiyiz","publisher":{"@id":"https:\/\/jinsuncarbon.com\/#organization"},"potentialAction":[{"@type":"SearchAction","target":{"@type":"EntryPoint","urlTemplate":"https:\/\/jinsuncarbon.com\/?s={search_term_string}"},"query-input":{"@type":"PropertyValueSpecification","valueRequired":true,"valueName":"search_term_string"}}],"inLanguage":"tr"},{"@type":"Organization","@id":"https:\/\/jinsuncarbon.com\/#organization","name":"Jinsun Karbon","alternateName":"Jinsun Carbon","url":"https:\/\/jinsuncarbon.com\/","logo":{"@type":"ImageObject","inLanguage":"tr","@id":"https:\/\/jinsuncarbon.com\/#\/schema\/logo\/image\/","url":"https:\/\/jinsuncarbon.com\/wp-content\/uploads\/2022\/12\/LOGO-1.png","contentUrl":"https:\/\/jinsuncarbon.com\/wp-content\/uploads\/2022\/12\/LOGO-1.png","width":207,"height":80,"caption":"Jinsun Carbon"},"image":{"@id":"https:\/\/jinsuncarbon.com\/#\/schema\/logo\/image\/"},"sameAs":["https:\/\/www.facebook.com\/Graphite-Electrode-109336238661595","https:\/\/x.com\/jinsuncarbon_","https:\/\/www.linkedin.com\/in\/jinsungraphite","https:\/\/www.youtube.com\/channel\/UCysDNyvyR5-3cCWEmpkVC0g"]}]}},"_links":{"self":[{"href":"https:\/\/jinsuncarbon.com\/tr\/wp-json\/wp\/v2\/product\/6924","targetHints":{"allow":["GET"]}}],"collection":[{"href":"https:\/\/jinsuncarbon.com\/tr\/wp-json\/wp\/v2\/product"}],"about":[{"href":"https:\/\/jinsuncarbon.com\/tr\/wp-json\/wp\/v2\/types\/product"}],"wp:featuredmedia":[{"embeddable":true,"href":"https:\/\/jinsuncarbon.com\/tr\/wp-json\/wp\/v2\/media\/6927"}],"wp:attachment":[{"href":"https:\/\/jinsuncarbon.com\/tr\/wp-json\/wp\/v2\/media?parent=6924"}],"wp:term":[{"taxonomy":"product_brand","embeddable":true,"href":"https:\/\/jinsuncarbon.com\/tr\/wp-json\/wp\/v2\/product_brand?post=6924"},{"taxonomy":"product_cat","embeddable":true,"href":"https:\/\/jinsuncarbon.com\/tr\/wp-json\/wp\/v2\/product_cat?post=6924"},{"taxonomy":"product_tag","embeddable":true,"href":"https:\/\/jinsuncarbon.com\/tr\/wp-json\/wp\/v2\/product_tag?post=6924"}],"curies":[{"name":"wp","href":"https:\/\/api.w.org\/{rel}","templated":true}]}}