{"id":6920,"date":"2024-12-03T14:47:39","date_gmt":"2024-12-03T14:47:39","guid":{"rendered":"https:\/\/jinsuncarbon.com\/?post_type=product&#038;p=6920"},"modified":"2025-01-02T10:00:10","modified_gmt":"2025-01-02T10:00:10","slug":"karbon-karbon-kompozi%cc%87t","status":"publish","type":"product","link":"https:\/\/jinsuncarbon.com\/tr\/urun\/karbon-karbon-kompozi%cc%87t\/","title":{"rendered":"Karbon-Karbon Kompozit"},"content":{"rendered":"<p>Karbon-karbon kompozit, genellikle g\u00fc\u00e7lendirilmi\u015f karbon-karbon olarak da adland\u0131r\u0131l\u0131r. Bu malzemeler y\u00fcksek s\u0131cakl\u0131klara (oksijensiz ko\u015fullar) dayan\u0131kl\u0131d\u0131r, y\u00fcksek s\u0131cakl\u0131klarda y\u00fcksek mekanik mukavemete sahiptir, hafiftir ve y\u00fcksek \u00f6zg\u00fcl mukavemete sahiptir. \u00d6zellikle, bu malzemeler belirli dalgalar i\u00e7in iyi so\u011furma \u00f6zelliklerine sahiptir. Bu nedenle, karbon-karbon kompozit malzemeler havac\u0131l\u0131k ve askeri end\u00fcstrilerde yayg\u0131n olarak kullan\u0131lmaktad\u0131r.<\/p>\n<h2>Karbon-Karbon Kompozitlerin \u00d6zellikleri<\/h2>\n<ul>\n<li>Y\u00fcksek Mukavemet<\/li>\n<\/ul>\n<p><span data-type=\"2\" data-index=\"1\" data-gid=\"0\">Karbon kompozitin yap\u0131s\u0131 inan\u0131lmaz derecede g\u00fc\u00e7l\u00fcd\u00fcr ve karbon fiberlerden olu\u015fur.<\/span>\u00a0CCC'ler sadece oda s\u0131cakl\u0131\u011f\u0131nda de\u011fil, ayn\u0131 zamanda y\u00fcksek s\u0131cakl\u0131klarda da ola\u011fan\u00fcst\u00fc mukavemet sergilerler, bu da onlar\u0131 zorlu alanlarda uygulama i\u00e7in uygun bir aday haline getirir.<\/p>\n<ul>\n<li>Termal Kararl\u0131l\u0131k<\/li>\n<\/ul>\n<p><span data-type=\"2\" data-index=\"3\" data-gid=\"1\">Karbon-karbon kompozitler a\u015f\u0131r\u0131 y\u00fcksek s\u0131cakl\u0131klara dayanabilir ve k\u0131r\u0131lgan hale gelmez.<\/span>\u00a0Bu nedenle, savunma ve otomotiv uygulamalar\u0131 dahil olmak \u00fczere ultra y\u00fcksek \u0131s\u0131 uygulamalar\u0131nda da yayg\u0131n olarak kullan\u0131l\u0131rlar.<\/p>\n<ul>\n<li>Korozyon Direnci<\/li>\n<\/ul>\n<p>Karbon-karbon kompozitler iyi bir korozyon direncine sahiptir. Metaller gibi kimyasallarla veya nemle paslanmaz veya bozulmazlar. Bu da onlar\u0131 geleneksel malzemelerin dayanamayaca\u011f\u0131 a\u015f\u0131r\u0131 ortamlarda kullan\u0131m i\u00e7in ideal hale getirir.<\/p>\n<h2>Karbon-Karbon Kompozit \u00dcretimi<\/h2>\n<p><span data-type=\"2\" data-index=\"5\" data-gid=\"2\">\u0130lk olarak karbon lifleri, karbon-karbon kompozitleri olu\u015fturmak i\u00e7in bir kuma\u015f veya mat halinde dokunur.<\/span>\u00a0Bu nedenle, bu elyaflar genellikle kimyasal buhar infiltrasyonu (CVI) ad\u0131 verilen bir i\u015flem yard\u0131m\u0131yla bir karbon matris ile emprenye edilir. Elyaflar bir matris taraf\u0131ndan bir arada tutulur ve b\u00f6ylece kat\u0131 bir yap\u0131 olu\u015fturulur. Bu kompozit daha sonra aeropropulsiyon \u00f6zelliklerini geli\u015ftirmek i\u00e7in y\u00fcksek s\u0131cakl\u0131klara \u0131s\u0131t\u0131l\u0131r.<\/p>\n<p>B\u00fcy\u00fck \u00f6l\u00e7\u00fcde \u00f6zelle\u015ftirmeye olanak tan\u0131yan bir \u00fcretim s\u00fcrecidir; son \u00fcr\u00fcn belirli uygulamalar i\u00e7in optimize edilebilir. Bu da son derece y\u00fcksek mukavemete ve d\u00fc\u015f\u00fck a\u011f\u0131rl\u0131\u011fa sahip bir malzeme ile m\u00fckemmel bir termal imza elde edilmesini sa\u011flar.<\/p>\n<h2>Karbon-Karbon Kompozit T\u00fcrleri<\/h2>\n<h3>Elyaf Takviyeli Karbon Kompozitler<\/h3>\n<p>\u00dcretti\u011fimiz en yayg\u0131n t\u00fcr karbon elyaf takviyeli kompozitlerdir. Karbon elyaf\u0131n i\u00e7inde karbon elyaftan olu\u015fan bir yap\u0131ya sahiptirler. <a href=\"https:\/\/jinsuncarbon.com\/tr\/karbonun-kullanim-alanlari\/\">karbon<\/a>-bazl\u0131 matris. Elyaflar mukavemet ve sertli\u011fe katk\u0131da bulunurken, matris stabilite ve dayan\u0131kl\u0131l\u0131k kazand\u0131r\u0131r. Bu kombinasyonun sonucu, elyaf takviyeli kompozitlerin tendon ve y\u00fcksek performansl\u0131 uygulamalar i\u00e7in \u00e7ok uygun olmas\u0131d\u0131r.<\/p>\n<h3>Seramik Matrisli Karbon-Karbon Kompozitler<\/h3>\n<p>Baz\u0131 karbon-karbon kompozitler seramik bir matris ile g\u00fc\u00e7lendirilmi\u015ftir. Seramik, a\u015f\u0131nmaya ve termal \u015foka kar\u015f\u0131 diren\u00e7 kazand\u0131r\u0131r. Bu, bu kompozitleri daha da kararl\u0131 ve \u0131s\u0131ya dayan\u0131kl\u0131 hale getirir, roket nozullar\u0131 veya fren diskleri gibi a\u015f\u0131r\u0131 ortamlarda kullan\u0131m i\u00e7in m\u00fckemmeldir.<\/p>\n<h2>Karbon-Karbon Kompozit Uygulamalar\u0131<\/h2>\n<ul>\n<li>Havac\u0131l\u0131k ve Uzay End\u00fcstrisi<\/li>\n<\/ul>\n<p>Bunlar havac\u0131l\u0131kta karbon-karbon kompozitler olarak yayg\u0131n \u015fekilde kullan\u0131lmaktad\u0131r. A\u015f\u0131r\u0131 s\u0131cakl\u0131klara dayan\u0131rlar ve d\u00fc\u015f\u00fck a\u011f\u0131rl\u0131kta \u00f6nemli \u00f6l\u00e7\u00fcde g\u00fc\u00e7 sa\u011flarlar, bu da onlar\u0131 jet motoru bile\u015fenlerinde, fren sistemlerinde ve \u0131s\u0131 kalkanlar\u0131nda kullan\u0131m i\u00e7in ideal hale getirir.<\/p>\n<p>Fren balatas\u0131 olarak kullan\u0131lan karbon-karbon kompozit malzeme hafiftir, d\u00fc\u015f\u00fck s\u00fcrt\u00fcnme katsay\u0131s\u0131na sahiptir ve y\u00fcksek s\u0131cakl\u0131klarda y\u00fcksek frenleme kabiliyetine sahiptir.<\/p>\n<p>U\u00e7aklar i\u00e7in yap\u0131sal malzemeler olarak g\u00fc\u00e7l\u00fc ve korozyona dayan\u0131kl\u0131d\u0131rlar ve g\u00f6vde uzun s\u00fcreli \u00e7al\u0131\u015fma alt\u0131nda deforme olmaz veya korozyona u\u011framaz.<\/p>\n<ul>\n<li>Fotovoltaik<\/li>\n<\/ul>\n<p>Karbon-karbon kompozit malzemeler, silikon malzemeleri eritmek i\u00e7in kullan\u0131labilir <a href=\"https:\/\/en.wikipedia.org\/wiki\/Vacuum_furnace\" target=\"_blank\" rel=\"noopener\">vakum f\u0131r\u0131nlar\u0131<\/a> y\u00fcksek kaliteli tek kristaller yeti\u015ftirmek i\u00e7in. CZ tek kristal prosesi i\u00e7in y\u00fcksek kaliteli bir termal alan sa\u011flayarak tek kristalin yap\u0131sal b\u00fct\u00fcnl\u00fc\u011f\u00fcn\u00fc temin eder. <a href=\"https:\/\/www.britannica.com\/science\/single-crystal\" target=\"_blank\" rel=\"noopener\">tek kristal<\/a>.<\/p>\n<ul>\n<li>Askeri Uygulamalar<\/li>\n<\/ul>\n<p>Ordudaki kullan\u0131m\u0131na dayanarak, karbon-karbon kompozitler f\u00fcze bile\u015fenleri, z\u0131rh delici mermiler ve \u0131s\u0131 kalkanlar\u0131 gibi \u00e7ok say\u0131da uygulamada kullan\u0131lmaktad\u0131r. Savunma teknolojileri bile a\u015f\u0131r\u0131 s\u0131cakl\u0131k ve bas\u0131n\u00e7 ko\u015fullar\u0131nda \u00e7al\u0131\u015fabilen sens\u00f6rlere ihtiya\u00e7 duymaktad\u0131r.<\/p>\n<p>&nbsp;<\/p>","protected":false},"excerpt":{"rendered":"<p>Karbon-karbon kompozit malzemeler, karbon fiber ve karbon bazl\u0131 matristen yap\u0131lan ve y\u00fcksek s\u0131cakl\u0131kta \u0131s\u0131l i\u015fleme tabi tutulan m\u00fckemmel performansa sahip yeni bir malzeme t\u00fcr\u00fcd\u00fcr. Bu malzemeler y\u00fcksek mukavemet, b\u00fcy\u00fck mod\u00fcl, y\u00fcksek s\u0131cakl\u0131k direnci ve korozyon direnci \u00f6zelliklerine sahiptir. Bu nedenle, havac\u0131l\u0131k, otomobil \u00fcretimi, gemi yap\u0131m\u0131, kimyasal ekipman ve di\u011fer alanlarda yayg\u0131n olarak kullan\u0131lmaktad\u0131rlar.<\/p>","protected":false},"featured_media":6922,"template":"","meta":[],"product_brand":[],"product_cat":[39],"product_tag":[],"class_list":{"0":"post-6920","1":"product","2":"type-product","3":"status-publish","4":"has-post-thumbnail","6":"product_cat-carbon-products","8":"first","9":"instock","10":"shipping-taxable","11":"product-type-simple"},"yoast_head":"<!-- This site is optimized with the Yoast SEO Premium plugin v19.2.1 (Yoast SEO v25.3) - https:\/\/yoast.com\/wordpress\/plugins\/seo\/ -->\n<title>Carbon Composite Manufacturer in China | Jinsun Carbon<\/title>\n<meta name=\"description\" content=\"Carbon-carbon composite (CCCs) consist of a carbon matrix with carbon fibers arranged to achieve the smallest necessary area for the structure.\" \/>\n<meta name=\"robots\" content=\"index, follow, max-snippet:-1, max-image-preview:large, max-video-preview:-1\" \/>\n<link rel=\"canonical\" href=\"https:\/\/jinsuncarbon.com\/tr\/urun\/karbon-karbon-kompozi\u0307t\/\" \/>\n<meta property=\"og:locale\" content=\"tr_TR\" \/>\n<meta property=\"og:type\" content=\"article\" \/>\n<meta property=\"og:title\" content=\"Carbon-Carbon Composite\" \/>\n<meta property=\"og:description\" content=\"Carbon-carbon composite (CCCs) consist of a carbon matrix with carbon fibers arranged to achieve the smallest necessary area for the structure.\" \/>\n<meta property=\"og:url\" content=\"https:\/\/jinsuncarbon.com\/tr\/urun\/karbon-karbon-kompozi\u0307t\/\" \/>\n<meta property=\"og:site_name\" content=\"Jinsun Carbon\" \/>\n<meta property=\"article:publisher\" content=\"https:\/\/www.facebook.com\/Graphite-Electrode-109336238661595\" \/>\n<meta property=\"article:modified_time\" content=\"2025-01-02T10:00:10+00:00\" \/>\n<meta property=\"og:image\" content=\"https:\/\/jinsuncarbon.com\/wp-content\/uploads\/2024\/12\/Carbon-Carbon-Composite.jpg\" \/>\n\t<meta property=\"og:image:width\" content=\"1024\" \/>\n\t<meta property=\"og:image:height\" content=\"763\" \/>\n\t<meta property=\"og:image:type\" content=\"image\/jpeg\" \/>\n<meta name=\"twitter:card\" content=\"summary_large_image\" \/>\n<meta name=\"twitter:site\" content=\"@jinsuncarbon_\" \/>\n<meta name=\"twitter:label1\" content=\"Tahmini okuma s\u00fcresi\" \/>\n\t<meta name=\"twitter:data1\" content=\"3 dakika\" \/>\n<script type=\"application\/ld+json\" class=\"yoast-schema-graph\">{\"@context\":\"https:\/\/schema.org\",\"@graph\":[{\"@type\":\"WebPage\",\"@id\":\"https:\/\/jinsuncarbon.com\/product\/carbon-carbon-composite\/\",\"url\":\"https:\/\/jinsuncarbon.com\/product\/carbon-carbon-composite\/\",\"name\":\"Carbon Composite Manufacturer in China | Jinsun Carbon\",\"isPartOf\":{\"@id\":\"https:\/\/jinsuncarbon.com\/#website\"},\"primaryImageOfPage\":{\"@id\":\"https:\/\/jinsuncarbon.com\/product\/carbon-carbon-composite\/#primaryimage\"},\"image\":{\"@id\":\"https:\/\/jinsuncarbon.com\/product\/carbon-carbon-composite\/#primaryimage\"},\"thumbnailUrl\":\"https:\/\/jinsuncarbon.com\/wp-content\/uploads\/2024\/12\/Carbon-Carbon-Composite.jpg\",\"datePublished\":\"2024-12-03T14:47:39+00:00\",\"dateModified\":\"2025-01-02T10:00:10+00:00\",\"description\":\"Carbon-carbon composite (CCCs) consist of a carbon matrix with carbon fibers arranged to achieve the smallest necessary area for the structure.\",\"breadcrumb\":{\"@id\":\"https:\/\/jinsuncarbon.com\/product\/carbon-carbon-composite\/#breadcrumb\"},\"inLanguage\":\"tr\",\"potentialAction\":[{\"@type\":\"ReadAction\",\"target\":[\"https:\/\/jinsuncarbon.com\/product\/carbon-carbon-composite\/\"]}]},{\"@type\":\"ImageObject\",\"inLanguage\":\"tr\",\"@id\":\"https:\/\/jinsuncarbon.com\/product\/carbon-carbon-composite\/#primaryimage\",\"url\":\"https:\/\/jinsuncarbon.com\/wp-content\/uploads\/2024\/12\/Carbon-Carbon-Composite.jpg\",\"contentUrl\":\"https:\/\/jinsuncarbon.com\/wp-content\/uploads\/2024\/12\/Carbon-Carbon-Composite.jpg\",\"width\":1024,\"height\":763,\"caption\":\"Carbon-Carbon Composite\"},{\"@type\":\"BreadcrumbList\",\"@id\":\"https:\/\/jinsuncarbon.com\/product\/carbon-carbon-composite\/#breadcrumb\",\"itemListElement\":[{\"@type\":\"ListItem\",\"position\":1,\"name\":\"Home\",\"item\":\"https:\/\/jinsuncarbon.com\/\"},{\"@type\":\"ListItem\",\"position\":2,\"name\":\"Products\",\"item\":\"https:\/\/jinsuncarbon.com\/graphite-carbon\/\"},{\"@type\":\"ListItem\",\"position\":3,\"name\":\"Carbon-Carbon Composite\"}]},{\"@type\":\"WebSite\",\"@id\":\"https:\/\/jinsuncarbon.com\/#website\",\"url\":\"https:\/\/jinsuncarbon.com\/\",\"name\":\"Jinsun Carbon\",\"description\":\"We are the successful graphite electrode manufacturer in China\",\"publisher\":{\"@id\":\"https:\/\/jinsuncarbon.com\/#organization\"},\"potentialAction\":[{\"@type\":\"SearchAction\",\"target\":{\"@type\":\"EntryPoint\",\"urlTemplate\":\"https:\/\/jinsuncarbon.com\/?s={search_term_string}\"},\"query-input\":{\"@type\":\"PropertyValueSpecification\",\"valueRequired\":true,\"valueName\":\"search_term_string\"}}],\"inLanguage\":\"tr\"},{\"@type\":\"Organization\",\"@id\":\"https:\/\/jinsuncarbon.com\/#organization\",\"name\":\"Jinsun Carbon\",\"alternateName\":\"Jinsun Carbon\",\"url\":\"https:\/\/jinsuncarbon.com\/\",\"logo\":{\"@type\":\"ImageObject\",\"inLanguage\":\"tr\",\"@id\":\"https:\/\/jinsuncarbon.com\/#\/schema\/logo\/image\/\",\"url\":\"https:\/\/jinsuncarbon.com\/wp-content\/uploads\/2022\/12\/LOGO-1.png\",\"contentUrl\":\"https:\/\/jinsuncarbon.com\/wp-content\/uploads\/2022\/12\/LOGO-1.png\",\"width\":207,\"height\":80,\"caption\":\"Jinsun Carbon\"},\"image\":{\"@id\":\"https:\/\/jinsuncarbon.com\/#\/schema\/logo\/image\/\"},\"sameAs\":[\"https:\/\/www.facebook.com\/Graphite-Electrode-109336238661595\",\"https:\/\/x.com\/jinsuncarbon_\",\"https:\/\/www.linkedin.com\/in\/jinsungraphite\",\"https:\/\/www.youtube.com\/channel\/UCysDNyvyR5-3cCWEmpkVC0g\"]}]}<\/script>\n<!-- \/ Yoast SEO Premium plugin. -->","yoast_head_json":{"title":"\u00c7in'de Karbon Kompozit \u00dcreticisi | Jinsun Carbon","description":"Karbon-karbon kompozitler (CCC'ler), yap\u0131 i\u00e7in gerekli en k\u00fc\u00e7\u00fck alan\u0131 elde etmek \u00fczere d\u00fczenlenmi\u015f karbon elyafl\u0131 bir karbon matrisinden olu\u015fur.","robots":{"index":"index","follow":"follow","max-snippet":"max-snippet:-1","max-image-preview":"max-image-preview:large","max-video-preview":"max-video-preview:-1"},"canonical":"https:\/\/jinsuncarbon.com\/tr\/urun\/karbon-karbon-kompozi\u0307t\/","og_locale":"tr_TR","og_type":"article","og_title":"Carbon-Carbon Composite","og_description":"Carbon-carbon composite (CCCs) consist of a carbon matrix with carbon fibers arranged to achieve the smallest necessary area for the structure.","og_url":"https:\/\/jinsuncarbon.com\/tr\/urun\/karbon-karbon-kompozi\u0307t\/","og_site_name":"Jinsun Carbon","article_publisher":"https:\/\/www.facebook.com\/Graphite-Electrode-109336238661595","article_modified_time":"2025-01-02T10:00:10+00:00","og_image":[{"width":1024,"height":763,"url":"https:\/\/jinsuncarbon.com\/wp-content\/uploads\/2024\/12\/Carbon-Carbon-Composite.jpg","type":"image\/jpeg"}],"twitter_card":"summary_large_image","twitter_site":"@jinsuncarbon_","twitter_misc":{"Tahmini okuma s\u00fcresi":"3 dakika"},"schema":{"@context":"https:\/\/schema.org","@graph":[{"@type":"WebPage","@id":"https:\/\/jinsuncarbon.com\/product\/carbon-carbon-composite\/","url":"https:\/\/jinsuncarbon.com\/product\/carbon-carbon-composite\/","name":"\u00c7in'de Karbon Kompozit \u00dcreticisi | Jinsun Carbon","isPartOf":{"@id":"https:\/\/jinsuncarbon.com\/#website"},"primaryImageOfPage":{"@id":"https:\/\/jinsuncarbon.com\/product\/carbon-carbon-composite\/#primaryimage"},"image":{"@id":"https:\/\/jinsuncarbon.com\/product\/carbon-carbon-composite\/#primaryimage"},"thumbnailUrl":"https:\/\/jinsuncarbon.com\/wp-content\/uploads\/2024\/12\/Carbon-Carbon-Composite.jpg","datePublished":"2024-12-03T14:47:39+00:00","dateModified":"2025-01-02T10:00:10+00:00","description":"Karbon-karbon kompozitler (CCC'ler), yap\u0131 i\u00e7in gerekli en k\u00fc\u00e7\u00fck alan\u0131 elde etmek \u00fczere d\u00fczenlenmi\u015f karbon elyafl\u0131 bir karbon matrisinden olu\u015fur.","breadcrumb":{"@id":"https:\/\/jinsuncarbon.com\/product\/carbon-carbon-composite\/#breadcrumb"},"inLanguage":"tr","potentialAction":[{"@type":"ReadAction","target":["https:\/\/jinsuncarbon.com\/product\/carbon-carbon-composite\/"]}]},{"@type":"ImageObject","inLanguage":"tr","@id":"https:\/\/jinsuncarbon.com\/product\/carbon-carbon-composite\/#primaryimage","url":"https:\/\/jinsuncarbon.com\/wp-content\/uploads\/2024\/12\/Carbon-Carbon-Composite.jpg","contentUrl":"https:\/\/jinsuncarbon.com\/wp-content\/uploads\/2024\/12\/Carbon-Carbon-Composite.jpg","width":1024,"height":763,"caption":"Carbon-Carbon Composite"},{"@type":"BreadcrumbList","@id":"https:\/\/jinsuncarbon.com\/product\/carbon-carbon-composite\/#breadcrumb","itemListElement":[{"@type":"ListItem","position":1,"name":"Home","item":"https:\/\/jinsuncarbon.com\/"},{"@type":"ListItem","position":2,"name":"Products","item":"https:\/\/jinsuncarbon.com\/graphite-carbon\/"},{"@type":"ListItem","position":3,"name":"Carbon-Carbon Composite"}]},{"@type":"WebSite","@id":"https:\/\/jinsuncarbon.com\/#website","url":"https:\/\/jinsuncarbon.com\/","name":"Jinsun Karbon","description":"\u00c7in'deki ba\u015far\u0131l\u0131 grafit elektrot \u00fcreticisiyiz","publisher":{"@id":"https:\/\/jinsuncarbon.com\/#organization"},"potentialAction":[{"@type":"SearchAction","target":{"@type":"EntryPoint","urlTemplate":"https:\/\/jinsuncarbon.com\/?s={search_term_string}"},"query-input":{"@type":"PropertyValueSpecification","valueRequired":true,"valueName":"search_term_string"}}],"inLanguage":"tr"},{"@type":"Organization","@id":"https:\/\/jinsuncarbon.com\/#organization","name":"Jinsun Karbon","alternateName":"Jinsun Carbon","url":"https:\/\/jinsuncarbon.com\/","logo":{"@type":"ImageObject","inLanguage":"tr","@id":"https:\/\/jinsuncarbon.com\/#\/schema\/logo\/image\/","url":"https:\/\/jinsuncarbon.com\/wp-content\/uploads\/2022\/12\/LOGO-1.png","contentUrl":"https:\/\/jinsuncarbon.com\/wp-content\/uploads\/2022\/12\/LOGO-1.png","width":207,"height":80,"caption":"Jinsun Carbon"},"image":{"@id":"https:\/\/jinsuncarbon.com\/#\/schema\/logo\/image\/"},"sameAs":["https:\/\/www.facebook.com\/Graphite-Electrode-109336238661595","https:\/\/x.com\/jinsuncarbon_","https:\/\/www.linkedin.com\/in\/jinsungraphite","https:\/\/www.youtube.com\/channel\/UCysDNyvyR5-3cCWEmpkVC0g"]}]}},"_links":{"self":[{"href":"https:\/\/jinsuncarbon.com\/tr\/wp-json\/wp\/v2\/product\/6920","targetHints":{"allow":["GET"]}}],"collection":[{"href":"https:\/\/jinsuncarbon.com\/tr\/wp-json\/wp\/v2\/product"}],"about":[{"href":"https:\/\/jinsuncarbon.com\/tr\/wp-json\/wp\/v2\/types\/product"}],"wp:featuredmedia":[{"embeddable":true,"href":"https:\/\/jinsuncarbon.com\/tr\/wp-json\/wp\/v2\/media\/6922"}],"wp:attachment":[{"href":"https:\/\/jinsuncarbon.com\/tr\/wp-json\/wp\/v2\/media?parent=6920"}],"wp:term":[{"taxonomy":"product_brand","embeddable":true,"href":"https:\/\/jinsuncarbon.com\/tr\/wp-json\/wp\/v2\/product_brand?post=6920"},{"taxonomy":"product_cat","embeddable":true,"href":"https:\/\/jinsuncarbon.com\/tr\/wp-json\/wp\/v2\/product_cat?post=6920"},{"taxonomy":"product_tag","embeddable":true,"href":"https:\/\/jinsuncarbon.com\/tr\/wp-json\/wp\/v2\/product_tag?post=6920"}],"curies":[{"name":"wp","href":"https:\/\/api.w.org\/{rel}","templated":true}]}}