{"id":6887,"date":"2024-12-01T12:16:05","date_gmt":"2024-12-01T12:16:05","guid":{"rendered":"https:\/\/jinsuncarbon.com\/?post_type=product&#038;p=6887"},"modified":"2024-12-01T12:16:06","modified_gmt":"2024-12-01T12:16:06","slug":"grafit-karsi-elektrot","status":"publish","type":"product","link":"https:\/\/jinsuncarbon.com\/tr\/urun\/grafit-karsi-elektrot\/","title":{"rendered":"Grafit Kar\u015f\u0131 Elektrot"},"content":{"rendered":"<p>Grafit kar\u015f\u0131 elektrodumuz ithal y\u00fcksek safl\u0131kta kullan\u0131larak \u00fcretilmektedir. <a href=\"https:\/\/jinsuncarbon.com\/tr\/grafi%cc%87t-nedi%cc%87r-ve-grafi%cc%87t-neyden-yapilir\/\">grafit<\/a>kullan\u0131m\u0131 kolayd\u0131r. Ayn\u0131 zamanda elektrot, elektrokimyasal deney gereksinimlerinize g\u00f6re tasarlanabilir.<\/p>\n<h2>Grafit Kar\u015f\u0131 Elektrodun Temel \u00d6zellikleri<\/h2>\n<h3>Y\u00fcksek Elektriksel \u0130letkenlik<\/h3>\n<p><span data-type=\"2\" data-index=\"5\" data-gid=\"2\">Grafit m\u00fckemmel bir elektrik iletkenidir ve kar\u015f\u0131 elektrot olarak uygundur.<\/span>\u00a0Elektrokimyasal reaksiyonlar s\u0131ras\u0131nda elektronlar\u0131n elektrot boyunca daha kolay hareket etmesini sa\u011flar. Bu, istikrarl\u0131 performans\u0131n \u015fart oldu\u011fu enerji depolama uygulamalar\u0131na iyi bir \u015fekilde terc\u00fcme edilir.<\/p>\n<h3>Korozyon Direnci<\/h3>\n<p>Grafit korozyona kar\u015f\u0131 \u00e7ok dayan\u0131kl\u0131d\u0131r. Bu \u00f6zellikle kar\u015f\u0131 elektrotun agresif kimyasallar veya zorlu ortamlarla kar\u015f\u0131la\u015fabilece\u011fi bir elektrokimyasal h\u00fccrede \u00f6nemlidir. Korozyona kar\u015f\u0131 direnci uzun \u00f6m\u00fcr sa\u011flar (zaman i\u00e7inde performansta a\u015f\u0131nma olmaz).<\/p>\n<h3>Dayan\u0131kl\u0131l\u0131k ve Stabilite<\/h3>\n<p>Bir di\u011fer avantaj\u0131 ise malzemenin y\u00fcksek s\u0131cakl\u0131klarda ve mekanik y\u00fckte yap\u0131sal sa\u011flaml\u0131\u011f\u0131d\u0131r. Buna kar\u015f\u0131l\u0131k, grafit kar\u015f\u0131 elektrotlar son derece kararl\u0131d\u0131r ve a\u015f\u0131nma veya de\u011fi\u015fiklik olmadan uzun s\u00fcreler boyunca \u00e7al\u0131\u015fabilir. Dayan\u0131kl\u0131l\u0131klar\u0131 onlar\u0131 uzun s\u00fcreli uygulamalar i\u00e7in m\u00fckemmel k\u0131lar.<\/p>\n<h3>Kimyasal \u0130nertlik<\/h3>\n<p>\u00c7o\u011fu elektrokimyasal ortamda grafit kimyasal olarak inerttir ve elektrolit ve sistemdeki di\u011fer bile\u015fenlerle g\u00fcvenli bir \u015fekilde bir arada bulunmas\u0131na izin verir. Bu \u00f6zellik elektrokimyasal reaksiyonlar\u0131n safl\u0131\u011f\u0131n\u0131 korur ve cihaz\u0131n verimlili\u011fini d\u00fc\u015f\u00fcrecek yabanc\u0131 yan reaksiyonlar\u0131 \u00f6nler.<\/p>\n<h3>Maliyet-Etkililik<\/h3>\n<p>Grafit ayr\u0131ca platin veya alt\u0131ndan \u00e7ok daha ucuz bir malzemedir. Ve di\u011fer se\u00e7eneklere g\u00f6re daha ucuz oldu\u011fundan, b\u00fct\u00e7enin \u00f6nemli oldu\u011fu kullan\u0131m durumlar\u0131 i\u00e7in daha uygun maliyetli bir \u00e7\u00f6z\u00fcmd\u00fcr.<\/p>\n<h3>\u00dcretimi ve \u015eekillendirmesi Kolay<\/h3>\n<p>Grafit; kur\u015fun kalem, d\u00fcz plakalar, \u00e7ubuklar veya <a href=\"https:\/\/jinsuncarbon.com\/tr\/urun\/iletken-grafit-tozu\/\">toz<\/a> ve \u015fekillendirilebilirli\u011fe sahiptir. Bu uyarlanabilirlik, \u00e7e\u015fitli elektrokimyasal sistemlere uyarlanabilmesini sa\u011flar. \u00dcretimi basit oldu\u011fu i\u00e7in de \u00fcretim maliyetleri d\u00fc\u015f\u00fck kalmaktad\u0131r.<\/p>\n<h2>Grafit Kar\u015f\u0131 Elektrotlar\u0131n Kullan\u0131m Alanlar\u0131<\/h2>\n<p><strong>Ak\u00fcler<\/strong><\/p>\n<p>Grafit kar\u015f\u0131 elektrotlar, elektrokimyasal reaksiyona kat\u0131ld\u0131klar\u0131 pillerde, \u00f6zellikle lityum-iyon ve sodyum-iyon pillerde \u00e7ok \u00f6nemli bile\u015fenlerdir. Elektron dengesinin korunmas\u0131na yard\u0131mc\u0131 olarak optimum enerji depolama ve sal\u0131n\u0131m\u0131na olanak sa\u011flarlar. Bu zorlu ortamlar, y\u00fcksek s\u0131cakl\u0131klarda iyi performans g\u00f6steren bir malzeme gerektirir ve grafitin iletkenli\u011fi ve kararl\u0131l\u0131\u011f\u0131 burada devreye girer.<\/p>\n<p><strong>Yak\u0131t H\u00fccreleri<\/strong><\/p>\n<p>Yak\u0131t h\u00fccreleri, hidrojen gibi yak\u0131tlardan elektrik \u00fcretmek i\u00e7in elektrokimyasal reaksiyonlar kullan\u0131r. Son olarak, grafit kar\u015f\u0131 elektrot, bir devreyi tamamlamak i\u00e7in elektronlar\u0131n akt\u0131\u011f\u0131 bir yol g\u00f6revi g\u00f6r\u00fcr. \u0130lk nitelik bu durumda \u00f6zellikle \u00f6nemlidir \u00e7\u00fcnk\u00fc yak\u0131t h\u00fccreleri tipik olarak y\u00fcksek s\u0131cakl\u0131k ve y\u00fcksek bas\u0131n\u00e7ta \u00e7al\u0131\u015f\u0131r.<\/p>\n<p><strong>Elektroliz Sistemleri<\/strong><\/p>\n<p>Elektroliz sistemleri grafit kar\u015f\u0131 elektrot kullanarak kimyasallar veya gazlar \u00fcretir. Bu i\u015flemlerde, kar\u015f\u0131 veya yard\u0131mc\u0131 elektrot devreyi kapatmal\u0131 ve elektronlar\u0131 \u00e7al\u0131\u015fma elektrodundan d\u0131\u015f devreye aktarmal\u0131d\u0131r. Bu, elektrokimyasal reaksiyonlar\u0131n verimli bir \u015fekilde s\u00fcrd\u00fcr\u00fclmesini, h\u0131zland\u0131r\u0131lmas\u0131n\u0131 ve iyile\u015ftirilmesini sa\u011flar. Grafit ayr\u0131ca kimyasal olarak inerttir ve bu da elektroliz s\u0131ras\u0131nda yan reaksiyonlar\u0131n \u00f6nlenmesine yard\u0131mc\u0131 olur. Bu da kimyasallar, gazlar ve yan \u00fcr\u00fcnler \u00fcretmek i\u00e7in kullan\u0131lan enerji miktar\u0131n\u0131 azalt\u0131r.<\/p>\n<p>Grafitin y\u00fcksek s\u0131cakl\u0131klarda ve ekstrem ko\u015fullarda dayan\u0131kl\u0131l\u0131\u011f\u0131 ve stabilitesi, a\u015fa\u011f\u0131dakilerin \u00f6mr\u00fcn\u00fc uzat\u0131r <a href=\"https:\/\/www.britannica.com\/science\/electrolysis#:~:text=electrolysis%2C%20process%20by%20which%20electric,electron%20(oxidation%20or%20reduction).\" target=\"_blank\" rel=\"noopener\">elektroliz<\/a> elektrokimyasal i\u015fletmeler i\u00e7in g\u00fcvenilir bir se\u00e7enek haline getirmektedir. Elektroliz verimlili\u011fini art\u0131rmak i\u00e7in (\u00f6rne\u011fin, reaksiyon \u00e7\u00f6zeltilerindeki elektron-delik \u00e7ifti olu\u015fum say\u0131s\u0131n\u0131 en aza indirerek), elektron ak\u0131\u015f\u0131n\u0131 s\u00fcrd\u00fcrmek i\u00e7in yard\u0131mc\u0131 elektrotlar (yani grafit kar\u015f\u0131 elektrotlar) eklenir. Buna ek olarak, grafit kar\u015f\u0131 elektrot da a\u015fa\u011f\u0131dakilerde kullan\u0131labilir <a href=\"https:\/\/en.wikipedia.org\/wiki\/Electroplating\" target=\"_blank\" rel=\"noopener\">elektrokaplama<\/a> s\u00fcre\u00e7.<\/p>\n<p><strong>Elektrokimyasal Sens\u00f6rler<\/strong><\/p>\n<p>Grafit ECS, sens\u00f6rlerin (\u00f6rne\u011fin glikoz veya \u00e7evresel sens\u00f6rler) imalat\u0131 da dahil olmak \u00fczere \u00e7e\u015fitli uygulamalara sahiptir. Aksine, bu uygulamalarda kar\u015f\u0131 elektrot, ak\u0131m de\u011fi\u015fimleri yoluyla belirli kay\u0131tl\u0131 t\u00fcrleri tan\u0131mlamak i\u00e7in \u00e7al\u0131\u015fma elektrodu ile etkile\u015fime girer. Sens\u00f6r cihaz\u0131m\u0131z\u0131n seri \u00fcretimi i\u00e7in \u00e7ok uygun olan kararl\u0131 ve uygun maliyetli bir malzemedir.<\/p>\n<p>&nbsp;<\/p>","protected":false},"excerpt":{"rendered":"<p><span class=\"\" data-type=\"2\" data-index=\"1\" data-gid=\"0\">Grafit kar\u015f\u0131 elektrot, m\u00fckemmel iletkenli\u011fe sahip grafit malzemeden yap\u0131l\u0131r ve elektrokimyasal deneylerde yard\u0131mc\u0131 elektrot olarak kullan\u0131l\u0131r.<\/span>\u00a0\u00c7al\u0131\u015fma elektrodunun devrenin stabilitesini korumas\u0131na yard\u0131mc\u0131 olur ve elektrolit \u00e7\u00f6zeltisinin g\u00fc\u00e7 a\u00e7ma i\u015flemi s\u0131ras\u0131nda kimyasal reaksiyona \u00f6nemli \u00f6l\u00e7\u00fcde m\u00fcdahale etmemesini sa\u011flar \u00c7al\u0131\u015fma elektrodu ve kar\u015f\u0131 elektrot elektrik devresini kapat\u0131r.\u00a0<span data-type=\"2\" data-index=\"3\" data-gid=\"1\">Grafit kar\u015f\u0131 elektrot elektronlar\u0131 y\u00f6nlendirerek cihaz\u0131n \u00e7al\u0131\u015fmas\u0131n\u0131 sa\u011flar.<\/span>\u00a0H\u00fccre kimyas\u0131n\u0131 bozmadan veya reaksiyona sokmadan elektrokimyasal proseslerdeki y\u00fcksek ak\u0131mlara ve voltajlara dayan\u0131r.<\/p>","protected":false},"featured_media":6888,"template":"","meta":[],"product_brand":[],"product_cat":[38],"product_tag":[],"class_list":{"0":"post-6887","1":"product","2":"type-product","3":"status-publish","4":"has-post-thumbnail","6":"product_cat-graphite-products","8":"first","9":"instock","10":"shipping-taxable","11":"product-type-simple"},"yoast_head":"<!-- This site is optimized with the Yoast SEO Premium plugin v19.2.1 (Yoast SEO v25.3) - https:\/\/yoast.com\/wordpress\/plugins\/seo\/ -->\n<title>Graphite Counter Electrode Manufacturer | Jinsun Carbon<\/title>\n<meta name=\"robots\" content=\"index, follow, max-snippet:-1, max-image-preview:large, max-video-preview:-1\" \/>\n<link rel=\"canonical\" href=\"https:\/\/jinsuncarbon.com\/tr\/urun\/grafit-karsi-elektrot\/\" \/>\n<meta property=\"og:locale\" content=\"tr_TR\" \/>\n<meta property=\"og:type\" content=\"article\" \/>\n<meta property=\"og:title\" content=\"Graphite Counter Electrode\" \/>\n<meta property=\"og:description\" content=\"A graphite counter electrode is made of graphite material with excellent conductivity and is used as an auxiliary electrode in electrochemical experiments.\u00a0It helps the working electrode maintain the stability of the circuit and ensures that the electrolyte solution does not significantly interfere with the chemical reaction during the power-on process.The working electrode and counter electrode close the electric circuit.\u00a0The graphite counter electrode guides the electrons, ensuring that the gadget works.\u00a0It withstands high currents and voltages in electrochemical processes without degrading or reacting with cell chemistry.\" \/>\n<meta property=\"og:url\" content=\"https:\/\/jinsuncarbon.com\/tr\/urun\/grafit-karsi-elektrot\/\" \/>\n<meta property=\"og:site_name\" content=\"Jinsun Carbon\" \/>\n<meta property=\"article:publisher\" content=\"https:\/\/www.facebook.com\/Graphite-Electrode-109336238661595\" \/>\n<meta property=\"article:modified_time\" content=\"2024-12-01T12:16:06+00:00\" \/>\n<meta property=\"og:image\" content=\"https:\/\/jinsuncarbon.com\/wp-content\/uploads\/2024\/12\/Graphite-Counter-Electrode.jpg\" \/>\n\t<meta property=\"og:image:width\" content=\"1024\" \/>\n\t<meta property=\"og:image:height\" content=\"763\" \/>\n\t<meta property=\"og:image:type\" content=\"image\/jpeg\" \/>\n<meta name=\"twitter:card\" content=\"summary_large_image\" \/>\n<meta name=\"twitter:site\" content=\"@jinsuncarbon_\" \/>\n<meta name=\"twitter:label1\" content=\"Tahmini okuma s\u00fcresi\" \/>\n\t<meta name=\"twitter:data1\" content=\"3 dakika\" \/>\n<script type=\"application\/ld+json\" class=\"yoast-schema-graph\">{\"@context\":\"https:\/\/schema.org\",\"@graph\":[{\"@type\":\"WebPage\",\"@id\":\"https:\/\/jinsuncarbon.com\/product\/graphite-counter-electrode\/\",\"url\":\"https:\/\/jinsuncarbon.com\/product\/graphite-counter-electrode\/\",\"name\":\"Graphite Counter Electrode Manufacturer | Jinsun Carbon\",\"isPartOf\":{\"@id\":\"https:\/\/jinsuncarbon.com\/#website\"},\"primaryImageOfPage\":{\"@id\":\"https:\/\/jinsuncarbon.com\/product\/graphite-counter-electrode\/#primaryimage\"},\"image\":{\"@id\":\"https:\/\/jinsuncarbon.com\/product\/graphite-counter-electrode\/#primaryimage\"},\"thumbnailUrl\":\"https:\/\/jinsuncarbon.com\/wp-content\/uploads\/2024\/12\/Graphite-Counter-Electrode.jpg\",\"datePublished\":\"2024-12-01T12:16:05+00:00\",\"dateModified\":\"2024-12-01T12:16:06+00:00\",\"breadcrumb\":{\"@id\":\"https:\/\/jinsuncarbon.com\/product\/graphite-counter-electrode\/#breadcrumb\"},\"inLanguage\":\"tr\",\"potentialAction\":[{\"@type\":\"ReadAction\",\"target\":[\"https:\/\/jinsuncarbon.com\/product\/graphite-counter-electrode\/\"]}]},{\"@type\":\"ImageObject\",\"inLanguage\":\"tr\",\"@id\":\"https:\/\/jinsuncarbon.com\/product\/graphite-counter-electrode\/#primaryimage\",\"url\":\"https:\/\/jinsuncarbon.com\/wp-content\/uploads\/2024\/12\/Graphite-Counter-Electrode.jpg\",\"contentUrl\":\"https:\/\/jinsuncarbon.com\/wp-content\/uploads\/2024\/12\/Graphite-Counter-Electrode.jpg\",\"width\":1024,\"height\":763,\"caption\":\"Graphite Counter Electrode\"},{\"@type\":\"BreadcrumbList\",\"@id\":\"https:\/\/jinsuncarbon.com\/product\/graphite-counter-electrode\/#breadcrumb\",\"itemListElement\":[{\"@type\":\"ListItem\",\"position\":1,\"name\":\"Home\",\"item\":\"https:\/\/jinsuncarbon.com\/\"},{\"@type\":\"ListItem\",\"position\":2,\"name\":\"Products\",\"item\":\"https:\/\/jinsuncarbon.com\/graphite-carbon\/\"},{\"@type\":\"ListItem\",\"position\":3,\"name\":\"Graphite Counter Electrode\"}]},{\"@type\":\"WebSite\",\"@id\":\"https:\/\/jinsuncarbon.com\/#website\",\"url\":\"https:\/\/jinsuncarbon.com\/\",\"name\":\"Jinsun Carbon\",\"description\":\"We are the successful graphite electrode manufacturer in China\",\"publisher\":{\"@id\":\"https:\/\/jinsuncarbon.com\/#organization\"},\"potentialAction\":[{\"@type\":\"SearchAction\",\"target\":{\"@type\":\"EntryPoint\",\"urlTemplate\":\"https:\/\/jinsuncarbon.com\/?s={search_term_string}\"},\"query-input\":{\"@type\":\"PropertyValueSpecification\",\"valueRequired\":true,\"valueName\":\"search_term_string\"}}],\"inLanguage\":\"tr\"},{\"@type\":\"Organization\",\"@id\":\"https:\/\/jinsuncarbon.com\/#organization\",\"name\":\"Jinsun Carbon\",\"alternateName\":\"Jinsun Carbon\",\"url\":\"https:\/\/jinsuncarbon.com\/\",\"logo\":{\"@type\":\"ImageObject\",\"inLanguage\":\"tr\",\"@id\":\"https:\/\/jinsuncarbon.com\/#\/schema\/logo\/image\/\",\"url\":\"https:\/\/jinsuncarbon.com\/wp-content\/uploads\/2022\/12\/LOGO-1.png\",\"contentUrl\":\"https:\/\/jinsuncarbon.com\/wp-content\/uploads\/2022\/12\/LOGO-1.png\",\"width\":207,\"height\":80,\"caption\":\"Jinsun Carbon\"},\"image\":{\"@id\":\"https:\/\/jinsuncarbon.com\/#\/schema\/logo\/image\/\"},\"sameAs\":[\"https:\/\/www.facebook.com\/Graphite-Electrode-109336238661595\",\"https:\/\/x.com\/jinsuncarbon_\",\"https:\/\/www.linkedin.com\/in\/jinsungraphite\",\"https:\/\/www.youtube.com\/channel\/UCysDNyvyR5-3cCWEmpkVC0g\"]}]}<\/script>\n<!-- \/ Yoast SEO Premium plugin. -->","yoast_head_json":{"title":"Grafit Kar\u015f\u0131 Elektrot \u00dcreticisi | Jinsun Carbon","robots":{"index":"index","follow":"follow","max-snippet":"max-snippet:-1","max-image-preview":"max-image-preview:large","max-video-preview":"max-video-preview:-1"},"canonical":"https:\/\/jinsuncarbon.com\/tr\/urun\/grafit-karsi-elektrot\/","og_locale":"tr_TR","og_type":"article","og_title":"Graphite Counter Electrode","og_description":"A graphite counter electrode is made of graphite material with excellent conductivity and is used as an auxiliary electrode in electrochemical experiments.\u00a0It helps the working electrode maintain the stability of the circuit and ensures that the electrolyte solution does not significantly interfere with the chemical reaction during the power-on process.The working electrode and counter electrode close the electric circuit.\u00a0The graphite counter electrode guides the electrons, ensuring that the gadget works.\u00a0It withstands high currents and voltages in electrochemical processes without degrading or reacting with cell chemistry.","og_url":"https:\/\/jinsuncarbon.com\/tr\/urun\/grafit-karsi-elektrot\/","og_site_name":"Jinsun Carbon","article_publisher":"https:\/\/www.facebook.com\/Graphite-Electrode-109336238661595","article_modified_time":"2024-12-01T12:16:06+00:00","og_image":[{"width":1024,"height":763,"url":"https:\/\/jinsuncarbon.com\/wp-content\/uploads\/2024\/12\/Graphite-Counter-Electrode.jpg","type":"image\/jpeg"}],"twitter_card":"summary_large_image","twitter_site":"@jinsuncarbon_","twitter_misc":{"Tahmini okuma s\u00fcresi":"3 dakika"},"schema":{"@context":"https:\/\/schema.org","@graph":[{"@type":"WebPage","@id":"https:\/\/jinsuncarbon.com\/product\/graphite-counter-electrode\/","url":"https:\/\/jinsuncarbon.com\/product\/graphite-counter-electrode\/","name":"Grafit Kar\u015f\u0131 Elektrot \u00dcreticisi | Jinsun Carbon","isPartOf":{"@id":"https:\/\/jinsuncarbon.com\/#website"},"primaryImageOfPage":{"@id":"https:\/\/jinsuncarbon.com\/product\/graphite-counter-electrode\/#primaryimage"},"image":{"@id":"https:\/\/jinsuncarbon.com\/product\/graphite-counter-electrode\/#primaryimage"},"thumbnailUrl":"https:\/\/jinsuncarbon.com\/wp-content\/uploads\/2024\/12\/Graphite-Counter-Electrode.jpg","datePublished":"2024-12-01T12:16:05+00:00","dateModified":"2024-12-01T12:16:06+00:00","breadcrumb":{"@id":"https:\/\/jinsuncarbon.com\/product\/graphite-counter-electrode\/#breadcrumb"},"inLanguage":"tr","potentialAction":[{"@type":"ReadAction","target":["https:\/\/jinsuncarbon.com\/product\/graphite-counter-electrode\/"]}]},{"@type":"ImageObject","inLanguage":"tr","@id":"https:\/\/jinsuncarbon.com\/product\/graphite-counter-electrode\/#primaryimage","url":"https:\/\/jinsuncarbon.com\/wp-content\/uploads\/2024\/12\/Graphite-Counter-Electrode.jpg","contentUrl":"https:\/\/jinsuncarbon.com\/wp-content\/uploads\/2024\/12\/Graphite-Counter-Electrode.jpg","width":1024,"height":763,"caption":"Graphite Counter Electrode"},{"@type":"BreadcrumbList","@id":"https:\/\/jinsuncarbon.com\/product\/graphite-counter-electrode\/#breadcrumb","itemListElement":[{"@type":"ListItem","position":1,"name":"Home","item":"https:\/\/jinsuncarbon.com\/"},{"@type":"ListItem","position":2,"name":"Products","item":"https:\/\/jinsuncarbon.com\/graphite-carbon\/"},{"@type":"ListItem","position":3,"name":"Graphite Counter Electrode"}]},{"@type":"WebSite","@id":"https:\/\/jinsuncarbon.com\/#website","url":"https:\/\/jinsuncarbon.com\/","name":"Jinsun Karbon","description":"\u00c7in'deki ba\u015far\u0131l\u0131 grafit elektrot \u00fcreticisiyiz","publisher":{"@id":"https:\/\/jinsuncarbon.com\/#organization"},"potentialAction":[{"@type":"SearchAction","target":{"@type":"EntryPoint","urlTemplate":"https:\/\/jinsuncarbon.com\/?s={search_term_string}"},"query-input":{"@type":"PropertyValueSpecification","valueRequired":true,"valueName":"search_term_string"}}],"inLanguage":"tr"},{"@type":"Organization","@id":"https:\/\/jinsuncarbon.com\/#organization","name":"Jinsun Karbon","alternateName":"Jinsun Carbon","url":"https:\/\/jinsuncarbon.com\/","logo":{"@type":"ImageObject","inLanguage":"tr","@id":"https:\/\/jinsuncarbon.com\/#\/schema\/logo\/image\/","url":"https:\/\/jinsuncarbon.com\/wp-content\/uploads\/2022\/12\/LOGO-1.png","contentUrl":"https:\/\/jinsuncarbon.com\/wp-content\/uploads\/2022\/12\/LOGO-1.png","width":207,"height":80,"caption":"Jinsun Carbon"},"image":{"@id":"https:\/\/jinsuncarbon.com\/#\/schema\/logo\/image\/"},"sameAs":["https:\/\/www.facebook.com\/Graphite-Electrode-109336238661595","https:\/\/x.com\/jinsuncarbon_","https:\/\/www.linkedin.com\/in\/jinsungraphite","https:\/\/www.youtube.com\/channel\/UCysDNyvyR5-3cCWEmpkVC0g"]}]}},"_links":{"self":[{"href":"https:\/\/jinsuncarbon.com\/tr\/wp-json\/wp\/v2\/product\/6887","targetHints":{"allow":["GET"]}}],"collection":[{"href":"https:\/\/jinsuncarbon.com\/tr\/wp-json\/wp\/v2\/product"}],"about":[{"href":"https:\/\/jinsuncarbon.com\/tr\/wp-json\/wp\/v2\/types\/product"}],"wp:featuredmedia":[{"embeddable":true,"href":"https:\/\/jinsuncarbon.com\/tr\/wp-json\/wp\/v2\/media\/6888"}],"wp:attachment":[{"href":"https:\/\/jinsuncarbon.com\/tr\/wp-json\/wp\/v2\/media?parent=6887"}],"wp:term":[{"taxonomy":"product_brand","embeddable":true,"href":"https:\/\/jinsuncarbon.com\/tr\/wp-json\/wp\/v2\/product_brand?post=6887"},{"taxonomy":"product_cat","embeddable":true,"href":"https:\/\/jinsuncarbon.com\/tr\/wp-json\/wp\/v2\/product_cat?post=6887"},{"taxonomy":"product_tag","embeddable":true,"href":"https:\/\/jinsuncarbon.com\/tr\/wp-json\/wp\/v2\/product_tag?post=6887"}],"curies":[{"name":"wp","href":"https:\/\/api.w.org\/{rel}","templated":true}]}}