{"id":6834,"date":"2024-11-26T11:37:08","date_gmt":"2024-11-26T11:37:08","guid":{"rendered":"https:\/\/jinsuncarbon.com\/?post_type=product&#038;p=6834"},"modified":"2025-10-02T07:22:10","modified_gmt":"2025-10-02T07:22:10","slug":"grafit-elektrot-hurdasi","status":"publish","type":"product","link":"https:\/\/jinsuncarbon.com\/tr\/urun\/grafit-elektrot-hurdasi\/","title":{"rendered":"Grafit Elektrot Hurdas\u0131"},"content":{"rendered":"<p>Grafit elektrot hurdas\u0131 yeniden kullan\u0131m i\u00e7in \u00f6nemli bir potansiyele sahiptir. Karbon i\u00e7eri\u011fi hala \u00f6nemli bir oranda korunmaktad\u0131r. Bir\u00e7ok end\u00fcstriyel ba\u011flant\u0131 i\u00e7in ikincil de\u011fer madencili\u011fi imkan\u0131 sa\u011flayabilir. Grafit elektrot hurdas\u0131 formlar\u0131, geni\u015f bir boyut yelpazesi ile farkl\u0131, blok, gran\u00fcl ve benzeridir. \u0130ster b\u00fcy\u00fck bir end\u00fcstriyel yeniden \u015fekillendirme ister k\u00fc\u00e7\u00fck bir s\u00fcre\u00e7 yenili\u011fi olun, profesyonel i\u015fleme ve da\u011f\u0131t\u0131m hizmetlerimizi kullanabilirsiniz. Gizli de\u011ferinin derinlemesine ara\u015ft\u0131r\u0131lmas\u0131, b\u00f6ylece \u00f6zel uygulama senaryonuza do\u011fru bir \u015fekilde uyarlanabilir. Maliyet azaltma, verimlilik, kaynak geri d\u00f6n\u00fc\u015f\u00fcm\u00fc i\u00e7in do\u011fru yard\u0131mc\u0131n\u0131z olun.<\/p>\n<p>&nbsp;<\/p>\n<h2>Grafit Elektrot Hurdas\u0131n\u0131n Faydalar\u0131<\/h2>\n<ul>\n<li>G\u00fc\u00e7l\u00fc geri d\u00f6n\u00fc\u015ft\u00fcr\u00fclebilirlik. Geli\u015fmi\u015f geri d\u00f6n\u00fc\u015f\u00fcm teknolojisi ve s\u00fcreci ile hurday\u0131 verimli bir \u015fekilde yeniden entegre edebilir. Geri kazan\u0131m oran\u0131 96% veya daha fazlas\u0131na ula\u015fabilir. Kaynaklar\u0131n hurdas\u0131n\u0131 b\u00fcy\u00fck \u00f6l\u00e7\u00fcde azalt\u0131r, i\u015fletmeler i\u00e7in \u00e7ok fazla hammadde tedarik maliyetinden tasarruf sa\u011flar. Ve geri d\u00f6n\u00fc\u015f\u00fcm s\u00fcreci nispeten basit ve h\u0131zl\u0131d\u0131r. K\u0131sa s\u00fcrede b\u00fcy\u00fck \u00f6l\u00e7ekli hurda geri d\u00f6n\u00fc\u015f\u00fcm\u00fc sa\u011flayabilir ve i\u015fletmelerin kaynak geri d\u00f6n\u00fc\u015f\u00fcm verimlili\u011fini etkili bir \u015fekilde art\u0131rabilir.<\/li>\n<\/ul>\n<p>&nbsp;<\/p>\n<ul>\n<li>Potansiyel \u0131s\u0131 kullan\u0131m de\u011feri. Y\u00fcksek s\u0131cakl\u0131k ortam\u0131nda, grafit elektrot hurdas\u0131 \u0131s\u0131y\u0131 istikrarl\u0131 bir \u015fekilde emebilir ve depolayabilir. Ve \u0131s\u0131 kapasitesi y\u00fcksektir, bu da end\u00fcstriyel \u0131s\u0131 \u00e7evrim sisteminde y\u00fcksek kaliteli bir \u0131s\u0131 de\u011fi\u015fim ortam\u0131 olarak kullan\u0131labilir. Ayr\u0131ca enerji t\u00fcketimini azalt\u0131r ve enerji verimlili\u011fini art\u0131r\u0131r.<\/li>\n<\/ul>\n<p>&nbsp;<\/p>\n<ul>\n<li>Elektrik iletkenli\u011fi i\u00e7in belirli bir temele sahiptir. Yard\u0131mc\u0131 iletken malzeme olarak kullan\u0131labilir. \u0130letkenlik i\u00e7in d\u00fc\u015f\u00fck gereksinimleri olan ancak belirli iletken \u00f6zellikler gerektiren elektronik bile\u015fenlerin imalat\u0131nda veya devre onar\u0131m\u0131nda.<\/li>\n<\/ul>\n<p>&nbsp;<\/p>\n<ul>\n<li>Kimyasal stabilitesi nispeten y\u00fcksektir. G\u00fc\u00e7l\u00fc asitler ve alkali gibi a\u015f\u0131nd\u0131r\u0131c\u0131 maddelerin erozyonuna dayanabilir. Bu, konteynerlerin hizmet \u00f6mr\u00fcn\u00fc uzat\u0131r ve kimyasal korozyonun neden oldu\u011fu ekipman bak\u0131m maliyetlerini ve ar\u0131za s\u00fcrelerini azalt\u0131r.<\/li>\n<\/ul>\n<p>&nbsp;<\/p>\n<ul>\n<li>Kolay kullan\u0131m i\u00e7in orta yo\u011funlukta. Ne ta\u015f\u0131ma ve elle\u00e7leme zorlu\u011funu art\u0131racak kadar a\u011f\u0131r ne de elle\u00e7lenemeyecek kadar hafiftir. Hurda, ekipman\u0131n kayb\u0131n\u0131 ve enerji t\u00fcketimini azaltabilir. Ayr\u0131ca ar\u0131tma verimlili\u011fini art\u0131r\u0131r ve i\u015fletmelerin grafit elektrot hurdas\u0131n\u0131n b\u00fcy\u00fck \u00f6l\u00e7ekli yeniden i\u015flenmesini ve kullan\u0131m\u0131n\u0131 ger\u00e7ekle\u015ftirmesini kolayla\u015ft\u0131r\u0131r.<\/li>\n<\/ul>\n<p>&nbsp;<\/p>\n<ul>\n<li>Safs\u0131zl\u0131k i\u00e7eri\u011fi ayr\u0131labilir aral\u0131ktad\u0131r. Eleme, y\u00fczd\u00fcrme ve kimyasal safla\u015ft\u0131rma ara\u00e7lar\u0131 gibi geleneksel fiziksel ay\u0131rma y\u00f6ntemleri sayesinde safs\u0131zl\u0131k i\u00e7eri\u011fi son derece d\u00fc\u015f\u00fck bir seviyeye indirilebilir. B\u00f6ylece safla\u015ft\u0131r\u0131lm\u0131\u015f grafit elektrot hurdas\u0131 end\u00fcstriyel uygulamalar\u0131n daha y\u00fcksek gereksinimlerini kar\u015f\u0131layabilir.<\/li>\n<\/ul>\n<p>&nbsp;<\/p>\n<h2>Grafit Elektrot Hurdalar\u0131n\u0131n Kullan\u0131m Alanlar\u0131<\/h2>\n<ul>\n<li><strong>Geri d\u00f6n\u00fc\u015ft\u00fcr\u00fclm\u00fc\u015f grafit elektrot \u00fcretimi:<\/strong> Belirli bir proses i\u015fleminden sonra grafit elektrot hurdas\u0131, grafit elektrot \u00fcretimi i\u00e7in hammaddenin bir par\u00e7as\u0131 olarak yeniden kullan\u0131labilir. Bu sayede etkin bir \u015fekilde kaynak tasarrufu sa\u011flanabilir.<\/li>\n<\/ul>\n<p>&nbsp;<\/p>\n<ul>\n<li><strong>Karbon elektrot \u00fcretimi:<\/strong> Grafit elektrot k\u0131r\u0131nt\u0131lar\u0131, grafit elektrot \u00fcretimi i\u00e7in hammadde olarak kullan\u0131l\u0131r. <a href=\"https:\/\/jinsuncarbon.com\/tr\/urun\/karbon-elektrot\/\">karbon elektrotlar<\/a> \u00c7\u00fcnk\u00fc karbon elektrotlar\u0131n iletkenli\u011fini \u00f6nemli \u00f6l\u00e7\u00fcde art\u0131rabilir. Buna ek olarak, karbon elektrotlar\u0131n mekanik mukavemetini de art\u0131rabilir ve yap\u0131lar\u0131n\u0131 daha kararl\u0131 hale getirebilir.<\/li>\n<\/ul>\n<p>&nbsp;<\/p>\n<ul>\n<li><strong>Katot karbon bloklar\u0131n\u0131n \u00fcretimi:<\/strong> Katot karbon bloklar\u0131n\u0131n \u00fcretimine grafit yongalar\u0131 eklendikten sonra, katot karbon bloklar\u0131n\u0131n direnci <a href=\"https:\/\/jinsuncarbon.com\/tr\/urun\/katot-blogu\/\">katot karbon bloklar\u0131<\/a> azal\u0131r, bu da elektroliz i\u00e7in daha elveri\u015flidir. Ayn\u0131 zamanda grafit yumu\u015fakt\u0131r, bu da katot karbon bloklar\u0131n\u0131n i\u015flenmesini ve kal\u0131planmas\u0131n\u0131 kolayla\u015ft\u0131r\u0131r.<\/li>\n<\/ul>\n<p>&nbsp;<\/p>\n<ul>\n<li><strong>\u00c7elik karb\u00fcrat\u00f6r:<\/strong> \u00c7elik \u00fcretim s\u00fcrecinde, i\u015flenmi\u015f grafit elektrot hurdas\u0131n\u0131n eklenmesi, erimi\u015f \u00e7eli\u011fin karbon i\u00e7eri\u011fini do\u011fru bir \u015fekilde ayarlayabilir. Ayr\u0131ca \u00e7eli\u011fin kalitesini de art\u0131r\u0131r.<\/li>\n<\/ul>\n<p>&nbsp;<\/p>\n<ul>\n<li><strong>Refrakter katk\u0131 maddeleri:<\/strong> Refrakter malzemelere eklendi\u011finde, y\u00fcksek s\u0131cakl\u0131k direncini ve yap\u0131sal stabilitesini art\u0131rabilir. Bu nedenle, refrakter malzemelerin hizmet \u00f6mr\u00fcn\u00fc uzatabilir.<\/li>\n<\/ul>","protected":false},"excerpt":{"rendered":"<p>Grafit elektrot hurdas\u0131, grafit elektrotlar\u0131n \u00fcretimi veya kullan\u0131m\u0131 s\u0131ras\u0131nda ortaya \u00e7\u0131kan art\u0131k malzemedir. Bir\u00e7ok karma\u015f\u0131k i\u015flemin vaftizinden ve \u00e7\u00f6keltilmesinden sonra, i\u00e7 yap\u0131s\u0131 benzersiz gizemler i\u00e7erir. Bir at\u0131k olmas\u0131na ra\u011fmen, grafit malzemelerin temel \u00f6zelliklerini hala korumaktad\u0131r. Grafit elektrot hurdas\u0131, d\u00fczensiz bloklu veya gran\u00fcler \u015fekil g\u00f6steren belirli kristal yap\u0131 \u00f6zelliklerine sahiptir. \u00c7o\u011fu durumda, yenilenebilir kaynak rezervi olarak hizmet ederler.<\/p>","protected":false},"featured_media":6835,"template":"","meta":[],"product_brand":[],"product_cat":[38],"product_tag":[],"class_list":{"0":"post-6834","1":"product","2":"type-product","3":"status-publish","4":"has-post-thumbnail","6":"product_cat-graphite-products","8":"first","9":"instock","10":"shipping-taxable","11":"product-type-simple"},"yoast_head":"<!-- This site is optimized with the Yoast SEO Premium plugin v19.2.1 (Yoast SEO v25.3) - https:\/\/yoast.com\/wordpress\/plugins\/seo\/ -->\n<title>Graphite Electrode Scrap Manufacturer | Jinsun Carbon<\/title>\n<meta name=\"description\" content=\"Graphite electrode scrap has considerable potential for reuse. The carbon content is still maintained in a considerable proportion.\" \/>\n<meta name=\"robots\" content=\"index, follow, max-snippet:-1, max-image-preview:large, max-video-preview:-1\" \/>\n<link rel=\"canonical\" href=\"https:\/\/jinsuncarbon.com\/tr\/urun\/grafit-elektrot-hurdasi\/\" \/>\n<meta property=\"og:locale\" content=\"tr_TR\" \/>\n<meta property=\"og:type\" content=\"article\" \/>\n<meta property=\"og:title\" content=\"Graphite Electrode Scrap\" \/>\n<meta property=\"og:description\" content=\"Graphite electrode scrap has considerable potential for reuse. The carbon content is still maintained in a considerable proportion.\" \/>\n<meta property=\"og:url\" content=\"https:\/\/jinsuncarbon.com\/tr\/urun\/grafit-elektrot-hurdasi\/\" \/>\n<meta property=\"og:site_name\" content=\"Jinsun Carbon\" \/>\n<meta property=\"article:publisher\" content=\"https:\/\/www.facebook.com\/Graphite-Electrode-109336238661595\" \/>\n<meta property=\"article:modified_time\" content=\"2025-10-02T07:22:10+00:00\" \/>\n<meta property=\"og:image\" content=\"https:\/\/jinsuncarbon.com\/wp-content\/uploads\/2024\/11\/Graphite-electrode-scrap.jpg\" \/>\n\t<meta property=\"og:image:width\" content=\"1024\" \/>\n\t<meta property=\"og:image:height\" content=\"763\" \/>\n\t<meta property=\"og:image:type\" content=\"image\/jpeg\" \/>\n<meta name=\"twitter:card\" content=\"summary_large_image\" \/>\n<meta name=\"twitter:site\" content=\"@jinsuncarbon_\" \/>\n<meta name=\"twitter:label1\" content=\"Tahmini okuma s\u00fcresi\" \/>\n\t<meta name=\"twitter:data1\" content=\"3 dakika\" \/>\n<script type=\"application\/ld+json\" class=\"yoast-schema-graph\">{\"@context\":\"https:\/\/schema.org\",\"@graph\":[{\"@type\":\"WebPage\",\"@id\":\"https:\/\/jinsuncarbon.com\/product\/graphite-electrode-scrap\/\",\"url\":\"https:\/\/jinsuncarbon.com\/product\/graphite-electrode-scrap\/\",\"name\":\"Graphite Electrode Scrap Manufacturer | Jinsun Carbon\",\"isPartOf\":{\"@id\":\"https:\/\/jinsuncarbon.com\/#website\"},\"primaryImageOfPage\":{\"@id\":\"https:\/\/jinsuncarbon.com\/product\/graphite-electrode-scrap\/#primaryimage\"},\"image\":{\"@id\":\"https:\/\/jinsuncarbon.com\/product\/graphite-electrode-scrap\/#primaryimage\"},\"thumbnailUrl\":\"https:\/\/jinsuncarbon.com\/wp-content\/uploads\/2024\/11\/Graphite-electrode-scrap.jpg\",\"datePublished\":\"2024-11-26T11:37:08+00:00\",\"dateModified\":\"2025-10-02T07:22:10+00:00\",\"description\":\"Graphite electrode scrap has considerable potential for reuse. The carbon content is still maintained in a considerable proportion.\",\"breadcrumb\":{\"@id\":\"https:\/\/jinsuncarbon.com\/product\/graphite-electrode-scrap\/#breadcrumb\"},\"inLanguage\":\"tr\",\"potentialAction\":[{\"@type\":\"ReadAction\",\"target\":[\"https:\/\/jinsuncarbon.com\/product\/graphite-electrode-scrap\/\"]}]},{\"@type\":\"ImageObject\",\"inLanguage\":\"tr\",\"@id\":\"https:\/\/jinsuncarbon.com\/product\/graphite-electrode-scrap\/#primaryimage\",\"url\":\"https:\/\/jinsuncarbon.com\/wp-content\/uploads\/2024\/11\/Graphite-electrode-scrap.jpg\",\"contentUrl\":\"https:\/\/jinsuncarbon.com\/wp-content\/uploads\/2024\/11\/Graphite-electrode-scrap.jpg\",\"width\":1024,\"height\":763,\"caption\":\"Graphite electrode scrap\"},{\"@type\":\"BreadcrumbList\",\"@id\":\"https:\/\/jinsuncarbon.com\/product\/graphite-electrode-scrap\/#breadcrumb\",\"itemListElement\":[{\"@type\":\"ListItem\",\"position\":1,\"name\":\"Home\",\"item\":\"https:\/\/jinsuncarbon.com\/\"},{\"@type\":\"ListItem\",\"position\":2,\"name\":\"Products\",\"item\":\"https:\/\/jinsuncarbon.com\/graphite-carbon\/\"},{\"@type\":\"ListItem\",\"position\":3,\"name\":\"Graphite Electrode Scrap\"}]},{\"@type\":\"WebSite\",\"@id\":\"https:\/\/jinsuncarbon.com\/#website\",\"url\":\"https:\/\/jinsuncarbon.com\/\",\"name\":\"Jinsun Carbon\",\"description\":\"We are the successful graphite electrode manufacturer in China\",\"publisher\":{\"@id\":\"https:\/\/jinsuncarbon.com\/#organization\"},\"potentialAction\":[{\"@type\":\"SearchAction\",\"target\":{\"@type\":\"EntryPoint\",\"urlTemplate\":\"https:\/\/jinsuncarbon.com\/?s={search_term_string}\"},\"query-input\":{\"@type\":\"PropertyValueSpecification\",\"valueRequired\":true,\"valueName\":\"search_term_string\"}}],\"inLanguage\":\"tr\"},{\"@type\":\"Organization\",\"@id\":\"https:\/\/jinsuncarbon.com\/#organization\",\"name\":\"Jinsun Carbon\",\"alternateName\":\"Jinsun Carbon\",\"url\":\"https:\/\/jinsuncarbon.com\/\",\"logo\":{\"@type\":\"ImageObject\",\"inLanguage\":\"tr\",\"@id\":\"https:\/\/jinsuncarbon.com\/#\/schema\/logo\/image\/\",\"url\":\"https:\/\/jinsuncarbon.com\/wp-content\/uploads\/2022\/12\/LOGO-1.png\",\"contentUrl\":\"https:\/\/jinsuncarbon.com\/wp-content\/uploads\/2022\/12\/LOGO-1.png\",\"width\":207,\"height\":80,\"caption\":\"Jinsun Carbon\"},\"image\":{\"@id\":\"https:\/\/jinsuncarbon.com\/#\/schema\/logo\/image\/\"},\"sameAs\":[\"https:\/\/www.facebook.com\/Graphite-Electrode-109336238661595\",\"https:\/\/x.com\/jinsuncarbon_\",\"https:\/\/www.linkedin.com\/in\/jinsungraphite\",\"https:\/\/www.youtube.com\/channel\/UCysDNyvyR5-3cCWEmpkVC0g\"]}]}<\/script>\n<!-- \/ Yoast SEO Premium plugin. -->","yoast_head_json":{"title":"Grafit Elektrot Hurda \u00dcreticisi | Jinsun Carbon","description":"Grafit elektrot hurdas\u0131 yeniden kullan\u0131m i\u00e7in \u00f6nemli bir potansiyele sahiptir. Karbon i\u00e7eri\u011fi hala \u00f6nemli bir oranda korunmaktad\u0131r.","robots":{"index":"index","follow":"follow","max-snippet":"max-snippet:-1","max-image-preview":"max-image-preview:large","max-video-preview":"max-video-preview:-1"},"canonical":"https:\/\/jinsuncarbon.com\/tr\/urun\/grafit-elektrot-hurdasi\/","og_locale":"tr_TR","og_type":"article","og_title":"Graphite Electrode Scrap","og_description":"Graphite electrode scrap has considerable potential for reuse. The carbon content is still maintained in a considerable proportion.","og_url":"https:\/\/jinsuncarbon.com\/tr\/urun\/grafit-elektrot-hurdasi\/","og_site_name":"Jinsun Carbon","article_publisher":"https:\/\/www.facebook.com\/Graphite-Electrode-109336238661595","article_modified_time":"2025-10-02T07:22:10+00:00","og_image":[{"width":1024,"height":763,"url":"https:\/\/jinsuncarbon.com\/wp-content\/uploads\/2024\/11\/Graphite-electrode-scrap.jpg","type":"image\/jpeg"}],"twitter_card":"summary_large_image","twitter_site":"@jinsuncarbon_","twitter_misc":{"Tahmini okuma s\u00fcresi":"3 dakika"},"schema":{"@context":"https:\/\/schema.org","@graph":[{"@type":"WebPage","@id":"https:\/\/jinsuncarbon.com\/product\/graphite-electrode-scrap\/","url":"https:\/\/jinsuncarbon.com\/product\/graphite-electrode-scrap\/","name":"Grafit Elektrot Hurda \u00dcreticisi | Jinsun Carbon","isPartOf":{"@id":"https:\/\/jinsuncarbon.com\/#website"},"primaryImageOfPage":{"@id":"https:\/\/jinsuncarbon.com\/product\/graphite-electrode-scrap\/#primaryimage"},"image":{"@id":"https:\/\/jinsuncarbon.com\/product\/graphite-electrode-scrap\/#primaryimage"},"thumbnailUrl":"https:\/\/jinsuncarbon.com\/wp-content\/uploads\/2024\/11\/Graphite-electrode-scrap.jpg","datePublished":"2024-11-26T11:37:08+00:00","dateModified":"2025-10-02T07:22:10+00:00","description":"Grafit elektrot hurdas\u0131 yeniden kullan\u0131m i\u00e7in \u00f6nemli bir potansiyele sahiptir. Karbon i\u00e7eri\u011fi hala \u00f6nemli bir oranda korunmaktad\u0131r.","breadcrumb":{"@id":"https:\/\/jinsuncarbon.com\/product\/graphite-electrode-scrap\/#breadcrumb"},"inLanguage":"tr","potentialAction":[{"@type":"ReadAction","target":["https:\/\/jinsuncarbon.com\/product\/graphite-electrode-scrap\/"]}]},{"@type":"ImageObject","inLanguage":"tr","@id":"https:\/\/jinsuncarbon.com\/product\/graphite-electrode-scrap\/#primaryimage","url":"https:\/\/jinsuncarbon.com\/wp-content\/uploads\/2024\/11\/Graphite-electrode-scrap.jpg","contentUrl":"https:\/\/jinsuncarbon.com\/wp-content\/uploads\/2024\/11\/Graphite-electrode-scrap.jpg","width":1024,"height":763,"caption":"Graphite electrode scrap"},{"@type":"BreadcrumbList","@id":"https:\/\/jinsuncarbon.com\/product\/graphite-electrode-scrap\/#breadcrumb","itemListElement":[{"@type":"ListItem","position":1,"name":"Home","item":"https:\/\/jinsuncarbon.com\/"},{"@type":"ListItem","position":2,"name":"Products","item":"https:\/\/jinsuncarbon.com\/graphite-carbon\/"},{"@type":"ListItem","position":3,"name":"Graphite Electrode Scrap"}]},{"@type":"WebSite","@id":"https:\/\/jinsuncarbon.com\/#website","url":"https:\/\/jinsuncarbon.com\/","name":"Jinsun Karbon","description":"\u00c7in'deki ba\u015far\u0131l\u0131 grafit elektrot \u00fcreticisiyiz","publisher":{"@id":"https:\/\/jinsuncarbon.com\/#organization"},"potentialAction":[{"@type":"SearchAction","target":{"@type":"EntryPoint","urlTemplate":"https:\/\/jinsuncarbon.com\/?s={search_term_string}"},"query-input":{"@type":"PropertyValueSpecification","valueRequired":true,"valueName":"search_term_string"}}],"inLanguage":"tr"},{"@type":"Organization","@id":"https:\/\/jinsuncarbon.com\/#organization","name":"Jinsun Karbon","alternateName":"Jinsun Carbon","url":"https:\/\/jinsuncarbon.com\/","logo":{"@type":"ImageObject","inLanguage":"tr","@id":"https:\/\/jinsuncarbon.com\/#\/schema\/logo\/image\/","url":"https:\/\/jinsuncarbon.com\/wp-content\/uploads\/2022\/12\/LOGO-1.png","contentUrl":"https:\/\/jinsuncarbon.com\/wp-content\/uploads\/2022\/12\/LOGO-1.png","width":207,"height":80,"caption":"Jinsun Carbon"},"image":{"@id":"https:\/\/jinsuncarbon.com\/#\/schema\/logo\/image\/"},"sameAs":["https:\/\/www.facebook.com\/Graphite-Electrode-109336238661595","https:\/\/x.com\/jinsuncarbon_","https:\/\/www.linkedin.com\/in\/jinsungraphite","https:\/\/www.youtube.com\/channel\/UCysDNyvyR5-3cCWEmpkVC0g"]}]}},"_links":{"self":[{"href":"https:\/\/jinsuncarbon.com\/tr\/wp-json\/wp\/v2\/product\/6834","targetHints":{"allow":["GET"]}}],"collection":[{"href":"https:\/\/jinsuncarbon.com\/tr\/wp-json\/wp\/v2\/product"}],"about":[{"href":"https:\/\/jinsuncarbon.com\/tr\/wp-json\/wp\/v2\/types\/product"}],"wp:featuredmedia":[{"embeddable":true,"href":"https:\/\/jinsuncarbon.com\/tr\/wp-json\/wp\/v2\/media\/6835"}],"wp:attachment":[{"href":"https:\/\/jinsuncarbon.com\/tr\/wp-json\/wp\/v2\/media?parent=6834"}],"wp:term":[{"taxonomy":"product_brand","embeddable":true,"href":"https:\/\/jinsuncarbon.com\/tr\/wp-json\/wp\/v2\/product_brand?post=6834"},{"taxonomy":"product_cat","embeddable":true,"href":"https:\/\/jinsuncarbon.com\/tr\/wp-json\/wp\/v2\/product_cat?post=6834"},{"taxonomy":"product_tag","embeddable":true,"href":"https:\/\/jinsuncarbon.com\/tr\/wp-json\/wp\/v2\/product_tag?post=6834"}],"curies":[{"name":"wp","href":"https:\/\/api.w.org\/{rel}","templated":true}]}}