{"id":6799,"date":"2024-11-25T09:34:57","date_gmt":"2024-11-25T09:34:57","guid":{"rendered":"https:\/\/jinsuncarbon.com\/?post_type=product&#038;p=6799"},"modified":"2024-12-01T12:56:31","modified_gmt":"2024-12-01T12:56:31","slug":"pirolitik-grafit-elektrot","status":"publish","type":"product","link":"https:\/\/jinsuncarbon.com\/tr\/urun\/pirolitik-grafit-elektrot\/","title":{"rendered":"Pirolitik Grafit Elektrot"},"content":{"rendered":"<p>Pirolitik grafit elektrot \u015fekilleri \u00e7e\u015fitlidir, esnek boyuttad\u0131r, m\u00fckemmel safl\u0131ktad\u0131r. \u0130ster k\u00fc\u00e7\u00fck ister b\u00fcy\u00fck olsun, \u00f6zel ihtiya\u00e7lar\u0131n\u0131za g\u00f6re \u015fekillendirilebilir. Profesyonel \u00f6zelle\u015ftirme s\u00fcreci sayesinde, proje gereksinimlerinize m\u00fckemmel \u015fekilde uyabilir. Grafit elektrodun karbon i\u00e7eri\u011fi genellikle 98% veya daha y\u00fcksektir. Ve y\u00fcksek safl\u0131kta elektrot malzemelerinin hak edilmi\u015f bir modelidir.<\/p>\n<p>&nbsp;<\/p>\n<h2>Pirolitik grafit elektrotlar\u0131n avantajlar\u0131<\/h2>\n<ul>\n<li><strong>Y\u00fcksek s\u0131cakl\u0131k kararl\u0131l\u0131\u011f\u0131:<\/strong>\u00a0Pirolitik grafit elektrotlar son derece y\u00fcksek s\u0131cakl\u0131klara dayanabilir. Ve 3000 \u00b0 C'nin \u00fczerindeki y\u00fcksek s\u0131cakl\u0131k ortamlar\u0131nda yumu\u015fama ve erime olmadan yap\u0131sal kararl\u0131l\u0131\u011f\u0131n\u0131 korur. Bu, y\u00fcksek s\u0131cakl\u0131kta eritme, y\u00fcksek s\u0131cakl\u0131kta sentez ve di\u011fer i\u015flemlerde kararl\u0131 bir \u015fekilde \u00e7al\u0131\u015fmas\u0131n\u0131 sa\u011flar. \u00d6zel metallerin eritme i\u015fleminde oldu\u011fu gibi. Bu, y\u00fcksek s\u0131cakl\u0131klara uzun s\u00fcre dayanabilir ve elektrot rol\u00fcn\u00fc oynamaya devam edebilir.<\/li>\n<\/ul>\n<p>&nbsp;<\/p>\n<ul>\n<li><strong>M\u00fckemmel elektrik iletkenli\u011fi:<\/strong> \u0130yi elektrik iletkenli\u011fi ile ak\u0131m\u0131 verimli bir \u015fekilde iletebilir. Elektrokimyasal uygulamalarda, diren\u00e7 kayb\u0131n\u0131 etkili bir \u015fekilde azaltabilir, enerji verimlili\u011fini art\u0131rabilir. Elektrolitik al\u00fcminyum \u00fcretimi gibi b\u00fcy\u00fck \u00f6l\u00e7ekli elektrolitik end\u00fcstrilerde, m\u00fckemmel elektrik iletkenli\u011fi \u00fcretim maliyetlerini d\u00fc\u015f\u00fcrmeye ve \u00fcretim h\u0131z\u0131n\u0131 art\u0131rmaya yard\u0131mc\u0131 olur.<\/li>\n<\/ul>\n<p>&nbsp;<\/p>\n<ul>\n<li><strong>Kimyasal tolerans:<\/strong> G\u00fc\u00e7l\u00fc bir kimyasal atalete sahiptir, asit, alkali, organik \u00e7\u00f6z\u00fcc\u00fcler ve di\u011fer kimyasal maddeler. Y\u00fcksek derecede toleransa sahiptir, kimyasal reaksiyon ve korozyona kar\u015f\u0131 kolay de\u011fildir. \u00c7e\u015fitli elektrolitlerin ve a\u015f\u0131nd\u0131r\u0131c\u0131 gazlar\u0131n varl\u0131\u011f\u0131 gibi kimyasal alandaki karma\u015f\u0131k kimyasal ortamda, uzun s\u00fcre istikrarl\u0131 bir \u015fekilde \u00e7al\u0131\u015fabilir. Bu, elektrot de\u011fi\u015ftirme s\u0131kl\u0131\u011f\u0131n\u0131 ve bak\u0131m maliyetlerini azalt\u0131r.<\/li>\n<\/ul>\n<p>&nbsp;<\/p>\n<ul>\n<li><strong>D\u00fc\u015f\u00fck genle\u015fme katsay\u0131s\u0131:<\/strong> Pirolitik grafit elektrodun termal genle\u015fme katsay\u0131s\u0131 \u00e7ok d\u00fc\u015f\u00fckt\u00fcr. Ve s\u0131cakl\u0131k de\u011fi\u015fti\u011finde boyutu hafif\u00e7e de\u011fi\u015fir. Bu \u00f6zellik \u00f6zellikle y\u00fcksek hassasiyetli i\u015fleme ve deneysel s\u00fcre\u00e7lerde \u00f6nemlidir. Yar\u0131 iletken \u00fcretimi gibi. Bu, farkl\u0131 proses s\u0131cakl\u0131klar\u0131nda elektrotlar\u0131n boyutsal do\u011frulu\u011funu sa\u011flar ve \u00fcr\u00fcn kalitesinin istikrar\u0131n\u0131 garanti eder.<\/li>\n<\/ul>\n<p>&nbsp;<\/p>\n<h2>Pirolitik grafit elektrot uygulamalar\u0131<\/h2>\n<p>Pirolitik grafit elektrotun y\u00fczeyi, iyonlar\u0131 se\u00e7ici olarak tespit etmek \u00fczere modifiye edilebilir. \u00d6rne\u011fin, a\u011f\u0131r metal iyonlar\u0131n\u0131 tespit ederken, kimyasal olarak modifiye edilmi\u015f elektrotlar a\u011f\u0131r metal iyonlar\u0131 ile spesifik reaksiyonlar \u00fcretir. Ve iyon konsantrasyonlar\u0131 a\u015fa\u011f\u0131daki de\u011fi\u015fikliklere g\u00f6re belirlenir <a href=\"https:\/\/en.wikipedia.org\/wiki\/Electrochemistry\" target=\"_blank\" rel=\"noopener\">elektrokimyasal<\/a> sinyaller. Ayr\u0131ca organik maddeleri de tespit edebilir. Glikoz oksidaz ve di\u011fer biyolojik enzimlerin elektrot y\u00fczeyine sabitlenmi\u015f glikoz ve di\u011fer biyolojik k\u00fc\u00e7\u00fck bile\u015fenlerin tespiti gibi. Kantitatif tespit i\u00e7in elektrik sinyali de\u011fi\u015fiklikleri taraf\u0131ndan \u00fcretilen enzim ve glikoza \u00f6zg\u00fc reaksiyonu kullan\u0131r.<\/p>\n<p>&nbsp;<\/p>\n<p><strong>Elektrokimyasal ara\u015ft\u0131rma alan\u0131nda,<\/strong> pirolitik grafit elektrot iyi iletkenli\u011fe ve kararl\u0131l\u0131\u011fa sahiptir. Ve bunu, elektrot \u00fczerindeki y\u00fck transfer s\u00fcrecini incelemek i\u00e7in kullanabiliriz. <a href=\"https:\/\/jinsuncarbon.com\/tr\/urun\/grafit-cubuk-elektrot\/\">elektrot<\/a> y\u00fczey, madde adsorpsiyonu ve desorpsiyon s\u00fcreci ve di\u011fer kinetik problemler. Bu, elektrokimyasal reaksiyon mekanizmas\u0131n\u0131n derinlemesine anla\u015f\u0131lmas\u0131na yard\u0131mc\u0131 olur. Ve y\u00fcksek performansl\u0131 elektrokimyasal cihazlar\u0131n tasar\u0131m\u0131 i\u00e7in teorik destek sa\u011flar. Ayn\u0131 zamanda, bir kataliz\u00f6r ta\u015f\u0131y\u0131c\u0131 olarak da kullanabilir, elektrokatalitik reaksiyonlar\u0131n etkisini incelemek i\u00e7in farkl\u0131 kataliz\u00f6rler y\u00fckleyebiliriz. Oksijen indirgeme reaksiyonu, hidrojen evrim reaksiyonu vb. gibi. Bu nedenle verimli elektrokatalitik malzemeler ve reaksiyon sistemleri ke\u015ffedebiliriz. Bu da yak\u0131t h\u00fccreleri, elektrolitik su ve di\u011fer teknolojilerin ilerlemesini te\u015fvik eder.<\/p>\n<p>&nbsp;<\/p>\n<p><strong>\u0130\u00e7inde <a href=\"https:\/\/en.wikipedia.org\/wiki\/Sensor#:~:text=In%20the%20broadest%20definition%2C%20a,electronics%2C%20frequently%20a%20computer%20processor.\" target=\"_blank\" rel=\"noopener\">sens\u00f6r<\/a> uygulamalar,<\/strong> pirolitik grafit elektrotlar belirli gazlara yan\u0131t verebilir. \u00d6rne\u011fin, metal oksitler gibi hassas malzemeler elektrot y\u00fczeyinde modifiye edilerek oksijen, hidrojen ve <a href=\"https:\/\/jinsuncarbon.com\/tr\/karbonun-kullanim-alanlari\/\">karbon<\/a> monoksit. Ayr\u0131ca canl\u0131 organizmalardaki maddeleri veya biyolojik aktiviteyi tespit etmek i\u00e7in biyosens\u00f6rler de yapabilir. \u00d6rne\u011fin, enzimler, antikorlar, n\u00fckleik asitler ve di\u011fer biyometrik unsurlarla birle\u015ftirilebilir. Daha sonra kan \u015fekerini, kan lipitlerini, patojenleri ve benzerlerini h\u0131zl\u0131 ve hassas bir \u015fekilde tespit edebilir.<\/p>","protected":false},"excerpt":{"rendered":"<p>Pirolitik grafit elektrot, son teknoloji CVD (kimyasal buhar biriktirme) i\u015flemi ile dikkatlice in\u015fa edilmi\u015ftir. Y\u00fcksek s\u0131cakl\u0131kta ve hassas bir \u015fekilde kontrol edilen bir ortamda, karbon i\u00e7eren gazlar termal olarak ayr\u0131\u015ft\u0131r\u0131l\u0131r. Karbon atomlar\u0131 hassas bir \u015fekilde biriktirilir. Ve benzersiz yap\u0131lara sahip grafit katmanlar\u0131, y\u00fcksek d\u00fczene sahip kristal yap\u0131lar\u0131yla \u015fekillendirilir. \u00d6zellikle anahtar kenar d\u00fczlem yap\u0131s\u0131, di\u011fer malzemelerden ayr\u0131lmas\u0131n\u0131 ve ola\u011fan\u00fcst\u00fc performans elde etmesini sa\u011flar.<\/p>","protected":false},"featured_media":6800,"template":"","meta":[],"product_brand":[],"product_cat":[38],"product_tag":[],"class_list":{"0":"post-6799","1":"product","2":"type-product","3":"status-publish","4":"has-post-thumbnail","6":"product_cat-graphite-products","8":"first","9":"instock","10":"shipping-taxable","11":"product-type-simple"},"yoast_head":"<!-- This site is optimized with the Yoast SEO Premium plugin v19.2.1 (Yoast SEO v25.3) - https:\/\/yoast.com\/wordpress\/plugins\/seo\/ -->\n<title>Pyrolytic Graphite Electrode Manufacturer in China<\/title>\n<meta name=\"description\" content=\"Pyrolytic graphite electrode is constructed by the cutting-edge CVD (chemical vapor deposition) process, it can be based on your specific needs.\" \/>\n<meta name=\"robots\" content=\"index, follow, max-snippet:-1, max-image-preview:large, max-video-preview:-1\" \/>\n<link rel=\"canonical\" href=\"https:\/\/jinsuncarbon.com\/tr\/urun\/pirolitik-grafit-elektrot\/\" \/>\n<meta property=\"og:locale\" content=\"tr_TR\" \/>\n<meta property=\"og:type\" content=\"article\" \/>\n<meta property=\"og:title\" content=\"Pyrolytic Graphite Electrode\" \/>\n<meta property=\"og:description\" content=\"Pyrolytic graphite electrode is constructed by the cutting-edge CVD (chemical vapor deposition) process, it can be based on your specific needs.\" \/>\n<meta property=\"og:url\" content=\"https:\/\/jinsuncarbon.com\/tr\/urun\/pirolitik-grafit-elektrot\/\" \/>\n<meta property=\"og:site_name\" content=\"Jinsun Carbon\" \/>\n<meta property=\"article:publisher\" content=\"https:\/\/www.facebook.com\/Graphite-Electrode-109336238661595\" \/>\n<meta property=\"article:modified_time\" content=\"2024-12-01T12:56:31+00:00\" \/>\n<meta property=\"og:image\" content=\"https:\/\/jinsuncarbon.com\/wp-content\/uploads\/2024\/11\/pyrolytic-graphite-electrode.jpg\" \/>\n\t<meta property=\"og:image:width\" content=\"1024\" \/>\n\t<meta property=\"og:image:height\" content=\"763\" \/>\n\t<meta property=\"og:image:type\" content=\"image\/jpeg\" \/>\n<meta name=\"twitter:card\" content=\"summary_large_image\" \/>\n<meta name=\"twitter:site\" content=\"@jinsuncarbon_\" \/>\n<meta name=\"twitter:label1\" content=\"Tahmini okuma s\u00fcresi\" \/>\n\t<meta name=\"twitter:data1\" content=\"3 dakika\" \/>\n<script type=\"application\/ld+json\" class=\"yoast-schema-graph\">{\"@context\":\"https:\/\/schema.org\",\"@graph\":[{\"@type\":\"WebPage\",\"@id\":\"https:\/\/jinsuncarbon.com\/product\/pyrolytic-graphite-electrode\/\",\"url\":\"https:\/\/jinsuncarbon.com\/product\/pyrolytic-graphite-electrode\/\",\"name\":\"Pyrolytic Graphite Electrode Manufacturer in China\",\"isPartOf\":{\"@id\":\"https:\/\/jinsuncarbon.com\/#website\"},\"primaryImageOfPage\":{\"@id\":\"https:\/\/jinsuncarbon.com\/product\/pyrolytic-graphite-electrode\/#primaryimage\"},\"image\":{\"@id\":\"https:\/\/jinsuncarbon.com\/product\/pyrolytic-graphite-electrode\/#primaryimage\"},\"thumbnailUrl\":\"https:\/\/jinsuncarbon.com\/wp-content\/uploads\/2024\/11\/pyrolytic-graphite-electrode.jpg\",\"datePublished\":\"2024-11-25T09:34:57+00:00\",\"dateModified\":\"2024-12-01T12:56:31+00:00\",\"description\":\"Pyrolytic graphite electrode is constructed by the cutting-edge CVD (chemical vapor deposition) process, it can be based on your specific needs.\",\"breadcrumb\":{\"@id\":\"https:\/\/jinsuncarbon.com\/product\/pyrolytic-graphite-electrode\/#breadcrumb\"},\"inLanguage\":\"tr\",\"potentialAction\":[{\"@type\":\"ReadAction\",\"target\":[\"https:\/\/jinsuncarbon.com\/product\/pyrolytic-graphite-electrode\/\"]}]},{\"@type\":\"ImageObject\",\"inLanguage\":\"tr\",\"@id\":\"https:\/\/jinsuncarbon.com\/product\/pyrolytic-graphite-electrode\/#primaryimage\",\"url\":\"https:\/\/jinsuncarbon.com\/wp-content\/uploads\/2024\/11\/pyrolytic-graphite-electrode.jpg\",\"contentUrl\":\"https:\/\/jinsuncarbon.com\/wp-content\/uploads\/2024\/11\/pyrolytic-graphite-electrode.jpg\",\"width\":1024,\"height\":763,\"caption\":\"pyrolytic graphite electrode\"},{\"@type\":\"BreadcrumbList\",\"@id\":\"https:\/\/jinsuncarbon.com\/product\/pyrolytic-graphite-electrode\/#breadcrumb\",\"itemListElement\":[{\"@type\":\"ListItem\",\"position\":1,\"name\":\"Home\",\"item\":\"https:\/\/jinsuncarbon.com\/\"},{\"@type\":\"ListItem\",\"position\":2,\"name\":\"Products\",\"item\":\"https:\/\/jinsuncarbon.com\/graphite-carbon\/\"},{\"@type\":\"ListItem\",\"position\":3,\"name\":\"Pyrolytic Graphite Electrode\"}]},{\"@type\":\"WebSite\",\"@id\":\"https:\/\/jinsuncarbon.com\/#website\",\"url\":\"https:\/\/jinsuncarbon.com\/\",\"name\":\"Jinsun Carbon\",\"description\":\"We are the successful graphite electrode manufacturer in China\",\"publisher\":{\"@id\":\"https:\/\/jinsuncarbon.com\/#organization\"},\"potentialAction\":[{\"@type\":\"SearchAction\",\"target\":{\"@type\":\"EntryPoint\",\"urlTemplate\":\"https:\/\/jinsuncarbon.com\/?s={search_term_string}\"},\"query-input\":{\"@type\":\"PropertyValueSpecification\",\"valueRequired\":true,\"valueName\":\"search_term_string\"}}],\"inLanguage\":\"tr\"},{\"@type\":\"Organization\",\"@id\":\"https:\/\/jinsuncarbon.com\/#organization\",\"name\":\"Jinsun Carbon\",\"alternateName\":\"Jinsun Carbon\",\"url\":\"https:\/\/jinsuncarbon.com\/\",\"logo\":{\"@type\":\"ImageObject\",\"inLanguage\":\"tr\",\"@id\":\"https:\/\/jinsuncarbon.com\/#\/schema\/logo\/image\/\",\"url\":\"https:\/\/jinsuncarbon.com\/wp-content\/uploads\/2022\/12\/LOGO-1.png\",\"contentUrl\":\"https:\/\/jinsuncarbon.com\/wp-content\/uploads\/2022\/12\/LOGO-1.png\",\"width\":207,\"height\":80,\"caption\":\"Jinsun Carbon\"},\"image\":{\"@id\":\"https:\/\/jinsuncarbon.com\/#\/schema\/logo\/image\/\"},\"sameAs\":[\"https:\/\/www.facebook.com\/Graphite-Electrode-109336238661595\",\"https:\/\/x.com\/jinsuncarbon_\",\"https:\/\/www.linkedin.com\/in\/jinsungraphite\",\"https:\/\/www.youtube.com\/channel\/UCysDNyvyR5-3cCWEmpkVC0g\"]}]}<\/script>\n<!-- \/ Yoast SEO Premium plugin. -->","yoast_head_json":{"title":"\u00c7in'de Pirolitik Grafit Elektrot \u00dcreticisi","description":"Pirolitik grafit elektrot, son teknoloji CVD (kimyasal buhar biriktirme) i\u015flemi ile in\u015fa edilmi\u015ftir, \u00f6zel ihtiya\u00e7lar\u0131n\u0131za g\u00f6re \u015fekillendirilebilir.","robots":{"index":"index","follow":"follow","max-snippet":"max-snippet:-1","max-image-preview":"max-image-preview:large","max-video-preview":"max-video-preview:-1"},"canonical":"https:\/\/jinsuncarbon.com\/tr\/urun\/pirolitik-grafit-elektrot\/","og_locale":"tr_TR","og_type":"article","og_title":"Pyrolytic Graphite Electrode","og_description":"Pyrolytic graphite electrode is constructed by the cutting-edge CVD (chemical vapor deposition) process, it can be based on your specific needs.","og_url":"https:\/\/jinsuncarbon.com\/tr\/urun\/pirolitik-grafit-elektrot\/","og_site_name":"Jinsun Carbon","article_publisher":"https:\/\/www.facebook.com\/Graphite-Electrode-109336238661595","article_modified_time":"2024-12-01T12:56:31+00:00","og_image":[{"width":1024,"height":763,"url":"https:\/\/jinsuncarbon.com\/wp-content\/uploads\/2024\/11\/pyrolytic-graphite-electrode.jpg","type":"image\/jpeg"}],"twitter_card":"summary_large_image","twitter_site":"@jinsuncarbon_","twitter_misc":{"Tahmini okuma s\u00fcresi":"3 dakika"},"schema":{"@context":"https:\/\/schema.org","@graph":[{"@type":"WebPage","@id":"https:\/\/jinsuncarbon.com\/product\/pyrolytic-graphite-electrode\/","url":"https:\/\/jinsuncarbon.com\/product\/pyrolytic-graphite-electrode\/","name":"\u00c7in'de Pirolitik Grafit Elektrot \u00dcreticisi","isPartOf":{"@id":"https:\/\/jinsuncarbon.com\/#website"},"primaryImageOfPage":{"@id":"https:\/\/jinsuncarbon.com\/product\/pyrolytic-graphite-electrode\/#primaryimage"},"image":{"@id":"https:\/\/jinsuncarbon.com\/product\/pyrolytic-graphite-electrode\/#primaryimage"},"thumbnailUrl":"https:\/\/jinsuncarbon.com\/wp-content\/uploads\/2024\/11\/pyrolytic-graphite-electrode.jpg","datePublished":"2024-11-25T09:34:57+00:00","dateModified":"2024-12-01T12:56:31+00:00","description":"Pirolitik grafit elektrot, son teknoloji CVD (kimyasal buhar biriktirme) i\u015flemi ile in\u015fa edilmi\u015ftir, \u00f6zel ihtiya\u00e7lar\u0131n\u0131za g\u00f6re \u015fekillendirilebilir.","breadcrumb":{"@id":"https:\/\/jinsuncarbon.com\/product\/pyrolytic-graphite-electrode\/#breadcrumb"},"inLanguage":"tr","potentialAction":[{"@type":"ReadAction","target":["https:\/\/jinsuncarbon.com\/product\/pyrolytic-graphite-electrode\/"]}]},{"@type":"ImageObject","inLanguage":"tr","@id":"https:\/\/jinsuncarbon.com\/product\/pyrolytic-graphite-electrode\/#primaryimage","url":"https:\/\/jinsuncarbon.com\/wp-content\/uploads\/2024\/11\/pyrolytic-graphite-electrode.jpg","contentUrl":"https:\/\/jinsuncarbon.com\/wp-content\/uploads\/2024\/11\/pyrolytic-graphite-electrode.jpg","width":1024,"height":763,"caption":"pyrolytic graphite electrode"},{"@type":"BreadcrumbList","@id":"https:\/\/jinsuncarbon.com\/product\/pyrolytic-graphite-electrode\/#breadcrumb","itemListElement":[{"@type":"ListItem","position":1,"name":"Home","item":"https:\/\/jinsuncarbon.com\/"},{"@type":"ListItem","position":2,"name":"Products","item":"https:\/\/jinsuncarbon.com\/graphite-carbon\/"},{"@type":"ListItem","position":3,"name":"Pyrolytic Graphite Electrode"}]},{"@type":"WebSite","@id":"https:\/\/jinsuncarbon.com\/#website","url":"https:\/\/jinsuncarbon.com\/","name":"Jinsun Karbon","description":"\u00c7in'deki ba\u015far\u0131l\u0131 grafit elektrot \u00fcreticisiyiz","publisher":{"@id":"https:\/\/jinsuncarbon.com\/#organization"},"potentialAction":[{"@type":"SearchAction","target":{"@type":"EntryPoint","urlTemplate":"https:\/\/jinsuncarbon.com\/?s={search_term_string}"},"query-input":{"@type":"PropertyValueSpecification","valueRequired":true,"valueName":"search_term_string"}}],"inLanguage":"tr"},{"@type":"Organization","@id":"https:\/\/jinsuncarbon.com\/#organization","name":"Jinsun Karbon","alternateName":"Jinsun Carbon","url":"https:\/\/jinsuncarbon.com\/","logo":{"@type":"ImageObject","inLanguage":"tr","@id":"https:\/\/jinsuncarbon.com\/#\/schema\/logo\/image\/","url":"https:\/\/jinsuncarbon.com\/wp-content\/uploads\/2022\/12\/LOGO-1.png","contentUrl":"https:\/\/jinsuncarbon.com\/wp-content\/uploads\/2022\/12\/LOGO-1.png","width":207,"height":80,"caption":"Jinsun Carbon"},"image":{"@id":"https:\/\/jinsuncarbon.com\/#\/schema\/logo\/image\/"},"sameAs":["https:\/\/www.facebook.com\/Graphite-Electrode-109336238661595","https:\/\/x.com\/jinsuncarbon_","https:\/\/www.linkedin.com\/in\/jinsungraphite","https:\/\/www.youtube.com\/channel\/UCysDNyvyR5-3cCWEmpkVC0g"]}]}},"_links":{"self":[{"href":"https:\/\/jinsuncarbon.com\/tr\/wp-json\/wp\/v2\/product\/6799","targetHints":{"allow":["GET"]}}],"collection":[{"href":"https:\/\/jinsuncarbon.com\/tr\/wp-json\/wp\/v2\/product"}],"about":[{"href":"https:\/\/jinsuncarbon.com\/tr\/wp-json\/wp\/v2\/types\/product"}],"wp:featuredmedia":[{"embeddable":true,"href":"https:\/\/jinsuncarbon.com\/tr\/wp-json\/wp\/v2\/media\/6800"}],"wp:attachment":[{"href":"https:\/\/jinsuncarbon.com\/tr\/wp-json\/wp\/v2\/media?parent=6799"}],"wp:term":[{"taxonomy":"product_brand","embeddable":true,"href":"https:\/\/jinsuncarbon.com\/tr\/wp-json\/wp\/v2\/product_brand?post=6799"},{"taxonomy":"product_cat","embeddable":true,"href":"https:\/\/jinsuncarbon.com\/tr\/wp-json\/wp\/v2\/product_cat?post=6799"},{"taxonomy":"product_tag","embeddable":true,"href":"https:\/\/jinsuncarbon.com\/tr\/wp-json\/wp\/v2\/product_tag?post=6799"}],"curies":[{"name":"wp","href":"https:\/\/api.w.org\/{rel}","templated":true}]}}