{"id":6692,"date":"2024-11-18T00:55:20","date_gmt":"2024-11-18T00:55:20","guid":{"rendered":"https:\/\/jinsuncarbon.com\/?post_type=product&#038;p=6692"},"modified":"2024-11-18T00:55:21","modified_gmt":"2024-11-18T00:55:21","slug":"izomold-grafit-plaka","status":"publish","type":"product","link":"https:\/\/jinsuncarbon.com\/tr\/urun\/izomold-grafit-plaka\/","title":{"rendered":"\u0130zomold Grafit Plaka"},"content":{"rendered":"<h2>\u00dcretim s\u00fcreci<\/h2>\n<p>Grafit hammadde tozunu esnek bir kal\u0131ba koyun, kal\u0131b\u0131 y\u00fcksek bas\u0131n\u00e7l\u0131 bir kaba yerle\u015ftirin ve s\u0131v\u0131 bir ortam arac\u0131l\u0131\u011f\u0131yla e\u015fit \u015fekilde izotropik bas\u0131n\u00e7 uygulay\u0131n. Bas\u0131n\u00e7, toz partik\u00fcllerini her y\u00f6nde s\u0131k\u0131\u015ft\u0131r\u0131r ve ard\u0131ndan y\u00fcksek s\u0131cakl\u0131kta sinterleme gibi sonraki i\u015flemlerden sonra bir grafit plaka olu\u015fturur.<\/p>\n<h2>\u0130zomold grafit plakan\u0131n yap\u0131sal \u00f6zellikleri<\/h2>\n<p><strong>\u0130zotropik:<\/strong><br \/>\nGeleneksel grafit malzemelerle kar\u015f\u0131la\u015ft\u0131r\u0131ld\u0131\u011f\u0131nda, izomold grafit plakalar farkl\u0131 y\u00f6nlerde fiziksel ve kimyasal \u00f6zelliklerde daha az farkl\u0131l\u0131\u011fa sahiptir. \u00d6rne\u011fin, yo\u011funlu\u011fu, sertli\u011fi, elektrik iletkenli\u011fi ve termal iletkenli\u011fi t\u00fcm y\u00f6nlerde daha e\u015fittir, bu da kullan\u0131m s\u0131ras\u0131nda performans\u0131n\u0131 daha istikrarl\u0131 ve g\u00fcvenilir hale getirir.<br \/>\n<strong>Y\u00fcksek safl\u0131kta:<\/strong><br \/>\n\u00d6zel olarak \u015fekillendirilmi\u015f grafit plakalar genellikle daha y\u00fcksek safl\u0131kta ve daha d\u00fc\u015f\u00fck safs\u0131zl\u0131k i\u00e7eri\u011fine sahiptir, bu da y\u00fcksek s\u0131cakl\u0131k ve g\u00fc\u00e7l\u00fc korozyon gibi zorlu ortamlarda performanslar\u0131n\u0131 art\u0131rmaya yard\u0131mc\u0131 olur.<br \/>\n<strong>Tek tip organizasyon:<\/strong> \u00d6zel \u015fekilli grafit plakan\u0131n organizasyonu tek tiptir ve i\u00e7 g\u00f6zenek da\u011f\u0131l\u0131m\u0131 nispeten tek tiptir, bu da genel mukavemeti ve di\u011fer \u00f6zellikleri iyile\u015ftirmeye yard\u0131mc\u0131 olur.<\/p>\n<h2>End\u00fcstriyel uygulama alanlar\u0131<\/h2>\n<p><strong>- Yar\u0131 iletken \u00fcretimi:<\/strong> Yar\u0131 iletken end\u00fcstrisinde, izomold grafit plakalar \u0131s\u0131t\u0131c\u0131lar, yal\u0131t\u0131m \u00f6rt\u00fcleri, elektrotlar ve tek kristal silikon f\u0131r\u0131nlar\u0131n\u0131n di\u011fer bile\u015fenlerini \u00fcretmek i\u00e7in yayg\u0131n olarak kullan\u0131lmaktad\u0131r. Y\u00fcksek safl\u0131\u011f\u0131, izotropisi ve iyi termal \u00f6zellikleri nedeniyle. Y\u00fcksek hassasiyet ve y\u00fcksek kararl\u0131l\u0131k gereksinimlerini daha iyi kar\u015f\u0131layabilir. <a href=\"https:\/\/en.wikipedia.org\/wiki\/Semiconductor\" target=\"_blank\" rel=\"noopener\">yar\u0131 iletken<\/a> \u00fcretim s\u00fcre\u00e7leri.<\/p>\n<p><strong>- Elektrospark i\u015fleme:<\/strong> Elektrospark i\u015flemede bir elektrot malzemesi olarak, izostatik olarak preslenmi\u015f grafit plakalar iyi iletkenli\u011fe ve korozyon direncine sahiptir. \u0130\u015fleme s\u00fcreci s\u0131ras\u0131nda metal malzemeleri do\u011fru bir \u015fekilde \u00e7\u0131karabilir ve \u00fcretim yapabilirler. <a href=\"https:\/\/jinsuncarbon.com\/tr\/urun\/grafit-kalip\/\">KALIPLAR<\/a> ve karma\u015f\u0131k \u015fekillere sahip bile\u015fenler.<\/p>\n<p><strong>- Elektroliz end\u00fcstrisi:<\/strong> Elektroliz verimlili\u011fini art\u0131rmak i\u00e7in elektrolitik h\u00fccrelerde anot olarak kullan\u0131labilirler. Y\u00fcksek s\u0131cakl\u0131kta ve olduk\u00e7a a\u015f\u0131nd\u0131r\u0131c\u0131 asit-baz elektroliz ortamlar\u0131nda, yava\u015f bir oksidasyon oran\u0131n\u0131 korurlar ve ak\u0131m\u0131 etkili bir \u015fekilde iletirler.<\/p>\n<p><strong>- Cam \u00fcretimi:<\/strong> Cam eritme f\u0131r\u0131nlar\u0131nda, izomold grafit plakalar a\u015fa\u011f\u0131daki gibi davranabilir <a href=\"https:\/\/jinsuncarbon.com\/tr\/urun\/grafit-isitma-elemani\/\">\u0131s\u0131tma elemanlar\u0131<\/a> veya <a href=\"https:\/\/jinsuncarbon.com\/tr\/urun\/grafit-firin-astari\/\">Astar<\/a> malzemeler. Y\u00fcksek s\u0131cakl\u0131k direnci ve kimyasal kararl\u0131l\u0131\u011f\u0131, cam eritme i\u015fleminde y\u00fcksek s\u0131cakl\u0131klara ve a\u015f\u0131nd\u0131r\u0131c\u0131 maddelere dayanmas\u0131n\u0131 sa\u011flar.<\/p>\n<p>&nbsp;<\/p>\n<h2>Neden JINSUN izomold grafit plakay\u0131 se\u00e7melisiniz?<\/h2>\n<p><strong>\u0130yi elektrik iletkenli\u011fi:<\/strong><br \/>\nGrafit plakalar\u0131m\u0131z m\u00fckemmel elektrik iletkenli\u011fine ve d\u00fc\u015f\u00fck diren\u00e7lili\u011fe sahiptir. Elektrot malzemeleri gibi verimli elektrik iletkenli\u011fi gerektiren elektrikli ekipman ve devrelerde kullan\u0131labilirler.<\/p>\n<p><strong>Y\u00fcksek \u0131s\u0131 iletkenli\u011fi:<\/strong><br \/>\nIs\u0131y\u0131 h\u0131zl\u0131 bir \u015fekilde iletebilir ve \u0131s\u0131 al\u0131c\u0131lar\u0131 gibi verimli \u0131s\u0131 da\u011f\u0131t\u0131m\u0131 gerektiren uygulamalarda b\u00fcy\u00fck avantajlara sahiptir. \u00d6rne\u011fin, baz\u0131 elektronik ekipmanlarda bir \u0131s\u0131 da\u011f\u0131tma bile\u015feni olarak. Ekipman\u0131n s\u0131cakl\u0131\u011f\u0131n\u0131 etkili bir \u015fekilde azaltabilir ve ekipman\u0131n stabilitesini ve hizmet \u00f6mr\u00fcn\u00fc art\u0131rabilir.<\/p>\n<p><strong>Y\u00fcksek s\u0131cakl\u0131k dayan\u0131m\u0131:<\/strong><br \/>\n\u0130zostatik olarak preslenmi\u015f grafit plakalar y\u00fcksek s\u0131cakl\u0131k ortamlar\u0131nda stabil bir \u015fekilde \u00e7al\u0131\u015fabilir ve a\u015f\u0131r\u0131 y\u00fcksek s\u0131cakl\u0131klara (birka\u00e7 bin santigrat dereceye kadar) dayanabilir. Y\u00fcksek s\u0131cakl\u0131k f\u0131r\u0131nlar\u0131, metal\u00fcrji ve cam \u00fcretimi gibi y\u00fcksek s\u0131cakl\u0131kl\u0131 end\u00fcstriyel alanlar i\u00e7in uygundurlar.<\/p>\n<p><strong>Kimyasal stabilite:<\/strong><br \/>\n\u00c7o\u011fu kimyasala kar\u015f\u0131 iyi toleransa sahiptirler ve g\u00fc\u00e7l\u00fc asitler ve alkaliler gibi a\u015f\u0131nd\u0131r\u0131c\u0131 ortamlarda kararl\u0131 bir \u015fekilde \u00e7al\u0131\u015f\u0131rlar. Bu nedenle, izomold grafit plakalar\u0131m\u0131z kimyasallar i\u00e7in \u00e7ok uygundur, <a href=\"https:\/\/en.wikipedia.org\/wiki\/Electroplating\" target=\"_blank\" rel=\"noopener\">elektrokaplama<\/a> ve di\u011fer sekt\u00f6rler.<\/p>\n<p><strong>\u0130yi mekanik \u00f6zellikler:<\/strong><\/p>\n<p>\u0130zomold grafit plakalar\u0131m\u0131z y\u00fcksek mukavemete ve iyi toklu\u011fa sahiptir ve k\u0131r\u0131lmas\u0131 veya hasar g\u00f6rmesi kolay de\u011fildir. Belirli mekanik stres alt\u0131nda bile yap\u0131sal b\u00fct\u00fcnl\u00fc\u011f\u00fc koruyabilirler.<\/p>","protected":false},"excerpt":{"rendered":"<p>\u0130zomold grafit plaka, izostatik presleme i\u015flemi ile yap\u0131lan bir grafit malzemedir. M\u00fckemmel performans\u0131 ve geni\u015f uygulama alan\u0131 ile end\u00fcstriyel malzemeler alan\u0131nda yayg\u0131n olarak kullan\u0131lmaktad\u0131r. Grafitimiz izotropik, y\u00fcksek yo\u011funluklu ve y\u00fcksek mukavemetli \u00f6zellikleri ile en zorlu end\u00fcstriyel ihtiya\u00e7lar\u0131 kar\u015f\u0131lar<\/p>","protected":false},"featured_media":6693,"template":"","meta":[],"product_brand":[],"product_cat":[38],"product_tag":[],"class_list":{"0":"post-6692","1":"product","2":"type-product","3":"status-publish","4":"has-post-thumbnail","6":"product_cat-graphite-products","8":"first","9":"instock","10":"shipping-taxable","11":"product-type-simple"},"yoast_head":"<!-- This site is optimized with the Yoast SEO Premium plugin v19.2.1 (Yoast SEO v25.3) - https:\/\/yoast.com\/wordpress\/plugins\/seo\/ -->\n<title>Isomolded Graphite Plate | Jinsun Carbon<\/title>\n<meta name=\"description\" content=\"Isomolded graphite plate is widely used in the field of industrial materials with its excellent performance and wide application.\" \/>\n<meta name=\"robots\" content=\"index, follow, max-snippet:-1, max-image-preview:large, max-video-preview:-1\" \/>\n<link rel=\"canonical\" href=\"https:\/\/jinsuncarbon.com\/tr\/urun\/izomold-grafit-plaka\/\" \/>\n<meta property=\"og:locale\" content=\"tr_TR\" \/>\n<meta property=\"og:type\" content=\"article\" \/>\n<meta property=\"og:title\" content=\"Isomolded Graphite Plate\" \/>\n<meta property=\"og:description\" content=\"Isomolded graphite plate is widely used in the field of industrial materials with its excellent performance and wide application.\" \/>\n<meta property=\"og:url\" content=\"https:\/\/jinsuncarbon.com\/tr\/urun\/izomold-grafit-plaka\/\" \/>\n<meta property=\"og:site_name\" content=\"Jinsun Carbon\" \/>\n<meta property=\"article:publisher\" content=\"https:\/\/www.facebook.com\/Graphite-Electrode-109336238661595\" \/>\n<meta property=\"article:modified_time\" content=\"2024-11-18T00:55:21+00:00\" \/>\n<meta property=\"og:image\" content=\"https:\/\/jinsuncarbon.com\/wp-content\/uploads\/2024\/11\/Isomolded-Graphite-Plate.jpg\" \/>\n\t<meta property=\"og:image:width\" content=\"1024\" \/>\n\t<meta property=\"og:image:height\" content=\"763\" \/>\n\t<meta property=\"og:image:type\" content=\"image\/jpeg\" \/>\n<meta name=\"twitter:card\" content=\"summary_large_image\" \/>\n<meta name=\"twitter:site\" content=\"@jinsuncarbon_\" \/>\n<meta name=\"twitter:label1\" content=\"Tahmini okuma s\u00fcresi\" \/>\n\t<meta name=\"twitter:data1\" content=\"3 dakika\" \/>\n<script type=\"application\/ld+json\" class=\"yoast-schema-graph\">{\"@context\":\"https:\/\/schema.org\",\"@graph\":[{\"@type\":\"WebPage\",\"@id\":\"https:\/\/jinsuncarbon.com\/product\/isomolded-graphite-plate\/\",\"url\":\"https:\/\/jinsuncarbon.com\/product\/isomolded-graphite-plate\/\",\"name\":\"Isomolded Graphite Plate | Jinsun Carbon\",\"isPartOf\":{\"@id\":\"https:\/\/jinsuncarbon.com\/#website\"},\"primaryImageOfPage\":{\"@id\":\"https:\/\/jinsuncarbon.com\/product\/isomolded-graphite-plate\/#primaryimage\"},\"image\":{\"@id\":\"https:\/\/jinsuncarbon.com\/product\/isomolded-graphite-plate\/#primaryimage\"},\"thumbnailUrl\":\"https:\/\/jinsuncarbon.com\/wp-content\/uploads\/2024\/11\/Isomolded-Graphite-Plate.jpg\",\"datePublished\":\"2024-11-18T00:55:20+00:00\",\"dateModified\":\"2024-11-18T00:55:21+00:00\",\"description\":\"Isomolded graphite plate is widely used in the field of industrial materials with its excellent performance and wide application.\",\"breadcrumb\":{\"@id\":\"https:\/\/jinsuncarbon.com\/product\/isomolded-graphite-plate\/#breadcrumb\"},\"inLanguage\":\"tr\",\"potentialAction\":[{\"@type\":\"ReadAction\",\"target\":[\"https:\/\/jinsuncarbon.com\/product\/isomolded-graphite-plate\/\"]}]},{\"@type\":\"ImageObject\",\"inLanguage\":\"tr\",\"@id\":\"https:\/\/jinsuncarbon.com\/product\/isomolded-graphite-plate\/#primaryimage\",\"url\":\"https:\/\/jinsuncarbon.com\/wp-content\/uploads\/2024\/11\/Isomolded-Graphite-Plate.jpg\",\"contentUrl\":\"https:\/\/jinsuncarbon.com\/wp-content\/uploads\/2024\/11\/Isomolded-Graphite-Plate.jpg\",\"width\":1024,\"height\":763,\"caption\":\"Isomolded Graphite Plate | Jinsuncarbon\"},{\"@type\":\"BreadcrumbList\",\"@id\":\"https:\/\/jinsuncarbon.com\/product\/isomolded-graphite-plate\/#breadcrumb\",\"itemListElement\":[{\"@type\":\"ListItem\",\"position\":1,\"name\":\"Home\",\"item\":\"https:\/\/jinsuncarbon.com\/\"},{\"@type\":\"ListItem\",\"position\":2,\"name\":\"Products\",\"item\":\"https:\/\/jinsuncarbon.com\/graphite-carbon\/\"},{\"@type\":\"ListItem\",\"position\":3,\"name\":\"Isomolded Graphite Plate\"}]},{\"@type\":\"WebSite\",\"@id\":\"https:\/\/jinsuncarbon.com\/#website\",\"url\":\"https:\/\/jinsuncarbon.com\/\",\"name\":\"Jinsun Carbon\",\"description\":\"We are the successful graphite electrode manufacturer in China\",\"publisher\":{\"@id\":\"https:\/\/jinsuncarbon.com\/#organization\"},\"potentialAction\":[{\"@type\":\"SearchAction\",\"target\":{\"@type\":\"EntryPoint\",\"urlTemplate\":\"https:\/\/jinsuncarbon.com\/?s={search_term_string}\"},\"query-input\":{\"@type\":\"PropertyValueSpecification\",\"valueRequired\":true,\"valueName\":\"search_term_string\"}}],\"inLanguage\":\"tr\"},{\"@type\":\"Organization\",\"@id\":\"https:\/\/jinsuncarbon.com\/#organization\",\"name\":\"Jinsun Carbon\",\"alternateName\":\"Jinsun Carbon\",\"url\":\"https:\/\/jinsuncarbon.com\/\",\"logo\":{\"@type\":\"ImageObject\",\"inLanguage\":\"tr\",\"@id\":\"https:\/\/jinsuncarbon.com\/#\/schema\/logo\/image\/\",\"url\":\"https:\/\/jinsuncarbon.com\/wp-content\/uploads\/2022\/12\/LOGO-1.png\",\"contentUrl\":\"https:\/\/jinsuncarbon.com\/wp-content\/uploads\/2022\/12\/LOGO-1.png\",\"width\":207,\"height\":80,\"caption\":\"Jinsun Carbon\"},\"image\":{\"@id\":\"https:\/\/jinsuncarbon.com\/#\/schema\/logo\/image\/\"},\"sameAs\":[\"https:\/\/www.facebook.com\/Graphite-Electrode-109336238661595\",\"https:\/\/x.com\/jinsuncarbon_\",\"https:\/\/www.linkedin.com\/in\/jinsungraphite\",\"https:\/\/www.youtube.com\/channel\/UCysDNyvyR5-3cCWEmpkVC0g\"]}]}<\/script>\n<!-- \/ Yoast SEO Premium plugin. -->","yoast_head_json":{"title":"\u0130zomold Grafit Plaka | Jinsun Carbon","description":"\u0130zomold grafit plaka, m\u00fckemmel performans\u0131 ve geni\u015f uygulama alan\u0131 ile end\u00fcstriyel malzemeler alan\u0131nda yayg\u0131n olarak kullan\u0131lmaktad\u0131r.","robots":{"index":"index","follow":"follow","max-snippet":"max-snippet:-1","max-image-preview":"max-image-preview:large","max-video-preview":"max-video-preview:-1"},"canonical":"https:\/\/jinsuncarbon.com\/tr\/urun\/izomold-grafit-plaka\/","og_locale":"tr_TR","og_type":"article","og_title":"Isomolded Graphite Plate","og_description":"Isomolded graphite plate is widely used in the field of industrial materials with its excellent performance and wide application.","og_url":"https:\/\/jinsuncarbon.com\/tr\/urun\/izomold-grafit-plaka\/","og_site_name":"Jinsun Carbon","article_publisher":"https:\/\/www.facebook.com\/Graphite-Electrode-109336238661595","article_modified_time":"2024-11-18T00:55:21+00:00","og_image":[{"width":1024,"height":763,"url":"https:\/\/jinsuncarbon.com\/wp-content\/uploads\/2024\/11\/Isomolded-Graphite-Plate.jpg","type":"image\/jpeg"}],"twitter_card":"summary_large_image","twitter_site":"@jinsuncarbon_","twitter_misc":{"Tahmini okuma s\u00fcresi":"3 dakika"},"schema":{"@context":"https:\/\/schema.org","@graph":[{"@type":"WebPage","@id":"https:\/\/jinsuncarbon.com\/product\/isomolded-graphite-plate\/","url":"https:\/\/jinsuncarbon.com\/product\/isomolded-graphite-plate\/","name":"\u0130zomold Grafit Plaka | Jinsun Carbon","isPartOf":{"@id":"https:\/\/jinsuncarbon.com\/#website"},"primaryImageOfPage":{"@id":"https:\/\/jinsuncarbon.com\/product\/isomolded-graphite-plate\/#primaryimage"},"image":{"@id":"https:\/\/jinsuncarbon.com\/product\/isomolded-graphite-plate\/#primaryimage"},"thumbnailUrl":"https:\/\/jinsuncarbon.com\/wp-content\/uploads\/2024\/11\/Isomolded-Graphite-Plate.jpg","datePublished":"2024-11-18T00:55:20+00:00","dateModified":"2024-11-18T00:55:21+00:00","description":"\u0130zomold grafit plaka, m\u00fckemmel performans\u0131 ve geni\u015f uygulama alan\u0131 ile end\u00fcstriyel malzemeler alan\u0131nda yayg\u0131n olarak kullan\u0131lmaktad\u0131r.","breadcrumb":{"@id":"https:\/\/jinsuncarbon.com\/product\/isomolded-graphite-plate\/#breadcrumb"},"inLanguage":"tr","potentialAction":[{"@type":"ReadAction","target":["https:\/\/jinsuncarbon.com\/product\/isomolded-graphite-plate\/"]}]},{"@type":"ImageObject","inLanguage":"tr","@id":"https:\/\/jinsuncarbon.com\/product\/isomolded-graphite-plate\/#primaryimage","url":"https:\/\/jinsuncarbon.com\/wp-content\/uploads\/2024\/11\/Isomolded-Graphite-Plate.jpg","contentUrl":"https:\/\/jinsuncarbon.com\/wp-content\/uploads\/2024\/11\/Isomolded-Graphite-Plate.jpg","width":1024,"height":763,"caption":"Isomolded Graphite Plate | Jinsuncarbon"},{"@type":"BreadcrumbList","@id":"https:\/\/jinsuncarbon.com\/product\/isomolded-graphite-plate\/#breadcrumb","itemListElement":[{"@type":"ListItem","position":1,"name":"Home","item":"https:\/\/jinsuncarbon.com\/"},{"@type":"ListItem","position":2,"name":"Products","item":"https:\/\/jinsuncarbon.com\/graphite-carbon\/"},{"@type":"ListItem","position":3,"name":"Isomolded Graphite Plate"}]},{"@type":"WebSite","@id":"https:\/\/jinsuncarbon.com\/#website","url":"https:\/\/jinsuncarbon.com\/","name":"Jinsun Karbon","description":"\u00c7in'deki ba\u015far\u0131l\u0131 grafit elektrot \u00fcreticisiyiz","publisher":{"@id":"https:\/\/jinsuncarbon.com\/#organization"},"potentialAction":[{"@type":"SearchAction","target":{"@type":"EntryPoint","urlTemplate":"https:\/\/jinsuncarbon.com\/?s={search_term_string}"},"query-input":{"@type":"PropertyValueSpecification","valueRequired":true,"valueName":"search_term_string"}}],"inLanguage":"tr"},{"@type":"Organization","@id":"https:\/\/jinsuncarbon.com\/#organization","name":"Jinsun Karbon","alternateName":"Jinsun Carbon","url":"https:\/\/jinsuncarbon.com\/","logo":{"@type":"ImageObject","inLanguage":"tr","@id":"https:\/\/jinsuncarbon.com\/#\/schema\/logo\/image\/","url":"https:\/\/jinsuncarbon.com\/wp-content\/uploads\/2022\/12\/LOGO-1.png","contentUrl":"https:\/\/jinsuncarbon.com\/wp-content\/uploads\/2022\/12\/LOGO-1.png","width":207,"height":80,"caption":"Jinsun Carbon"},"image":{"@id":"https:\/\/jinsuncarbon.com\/#\/schema\/logo\/image\/"},"sameAs":["https:\/\/www.facebook.com\/Graphite-Electrode-109336238661595","https:\/\/x.com\/jinsuncarbon_","https:\/\/www.linkedin.com\/in\/jinsungraphite","https:\/\/www.youtube.com\/channel\/UCysDNyvyR5-3cCWEmpkVC0g"]}]}},"_links":{"self":[{"href":"https:\/\/jinsuncarbon.com\/tr\/wp-json\/wp\/v2\/product\/6692","targetHints":{"allow":["GET"]}}],"collection":[{"href":"https:\/\/jinsuncarbon.com\/tr\/wp-json\/wp\/v2\/product"}],"about":[{"href":"https:\/\/jinsuncarbon.com\/tr\/wp-json\/wp\/v2\/types\/product"}],"wp:featuredmedia":[{"embeddable":true,"href":"https:\/\/jinsuncarbon.com\/tr\/wp-json\/wp\/v2\/media\/6693"}],"wp:attachment":[{"href":"https:\/\/jinsuncarbon.com\/tr\/wp-json\/wp\/v2\/media?parent=6692"}],"wp:term":[{"taxonomy":"product_brand","embeddable":true,"href":"https:\/\/jinsuncarbon.com\/tr\/wp-json\/wp\/v2\/product_brand?post=6692"},{"taxonomy":"product_cat","embeddable":true,"href":"https:\/\/jinsuncarbon.com\/tr\/wp-json\/wp\/v2\/product_cat?post=6692"},{"taxonomy":"product_tag","embeddable":true,"href":"https:\/\/jinsuncarbon.com\/tr\/wp-json\/wp\/v2\/product_tag?post=6692"}],"curies":[{"name":"wp","href":"https:\/\/api.w.org\/{rel}","templated":true}]}}