{"id":6667,"date":"2024-11-17T14:35:15","date_gmt":"2024-11-17T14:35:15","guid":{"rendered":"https:\/\/jinsuncarbon.com\/?post_type=product&#038;p=6667"},"modified":"2024-11-17T14:35:16","modified_gmt":"2024-11-17T14:35:16","slug":"kucuk-capli-grafit-elektrot","status":"publish","type":"product","link":"https:\/\/jinsuncarbon.com\/tr\/urun\/kucuk-capli-grafit-elektrot\/","title":{"rendered":"K\u00fc\u00e7\u00fck \u00c7apl\u0131 Grafit Elektrot"},"content":{"rendered":"<p>K\u00fc\u00e7\u00fck \u00e7apl\u0131 grafit elektrot y\u00fcksek safl\u0131\u011fa, y\u00fcksek iletkenli\u011fe ve y\u00fcksek termal stabiliteye sahiptir ve ayn\u0131 zamanda end\u00fcstriyel eritme i\u00e7in \u00f6nemli bir malzemedir. Size uzunluk, delme, oluk ve di\u011fer \u00f6zel \u00fcretim s\u00fcre\u00e7leri dahil olmak \u00fczere \u00f6zelle\u015ftirilmi\u015f gereksinimler sunabiliriz.<\/p>\n<h2>K\u00fc\u00e7\u00fck \u00c7apl\u0131 Grafit Elektrotlar\u0131m\u0131z\u0131n Faydalar\u0131<\/h2>\n<ul>\n<li><strong>Y\u00fcksek Safl\u0131kta:<\/strong><\/li>\n<\/ul>\n<p>K\u00fc\u00e7\u00fck \u00e7apl\u0131 grafit elektrodumuz tipik olarak y\u00fcksek safl\u0131\u011fa sahiptir ve metal eritme i\u015fleminde safs\u0131zl\u0131klar\u0131 azaltma i\u015flevine sahiptir.<\/p>\n<ul>\n<li><strong>Y\u00fcksek yo\u011funluk<\/strong><\/li>\n<\/ul>\n<p>K\u00fc\u00e7\u00fck \u00e7apl\u0131 grafit elektrodun y\u00fcksek yo\u011funlu\u011fu, elektrodun g\u00fcc\u00fcn\u00fc ve dayan\u0131kl\u0131l\u0131\u011f\u0131n\u0131 art\u0131rarak uzun bir kullan\u0131m s\u00fcresi boyunca performans\u0131n\u0131 korumas\u0131n\u0131 sa\u011flar.<\/p>\n<ul>\n<li><strong>Y\u00fcksek Termal Kararl\u0131l\u0131k:<\/strong><\/li>\n<\/ul>\n<p><a href=\"https:\/\/jinsuncarbon.com\/tr\/urun\/shp-grafi%cc%87t-elektrot\/\">Grafit elektrotlar<\/a> yap\u0131sal olarak kararl\u0131d\u0131r ve y\u00fcksek s\u0131cakl\u0131klarda kolayca erimez veya oksitlenmez.<\/p>\n<ul>\n<li><strong>\u0130\u015flem kolayl\u0131\u011f\u0131:<\/strong><\/li>\n<\/ul>\n<p>Farkl\u0131 EAF tasar\u0131mlar\u0131na uyum sa\u011flamak i\u00e7in \u00e7e\u015fitli \u015fekil ve boyutlarda i\u015flenebilir. Bu esneklik, grafit elektrotlar\u0131n \u00e7ok \u00e7e\u015fitli metal\u00fcrjik ihtiya\u00e7lar\u0131 kar\u015f\u0131lamas\u0131n\u0131 sa\u011flar.<\/p>\n<p>&nbsp;<\/p>\n<h2>Uygulamalar<\/h2>\n<ul>\n<li><strong>Kalsiyum karb\u00fcr ve kuvars eritme:<\/strong>- Kalsiyum karb\u00fcr eritme i\u015fleminde, k\u00fc\u00e7\u00fck \u00e7apl\u0131 grafit elektrot, f\u0131r\u0131na elektrik enerjisi vermek i\u00e7in bir iletken g\u00f6revi g\u00f6r\u00fcr. B\u00f6ylece hammaddeler kimyasal reaksiyona girerek kalsiyum karb\u00fcr olu\u015fturur ve eritme i\u015flemi daha sorunsuz hale gelir. Kuvars eritme i\u015fleminde, iletim ve \u0131s\u0131tma rol\u00fc oynayarak kuvars cevherinin y\u00fcksek s\u0131cakl\u0131klarda safla\u015ft\u0131r\u0131lmas\u0131na ve d\u00f6n\u00fc\u015ft\u00fcr\u00fclmesine yard\u0131mc\u0131 olur.<\/li>\n<\/ul>\n<p>&nbsp;<\/p>\n<ul>\n<li><strong>Kal\u0131p Yap\u0131m\u0131:<\/strong> \u00a0\u00a0\u00a0-K\u00fc\u00e7\u00fck \u00e7apl\u0131 grafit elektrot, enjeksiyon kal\u0131plar\u0131, kal\u0131p d\u00f6k\u00fcm kal\u0131plar\u0131 vb. gibi her t\u00fcrl\u00fc kal\u0131b\u0131n i\u015flenmesinde kullan\u0131l\u0131r. Karma\u015f\u0131k \u015fekillerde ve k\u00fc\u00e7\u00fck par\u00e7alarda hassas EDM sa\u011flar. <a href=\"https:\/\/jinsuncarbon.com\/tr\/urun\/grafit-kalip\/\">KALIPLAR<\/a>ve kal\u0131plar\u0131n do\u011frulu\u011funu ve y\u00fczey kalitesini art\u0131r\u0131r.<\/li>\n<\/ul>\n<p>&nbsp;<\/p>\n<ul>\n<li><strong>Yar\u0131 \u0130letkenler :<\/strong> Monokristal silikon \u00fcretiminde, k\u00fc\u00e7\u00fck \u00e7apl\u0131 grafit elektrot da a\u015fa\u011f\u0131dakileri yapmak i\u00e7in kullan\u0131labilir <a href=\"https:\/\/jinsuncarbon.com\/tr\/urun\/grafit-isitma-elemani\/\">\u0131s\u0131tma eleman\u0131<\/a> kristal b\u00fcy\u00fctme f\u0131r\u0131nlar\u0131 i\u00e7in. Y\u00fcksek s\u0131cakl\u0131k direnci ve kimyasal kararl\u0131l\u0131\u011f\u0131, y\u00fcksek s\u0131cakl\u0131kl\u0131, y\u00fcksek vakumlu bir ortamda \u00e7al\u0131\u015fmas\u0131n\u0131 sa\u011flar. Bu, monokristal silikonun b\u00fcy\u00fcmesi i\u00e7in gerekli ko\u015fullar\u0131 sa\u011flar.<\/li>\n<\/ul>\n<p>&nbsp;<\/p>\n<ul>\n<li><strong>Kimyasal:<\/strong>- Elektroliz, sentez reaksiyonlar\u0131 gibi baz\u0131 kimyasal i\u015flemlerde vb. Elektrokimyasal reaksiyonlara kat\u0131lmak veya iletken yollar sa\u011flamak i\u00e7in elektrot malzemesi olarak kullanabilirsiniz.<\/li>\n<\/ul>\n<p>&nbsp;<\/p>\n<ul>\n<li><strong>EDM:<\/strong> \u00a0\u00a0\u00a0- EDM, kal\u0131p yap\u0131m\u0131nda \u00f6nemli bir s\u00fcre\u00e7tir. Kal\u0131p elektrodu olarak k\u00fc\u00e7\u00fck \u00e7apl\u0131 grafit elektrot kullanabilirsiniz. <a href=\"https:\/\/en.wikipedia.org\/wiki\/Electrical_discharge_machining\" target=\"_blank\" rel=\"noopener\">EDM<\/a> Kal\u0131p malzemesini de\u015farj korozyonu ile \u00e7\u0131karmak i\u00e7in karma\u015f\u0131k \u015fekiller ve y\u00fcksek hassasiyetli kal\u0131plar elde edilir. Avantajlar\u0131 aras\u0131nda iyi de\u015farj performans\u0131, d\u00fc\u015f\u00fck kay\u0131plar ve y\u00fcksek i\u015fleme hassasiyeti yer al\u0131r.<\/li>\n<\/ul>\n<p>&nbsp;<\/p>\n<h2>Eritme i\u015fleminiz i\u00e7in neden Jinsun grafit elektrotunu se\u00e7melisiniz?<\/h2>\n<p><strong>Y\u00fcksek Elektriksel ve Termal \u0130letkenlik:<\/strong><\/p>\n<p>-Elektrodumuz m\u00fckemmel elektriksel ve termal iletkenli\u011fe sahiptir ve elektrik ak\u0131m\u0131n\u0131 ve \u0131s\u0131y\u0131 etkili bir \u015fekilde iletebilir. Bu, onu y\u00fcksek s\u0131cakl\u0131kta eritme i\u015fleminde m\u00fckemmel hale getirir, \u0131s\u0131y\u0131 h\u0131zl\u0131 bir \u015fekilde aktarabilir ve eritme verimlili\u011fini art\u0131rabilir.<\/p>\n<p><strong>Y\u00fcksek S\u0131cakl\u0131k Dayan\u0131m\u0131:<\/strong><\/p>\n<p>Elektrot, erime veya hasar olmaks\u0131z\u0131n son derece y\u00fcksek s\u0131cakl\u0131klarda stabildir. Bu nedenle, elektrik ark f\u0131r\u0131nlar\u0131 gibi y\u00fcksek s\u0131cakl\u0131k ortamlar\u0131nda belirgin avantajlar\u0131 vard\u0131r, <a href=\"https:\/\/en.wikipedia.org\/wiki\/Vacuum_furnace\" target=\"_blank\" rel=\"noopener\">vakum f\u0131r\u0131nlar\u0131<\/a> ve orta frekansl\u0131 f\u0131r\u0131nlar.<\/p>\n<p><strong>D\u00fc\u015f\u00fck termal genle\u015fme katsay\u0131s\u0131:<\/strong><\/p>\n<p>Grafit elektrodun termal genle\u015fme katsay\u0131s\u0131 k\u00fc\u00e7\u00fckt\u00fcr ve i\u015fleme s\u0131ras\u0131nda olu\u015fan \u0131s\u0131 nedeniyle kolayca deforme olmaz. B\u00f6ylece eritme i\u015fleminin kararl\u0131l\u0131\u011f\u0131n\u0131 ve do\u011frulu\u011funu sa\u011flayabilir.<\/p>\n<p><strong>Y\u00fcksek mekanik dayan\u0131m<\/strong><\/p>\n<p>Elektrotlar\u0131m\u0131z y\u00fcksek \u00e7ekme ve darbe kuvvetlerine dayanabilir ve 10-45MPa e\u011filme mukavemetine sahiptir. Bunun nedeni, bu elektrotlar\u0131n performans\u0131 art\u0131rmak i\u00e7in bir\u00e7ok kez emprenye edilmesidir.<\/p>\n<p>&nbsp;<\/p>","protected":false},"excerpt":{"rendered":"<p>K\u00fc\u00e7\u00fck \u00e7apl\u0131 grafit elektrot genellikle k\u00fc\u00e7\u00fck \u00e7apl\u0131 y\u00fcksek safl\u0131kta grafit \u00fcr\u00fcn\u00fcn\u00fc ifade eder. Petrol kok k\u00f6m\u00fcr\u00fc ve i\u011fne kok k\u00f6m\u00fcr\u00fc gibi karbonlu hammaddelerden k\u0131rma, kal\u0131plama, kavurma ve grafitle\u015ftirme yoluyla yap\u0131l\u0131r.  Genel olarak \u00e7ap\u0131 60 milimetre ile 150 milimetre aras\u0131nda de\u011fi\u015febilir.<\/p>\n<p>&nbsp;<\/p>","protected":false},"featured_media":6668,"template":"","meta":[],"product_brand":[],"product_cat":[37],"product_tag":[],"class_list":{"0":"post-6667","1":"product","2":"type-product","3":"status-publish","4":"has-post-thumbnail","6":"product_cat-graphite-electrode","8":"first","9":"instock","10":"shipping-taxable","11":"product-type-simple"},"yoast_head":"<!-- This site is optimized with the Yoast SEO Premium plugin v19.2.1 (Yoast SEO v25.3) - https:\/\/yoast.com\/wordpress\/plugins\/seo\/ -->\n<title>Small Diameter Graphite Electrode Manufacturer | Jinsun Carbon<\/title>\n<meta name=\"description\" content=\"Small diameter graphite electrode has high purity, high conductivity and high thermal stability, and it is also a key material for industrial melting.\" \/>\n<meta name=\"robots\" content=\"index, follow, max-snippet:-1, max-image-preview:large, max-video-preview:-1\" \/>\n<link rel=\"canonical\" href=\"https:\/\/jinsuncarbon.com\/tr\/urun\/kucuk-capli-grafit-elektrot\/\" \/>\n<meta property=\"og:locale\" content=\"tr_TR\" \/>\n<meta property=\"og:type\" content=\"article\" \/>\n<meta property=\"og:title\" content=\"Small Diameter Graphite Electrode\" \/>\n<meta property=\"og:description\" content=\"Small diameter graphite electrode has high purity, high conductivity and high thermal stability, and it is also a key material for industrial melting.\" \/>\n<meta property=\"og:url\" content=\"https:\/\/jinsuncarbon.com\/tr\/urun\/kucuk-capli-grafit-elektrot\/\" \/>\n<meta property=\"og:site_name\" content=\"Jinsun Carbon\" \/>\n<meta property=\"article:publisher\" content=\"https:\/\/www.facebook.com\/Graphite-Electrode-109336238661595\" \/>\n<meta property=\"article:modified_time\" content=\"2024-11-17T14:35:16+00:00\" \/>\n<meta property=\"og:image\" content=\"https:\/\/jinsuncarbon.com\/wp-content\/uploads\/2024\/11\/Small-diameter-graphite-electrode.jpg\" \/>\n\t<meta property=\"og:image:width\" content=\"1024\" \/>\n\t<meta property=\"og:image:height\" content=\"763\" \/>\n\t<meta property=\"og:image:type\" content=\"image\/jpeg\" \/>\n<meta name=\"twitter:card\" content=\"summary_large_image\" \/>\n<meta name=\"twitter:site\" content=\"@jinsuncarbon_\" \/>\n<meta name=\"twitter:label1\" content=\"Tahmini okuma s\u00fcresi\" \/>\n\t<meta name=\"twitter:data1\" content=\"3 dakika\" \/>\n<script type=\"application\/ld+json\" class=\"yoast-schema-graph\">{\"@context\":\"https:\/\/schema.org\",\"@graph\":[{\"@type\":\"WebPage\",\"@id\":\"https:\/\/jinsuncarbon.com\/product\/small-diameter-graphite-electrode\/\",\"url\":\"https:\/\/jinsuncarbon.com\/product\/small-diameter-graphite-electrode\/\",\"name\":\"Small Diameter Graphite Electrode Manufacturer | Jinsun Carbon\",\"isPartOf\":{\"@id\":\"https:\/\/jinsuncarbon.com\/#website\"},\"primaryImageOfPage\":{\"@id\":\"https:\/\/jinsuncarbon.com\/product\/small-diameter-graphite-electrode\/#primaryimage\"},\"image\":{\"@id\":\"https:\/\/jinsuncarbon.com\/product\/small-diameter-graphite-electrode\/#primaryimage\"},\"thumbnailUrl\":\"https:\/\/jinsuncarbon.com\/wp-content\/uploads\/2024\/11\/Small-diameter-graphite-electrode.jpg\",\"datePublished\":\"2024-11-17T14:35:15+00:00\",\"dateModified\":\"2024-11-17T14:35:16+00:00\",\"description\":\"Small diameter graphite electrode has high purity, high conductivity and high thermal stability, and it is also a key material for industrial melting.\",\"breadcrumb\":{\"@id\":\"https:\/\/jinsuncarbon.com\/product\/small-diameter-graphite-electrode\/#breadcrumb\"},\"inLanguage\":\"tr\",\"potentialAction\":[{\"@type\":\"ReadAction\",\"target\":[\"https:\/\/jinsuncarbon.com\/product\/small-diameter-graphite-electrode\/\"]}]},{\"@type\":\"ImageObject\",\"inLanguage\":\"tr\",\"@id\":\"https:\/\/jinsuncarbon.com\/product\/small-diameter-graphite-electrode\/#primaryimage\",\"url\":\"https:\/\/jinsuncarbon.com\/wp-content\/uploads\/2024\/11\/Small-diameter-graphite-electrode.jpg\",\"contentUrl\":\"https:\/\/jinsuncarbon.com\/wp-content\/uploads\/2024\/11\/Small-diameter-graphite-electrode.jpg\",\"width\":1024,\"height\":763,\"caption\":\"Small diameter graphite electrode | Jinsuncarbon\"},{\"@type\":\"BreadcrumbList\",\"@id\":\"https:\/\/jinsuncarbon.com\/product\/small-diameter-graphite-electrode\/#breadcrumb\",\"itemListElement\":[{\"@type\":\"ListItem\",\"position\":1,\"name\":\"Home\",\"item\":\"https:\/\/jinsuncarbon.com\/\"},{\"@type\":\"ListItem\",\"position\":2,\"name\":\"Products\",\"item\":\"https:\/\/jinsuncarbon.com\/graphite-carbon\/\"},{\"@type\":\"ListItem\",\"position\":3,\"name\":\"Small Diameter Graphite Electrode\"}]},{\"@type\":\"WebSite\",\"@id\":\"https:\/\/jinsuncarbon.com\/#website\",\"url\":\"https:\/\/jinsuncarbon.com\/\",\"name\":\"Jinsun Carbon\",\"description\":\"We are the successful graphite electrode manufacturer in China\",\"publisher\":{\"@id\":\"https:\/\/jinsuncarbon.com\/#organization\"},\"potentialAction\":[{\"@type\":\"SearchAction\",\"target\":{\"@type\":\"EntryPoint\",\"urlTemplate\":\"https:\/\/jinsuncarbon.com\/?s={search_term_string}\"},\"query-input\":{\"@type\":\"PropertyValueSpecification\",\"valueRequired\":true,\"valueName\":\"search_term_string\"}}],\"inLanguage\":\"tr\"},{\"@type\":\"Organization\",\"@id\":\"https:\/\/jinsuncarbon.com\/#organization\",\"name\":\"Jinsun Carbon\",\"alternateName\":\"Jinsun Carbon\",\"url\":\"https:\/\/jinsuncarbon.com\/\",\"logo\":{\"@type\":\"ImageObject\",\"inLanguage\":\"tr\",\"@id\":\"https:\/\/jinsuncarbon.com\/#\/schema\/logo\/image\/\",\"url\":\"https:\/\/jinsuncarbon.com\/wp-content\/uploads\/2022\/12\/LOGO-1.png\",\"contentUrl\":\"https:\/\/jinsuncarbon.com\/wp-content\/uploads\/2022\/12\/LOGO-1.png\",\"width\":207,\"height\":80,\"caption\":\"Jinsun Carbon\"},\"image\":{\"@id\":\"https:\/\/jinsuncarbon.com\/#\/schema\/logo\/image\/\"},\"sameAs\":[\"https:\/\/www.facebook.com\/Graphite-Electrode-109336238661595\",\"https:\/\/x.com\/jinsuncarbon_\",\"https:\/\/www.linkedin.com\/in\/jinsungraphite\",\"https:\/\/www.youtube.com\/channel\/UCysDNyvyR5-3cCWEmpkVC0g\"]}]}<\/script>\n<!-- \/ Yoast SEO Premium plugin. -->","yoast_head_json":{"title":"K\u00fc\u00e7\u00fck \u00c7apl\u0131 Grafit Elektrot \u00dcreticisi | Jinsun Carbon","description":"K\u00fc\u00e7\u00fck \u00e7apl\u0131 grafit elektrot y\u00fcksek safl\u0131\u011fa, y\u00fcksek iletkenli\u011fe ve y\u00fcksek termal kararl\u0131l\u0131\u011fa sahiptir ve ayn\u0131 zamanda end\u00fcstriyel eritme i\u00e7in \u00f6nemli bir malzemedir.","robots":{"index":"index","follow":"follow","max-snippet":"max-snippet:-1","max-image-preview":"max-image-preview:large","max-video-preview":"max-video-preview:-1"},"canonical":"https:\/\/jinsuncarbon.com\/tr\/urun\/kucuk-capli-grafit-elektrot\/","og_locale":"tr_TR","og_type":"article","og_title":"Small Diameter Graphite Electrode","og_description":"Small diameter graphite electrode has high purity, high conductivity and high thermal stability, and it is also a key material for industrial melting.","og_url":"https:\/\/jinsuncarbon.com\/tr\/urun\/kucuk-capli-grafit-elektrot\/","og_site_name":"Jinsun Carbon","article_publisher":"https:\/\/www.facebook.com\/Graphite-Electrode-109336238661595","article_modified_time":"2024-11-17T14:35:16+00:00","og_image":[{"width":1024,"height":763,"url":"https:\/\/jinsuncarbon.com\/wp-content\/uploads\/2024\/11\/Small-diameter-graphite-electrode.jpg","type":"image\/jpeg"}],"twitter_card":"summary_large_image","twitter_site":"@jinsuncarbon_","twitter_misc":{"Tahmini okuma s\u00fcresi":"3 dakika"},"schema":{"@context":"https:\/\/schema.org","@graph":[{"@type":"WebPage","@id":"https:\/\/jinsuncarbon.com\/product\/small-diameter-graphite-electrode\/","url":"https:\/\/jinsuncarbon.com\/product\/small-diameter-graphite-electrode\/","name":"K\u00fc\u00e7\u00fck \u00c7apl\u0131 Grafit Elektrot \u00dcreticisi | Jinsun Carbon","isPartOf":{"@id":"https:\/\/jinsuncarbon.com\/#website"},"primaryImageOfPage":{"@id":"https:\/\/jinsuncarbon.com\/product\/small-diameter-graphite-electrode\/#primaryimage"},"image":{"@id":"https:\/\/jinsuncarbon.com\/product\/small-diameter-graphite-electrode\/#primaryimage"},"thumbnailUrl":"https:\/\/jinsuncarbon.com\/wp-content\/uploads\/2024\/11\/Small-diameter-graphite-electrode.jpg","datePublished":"2024-11-17T14:35:15+00:00","dateModified":"2024-11-17T14:35:16+00:00","description":"K\u00fc\u00e7\u00fck \u00e7apl\u0131 grafit elektrot y\u00fcksek safl\u0131\u011fa, y\u00fcksek iletkenli\u011fe ve y\u00fcksek termal kararl\u0131l\u0131\u011fa sahiptir ve ayn\u0131 zamanda end\u00fcstriyel eritme i\u00e7in \u00f6nemli bir malzemedir.","breadcrumb":{"@id":"https:\/\/jinsuncarbon.com\/product\/small-diameter-graphite-electrode\/#breadcrumb"},"inLanguage":"tr","potentialAction":[{"@type":"ReadAction","target":["https:\/\/jinsuncarbon.com\/product\/small-diameter-graphite-electrode\/"]}]},{"@type":"ImageObject","inLanguage":"tr","@id":"https:\/\/jinsuncarbon.com\/product\/small-diameter-graphite-electrode\/#primaryimage","url":"https:\/\/jinsuncarbon.com\/wp-content\/uploads\/2024\/11\/Small-diameter-graphite-electrode.jpg","contentUrl":"https:\/\/jinsuncarbon.com\/wp-content\/uploads\/2024\/11\/Small-diameter-graphite-electrode.jpg","width":1024,"height":763,"caption":"Small diameter graphite electrode | Jinsuncarbon"},{"@type":"BreadcrumbList","@id":"https:\/\/jinsuncarbon.com\/product\/small-diameter-graphite-electrode\/#breadcrumb","itemListElement":[{"@type":"ListItem","position":1,"name":"Home","item":"https:\/\/jinsuncarbon.com\/"},{"@type":"ListItem","position":2,"name":"Products","item":"https:\/\/jinsuncarbon.com\/graphite-carbon\/"},{"@type":"ListItem","position":3,"name":"Small Diameter Graphite Electrode"}]},{"@type":"WebSite","@id":"https:\/\/jinsuncarbon.com\/#website","url":"https:\/\/jinsuncarbon.com\/","name":"Jinsun Karbon","description":"\u00c7in'deki ba\u015far\u0131l\u0131 grafit elektrot \u00fcreticisiyiz","publisher":{"@id":"https:\/\/jinsuncarbon.com\/#organization"},"potentialAction":[{"@type":"SearchAction","target":{"@type":"EntryPoint","urlTemplate":"https:\/\/jinsuncarbon.com\/?s={search_term_string}"},"query-input":{"@type":"PropertyValueSpecification","valueRequired":true,"valueName":"search_term_string"}}],"inLanguage":"tr"},{"@type":"Organization","@id":"https:\/\/jinsuncarbon.com\/#organization","name":"Jinsun Karbon","alternateName":"Jinsun Carbon","url":"https:\/\/jinsuncarbon.com\/","logo":{"@type":"ImageObject","inLanguage":"tr","@id":"https:\/\/jinsuncarbon.com\/#\/schema\/logo\/image\/","url":"https:\/\/jinsuncarbon.com\/wp-content\/uploads\/2022\/12\/LOGO-1.png","contentUrl":"https:\/\/jinsuncarbon.com\/wp-content\/uploads\/2022\/12\/LOGO-1.png","width":207,"height":80,"caption":"Jinsun Carbon"},"image":{"@id":"https:\/\/jinsuncarbon.com\/#\/schema\/logo\/image\/"},"sameAs":["https:\/\/www.facebook.com\/Graphite-Electrode-109336238661595","https:\/\/x.com\/jinsuncarbon_","https:\/\/www.linkedin.com\/in\/jinsungraphite","https:\/\/www.youtube.com\/channel\/UCysDNyvyR5-3cCWEmpkVC0g"]}]}},"_links":{"self":[{"href":"https:\/\/jinsuncarbon.com\/tr\/wp-json\/wp\/v2\/product\/6667","targetHints":{"allow":["GET"]}}],"collection":[{"href":"https:\/\/jinsuncarbon.com\/tr\/wp-json\/wp\/v2\/product"}],"about":[{"href":"https:\/\/jinsuncarbon.com\/tr\/wp-json\/wp\/v2\/types\/product"}],"wp:featuredmedia":[{"embeddable":true,"href":"https:\/\/jinsuncarbon.com\/tr\/wp-json\/wp\/v2\/media\/6668"}],"wp:attachment":[{"href":"https:\/\/jinsuncarbon.com\/tr\/wp-json\/wp\/v2\/media?parent=6667"}],"wp:term":[{"taxonomy":"product_brand","embeddable":true,"href":"https:\/\/jinsuncarbon.com\/tr\/wp-json\/wp\/v2\/product_brand?post=6667"},{"taxonomy":"product_cat","embeddable":true,"href":"https:\/\/jinsuncarbon.com\/tr\/wp-json\/wp\/v2\/product_cat?post=6667"},{"taxonomy":"product_tag","embeddable":true,"href":"https:\/\/jinsuncarbon.com\/tr\/wp-json\/wp\/v2\/product_tag?post=6667"}],"curies":[{"name":"wp","href":"https:\/\/api.w.org\/{rel}","templated":true}]}}