{"id":6666,"date":"2024-11-19T12:33:54","date_gmt":"2024-11-19T12:33:54","guid":{"rendered":"https:\/\/jinsuncarbon.com\/?post_type=product&#038;p=6666"},"modified":"2024-12-01T22:53:30","modified_gmt":"2024-12-01T22:53:30","slug":"grafit-cubuk-elektrot","status":"publish","type":"product","link":"https:\/\/jinsuncarbon.com\/tr\/urun\/grafit-cubuk-elektrot\/","title":{"rendered":"Grafit \u00c7ubuk Elektrot"},"content":{"rendered":"<p>Grafit \u00e7ubuk elektrotlar genellikle silindirik formdad\u0131r ve metal eritme ve di\u011fer alanlarda yayg\u0131n olarak kullan\u0131l\u0131r. Modern end\u00fcstriyel \u00fcretimin vazge\u00e7ilmez bir par\u00e7as\u0131d\u0131rlar. Elektrotlar\u0131m\u0131z m\u00fckemmel iletkenli\u011fe sahiptir ve y\u00fcksek s\u0131cakl\u0131klara dayanabilir. Dolay\u0131s\u0131yla bu malzemeler y\u00fcksek s\u0131cakl\u0131k ko\u015fullar\u0131nda bile stabil kal\u0131r ve erimeleri kolay de\u011fildir. Ayr\u0131ca, kimyasal kararl\u0131l\u0131klar\u0131, onlara m\u00fckemmel korozyon direnci sa\u011flayan ve \u00e7ok \u00e7e\u015fitli ortamlar i\u00e7in uygun olan \u00f6nemli bir \u00f6zelliktir.<\/p>\n<h2>Ana \u00d6zellikler:<\/h2>\n<p>M\u00fckemmel \u0130letkenlik, Y\u00fcksek S\u0131cakl\u0131k Dayan\u0131m\u0131, Kimyasal Kararl\u0131l\u0131k Elektrot \u00e7ubuklar\u0131 y\u00fcksek safl\u0131kta grafitten yap\u0131lm\u0131\u015ft\u0131r. Y\u00fcksek mukavemete ve d\u00fc\u015f\u00fck dirence sahiptirler, bu da onlara daha uzun bir hizmet \u00f6mr\u00fc sa\u011flar. \u0130nan\u0131lmaz termal \u015fok direncine sahiptirler ve h\u0131zl\u0131 s\u0131cakl\u0131k de\u011fi\u015fimlerini s\u00fcrd\u00fcrebilirler. Ayn\u0131 zamanda, bu elektrot \u00e7ubuklar\u0131 \u00e7e\u015fitli \u015fekil ve hacimlerde bile\u015fenler \u00fcretmek i\u00e7in hassas bir \u015fekilde i\u015flenebilir. Ayr\u0131ca, farkl\u0131 end\u00fcstrilerin ihtiya\u00e7lar\u0131n\u0131 kar\u015f\u0131layabilen ayn\u0131 malzeme grubunun elektriksel ve termal iletkenli\u011finin tutarl\u0131l\u0131\u011f\u0131n\u0131 korurlar.<\/p>\n<p>Bu grafit \u00e7ubuk elektrotlar g\u00fc\u00e7l\u00fc oksidasyon direncine, asit ve alkali korozyon direncine ve a\u015f\u0131nma direncine sahiptir. Elektroliz ve eritme gibi farkl\u0131 kimyasal ortamlarda uygulama i\u00e7in tercih edilen malzeme haline gelmi\u015ftir.<\/p>\n<h2>Grafit \u00c7ubuk Elektrot Kullan\u0131m Alanlar\u0131<\/h2>\n<p><strong>Elektrik ark ocakl\u0131 \u00e7elik \u00fcretimi:<\/strong><\/p>\n<p>Grafit \u00e7ubuk elektrot, hurda \u00e7eli\u011fi veya ferroala\u015f\u0131mlar\u0131 eritmek i\u00e7in y\u00fcksek s\u0131cakl\u0131kta ark olu\u015fturmak i\u00e7in kullan\u0131l\u0131r. Ayr\u0131ca, elektrikli f\u0131r\u0131n \u00e7elik \u00fcretim s\u00fcrecinin sorunsuz ilerlemesini sa\u011flamak i\u00e7in iletkenlik ve y\u00fcksek s\u0131cakl\u0131k direncinin ikili rol\u00fcn\u00fc oynar.<\/p>\n<p><strong>Diren\u00e7li f\u0131r\u0131n \u0131s\u0131tmas\u0131:<\/strong><\/p>\n<p>Rezistans f\u0131r\u0131n\u0131nda, bir <a href=\"https:\/\/jinsuncarbon.com\/tr\/urun\/grafit-isitma-elemani\/\">\u0131s\u0131tma eleman\u0131<\/a> sabit bir \u0131s\u0131 kayna\u011f\u0131 sa\u011flamak i\u00e7in.<\/p>\n<p><strong>Elektrolitik H\u00fccreler:<\/strong><\/p>\n<p>Olarak kullan\u0131l\u0131rlar <a href=\"https:\/\/jinsuncarbon.com\/tr\/urun\/anot-karbon-blogu\/\">anotlar<\/a> veya <a href=\"https:\/\/jinsuncarbon.com\/tr\/urun\/katot-blogu\/\">katotlar<\/a> Elektrolitik proseste, \u00f6zellikle al\u00fcminyum gibi metallerin \u00fcretiminde. Grafit rotorlar halinde i\u015flenebilir ve al\u00fcminyum s\u0131v\u0131s\u0131n\u0131n kar\u0131\u015ft\u0131r\u0131lmas\u0131 s\u0131ras\u0131nda havaland\u0131rma i\u00e7in kullan\u0131labilir.<\/p>\n<p><strong>\u00d6zel Kaynak:<\/strong><\/p>\n<p>Grafit elektrotlar diren\u00e7 kayna\u011f\u0131 gibi \u00f6zel kaynak tekniklerinde de kullan\u0131l\u0131r ve <a href=\"https:\/\/en.wikipedia.org\/wiki\/Arc_welding#:~:text=Arc%20welding%20is%20a%20welding,a%20binding%20of%20the%20metals.\" target=\"_blank\" rel=\"noopener\">ark kayna\u011f\u0131<\/a>.<\/p>\n<p><strong>Demir D\u0131\u015f\u0131 Metal Eritme:<\/strong><\/p>\n<p>\u0130letken malzemeler olarak, Demir D\u0131\u015f\u0131 Metaller elektrik enerjisini eritmek i\u00e7in \u0131s\u0131 enerjisine d\u00f6n\u00fc\u015ft\u00fcr\u00fcr ve demir d\u0131\u015f\u0131 <a href=\"https:\/\/en.wikipedia.org\/wiki\/Refining_(metallurgy)#:~:text=In%20metallurgy%2C%20refining%20consists%20of,identical%20to%20the%20raw%20material.\" target=\"_blank\" rel=\"noopener\">metal rafi\u0307nasyonu<\/a>.<\/p>\n<p>&nbsp;<\/p>\n<h2>Grafit \u00e7ubuk elektrotlar ile di\u011fer malzeme elektrotlar aras\u0131ndaki farklar:<\/h2>\n<p><strong>Yap\u0131sal farkl\u0131l\u0131klar:<\/strong><\/p>\n<p>Cams\u0131 karbonla kar\u015f\u0131la\u015ft\u0131r\u0131ld\u0131\u011f\u0131nda grafit, alt\u0131gen olarak d\u00fczenlenmi\u015f karbon atomu katmanlar\u0131ndan olu\u015fan olduk\u00e7a d\u00fczenli bir kristal yap\u0131ya sahipken, cams\u0131 karbon amorf, grafikle\u015ftirilemeyen bir karbon formudur.<\/p>\n<p><strong>Fiziksel \u00d6zellikler:<\/strong><\/p>\n<p>Grafit, termal ve elektriksel iletkenlikte ola\u011fan\u00fcst\u00fcd\u00fcr.<\/p>\n<p>Cams\u0131 karbonun \u0131s\u0131l iletkenli\u011fi azal\u0131rsa, daha y\u00fcksek elektrik direnci olacakt\u0131r.<\/p>\n<p><strong>Mekanik \u00f6zellikler:<\/strong><\/p>\n<p>Grafitin kenar d\u00fczlemleri, bazal d\u00fczlem boyunca soyulabilen kaygan, esnek bir yap\u0131ya sahipken, cams\u0131 karbon yo\u011fun ve serttir, gazlara veya s\u0131v\u0131lara kar\u015f\u0131 ge\u00e7irgenli\u011fi yoktur.<\/p>\n<p><strong>Uygulama farkl\u0131l\u0131klar\u0131:<\/strong><\/p>\n<p>Grafit \u00e7ubuk elektrotlar, elektrik ark f\u0131r\u0131nlar\u0131nda, lityum iyon pillerde ve di\u011fer y\u00fcksek s\u0131cakl\u0131k uygulamalar\u0131nda elektrot olarak yayg\u0131n \u015fekilde kullan\u0131l\u0131rken, cams\u0131 karbon, m\u00fckemmel \u00f6zellikleri nedeniyle, y\u00fcksek tolerans ve detay gereksinimleri olan hassas par\u00e7alar i\u00e7in tercih edilen se\u00e7imdir.<\/p>\n<p>&nbsp;<\/p>","protected":false},"excerpt":{"rendered":"<p>Grafit \u00e7ubuk elektrotlar grafitten yap\u0131lm\u0131\u015ft\u0131r, bu elektrotlar y\u00fcksek safl\u0131\u011fa, y\u00fcksek yo\u011funlu\u011fa, y\u00fcksek mukavemete ve y\u00fcksek iletkenli\u011fe sahiptir. \u00c7elik, elektroliz, yar\u0131 iletken ve havac\u0131l\u0131k gibi alanlarda \u00e7ok \u00f6nemlidirler. \u00dcretim, en iyi fiziksel ve kimyasal \u00f6zellikleri sa\u011flamak i\u00e7in kar\u0131\u015ft\u0131rma, yo\u011furma, \u015fekillendirme, f\u0131r\u0131nlama ve i\u015flemeyi i\u00e7erir. \u00dcretti\u011fimiz t\u00fcrler ve kaliteler \u015funlar\u0131 i\u00e7erir: UHP, HP, RP grafit elektrotlar, y\u00fcksek safl\u0131kta grafit \u00e7ubuk elektrotlar ve do\u011fal grafit elektrotlar. Bu elektrotlar farkl\u0131 end\u00fcstri gereksinimlerinizi kar\u015f\u0131layabilir.<\/p>","protected":false},"featured_media":6697,"template":"","meta":[],"product_brand":[],"product_cat":[37],"product_tag":[],"class_list":{"0":"post-6666","1":"product","2":"type-product","3":"status-publish","4":"has-post-thumbnail","6":"product_cat-graphite-electrode","8":"first","9":"instock","10":"shipping-taxable","11":"product-type-simple"},"yoast_head":"<!-- This site is optimized with the Yoast SEO Premium plugin v19.2.1 (Yoast SEO v25.3) - https:\/\/yoast.com\/wordpress\/plugins\/seo\/ -->\n<title>Graphite Rod Electrode Manufacturer | Jinsun Carbon<\/title>\n<meta name=\"description\" content=\"Graphite rod electrodes are usually in cylindrical form and widely used in metal smelting and other fields.\u00a0They are an indispensable part of modern industrial production.\" \/>\n<meta name=\"robots\" content=\"index, follow, max-snippet:-1, max-image-preview:large, max-video-preview:-1\" \/>\n<link rel=\"canonical\" href=\"https:\/\/jinsuncarbon.com\/tr\/urun\/grafit-cubuk-elektrot\/\" \/>\n<meta property=\"og:locale\" content=\"tr_TR\" \/>\n<meta property=\"og:type\" content=\"article\" \/>\n<meta property=\"og:title\" content=\"Graphite Rod Electrode\" \/>\n<meta property=\"og:description\" content=\"Graphite rod electrodes are usually in cylindrical form and widely used in metal smelting and other fields.\u00a0They are an indispensable part of modern industrial production.\" \/>\n<meta property=\"og:url\" content=\"https:\/\/jinsuncarbon.com\/tr\/urun\/grafit-cubuk-elektrot\/\" \/>\n<meta property=\"og:site_name\" content=\"Jinsun Carbon\" \/>\n<meta property=\"article:publisher\" content=\"https:\/\/www.facebook.com\/Graphite-Electrode-109336238661595\" \/>\n<meta property=\"article:modified_time\" content=\"2024-12-01T22:53:30+00:00\" \/>\n<meta property=\"og:image\" content=\"https:\/\/jinsuncarbon.com\/wp-content\/uploads\/2024\/11\/Graphite-rod-electrode.jpg\" \/>\n\t<meta property=\"og:image:width\" content=\"1024\" \/>\n\t<meta property=\"og:image:height\" content=\"763\" \/>\n\t<meta property=\"og:image:type\" content=\"image\/jpeg\" \/>\n<meta name=\"twitter:card\" content=\"summary_large_image\" \/>\n<meta name=\"twitter:site\" content=\"@jinsuncarbon_\" \/>\n<meta name=\"twitter:label1\" content=\"Tahmini okuma s\u00fcresi\" \/>\n\t<meta name=\"twitter:data1\" content=\"3 dakika\" \/>\n<script type=\"application\/ld+json\" class=\"yoast-schema-graph\">{\"@context\":\"https:\/\/schema.org\",\"@graph\":[{\"@type\":\"WebPage\",\"@id\":\"https:\/\/jinsuncarbon.com\/product\/graphite-rod-electrode\/\",\"url\":\"https:\/\/jinsuncarbon.com\/product\/graphite-rod-electrode\/\",\"name\":\"Graphite Rod Electrode Manufacturer | Jinsun Carbon\",\"isPartOf\":{\"@id\":\"https:\/\/jinsuncarbon.com\/#website\"},\"primaryImageOfPage\":{\"@id\":\"https:\/\/jinsuncarbon.com\/product\/graphite-rod-electrode\/#primaryimage\"},\"image\":{\"@id\":\"https:\/\/jinsuncarbon.com\/product\/graphite-rod-electrode\/#primaryimage\"},\"thumbnailUrl\":\"https:\/\/jinsuncarbon.com\/wp-content\/uploads\/2024\/11\/Graphite-rod-electrode.jpg\",\"datePublished\":\"2024-11-19T12:33:54+00:00\",\"dateModified\":\"2024-12-01T22:53:30+00:00\",\"description\":\"Graphite rod electrodes are usually in cylindrical form and widely used in metal smelting and other fields.\u00a0They are an indispensable part of modern industrial production.\",\"breadcrumb\":{\"@id\":\"https:\/\/jinsuncarbon.com\/product\/graphite-rod-electrode\/#breadcrumb\"},\"inLanguage\":\"tr\",\"potentialAction\":[{\"@type\":\"ReadAction\",\"target\":[\"https:\/\/jinsuncarbon.com\/product\/graphite-rod-electrode\/\"]}]},{\"@type\":\"ImageObject\",\"inLanguage\":\"tr\",\"@id\":\"https:\/\/jinsuncarbon.com\/product\/graphite-rod-electrode\/#primaryimage\",\"url\":\"https:\/\/jinsuncarbon.com\/wp-content\/uploads\/2024\/11\/Graphite-rod-electrode.jpg\",\"contentUrl\":\"https:\/\/jinsuncarbon.com\/wp-content\/uploads\/2024\/11\/Graphite-rod-electrode.jpg\",\"width\":1024,\"height\":763,\"caption\":\"Graphite rod electrodes \uff5cJinsuncarbon\"},{\"@type\":\"BreadcrumbList\",\"@id\":\"https:\/\/jinsuncarbon.com\/product\/graphite-rod-electrode\/#breadcrumb\",\"itemListElement\":[{\"@type\":\"ListItem\",\"position\":1,\"name\":\"Home\",\"item\":\"https:\/\/jinsuncarbon.com\/\"},{\"@type\":\"ListItem\",\"position\":2,\"name\":\"Products\",\"item\":\"https:\/\/jinsuncarbon.com\/graphite-carbon\/\"},{\"@type\":\"ListItem\",\"position\":3,\"name\":\"Graphite Rod Electrode\"}]},{\"@type\":\"WebSite\",\"@id\":\"https:\/\/jinsuncarbon.com\/#website\",\"url\":\"https:\/\/jinsuncarbon.com\/\",\"name\":\"Jinsun Carbon\",\"description\":\"We are the successful graphite electrode manufacturer in China\",\"publisher\":{\"@id\":\"https:\/\/jinsuncarbon.com\/#organization\"},\"potentialAction\":[{\"@type\":\"SearchAction\",\"target\":{\"@type\":\"EntryPoint\",\"urlTemplate\":\"https:\/\/jinsuncarbon.com\/?s={search_term_string}\"},\"query-input\":{\"@type\":\"PropertyValueSpecification\",\"valueRequired\":true,\"valueName\":\"search_term_string\"}}],\"inLanguage\":\"tr\"},{\"@type\":\"Organization\",\"@id\":\"https:\/\/jinsuncarbon.com\/#organization\",\"name\":\"Jinsun Carbon\",\"alternateName\":\"Jinsun Carbon\",\"url\":\"https:\/\/jinsuncarbon.com\/\",\"logo\":{\"@type\":\"ImageObject\",\"inLanguage\":\"tr\",\"@id\":\"https:\/\/jinsuncarbon.com\/#\/schema\/logo\/image\/\",\"url\":\"https:\/\/jinsuncarbon.com\/wp-content\/uploads\/2022\/12\/LOGO-1.png\",\"contentUrl\":\"https:\/\/jinsuncarbon.com\/wp-content\/uploads\/2022\/12\/LOGO-1.png\",\"width\":207,\"height\":80,\"caption\":\"Jinsun Carbon\"},\"image\":{\"@id\":\"https:\/\/jinsuncarbon.com\/#\/schema\/logo\/image\/\"},\"sameAs\":[\"https:\/\/www.facebook.com\/Graphite-Electrode-109336238661595\",\"https:\/\/x.com\/jinsuncarbon_\",\"https:\/\/www.linkedin.com\/in\/jinsungraphite\",\"https:\/\/www.youtube.com\/channel\/UCysDNyvyR5-3cCWEmpkVC0g\"]}]}<\/script>\n<!-- \/ Yoast SEO Premium plugin. -->","yoast_head_json":{"title":"Grafit \u00c7ubuk Elektrot \u00dcreticisi | Jinsun Carbon","description":"Grafit \u00e7ubuk elektrotlar genellikle silindirik formdad\u0131r ve metal eritme ve di\u011fer alanlarda yayg\u0131n olarak kullan\u0131l\u0131r. Modern end\u00fcstriyel \u00fcretimin vazge\u00e7ilmez bir par\u00e7as\u0131d\u0131rlar.","robots":{"index":"index","follow":"follow","max-snippet":"max-snippet:-1","max-image-preview":"max-image-preview:large","max-video-preview":"max-video-preview:-1"},"canonical":"https:\/\/jinsuncarbon.com\/tr\/urun\/grafit-cubuk-elektrot\/","og_locale":"tr_TR","og_type":"article","og_title":"Graphite Rod Electrode","og_description":"Graphite rod electrodes are usually in cylindrical form and widely used in metal smelting and other fields.\u00a0They are an indispensable part of modern industrial production.","og_url":"https:\/\/jinsuncarbon.com\/tr\/urun\/grafit-cubuk-elektrot\/","og_site_name":"Jinsun Carbon","article_publisher":"https:\/\/www.facebook.com\/Graphite-Electrode-109336238661595","article_modified_time":"2024-12-01T22:53:30+00:00","og_image":[{"width":1024,"height":763,"url":"https:\/\/jinsuncarbon.com\/wp-content\/uploads\/2024\/11\/Graphite-rod-electrode.jpg","type":"image\/jpeg"}],"twitter_card":"summary_large_image","twitter_site":"@jinsuncarbon_","twitter_misc":{"Tahmini okuma s\u00fcresi":"3 dakika"},"schema":{"@context":"https:\/\/schema.org","@graph":[{"@type":"WebPage","@id":"https:\/\/jinsuncarbon.com\/product\/graphite-rod-electrode\/","url":"https:\/\/jinsuncarbon.com\/product\/graphite-rod-electrode\/","name":"Grafit \u00c7ubuk Elektrot \u00dcreticisi | Jinsun Carbon","isPartOf":{"@id":"https:\/\/jinsuncarbon.com\/#website"},"primaryImageOfPage":{"@id":"https:\/\/jinsuncarbon.com\/product\/graphite-rod-electrode\/#primaryimage"},"image":{"@id":"https:\/\/jinsuncarbon.com\/product\/graphite-rod-electrode\/#primaryimage"},"thumbnailUrl":"https:\/\/jinsuncarbon.com\/wp-content\/uploads\/2024\/11\/Graphite-rod-electrode.jpg","datePublished":"2024-11-19T12:33:54+00:00","dateModified":"2024-12-01T22:53:30+00:00","description":"Grafit \u00e7ubuk elektrotlar genellikle silindirik formdad\u0131r ve metal eritme ve di\u011fer alanlarda yayg\u0131n olarak kullan\u0131l\u0131r. Modern end\u00fcstriyel \u00fcretimin vazge\u00e7ilmez bir par\u00e7as\u0131d\u0131rlar.","breadcrumb":{"@id":"https:\/\/jinsuncarbon.com\/product\/graphite-rod-electrode\/#breadcrumb"},"inLanguage":"tr","potentialAction":[{"@type":"ReadAction","target":["https:\/\/jinsuncarbon.com\/product\/graphite-rod-electrode\/"]}]},{"@type":"ImageObject","inLanguage":"tr","@id":"https:\/\/jinsuncarbon.com\/product\/graphite-rod-electrode\/#primaryimage","url":"https:\/\/jinsuncarbon.com\/wp-content\/uploads\/2024\/11\/Graphite-rod-electrode.jpg","contentUrl":"https:\/\/jinsuncarbon.com\/wp-content\/uploads\/2024\/11\/Graphite-rod-electrode.jpg","width":1024,"height":763,"caption":"Graphite rod electrodes \uff5cJinsuncarbon"},{"@type":"BreadcrumbList","@id":"https:\/\/jinsuncarbon.com\/product\/graphite-rod-electrode\/#breadcrumb","itemListElement":[{"@type":"ListItem","position":1,"name":"Home","item":"https:\/\/jinsuncarbon.com\/"},{"@type":"ListItem","position":2,"name":"Products","item":"https:\/\/jinsuncarbon.com\/graphite-carbon\/"},{"@type":"ListItem","position":3,"name":"Graphite Rod Electrode"}]},{"@type":"WebSite","@id":"https:\/\/jinsuncarbon.com\/#website","url":"https:\/\/jinsuncarbon.com\/","name":"Jinsun Karbon","description":"\u00c7in'deki ba\u015far\u0131l\u0131 grafit elektrot \u00fcreticisiyiz","publisher":{"@id":"https:\/\/jinsuncarbon.com\/#organization"},"potentialAction":[{"@type":"SearchAction","target":{"@type":"EntryPoint","urlTemplate":"https:\/\/jinsuncarbon.com\/?s={search_term_string}"},"query-input":{"@type":"PropertyValueSpecification","valueRequired":true,"valueName":"search_term_string"}}],"inLanguage":"tr"},{"@type":"Organization","@id":"https:\/\/jinsuncarbon.com\/#organization","name":"Jinsun Karbon","alternateName":"Jinsun Carbon","url":"https:\/\/jinsuncarbon.com\/","logo":{"@type":"ImageObject","inLanguage":"tr","@id":"https:\/\/jinsuncarbon.com\/#\/schema\/logo\/image\/","url":"https:\/\/jinsuncarbon.com\/wp-content\/uploads\/2022\/12\/LOGO-1.png","contentUrl":"https:\/\/jinsuncarbon.com\/wp-content\/uploads\/2022\/12\/LOGO-1.png","width":207,"height":80,"caption":"Jinsun Carbon"},"image":{"@id":"https:\/\/jinsuncarbon.com\/#\/schema\/logo\/image\/"},"sameAs":["https:\/\/www.facebook.com\/Graphite-Electrode-109336238661595","https:\/\/x.com\/jinsuncarbon_","https:\/\/www.linkedin.com\/in\/jinsungraphite","https:\/\/www.youtube.com\/channel\/UCysDNyvyR5-3cCWEmpkVC0g"]}]}},"_links":{"self":[{"href":"https:\/\/jinsuncarbon.com\/tr\/wp-json\/wp\/v2\/product\/6666","targetHints":{"allow":["GET"]}}],"collection":[{"href":"https:\/\/jinsuncarbon.com\/tr\/wp-json\/wp\/v2\/product"}],"about":[{"href":"https:\/\/jinsuncarbon.com\/tr\/wp-json\/wp\/v2\/types\/product"}],"wp:featuredmedia":[{"embeddable":true,"href":"https:\/\/jinsuncarbon.com\/tr\/wp-json\/wp\/v2\/media\/6697"}],"wp:attachment":[{"href":"https:\/\/jinsuncarbon.com\/tr\/wp-json\/wp\/v2\/media?parent=6666"}],"wp:term":[{"taxonomy":"product_brand","embeddable":true,"href":"https:\/\/jinsuncarbon.com\/tr\/wp-json\/wp\/v2\/product_brand?post=6666"},{"taxonomy":"product_cat","embeddable":true,"href":"https:\/\/jinsuncarbon.com\/tr\/wp-json\/wp\/v2\/product_cat?post=6666"},{"taxonomy":"product_tag","embeddable":true,"href":"https:\/\/jinsuncarbon.com\/tr\/wp-json\/wp\/v2\/product_tag?post=6666"}],"curies":[{"name":"wp","href":"https:\/\/api.w.org\/{rel}","templated":true}]}}