{"id":6643,"date":"2024-11-20T02:05:13","date_gmt":"2024-11-20T02:05:13","guid":{"rendered":"https:\/\/jinsuncarbon.com\/?post_type=product&#038;p=6643"},"modified":"2024-12-20T03:17:38","modified_gmt":"2024-12-20T03:17:38","slug":"edm-grafi%cc%87t","status":"publish","type":"product","link":"https:\/\/jinsuncarbon.com\/tr\/urun\/edm-grafi%cc%87t\/","title":{"rendered":"EDM Grafit"},"content":{"rendered":"<p>EDM grafit, EDM i\u015flemini ger\u00e7ekle\u015ftirirken kullan\u0131lan \u00f6zel bir elektrot malzemesi t\u00fcr\u00fcd\u00fcr. Metallere do\u011fru olma karakterinin yan\u0131 s\u0131ra son derece karma\u015f\u0131k \u015fekil veren bir ba\u011flay\u0131c\u0131d\u0131r. EDM grafiti, i\u015f par\u00e7as\u0131n\u0131n h\u0131z\u0131n\u0131 a\u015f\u0131nd\u0131rmak i\u00e7in elektriksel de\u015farjlar\u0131 kullanarak, istenilen oranda tek i\u015faret dizisi ile i\u015flevsel olarak yeniden \u015fekillendirir. Y\u00fcksek iletkenlik ve a\u015f\u0131nmaya kar\u015f\u0131 diren\u00e7 vaat etmesi nedeniyle, bu i\u015flemin ger\u00e7ekle\u015ftirilmesi gereken malzemedir.<\/p>\n<h2>EDM Grafit \u00c7e\u015fitleri<\/h2>\n<h3>EDM Grafit Elektrot<\/h3>\n<p>Dayan\u0131kl\u0131 ultra ince grafitten yap\u0131lm\u0131\u015ft\u0131r ve elektrik de\u015farjlar\u0131n\u0131n getirdi\u011fi termal \u015foklara ra\u011fmen stabil kalmas\u0131n\u0131 sa\u011flar. Bir i\u015f par\u00e7as\u0131ndaki hassasiyet bu elektrotlar\u0131 kullan\u0131r.<\/p>\n<h3>EDM Grafit \u00c7ubuk<\/h3>\n<p>Grafit \u00e7ubuklar uzun silindiriktir ve ince taneli grafitten yap\u0131lm\u0131\u015ft\u0131r ve elektrik de\u015farj\u0131nda elektrot olarak kullan\u0131l\u0131r<em>\u00a0<\/em>i\u015fleme (EDM) s\u00fcreci. Bu tipler genellikle uzun y\u0131llar boyunca kullan\u0131m ve karma\u015f\u0131k \u015fekillerin \u015fekillendirilmesinde hassasiyet i\u00e7in se\u00e7ilir.<\/p>\n<h3>EDM Grafit Bloklar<\/h3>\n<p>Bu bloklar EDM kullan\u0131m\u0131 i\u00e7in \u00f6zel olarak tasarlanm\u0131\u015ft\u0131r, \u00e7ubuklardan daha b\u00fcy\u00fck ve daha kal\u0131nd\u0131r, bu da onlar\u0131 daha b\u00fcy\u00fck elektrotlar \u00fcretmeye uygun hale getirir. Bunlar genellikle bir projenin gereksinimine ba\u011fl\u0131 olarak \u00f6zel bir \u015fekilde i\u015flenir.<\/p>\n<h2>Anahtar \u00d6zellikler<\/h2>\n<p>Jinsuncarbon EDM grafit, i\u015fleme i\u00e7in \u00e7ok uygun olan benzersiz \u00f6zellikleriyle b\u00fcy\u00fck be\u011feni toplamaktad\u0131r. Bunlar \u015funlar\u0131 i\u00e7erir:<\/p>\n<h3>Y\u00fcksek Elektriksel \u0130letkenlik<\/h3>\n<p>EDM ile i\u015fleme yapmak i\u00e7in iyi iletkenlik \u00f6zelli\u011fi \u00f6nemlidir. Grafit, elektrik de\u015farjlar\u0131n\u0131n elektrottan ge\u00e7ip i\u015f par\u00e7as\u0131na girmesine izin vermek i\u00e7in ideal olan m\u00fckemmel iletkenli\u011fe sahiptir.<\/p>\n<h3>Termal Kararl\u0131l\u0131k<\/h3>\n<p>Grafit ayn\u0131 zamanda iyi bir \u0131s\u0131 direncine sahiptir ve bu da tala\u015fl\u0131 imalatla ilgili y\u00fcksek s\u0131cakl\u0131klarda \u00f6nemli bir rol oynar. Yo\u011fun \u0131s\u0131 s\u0131ras\u0131nda stabilitesini korur. <a href=\"https:\/\/en.wikipedia.org\/wiki\/Electrical_discharge_machining#:~:text=Electrical%20discharge%20machining%20is%20a,EDM%20to%20machine%20insulating%20ceramics.\" target=\"_blank\" rel=\"noopener\">EDM<\/a> i\u015fleniyor.<\/p>\n<h3>D\u00fc\u015f\u00fck A\u015f\u0131nma Oran\u0131<\/h3>\n<p>Di\u011fer malzemelere k\u0131yasla EDM i\u00e7in grafitin a\u015f\u0131nma oran\u0131n\u0131n d\u00fc\u015f\u00fck oldu\u011fu kabul edilir. \u0130\u015fleme s\u0131ras\u0131nda daha dayan\u0131kl\u0131d\u0131r, bu nedenle s\u0131k s\u0131k de\u011fi\u015ftirmemize gerek yoktur.<\/p>\n<h3>Kolay \u0130\u015flenebilirlik<\/h3>\n<p>Grafitin i\u015flenmesi de metallere g\u00f6re nispeten daha kolayd\u0131r ve daha ince ayr\u0131nt\u0131larla daha iyi tasar\u0131mlar yap\u0131lmas\u0131n\u0131 sa\u011flar. Karma\u015f\u0131k i\u015fleme i\u015fleri i\u00e7in elektrot haline getirmek \u00e7ok kolayd\u0131r.<\/p>\n<h2>Uygulamalar<\/h2>\n<h3><span data-type=\"1\" data-index=\"1\" data-gid=\"1\">K\u00fcf<\/span>\u00a0<span data-type=\"0\" data-index=\"3\" data-gid=\"0\">ve Kal\u0131p Yap\u0131m\u0131<\/span><\/h3>\n<p><span data-type=\"2\" data-index=\"5\" data-gid=\"2\">EDM grafit, kal\u0131p imalat\u0131 i\u00e7in metal kal\u0131pta karma\u015f\u0131k detaylar \u00fcretmek i\u00e7in yayg\u0131n olarak kullan\u0131lmaktad\u0131r.<\/span>\u00a0\u015eekilleri oymak i\u00e7in sa\u011flad\u0131\u011f\u0131 hassasiyet, onu a\u015fa\u011f\u0131daki gibi y\u00fcksek hassasiyetli end\u00fcstriler i\u00e7in en uygun alet haline getirir <a href=\"https:\/\/en.wikipedia.org\/wiki\/Automotive_industry\" target=\"_blank\" rel=\"noopener\">otomotiv<\/a> ve havac\u0131l\u0131k.<\/p>\n<h3>Kal\u0131p ve \u0130malat<\/h3>\n<p>Y\u00fcksek hassasiyetli tak\u0131m par\u00e7alar\u0131n\u0131n EDM ile i\u015flenmesi i\u00e7in grafit Bu makine, end\u00fcstriyel \u00fcretim s\u00f6z konusu oldu\u011funda, y\u00fcksek hassasiyet ve b\u00fcy\u00fck verimlilikle i\u015fleme ger\u00e7ekle\u015ftirdi\u011fi i\u00e7in t\u00fcr\u00fcn\u00fcn en iyisidir.<\/p>\n<h3>Medikal ve Havac\u0131l\u0131k<\/h3>\n<p>\u00c7ok say\u0131da t\u0131bbi cihaz ve havac\u0131l\u0131kta kullan\u0131lan d\u00fczle\u015ftirilmi\u015f d\u0131\u015f bile\u015fenlerin son derece kesin gereksinimler kullan\u0131larak olu\u015fturulmas\u0131 gerekti\u011finden, bu t\u00fcr par\u00e7alar\u0131 imal etmek i\u00e7in normalde EDM grafit kaliteleri se\u00e7ilir. Bu \u00f6zellik, bu t\u00fcr end\u00fcstrilerde kullan\u0131lan par\u00e7alar i\u00e7in gerekli olan karma\u015f\u0131k geometrilere ve s\u0131k\u0131 toleranslara sahip bu bile\u015fenleri \u00fcretmi\u015ftir.<\/p>\n<h2>\u00dcretim S\u00fcreci<\/h2>\n<p>EDM grafit \u00fcretimi m\u00fckemmel kalitede grafit hammaddesinden ba\u015flar. \u0130lgili ad\u0131mlar \u015funlard\u0131r:<\/p>\n<h3>Hammadde Se\u00e7imi<\/h3>\n<p>EDM i\u015fleme i\u00e7in kullan\u0131lacak FT grafitini ke\u015ffedin, size en iyi iletkenli\u011fi ve a\u015f\u0131nmay\u0131 sa\u011flayaca\u011f\u0131ndan \u00e7ok y\u00fcksek yo\u011funluk ve safl\u0131k seviyesine sahip grafite ihtiyac\u0131n\u0131z olacakt\u0131r.<\/p>\n<h3>Kal\u0131plama ve \u015eekillendirme<\/h3>\n<p>Do\u011fru malzeme se\u00e7ildikten sonra, EDM i\u00e7in grafit, a\u015fa\u011f\u0131dakileri i\u00e7eren gerekli par\u00e7alara kal\u0131plan\u0131r <a href=\"https:\/\/jinsuncarbon.com\/tr\/urun\/grafit-cubuk\/\">\u00c7ubuklar<\/a>bloklar ve elektrotlar gibi bir\u00e7ok \u00fcr\u00fcne sahiptir. Bu, kal\u0131p d\u00f6k\u00fcm\u00fc veya frezeleme y\u00f6ntemleriyle ger\u00e7ekle\u015ftirilir.<\/p>\n<h3>Tala\u015fl\u0131 \u0130malat<\/h3>\n<p>Genel form geli\u015ftirildikten sonra grafit hassas boyutlara g\u00f6re i\u015flenir. Ta\u015flama kesme delme ve di\u011fer i\u015fleme s\u00fcre\u00e7leri, grafiti rafine etmek i\u00e7in ger\u00e7ekle\u015ftirilir. <a href=\"https:\/\/jinsuncarbon.com\/tr\/grafit-inert-bir-elektrot-mudur\/\">elektrot<\/a> \u015fekiller.<\/p>\n<h3>Son \u0130\u015flem ve Kalite Kontrol<\/h3>\n<p>\u015eekillendirmeden sonra elektrot, spesifikasyonlar\u0131 kar\u015f\u0131lad\u0131\u011f\u0131ndan emin olmak i\u00e7in son i\u015flem g\u00f6recektir. EDM grafiti iyi i\u015flenmelidir ve bu nedenle kalite kontrol ihtiyac\u0131 vard\u0131r.<\/p>\n<p>&nbsp;<\/p>\n<h2>Do\u011fru EDM Grafitinin Se\u00e7ilmesi<\/h2>\n<h3>Par\u00e7ac\u0131k Boyutu<\/h3>\n<p>Nas\u0131l performans g\u00f6sterece\u011fi grafitin par\u00e7ac\u0131k boyutuna ba\u011fl\u0131d\u0131r. Daha ince par\u00e7ac\u0131klar daha ince y\u00fczey kalitesi anlam\u0131na gelirken, daha iri olanlar daha y\u00fcksek h\u0131zda y\u00fczey kalitesi elde etmenizi sa\u011flayabilir. Hassasiyet ihtiya\u00e7lar\u0131n\u0131za g\u00f6re se\u00e7in.<\/p>\n<h3>\u0130\u015fleme \u00d6zellikleri<\/h3>\n<p>\u00c7e\u015fitli EDM grafit kalitelerinin i\u015flenebilirli\u011fi birbirinden farkl\u0131d\u0131r. Baz\u0131 kalitelerin i\u015flenmesi daha kolayken, di\u011ferlerinin a\u015f\u0131nma direnci daha y\u00fcksektir. Her \u015fey projenizin ihtiya\u00e7lar\u0131na ba\u011fl\u0131d\u0131r.<\/p>\n<h3>Elektrot \u015eekli ve Boyutu<\/h3>\n<p>Elektrotun boyutu ve \u015fekli \u00fczerindeki kontrol, hassas i\u015fleme i\u00e7in \u00f6nemlidir. \u00d6zel EDM grafit elektrotlar\u0131 ile \u00f6zel i\u015f par\u00e7as\u0131 ihtiya\u00e7lar\u0131n\u0131z\u0131 kar\u015f\u0131lamak i\u00e7in farkl\u0131 s\u0131n\u0131flar ve boyutlar aras\u0131ndan se\u00e7im yapabilirsiniz.<\/p>\n<h3>Malzeme T\u00fcr\u00fc<\/h3>\n<p>Farkl\u0131 sekt\u00f6rler i\u00e7in en uygun malzeme t\u00fcr\u00fc farkl\u0131d\u0131r. Y\u00fcksek safl\u0131kta EDM grafit, havac\u0131l\u0131k ve t\u0131p dahil olmak \u00fczere hassasiyetin \u00e7ok \u00f6nemli oldu\u011fu end\u00fcstriler i\u00e7in en iyisidir.<\/p>\n<p>&nbsp;<\/p>","protected":false},"excerpt":{"rendered":"<p>Malzeme iyi elektrik iletkenli\u011fine ve m\u00fckemmel termal \u015fok direncine sahiptir, bu nedenle kararl\u0131 EDM ger\u00e7ekle\u015ftirilebilir. \u0130yi i\u015flenebilirlik ile EDM grafit elektrotlar, \u00e7ubuklar veya bloklar halinde i\u015flenebilir.<\/p>\n<ul>\n<li style=\"list-style-type: none;\">\n<ul>\n<li style=\"list-style-type: none;\">\n<ul>\n<li>Yo\u011funluk : 1.85g\/cm<sup>3<\/sup><\/li>\n<li>Bas\u0131n\u00e7 Dayan\u0131m\u0131: 49,0 MPa<\/li>\n<li>E\u011filme Dayan\u0131m\u0131\uff1a68,6MPa<\/li>\n<li>Elektrik Diren\u00e7lili\u011fi: 10 \u03bc\u03a9-m<\/li>\n<li>Termal iletkenlik\uff1a81,2 W(m K)<sup>-1<\/sup><\/li>\n<li>Shore sertli\u011fi: 70\n<p>&nbsp;<\/li>\n<\/ul>\n<\/li>\n<\/ul>\n<\/li>\n<\/ul>\n<p>&nbsp;<\/p>","protected":false},"featured_media":6719,"template":"","meta":[],"product_brand":[],"product_cat":[67],"product_tag":[],"class_list":{"0":"post-6643","1":"product","2":"type-product","3":"status-publish","4":"has-post-thumbnail","6":"product_cat-graphite-material","8":"first","9":"instock","10":"shipping-taxable","11":"product-type-simple"},"yoast_head":"<!-- This site is optimized with the Yoast SEO Premium plugin v19.2.1 (Yoast SEO v25.3) - https:\/\/yoast.com\/wordpress\/plugins\/seo\/ -->\n<title>EDM Graphite Manufacturer | Jinsun Carbon<\/title>\n<meta name=\"description\" content=\"EDM graphite functionally shapes again by using ed electrical discharges to erode the velocity of the workpiece by means of ingle sign sequence in rate as desired.\" \/>\n<meta name=\"robots\" content=\"index, follow, max-snippet:-1, max-image-preview:large, max-video-preview:-1\" \/>\n<link rel=\"canonical\" href=\"https:\/\/jinsuncarbon.com\/tr\/urun\/edm-grafi\u0307t\/\" \/>\n<meta property=\"og:locale\" content=\"tr_TR\" \/>\n<meta property=\"og:type\" content=\"article\" \/>\n<meta property=\"og:title\" content=\"EDM Graphite\" \/>\n<meta property=\"og:description\" content=\"EDM graphite functionally shapes again by using ed electrical discharges to erode the velocity of the workpiece by means of ingle sign sequence in rate as desired.\" \/>\n<meta property=\"og:url\" content=\"https:\/\/jinsuncarbon.com\/tr\/urun\/edm-grafi\u0307t\/\" \/>\n<meta property=\"og:site_name\" content=\"Jinsun Carbon\" \/>\n<meta property=\"article:publisher\" content=\"https:\/\/www.facebook.com\/Graphite-Electrode-109336238661595\" \/>\n<meta property=\"article:modified_time\" content=\"2024-12-20T03:17:38+00:00\" \/>\n<meta property=\"og:image\" content=\"https:\/\/jinsuncarbon.com\/wp-content\/uploads\/2024\/11\/EDM-graphite.jpg\" \/>\n\t<meta property=\"og:image:width\" content=\"1024\" \/>\n\t<meta property=\"og:image:height\" content=\"763\" \/>\n\t<meta property=\"og:image:type\" content=\"image\/jpeg\" \/>\n<meta name=\"twitter:card\" content=\"summary_large_image\" \/>\n<meta name=\"twitter:site\" content=\"@jinsuncarbon_\" \/>\n<meta name=\"twitter:label1\" content=\"Tahmini okuma s\u00fcresi\" \/>\n\t<meta name=\"twitter:data1\" content=\"3 dakika\" \/>\n<script type=\"application\/ld+json\" class=\"yoast-schema-graph\">{\"@context\":\"https:\/\/schema.org\",\"@graph\":[{\"@type\":\"WebPage\",\"@id\":\"https:\/\/jinsuncarbon.com\/product\/edm-graphite\/\",\"url\":\"https:\/\/jinsuncarbon.com\/product\/edm-graphite\/\",\"name\":\"EDM Graphite Manufacturer | Jinsun Carbon\",\"isPartOf\":{\"@id\":\"https:\/\/jinsuncarbon.com\/#website\"},\"primaryImageOfPage\":{\"@id\":\"https:\/\/jinsuncarbon.com\/product\/edm-graphite\/#primaryimage\"},\"image\":{\"@id\":\"https:\/\/jinsuncarbon.com\/product\/edm-graphite\/#primaryimage\"},\"thumbnailUrl\":\"https:\/\/jinsuncarbon.com\/wp-content\/uploads\/2024\/11\/EDM-graphite.jpg\",\"datePublished\":\"2024-11-20T02:05:13+00:00\",\"dateModified\":\"2024-12-20T03:17:38+00:00\",\"description\":\"EDM graphite functionally shapes again by using ed electrical discharges to erode the velocity of the workpiece by means of ingle sign sequence in rate as desired.\",\"breadcrumb\":{\"@id\":\"https:\/\/jinsuncarbon.com\/product\/edm-graphite\/#breadcrumb\"},\"inLanguage\":\"tr\",\"potentialAction\":[{\"@type\":\"ReadAction\",\"target\":[\"https:\/\/jinsuncarbon.com\/product\/edm-graphite\/\"]}]},{\"@type\":\"ImageObject\",\"inLanguage\":\"tr\",\"@id\":\"https:\/\/jinsuncarbon.com\/product\/edm-graphite\/#primaryimage\",\"url\":\"https:\/\/jinsuncarbon.com\/wp-content\/uploads\/2024\/11\/EDM-graphite.jpg\",\"contentUrl\":\"https:\/\/jinsuncarbon.com\/wp-content\/uploads\/2024\/11\/EDM-graphite.jpg\",\"width\":1024,\"height\":763,\"caption\":\"EDM graphite - graphite for EDM\"},{\"@type\":\"BreadcrumbList\",\"@id\":\"https:\/\/jinsuncarbon.com\/product\/edm-graphite\/#breadcrumb\",\"itemListElement\":[{\"@type\":\"ListItem\",\"position\":1,\"name\":\"Home\",\"item\":\"https:\/\/jinsuncarbon.com\/\"},{\"@type\":\"ListItem\",\"position\":2,\"name\":\"Products\",\"item\":\"https:\/\/jinsuncarbon.com\/graphite-carbon\/\"},{\"@type\":\"ListItem\",\"position\":3,\"name\":\"EDM Graphite\"}]},{\"@type\":\"WebSite\",\"@id\":\"https:\/\/jinsuncarbon.com\/#website\",\"url\":\"https:\/\/jinsuncarbon.com\/\",\"name\":\"Jinsun Carbon\",\"description\":\"We are the successful graphite electrode manufacturer in China\",\"publisher\":{\"@id\":\"https:\/\/jinsuncarbon.com\/#organization\"},\"potentialAction\":[{\"@type\":\"SearchAction\",\"target\":{\"@type\":\"EntryPoint\",\"urlTemplate\":\"https:\/\/jinsuncarbon.com\/?s={search_term_string}\"},\"query-input\":{\"@type\":\"PropertyValueSpecification\",\"valueRequired\":true,\"valueName\":\"search_term_string\"}}],\"inLanguage\":\"tr\"},{\"@type\":\"Organization\",\"@id\":\"https:\/\/jinsuncarbon.com\/#organization\",\"name\":\"Jinsun Carbon\",\"alternateName\":\"Jinsun Carbon\",\"url\":\"https:\/\/jinsuncarbon.com\/\",\"logo\":{\"@type\":\"ImageObject\",\"inLanguage\":\"tr\",\"@id\":\"https:\/\/jinsuncarbon.com\/#\/schema\/logo\/image\/\",\"url\":\"https:\/\/jinsuncarbon.com\/wp-content\/uploads\/2022\/12\/LOGO-1.png\",\"contentUrl\":\"https:\/\/jinsuncarbon.com\/wp-content\/uploads\/2022\/12\/LOGO-1.png\",\"width\":207,\"height\":80,\"caption\":\"Jinsun Carbon\"},\"image\":{\"@id\":\"https:\/\/jinsuncarbon.com\/#\/schema\/logo\/image\/\"},\"sameAs\":[\"https:\/\/www.facebook.com\/Graphite-Electrode-109336238661595\",\"https:\/\/x.com\/jinsuncarbon_\",\"https:\/\/www.linkedin.com\/in\/jinsungraphite\",\"https:\/\/www.youtube.com\/channel\/UCysDNyvyR5-3cCWEmpkVC0g\"]}]}<\/script>\n<!-- \/ Yoast SEO Premium plugin. -->","yoast_head_json":{"title":"EDM Grafit \u00dcreticisi | Jinsun Carbon","description":"EDM grafit, i\u015f par\u00e7as\u0131n\u0131n h\u0131z\u0131n\u0131 a\u015f\u0131nd\u0131rmak i\u00e7in elektriksel de\u015farjlar kullanarak, istenilen oranda tek i\u015faret dizisi ile tekrar i\u015flevsel olarak \u015fekillendirir.","robots":{"index":"index","follow":"follow","max-snippet":"max-snippet:-1","max-image-preview":"max-image-preview:large","max-video-preview":"max-video-preview:-1"},"canonical":"https:\/\/jinsuncarbon.com\/tr\/urun\/edm-grafi\u0307t\/","og_locale":"tr_TR","og_type":"article","og_title":"EDM Graphite","og_description":"EDM graphite functionally shapes again by using ed electrical discharges to erode the velocity of the workpiece by means of ingle sign sequence in rate as desired.","og_url":"https:\/\/jinsuncarbon.com\/tr\/urun\/edm-grafi\u0307t\/","og_site_name":"Jinsun Carbon","article_publisher":"https:\/\/www.facebook.com\/Graphite-Electrode-109336238661595","article_modified_time":"2024-12-20T03:17:38+00:00","og_image":[{"width":1024,"height":763,"url":"https:\/\/jinsuncarbon.com\/wp-content\/uploads\/2024\/11\/EDM-graphite.jpg","type":"image\/jpeg"}],"twitter_card":"summary_large_image","twitter_site":"@jinsuncarbon_","twitter_misc":{"Tahmini okuma s\u00fcresi":"3 dakika"},"schema":{"@context":"https:\/\/schema.org","@graph":[{"@type":"WebPage","@id":"https:\/\/jinsuncarbon.com\/product\/edm-graphite\/","url":"https:\/\/jinsuncarbon.com\/product\/edm-graphite\/","name":"EDM Grafit \u00dcreticisi | Jinsun Carbon","isPartOf":{"@id":"https:\/\/jinsuncarbon.com\/#website"},"primaryImageOfPage":{"@id":"https:\/\/jinsuncarbon.com\/product\/edm-graphite\/#primaryimage"},"image":{"@id":"https:\/\/jinsuncarbon.com\/product\/edm-graphite\/#primaryimage"},"thumbnailUrl":"https:\/\/jinsuncarbon.com\/wp-content\/uploads\/2024\/11\/EDM-graphite.jpg","datePublished":"2024-11-20T02:05:13+00:00","dateModified":"2024-12-20T03:17:38+00:00","description":"EDM grafit, i\u015f par\u00e7as\u0131n\u0131n h\u0131z\u0131n\u0131 a\u015f\u0131nd\u0131rmak i\u00e7in elektriksel de\u015farjlar kullanarak, istenilen oranda tek i\u015faret dizisi ile tekrar i\u015flevsel olarak \u015fekillendirir.","breadcrumb":{"@id":"https:\/\/jinsuncarbon.com\/product\/edm-graphite\/#breadcrumb"},"inLanguage":"tr","potentialAction":[{"@type":"ReadAction","target":["https:\/\/jinsuncarbon.com\/product\/edm-graphite\/"]}]},{"@type":"ImageObject","inLanguage":"tr","@id":"https:\/\/jinsuncarbon.com\/product\/edm-graphite\/#primaryimage","url":"https:\/\/jinsuncarbon.com\/wp-content\/uploads\/2024\/11\/EDM-graphite.jpg","contentUrl":"https:\/\/jinsuncarbon.com\/wp-content\/uploads\/2024\/11\/EDM-graphite.jpg","width":1024,"height":763,"caption":"EDM graphite - graphite for EDM"},{"@type":"BreadcrumbList","@id":"https:\/\/jinsuncarbon.com\/product\/edm-graphite\/#breadcrumb","itemListElement":[{"@type":"ListItem","position":1,"name":"Home","item":"https:\/\/jinsuncarbon.com\/"},{"@type":"ListItem","position":2,"name":"Products","item":"https:\/\/jinsuncarbon.com\/graphite-carbon\/"},{"@type":"ListItem","position":3,"name":"EDM Graphite"}]},{"@type":"WebSite","@id":"https:\/\/jinsuncarbon.com\/#website","url":"https:\/\/jinsuncarbon.com\/","name":"Jinsun Karbon","description":"\u00c7in'deki ba\u015far\u0131l\u0131 grafit elektrot \u00fcreticisiyiz","publisher":{"@id":"https:\/\/jinsuncarbon.com\/#organization"},"potentialAction":[{"@type":"SearchAction","target":{"@type":"EntryPoint","urlTemplate":"https:\/\/jinsuncarbon.com\/?s={search_term_string}"},"query-input":{"@type":"PropertyValueSpecification","valueRequired":true,"valueName":"search_term_string"}}],"inLanguage":"tr"},{"@type":"Organization","@id":"https:\/\/jinsuncarbon.com\/#organization","name":"Jinsun Karbon","alternateName":"Jinsun Carbon","url":"https:\/\/jinsuncarbon.com\/","logo":{"@type":"ImageObject","inLanguage":"tr","@id":"https:\/\/jinsuncarbon.com\/#\/schema\/logo\/image\/","url":"https:\/\/jinsuncarbon.com\/wp-content\/uploads\/2022\/12\/LOGO-1.png","contentUrl":"https:\/\/jinsuncarbon.com\/wp-content\/uploads\/2022\/12\/LOGO-1.png","width":207,"height":80,"caption":"Jinsun Carbon"},"image":{"@id":"https:\/\/jinsuncarbon.com\/#\/schema\/logo\/image\/"},"sameAs":["https:\/\/www.facebook.com\/Graphite-Electrode-109336238661595","https:\/\/x.com\/jinsuncarbon_","https:\/\/www.linkedin.com\/in\/jinsungraphite","https:\/\/www.youtube.com\/channel\/UCysDNyvyR5-3cCWEmpkVC0g"]}]}},"_links":{"self":[{"href":"https:\/\/jinsuncarbon.com\/tr\/wp-json\/wp\/v2\/product\/6643","targetHints":{"allow":["GET"]}}],"collection":[{"href":"https:\/\/jinsuncarbon.com\/tr\/wp-json\/wp\/v2\/product"}],"about":[{"href":"https:\/\/jinsuncarbon.com\/tr\/wp-json\/wp\/v2\/types\/product"}],"wp:featuredmedia":[{"embeddable":true,"href":"https:\/\/jinsuncarbon.com\/tr\/wp-json\/wp\/v2\/media\/6719"}],"wp:attachment":[{"href":"https:\/\/jinsuncarbon.com\/tr\/wp-json\/wp\/v2\/media?parent=6643"}],"wp:term":[{"taxonomy":"product_brand","embeddable":true,"href":"https:\/\/jinsuncarbon.com\/tr\/wp-json\/wp\/v2\/product_brand?post=6643"},{"taxonomy":"product_cat","embeddable":true,"href":"https:\/\/jinsuncarbon.com\/tr\/wp-json\/wp\/v2\/product_cat?post=6643"},{"taxonomy":"product_tag","embeddable":true,"href":"https:\/\/jinsuncarbon.com\/tr\/wp-json\/wp\/v2\/product_tag?post=6643"}],"curies":[{"name":"wp","href":"https:\/\/api.w.org\/{rel}","templated":true}]}}