{"id":6640,"date":"2024-11-16T07:17:02","date_gmt":"2024-11-16T07:17:02","guid":{"rendered":"https:\/\/jinsuncarbon.com\/?post_type=product&#038;p=6640"},"modified":"2024-11-16T07:17:03","modified_gmt":"2024-11-16T07:17:03","slug":"isi-esanjoru-grafit-blok","status":"publish","type":"product","link":"https:\/\/jinsuncarbon.com\/tr\/urun\/isi-esanjoru-grafit-blok\/","title":{"rendered":"E\u015fanj\u00f6r Grafit Blok"},"content":{"rendered":"<h2>Is\u0131 e\u015fanj\u00f6r\u00fcn\u00fcn grafit blo\u011fu nedir?<\/h2>\n<p>Is\u0131 e\u015fanj\u00f6r\u00fcn\u00fcn grafit blo\u011fu, \u0131s\u0131 e\u015fanj\u00f6r\u00fcnde \u00f6zel olarak kullan\u0131lan ve kat\u0131 blok \u015feklinde bulunan \u00f6nemli bir bile\u015fendir. Esas olarak do\u011fal grafit veya sentetik grafitten yap\u0131l\u0131r. Is\u0131 e\u015fanj\u00f6r\u00fcne montaj\u0131 kolayd\u0131r. Ve \u0131s\u0131 al\u0131\u015fveri\u015fini sa\u011flamak i\u00e7in farkl\u0131 ortamlar\u0131n i\u00e7inde akmas\u0131na izin veren bir\u00e7ok i\u00e7 kanal vard\u0131r.<\/p>\n<p>&nbsp;<\/p>\n<h2>Grafit blok \u0131s\u0131 e\u015fanj\u00f6r\u00fc taraf\u0131ndan nas\u0131l \u00fcretilir?<\/h2>\n<p>Is\u0131 e\u015fanj\u00f6r\u00fcn\u00fcn grafit bloklar\u0131 genellikle ekstr\u00fczyon i\u015flemi ile k\u00fcp veya k\u00fcp \u015feklini olu\u015fturur. Daha sonra \u00fcretici bunlar\u0131 \u0131s\u0131 e\u015fanj\u00f6r\u00fcn\u00fcn \u00f6zel boyut gereksinimlerine g\u00f6re mekanik olarak i\u015fler.<\/p>\n<p>&nbsp;<\/p>\n<h2>Farkl\u0131 tipler<\/h2>\n<p>\u00c7e\u015fitli \u0131s\u0131 e\u015fanj\u00f6r\u00fc grafit bloklar\u0131 tedarik ediyoruz:<\/p>\n<p>\u0130zostatik preslenmi\u015f grafit blok: Yar\u0131 iletken gibi yo\u011funluk, mukavemet ve performansta tutarl\u0131l\u0131\u011f\u0131n gerekli oldu\u011fu senaryolar i\u00e7in uygundur.<\/p>\n<p>&nbsp;<\/p>\n<p>Kal\u0131planm\u0131\u015f grafit blok: K\u00fc\u00e7\u00fck grafit kal\u0131plar\u0131 yapmak gibi \u015feklin gerekli oldu\u011fu ve performans\u0131n izotropisinin y\u00fcksek olmad\u0131\u011f\u0131 end\u00fcstriyel alanlarda kullan\u0131l\u0131r.<\/p>\n<p>&nbsp;<\/p>\n<p>Grafit blo\u011fu ekstr\u00fcde edin: Grafit elektrot yap\u0131m\u0131 gibi uzunlu\u011fun gerekli oldu\u011fu ve ana kuvvetin eksenel oldu\u011fu sahneler i\u00e7in uygundur.<\/p>\n<p>&nbsp;<\/p>\n<p>Bu \u0131s\u0131 e\u015fanj\u00f6r\u00fc tipleri hakk\u0131nda daha fazla bilgi i\u00e7in grafit \u0131s\u0131 e\u015fanj\u00f6r\u00fc \u00fcreticiniz size rehberlik ve daha fazla tavsiye sa\u011flayacakt\u0131r.<\/p>\n<p>&nbsp;<\/p>\n<h2>Is\u0131 e\u015fanj\u00f6r\u00fc grafit bloklar\u0131n\u0131n fiziksel ve kimyasal \u00f6zellikleri<\/h2>\n<p>Fiziksel \u00f6zellikler a\u00e7\u0131s\u0131ndan, \u0131s\u0131 e\u015fanj\u00f6r\u00fcn\u00fcn grafit blo\u011fu iyi bir termal iletkenli\u011fe sahiptir ve \u0131s\u0131y\u0131 etkili bir \u015fekilde aktarabilir. Is\u0131 e\u015fanj\u00f6r\u00fcn\u00fcn i\u00e7indeki ak\u0131\u015fkan\u0131n bas\u0131nc\u0131na ve darbesine dayanmak i\u00e7in do\u011fru bas\u0131n\u00e7 dayan\u0131m\u0131na ve b\u00fck\u00fclme dayan\u0131m\u0131na sahiptir. Kimyasal olarak, \u0131s\u0131 de\u011fi\u015fiminin \u00e7al\u0131\u015fma ortam\u0131nda, kimyasal olarak kararl\u0131d\u0131r ve ak\u0131\u015fkandan akan maddelerin neden olabilece\u011fi korozyona kar\u015f\u0131 dayan\u0131kl\u0131d\u0131r.<\/p>\n<p>&nbsp;<\/p>\n<h2>Uygulama<\/h2>\n<p>Al\u00fcminyum end\u00fcstrisinde, \u0131s\u0131 e\u015fanj\u00f6r\u00fcn\u00fcn grafit bloklar\u0131 al\u00fcminyum s\u0131v\u0131 so\u011futmada ve di\u011fer \u0131s\u0131 de\u011fi\u015fim ba\u011flant\u0131lar\u0131nda kullan\u0131labilir. \u00dcretim s\u00fcreci s\u0131cakl\u0131\u011f\u0131n\u0131n do\u011fru kontrol\u00fcn\u00fc sa\u011flar.<\/p>\n<p>Demir ve \u00e7elik end\u00fcstrisi i\u00e7in, ister eritme olsun, <a href=\"https:\/\/en.wikipedia.org\/wiki\/Refining\" target=\"_blank\" rel=\"noopener\">ARITMA<\/a> veya \u0131s\u0131l i\u015flem s\u00fcrecinde \u0131s\u0131 de\u011fi\u015fimi, ondan ayr\u0131lamaz.<\/p>\n<p>Enerji \u00fcretim end\u00fcstrisinde, <a href=\"https:\/\/jinsuncarbon.com\/tr\/urun\/grafit-blok\/\">grafit bloklar<\/a> enerji d\u00f6n\u00fc\u015f\u00fcm verimlili\u011fini etkili bir \u015fekilde art\u0131rabilir. Enerji \u00fcretim sisteminin istikrarl\u0131 \u00e7al\u0131\u015fmas\u0131n\u0131 sa\u011flar.<\/p>\n<p>&nbsp;<\/p>\n<h2>Is\u0131 e\u015fanj\u00f6r\u00fcn\u00fcn grafit blok prensibi<\/h2>\n<p>\u00c7al\u0131\u015fma prensibi, y\u00fcksek termal iletkenlik \u00f6zelliklerini kullanarak \u0131s\u0131 al\u0131\u015fveri\u015fi i\u00e7in iyi bir \u0131s\u0131 iletim ortam\u0131 sa\u011flamakt\u0131r. Is\u0131 e\u015fanj\u00f6r\u00fcnde, tasar\u0131m yap\u0131s\u0131 ak\u0131\u015fkan ve grafit bloklar\u0131n geni\u015f bir temas alan\u0131na sahip olmas\u0131n\u0131 sa\u011flayabilir.<\/p>\n<p>Grafit blok \u0131s\u0131 e\u015fanj\u00f6r\u00fcn\u00fcn \u00e7al\u0131\u015fmas\u0131 i\u00e7in.<\/p>\n<p>Benzersiz yap\u0131sal tasar\u0131m\u0131 \u0131s\u0131 al\u0131\u015fveri\u015finde kilit bir rol oynar.<\/p>\n<p>&nbsp;<\/p>\n<h2>Grafit, \u0131s\u0131 e\u015fanj\u00f6r\u00fcn\u00fcn kafesini bloke eder<\/h2>\n<p>Is\u0131 e\u015fanj\u00f6r\u00fcn\u00fcn grafit blo\u011funun \u00f6zellikleri, uzunluk, geni\u015flik, y\u00fckseklik vb. dahil olmak \u00fczere boyutlar\u0131 kapsar. Ve bu \u00f6zellikleri belirli \u0131s\u0131 e\u015fanj\u00f6r\u00fcn\u00fcn tasar\u0131m\u0131na g\u00f6re \u00f6zelle\u015ftirebiliriz.<\/p>\n<p>\u00dcretim s\u00fcrecinde, boyutsal tolerans\u0131 s\u0131k\u0131 bir \u015fekilde kontrol edece\u011fiz ve y\u00fczey kalitesi de \u00f6nemli bir g\u00f6stergedir.<\/p>\n<p>&nbsp;<\/p>\n<h2>Is\u0131 e\u015fanj\u00f6r\u00fcn\u00fcn grafit blo\u011funun tasar\u0131m\u0131<\/h2>\n<p>Bir\u00e7ok fakt\u00f6r\u00fc kapsaml\u0131 bir \u015fekilde ele almal\u0131d\u0131r. \u0130lk olarak, grafit blok tipi veya kabuk ve t\u00fcp tipi gibi \u0131s\u0131 e\u015fanj\u00f6r\u00fc tipi. Tasar\u0131mda, i\u00e7 kanallar\u0131 ve yollar\u0131 dikkatlice planlamak, s\u0131v\u0131 ak\u0131\u015f\u0131n\u0131 y\u00f6nlendirmek gerekir. En iyi \u0131s\u0131 transfer etkisini elde etmek i\u00e7in \u0131s\u0131 e\u015fanj\u00f6r\u00fcndeki ak\u0131\u015fkan\u0131n ak\u0131\u015f yolunu makul hale getirin. Bu nedenle grafit \u0131s\u0131 e\u015fanj\u00f6r\u00fc \u00fcreticileri, end\u00fcstriyel uygulamalar i\u00e7in y\u00fcksek kaliteli \u00fcr\u00fcnler olu\u015fturmak i\u00e7in tasar\u0131m ve \u00fcretim s\u00fcrecinde bu noktalara tam dikkat g\u00f6sterecektir. Genel olarak, \u0131s\u0131 transfer verimlili\u011fini art\u0131rmak ve stabiliteyi sa\u011flamak gerekir.<\/p>","protected":false},"excerpt":{"rendered":"<p>Is\u0131 de\u011fi\u015fim grafit bloklar\u0131 esas olarak kimya end\u00fcstrisindeki \u0131s\u0131 de\u011fi\u015fim ekipmanlar\u0131nda kullan\u0131l\u0131r. Grafit \u0131s\u0131 e\u015fanj\u00f6rleri ve grafit kondansat\u00f6rler dahil. Ve a\u015fa\u011f\u0131daki \u00f6zelliklere sahiptir:<\/p>\n<ul>\n<li>Y\u00fcksek s\u0131cakl\u0131k dayan\u0131m\u0131<\/li>\n<li>Asit ve alkali korozyon direnci<\/li>\n<li>Y\u00fcksek \u0131s\u0131 iletkenli\u011fi<\/li>\n<li>Y\u00fcksek mukavemetli<\/li>\n<li>Uzun hizmet \u00f6mr\u00fc<\/li>\n<\/ul>","protected":false},"featured_media":6641,"template":"","meta":[],"product_brand":[],"product_cat":[38],"product_tag":[],"class_list":{"0":"post-6640","1":"product","2":"type-product","3":"status-publish","4":"has-post-thumbnail","6":"product_cat-graphite-products","8":"first","9":"instock","10":"shipping-taxable","11":"product-type-simple"},"yoast_head":"<!-- This site is optimized with the Yoast SEO Premium plugin v19.2.1 (Yoast SEO v25.3) - https:\/\/yoast.com\/wordpress\/plugins\/seo\/ -->\n<title>Heat Exchanger Graphite Block Manufacturer | Jinsun Carbon<\/title>\n<meta name=\"description\" content=\"The graphite block of heat exchanger is a key component specially used in heat exchanger, which exists in the form of solid block.\" \/>\n<meta name=\"robots\" content=\"index, follow, max-snippet:-1, max-image-preview:large, max-video-preview:-1\" \/>\n<link rel=\"canonical\" href=\"https:\/\/jinsuncarbon.com\/tr\/urun\/isi-esanjoru-grafit-blok\/\" \/>\n<meta property=\"og:locale\" content=\"tr_TR\" \/>\n<meta property=\"og:type\" content=\"article\" \/>\n<meta property=\"og:title\" content=\"Heat Exchanger Graphite Block\" \/>\n<meta property=\"og:description\" content=\"The graphite block of heat exchanger is a key component specially used in heat exchanger, which exists in the form of solid block.\" \/>\n<meta property=\"og:url\" content=\"https:\/\/jinsuncarbon.com\/tr\/urun\/isi-esanjoru-grafit-blok\/\" \/>\n<meta property=\"og:site_name\" content=\"Jinsun Carbon\" \/>\n<meta property=\"article:publisher\" content=\"https:\/\/www.facebook.com\/Graphite-Electrode-109336238661595\" \/>\n<meta property=\"article:modified_time\" content=\"2024-11-16T07:17:03+00:00\" \/>\n<meta property=\"og:image\" content=\"https:\/\/jinsuncarbon.com\/wp-content\/uploads\/2024\/11\/Heat-exchanger-graphite-block.jpg\" \/>\n\t<meta property=\"og:image:width\" content=\"1024\" \/>\n\t<meta property=\"og:image:height\" content=\"763\" \/>\n\t<meta property=\"og:image:type\" content=\"image\/jpeg\" \/>\n<meta name=\"twitter:card\" content=\"summary_large_image\" \/>\n<meta name=\"twitter:site\" content=\"@jinsuncarbon_\" \/>\n<meta name=\"twitter:label1\" content=\"Tahmini okuma s\u00fcresi\" \/>\n\t<meta name=\"twitter:data1\" content=\"3 dakika\" \/>\n<script type=\"application\/ld+json\" class=\"yoast-schema-graph\">{\"@context\":\"https:\/\/schema.org\",\"@graph\":[{\"@type\":\"WebPage\",\"@id\":\"https:\/\/jinsuncarbon.com\/product\/heat-exchanger-graphite-block\/\",\"url\":\"https:\/\/jinsuncarbon.com\/product\/heat-exchanger-graphite-block\/\",\"name\":\"Heat Exchanger Graphite Block Manufacturer | Jinsun Carbon\",\"isPartOf\":{\"@id\":\"https:\/\/jinsuncarbon.com\/#website\"},\"primaryImageOfPage\":{\"@id\":\"https:\/\/jinsuncarbon.com\/product\/heat-exchanger-graphite-block\/#primaryimage\"},\"image\":{\"@id\":\"https:\/\/jinsuncarbon.com\/product\/heat-exchanger-graphite-block\/#primaryimage\"},\"thumbnailUrl\":\"https:\/\/jinsuncarbon.com\/wp-content\/uploads\/2024\/11\/Heat-exchanger-graphite-block.jpg\",\"datePublished\":\"2024-11-16T07:17:02+00:00\",\"dateModified\":\"2024-11-16T07:17:03+00:00\",\"description\":\"The graphite block of heat exchanger is a key component specially used in heat exchanger, which exists in the form of solid block.\",\"breadcrumb\":{\"@id\":\"https:\/\/jinsuncarbon.com\/product\/heat-exchanger-graphite-block\/#breadcrumb\"},\"inLanguage\":\"tr\",\"potentialAction\":[{\"@type\":\"ReadAction\",\"target\":[\"https:\/\/jinsuncarbon.com\/product\/heat-exchanger-graphite-block\/\"]}]},{\"@type\":\"ImageObject\",\"inLanguage\":\"tr\",\"@id\":\"https:\/\/jinsuncarbon.com\/product\/heat-exchanger-graphite-block\/#primaryimage\",\"url\":\"https:\/\/jinsuncarbon.com\/wp-content\/uploads\/2024\/11\/Heat-exchanger-graphite-block.jpg\",\"contentUrl\":\"https:\/\/jinsuncarbon.com\/wp-content\/uploads\/2024\/11\/Heat-exchanger-graphite-block.jpg\",\"width\":1024,\"height\":763,\"caption\":\"Heat exchanger graphite block\"},{\"@type\":\"BreadcrumbList\",\"@id\":\"https:\/\/jinsuncarbon.com\/product\/heat-exchanger-graphite-block\/#breadcrumb\",\"itemListElement\":[{\"@type\":\"ListItem\",\"position\":1,\"name\":\"Home\",\"item\":\"https:\/\/jinsuncarbon.com\/\"},{\"@type\":\"ListItem\",\"position\":2,\"name\":\"Products\",\"item\":\"https:\/\/jinsuncarbon.com\/graphite-carbon\/\"},{\"@type\":\"ListItem\",\"position\":3,\"name\":\"Heat Exchanger Graphite Block\"}]},{\"@type\":\"WebSite\",\"@id\":\"https:\/\/jinsuncarbon.com\/#website\",\"url\":\"https:\/\/jinsuncarbon.com\/\",\"name\":\"Jinsun Carbon\",\"description\":\"We are the successful graphite electrode manufacturer in China\",\"publisher\":{\"@id\":\"https:\/\/jinsuncarbon.com\/#organization\"},\"potentialAction\":[{\"@type\":\"SearchAction\",\"target\":{\"@type\":\"EntryPoint\",\"urlTemplate\":\"https:\/\/jinsuncarbon.com\/?s={search_term_string}\"},\"query-input\":{\"@type\":\"PropertyValueSpecification\",\"valueRequired\":true,\"valueName\":\"search_term_string\"}}],\"inLanguage\":\"tr\"},{\"@type\":\"Organization\",\"@id\":\"https:\/\/jinsuncarbon.com\/#organization\",\"name\":\"Jinsun Carbon\",\"alternateName\":\"Jinsun Carbon\",\"url\":\"https:\/\/jinsuncarbon.com\/\",\"logo\":{\"@type\":\"ImageObject\",\"inLanguage\":\"tr\",\"@id\":\"https:\/\/jinsuncarbon.com\/#\/schema\/logo\/image\/\",\"url\":\"https:\/\/jinsuncarbon.com\/wp-content\/uploads\/2022\/12\/LOGO-1.png\",\"contentUrl\":\"https:\/\/jinsuncarbon.com\/wp-content\/uploads\/2022\/12\/LOGO-1.png\",\"width\":207,\"height\":80,\"caption\":\"Jinsun Carbon\"},\"image\":{\"@id\":\"https:\/\/jinsuncarbon.com\/#\/schema\/logo\/image\/\"},\"sameAs\":[\"https:\/\/www.facebook.com\/Graphite-Electrode-109336238661595\",\"https:\/\/x.com\/jinsuncarbon_\",\"https:\/\/www.linkedin.com\/in\/jinsungraphite\",\"https:\/\/www.youtube.com\/channel\/UCysDNyvyR5-3cCWEmpkVC0g\"]}]}<\/script>\n<!-- \/ Yoast SEO Premium plugin. -->","yoast_head_json":{"title":"E\u015fanj\u00f6r Grafit Blok \u00dcreticisi | Jinsun Carbon","description":"Is\u0131 e\u015fanj\u00f6r\u00fcn\u00fcn grafit blo\u011fu, \u0131s\u0131 e\u015fanj\u00f6r\u00fcnde \u00f6zel olarak kullan\u0131lan ve kat\u0131 blok \u015feklinde bulunan \u00f6nemli bir bile\u015fendir.","robots":{"index":"index","follow":"follow","max-snippet":"max-snippet:-1","max-image-preview":"max-image-preview:large","max-video-preview":"max-video-preview:-1"},"canonical":"https:\/\/jinsuncarbon.com\/tr\/urun\/isi-esanjoru-grafit-blok\/","og_locale":"tr_TR","og_type":"article","og_title":"Heat Exchanger Graphite Block","og_description":"The graphite block of heat exchanger is a key component specially used in heat exchanger, which exists in the form of solid block.","og_url":"https:\/\/jinsuncarbon.com\/tr\/urun\/isi-esanjoru-grafit-blok\/","og_site_name":"Jinsun Carbon","article_publisher":"https:\/\/www.facebook.com\/Graphite-Electrode-109336238661595","article_modified_time":"2024-11-16T07:17:03+00:00","og_image":[{"width":1024,"height":763,"url":"https:\/\/jinsuncarbon.com\/wp-content\/uploads\/2024\/11\/Heat-exchanger-graphite-block.jpg","type":"image\/jpeg"}],"twitter_card":"summary_large_image","twitter_site":"@jinsuncarbon_","twitter_misc":{"Tahmini okuma s\u00fcresi":"3 dakika"},"schema":{"@context":"https:\/\/schema.org","@graph":[{"@type":"WebPage","@id":"https:\/\/jinsuncarbon.com\/product\/heat-exchanger-graphite-block\/","url":"https:\/\/jinsuncarbon.com\/product\/heat-exchanger-graphite-block\/","name":"E\u015fanj\u00f6r Grafit Blok \u00dcreticisi | Jinsun Carbon","isPartOf":{"@id":"https:\/\/jinsuncarbon.com\/#website"},"primaryImageOfPage":{"@id":"https:\/\/jinsuncarbon.com\/product\/heat-exchanger-graphite-block\/#primaryimage"},"image":{"@id":"https:\/\/jinsuncarbon.com\/product\/heat-exchanger-graphite-block\/#primaryimage"},"thumbnailUrl":"https:\/\/jinsuncarbon.com\/wp-content\/uploads\/2024\/11\/Heat-exchanger-graphite-block.jpg","datePublished":"2024-11-16T07:17:02+00:00","dateModified":"2024-11-16T07:17:03+00:00","description":"Is\u0131 e\u015fanj\u00f6r\u00fcn\u00fcn grafit blo\u011fu, \u0131s\u0131 e\u015fanj\u00f6r\u00fcnde \u00f6zel olarak kullan\u0131lan ve kat\u0131 blok \u015feklinde bulunan \u00f6nemli bir bile\u015fendir.","breadcrumb":{"@id":"https:\/\/jinsuncarbon.com\/product\/heat-exchanger-graphite-block\/#breadcrumb"},"inLanguage":"tr","potentialAction":[{"@type":"ReadAction","target":["https:\/\/jinsuncarbon.com\/product\/heat-exchanger-graphite-block\/"]}]},{"@type":"ImageObject","inLanguage":"tr","@id":"https:\/\/jinsuncarbon.com\/product\/heat-exchanger-graphite-block\/#primaryimage","url":"https:\/\/jinsuncarbon.com\/wp-content\/uploads\/2024\/11\/Heat-exchanger-graphite-block.jpg","contentUrl":"https:\/\/jinsuncarbon.com\/wp-content\/uploads\/2024\/11\/Heat-exchanger-graphite-block.jpg","width":1024,"height":763,"caption":"Heat exchanger graphite block"},{"@type":"BreadcrumbList","@id":"https:\/\/jinsuncarbon.com\/product\/heat-exchanger-graphite-block\/#breadcrumb","itemListElement":[{"@type":"ListItem","position":1,"name":"Home","item":"https:\/\/jinsuncarbon.com\/"},{"@type":"ListItem","position":2,"name":"Products","item":"https:\/\/jinsuncarbon.com\/graphite-carbon\/"},{"@type":"ListItem","position":3,"name":"Heat Exchanger Graphite Block"}]},{"@type":"WebSite","@id":"https:\/\/jinsuncarbon.com\/#website","url":"https:\/\/jinsuncarbon.com\/","name":"Jinsun Karbon","description":"\u00c7in'deki ba\u015far\u0131l\u0131 grafit elektrot \u00fcreticisiyiz","publisher":{"@id":"https:\/\/jinsuncarbon.com\/#organization"},"potentialAction":[{"@type":"SearchAction","target":{"@type":"EntryPoint","urlTemplate":"https:\/\/jinsuncarbon.com\/?s={search_term_string}"},"query-input":{"@type":"PropertyValueSpecification","valueRequired":true,"valueName":"search_term_string"}}],"inLanguage":"tr"},{"@type":"Organization","@id":"https:\/\/jinsuncarbon.com\/#organization","name":"Jinsun Karbon","alternateName":"Jinsun Carbon","url":"https:\/\/jinsuncarbon.com\/","logo":{"@type":"ImageObject","inLanguage":"tr","@id":"https:\/\/jinsuncarbon.com\/#\/schema\/logo\/image\/","url":"https:\/\/jinsuncarbon.com\/wp-content\/uploads\/2022\/12\/LOGO-1.png","contentUrl":"https:\/\/jinsuncarbon.com\/wp-content\/uploads\/2022\/12\/LOGO-1.png","width":207,"height":80,"caption":"Jinsun Carbon"},"image":{"@id":"https:\/\/jinsuncarbon.com\/#\/schema\/logo\/image\/"},"sameAs":["https:\/\/www.facebook.com\/Graphite-Electrode-109336238661595","https:\/\/x.com\/jinsuncarbon_","https:\/\/www.linkedin.com\/in\/jinsungraphite","https:\/\/www.youtube.com\/channel\/UCysDNyvyR5-3cCWEmpkVC0g"]}]}},"_links":{"self":[{"href":"https:\/\/jinsuncarbon.com\/tr\/wp-json\/wp\/v2\/product\/6640","targetHints":{"allow":["GET"]}}],"collection":[{"href":"https:\/\/jinsuncarbon.com\/tr\/wp-json\/wp\/v2\/product"}],"about":[{"href":"https:\/\/jinsuncarbon.com\/tr\/wp-json\/wp\/v2\/types\/product"}],"wp:featuredmedia":[{"embeddable":true,"href":"https:\/\/jinsuncarbon.com\/tr\/wp-json\/wp\/v2\/media\/6641"}],"wp:attachment":[{"href":"https:\/\/jinsuncarbon.com\/tr\/wp-json\/wp\/v2\/media?parent=6640"}],"wp:term":[{"taxonomy":"product_brand","embeddable":true,"href":"https:\/\/jinsuncarbon.com\/tr\/wp-json\/wp\/v2\/product_brand?post=6640"},{"taxonomy":"product_cat","embeddable":true,"href":"https:\/\/jinsuncarbon.com\/tr\/wp-json\/wp\/v2\/product_cat?post=6640"},{"taxonomy":"product_tag","embeddable":true,"href":"https:\/\/jinsuncarbon.com\/tr\/wp-json\/wp\/v2\/product_tag?post=6640"}],"curies":[{"name":"wp","href":"https:\/\/api.w.org\/{rel}","templated":true}]}}