{"id":6637,"date":"2024-11-16T06:09:04","date_gmt":"2024-11-16T06:09:04","guid":{"rendered":"https:\/\/jinsuncarbon.com\/?post_type=product&#038;p=6637"},"modified":"2024-11-24T05:28:58","modified_gmt":"2024-11-24T05:28:58","slug":"iletken-grafit-tozu","status":"publish","type":"product","link":"https:\/\/jinsuncarbon.com\/tr\/urun\/iletken-grafit-tozu\/","title":{"rendered":"\u0130letken Grafit Tozu"},"content":{"rendered":"<p>\u0130letken grafit tozu, grafit cevherinden i\u015fleme ve di\u011fer i\u015flemlerle yap\u0131lan toz halindeki bir maddedir. K\u00fc\u00e7\u00fck ve tanecikli olup bir\u00e7ok end\u00fcstriyel uygulamada vazge\u00e7ilmez bir malzemedir. Bu grafit tozlar\u0131n\u0131n performans\u0131 ve kalitesi farkl\u0131 uygulama gereksinimlerine g\u00f6re de\u011fi\u015fir. Ana bile\u015fenleri, iletkenlik i\u015flevi elde etmek i\u00e7in benzersiz yap\u0131ya dayanan karbondur.<\/p>\n<p>&nbsp;<\/p>\n<h2>\u0130letken grafit tozu nas\u0131l \u00fcretilir?<\/h2>\n<p>\u0130letken grafit tozu \u00fcretiminin kat\u0131 bir s\u00fcreci vard\u0131r. Birincisi hammaddelerin haz\u0131rlanmas\u0131d\u0131r, ana hammaddeler \u015funlar\u0131 i\u00e7erir:<\/p>\n<p>Do\u011fal grafit cevheri: madencilik ve \u00f6n eleme sonras\u0131.<\/p>\n<p>Katk\u0131 maddeleri: \u00f6rne\u011fin, grafit tozunun \u00f6zelliklerini d\u00fczenlemek i\u00e7in belirli kimyasallar kullan\u0131l\u0131r.<\/p>\n<p>\u00dcretim s\u00fcreci, do\u011fal grafit cevherinin \u00f6nce toz haline getirilmesi ve ard\u0131ndan kimyasal veya fiziksel y\u00f6ntemlerle derinlemesine i\u015flenmesidir.<\/p>\n<p>Kimyasal y\u00f6ntemlerde, grafitin iletkenli\u011fini art\u0131rmak amac\u0131yla kristal yap\u0131s\u0131n\u0131 de\u011fi\u015ftirmek i\u00e7in baz\u0131 kimyasal reaksiyonlar kullan\u0131l\u0131r. Fiziksel y\u00f6ntemler, grafitin i\u00e7 yap\u0131s\u0131n\u0131 elektron iletimine daha elveri\u015fli hale getiren y\u00fcksek s\u0131cakl\u0131k i\u015flemini i\u00e7erir. Bir dizi i\u015flemden sonra, eleme, \u00f6\u011f\u00fctme ve di\u011fer ad\u0131mlardan sonra, iletken grafit tozu gereksinimleri kar\u015f\u0131lar.<\/p>\n<p>&nbsp;<\/p>\n<h2>Grafit neden iletkendir?<\/h2>\n<p>Grafit, benzersiz kristali sayesinde elektri\u011fi iletir <a href=\"https:\/\/www.asbury.com\/resources\/education\/graphite-101\/structural-description\/#:~:text=Graphite%20is%20composed%20of%20layers,one%20another%20on%20their%20edges.\" target=\"_blank\" rel=\"noopener\">yap\u0131<\/a>. Grafit katmanl\u0131 bir yap\u0131d\u0131r. Her karbon atomunun en d\u0131\u015f kabu\u011funda d\u00f6rt elektron vard\u0131r ve kovalent ba\u011f olu\u015ftururken sadece \u00fc\u00e7 elektron kullan\u0131l\u0131r, bu nedenle her karbon atomunun serbest\u00e7e hareket edebilen bir elektronu vard\u0131r. Bu serbest elektronlar, t\u0131pk\u0131 metallerdeki serbest elektronlar gibi katmanlar i\u00e7inde serbest\u00e7e hareket edebilir ve grafitin elektri\u011fi iletmesini sa\u011flar.<\/p>\n<p>&nbsp;<\/p>\n<h2>Farkl\u0131 iletken grafit t\u00fcrleri<\/h2>\n<p>Toz - geni\u015fletilmi\u015f grafit tozu: \u00f6zel geni\u015fletme i\u015fleminden sonra, geni\u015f bir spesifik y\u00fczey alan\u0131na ve iyi bir esnekli\u011fe sahiptir ve \u00e7e\u015fitli karma\u015f\u0131k ortamlarda iletken bir rol oynayabilir.<\/p>\n<p>Sentetik grafit tozu: grafit tozunun safl\u0131\u011f\u0131 ve performans\u0131 ihtiya\u00e7lara g\u00f6re do\u011fru bir \u015fekilde kontrol edilebilir.  Elektrik iletkenli\u011fi i\u00e7in y\u00fcksek gereksinimleri olan y\u00fcksek teknoloji alanlar\u0131nda kullanabilirsiniz.<\/p>\n<p><a href=\"https:\/\/jinsuncarbon.com\/tr\/urun\/dogal-pul-grafit\/\">Do\u011fal pul grafit tozu<\/a>: Do\u011fal grafit cevherinden elde edilir ve grafitin do\u011fal pul yap\u0131s\u0131n\u0131 korur. Bu, elektronlar\u0131n iletimine elveri\u015flidir ve baz\u0131 geleneksel end\u00fcstriyel alanlarda geni\u015f bir uygulama yelpazesine sahiptir.<\/p>\n<p>&nbsp;<\/p>\n<h2>\u0130letken grafit tozunun fiziksel ve kimyasal \u00f6zellikleri<\/h2>\n<p>Fiziksel \u00f6zellikler a\u00e7\u0131s\u0131ndan, farkl\u0131 uygulamalardaki etkisini etkileyecek belirli bir yo\u011funluk ve tanecik da\u011f\u0131l\u0131m\u0131na sahiptir. Kimyasal \u00f6zellikler a\u00e7\u0131s\u0131ndan bak\u0131ld\u0131\u011f\u0131nda, kimyasal \u00f6zellikleri oda s\u0131cakl\u0131\u011f\u0131nda nispeten kararl\u0131d\u0131r ve baz\u0131 yayg\u0131n kimyasallar\u0131n erozyonuna direnebilir. Ayn\u0131 zamanda, s\u00fcrt\u00fcnmeyi azaltmas\u0131 gereken baz\u0131 uygulama senaryolar\u0131nda performans g\u00f6stermesini sa\u011flayan iyi bir ya\u011flama \u00f6zelli\u011fine de sahiptir.<\/p>\n<p>&nbsp;<\/p>\n<h2>Uygulama<\/h2>\n<p>Kaplama alan\u0131nda, iletken grafit tozu iletken grafit boya haz\u0131rlamak i\u00e7in kullan\u0131labilir.<\/p>\n<p>Refrakter i\u00e7in, malzemenin y\u00fcksek s\u0131cakl\u0131k direnci ve elektrik iletkenli\u011fi geli\u015ftirilebilir.<\/p>\n<p>D\u00f6k\u00fcm end\u00fcstrisinde, d\u00f6k\u00fcm\u00fcn kalitesini ve performans\u0131n\u0131 art\u0131rabilir.<\/p>\n<p>Ya\u011flay\u0131c\u0131 olarak s\u00fcrt\u00fcnme katsay\u0131s\u0131n\u0131 etkili bir \u015fekilde azalt\u0131r.<\/p>\n<p>Ak\u00fc alan\u0131nda, elektrot malzemesinin \u00f6nemli bir par\u00e7as\u0131d\u0131r. Bataryan\u0131n \u015farj ve de\u015farj performans\u0131n\u0131 art\u0131rabilir.<\/p>\n<p>Elektrikli bile\u015fenlerde, elektrikli cihazlar\u0131n normal \u00e7al\u0131\u015fmas\u0131n\u0131 sa\u011flamak i\u00e7in devrenin iyi elektrik iletkenli\u011fi olmas\u0131 garanti edilebilir.<\/p>\n<p>Ayr\u0131ca, iletken grafit sprey de iletken grafit tozunun \u00f6zelliklerini kullan\u0131r ve ilgili uygulamalarda \u00f6nemli bir rol oynar.<\/p>","protected":false},"excerpt":{"rendered":"<p>Y\u00fcksek iletkenli\u011fe, y\u00fcksek s\u0131cakl\u0131k direncine ve korozyon direncine sahip iletken grafit tozu, end\u00fcstride ve ya\u015famda yayg\u0131n olarak kullan\u0131lmaktad\u0131r.<\/p>\n<ul>\n<li>Ak\u00fc kapasit\u00f6rleri ve di\u011fer elektrot malzemelerinin \u00fcretimi<\/li>\n<li>Havac\u0131l\u0131k ve uzay alan\u0131 Antistatik ve elektromanyetik ekranlama<\/li>\n<li>Kompozit malzemeler, mekanik \u00f6zelliklerin ve iletkenli\u011fin iyile\u015ftirilmesi<\/li>\n<li>Termal y\u00f6netim malzemeleri, \u0131s\u0131 da\u011f\u0131l\u0131m\u0131na yard\u0131mc\u0131 olur<\/li>\n<li>Ya\u011flay\u0131c\u0131lar, a\u015f\u0131nmay\u0131 azalt\u0131r<\/li>\n<li>Kimya end\u00fcstrisinde kullan\u0131lan kataliz\u00f6rler<\/li>\n<\/ul>","protected":false},"featured_media":6638,"template":"","meta":[],"product_brand":[],"product_cat":[40],"product_tag":[],"class_list":{"0":"post-6637","1":"product","2":"type-product","3":"status-publish","4":"has-post-thumbnail","6":"product_cat-petroleum-coke","8":"first","9":"instock","10":"shipping-taxable","11":"product-type-simple"},"yoast_head":"<!-- This site is optimized with the Yoast SEO Premium plugin v19.2.1 (Yoast SEO v25.3) - https:\/\/yoast.com\/wordpress\/plugins\/seo\/ -->\n<title>Conductive Graphite Powder Manufacturer | Jinsun Carbon<\/title>\n<meta name=\"description\" content=\"Conductive graphite powder, with high conductivity, high temperature resistance and corrosion resistance, is widely used in industry and life.\" \/>\n<meta name=\"robots\" content=\"index, follow, max-snippet:-1, max-image-preview:large, max-video-preview:-1\" \/>\n<link rel=\"canonical\" href=\"https:\/\/jinsuncarbon.com\/tr\/urun\/iletken-grafit-tozu\/\" \/>\n<meta property=\"og:locale\" content=\"tr_TR\" \/>\n<meta property=\"og:type\" content=\"article\" \/>\n<meta property=\"og:title\" content=\"Conductive Graphite Powder\" \/>\n<meta property=\"og:description\" content=\"Conductive graphite powder, with high conductivity, high temperature resistance and corrosion resistance, is widely used in industry and life.\" \/>\n<meta property=\"og:url\" content=\"https:\/\/jinsuncarbon.com\/tr\/urun\/iletken-grafit-tozu\/\" \/>\n<meta property=\"og:site_name\" content=\"Jinsun Carbon\" \/>\n<meta property=\"article:publisher\" content=\"https:\/\/www.facebook.com\/Graphite-Electrode-109336238661595\" \/>\n<meta property=\"article:modified_time\" content=\"2024-11-24T05:28:58+00:00\" \/>\n<meta property=\"og:image\" content=\"https:\/\/jinsuncarbon.com\/wp-content\/uploads\/2024\/11\/Conductive-graphite-powder.jpg\" \/>\n\t<meta property=\"og:image:width\" content=\"1024\" \/>\n\t<meta property=\"og:image:height\" content=\"763\" \/>\n\t<meta property=\"og:image:type\" content=\"image\/jpeg\" \/>\n<meta name=\"twitter:card\" content=\"summary_large_image\" \/>\n<meta name=\"twitter:site\" content=\"@jinsuncarbon_\" \/>\n<meta name=\"twitter:label1\" content=\"Tahmini okuma s\u00fcresi\" \/>\n\t<meta name=\"twitter:data1\" content=\"3 dakika\" \/>\n<script type=\"application\/ld+json\" class=\"yoast-schema-graph\">{\"@context\":\"https:\/\/schema.org\",\"@graph\":[{\"@type\":\"WebPage\",\"@id\":\"https:\/\/jinsuncarbon.com\/product\/conductive-graphite-powder\/\",\"url\":\"https:\/\/jinsuncarbon.com\/product\/conductive-graphite-powder\/\",\"name\":\"Conductive Graphite Powder Manufacturer | Jinsun Carbon\",\"isPartOf\":{\"@id\":\"https:\/\/jinsuncarbon.com\/#website\"},\"primaryImageOfPage\":{\"@id\":\"https:\/\/jinsuncarbon.com\/product\/conductive-graphite-powder\/#primaryimage\"},\"image\":{\"@id\":\"https:\/\/jinsuncarbon.com\/product\/conductive-graphite-powder\/#primaryimage\"},\"thumbnailUrl\":\"https:\/\/jinsuncarbon.com\/wp-content\/uploads\/2024\/11\/Conductive-graphite-powder.jpg\",\"datePublished\":\"2024-11-16T06:09:04+00:00\",\"dateModified\":\"2024-11-24T05:28:58+00:00\",\"description\":\"Conductive graphite powder, with high conductivity, high temperature resistance and corrosion resistance, is widely used in industry and life.\",\"breadcrumb\":{\"@id\":\"https:\/\/jinsuncarbon.com\/product\/conductive-graphite-powder\/#breadcrumb\"},\"inLanguage\":\"tr\",\"potentialAction\":[{\"@type\":\"ReadAction\",\"target\":[\"https:\/\/jinsuncarbon.com\/product\/conductive-graphite-powder\/\"]}]},{\"@type\":\"ImageObject\",\"inLanguage\":\"tr\",\"@id\":\"https:\/\/jinsuncarbon.com\/product\/conductive-graphite-powder\/#primaryimage\",\"url\":\"https:\/\/jinsuncarbon.com\/wp-content\/uploads\/2024\/11\/Conductive-graphite-powder.jpg\",\"contentUrl\":\"https:\/\/jinsuncarbon.com\/wp-content\/uploads\/2024\/11\/Conductive-graphite-powder.jpg\",\"width\":1024,\"height\":763,\"caption\":\"Conductive graphite powder\"},{\"@type\":\"BreadcrumbList\",\"@id\":\"https:\/\/jinsuncarbon.com\/product\/conductive-graphite-powder\/#breadcrumb\",\"itemListElement\":[{\"@type\":\"ListItem\",\"position\":1,\"name\":\"Home\",\"item\":\"https:\/\/jinsuncarbon.com\/\"},{\"@type\":\"ListItem\",\"position\":2,\"name\":\"Products\",\"item\":\"https:\/\/jinsuncarbon.com\/graphite-carbon\/\"},{\"@type\":\"ListItem\",\"position\":3,\"name\":\"Conductive Graphite Powder\"}]},{\"@type\":\"WebSite\",\"@id\":\"https:\/\/jinsuncarbon.com\/#website\",\"url\":\"https:\/\/jinsuncarbon.com\/\",\"name\":\"Jinsun Carbon\",\"description\":\"We are the successful graphite electrode manufacturer in China\",\"publisher\":{\"@id\":\"https:\/\/jinsuncarbon.com\/#organization\"},\"potentialAction\":[{\"@type\":\"SearchAction\",\"target\":{\"@type\":\"EntryPoint\",\"urlTemplate\":\"https:\/\/jinsuncarbon.com\/?s={search_term_string}\"},\"query-input\":{\"@type\":\"PropertyValueSpecification\",\"valueRequired\":true,\"valueName\":\"search_term_string\"}}],\"inLanguage\":\"tr\"},{\"@type\":\"Organization\",\"@id\":\"https:\/\/jinsuncarbon.com\/#organization\",\"name\":\"Jinsun Carbon\",\"alternateName\":\"Jinsun Carbon\",\"url\":\"https:\/\/jinsuncarbon.com\/\",\"logo\":{\"@type\":\"ImageObject\",\"inLanguage\":\"tr\",\"@id\":\"https:\/\/jinsuncarbon.com\/#\/schema\/logo\/image\/\",\"url\":\"https:\/\/jinsuncarbon.com\/wp-content\/uploads\/2022\/12\/LOGO-1.png\",\"contentUrl\":\"https:\/\/jinsuncarbon.com\/wp-content\/uploads\/2022\/12\/LOGO-1.png\",\"width\":207,\"height\":80,\"caption\":\"Jinsun Carbon\"},\"image\":{\"@id\":\"https:\/\/jinsuncarbon.com\/#\/schema\/logo\/image\/\"},\"sameAs\":[\"https:\/\/www.facebook.com\/Graphite-Electrode-109336238661595\",\"https:\/\/x.com\/jinsuncarbon_\",\"https:\/\/www.linkedin.com\/in\/jinsungraphite\",\"https:\/\/www.youtube.com\/channel\/UCysDNyvyR5-3cCWEmpkVC0g\"]}]}<\/script>\n<!-- \/ Yoast SEO Premium plugin. -->","yoast_head_json":{"title":"\u0130letken Grafit Tozu \u00dcreticisi | Jinsun Carbon","description":"Y\u00fcksek iletkenli\u011fe, y\u00fcksek s\u0131cakl\u0131k direncine ve korozyon direncine sahip iletken grafit tozu, end\u00fcstride ve ya\u015famda yayg\u0131n olarak kullan\u0131lmaktad\u0131r.","robots":{"index":"index","follow":"follow","max-snippet":"max-snippet:-1","max-image-preview":"max-image-preview:large","max-video-preview":"max-video-preview:-1"},"canonical":"https:\/\/jinsuncarbon.com\/tr\/urun\/iletken-grafit-tozu\/","og_locale":"tr_TR","og_type":"article","og_title":"Conductive Graphite Powder","og_description":"Conductive graphite powder, with high conductivity, high temperature resistance and corrosion resistance, is widely used in industry and life.","og_url":"https:\/\/jinsuncarbon.com\/tr\/urun\/iletken-grafit-tozu\/","og_site_name":"Jinsun Carbon","article_publisher":"https:\/\/www.facebook.com\/Graphite-Electrode-109336238661595","article_modified_time":"2024-11-24T05:28:58+00:00","og_image":[{"width":1024,"height":763,"url":"https:\/\/jinsuncarbon.com\/wp-content\/uploads\/2024\/11\/Conductive-graphite-powder.jpg","type":"image\/jpeg"}],"twitter_card":"summary_large_image","twitter_site":"@jinsuncarbon_","twitter_misc":{"Tahmini okuma s\u00fcresi":"3 dakika"},"schema":{"@context":"https:\/\/schema.org","@graph":[{"@type":"WebPage","@id":"https:\/\/jinsuncarbon.com\/product\/conductive-graphite-powder\/","url":"https:\/\/jinsuncarbon.com\/product\/conductive-graphite-powder\/","name":"\u0130letken Grafit Tozu \u00dcreticisi | Jinsun Carbon","isPartOf":{"@id":"https:\/\/jinsuncarbon.com\/#website"},"primaryImageOfPage":{"@id":"https:\/\/jinsuncarbon.com\/product\/conductive-graphite-powder\/#primaryimage"},"image":{"@id":"https:\/\/jinsuncarbon.com\/product\/conductive-graphite-powder\/#primaryimage"},"thumbnailUrl":"https:\/\/jinsuncarbon.com\/wp-content\/uploads\/2024\/11\/Conductive-graphite-powder.jpg","datePublished":"2024-11-16T06:09:04+00:00","dateModified":"2024-11-24T05:28:58+00:00","description":"Y\u00fcksek iletkenli\u011fe, y\u00fcksek s\u0131cakl\u0131k direncine ve korozyon direncine sahip iletken grafit tozu, end\u00fcstride ve ya\u015famda yayg\u0131n olarak kullan\u0131lmaktad\u0131r.","breadcrumb":{"@id":"https:\/\/jinsuncarbon.com\/product\/conductive-graphite-powder\/#breadcrumb"},"inLanguage":"tr","potentialAction":[{"@type":"ReadAction","target":["https:\/\/jinsuncarbon.com\/product\/conductive-graphite-powder\/"]}]},{"@type":"ImageObject","inLanguage":"tr","@id":"https:\/\/jinsuncarbon.com\/product\/conductive-graphite-powder\/#primaryimage","url":"https:\/\/jinsuncarbon.com\/wp-content\/uploads\/2024\/11\/Conductive-graphite-powder.jpg","contentUrl":"https:\/\/jinsuncarbon.com\/wp-content\/uploads\/2024\/11\/Conductive-graphite-powder.jpg","width":1024,"height":763,"caption":"Conductive graphite powder"},{"@type":"BreadcrumbList","@id":"https:\/\/jinsuncarbon.com\/product\/conductive-graphite-powder\/#breadcrumb","itemListElement":[{"@type":"ListItem","position":1,"name":"Home","item":"https:\/\/jinsuncarbon.com\/"},{"@type":"ListItem","position":2,"name":"Products","item":"https:\/\/jinsuncarbon.com\/graphite-carbon\/"},{"@type":"ListItem","position":3,"name":"Conductive Graphite Powder"}]},{"@type":"WebSite","@id":"https:\/\/jinsuncarbon.com\/#website","url":"https:\/\/jinsuncarbon.com\/","name":"Jinsun Karbon","description":"\u00c7in'deki ba\u015far\u0131l\u0131 grafit elektrot \u00fcreticisiyiz","publisher":{"@id":"https:\/\/jinsuncarbon.com\/#organization"},"potentialAction":[{"@type":"SearchAction","target":{"@type":"EntryPoint","urlTemplate":"https:\/\/jinsuncarbon.com\/?s={search_term_string}"},"query-input":{"@type":"PropertyValueSpecification","valueRequired":true,"valueName":"search_term_string"}}],"inLanguage":"tr"},{"@type":"Organization","@id":"https:\/\/jinsuncarbon.com\/#organization","name":"Jinsun Karbon","alternateName":"Jinsun Carbon","url":"https:\/\/jinsuncarbon.com\/","logo":{"@type":"ImageObject","inLanguage":"tr","@id":"https:\/\/jinsuncarbon.com\/#\/schema\/logo\/image\/","url":"https:\/\/jinsuncarbon.com\/wp-content\/uploads\/2022\/12\/LOGO-1.png","contentUrl":"https:\/\/jinsuncarbon.com\/wp-content\/uploads\/2022\/12\/LOGO-1.png","width":207,"height":80,"caption":"Jinsun Carbon"},"image":{"@id":"https:\/\/jinsuncarbon.com\/#\/schema\/logo\/image\/"},"sameAs":["https:\/\/www.facebook.com\/Graphite-Electrode-109336238661595","https:\/\/x.com\/jinsuncarbon_","https:\/\/www.linkedin.com\/in\/jinsungraphite","https:\/\/www.youtube.com\/channel\/UCysDNyvyR5-3cCWEmpkVC0g"]}]}},"_links":{"self":[{"href":"https:\/\/jinsuncarbon.com\/tr\/wp-json\/wp\/v2\/product\/6637","targetHints":{"allow":["GET"]}}],"collection":[{"href":"https:\/\/jinsuncarbon.com\/tr\/wp-json\/wp\/v2\/product"}],"about":[{"href":"https:\/\/jinsuncarbon.com\/tr\/wp-json\/wp\/v2\/types\/product"}],"wp:featuredmedia":[{"embeddable":true,"href":"https:\/\/jinsuncarbon.com\/tr\/wp-json\/wp\/v2\/media\/6638"}],"wp:attachment":[{"href":"https:\/\/jinsuncarbon.com\/tr\/wp-json\/wp\/v2\/media?parent=6637"}],"wp:term":[{"taxonomy":"product_brand","embeddable":true,"href":"https:\/\/jinsuncarbon.com\/tr\/wp-json\/wp\/v2\/product_brand?post=6637"},{"taxonomy":"product_cat","embeddable":true,"href":"https:\/\/jinsuncarbon.com\/tr\/wp-json\/wp\/v2\/product_cat?post=6637"},{"taxonomy":"product_tag","embeddable":true,"href":"https:\/\/jinsuncarbon.com\/tr\/wp-json\/wp\/v2\/product_tag?post=6637"}],"curies":[{"name":"wp","href":"https:\/\/api.w.org\/{rel}","templated":true}]}}