{"id":6615,"date":"2024-11-15T02:20:11","date_gmt":"2024-11-15T02:20:11","guid":{"rendered":"https:\/\/jinsuncarbon.com\/?post_type=product&#038;p=6615"},"modified":"2024-11-19T15:56:11","modified_gmt":"2024-11-19T15:56:11","slug":"700-mm-grafit-elektrot","status":"publish","type":"product","link":"https:\/\/jinsuncarbon.com\/tr\/urun\/700-mm-grafit-elektrot\/","title":{"rendered":"EAF i\u00e7in 700mm Grafit Elektrot"},"content":{"rendered":"<h2>700mm Grafit Elektrot Avantajlar\u0131<\/h2>\n<p><strong><b>Y\u00fcksek \u0130letkenlik<\/b><\/strong><\/p>\n<p>700 mm'lik grafit elektrot, elektrik ark ocaklar\u0131 gibi y\u00fcksek enerjili uygulamalar i\u00e7in uygun olan ola\u011fan\u00fcst\u00fc y\u00fcksek iletkenli\u011fe sahiptir. <a href=\"https:\/\/electrotherment.com\/iron-steel-making\/refining\/electrotherm-ladle-refining-furnaces\" target=\"_blank\" rel=\"noopener\">rafi\u0307neri\u0307 firinlari<\/a>. B\u00fcy\u00fck ak\u0131mlar\u0131 verimli bir \u015fekilde ileterek h\u0131zl\u0131 ve s\u00fcrekli y\u00fcksek s\u0131cakl\u0131kta eritme i\u015flemlerini destekler.<\/p>\n<p><strong><b>Y\u00fcksek S\u0131cakl\u0131k Dayan\u0131m\u0131<\/b><\/strong><\/p>\n<p>3000\u00b0C'yi a\u015fan yo\u011fun \u0131s\u0131da bile grafit elektrot \u00f6nemli bir deformasyon veya a\u015f\u0131nma olmaks\u0131z\u0131n stabil kal\u0131r. Bu \u00f6zellik \u00f6zellikle y\u00fcksek s\u0131cakl\u0131kta eritme uygulamalar\u0131 i\u00e7in kritik \u00f6neme sahiptir.<\/p>\n<p><strong><b>Mekanik Dayan\u0131m<\/b><\/strong><\/p>\n<p>700 mm grafit elektrot, y\u00fcksek s\u0131cakl\u0131k ve y\u00fcksek bas\u0131n\u00e7 ko\u015fullar\u0131 alt\u0131nda istikrarl\u0131 bir \u015fekilde \u00e7al\u0131\u015fmak i\u00e7in yeterli mekanik g\u00fcce sahiptir. Sa\u011flam yap\u0131s\u0131 sadece elektrotun \u00f6mr\u00fcn\u00fc uzatmakla kalmaz, ayn\u0131 zamanda s\u0131k s\u0131k yap\u0131lan se\u00e7eneklerle ili\u015fkili maliyetleri ve zaman\u0131 da azalt\u0131r.<\/p>\n<p><strong><b>Termal \u015eok Direnci<\/b><\/strong><\/p>\n<p>Termal \u015foka kar\u015f\u0131 m\u00fckemmel diren\u00e7 g\u00f6steren grafit elektrot, \u00e7atlama veya hasar riskini en aza indirmek i\u00e7in h\u0131zl\u0131 s\u0131cakl\u0131k dalgalanmalar\u0131na uyum sa\u011flayabilir. Bu \u00f6zellik \u00f6zellikle tekrarlanan \u0131s\u0131tma ve so\u011futma gerektiren uygulamalarda \u00e7ok \u00f6nemlidir.<\/p>\n<p><strong><b>Oksidasyon Direnci<\/b><\/strong><\/p>\n<p>Grafit elektrot, y\u00fcksek s\u0131cakl\u0131ktaki ortamlarda g\u00fc\u00e7l\u00fc oksidasyon direnci g\u00f6sterir ve oksidatif reaksiyonlara etkili bir \u015fekilde direnir. Bu kalite, elektrot t\u00fcketimini azaltmaya yard\u0131mc\u0131 olur ve hizmet \u00f6mr\u00fcn\u00fc uzat\u0131r.<\/p>\n<p><strong><b>Kimyasal Stabilite<\/b><\/strong><\/p>\n<p>Zorlu kimyasal ortamlarda grafit elektrot kimyasal kararl\u0131l\u0131\u011f\u0131n\u0131 korur. Bu \u00f6zellik, elektrodun eritme i\u015flemi s\u0131ras\u0131nda safs\u0131zl\u0131klara yol a\u00e7mamas\u0131n\u0131 sa\u011flar ve bu da eritilen malzemelerin safl\u0131\u011f\u0131n\u0131 ve kararl\u0131l\u0131\u011f\u0131n\u0131 art\u0131r\u0131r.<\/p>\n<p>&nbsp;<\/p>\n<h2>Grafit Elektrotlar\u0131n \u00dcretim S\u00fcreci<\/h2>\n<h3>Ana Hammaddeler<\/h3>\n<p><strong><b>Petrol Koku:<\/b><\/strong><\/p>\n<p>Y\u00fcksek safl\u0131\u011fa ve ola\u011fan\u00fcst\u00fc iletkenli\u011fe sahip d\u00fc\u015f\u00fck k\u00fcll\u00fc karbon malzemeler burada bol miktarda bulunmaktad\u0131r. D\u00fc\u015f\u00fck k\u00fcl konsantrasyonu sayesinde eritme i\u015flemi s\u0131ras\u0131nda olu\u015fan safs\u0131zl\u0131klar\u0131n azalt\u0131lmas\u0131, elektrot safl\u0131\u011f\u0131n\u0131n iyile\u015ftirilmesine ve y\u00fcksek s\u0131cakl\u0131klarda stabilitenin art\u0131r\u0131lmas\u0131na yard\u0131mc\u0131 olur.<\/p>\n<p><strong><b>Needle Coke:<\/b><\/strong><\/p>\n<p>\u0130\u011fne kokunun \u00f6zel yap\u0131s\u0131, kokun mekanik mukavemetini ve iletkenli\u011fini art\u0131r\u0131r. <a href=\"https:\/\/jinsuncarbon.com\/tr\/urun\/grafit-elektrot\/\">elektrot<\/a>. \u0130\u011fne kok elektrotun yap\u0131s\u0131n\u0131 g\u00fc\u00e7lendirip y\u00fcksek ak\u0131m yo\u011funlu\u011fu ko\u015fullar\u0131nda stabilite sa\u011flasa da, y\u00fcksek s\u0131cakl\u0131klar ve g\u00fc\u00e7l\u00fc ak\u0131mlar alt\u0131nda kopma olas\u0131l\u0131\u011f\u0131n\u0131 azalt\u0131r.<\/p>\n<p><strong><b>K\u00f6m\u00fcr Katran\u0131 Zifti: <\/b><\/strong><\/p>\n<p>K\u00f6m\u00fcr katran\u0131 zifti, \u00fcretim s\u00fcreci s\u0131ras\u0131nda k\u00fc\u00e7\u00fck bir elektrot yap\u0131s\u0131n\u0131 garanti etmek i\u00e7in petrol kokunu ve i\u011fne kokunu bir \"ba\u011flay\u0131c\u0131\" olarak s\u0131k\u0131ca ba\u011flar. Bu madde sadece elektrodun termal \u015fok ve dayan\u0131kl\u0131l\u0131\u011fa kar\u015f\u0131 direncini art\u0131rmakla kalmaz, ayn\u0131 zamanda \u015fekillendirme s\u0131ras\u0131nda da elektrodun dayan\u0131kl\u0131l\u0131\u011f\u0131n\u0131 art\u0131r\u0131r.<\/p>\n<p>&nbsp;<\/p>\n<h3>\u00dcretim S\u00fcreci<\/h3>\n<p><strong>Pi\u015firme:<\/strong><\/p>\n<p>Pi\u015firme i\u015flemi s\u0131ras\u0131nda hammaddeler y\u00fcksek s\u0131cakl\u0131ktaki bir ortamda \u0131s\u0131t\u0131larak nem ve safs\u0131zl\u0131klar kademeli olarak giderilir. F\u0131r\u0131nlama sadece malzemeleri safla\u015ft\u0131rmakla kalmaz, ayn\u0131 zamanda elektrodun \u0131s\u0131 direncini \u00f6nemli \u00f6l\u00e7\u00fcde art\u0131rarak y\u00fcksek s\u0131cakl\u0131ktaki eritme i\u015flemlerinde stabil kalmas\u0131n\u0131 sa\u011flar.<\/p>\n<p><strong>Grafitle\u015ftirme:<\/strong><\/p>\n<p>Bu, kritik bir y\u00fcksek s\u0131cakl\u0131k i\u015fleme ad\u0131m\u0131d\u0131r. Hammaddelerin karbon yap\u0131s\u0131 3000\u00b0C'ye kadar \u0131s\u0131t\u0131larak grafit yap\u0131ya d\u00f6n\u00fc\u015ft\u00fcr\u00fcl\u00fcr, ancak bu \u015fekilde elektrotun iletkenli\u011fini art\u0131rabilir ve b\u00fcy\u00fck ak\u0131m yo\u011funluklar\u0131n\u0131 y\u00f6netmesini sa\u011flayabilir.<\/p>\n<p><strong>\u015eekillendirme ve \u0130\u015fleme:<\/strong><\/p>\n<p>Malzemeler, grafitle\u015ftirmenin ard\u0131ndan belirli bi\u00e7im ve boyut kriterlerini kar\u015f\u0131lamak \u00fczere i\u015flenir. Elektrotun formu ve y\u00fczeyi, farkl\u0131 kullan\u0131mlardaki \u00e7e\u015fitli ekipmanlarla uyumu garanti etmek i\u00e7in bu ad\u0131mda hassas bir \u015fekilde ayarlan\u0131r.<\/p>","protected":false},"excerpt":{"rendered":"<p>700mm grafit elektrot ultra y\u00fcksek g\u00fc\u00e7, 160000KVA trafo nominal kapasitesi ile donat\u0131lm\u0131\u015f hurda \u00f6n \u0131s\u0131tma elektrik ark oca\u011f\u0131nda (eaf) kullan\u0131l\u0131r. Bu i\u015flem, \u00e7elik hurdas\u0131n\u0131 120 tonluk bir elektrik ark oca\u011f\u0131nda eritmek ve \u00e7eli\u011fi eritmek i\u00e7in bir ar\u0131tma oca\u011f\u0131 ile kullanmakt\u0131r. Ar\u0131tma f\u0131r\u0131n\u0131 ayr\u0131ca daha k\u00fc\u00e7\u00fck \u00f6zelliklere sahip ultra y\u00fcksek g\u00fc\u00e7l\u00fc grafit elektrotlar kullan\u0131r. Ayn\u0131 zamanda, elektrotlar\u0131 ba\u011flamak i\u00e7in nipellerle donat\u0131lm\u0131\u015ft\u0131r. 700 mm grafit elektrotlar\u0131m\u0131z daha b\u00fcy\u00fck bir ak\u0131m yo\u011funlu\u011fu ta\u015f\u0131yabilir. Metalik silikon, bak\u0131r ve al\u00fcminyum gibi demir d\u0131\u015f\u0131 metallerin elektrik ark oca\u011f\u0131 eritme i\u015fleminde de kullan\u0131l\u0131rlar.<\/p>","protected":false},"featured_media":6618,"template":"","meta":[],"product_brand":[],"product_cat":[37],"product_tag":[],"class_list":{"0":"post-6615","1":"product","2":"type-product","3":"status-publish","4":"has-post-thumbnail","6":"product_cat-graphite-electrode","8":"first","9":"instock","10":"shipping-taxable","11":"product-type-simple"},"yoast_head":"<!-- This site is optimized with the Yoast SEO Premium plugin v19.2.1 (Yoast SEO v25.3) - https:\/\/yoast.com\/wordpress\/plugins\/seo\/ -->\n<title>700mm Graphite Electrode For EAF | Jinsun Carbon<\/title>\n<meta name=\"description\" content=\"700mm graphite electrode ultra-high power is used in scrap preheating electric arc furnace, equipped with a rated capacity of 160000KVA transformer.\" \/>\n<meta name=\"robots\" content=\"index, follow, max-snippet:-1, max-image-preview:large, max-video-preview:-1\" \/>\n<link rel=\"canonical\" href=\"https:\/\/jinsuncarbon.com\/tr\/urun\/700-mm-grafit-elektrot\/\" \/>\n<meta property=\"og:locale\" content=\"tr_TR\" \/>\n<meta property=\"og:type\" content=\"article\" \/>\n<meta property=\"og:title\" content=\"700mm Graphite Electrode for EAF\" \/>\n<meta property=\"og:description\" content=\"700mm graphite electrode ultra-high power is used in scrap preheating electric arc furnace, equipped with a rated capacity of 160000KVA transformer.\" \/>\n<meta property=\"og:url\" content=\"https:\/\/jinsuncarbon.com\/tr\/urun\/700-mm-grafit-elektrot\/\" \/>\n<meta property=\"og:site_name\" content=\"Jinsun Carbon\" \/>\n<meta property=\"article:publisher\" content=\"https:\/\/www.facebook.com\/Graphite-Electrode-109336238661595\" \/>\n<meta property=\"article:modified_time\" content=\"2024-11-19T15:56:11+00:00\" \/>\n<meta property=\"og:image\" content=\"https:\/\/jinsuncarbon.com\/wp-content\/uploads\/2024\/11\/700mm-Graphite-Electrode.jpg\" \/>\n\t<meta property=\"og:image:width\" content=\"1024\" \/>\n\t<meta property=\"og:image:height\" content=\"763\" \/>\n\t<meta property=\"og:image:type\" content=\"image\/jpeg\" \/>\n<meta name=\"twitter:card\" content=\"summary_large_image\" \/>\n<meta name=\"twitter:site\" content=\"@jinsuncarbon_\" \/>\n<meta name=\"twitter:label1\" content=\"Tahmini okuma s\u00fcresi\" \/>\n\t<meta name=\"twitter:data1\" content=\"3 dakika\" \/>\n<script type=\"application\/ld+json\" class=\"yoast-schema-graph\">{\"@context\":\"https:\/\/schema.org\",\"@graph\":[{\"@type\":\"WebPage\",\"@id\":\"https:\/\/jinsuncarbon.com\/product\/700mm-graphite-electrode\/\",\"url\":\"https:\/\/jinsuncarbon.com\/product\/700mm-graphite-electrode\/\",\"name\":\"700mm Graphite Electrode For EAF | Jinsun Carbon\",\"isPartOf\":{\"@id\":\"https:\/\/jinsuncarbon.com\/#website\"},\"primaryImageOfPage\":{\"@id\":\"https:\/\/jinsuncarbon.com\/product\/700mm-graphite-electrode\/#primaryimage\"},\"image\":{\"@id\":\"https:\/\/jinsuncarbon.com\/product\/700mm-graphite-electrode\/#primaryimage\"},\"thumbnailUrl\":\"https:\/\/jinsuncarbon.com\/wp-content\/uploads\/2024\/11\/700mm-Graphite-Electrode.jpg\",\"datePublished\":\"2024-11-15T02:20:11+00:00\",\"dateModified\":\"2024-11-19T15:56:11+00:00\",\"description\":\"700mm graphite electrode ultra-high power is used in scrap preheating electric arc furnace, equipped with a rated capacity of 160000KVA transformer.\",\"breadcrumb\":{\"@id\":\"https:\/\/jinsuncarbon.com\/product\/700mm-graphite-electrode\/#breadcrumb\"},\"inLanguage\":\"tr\",\"potentialAction\":[{\"@type\":\"ReadAction\",\"target\":[\"https:\/\/jinsuncarbon.com\/product\/700mm-graphite-electrode\/\"]}]},{\"@type\":\"ImageObject\",\"inLanguage\":\"tr\",\"@id\":\"https:\/\/jinsuncarbon.com\/product\/700mm-graphite-electrode\/#primaryimage\",\"url\":\"https:\/\/jinsuncarbon.com\/wp-content\/uploads\/2024\/11\/700mm-Graphite-Electrode.jpg\",\"contentUrl\":\"https:\/\/jinsuncarbon.com\/wp-content\/uploads\/2024\/11\/700mm-Graphite-Electrode.jpg\",\"width\":1024,\"height\":763,\"caption\":\"700mm Graphite Electrode Manufacturer in China\"},{\"@type\":\"BreadcrumbList\",\"@id\":\"https:\/\/jinsuncarbon.com\/product\/700mm-graphite-electrode\/#breadcrumb\",\"itemListElement\":[{\"@type\":\"ListItem\",\"position\":1,\"name\":\"Home\",\"item\":\"https:\/\/jinsuncarbon.com\/\"},{\"@type\":\"ListItem\",\"position\":2,\"name\":\"Products\",\"item\":\"https:\/\/jinsuncarbon.com\/graphite-carbon\/\"},{\"@type\":\"ListItem\",\"position\":3,\"name\":\"700mm Graphite Electrode for EAF\"}]},{\"@type\":\"WebSite\",\"@id\":\"https:\/\/jinsuncarbon.com\/#website\",\"url\":\"https:\/\/jinsuncarbon.com\/\",\"name\":\"Jinsun Carbon\",\"description\":\"We are the successful graphite electrode manufacturer in China\",\"publisher\":{\"@id\":\"https:\/\/jinsuncarbon.com\/#organization\"},\"potentialAction\":[{\"@type\":\"SearchAction\",\"target\":{\"@type\":\"EntryPoint\",\"urlTemplate\":\"https:\/\/jinsuncarbon.com\/?s={search_term_string}\"},\"query-input\":{\"@type\":\"PropertyValueSpecification\",\"valueRequired\":true,\"valueName\":\"search_term_string\"}}],\"inLanguage\":\"tr\"},{\"@type\":\"Organization\",\"@id\":\"https:\/\/jinsuncarbon.com\/#organization\",\"name\":\"Jinsun Carbon\",\"alternateName\":\"Jinsun Carbon\",\"url\":\"https:\/\/jinsuncarbon.com\/\",\"logo\":{\"@type\":\"ImageObject\",\"inLanguage\":\"tr\",\"@id\":\"https:\/\/jinsuncarbon.com\/#\/schema\/logo\/image\/\",\"url\":\"https:\/\/jinsuncarbon.com\/wp-content\/uploads\/2022\/12\/LOGO-1.png\",\"contentUrl\":\"https:\/\/jinsuncarbon.com\/wp-content\/uploads\/2022\/12\/LOGO-1.png\",\"width\":207,\"height\":80,\"caption\":\"Jinsun Carbon\"},\"image\":{\"@id\":\"https:\/\/jinsuncarbon.com\/#\/schema\/logo\/image\/\"},\"sameAs\":[\"https:\/\/www.facebook.com\/Graphite-Electrode-109336238661595\",\"https:\/\/x.com\/jinsuncarbon_\",\"https:\/\/www.linkedin.com\/in\/jinsungraphite\",\"https:\/\/www.youtube.com\/channel\/UCysDNyvyR5-3cCWEmpkVC0g\"]}]}<\/script>\n<!-- \/ Yoast SEO Premium plugin. -->","yoast_head_json":{"title":"EAF i\u00e7in 700mm Grafit Elektrot | Jinsun Carbon","description":"700mm grafit elektrot ultra y\u00fcksek g\u00fc\u00e7, 160000KVA trafo nominal kapasitesi ile donat\u0131lm\u0131\u015f hurda \u00f6n \u0131s\u0131tma elektrik ark oca\u011f\u0131nda kullan\u0131l\u0131r.","robots":{"index":"index","follow":"follow","max-snippet":"max-snippet:-1","max-image-preview":"max-image-preview:large","max-video-preview":"max-video-preview:-1"},"canonical":"https:\/\/jinsuncarbon.com\/tr\/urun\/700-mm-grafit-elektrot\/","og_locale":"tr_TR","og_type":"article","og_title":"700mm Graphite Electrode for EAF","og_description":"700mm graphite electrode ultra-high power is used in scrap preheating electric arc furnace, equipped with a rated capacity of 160000KVA transformer.","og_url":"https:\/\/jinsuncarbon.com\/tr\/urun\/700-mm-grafit-elektrot\/","og_site_name":"Jinsun Carbon","article_publisher":"https:\/\/www.facebook.com\/Graphite-Electrode-109336238661595","article_modified_time":"2024-11-19T15:56:11+00:00","og_image":[{"width":1024,"height":763,"url":"https:\/\/jinsuncarbon.com\/wp-content\/uploads\/2024\/11\/700mm-Graphite-Electrode.jpg","type":"image\/jpeg"}],"twitter_card":"summary_large_image","twitter_site":"@jinsuncarbon_","twitter_misc":{"Tahmini okuma s\u00fcresi":"3 dakika"},"schema":{"@context":"https:\/\/schema.org","@graph":[{"@type":"WebPage","@id":"https:\/\/jinsuncarbon.com\/product\/700mm-graphite-electrode\/","url":"https:\/\/jinsuncarbon.com\/product\/700mm-graphite-electrode\/","name":"EAF i\u00e7in 700mm Grafit Elektrot | Jinsun Carbon","isPartOf":{"@id":"https:\/\/jinsuncarbon.com\/#website"},"primaryImageOfPage":{"@id":"https:\/\/jinsuncarbon.com\/product\/700mm-graphite-electrode\/#primaryimage"},"image":{"@id":"https:\/\/jinsuncarbon.com\/product\/700mm-graphite-electrode\/#primaryimage"},"thumbnailUrl":"https:\/\/jinsuncarbon.com\/wp-content\/uploads\/2024\/11\/700mm-Graphite-Electrode.jpg","datePublished":"2024-11-15T02:20:11+00:00","dateModified":"2024-11-19T15:56:11+00:00","description":"700mm grafit elektrot ultra y\u00fcksek g\u00fc\u00e7, 160000KVA trafo nominal kapasitesi ile donat\u0131lm\u0131\u015f hurda \u00f6n \u0131s\u0131tma elektrik ark oca\u011f\u0131nda kullan\u0131l\u0131r.","breadcrumb":{"@id":"https:\/\/jinsuncarbon.com\/product\/700mm-graphite-electrode\/#breadcrumb"},"inLanguage":"tr","potentialAction":[{"@type":"ReadAction","target":["https:\/\/jinsuncarbon.com\/product\/700mm-graphite-electrode\/"]}]},{"@type":"ImageObject","inLanguage":"tr","@id":"https:\/\/jinsuncarbon.com\/product\/700mm-graphite-electrode\/#primaryimage","url":"https:\/\/jinsuncarbon.com\/wp-content\/uploads\/2024\/11\/700mm-Graphite-Electrode.jpg","contentUrl":"https:\/\/jinsuncarbon.com\/wp-content\/uploads\/2024\/11\/700mm-Graphite-Electrode.jpg","width":1024,"height":763,"caption":"700mm Graphite Electrode Manufacturer in China"},{"@type":"BreadcrumbList","@id":"https:\/\/jinsuncarbon.com\/product\/700mm-graphite-electrode\/#breadcrumb","itemListElement":[{"@type":"ListItem","position":1,"name":"Home","item":"https:\/\/jinsuncarbon.com\/"},{"@type":"ListItem","position":2,"name":"Products","item":"https:\/\/jinsuncarbon.com\/graphite-carbon\/"},{"@type":"ListItem","position":3,"name":"700mm Graphite Electrode for EAF"}]},{"@type":"WebSite","@id":"https:\/\/jinsuncarbon.com\/#website","url":"https:\/\/jinsuncarbon.com\/","name":"Jinsun Karbon","description":"\u00c7in'deki ba\u015far\u0131l\u0131 grafit elektrot \u00fcreticisiyiz","publisher":{"@id":"https:\/\/jinsuncarbon.com\/#organization"},"potentialAction":[{"@type":"SearchAction","target":{"@type":"EntryPoint","urlTemplate":"https:\/\/jinsuncarbon.com\/?s={search_term_string}"},"query-input":{"@type":"PropertyValueSpecification","valueRequired":true,"valueName":"search_term_string"}}],"inLanguage":"tr"},{"@type":"Organization","@id":"https:\/\/jinsuncarbon.com\/#organization","name":"Jinsun Karbon","alternateName":"Jinsun Carbon","url":"https:\/\/jinsuncarbon.com\/","logo":{"@type":"ImageObject","inLanguage":"tr","@id":"https:\/\/jinsuncarbon.com\/#\/schema\/logo\/image\/","url":"https:\/\/jinsuncarbon.com\/wp-content\/uploads\/2022\/12\/LOGO-1.png","contentUrl":"https:\/\/jinsuncarbon.com\/wp-content\/uploads\/2022\/12\/LOGO-1.png","width":207,"height":80,"caption":"Jinsun Carbon"},"image":{"@id":"https:\/\/jinsuncarbon.com\/#\/schema\/logo\/image\/"},"sameAs":["https:\/\/www.facebook.com\/Graphite-Electrode-109336238661595","https:\/\/x.com\/jinsuncarbon_","https:\/\/www.linkedin.com\/in\/jinsungraphite","https:\/\/www.youtube.com\/channel\/UCysDNyvyR5-3cCWEmpkVC0g"]}]}},"_links":{"self":[{"href":"https:\/\/jinsuncarbon.com\/tr\/wp-json\/wp\/v2\/product\/6615","targetHints":{"allow":["GET"]}}],"collection":[{"href":"https:\/\/jinsuncarbon.com\/tr\/wp-json\/wp\/v2\/product"}],"about":[{"href":"https:\/\/jinsuncarbon.com\/tr\/wp-json\/wp\/v2\/types\/product"}],"wp:featuredmedia":[{"embeddable":true,"href":"https:\/\/jinsuncarbon.com\/tr\/wp-json\/wp\/v2\/media\/6618"}],"wp:attachment":[{"href":"https:\/\/jinsuncarbon.com\/tr\/wp-json\/wp\/v2\/media?parent=6615"}],"wp:term":[{"taxonomy":"product_brand","embeddable":true,"href":"https:\/\/jinsuncarbon.com\/tr\/wp-json\/wp\/v2\/product_brand?post=6615"},{"taxonomy":"product_cat","embeddable":true,"href":"https:\/\/jinsuncarbon.com\/tr\/wp-json\/wp\/v2\/product_cat?post=6615"},{"taxonomy":"product_tag","embeddable":true,"href":"https:\/\/jinsuncarbon.com\/tr\/wp-json\/wp\/v2\/product_tag?post=6615"}],"curies":[{"name":"wp","href":"https:\/\/api.w.org\/{rel}","templated":true}]}}