{"id":6606,"date":"2024-11-13T15:59:00","date_gmt":"2024-11-13T15:59:00","guid":{"rendered":"https:\/\/jinsuncarbon.com\/?post_type=product&#038;p=6606"},"modified":"2024-12-01T13:29:59","modified_gmt":"2024-12-01T13:29:59","slug":"grafit-levha","status":"publish","type":"product","link":"https:\/\/jinsuncarbon.com\/tr\/urun\/grafit-levha\/","title":{"rendered":"Grafit Levha"},"content":{"rendered":"<h2>Grafit levha nedir?<\/h2>\n<p>Grafit levha kompozit bir malzemedir, ana bile\u015feni grafittir ve esas olarak termal y\u00f6netim i\u00e7in kullan\u0131l\u0131r. M\u00fckemmel termal ve elektriksel iletkenli\u011fe sahiptir. Bu arada ola\u011fan\u00fcst\u00fc esnekli\u011fe ve hafifli\u011fe sahiptir. \u00c7o\u011fu grafit levha do\u011fal grafit ve sentetik grafit olarak ikiye ayr\u0131l\u0131r.<\/p>\n<p>&nbsp;<\/p>\n<h2>Grafit levhalar\u0131n t\u00fcr\u00fc<\/h2>\n<p>&nbsp;<\/p>\n<p>Pek \u00e7ok farkl\u0131 grafit levha t\u00fcr\u00fc ve farkl\u0131 alanlar i\u00e7in farkl\u0131 kategoriler vard\u0131r:<\/p>\n<p>&nbsp;<\/p>\n<p><strong>\u00a0Sentetik Grafit Levha:<\/strong> y\u00fcksek s\u0131cakl\u0131k taraf\u0131ndan yap\u0131lan <a href=\"https:\/\/jinsuncarbon.com\/tr\/grafi%cc%87tleme-nedi%cc%87r\/\">grafitle\u015ftirme<\/a> prosesi sayesinde son derece saf ve tutarl\u0131 bir kaliteye sahiptir. Sentetik grafit levhay\u0131 \u00f6zellikle elektronik alan i\u00e7in uygun hale getirir, \u00e7\u00fcnk\u00fc g\u00fcvenilir termal iletkenlik ve d\u00fc\u015f\u00fck safs\u0131zl\u0131k i\u00e7eri\u011fi bu alandaki en \u00f6nemli fakt\u00f6rd\u00fcr.<\/p>\n<p>&nbsp;<\/p>\n<p><strong>\u00a0G\u00fc\u00e7lendirilmi\u015f Grafit Levha:<\/strong> Bu levhalar, mekanik mukavemeti ve s\u0131k\u0131\u015ft\u0131rma performans\u0131n\u0131 art\u0131rmak i\u00e7in di\u011ferlerinden daha fazla paslanmaz \u00e7elik veya metal a\u011f gibi malzemeler ekler. G\u00fc\u00e7lendirilmi\u015f Grafit Levha, genel olarak s\u0131zd\u0131rmazl\u0131k uygulamalar\u0131 ile daha fazla esneklik ve mukavemet gerektiren y\u00fcksek mekanik gerilimli ortamlarda kullan\u0131l\u0131r.<\/p>\n<p>&nbsp;<\/p>\n<p><strong>\u00a0Esnek Grafit Levha:<\/strong> Ad\u0131ndan da anla\u015f\u0131laca\u011f\u0131 gibi, esnek grafit levha \u00e7e\u015fitli \u015fekillere ve y\u00fczeylere uyum sa\u011flamak i\u00e7in son derece esnektir, bu da conta ve s\u0131zd\u0131rmazl\u0131klarda olduk\u00e7a etkili olmas\u0131n\u0131 sa\u011flar. D\u00fczensiz y\u00fczeylerde veya bo\u015fluklarda yayg\u0131n olarak kullan\u0131l\u0131r, \u00e7\u00fcnk\u00fc s\u0131zd\u0131rmazl\u0131k ve termal y\u00f6netimi etkili bir \u015fekilde sa\u011flayabilirler.<\/p>\n<p>&nbsp;<\/p>\n<p><strong>\u00a0Pirolitik Grafit Levha:<\/strong> Kimyasal buhar biriktirme (CVD) ile yap\u0131l\u0131r, bu da Pirolitik Grafit Levhan\u0131n son derece d\u00fczenli yap\u0131lara ve son derece termal iletkenli\u011fe sahip oldu\u011fu anlam\u0131na gelir. Y\u00fcksek \u0131s\u0131 iletkenli\u011fi ve safl\u0131\u011f\u0131 nedeniyle, m\u00fckemmel performans\u0131n\u0131 sergilemek i\u00e7in genellikle birinci s\u0131n\u0131f uygulamalarda kullan\u0131l\u0131r.<\/p>\n<p>&nbsp;<\/p>\n<p><strong>Saf Grafit Levhalar:<\/strong> Herhangi bir dolgu maddesi veya ba\u011flay\u0131c\u0131 i\u00e7ermeyen saf grafitten yap\u0131lm\u0131\u015ft\u0131r. E\u015fsiz \u00f6zellikleri nedeniyle saf grafit levhalar, kirletici i\u00e7ermeyen malzemelere ihtiya\u00e7 duyan laboratuvarlar ve hassas elektronik cihazlar gibi y\u00fcksek safl\u0131\u011fa sahip uygulamalarda kullan\u0131l\u0131r.<\/p>\n<p>&nbsp;<\/p>\n<p><strong>Grafit Folyo Levha:<\/strong> Geni\u015fletilmi\u015f grafit, daha ince ve daha esnek tabakaya i\u015flenerek, genel olarak, y\u00fcksek s\u0131cakl\u0131k contalar\u0131 veya y\u00fcksek s\u0131cakl\u0131k gereksinimleri olan alanlarda termal bariyer olarak kullan\u0131l\u0131r.<\/p>\n<p>&nbsp;<\/p>\n<h2>\u00dcretim s\u00fcreci<\/h2>\n<p>&nbsp;<\/p>\n<p>Grafit \u00fcretimi i\u00e7in mekanik ve kimyasal i\u015flemler olmak \u00fczere iki ana y\u00f6ntem vard\u0131r. Gerekli tiplere ve uygulama ihtiya\u00e7lar\u0131na ba\u011fl\u0131d\u0131r:<\/p>\n<p>&nbsp;<\/p>\n<p>Mekanik i\u015fleme: belirli bir makine ile geni\u015fletilmi\u015f grafiti s\u0131k\u0131\u015ft\u0131rarak belirli kal\u0131nl\u0131k ve yo\u011funlukta levhalar olu\u015fturmak. Mekanik i\u015fleme genellikle esnek grafit levhalar \u00fcretmek, grafitin do\u011fal katmanl\u0131 yap\u0131s\u0131n\u0131 korumak ve esnekli\u011fi korumak i\u00e7in kullan\u0131l\u0131r.<\/p>\n<p>&nbsp;<\/p>\n<p>Kimyasal \u0130\u015flem: Pirolitik Grafit Levha \u00fcretmek i\u00e7in bu \u015fekilde, \u00f6zellikle kimyasal buhar biriktirme (CVD). Bu s\u00fcre\u00e7te, karbon atomlar\u0131 katman katman birikerek olduk\u00e7a d\u00fczenli bir yap\u0131 olu\u015fturacakt\u0131r. B\u00f6ylece m\u00fckemmel termal iletkenlik ve safl\u0131k sa\u011flayabilir.<\/p>\n<p>&nbsp;<\/p>\n<h2>\u00d6zellikler<\/h2>\n<p>Fiziksel \u00d6zellikler:<\/p>\n<p>Morfoloji ve yap\u0131: Grafit tabakalar katmanl\u0131 yap\u0131lara sahiptir, bu da katmanlar i\u00e7inde g\u00fc\u00e7l\u00fc atomik ba\u011flar ve katmanlar aras\u0131nda daha zay\u0131f etkile\u015fimler anlam\u0131na gelir. Bu yap\u0131 grafitin esnekli\u011fe sahip olmas\u0131n\u0131 sa\u011flar, \u00e7\u00fcnk\u00fc her katman kayabilir, bu da malzemenin \u015fekillendirilmesini ve y\u00fczeylere uymas\u0131n\u0131 sa\u011flar.<\/p>\n<p>Termal \u0130letkenlik: Grafit levhalar, genel olarak 300 ila 1500 W \/ mk aras\u0131nda y\u00fcksek \u0131s\u0131 iletkenli\u011fine sahiptir ve verimli \u0131s\u0131 transferi sa\u011flar. Bu \u00f6zellik, \u0131s\u0131n\u0131n h\u0131zl\u0131 bir \u015fekilde da\u011f\u0131t\u0131lmas\u0131 gereken elektronik uygulamalarda \u00f6nemli bir rol oynar.<\/p>\n<p>Elektriksel iletkenlik: Grafit yap\u0131s\u0131ndaki serbest elektronlar sayesinde grafit levhalar inan\u0131lmaz bir elektrik iletkenli\u011fine sahiptir. Baz\u0131 \u00f6zel uygulamalarda, \u00f6rne\u011fin <a href=\"https:\/\/en.wikipedia.org\/wiki\/Thermal_conductivity_and_resistivity\" target=\"_blank\" rel=\"noopener\">termal iletkenlik<\/a> ve elektriksel iletkenlik, bu \u00f6zellik \u00e7ok uyumludur.<\/p>\n<p>\u0130\u015flenebilirlik: grafit levhalar kolayca kesilebilir, \u015fekillendirilebilir ve lamine edilebilir ve kal\u0131nl\u0131k 0,05 ila 1 aras\u0131nda de\u011fi\u015febilir. m. Bu i\u015flenebilirlik, hassas montaj\u0131n gerekli oldu\u011fu elektronik ve otomotiv end\u00fcstrilerinde gereklidir.<\/p>\n<p>&nbsp;<\/p>\n<p>Kimyasal \u00d6zellik:<\/p>\n<p>Termal Kararl\u0131l\u0131k: Grafit levhalar y\u00fcksek s\u0131cakl\u0131klar alt\u0131nda yap\u0131 b\u00fct\u00fcnl\u00fc\u011f\u00fcn\u00fc koruyabilir. Aksi takdirde, oksijensiz bir ortamda, grafit levhalar\u0131n termal kararl\u0131l\u0131\u011f\u0131 400 santigrat dereceye ula\u015fabilir ve bu da onlar\u0131 y\u00fcksek s\u0131cakl\u0131k uygulamalar\u0131 i\u00e7in \u00e7ok uygun hale getirir.<\/p>\n<p>Kimyasal stabilite: grafit levhalar asitler ve bazlar gibi \u00e7o\u011fu kimyasala kar\u015f\u0131 dayan\u0131kl\u0131d\u0131r. A\u015f\u0131nd\u0131r\u0131c\u0131 ortamlarda grafit levhalar\u0131n dayan\u0131kl\u0131l\u0131\u011f\u0131n\u0131 sa\u011flayabilir, ayr\u0131ca kullan\u0131m \u00f6m\u00fcrlerini uzatabilir.<\/p>\n<p>Di\u011fer Kimyasal \u00d6zellikler: grafit levha gazlara ve s\u0131v\u0131lara kar\u015f\u0131 d\u00fc\u015f\u00fck ge\u00e7irgenli\u011fe sahiptir, bu da onlar\u0131 end\u00fcstriyel uygulamalarda conta ve conta olarak etkili k\u0131lar.<\/p>\n<p>&nbsp;<\/p>\n<h2>Uygulamalar<\/h2>\n<p>Benzersiz \u00f6zellikleri sayesinde grafit levhalar geni\u015f bir uygulama yelpazesine sahiptir. Alt\u0131 yayg\u0131n uygulama vard\u0131r:<\/p>\n<p>Elektronik \u00fcr\u00fcnler: grafit levhalar ak\u0131ll\u0131 telefon, tablet ve diz\u00fcst\u00fc bilgisayarlar\u0131n termal y\u00f6netiminde yayg\u0131n olarak kullan\u0131lmaktad\u0131r. Is\u0131y\u0131 verimli bir \u015fekilde ileterek ve da\u011f\u0131tarak, cihazlar\u0131n a\u015f\u0131r\u0131 \u0131s\u0131nmas\u0131na yard\u0131mc\u0131 olabilir ve \u00f6nleyebilir, b\u00f6ylece performans\u0131 art\u0131rabilir ve kullan\u0131m \u00f6mr\u00fcn\u00fc uzatabilir.<\/p>\n<p>Otomotiv: \u00c7a\u011fda\u015f ara\u00e7larda, elektrikli ara\u00e7larda, grafit levhalar batarya paketlerinde ve elektronik mod\u00fcllerde termal y\u00f6netim i\u00e7in kullan\u0131l\u0131r. Etkili termal y\u00f6netim ile batarya performans\u0131n\u0131 ve g\u00fcvenli\u011fini art\u0131rabilir. Bu, elektrikli ve hibrit ara\u00e7lar\u0131n geli\u015ftirilmesi i\u00e7in ger\u00e7ekten \u00f6nemlidir.<\/p>\n<p>Havac\u0131l\u0131k ve Uzay: Grafit levhalar, havac\u0131l\u0131k ve uzay alan\u0131ndaki uzay ara\u00e7lar\u0131, uydular ve u\u00e7aklar i\u00e7in termal koruma sa\u011flar. Y\u00fcksek termal kararl\u0131l\u0131\u011f\u0131 ve hafif \u00f6zellikleri nedeniyle, y\u00fcksek s\u0131cakl\u0131k direnci i\u00e7in s\u0131k\u0131 gereksinimleri olan kritik havac\u0131l\u0131k bile\u015fenleri i\u00e7in ger\u00e7ekten uygundur.<\/p>\n<p>End\u00fcstriyel Makineler: Grafit levhalar her zaman y\u00fcksek s\u0131cakl\u0131k ve y\u00fcksek bas\u0131n\u00e7l\u0131 ortamlarda conta ve ke\u00e7e olarak kullan\u0131l\u0131r. Dayan\u0131kl\u0131l\u0131k ve g\u00fcvenilirli\u011fin \u00f6nemli bir rol oynad\u0131\u011f\u0131 belirli bir alanda. \u00d6rne\u011fin, kimyasal i\u015fleme, enerji \u00fcretimi ve di\u011fer end\u00fcstriyel makinelerde yayg\u0131n olarak kullan\u0131l\u0131r.<\/p>\n<p>LED Ayd\u0131nlatma: LED sistemlerinde, makinenin optimum \u00e7al\u0131\u015fma ko\u015fullar\u0131n\u0131 ve uzun kullan\u0131m \u00f6mr\u00fcn\u00fc korumas\u0131na yard\u0131mc\u0131 olmak i\u00e7in \u0131s\u0131 da\u011f\u0131t\u0131m\u0131 i\u00e7in kullan\u0131l\u0131rlar.<\/p>\n<p>T\u0131bbi Ekipman: Hassas termal y\u00f6netim gerektiren t\u0131bbi ekipmanlarda grafit levhalar\u0131n da yeri doldurulamaz. \u00d6rne\u011fin, g\u00f6r\u00fcnt\u00fcleme ekipman\u0131 ve di\u011fer hassas s\u0131cakl\u0131k te\u015fhis cihazlar\u0131. Cihaz g\u00fcvenilirli\u011fini ve performans\u0131n\u0131 sa\u011flamak i\u00e7in s\u0131cakl\u0131\u011f\u0131 sabit tutabilir.<\/p>","protected":false},"excerpt":{"rendered":"<p>Grafit levhalar, y\u00fcksek termal ve elektriksel iletkenlik ve kimyasal stabilite ile farkl\u0131 kal\u0131nl\u0131k ve \u015fekillerde i\u015flenebilir. Elektronik, otomobil, havac\u0131l\u0131k ve t\u0131bbi ekipmanlar i\u00e7in ana malzemedir. Grafit levhan\u0131n termal iletkenlik ve elektrik iletkenli\u011findeki benzersiz \u00f6zellikleri, \u0131s\u0131 da\u011f\u0131t\u0131m\u0131, dayan\u0131kl\u0131l\u0131k ve uyarlanabilirlik i\u00e7in do\u011frudan gereksinimleri olan bir\u00e7ok uygulamada vazge\u00e7ilmez olmas\u0131n\u0131 sa\u011flar.<\/p>","protected":false},"featured_media":6607,"template":"","meta":[],"product_brand":[],"product_cat":[38],"product_tag":[],"class_list":{"0":"post-6606","1":"product","2":"type-product","3":"status-publish","4":"has-post-thumbnail","6":"product_cat-graphite-products","8":"first","9":"instock","10":"shipping-taxable","11":"product-type-simple"},"yoast_head":"<!-- This site is optimized with the Yoast SEO Premium plugin v19.2.1 (Yoast SEO v25.3) - https:\/\/yoast.com\/wordpress\/plugins\/seo\/ -->\n<title>Graphite Sheet Manufacturer in China<\/title>\n<meta name=\"description\" content=\"Graphite sheet, as a contemporary material, possess excellent thermal and electric conductivity . Meanwhile it have outstanding flexibility and lightweight.\" \/>\n<meta name=\"robots\" content=\"index, follow, max-snippet:-1, max-image-preview:large, max-video-preview:-1\" \/>\n<link rel=\"canonical\" href=\"https:\/\/jinsuncarbon.com\/tr\/urun\/grafit-levha\/\" \/>\n<meta property=\"og:locale\" content=\"tr_TR\" \/>\n<meta property=\"og:type\" content=\"article\" \/>\n<meta property=\"og:title\" content=\"Graphite Sheet\" \/>\n<meta property=\"og:description\" content=\"Graphite sheet, as a contemporary material, possess excellent thermal and electric conductivity . Meanwhile it have outstanding flexibility and lightweight.\" \/>\n<meta property=\"og:url\" content=\"https:\/\/jinsuncarbon.com\/tr\/urun\/grafit-levha\/\" \/>\n<meta property=\"og:site_name\" content=\"Jinsun Carbon\" \/>\n<meta property=\"article:publisher\" content=\"https:\/\/www.facebook.com\/Graphite-Electrode-109336238661595\" \/>\n<meta property=\"article:modified_time\" content=\"2024-12-01T13:29:59+00:00\" \/>\n<meta property=\"og:image\" content=\"https:\/\/jinsuncarbon.com\/wp-content\/uploads\/2024\/11\/Graphite-sheet.jpg\" \/>\n\t<meta property=\"og:image:width\" content=\"1024\" \/>\n\t<meta property=\"og:image:height\" content=\"763\" \/>\n\t<meta property=\"og:image:type\" content=\"image\/jpeg\" \/>\n<meta name=\"twitter:card\" content=\"summary_large_image\" \/>\n<meta name=\"twitter:site\" content=\"@jinsuncarbon_\" \/>\n<meta name=\"twitter:label1\" content=\"Tahmini okuma s\u00fcresi\" \/>\n\t<meta name=\"twitter:data1\" content=\"5 dakika\" \/>\n<script type=\"application\/ld+json\" class=\"yoast-schema-graph\">{\"@context\":\"https:\/\/schema.org\",\"@graph\":[{\"@type\":\"WebPage\",\"@id\":\"https:\/\/jinsuncarbon.com\/product\/graphite-sheet\/\",\"url\":\"https:\/\/jinsuncarbon.com\/product\/graphite-sheet\/\",\"name\":\"Graphite Sheet Manufacturer in China\",\"isPartOf\":{\"@id\":\"https:\/\/jinsuncarbon.com\/#website\"},\"primaryImageOfPage\":{\"@id\":\"https:\/\/jinsuncarbon.com\/product\/graphite-sheet\/#primaryimage\"},\"image\":{\"@id\":\"https:\/\/jinsuncarbon.com\/product\/graphite-sheet\/#primaryimage\"},\"thumbnailUrl\":\"https:\/\/jinsuncarbon.com\/wp-content\/uploads\/2024\/11\/Graphite-sheet.jpg\",\"datePublished\":\"2024-11-13T15:59:00+00:00\",\"dateModified\":\"2024-12-01T13:29:59+00:00\",\"description\":\"Graphite sheet, as a contemporary material, possess excellent thermal and electric conductivity . Meanwhile it have outstanding flexibility and lightweight.\",\"breadcrumb\":{\"@id\":\"https:\/\/jinsuncarbon.com\/product\/graphite-sheet\/#breadcrumb\"},\"inLanguage\":\"tr\",\"potentialAction\":[{\"@type\":\"ReadAction\",\"target\":[\"https:\/\/jinsuncarbon.com\/product\/graphite-sheet\/\"]}]},{\"@type\":\"ImageObject\",\"inLanguage\":\"tr\",\"@id\":\"https:\/\/jinsuncarbon.com\/product\/graphite-sheet\/#primaryimage\",\"url\":\"https:\/\/jinsuncarbon.com\/wp-content\/uploads\/2024\/11\/Graphite-sheet.jpg\",\"contentUrl\":\"https:\/\/jinsuncarbon.com\/wp-content\/uploads\/2024\/11\/Graphite-sheet.jpg\",\"width\":1024,\"height\":763,\"caption\":\"Graphite sheet\"},{\"@type\":\"BreadcrumbList\",\"@id\":\"https:\/\/jinsuncarbon.com\/product\/graphite-sheet\/#breadcrumb\",\"itemListElement\":[{\"@type\":\"ListItem\",\"position\":1,\"name\":\"Home\",\"item\":\"https:\/\/jinsuncarbon.com\/\"},{\"@type\":\"ListItem\",\"position\":2,\"name\":\"Products\",\"item\":\"https:\/\/jinsuncarbon.com\/graphite-carbon\/\"},{\"@type\":\"ListItem\",\"position\":3,\"name\":\"Graphite Sheet\"}]},{\"@type\":\"WebSite\",\"@id\":\"https:\/\/jinsuncarbon.com\/#website\",\"url\":\"https:\/\/jinsuncarbon.com\/\",\"name\":\"Jinsun Carbon\",\"description\":\"We are the successful graphite electrode manufacturer in China\",\"publisher\":{\"@id\":\"https:\/\/jinsuncarbon.com\/#organization\"},\"potentialAction\":[{\"@type\":\"SearchAction\",\"target\":{\"@type\":\"EntryPoint\",\"urlTemplate\":\"https:\/\/jinsuncarbon.com\/?s={search_term_string}\"},\"query-input\":{\"@type\":\"PropertyValueSpecification\",\"valueRequired\":true,\"valueName\":\"search_term_string\"}}],\"inLanguage\":\"tr\"},{\"@type\":\"Organization\",\"@id\":\"https:\/\/jinsuncarbon.com\/#organization\",\"name\":\"Jinsun Carbon\",\"alternateName\":\"Jinsun Carbon\",\"url\":\"https:\/\/jinsuncarbon.com\/\",\"logo\":{\"@type\":\"ImageObject\",\"inLanguage\":\"tr\",\"@id\":\"https:\/\/jinsuncarbon.com\/#\/schema\/logo\/image\/\",\"url\":\"https:\/\/jinsuncarbon.com\/wp-content\/uploads\/2022\/12\/LOGO-1.png\",\"contentUrl\":\"https:\/\/jinsuncarbon.com\/wp-content\/uploads\/2022\/12\/LOGO-1.png\",\"width\":207,\"height\":80,\"caption\":\"Jinsun Carbon\"},\"image\":{\"@id\":\"https:\/\/jinsuncarbon.com\/#\/schema\/logo\/image\/\"},\"sameAs\":[\"https:\/\/www.facebook.com\/Graphite-Electrode-109336238661595\",\"https:\/\/x.com\/jinsuncarbon_\",\"https:\/\/www.linkedin.com\/in\/jinsungraphite\",\"https:\/\/www.youtube.com\/channel\/UCysDNyvyR5-3cCWEmpkVC0g\"]}]}<\/script>\n<!-- \/ Yoast SEO Premium plugin. -->","yoast_head_json":{"title":"\u00c7in'de Grafit Levha \u00dcreticisi","description":"Grafit levha, \u00e7a\u011fda\u015f bir malzeme olarak m\u00fckemmel \u0131s\u0131 ve elektrik iletkenli\u011fine sahiptir. Bu arada ola\u011fan\u00fcst\u00fc esnekli\u011fe ve hafifli\u011fe sahiptir.","robots":{"index":"index","follow":"follow","max-snippet":"max-snippet:-1","max-image-preview":"max-image-preview:large","max-video-preview":"max-video-preview:-1"},"canonical":"https:\/\/jinsuncarbon.com\/tr\/urun\/grafit-levha\/","og_locale":"tr_TR","og_type":"article","og_title":"Graphite Sheet","og_description":"Graphite sheet, as a contemporary material, possess excellent thermal and electric conductivity . Meanwhile it have outstanding flexibility and lightweight.","og_url":"https:\/\/jinsuncarbon.com\/tr\/urun\/grafit-levha\/","og_site_name":"Jinsun Carbon","article_publisher":"https:\/\/www.facebook.com\/Graphite-Electrode-109336238661595","article_modified_time":"2024-12-01T13:29:59+00:00","og_image":[{"width":1024,"height":763,"url":"https:\/\/jinsuncarbon.com\/wp-content\/uploads\/2024\/11\/Graphite-sheet.jpg","type":"image\/jpeg"}],"twitter_card":"summary_large_image","twitter_site":"@jinsuncarbon_","twitter_misc":{"Tahmini okuma s\u00fcresi":"5 dakika"},"schema":{"@context":"https:\/\/schema.org","@graph":[{"@type":"WebPage","@id":"https:\/\/jinsuncarbon.com\/product\/graphite-sheet\/","url":"https:\/\/jinsuncarbon.com\/product\/graphite-sheet\/","name":"\u00c7in'de Grafit Levha \u00dcreticisi","isPartOf":{"@id":"https:\/\/jinsuncarbon.com\/#website"},"primaryImageOfPage":{"@id":"https:\/\/jinsuncarbon.com\/product\/graphite-sheet\/#primaryimage"},"image":{"@id":"https:\/\/jinsuncarbon.com\/product\/graphite-sheet\/#primaryimage"},"thumbnailUrl":"https:\/\/jinsuncarbon.com\/wp-content\/uploads\/2024\/11\/Graphite-sheet.jpg","datePublished":"2024-11-13T15:59:00+00:00","dateModified":"2024-12-01T13:29:59+00:00","description":"Grafit levha, \u00e7a\u011fda\u015f bir malzeme olarak m\u00fckemmel \u0131s\u0131 ve elektrik iletkenli\u011fine sahiptir. Bu arada ola\u011fan\u00fcst\u00fc esnekli\u011fe ve hafifli\u011fe sahiptir.","breadcrumb":{"@id":"https:\/\/jinsuncarbon.com\/product\/graphite-sheet\/#breadcrumb"},"inLanguage":"tr","potentialAction":[{"@type":"ReadAction","target":["https:\/\/jinsuncarbon.com\/product\/graphite-sheet\/"]}]},{"@type":"ImageObject","inLanguage":"tr","@id":"https:\/\/jinsuncarbon.com\/product\/graphite-sheet\/#primaryimage","url":"https:\/\/jinsuncarbon.com\/wp-content\/uploads\/2024\/11\/Graphite-sheet.jpg","contentUrl":"https:\/\/jinsuncarbon.com\/wp-content\/uploads\/2024\/11\/Graphite-sheet.jpg","width":1024,"height":763,"caption":"Graphite sheet"},{"@type":"BreadcrumbList","@id":"https:\/\/jinsuncarbon.com\/product\/graphite-sheet\/#breadcrumb","itemListElement":[{"@type":"ListItem","position":1,"name":"Home","item":"https:\/\/jinsuncarbon.com\/"},{"@type":"ListItem","position":2,"name":"Products","item":"https:\/\/jinsuncarbon.com\/graphite-carbon\/"},{"@type":"ListItem","position":3,"name":"Graphite Sheet"}]},{"@type":"WebSite","@id":"https:\/\/jinsuncarbon.com\/#website","url":"https:\/\/jinsuncarbon.com\/","name":"Jinsun Karbon","description":"\u00c7in'deki ba\u015far\u0131l\u0131 grafit elektrot \u00fcreticisiyiz","publisher":{"@id":"https:\/\/jinsuncarbon.com\/#organization"},"potentialAction":[{"@type":"SearchAction","target":{"@type":"EntryPoint","urlTemplate":"https:\/\/jinsuncarbon.com\/?s={search_term_string}"},"query-input":{"@type":"PropertyValueSpecification","valueRequired":true,"valueName":"search_term_string"}}],"inLanguage":"tr"},{"@type":"Organization","@id":"https:\/\/jinsuncarbon.com\/#organization","name":"Jinsun Karbon","alternateName":"Jinsun Carbon","url":"https:\/\/jinsuncarbon.com\/","logo":{"@type":"ImageObject","inLanguage":"tr","@id":"https:\/\/jinsuncarbon.com\/#\/schema\/logo\/image\/","url":"https:\/\/jinsuncarbon.com\/wp-content\/uploads\/2022\/12\/LOGO-1.png","contentUrl":"https:\/\/jinsuncarbon.com\/wp-content\/uploads\/2022\/12\/LOGO-1.png","width":207,"height":80,"caption":"Jinsun Carbon"},"image":{"@id":"https:\/\/jinsuncarbon.com\/#\/schema\/logo\/image\/"},"sameAs":["https:\/\/www.facebook.com\/Graphite-Electrode-109336238661595","https:\/\/x.com\/jinsuncarbon_","https:\/\/www.linkedin.com\/in\/jinsungraphite","https:\/\/www.youtube.com\/channel\/UCysDNyvyR5-3cCWEmpkVC0g"]}]}},"_links":{"self":[{"href":"https:\/\/jinsuncarbon.com\/tr\/wp-json\/wp\/v2\/product\/6606","targetHints":{"allow":["GET"]}}],"collection":[{"href":"https:\/\/jinsuncarbon.com\/tr\/wp-json\/wp\/v2\/product"}],"about":[{"href":"https:\/\/jinsuncarbon.com\/tr\/wp-json\/wp\/v2\/types\/product"}],"wp:featuredmedia":[{"embeddable":true,"href":"https:\/\/jinsuncarbon.com\/tr\/wp-json\/wp\/v2\/media\/6607"}],"wp:attachment":[{"href":"https:\/\/jinsuncarbon.com\/tr\/wp-json\/wp\/v2\/media?parent=6606"}],"wp:term":[{"taxonomy":"product_brand","embeddable":true,"href":"https:\/\/jinsuncarbon.com\/tr\/wp-json\/wp\/v2\/product_brand?post=6606"},{"taxonomy":"product_cat","embeddable":true,"href":"https:\/\/jinsuncarbon.com\/tr\/wp-json\/wp\/v2\/product_cat?post=6606"},{"taxonomy":"product_tag","embeddable":true,"href":"https:\/\/jinsuncarbon.com\/tr\/wp-json\/wp\/v2\/product_tag?post=6606"}],"curies":[{"name":"wp","href":"https:\/\/api.w.org\/{rel}","templated":true}]}}