{"id":6503,"date":"2024-11-04T07:23:21","date_gmt":"2024-11-04T07:23:21","guid":{"rendered":"https:\/\/jinsuncarbon.com\/?post_type=product&#038;p=6503"},"modified":"2024-12-02T06:10:27","modified_gmt":"2024-12-02T06:10:27","slug":"karbon-kece","status":"publish","type":"product","link":"https:\/\/jinsuncarbon.com\/tr\/urun\/karbon-kece\/","title":{"rendered":"Karbon Ke\u00e7e"},"content":{"rendered":"<h2>Karbon Ke\u00e7e Nedir?<\/h2>\n<p>Karbon ke\u00e7e, organik \u00f6nc\u00fcllerden \u00fcretilen bir elyaf malzemedir. Daha sonra karbon haline gelmesi i\u00e7in y\u00fcksek s\u0131cakl\u0131kta i\u015fleme tabi tutulur. Bu i\u015flem hafif, yumu\u015fak ve son derece dayan\u0131kl\u0131 bir \u00fcr\u00fcn ortaya \u00e7\u0131kar\u0131r. E\u015fsiz \u00f6zellikleri nedeniyle karbon ke\u00e7e \u00e7e\u015fitli end\u00fcstrilerde \u00e7ok say\u0131da uygulama alan\u0131 bulmaktad\u0131r. Yayg\u0131n uygulamalar aras\u0131nda kaynak \u00f6rt\u00fcleri ve yal\u0131t\u0131m malzemeleri olarak kullan\u0131m yer al\u0131r. Karbon ke\u00e7e ayn\u0131 zamanda bir\u00e7ok end\u00fcstriyel uygulama i\u00e7in yararl\u0131 olan grafit bazl\u0131 bir malzemedir.<\/p>\n<h2>T\u00fcrleri<\/h2>\n<h3>PAN Bazl\u0131 Karbon Ke\u00e7e<\/h3>\n<p>Poliakrilonitril (PAN) lifleri PAN bazl\u0131 karbon ke\u00e7e \u00fcretiminde kullan\u0131l\u0131r. Y\u00fcksek mukavemet ve termal kararl\u0131l\u0131\u011fa kar\u015f\u0131 olduk\u00e7a diren\u00e7li bir malzemedir. Y\u00fcksek s\u0131cakl\u0131kl\u0131 ortamlarda yayg\u0131n olarak kullan\u0131l\u0131r. Is\u0131ya dayanabilen bu t\u00fcr, \u00e7e\u015fitli end\u00fcstriyel uygulamalarda yayg\u0131n olarak kullan\u0131lmaktad\u0131r.<\/p>\n<h3>Rayon Bazl\u0131<\/h3>\n<p>Suni ipekten yap\u0131lan karbon ke\u00e7e daha esnek ve yumu\u015fakt\u0131r. Di\u011ferlerine k\u0131yasla a\u011f\u0131rl\u0131\u011f\u0131 ve tozlu \u0131s\u0131 iletkenli\u011fi d\u00fc\u015f\u00fckt\u00fcr. Bu form, termal tutman\u0131n daha az \u00f6nemli oldu\u011fu yal\u0131t\u0131mlarda pratiktir. Daha yumu\u015fak bir malzemeye ihtiya\u00e7 duydu\u011funuz daha hassas ortamlarda da kullan\u0131l\u0131r. Rayon bazl\u0131 karbon ke\u00e7e, \u00e7e\u015fitli uygulamalar i\u00e7in daha kolay kullan\u0131m ve \u015fekillendirmeyi kolayla\u015ft\u0131ran bir elyaf formunda gelir.<\/p>\n<h3>Perde Tabanl\u0131<\/h3>\n<p>Zift bazl\u0131 bir i\u015flemle elde edilen karbon ke\u00e7e, petrol ziftinden \u00fcretilen zift ke\u00e7e olarak adland\u0131r\u0131l\u0131r. Hem \u00e7ok iyi elektriksel hem de termal iletkenli\u011fe sahiptir. Bu da onu ak\u00fc elektrotlar\u0131 gibi elektriksel kullan\u0131mlar i\u00e7in daha uygun hale getirir. Alternatif kullan\u0131m alanlar\u0131 aras\u0131nda f\u0131r\u0131nlar ve di\u011fer y\u00fcksek s\u0131cakl\u0131k uygulamalar\u0131 yer al\u0131r. Ziftten e\u011frilen karbon ke\u00e7e, elektrik ak\u0131\u015f\u0131na y\u00fcksek talep olan uygulamalar i\u00e7in \u00f6nemli bir \u00f6zellik olan m\u00fckemmel iletkenli\u011fe sahiptir.<\/p>\n<h2>Karbon Ke\u00e7enin Kullan\u0131m Alanlar\u0131<\/h2>\n<h3>Is\u0131 Yal\u0131t\u0131m\u0131<\/h3>\n<p>Karbon ke\u00e7e, \u0131s\u0131 yal\u0131t\u0131m\u0131 i\u00e7in yayg\u0131n olarak kullan\u0131lmaktad\u0131r. F\u0131r\u0131nlar\u0131n ve ocaklar\u0131n i\u00e7indeki s\u0131cakl\u0131\u011f\u0131 y\u00fcksek tutmak i\u00e7in yal\u0131t\u0131m sa\u011flar. \u00c7ok fazla hava hapsedebildi\u011finden, \u0131s\u0131 kayb\u0131n\u0131 en aza indirmek i\u00e7in yal\u0131t\u0131m katman\u0131 olarak kullan\u0131labilir. Elyaf yap\u0131s\u0131 ve grafit bazl\u0131 \u00f6zelliklerinden dolay\u0131 termal ve elektriksel yal\u0131t\u0131m \u00f6zellikleri verebilir.<\/p>\n<h3>Ak\u00fc Elektrot Malzemesi<\/h3>\n<p>Bir bataryan\u0131n elektrodu genellikle karbon ke\u00e7e kullan\u0131larak yap\u0131lm\u0131\u015ft\u0131r. \u0130yi elektrik iletkenli\u011fi grafitin \u00f6zellikleri sayesinde m\u00fcmk\u00fcn olmaktad\u0131r. Redoks ak\u0131\u015fl\u0131 piller ve <a href=\"https:\/\/en.wikipedia.org\/wiki\/Fuel_cell\" target=\"_blank\" rel=\"noopener\">yak\u0131t h\u00fccreleri<\/a> olduk\u00e7a etkilidir. Elektri\u011fi depolar ve elektri\u011fin iletimini kolayla\u015ft\u0131r\u0131r. Karbon ke\u00e7enin fiber bile\u015fimi sayesinde pil tasar\u0131mlar\u0131na kolayca dahil edilebilir ve bu nedenle g\u00fcvenilir ve etkili bir elektrot malzemesi olabilir.<\/p>\n<h3>Vakum F\u0131r\u0131nlar\u0131<\/h3>\n<p>Vakum f\u0131r\u0131nlar\u0131 i\u00e7in yal\u0131t\u0131m malzemesi olarak kullan\u0131lan kat\u0131 karbon ke\u00e7e. Bu, bu f\u0131r\u0131nlar taraf\u0131ndan olu\u015fturulan daha y\u00fcksek s\u0131cakl\u0131klara dayanacak \u015fekilde \u00fcretilebilir. F\u0131r\u0131n i\u00e7indeki dar yerlere s\u0131\u011fmas\u0131n\u0131 sa\u011flayan esnek ve yumu\u015fak bir yap\u0131ya sahiptir. Stabil ve \u0131s\u0131ya dayan\u0131kl\u0131 olmas\u0131 onu m\u00fckemmel bir uyum haline getirir. Grafit i\u00e7eri\u011fi, f\u0131r\u0131n\u0131n zorlu ko\u015fullar\u0131nda bile tutarl\u0131 bir performans sa\u011flar. <a href=\"https:\/\/en.wikipedia.org\/wiki\/Vacuum_furnace\" target=\"_blank\" rel=\"noopener\">vakum f\u0131r\u0131n\u0131<\/a>.<\/p>\n<h3>Kataliz\u00f6r Deste\u011fi<\/h3>\n<p>Karbon ke\u00e7e, kataliz\u00f6r destek malzemesi olarak uygulanabilir. Kimyasal reaksiyonlarda kataliz\u00f6r\u00fc sabitler ve stabil bir substrat sa\u011flar. Bu da gaz\u0131n verimli bir \u015fekilde akmas\u0131n\u0131 ve \u0131s\u0131n\u0131n iyi y\u00f6netilmesini sa\u011flar. Kimyasal olarak kararl\u0131 oldu\u011fu i\u00e7in bir\u00e7ok reaksiyona kat\u0131l\u0131r. Elyaf ve grafit \u00f6zellikleri, stabilite ve verimlilik gerektiren \u00e7o\u011fu kimyasal i\u015fleme uygulamas\u0131 i\u00e7in idealdir.<\/p>\n<p>&nbsp;<\/p>\n<h3>Filtrasyon<\/h3>\n<p>Di\u011fer filtrasyon i\u015flemlerinde de kullan\u0131l\u0131r. S\u0131v\u0131 ve gaz alanlar\u0131 i\u00e7in etkili ay\u0131rma i\u00e7in kullan\u0131l\u0131r. \u015eiddetli kimyasal t\u00fcrlerinden kimyasal diren\u00e7 kullan\u0131labilirli\u011finin d\u0131\u015f\u0131nda tutmaya kadar \u00e7e\u015fitli ortamlarda kullanabilirsiniz. Sa\u011flaml\u0131\u011f\u0131n\u0131n yan\u0131 s\u0131ra \u00e7ok say\u0131da kimyasala kar\u015f\u0131 direnci, onu her t\u00fcr filtreleme sistemi i\u00e7in en iyi hale getirir. Elyaf yap\u0131s\u0131 sayesinde filtreleme verimli olurken <a href=\"https:\/\/jinsuncarbon.com\/tr\/grafi%cc%87t-nedi%cc%87r-ve-grafi%cc%87t-neyden-yapilir\/\">grafit<\/a>\u00a0\u00f6zellikleri, uzun s\u00fcreli dayan\u0131kl\u0131l\u0131\u011f\u0131 i\u00e7in kimyasal direncini destekler.<\/p>\n<p>&nbsp;<\/p>\n<h2>\u00d6zellikler<\/h2>\n<h3>Y\u00fcksek S\u0131cakl\u0131k Dayan\u0131m\u0131<\/h3>\n<p>Art\u0131k karbon ke\u00e7e inan\u0131lmaz derecede y\u00fcksek s\u0131cakl\u0131klara dayanabiliyor. Hatta vakuma yerle\u015ftirildi\u011finde ve 3000\u00b0F'den (1650\u00b0C) daha fazla \u0131s\u0131t\u0131ld\u0131\u011f\u0131nda bile dayan\u0131r. Bu nedenle \u0131s\u0131 yal\u0131t\u0131m\u0131 ve y\u00fcksek \u0131s\u0131 alt\u0131nda gerekli olan di\u011fer uygulamalar i\u00e7in m\u00fckemmeldir.<\/p>\n<h3>Hafif<\/h3>\n<p>Karbon ke\u00e7e \u00e7ok hafiftir. Seyahat etti\u011finizde veya ta\u015f\u0131nd\u0131\u011f\u0131n\u0131zda kolayca ta\u015f\u0131man\u0131z\u0131 sa\u011flar. Karbon ke\u00e7e son derece hafif oldu\u011fu i\u00e7in, ta\u015f y\u00fcn\u00fcnden daha a\u011f\u0131r olsa bile, \u00e7e\u015fitli yerlerde kullan\u0131labilir. \u00d6zel kullan\u0131m durumunuz i\u00e7in kurulumu, y\u00f6netimi ve kal\u0131b\u0131 h\u0131zl\u0131 ve basittir.<\/p>\n<h3>Kimyasal Stabilite<\/h3>\n<p>Kimyasallar\u0131n \u00e7o\u011funa kar\u015f\u0131 y\u00fcksek bir stabiliteye sahiptir. Kolayca reaksiyona girmez. Bu, kimyasal olarak agresif ortamlarda bile \u00f6zelliklerini korudu\u011fu anlam\u0131na gelir. Sert kimyasallara maruz kalmaya dayanmas\u0131 gereken uygulamalar i\u00e7in m\u00fckemmeldir. Bu kararl\u0131l\u0131k, filtrasyon ve kataliz\u00f6r deste\u011fi gibi uygulamalarda \u00e7atlamadan veya par\u00e7alanmadan kullan\u0131lmas\u0131n\u0131 sa\u011flar.<\/p>\n<h3>Esnek ve Yumu\u015fak<\/h3>\n<p>Karbon yumu\u015fak ve ba\u011f\u0131\u015flay\u0131c\u0131d\u0131r. \u0130stenilen herhangi bir \u015fekilde kesilebilir. Dar noktalarda veya garip bir k\u00f6\u015fenin etraf\u0131nda \u00e7al\u0131\u015f\u0131r. Plastik Elyaf do\u011fas\u0131 gere\u011fi \u00e7ok y\u00f6nl\u00fcd\u00fcr ve \u00e7e\u015fitli i\u015flevler i\u00e7in daha uygundur. Ayr\u0131ca, di\u011fer sert yal\u0131t\u0131mlardan farkl\u0131 \u015fekilde \u00e7al\u0131\u015fmas\u0131n\u0131 sa\u011flayan daha yumu\u015fak bir dokuya sahiptir.<\/p>\n<h3>\u0130yi Elektriksel \u0130letkenlik<\/h3>\n<p>Karbon fiber \u00f6rt\u00fc grafit benzeri elektrik iletkenli\u011fine sahiptir. Bu \u00f6zelli\u011fi sayesinde bataryalar ve verimli elektrik iletimi gerektiren di\u011fer cihazlardaki uygulamalar i\u00e7in m\u00fckemmel bir se\u00e7imdir. Y\u00fcksek iletkenlik \u00f6zelli\u011fi, elektrokimyasal h\u00fccreler i\u00e7in bir elektrot malzemesi olarak da geni\u015f uygulama alan\u0131 sa\u011flar. \u0130\u00e7eri\u011findeki grafit, verimli bir elektrik iletkeni olarak \u00e7al\u0131\u015fmas\u0131n\u0131 sa\u011flar; sonu\u00e7 olarak, pil elektrotlar\u0131nda ve bir yak\u0131t h\u00fccresinde uygulama i\u00e7in yayg\u0131n olarak kullan\u0131l\u0131r.<\/p>\n<p>&nbsp;<\/p>","protected":false},"excerpt":{"rendered":"<p>Karbon ke\u00e7e esnek bir maddedir. \u00c7e\u015fitli nitelikleri nedeniyle, \u00e7e\u015fitli end\u00fcstrilerde uygulama alan\u0131 bulur. Karbon ke\u00e7e, kaynak battaniyelerinden ak\u00fc elektrotlar\u0131na kadar bir\u00e7ok \u015fekilde faydal\u0131 olabilir ve kendi avantajlar\u0131 ile birlikte gelir. Elyaf yap\u0131s\u0131, grafit iletkenli\u011fi ve hafifli\u011fi nedeniyle \u00e7e\u015fitli uygulamalar i\u00e7in etkilidir. Yal\u0131t\u0131mdan elektrik iletkenli\u011fine ve kimyasal stabiliteye kadar, karbon ke\u00e7e kan\u0131tlanm\u0131\u015f bir performans sergiler.<\/p>","protected":false},"featured_media":6507,"template":"","meta":[],"product_brand":[],"product_cat":[39],"product_tag":[],"class_list":{"0":"post-6503","1":"product","2":"type-product","3":"status-publish","4":"has-post-thumbnail","6":"product_cat-carbon-products","8":"first","9":"instock","10":"shipping-taxable","11":"product-type-simple"},"yoast_head":"<!-- This site is optimized with the Yoast SEO Premium plugin v19.2.1 (Yoast SEO v25.3) - https:\/\/yoast.com\/wordpress\/plugins\/seo\/ -->\n<title>Carbon Felt Manufacturer | Jinsun Carbon<\/title>\n<meta name=\"description\" content=\"Carbon felt\u00a0is a fiber\u00a0material produced from organic precursors. Then it is treated at high temperature to become carbon.\" \/>\n<meta name=\"robots\" content=\"index, follow, max-snippet:-1, max-image-preview:large, max-video-preview:-1\" \/>\n<link rel=\"canonical\" href=\"https:\/\/jinsuncarbon.com\/tr\/urun\/karbon-kece\/\" \/>\n<meta property=\"og:locale\" content=\"tr_TR\" \/>\n<meta property=\"og:type\" content=\"article\" \/>\n<meta property=\"og:title\" content=\"Carbon Felt\" \/>\n<meta property=\"og:description\" content=\"Carbon felt\u00a0is a fiber\u00a0material produced from organic precursors. Then it is treated at high temperature to become carbon.\" \/>\n<meta property=\"og:url\" content=\"https:\/\/jinsuncarbon.com\/tr\/urun\/karbon-kece\/\" \/>\n<meta property=\"og:site_name\" content=\"Jinsun Carbon\" \/>\n<meta property=\"article:publisher\" content=\"https:\/\/www.facebook.com\/Graphite-Electrode-109336238661595\" \/>\n<meta property=\"article:modified_time\" content=\"2024-12-02T06:10:27+00:00\" \/>\n<meta property=\"og:image\" content=\"https:\/\/jinsuncarbon.com\/wp-content\/uploads\/2024\/11\/Carbon-Felt-1.jpg\" \/>\n\t<meta property=\"og:image:width\" content=\"1024\" \/>\n\t<meta property=\"og:image:height\" content=\"763\" \/>\n\t<meta property=\"og:image:type\" content=\"image\/jpeg\" \/>\n<meta name=\"twitter:card\" content=\"summary_large_image\" \/>\n<meta name=\"twitter:site\" content=\"@jinsuncarbon_\" \/>\n<meta name=\"twitter:label1\" content=\"Tahmini okuma s\u00fcresi\" \/>\n\t<meta name=\"twitter:data1\" content=\"5 dakika\" \/>\n<script type=\"application\/ld+json\" class=\"yoast-schema-graph\">{\"@context\":\"https:\/\/schema.org\",\"@graph\":[{\"@type\":\"WebPage\",\"@id\":\"https:\/\/jinsuncarbon.com\/product\/carbon-felt\/\",\"url\":\"https:\/\/jinsuncarbon.com\/product\/carbon-felt\/\",\"name\":\"Carbon Felt Manufacturer | Jinsun Carbon\",\"isPartOf\":{\"@id\":\"https:\/\/jinsuncarbon.com\/#website\"},\"primaryImageOfPage\":{\"@id\":\"https:\/\/jinsuncarbon.com\/product\/carbon-felt\/#primaryimage\"},\"image\":{\"@id\":\"https:\/\/jinsuncarbon.com\/product\/carbon-felt\/#primaryimage\"},\"thumbnailUrl\":\"https:\/\/jinsuncarbon.com\/wp-content\/uploads\/2024\/11\/Carbon-Felt-1.jpg\",\"datePublished\":\"2024-11-04T07:23:21+00:00\",\"dateModified\":\"2024-12-02T06:10:27+00:00\",\"description\":\"Carbon felt\u00a0is a fiber\u00a0material produced from organic precursors. Then it is treated at high temperature to become carbon.\",\"breadcrumb\":{\"@id\":\"https:\/\/jinsuncarbon.com\/product\/carbon-felt\/#breadcrumb\"},\"inLanguage\":\"tr\",\"potentialAction\":[{\"@type\":\"ReadAction\",\"target\":[\"https:\/\/jinsuncarbon.com\/product\/carbon-felt\/\"]}]},{\"@type\":\"ImageObject\",\"inLanguage\":\"tr\",\"@id\":\"https:\/\/jinsuncarbon.com\/product\/carbon-felt\/#primaryimage\",\"url\":\"https:\/\/jinsuncarbon.com\/wp-content\/uploads\/2024\/11\/Carbon-Felt-1.jpg\",\"contentUrl\":\"https:\/\/jinsuncarbon.com\/wp-content\/uploads\/2024\/11\/Carbon-Felt-1.jpg\",\"width\":1024,\"height\":763,\"caption\":\"Carbon Felt\"},{\"@type\":\"BreadcrumbList\",\"@id\":\"https:\/\/jinsuncarbon.com\/product\/carbon-felt\/#breadcrumb\",\"itemListElement\":[{\"@type\":\"ListItem\",\"position\":1,\"name\":\"Home\",\"item\":\"https:\/\/jinsuncarbon.com\/\"},{\"@type\":\"ListItem\",\"position\":2,\"name\":\"Products\",\"item\":\"https:\/\/jinsuncarbon.com\/graphite-carbon\/\"},{\"@type\":\"ListItem\",\"position\":3,\"name\":\"Carbon Felt\"}]},{\"@type\":\"WebSite\",\"@id\":\"https:\/\/jinsuncarbon.com\/#website\",\"url\":\"https:\/\/jinsuncarbon.com\/\",\"name\":\"Jinsun Carbon\",\"description\":\"We are the successful graphite electrode manufacturer in China\",\"publisher\":{\"@id\":\"https:\/\/jinsuncarbon.com\/#organization\"},\"potentialAction\":[{\"@type\":\"SearchAction\",\"target\":{\"@type\":\"EntryPoint\",\"urlTemplate\":\"https:\/\/jinsuncarbon.com\/?s={search_term_string}\"},\"query-input\":{\"@type\":\"PropertyValueSpecification\",\"valueRequired\":true,\"valueName\":\"search_term_string\"}}],\"inLanguage\":\"tr\"},{\"@type\":\"Organization\",\"@id\":\"https:\/\/jinsuncarbon.com\/#organization\",\"name\":\"Jinsun Carbon\",\"alternateName\":\"Jinsun Carbon\",\"url\":\"https:\/\/jinsuncarbon.com\/\",\"logo\":{\"@type\":\"ImageObject\",\"inLanguage\":\"tr\",\"@id\":\"https:\/\/jinsuncarbon.com\/#\/schema\/logo\/image\/\",\"url\":\"https:\/\/jinsuncarbon.com\/wp-content\/uploads\/2022\/12\/LOGO-1.png\",\"contentUrl\":\"https:\/\/jinsuncarbon.com\/wp-content\/uploads\/2022\/12\/LOGO-1.png\",\"width\":207,\"height\":80,\"caption\":\"Jinsun Carbon\"},\"image\":{\"@id\":\"https:\/\/jinsuncarbon.com\/#\/schema\/logo\/image\/\"},\"sameAs\":[\"https:\/\/www.facebook.com\/Graphite-Electrode-109336238661595\",\"https:\/\/x.com\/jinsuncarbon_\",\"https:\/\/www.linkedin.com\/in\/jinsungraphite\",\"https:\/\/www.youtube.com\/channel\/UCysDNyvyR5-3cCWEmpkVC0g\"]}]}<\/script>\n<!-- \/ Yoast SEO Premium plugin. -->","yoast_head_json":{"title":"Karbon Ke\u00e7e \u00dcreticisi | Jinsun Carbon","description":"Karbon ke\u00e7e, organik \u00f6nc\u00fcllerden \u00fcretilen bir elyaf malzemedir. Daha sonra karbon haline gelmek i\u00e7in y\u00fcksek s\u0131cakl\u0131kta i\u015flenir.","robots":{"index":"index","follow":"follow","max-snippet":"max-snippet:-1","max-image-preview":"max-image-preview:large","max-video-preview":"max-video-preview:-1"},"canonical":"https:\/\/jinsuncarbon.com\/tr\/urun\/karbon-kece\/","og_locale":"tr_TR","og_type":"article","og_title":"Carbon Felt","og_description":"Carbon felt\u00a0is a fiber\u00a0material produced from organic precursors. Then it is treated at high temperature to become carbon.","og_url":"https:\/\/jinsuncarbon.com\/tr\/urun\/karbon-kece\/","og_site_name":"Jinsun Carbon","article_publisher":"https:\/\/www.facebook.com\/Graphite-Electrode-109336238661595","article_modified_time":"2024-12-02T06:10:27+00:00","og_image":[{"width":1024,"height":763,"url":"https:\/\/jinsuncarbon.com\/wp-content\/uploads\/2024\/11\/Carbon-Felt-1.jpg","type":"image\/jpeg"}],"twitter_card":"summary_large_image","twitter_site":"@jinsuncarbon_","twitter_misc":{"Tahmini okuma s\u00fcresi":"5 dakika"},"schema":{"@context":"https:\/\/schema.org","@graph":[{"@type":"WebPage","@id":"https:\/\/jinsuncarbon.com\/product\/carbon-felt\/","url":"https:\/\/jinsuncarbon.com\/product\/carbon-felt\/","name":"Karbon Ke\u00e7e \u00dcreticisi | Jinsun Carbon","isPartOf":{"@id":"https:\/\/jinsuncarbon.com\/#website"},"primaryImageOfPage":{"@id":"https:\/\/jinsuncarbon.com\/product\/carbon-felt\/#primaryimage"},"image":{"@id":"https:\/\/jinsuncarbon.com\/product\/carbon-felt\/#primaryimage"},"thumbnailUrl":"https:\/\/jinsuncarbon.com\/wp-content\/uploads\/2024\/11\/Carbon-Felt-1.jpg","datePublished":"2024-11-04T07:23:21+00:00","dateModified":"2024-12-02T06:10:27+00:00","description":"Karbon ke\u00e7e, organik \u00f6nc\u00fcllerden \u00fcretilen bir elyaf malzemedir. Daha sonra karbon haline gelmek i\u00e7in y\u00fcksek s\u0131cakl\u0131kta i\u015flenir.","breadcrumb":{"@id":"https:\/\/jinsuncarbon.com\/product\/carbon-felt\/#breadcrumb"},"inLanguage":"tr","potentialAction":[{"@type":"ReadAction","target":["https:\/\/jinsuncarbon.com\/product\/carbon-felt\/"]}]},{"@type":"ImageObject","inLanguage":"tr","@id":"https:\/\/jinsuncarbon.com\/product\/carbon-felt\/#primaryimage","url":"https:\/\/jinsuncarbon.com\/wp-content\/uploads\/2024\/11\/Carbon-Felt-1.jpg","contentUrl":"https:\/\/jinsuncarbon.com\/wp-content\/uploads\/2024\/11\/Carbon-Felt-1.jpg","width":1024,"height":763,"caption":"Carbon Felt"},{"@type":"BreadcrumbList","@id":"https:\/\/jinsuncarbon.com\/product\/carbon-felt\/#breadcrumb","itemListElement":[{"@type":"ListItem","position":1,"name":"Home","item":"https:\/\/jinsuncarbon.com\/"},{"@type":"ListItem","position":2,"name":"Products","item":"https:\/\/jinsuncarbon.com\/graphite-carbon\/"},{"@type":"ListItem","position":3,"name":"Carbon Felt"}]},{"@type":"WebSite","@id":"https:\/\/jinsuncarbon.com\/#website","url":"https:\/\/jinsuncarbon.com\/","name":"Jinsun Karbon","description":"\u00c7in'deki ba\u015far\u0131l\u0131 grafit elektrot \u00fcreticisiyiz","publisher":{"@id":"https:\/\/jinsuncarbon.com\/#organization"},"potentialAction":[{"@type":"SearchAction","target":{"@type":"EntryPoint","urlTemplate":"https:\/\/jinsuncarbon.com\/?s={search_term_string}"},"query-input":{"@type":"PropertyValueSpecification","valueRequired":true,"valueName":"search_term_string"}}],"inLanguage":"tr"},{"@type":"Organization","@id":"https:\/\/jinsuncarbon.com\/#organization","name":"Jinsun Karbon","alternateName":"Jinsun Carbon","url":"https:\/\/jinsuncarbon.com\/","logo":{"@type":"ImageObject","inLanguage":"tr","@id":"https:\/\/jinsuncarbon.com\/#\/schema\/logo\/image\/","url":"https:\/\/jinsuncarbon.com\/wp-content\/uploads\/2022\/12\/LOGO-1.png","contentUrl":"https:\/\/jinsuncarbon.com\/wp-content\/uploads\/2022\/12\/LOGO-1.png","width":207,"height":80,"caption":"Jinsun Carbon"},"image":{"@id":"https:\/\/jinsuncarbon.com\/#\/schema\/logo\/image\/"},"sameAs":["https:\/\/www.facebook.com\/Graphite-Electrode-109336238661595","https:\/\/x.com\/jinsuncarbon_","https:\/\/www.linkedin.com\/in\/jinsungraphite","https:\/\/www.youtube.com\/channel\/UCysDNyvyR5-3cCWEmpkVC0g"]}]}},"_links":{"self":[{"href":"https:\/\/jinsuncarbon.com\/tr\/wp-json\/wp\/v2\/product\/6503","targetHints":{"allow":["GET"]}}],"collection":[{"href":"https:\/\/jinsuncarbon.com\/tr\/wp-json\/wp\/v2\/product"}],"about":[{"href":"https:\/\/jinsuncarbon.com\/tr\/wp-json\/wp\/v2\/types\/product"}],"wp:featuredmedia":[{"embeddable":true,"href":"https:\/\/jinsuncarbon.com\/tr\/wp-json\/wp\/v2\/media\/6507"}],"wp:attachment":[{"href":"https:\/\/jinsuncarbon.com\/tr\/wp-json\/wp\/v2\/media?parent=6503"}],"wp:term":[{"taxonomy":"product_brand","embeddable":true,"href":"https:\/\/jinsuncarbon.com\/tr\/wp-json\/wp\/v2\/product_brand?post=6503"},{"taxonomy":"product_cat","embeddable":true,"href":"https:\/\/jinsuncarbon.com\/tr\/wp-json\/wp\/v2\/product_cat?post=6503"},{"taxonomy":"product_tag","embeddable":true,"href":"https:\/\/jinsuncarbon.com\/tr\/wp-json\/wp\/v2\/product_tag?post=6503"}],"curies":[{"name":"wp","href":"https:\/\/api.w.org\/{rel}","templated":true}]}}