{"id":6444,"date":"2024-11-02T00:02:55","date_gmt":"2024-11-02T00:02:55","guid":{"rendered":"https:\/\/jinsuncarbon.com\/?post_type=product&#038;p=6444"},"modified":"2025-01-18T23:16:22","modified_gmt":"2025-01-18T23:16:22","slug":"grafit-isitma-elemani","status":"publish","type":"product","link":"https:\/\/jinsuncarbon.com\/tr\/urun\/grafit-isitma-elemani\/","title":{"rendered":"Grafit Is\u0131tma Elemanlar\u0131"},"content":{"rendered":"<h2>Grafit \u0131s\u0131tma elemanlar\u0131 \u00fcreticisi<\/h2>\n<p>Grafit \u0131s\u0131tma eleman\u0131, \u0131s\u0131tma i\u00e7in y\u00fcksek safl\u0131kta grafit malzemeden \u00f6zenle yap\u0131lm\u0131\u015f bir cihaz bile\u015fenidir. M\u00fckemmel y\u00fcksek s\u0131cakl\u0131k direnci, elektrik iletkenli\u011fi ve kimyasal kararl\u0131l\u0131\u011f\u0131 ile vakum f\u0131r\u0131nlar\u0131nda, metal d\u00f6k\u00fcm\u00fcnde ve yar\u0131 iletkenlerde \u00f6nemli uygulamalara sahiptir. Ve performans gereksinimleri g\u00f6z \u00f6n\u00fcnde bulundurularak tasarlanm\u0131\u015ft\u0131r. Farkl\u0131 \u00e7al\u0131\u015fma ko\u015fullar\u0131n\u0131n \u0131s\u0131tma ihtiya\u00e7lar\u0131n\u0131 iyi kar\u015f\u0131layabilen g\u00fcvenilir ve dayan\u0131kl\u0131 bir \u0131s\u0131tma eleman\u0131d\u0131r.<\/p>\n<h2 class=\"ql-align-justify\">Grafit \u0131s\u0131tma elemanlar\u0131 \u00f6zellikleri<\/h2>\n<p class=\"ql-align-justify\"><span data-type=\"2\" data-index=\"5\" data-gid=\"1\">Grafit \u0131s\u0131t\u0131c\u0131lar genellikle a\u015fa\u011f\u0131daki gibi \u00e7e\u015fitli formlara sahiptir <a href=\"https:\/\/jinsuncarbon.com\/tr\/urun\/grafit-cubuk\/\">\u00e7ubuk<\/a>plaka ve t\u00fcp.<\/span>\u00a0Bir dizi \u00f6nemli avantaj sunar.<\/p>\n<p class=\"ql-align-justify\"><strong>M\u00fckemmel y\u00fcksek s\u0131cakl\u0131k dayan\u0131m\u0131<\/strong><\/p>\n<p class=\"ql-align-justify\">Grafit \u0131s\u0131tma eleman\u0131 1000\u00b0C'ye kadar ve \u00f6tesindeki s\u0131cakl\u0131klarda kararl\u0131 \u00e7al\u0131\u015fma \u00f6zelli\u011fine sahiptir.<\/p>\n<p class=\"ql-align-justify\"><strong>\u0130yi diren\u00e7<\/strong><\/p>\n<p>Ak\u0131m\u0131 verimli bir \u015fekilde \u0131s\u0131 enerjisine d\u00f6n\u00fc\u015ft\u00fcrebilir ve \u0131s\u0131 d\u00f6n\u00fc\u015f\u00fcm oran\u0131 \u00e7ok etkileyicidir. Ve farkl\u0131 senaryolar\u0131n \u0131s\u0131tma ihtiya\u00e7lar\u0131n\u0131 kar\u015f\u0131layabilir.<\/p>\n<p class=\"ql-align-justify\"><strong>Son derece kararl\u0131 kimyasal \u00f6zellikler<\/strong><\/p>\n<p class=\"ql-align-justify\">\u00c7o\u011fu kimyasal ortamda reaksiyona girmez, korozyon direnci g\u00fc\u00e7l\u00fcd\u00fcr.<\/p>\n<p class=\"ql-align-justify\"><strong>Y\u00fcksek mekanik dayan\u0131m<\/strong><\/p>\n<p class=\"ql-align-justify\">Geleneksel d\u0131\u015f g\u00fc\u00e7ler taraf\u0131ndan zarar g\u00f6rmesi kolay de\u011fildir.<\/p>\n<p class=\"ql-align-justify\"><strong>Y\u00fcksek \u0131s\u0131 iletim verimlili\u011fi<\/strong><\/p>\n<p class=\"ql-align-justify\">Is\u0131tma h\u0131z\u0131 h\u0131zl\u0131d\u0131r ve hedef \u0131s\u0131tma s\u0131cakl\u0131\u011f\u0131na h\u0131zl\u0131 bir \u015fekilde ula\u015f\u0131labilir.<\/p>\n<p class=\"ql-align-justify\">Ayr\u0131ca, iyi bir plastisiteye sahiptir ve \u00e7e\u015fitli \u015fekillerde i\u015flenmesi kolayd\u0131r. Uygun i\u015fleme ko\u015fullar\u0131 alt\u0131nda, ihtiya\u00e7lar\u0131n\u0131z\u0131 kar\u015f\u0131lamak i\u00e7in mekanik damgalama, kal\u0131plama veya CNC i\u015fleme ile \u015fekillendirebiliriz.<\/p>\n<h2 class=\"ql-align-justify\">Grafit \u0131s\u0131tma eleman\u0131 \u00e7e\u015fitleri<\/h2>\n<p class=\"ql-align-justify\"><strong>\u00c7ubuk grafit \u0131s\u0131tma eleman\u0131:<\/strong><\/p>\n<p class=\"ql-align-justify\">Bu yap\u0131 basit ve uzun bir \u00e7ubuktur. \u015eekil \u00f6zellikleri nedeniyle, belirli bir alan\u0131n derinliklerinde \u0131s\u0131t\u0131lmas\u0131 gereken baz\u0131 senaryolarda yayg\u0131n olarak kullanabilirsiniz. K\u00fc\u00e7\u00fck deneysel f\u0131r\u0131nlar, boru \u015feklindeki reakt\u00f6rler ve yerel alanlar\u0131 do\u011fru bir \u015fekilde \u0131s\u0131tabilen di\u011fer ekipmanlar gibi.<\/p>\n<p class=\"ql-align-justify\"><strong>Plaka benzeri grafit \u0131s\u0131tma eleman\u0131:<\/strong><\/p>\n<p class=\"ql-align-justify\">G\u00f6r\u00fcn\u00fc\u015f\u00fc d\u00fcz plaka gibidir ve geni\u015f bir \u0131s\u0131tma alan\u0131na sahiptir. Geni\u015f bir nesne alan\u0131n\u0131n e\u015fit \u015fekilde \u0131s\u0131t\u0131lmas\u0131 i\u00e7in uygundur. Baz\u0131 \u0131s\u0131l i\u015flem ekipmanlar\u0131nda ve kurutma ekipmanlar\u0131nda oldu\u011fu gibi. Malzemenin daha e\u015fit \u015fekilde \u0131s\u0131nmas\u0131n\u0131 sa\u011flayabilir ve \u0131s\u0131tma etkisini art\u0131rabilir.<\/p>\n<p class=\"ql-align-justify\"><strong>Borulu grafit \u0131s\u0131tma eleman\u0131:<\/strong><\/p>\n<p class=\"ql-align-justify\">\u0130\u00e7i bo\u015f boru \u015feklinde bir yap\u0131 olan bu yap\u0131, ak\u0131\u015fkan ortam\u0131n \u0131s\u0131t\u0131lmas\u0131nda bariz avantajlar sa\u011flar. Ak\u0131\u015fkan\u0131n t\u00fcp i\u00e7inde akmas\u0131na ve e\u015fit \u015fekilde \u0131s\u0131t\u0131lmas\u0131na izin verebilir. Kimya end\u00fcstrisi, petrol ve di\u011fer end\u00fcstrilerdeki s\u0131v\u0131 \u0131s\u0131tma i\u015flemlerinde yayg\u0131nd\u0131r.<\/p>\n<h2 class=\"ql-align-justify\">Grafit \u0131s\u0131tma elemanlar\u0131n\u0131n kullan\u0131m alanlar\u0131<\/h2>\n<ul>\n<li class=\"ql-align-justify\">\n<h3>Vakum f\u0131r\u0131nlar\u0131<\/h3>\n<\/li>\n<\/ul>\n<p class=\"ql-align-justify\">Grafit \u0131s\u0131tma elemanlar\u0131 elektrik enerjisini verimli bir \u015fekilde \u0131s\u0131ya d\u00f6n\u00fc\u015ft\u00fcrebilir. Vakum ortam\u0131 esas olarak \u0131s\u0131 radyasyon transferine dayan\u0131r, grafit radyasyon yetene\u011fi g\u00fc\u00e7l\u00fcd\u00fcr, tek tip bir y\u00fcksek s\u0131cakl\u0131k ortam\u0131 olu\u015fturabilir. D\u00fczg\u00fcn ala\u015f\u0131m \u0131s\u0131s\u0131 sa\u011flamak, malzeme kalitesini art\u0131rmak i\u00e7in \u00f6zel ala\u015f\u0131m eritme gibi metal eritme, sinterleme i\u00e7in uygundur. Ayr\u0131ca argon ve nitrojen gibi proses gazlar\u0131 ile reaksiyona girmez. <a href=\"https:\/\/ipsenglobal.com\/vacuum-furnaces\/\" target=\"_blank\" rel=\"noopener\">vakum f\u0131r\u0131nlar\u0131<\/a>.<\/p>\n<ul>\n<li class=\"ql-align-justify\">\n<h3>Is\u0131l i\u015flem<\/h3>\n<\/li>\n<\/ul>\n<p class=\"ql-align-justify\">Grafit \u0131s\u0131t\u0131c\u0131lar\u0131 metal su verme, temperleme ve tavlama i\u00e7in kullanabilirsiniz. H\u0131zl\u0131 \u0131s\u0131n\u0131r ve s\u0131cakl\u0131\u011f\u0131 do\u011fru bir \u015fekilde kontrol eder. \u00d6rne\u011fin, tak\u0131m su verildi\u011finde, tak\u0131m\u0131n uygun s\u0131cakl\u0131\u011fa ula\u015fmas\u0131n\u0131 sa\u011flayabilir. Ard\u0131ndan aletin sertli\u011fini ve a\u015f\u0131nma direncini art\u0131r\u0131r.<\/p>\n<ul>\n<li class=\"ql-align-justify\">\n<h3>Metal i\u015fleme:<\/h3>\n<\/li>\n<\/ul>\n<p class=\"ql-align-justify\">Metal eritme, d\u00f6vme, grafit \u0131s\u0131tma eleman\u0131, metalin uygun i\u015fleme s\u0131cakl\u0131\u011f\u0131na ula\u015fmas\u0131 i\u00e7in y\u00fcksek s\u0131cakl\u0131k sa\u011flar. \u0130\u015fleme kalitesini ve verimlili\u011fini sa\u011flamak i\u00e7in. \u00c7elik end\u00fcstrisindeki k\u00fc\u00e7\u00fck elektrikli f\u0131r\u0131nlar gibi, metal hammaddelerin erimesini stabilize edebilir.<\/p>\n<ul>\n<li class=\"ql-align-justify\">\n<h3>Kimyasal \u00fcretim:<\/h3>\n<\/li>\n<\/ul>\n<p class=\"ql-align-justify\">Kimyasal reaksiyonlar genellikle belirli s\u0131cakl\u0131klar gerektirir. Reakt\u00f6r malzemelerini \u0131s\u0131tmak i\u00e7in kullanabilirsiniz ve kimyasal kararl\u0131l\u0131klar\u0131 \u00e7e\u015fitli kimyasal ortamlarda g\u00fcvenli \u00e7al\u0131\u015fma sa\u011flar. Organik sentez reaksiyonlar\u0131nda hassas s\u0131cakl\u0131k kontrol\u00fc gibi.<\/p>\n<ul>\n<li class=\"ql-align-justify\">\n<h3>Elektronik fotovoltaik yar\u0131 iletkenler:<\/h3>\n<\/li>\n<\/ul>\n<p class=\"ql-align-justify\">Yar\u0131 iletken \u00e7ip \u00fcretiminin litografi ve tavlama i\u015flemleri son derece y\u00fcksek \u0131s\u0131tma do\u011frulu\u011fu ve kararl\u0131l\u0131\u011f\u0131 gerektirir, ihtiya\u00e7lar\u0131 kar\u015f\u0131layabilir. \u00c7ip \u00fcretim s\u00fcre\u00e7lerinin do\u011frulu\u011funu ve \u00fcr\u00fcn kalitesini sa\u011flamak i\u00e7in.<\/p>\n<h2>Grafit \u0131s\u0131tma eleman\u0131 tasar\u0131m\u0131<\/h2>\n<p>Tasar\u0131m\u0131n\u0131n bir\u00e7ok y\u00f6n\u00fc dikkate almas\u0131 gerekir. \u015eekil, \u00e7ubuk, plaka gibi ekipmana ba\u011fl\u0131d\u0131r. Boyut, \u0131s\u0131tma etkisini sa\u011flamak i\u00e7in g\u00fc\u00e7 ve alana g\u00f6re belirlenir. \u0130yi y\u00fcksek s\u0131cakl\u0131k direnci ve elektrik iletkenli\u011fi elde etmek i\u00e7in y\u00fcksek safl\u0131kta grafit malzeme se\u00e7in. Verimli \u0131s\u0131tma elde etmek i\u00e7in kurulum ve devre ba\u011flant\u0131s\u0131n\u0131 kolayla\u015ft\u0131rmak i\u00e7in ba\u011flant\u0131 y\u00f6ntemi de \u00f6nemlidir.<\/p>","protected":false},"excerpt":{"rendered":"<p>Grafit \u0131s\u0131tma elemanlar\u0131, y\u00fcksek safl\u0131kta grafit malzemelerden yap\u0131l\u0131r ve tek kristal f\u0131r\u0131nlar ve polikristal f\u0131r\u0131nlar gibi vakumlu f\u0131r\u0131nlarda \u0131s\u0131tma eleman\u0131 olarak kullan\u0131l\u0131r. Elektrik enerjisini termal enerjiye d\u00f6n\u00fc\u015ft\u00fcrmek i\u00e7in diren\u00e7li \u0131s\u0131tma kullan\u0131r. Grafit \u0131s\u0131tma elemanlar\u0131 \u00e7e\u015fitli \u015fekillerde tasarlanabilir ve \u00f6zelle\u015ftirilmi\u015f ihtiya\u00e7lar\u0131n\u0131z\u0131 kar\u015f\u0131layabilir.<\/p>\n<ul>\n<li>\u00a0Y\u0131\u011f\u0131n Yo\u011funlu\u011fu (g\/cm3) \u22651,85<\/li>\n<li>\u00a0K\u00fcl \u0130\u00e7eri\u011fi (PPM) \u2264 1000<\/li>\n<li>\u00a0Shore Sertli\u011fi \u226545<\/li>\n<li>\u00a0\u00d6zg\u00fcl Diren\u00e7 (\u03bc.\u03a9.m) \u226410<\/li>\n<li>\u00a0E\u011filme Dayan\u0131m\u0131 (MPa) \u226540<\/li>\n<li>\u00a0Bas\u0131n\u00e7 Dayan\u0131m\u0131 (MPa) \u226570<\/li>\n<li>\u00a0Maks. Tane Boyutu (\u03bcm) \u226443<\/li>\n<li>\u00a0Termal Genle\u015fme Katsay\u0131s\u0131 Mm\/\u00b0C \u22644,5*10-6<\/li>\n<\/ul>","protected":false},"featured_media":6445,"template":"","meta":[],"product_brand":[],"product_cat":[38],"product_tag":[],"class_list":{"0":"post-6444","1":"product","2":"type-product","3":"status-publish","4":"has-post-thumbnail","6":"product_cat-graphite-products","8":"first","9":"instock","10":"shipping-taxable","11":"product-type-simple"},"yoast_head":"<!-- This site is optimized with the Yoast SEO Premium plugin v19.2.1 (Yoast SEO v25.3) - https:\/\/yoast.com\/wordpress\/plugins\/seo\/ -->\n<title>Graphite Heating Elements Manufacturers | Jinsun Carbon<\/title>\n<meta name=\"description\" content=\"Graphite heating elements design leverages the unique properties of graphite. It fully utilizes graphite&#039;s physical and chemical traits.\" \/>\n<meta name=\"robots\" content=\"index, follow, max-snippet:-1, max-image-preview:large, max-video-preview:-1\" \/>\n<link rel=\"canonical\" href=\"https:\/\/jinsuncarbon.com\/tr\/urun\/grafit-isitma-elemani\/\" \/>\n<meta property=\"og:locale\" content=\"tr_TR\" \/>\n<meta property=\"og:type\" content=\"article\" \/>\n<meta property=\"og:title\" content=\"Graphite Heating Elements\" \/>\n<meta property=\"og:description\" content=\"Graphite heating elements design leverages the unique properties of graphite. It fully utilizes graphite&#039;s physical and chemical traits.\" \/>\n<meta property=\"og:url\" content=\"https:\/\/jinsuncarbon.com\/tr\/urun\/grafit-isitma-elemani\/\" \/>\n<meta property=\"og:site_name\" content=\"Jinsun Carbon\" \/>\n<meta property=\"article:publisher\" content=\"https:\/\/www.facebook.com\/Graphite-Electrode-109336238661595\" \/>\n<meta property=\"article:modified_time\" content=\"2025-01-18T23:16:22+00:00\" \/>\n<meta property=\"og:image\" content=\"https:\/\/jinsuncarbon.com\/wp-content\/uploads\/2024\/11\/Graphite-Heating-Elements-for-Vacuum-Furnaces.jpg\" \/>\n\t<meta property=\"og:image:width\" content=\"1024\" \/>\n\t<meta property=\"og:image:height\" content=\"763\" \/>\n\t<meta property=\"og:image:type\" content=\"image\/jpeg\" \/>\n<meta name=\"twitter:card\" content=\"summary_large_image\" \/>\n<meta name=\"twitter:site\" content=\"@jinsuncarbon_\" \/>\n<meta name=\"twitter:label1\" content=\"Tahmini okuma s\u00fcresi\" \/>\n\t<meta name=\"twitter:data1\" content=\"4 dakika\" \/>\n<script type=\"application\/ld+json\" class=\"yoast-schema-graph\">{\"@context\":\"https:\/\/schema.org\",\"@graph\":[{\"@type\":\"WebPage\",\"@id\":\"https:\/\/jinsuncarbon.com\/product\/graphite-heating-element\/\",\"url\":\"https:\/\/jinsuncarbon.com\/product\/graphite-heating-element\/\",\"name\":\"Graphite Heating Elements Manufacturers | Jinsun Carbon\",\"isPartOf\":{\"@id\":\"https:\/\/jinsuncarbon.com\/#website\"},\"primaryImageOfPage\":{\"@id\":\"https:\/\/jinsuncarbon.com\/product\/graphite-heating-element\/#primaryimage\"},\"image\":{\"@id\":\"https:\/\/jinsuncarbon.com\/product\/graphite-heating-element\/#primaryimage\"},\"thumbnailUrl\":\"https:\/\/jinsuncarbon.com\/wp-content\/uploads\/2024\/11\/Graphite-Heating-Elements-for-Vacuum-Furnaces.jpg\",\"datePublished\":\"2024-11-02T00:02:55+00:00\",\"dateModified\":\"2025-01-18T23:16:22+00:00\",\"description\":\"Graphite heating elements design leverages the unique properties of graphite. It fully utilizes graphite's physical and chemical traits.\",\"breadcrumb\":{\"@id\":\"https:\/\/jinsuncarbon.com\/product\/graphite-heating-element\/#breadcrumb\"},\"inLanguage\":\"tr\",\"potentialAction\":[{\"@type\":\"ReadAction\",\"target\":[\"https:\/\/jinsuncarbon.com\/product\/graphite-heating-element\/\"]}]},{\"@type\":\"ImageObject\",\"inLanguage\":\"tr\",\"@id\":\"https:\/\/jinsuncarbon.com\/product\/graphite-heating-element\/#primaryimage\",\"url\":\"https:\/\/jinsuncarbon.com\/wp-content\/uploads\/2024\/11\/Graphite-Heating-Elements-for-Vacuum-Furnaces.jpg\",\"contentUrl\":\"https:\/\/jinsuncarbon.com\/wp-content\/uploads\/2024\/11\/Graphite-Heating-Elements-for-Vacuum-Furnaces.jpg\",\"width\":1024,\"height\":763,\"caption\":\"Graphite Heating Elements for Vacuum Furnaces\"},{\"@type\":\"BreadcrumbList\",\"@id\":\"https:\/\/jinsuncarbon.com\/product\/graphite-heating-element\/#breadcrumb\",\"itemListElement\":[{\"@type\":\"ListItem\",\"position\":1,\"name\":\"Home\",\"item\":\"https:\/\/jinsuncarbon.com\/\"},{\"@type\":\"ListItem\",\"position\":2,\"name\":\"Products\",\"item\":\"https:\/\/jinsuncarbon.com\/graphite-carbon\/\"},{\"@type\":\"ListItem\",\"position\":3,\"name\":\"Graphite Heating Elements\"}]},{\"@type\":\"WebSite\",\"@id\":\"https:\/\/jinsuncarbon.com\/#website\",\"url\":\"https:\/\/jinsuncarbon.com\/\",\"name\":\"Jinsun Carbon\",\"description\":\"We are the successful graphite electrode manufacturer in China\",\"publisher\":{\"@id\":\"https:\/\/jinsuncarbon.com\/#organization\"},\"potentialAction\":[{\"@type\":\"SearchAction\",\"target\":{\"@type\":\"EntryPoint\",\"urlTemplate\":\"https:\/\/jinsuncarbon.com\/?s={search_term_string}\"},\"query-input\":{\"@type\":\"PropertyValueSpecification\",\"valueRequired\":true,\"valueName\":\"search_term_string\"}}],\"inLanguage\":\"tr\"},{\"@type\":\"Organization\",\"@id\":\"https:\/\/jinsuncarbon.com\/#organization\",\"name\":\"Jinsun Carbon\",\"alternateName\":\"Jinsun Carbon\",\"url\":\"https:\/\/jinsuncarbon.com\/\",\"logo\":{\"@type\":\"ImageObject\",\"inLanguage\":\"tr\",\"@id\":\"https:\/\/jinsuncarbon.com\/#\/schema\/logo\/image\/\",\"url\":\"https:\/\/jinsuncarbon.com\/wp-content\/uploads\/2022\/12\/LOGO-1.png\",\"contentUrl\":\"https:\/\/jinsuncarbon.com\/wp-content\/uploads\/2022\/12\/LOGO-1.png\",\"width\":207,\"height\":80,\"caption\":\"Jinsun Carbon\"},\"image\":{\"@id\":\"https:\/\/jinsuncarbon.com\/#\/schema\/logo\/image\/\"},\"sameAs\":[\"https:\/\/www.facebook.com\/Graphite-Electrode-109336238661595\",\"https:\/\/x.com\/jinsuncarbon_\",\"https:\/\/www.linkedin.com\/in\/jinsungraphite\",\"https:\/\/www.youtube.com\/channel\/UCysDNyvyR5-3cCWEmpkVC0g\"]}]}<\/script>\n<!-- \/ Yoast SEO Premium plugin. -->","yoast_head_json":{"title":"Grafit Is\u0131tma Elemanlar\u0131 \u00dcreticileri | Jinsun Carbon","description":"Grafit \u0131s\u0131tma elemanlar\u0131 tasar\u0131m\u0131, grafitin benzersiz \u00f6zelliklerinden yararlan\u0131r. Grafitin fiziksel ve kimyasal \u00f6zelliklerinden tam olarak yararlan\u0131r.","robots":{"index":"index","follow":"follow","max-snippet":"max-snippet:-1","max-image-preview":"max-image-preview:large","max-video-preview":"max-video-preview:-1"},"canonical":"https:\/\/jinsuncarbon.com\/tr\/urun\/grafit-isitma-elemani\/","og_locale":"tr_TR","og_type":"article","og_title":"Graphite Heating Elements","og_description":"Graphite heating elements design leverages the unique properties of graphite. It fully utilizes graphite's physical and chemical traits.","og_url":"https:\/\/jinsuncarbon.com\/tr\/urun\/grafit-isitma-elemani\/","og_site_name":"Jinsun Carbon","article_publisher":"https:\/\/www.facebook.com\/Graphite-Electrode-109336238661595","article_modified_time":"2025-01-18T23:16:22+00:00","og_image":[{"width":1024,"height":763,"url":"https:\/\/jinsuncarbon.com\/wp-content\/uploads\/2024\/11\/Graphite-Heating-Elements-for-Vacuum-Furnaces.jpg","type":"image\/jpeg"}],"twitter_card":"summary_large_image","twitter_site":"@jinsuncarbon_","twitter_misc":{"Tahmini okuma s\u00fcresi":"4 dakika"},"schema":{"@context":"https:\/\/schema.org","@graph":[{"@type":"WebPage","@id":"https:\/\/jinsuncarbon.com\/product\/graphite-heating-element\/","url":"https:\/\/jinsuncarbon.com\/product\/graphite-heating-element\/","name":"Grafit Is\u0131tma Elemanlar\u0131 \u00dcreticileri | Jinsun Carbon","isPartOf":{"@id":"https:\/\/jinsuncarbon.com\/#website"},"primaryImageOfPage":{"@id":"https:\/\/jinsuncarbon.com\/product\/graphite-heating-element\/#primaryimage"},"image":{"@id":"https:\/\/jinsuncarbon.com\/product\/graphite-heating-element\/#primaryimage"},"thumbnailUrl":"https:\/\/jinsuncarbon.com\/wp-content\/uploads\/2024\/11\/Graphite-Heating-Elements-for-Vacuum-Furnaces.jpg","datePublished":"2024-11-02T00:02:55+00:00","dateModified":"2025-01-18T23:16:22+00:00","description":"Grafit \u0131s\u0131tma elemanlar\u0131 tasar\u0131m\u0131, grafitin benzersiz \u00f6zelliklerinden yararlan\u0131r. Grafitin fiziksel ve kimyasal \u00f6zelliklerinden tam olarak yararlan\u0131r.","breadcrumb":{"@id":"https:\/\/jinsuncarbon.com\/product\/graphite-heating-element\/#breadcrumb"},"inLanguage":"tr","potentialAction":[{"@type":"ReadAction","target":["https:\/\/jinsuncarbon.com\/product\/graphite-heating-element\/"]}]},{"@type":"ImageObject","inLanguage":"tr","@id":"https:\/\/jinsuncarbon.com\/product\/graphite-heating-element\/#primaryimage","url":"https:\/\/jinsuncarbon.com\/wp-content\/uploads\/2024\/11\/Graphite-Heating-Elements-for-Vacuum-Furnaces.jpg","contentUrl":"https:\/\/jinsuncarbon.com\/wp-content\/uploads\/2024\/11\/Graphite-Heating-Elements-for-Vacuum-Furnaces.jpg","width":1024,"height":763,"caption":"Graphite Heating Elements for Vacuum Furnaces"},{"@type":"BreadcrumbList","@id":"https:\/\/jinsuncarbon.com\/product\/graphite-heating-element\/#breadcrumb","itemListElement":[{"@type":"ListItem","position":1,"name":"Home","item":"https:\/\/jinsuncarbon.com\/"},{"@type":"ListItem","position":2,"name":"Products","item":"https:\/\/jinsuncarbon.com\/graphite-carbon\/"},{"@type":"ListItem","position":3,"name":"Graphite Heating Elements"}]},{"@type":"WebSite","@id":"https:\/\/jinsuncarbon.com\/#website","url":"https:\/\/jinsuncarbon.com\/","name":"Jinsun Karbon","description":"\u00c7in'deki ba\u015far\u0131l\u0131 grafit elektrot \u00fcreticisiyiz","publisher":{"@id":"https:\/\/jinsuncarbon.com\/#organization"},"potentialAction":[{"@type":"SearchAction","target":{"@type":"EntryPoint","urlTemplate":"https:\/\/jinsuncarbon.com\/?s={search_term_string}"},"query-input":{"@type":"PropertyValueSpecification","valueRequired":true,"valueName":"search_term_string"}}],"inLanguage":"tr"},{"@type":"Organization","@id":"https:\/\/jinsuncarbon.com\/#organization","name":"Jinsun Karbon","alternateName":"Jinsun Carbon","url":"https:\/\/jinsuncarbon.com\/","logo":{"@type":"ImageObject","inLanguage":"tr","@id":"https:\/\/jinsuncarbon.com\/#\/schema\/logo\/image\/","url":"https:\/\/jinsuncarbon.com\/wp-content\/uploads\/2022\/12\/LOGO-1.png","contentUrl":"https:\/\/jinsuncarbon.com\/wp-content\/uploads\/2022\/12\/LOGO-1.png","width":207,"height":80,"caption":"Jinsun Carbon"},"image":{"@id":"https:\/\/jinsuncarbon.com\/#\/schema\/logo\/image\/"},"sameAs":["https:\/\/www.facebook.com\/Graphite-Electrode-109336238661595","https:\/\/x.com\/jinsuncarbon_","https:\/\/www.linkedin.com\/in\/jinsungraphite","https:\/\/www.youtube.com\/channel\/UCysDNyvyR5-3cCWEmpkVC0g"]}]}},"_links":{"self":[{"href":"https:\/\/jinsuncarbon.com\/tr\/wp-json\/wp\/v2\/product\/6444","targetHints":{"allow":["GET"]}}],"collection":[{"href":"https:\/\/jinsuncarbon.com\/tr\/wp-json\/wp\/v2\/product"}],"about":[{"href":"https:\/\/jinsuncarbon.com\/tr\/wp-json\/wp\/v2\/types\/product"}],"wp:featuredmedia":[{"embeddable":true,"href":"https:\/\/jinsuncarbon.com\/tr\/wp-json\/wp\/v2\/media\/6445"}],"wp:attachment":[{"href":"https:\/\/jinsuncarbon.com\/tr\/wp-json\/wp\/v2\/media?parent=6444"}],"wp:term":[{"taxonomy":"product_brand","embeddable":true,"href":"https:\/\/jinsuncarbon.com\/tr\/wp-json\/wp\/v2\/product_brand?post=6444"},{"taxonomy":"product_cat","embeddable":true,"href":"https:\/\/jinsuncarbon.com\/tr\/wp-json\/wp\/v2\/product_cat?post=6444"},{"taxonomy":"product_tag","embeddable":true,"href":"https:\/\/jinsuncarbon.com\/tr\/wp-json\/wp\/v2\/product_tag?post=6444"}],"curies":[{"name":"wp","href":"https:\/\/api.w.org\/{rel}","templated":true}]}}