{"id":6275,"date":"2024-10-30T12:12:33","date_gmt":"2024-10-30T12:12:33","guid":{"rendered":"https:\/\/jinsuncarbon.com\/?post_type=product&#038;p=6275"},"modified":"2025-04-30T08:31:48","modified_gmt":"2025-04-30T08:31:48","slug":"pul-grafit","status":"publish","type":"product","link":"https:\/\/jinsuncarbon.com\/tr\/urun\/pul-grafit\/","title":{"rendered":"Grafit Pullar\u0131"},"content":{"rendered":"<h2>Sat\u0131l\u0131k Grafit Pul<\/h2>\n<p>Pul grafit, katmanl\u0131 bir yap\u0131ya sahip metalik olmayan bir iletkendir. Genellikle do\u011fal metamorfik kayalarda bulunan do\u011fal kristalin grafite aittir ve y\u00fcksek s\u0131cakl\u0131k ve bas\u0131n\u00e7 alt\u0131nda metamorfizma ile olu\u015fan karbonlu bir maddedir. Uygulamaya ba\u011fl\u0131 olarak, pul grafitin boyutu ve safl\u0131\u011f\u0131 da b\u00f6l\u00fcnm\u00fc\u015ft\u00fcr.<\/p>\n<h3>Pul grafitin \u00f6zel mikroyap\u0131s\u0131<\/h3>\n<p>Alt\u0131gen bir kafes i\u00e7inde karbon atomlar\u0131n\u0131n grafit katmanlar\u0131ndan olu\u015fur. Katmanlar, bal\u0131k pullar\u0131n\u0131n katmanl\u0131 yap\u0131s\u0131 gibi katmanlar aras\u0131nda belirli bir bo\u015fluk b\u0131rakarak van der Waals kuvvetleri arac\u0131l\u0131\u011f\u0131yla etkile\u015fime girer ve bir araya gelir. Pul grafitin \u00f6zel yap\u0131s\u0131, sadece iyi iletkenli\u011fe de\u011fil, ayn\u0131 zamanda iyi ya\u011flama \u00f6zelliklerine de sahip olmas\u0131n\u0131 sa\u011flar.<\/p>\n<p>&nbsp;<\/p>\n<h2>Grafit Pul \u00d6zellikleri:<\/h2>\n<ul>\n<li><b><\/b><strong><b>Y\u00fcksek s\u0131cakl\u0131k dayan\u0131m\u0131: <\/b><\/strong>Grafit, yap\u0131sal b\u00fct\u00fcnl\u00fc\u011f\u00fcn\u00fc kaybetmeden a\u015f\u0131r\u0131 s\u0131cakl\u0131klara dayanabilir, erime noktas\u0131 3850 \u00b1 50 \u2103, kaynama noktas\u0131 4250 \u2103'dir. Bu nedenle, ultra y\u00fcksek s\u0131cakl\u0131kta yanmadan sonra bile, grafit a\u011f\u0131rl\u0131k kayb\u0131 ve termal genle\u015fme katsay\u0131s\u0131 \u00e7ok k\u00fc\u00e7\u00fckt\u00fcr. Ve grafitin mukavemeti s\u0131cakl\u0131k art\u0131\u015f\u0131 ile g\u00fc\u00e7lendirilecek, 2000 \u2103'de grafitin mukavemeti iki kat\u0131na \u00e7\u0131kacakt\u0131r.<\/li>\n<li><\/li>\n<li><b><\/b><strong><b>Elektriksel ve termal iletkenlik: <\/b><\/strong>Grafitin elektrik iletkenli\u011fi, s\u0131radan metalik olmayan cevherlerden y\u00fcz kat daha y\u00fcksektir. Termal iletkenlik \u00e7elik, demir, kur\u015fun ve di\u011fer bir\u00e7ok metal malzemeden daha fazlad\u0131r. Is\u0131 iletkenli\u011fi artan s\u0131cakl\u0131kla birlikte azal\u0131r ve a\u015f\u0131r\u0131 y\u00fcksek s\u0131cakl\u0131klarda bile grafit adyabatik hale gelebilir. Grafit pulunun m\u00fckemmel termal iletkenli\u011fe sahip oldu\u011fu ve bu nedenle elektronik cihazlar i\u00e7in radyat\u00f6r ve so\u011futma bile\u015fenlerinin \u00fcretimi i\u00e7in \u00e7ok uygun oldu\u011fu g\u00f6r\u00fclebilir.<\/li>\n<li><\/li>\n<li><b><\/b><strong><b>Kayganl\u0131k: <\/b><\/strong>grafit pullar\u0131n\u0131n grafit skalas\u0131 daha b\u00fcy\u00fckt\u00fcr ve grafitin ya\u011flama performans\u0131 grafit skalas\u0131n\u0131n boyutuna ba\u011fl\u0131d\u0131r. Kare ne kadar b\u00fcy\u00fckse, s\u00fcrt\u00fcnme katsay\u0131s\u0131 o kadar k\u00fc\u00e7\u00fck, ya\u011flama performans\u0131 o kadar iyi olur. Bu nedenle, grafit pullar\u0131 iyi bir ya\u011flama \u00f6zelli\u011fine sahiptir.<\/li>\n<li><\/li>\n<li><b><\/b><strong><b>Kimyasal stabilite: <\/b><\/strong>grafit oda s\u0131cakl\u0131\u011f\u0131nda iyi kimyasal stabiliteye sahiptir, \u00e7o\u011fu asidik ve alkali ortamda stabil kalabilir. Di\u011fer maddelerle reaksiyona girmesi kolay de\u011fildir ve asit, alkali ve organik \u00e7\u00f6z\u00fcc\u00fc korozyonuna kar\u015f\u0131 koyabilir. Bu nedenle grafit pullar\u0131n\u0131 koruyucu olarak kullanabilirsiniz.<\/li>\n<li><\/li>\n<li><strong><b>Plastisite:<\/b><\/strong> Grafitin toklu\u011fu iyidir ve daha ince grafit pullar\u0131n\u0131n grafitin avantajlar\u0131n\u0131 bir araya getirdi\u011fi s\u00f6ylenebilir.<\/li>\n<\/ul>\n<p>&nbsp;<\/p>\n<h2>Grafit Flake Ne \u0130\u00e7in Kullan\u0131l\u0131r?<\/h2>\n<ul>\n<li><b><\/b><strong>Karbon Katk\u0131lar\u0131:<\/strong><\/li>\n<\/ul>\n<p>Grafit Flakes, \u00e7elik ve ferroala\u015f\u0131mlardaki karbon i\u00e7eri\u011fini art\u0131rmak i\u00e7in \u00e7e\u015fitli metalurjik i\u015flemlerde karbon katk\u0131 maddesi olarak kullan\u0131labilir. Malzemenin sertli\u011fini, mukavemetini, plastisitesini ve toklu\u011funu art\u0131rabilir. Grafit eklenerek, ala\u015f\u0131m\u0131n bile\u015fimi de belirli gereksinimleri kar\u015f\u0131layacak \u015fekilde ayarlanabilir ve b\u00f6ylece nihai \u00fcr\u00fcn\u00fcn performans\u0131 art\u0131r\u0131labilir.<\/p>\n<ul>\n<li><b><\/b><strong>Ya\u011flay\u0131c\u0131 :<\/strong><\/li>\n<\/ul>\n<p>Grafit Flake'lerin grafit squama's\u0131 birbirlerine kar\u015f\u0131 kaymalar\u0131n\u0131 sa\u011flayan katmanl\u0131 bir yap\u0131ya sahip oldu\u011fundan, grafit flake m\u00fckemmel bir kuru ya\u011flay\u0131c\u0131d\u0131r. Geleneksel ya\u011flay\u0131c\u0131larla elde edilemeyen y\u00fcksek s\u0131cakl\u0131k ve y\u00fcksek bas\u0131n\u00e7 ortam\u0131ndan farkl\u0131 olarak <a href=\"https:\/\/en.wikipedia.org\/wiki\/Lubricant\" target=\"_blank\" rel=\"noopener\">Ya\u011flay\u0131c\u0131lar<\/a>Y\u00fcksek s\u0131cakl\u0131k dayan\u0131m\u0131 \u00f6zelliklerine sahiptir. Grafit Flakes ya\u011flay\u0131c\u0131lar, s\u00fcrt\u00fcnmeyi ve a\u015f\u0131nmay\u0131 azaltmak i\u00e7in makinelerde, di\u015flilerde ve yataklarda kullan\u0131l\u0131r.<\/p>\n<ul>\n<li><b><\/b><strong>Katk\u0131 maddeleri:\u00a0<\/strong><\/li>\n<\/ul>\n<p>Grafit Pullar, mekanik ve elektriksel \u00f6zelliklerini geli\u015ftirmek i\u00e7in kau\u00e7uk, plastik ve di\u011fer kompozit malzemelere eklenebilir. Ayr\u0131ca, kau\u00e7ukta grafit elektrik iletkenli\u011fini ve a\u015f\u0131nma direncini artt\u0131r\u0131r. Plastiklerde, elektrik iletkenli\u011fi ve termal stabilite sa\u011flayarak malzemeyi bir dizi end\u00fcstriyel uygulama i\u00e7in uygun hale getirebilir.<\/p>\n<ul>\n<li><strong>Elektronik end\u00fcstrisi:<\/strong><\/li>\n<\/ul>\n<p><em><i>Elma<\/i><\/em>\u00a0\u0131s\u0131y\u0131 etkin bir \u015fekilde y\u00f6netmek i\u00e7in y\u00fcksek termal iletkenliklerinden yararlanarak \u00fcr\u00fcnlerinin \u00e7o\u011funda so\u011futma malzemesi olarak grafit pullar\u0131 kullan\u0131r.<\/p>\n<ul>\n<li><strong>Otomotiv end\u00fcstrisi:<\/strong><\/li>\n<\/ul>\n<p><em><i>Tesla <\/i><\/em>batarya paketinin s\u0131cakl\u0131\u011f\u0131n\u0131 d\u00fczenlemek i\u00e7in elektrikli ara\u00e7 batarya y\u00f6netim sistemine grafit malzeme dahil etti. Bu, sistemin verimlili\u011finin ve g\u00fcvenli\u011finin korunmas\u0131nda \u00e7ok \u00f6nemli bir rol oynamaktad\u0131r.<\/p>\n<ul>\n<li><b><\/b><strong>Havac\u0131l\u0131k ve uzay:<\/strong><\/li>\n<\/ul>\n<p>Hem Boeing hem de Airbus, grafit kompozitleri ticari u\u00e7ak programlar\u0131na dahil ederek malzemenin mukavemet-a\u011f\u0131rl\u0131k oran\u0131ndan ve termal \u00f6zelliklerinden yararland\u0131.<\/p>\n<ul>\n<li>\n<h3>Ak\u00fc Uygulamas\u0131:<\/h3>\n<\/li>\n<\/ul>\n<p>Grafit Pullar, lityum-iyon pillerin \u00f6nemli bir bile\u015fenidir ve negatif elektrot malzemeleri olarak kullanabilirsiniz. Lityum iyonlar\u0131n\u0131 g\u00f6mme kabiliyeti onu enerji depolama \u00e7\u00f6z\u00fcmlerinde vazge\u00e7ilmez bir malzeme haline getirmektedir.<\/p>\n<ul>\n<li>\n<h3><b><\/b>Korozyon Korumas\u0131:<\/h3>\n<\/li>\n<\/ul>\n<p>Grafit Pullar kimyasal olarak son derece kararl\u0131d\u0131r ve a\u015f\u0131nd\u0131r\u0131c\u0131 maddelere kar\u015f\u0131 bir bariyer g\u00f6revi g\u00f6rerek metalleri korozyondan koruyabilir. Bu \u00f6zellik, korozyon direncinin kritik oldu\u011fu denizcilik ve a\u00e7\u0131k deniz uygulamalar\u0131nda kullan\u0131\u015fl\u0131d\u0131r.<\/p>\n<p>&nbsp;<\/p>\n<ul>\n<li>\n<h3>D\u00f6kme demirde grafit pullar\u0131:<\/h3>\n<\/li>\n<\/ul>\n<p>Metalurji alan\u0131nda, \u00f6zellikle gri d\u00f6kme demir \u00fcretiminde, grafit pullar\u0131 hayati bir rol oynamaktad\u0131r. S\u0131cak metalin kat\u0131la\u015fma s\u00fcrecinde, karbon i\u00e7eri\u011fi s\u0131v\u0131 fazdan \u00e7\u00f6kelirken, grafit pullar\u0131 do\u011fal olarak olu\u015facakt\u0131r. Bu tanecikler metalin mikro yap\u0131s\u0131n\u0131 de\u011fi\u015ftirerek metalin \u015fekillenmesine yard\u0131mc\u0131 olur. <a href=\"https:\/\/jinsuncarbon.com\/tr\/urun\/grafit-tozu\/\">grafit<\/a> sementit yerine nod\u00fcller. Ayr\u0131ca bu de\u011fi\u015fiklik d\u00f6kme demirin mekanik \u00f6zelliklerini geli\u015ftirerek daha fazla tokluk ve a\u015f\u0131nma direnci kazand\u0131r\u0131r ki bu da dayan\u0131kl\u0131l\u0131k ve mukavemet gerektiren uygulamalar i\u00e7in kritik \u00f6neme sahiptir.<\/p>\n<p>&nbsp;<\/p>\n<p>Bir pul grafit tedarik\u00e7isi olarak, end\u00fcstriyel \u00fcretiminize yard\u0131mc\u0131 olmak i\u00e7in rekabet\u00e7i fiyatlar sunuyoruz. Ayn\u0131 zamanda, l\u00fctfen bize karbon i\u00e7eri\u011fi, nem, k\u00fcl ve u\u00e7ucu madde i\u00e7eri\u011fi gereksinimleri de dahil olmak \u00fczere gerekli teknik g\u00f6stergelerinizi sa\u011flay\u0131n.<\/p>","protected":false},"excerpt":{"rendered":"<p>Grafit Flakes, grafit tabakas\u0131 ile d\u00fczenlenmi\u015f ince bir tabakad\u0131r. Is\u0131 iletiminde ve \u0131s\u0131 da\u011f\u0131l\u0131m\u0131nda daha iyi etkiye sahip yepyeni bir malzemedir. Y\u00fcksek performansl\u0131 bir malzeme olarak benzersiz bir tane y\u00f6nelimine sahiptir. Elektronik \u00fcr\u00fcnlerin y\u00fckseltilmesinin h\u0131zlanmas\u0131 ve y\u00fcksek performansl\u0131 elektronik ekipmanlar\u0131n \u0131s\u0131 da\u011f\u0131l\u0131m\u0131 y\u00f6netimi i\u00e7in artan taleple birlikte, bu yeni g\u00fcn Ancak grafit daha iyi bir \u00e7\u00f6z\u00fcm sa\u011flar. Grafit bir\u00e7ok end\u00fcstride \u00f6nemli bir rol oynamaktad\u0131r.<\/p>","protected":false},"featured_media":6280,"template":"","meta":[],"product_brand":[],"product_cat":[40],"product_tag":[],"class_list":{"0":"post-6275","1":"product","2":"type-product","3":"status-publish","4":"has-post-thumbnail","6":"product_cat-petroleum-coke","8":"first","9":"instock","10":"shipping-taxable","11":"product-type-simple"},"yoast_head":"<!-- This site is optimized with the Yoast SEO Premium plugin v19.2.1 (Yoast SEO v25.3) - https:\/\/yoast.com\/wordpress\/plugins\/seo\/ -->\n<title>Graphite Flakes Manufacturer | Jinsun Carbon<\/title>\n<meta name=\"description\" content=\"Graphite Flakes is a thin sheet arranged by graphite layer. It is a brand-new material with better effect in heat conduction and heat dissipation.\" \/>\n<meta name=\"robots\" content=\"index, follow, max-snippet:-1, max-image-preview:large, max-video-preview:-1\" \/>\n<link rel=\"canonical\" href=\"https:\/\/jinsuncarbon.com\/tr\/urun\/pul-grafit\/\" \/>\n<meta property=\"og:locale\" content=\"tr_TR\" \/>\n<meta property=\"og:type\" content=\"article\" \/>\n<meta property=\"og:title\" content=\"Graphite Flakes\" \/>\n<meta property=\"og:description\" content=\"Graphite Flakes is a thin sheet arranged by graphite layer. It is a brand-new material with better effect in heat conduction and heat dissipation.\" \/>\n<meta property=\"og:url\" content=\"https:\/\/jinsuncarbon.com\/tr\/urun\/pul-grafit\/\" \/>\n<meta property=\"og:site_name\" content=\"Jinsun Carbon\" \/>\n<meta property=\"article:publisher\" content=\"https:\/\/www.facebook.com\/Graphite-Electrode-109336238661595\" \/>\n<meta property=\"article:modified_time\" content=\"2025-04-30T08:31:48+00:00\" \/>\n<meta property=\"og:image\" content=\"https:\/\/jinsuncarbon.com\/wp-content\/uploads\/2024\/10\/Graphite-Flakes-1.jpg\" \/>\n\t<meta property=\"og:image:width\" content=\"1024\" \/>\n\t<meta property=\"og:image:height\" content=\"736\" \/>\n\t<meta property=\"og:image:type\" content=\"image\/jpeg\" \/>\n<meta name=\"twitter:card\" content=\"summary_large_image\" \/>\n<meta name=\"twitter:site\" content=\"@jinsuncarbon_\" \/>\n<meta name=\"twitter:label1\" content=\"Tahmini okuma s\u00fcresi\" \/>\n\t<meta name=\"twitter:data1\" content=\"4 dakika\" \/>\n<script type=\"application\/ld+json\" class=\"yoast-schema-graph\">{\"@context\":\"https:\/\/schema.org\",\"@graph\":[{\"@type\":\"WebPage\",\"@id\":\"https:\/\/jinsuncarbon.com\/product\/flake-graphite\/\",\"url\":\"https:\/\/jinsuncarbon.com\/product\/flake-graphite\/\",\"name\":\"Graphite Flakes Manufacturer | Jinsun Carbon\",\"isPartOf\":{\"@id\":\"https:\/\/jinsuncarbon.com\/#website\"},\"primaryImageOfPage\":{\"@id\":\"https:\/\/jinsuncarbon.com\/product\/flake-graphite\/#primaryimage\"},\"image\":{\"@id\":\"https:\/\/jinsuncarbon.com\/product\/flake-graphite\/#primaryimage\"},\"thumbnailUrl\":\"https:\/\/jinsuncarbon.com\/wp-content\/uploads\/2024\/10\/Graphite-Flakes-1.jpg\",\"datePublished\":\"2024-10-30T12:12:33+00:00\",\"dateModified\":\"2025-04-30T08:31:48+00:00\",\"description\":\"Graphite Flakes is a thin sheet arranged by graphite layer. It is a brand-new material with better effect in heat conduction and heat dissipation.\",\"breadcrumb\":{\"@id\":\"https:\/\/jinsuncarbon.com\/product\/flake-graphite\/#breadcrumb\"},\"inLanguage\":\"tr\",\"potentialAction\":[{\"@type\":\"ReadAction\",\"target\":[\"https:\/\/jinsuncarbon.com\/product\/flake-graphite\/\"]}]},{\"@type\":\"ImageObject\",\"inLanguage\":\"tr\",\"@id\":\"https:\/\/jinsuncarbon.com\/product\/flake-graphite\/#primaryimage\",\"url\":\"https:\/\/jinsuncarbon.com\/wp-content\/uploads\/2024\/10\/Graphite-Flakes-1.jpg\",\"contentUrl\":\"https:\/\/jinsuncarbon.com\/wp-content\/uploads\/2024\/10\/Graphite-Flakes-1.jpg\",\"width\":1024,\"height\":736,\"caption\":\"Graphite Flakes - Jinsuncarbon\"},{\"@type\":\"BreadcrumbList\",\"@id\":\"https:\/\/jinsuncarbon.com\/product\/flake-graphite\/#breadcrumb\",\"itemListElement\":[{\"@type\":\"ListItem\",\"position\":1,\"name\":\"Home\",\"item\":\"https:\/\/jinsuncarbon.com\/\"},{\"@type\":\"ListItem\",\"position\":2,\"name\":\"Products\",\"item\":\"https:\/\/jinsuncarbon.com\/graphite-carbon\/\"},{\"@type\":\"ListItem\",\"position\":3,\"name\":\"Graphite Flakes\"}]},{\"@type\":\"WebSite\",\"@id\":\"https:\/\/jinsuncarbon.com\/#website\",\"url\":\"https:\/\/jinsuncarbon.com\/\",\"name\":\"Jinsun Carbon\",\"description\":\"We are the successful graphite electrode manufacturer in China\",\"publisher\":{\"@id\":\"https:\/\/jinsuncarbon.com\/#organization\"},\"potentialAction\":[{\"@type\":\"SearchAction\",\"target\":{\"@type\":\"EntryPoint\",\"urlTemplate\":\"https:\/\/jinsuncarbon.com\/?s={search_term_string}\"},\"query-input\":{\"@type\":\"PropertyValueSpecification\",\"valueRequired\":true,\"valueName\":\"search_term_string\"}}],\"inLanguage\":\"tr\"},{\"@type\":\"Organization\",\"@id\":\"https:\/\/jinsuncarbon.com\/#organization\",\"name\":\"Jinsun Carbon\",\"alternateName\":\"Jinsun Carbon\",\"url\":\"https:\/\/jinsuncarbon.com\/\",\"logo\":{\"@type\":\"ImageObject\",\"inLanguage\":\"tr\",\"@id\":\"https:\/\/jinsuncarbon.com\/#\/schema\/logo\/image\/\",\"url\":\"https:\/\/jinsuncarbon.com\/wp-content\/uploads\/2022\/12\/LOGO-1.png\",\"contentUrl\":\"https:\/\/jinsuncarbon.com\/wp-content\/uploads\/2022\/12\/LOGO-1.png\",\"width\":207,\"height\":80,\"caption\":\"Jinsun Carbon\"},\"image\":{\"@id\":\"https:\/\/jinsuncarbon.com\/#\/schema\/logo\/image\/\"},\"sameAs\":[\"https:\/\/www.facebook.com\/Graphite-Electrode-109336238661595\",\"https:\/\/x.com\/jinsuncarbon_\",\"https:\/\/www.linkedin.com\/in\/jinsungraphite\",\"https:\/\/www.youtube.com\/channel\/UCysDNyvyR5-3cCWEmpkVC0g\"]}]}<\/script>\n<!-- \/ Yoast SEO Premium plugin. -->","yoast_head_json":{"title":"Grafit Gevre\u011fi \u00dcreticisi | Jinsun Carbon","description":"Grafit Flakes, grafit tabakas\u0131 ile d\u00fczenlenmi\u015f ince bir tabakad\u0131r. Is\u0131 iletiminde ve \u0131s\u0131 da\u011f\u0131l\u0131m\u0131nda daha iyi etkiye sahip yepyeni bir malzemedir.","robots":{"index":"index","follow":"follow","max-snippet":"max-snippet:-1","max-image-preview":"max-image-preview:large","max-video-preview":"max-video-preview:-1"},"canonical":"https:\/\/jinsuncarbon.com\/tr\/urun\/pul-grafit\/","og_locale":"tr_TR","og_type":"article","og_title":"Graphite Flakes","og_description":"Graphite Flakes is a thin sheet arranged by graphite layer. It is a brand-new material with better effect in heat conduction and heat dissipation.","og_url":"https:\/\/jinsuncarbon.com\/tr\/urun\/pul-grafit\/","og_site_name":"Jinsun Carbon","article_publisher":"https:\/\/www.facebook.com\/Graphite-Electrode-109336238661595","article_modified_time":"2025-04-30T08:31:48+00:00","og_image":[{"width":1024,"height":736,"url":"https:\/\/jinsuncarbon.com\/wp-content\/uploads\/2024\/10\/Graphite-Flakes-1.jpg","type":"image\/jpeg"}],"twitter_card":"summary_large_image","twitter_site":"@jinsuncarbon_","twitter_misc":{"Tahmini okuma s\u00fcresi":"4 dakika"},"schema":{"@context":"https:\/\/schema.org","@graph":[{"@type":"WebPage","@id":"https:\/\/jinsuncarbon.com\/product\/flake-graphite\/","url":"https:\/\/jinsuncarbon.com\/product\/flake-graphite\/","name":"Grafit Gevre\u011fi \u00dcreticisi | Jinsun Carbon","isPartOf":{"@id":"https:\/\/jinsuncarbon.com\/#website"},"primaryImageOfPage":{"@id":"https:\/\/jinsuncarbon.com\/product\/flake-graphite\/#primaryimage"},"image":{"@id":"https:\/\/jinsuncarbon.com\/product\/flake-graphite\/#primaryimage"},"thumbnailUrl":"https:\/\/jinsuncarbon.com\/wp-content\/uploads\/2024\/10\/Graphite-Flakes-1.jpg","datePublished":"2024-10-30T12:12:33+00:00","dateModified":"2025-04-30T08:31:48+00:00","description":"Grafit Flakes, grafit tabakas\u0131 ile d\u00fczenlenmi\u015f ince bir tabakad\u0131r. Is\u0131 iletiminde ve \u0131s\u0131 da\u011f\u0131l\u0131m\u0131nda daha iyi etkiye sahip yepyeni bir malzemedir.","breadcrumb":{"@id":"https:\/\/jinsuncarbon.com\/product\/flake-graphite\/#breadcrumb"},"inLanguage":"tr","potentialAction":[{"@type":"ReadAction","target":["https:\/\/jinsuncarbon.com\/product\/flake-graphite\/"]}]},{"@type":"ImageObject","inLanguage":"tr","@id":"https:\/\/jinsuncarbon.com\/product\/flake-graphite\/#primaryimage","url":"https:\/\/jinsuncarbon.com\/wp-content\/uploads\/2024\/10\/Graphite-Flakes-1.jpg","contentUrl":"https:\/\/jinsuncarbon.com\/wp-content\/uploads\/2024\/10\/Graphite-Flakes-1.jpg","width":1024,"height":736,"caption":"Graphite Flakes - Jinsuncarbon"},{"@type":"BreadcrumbList","@id":"https:\/\/jinsuncarbon.com\/product\/flake-graphite\/#breadcrumb","itemListElement":[{"@type":"ListItem","position":1,"name":"Home","item":"https:\/\/jinsuncarbon.com\/"},{"@type":"ListItem","position":2,"name":"Products","item":"https:\/\/jinsuncarbon.com\/graphite-carbon\/"},{"@type":"ListItem","position":3,"name":"Graphite Flakes"}]},{"@type":"WebSite","@id":"https:\/\/jinsuncarbon.com\/#website","url":"https:\/\/jinsuncarbon.com\/","name":"Jinsun Karbon","description":"\u00c7in'deki ba\u015far\u0131l\u0131 grafit elektrot \u00fcreticisiyiz","publisher":{"@id":"https:\/\/jinsuncarbon.com\/#organization"},"potentialAction":[{"@type":"SearchAction","target":{"@type":"EntryPoint","urlTemplate":"https:\/\/jinsuncarbon.com\/?s={search_term_string}"},"query-input":{"@type":"PropertyValueSpecification","valueRequired":true,"valueName":"search_term_string"}}],"inLanguage":"tr"},{"@type":"Organization","@id":"https:\/\/jinsuncarbon.com\/#organization","name":"Jinsun Karbon","alternateName":"Jinsun Carbon","url":"https:\/\/jinsuncarbon.com\/","logo":{"@type":"ImageObject","inLanguage":"tr","@id":"https:\/\/jinsuncarbon.com\/#\/schema\/logo\/image\/","url":"https:\/\/jinsuncarbon.com\/wp-content\/uploads\/2022\/12\/LOGO-1.png","contentUrl":"https:\/\/jinsuncarbon.com\/wp-content\/uploads\/2022\/12\/LOGO-1.png","width":207,"height":80,"caption":"Jinsun Carbon"},"image":{"@id":"https:\/\/jinsuncarbon.com\/#\/schema\/logo\/image\/"},"sameAs":["https:\/\/www.facebook.com\/Graphite-Electrode-109336238661595","https:\/\/x.com\/jinsuncarbon_","https:\/\/www.linkedin.com\/in\/jinsungraphite","https:\/\/www.youtube.com\/channel\/UCysDNyvyR5-3cCWEmpkVC0g"]}]}},"_links":{"self":[{"href":"https:\/\/jinsuncarbon.com\/tr\/wp-json\/wp\/v2\/product\/6275","targetHints":{"allow":["GET"]}}],"collection":[{"href":"https:\/\/jinsuncarbon.com\/tr\/wp-json\/wp\/v2\/product"}],"about":[{"href":"https:\/\/jinsuncarbon.com\/tr\/wp-json\/wp\/v2\/types\/product"}],"wp:featuredmedia":[{"embeddable":true,"href":"https:\/\/jinsuncarbon.com\/tr\/wp-json\/wp\/v2\/media\/6280"}],"wp:attachment":[{"href":"https:\/\/jinsuncarbon.com\/tr\/wp-json\/wp\/v2\/media?parent=6275"}],"wp:term":[{"taxonomy":"product_brand","embeddable":true,"href":"https:\/\/jinsuncarbon.com\/tr\/wp-json\/wp\/v2\/product_brand?post=6275"},{"taxonomy":"product_cat","embeddable":true,"href":"https:\/\/jinsuncarbon.com\/tr\/wp-json\/wp\/v2\/product_cat?post=6275"},{"taxonomy":"product_tag","embeddable":true,"href":"https:\/\/jinsuncarbon.com\/tr\/wp-json\/wp\/v2\/product_tag?post=6275"}],"curies":[{"name":"wp","href":"https:\/\/api.w.org\/{rel}","templated":true}]}}