{"id":5277,"date":"2024-06-07T02:45:39","date_gmt":"2024-06-07T02:45:39","guid":{"rendered":"https:\/\/jinsuncarbon.com\/?post_type=product&#038;p=5277"},"modified":"2024-10-24T03:20:06","modified_gmt":"2024-10-24T03:20:06","slug":"grafi%cc%87t-urunler","status":"publish","type":"product","link":"https:\/\/jinsuncarbon.com\/tr\/urun\/grafi%cc%87t-urunler\/","title":{"rendered":"Grafit \u00fcr\u00fcnler"},"content":{"rendered":"<h3>End\u00fcstriyel \u00fcretim alan\u0131nda grafit \u00fcr\u00fcnleri genellikle i\u015flevlerine ve kullan\u0131m alanlar\u0131na g\u00f6re s\u0131n\u0131fland\u0131r\u0131r\u0131z.<\/h3>\n<p>1) Yar\u0131 iletkenler, elektronik, elektrik m\u00fchendisli\u011fi ve ileti\u015fim i\u00e7in grafit \u00fcr\u00fcnler.<\/p>\n<p>Yar\u0131 iletken end\u00fcstrisi geli\u015fmekte olan bir bilim ve teknolojidir ve yar\u0131 iletken end\u00fcstrisi esas olarak tek kristal f\u0131r\u0131n \u0131s\u0131tma sistemleri, elektronik cihaz sinterleme kal\u0131plar\u0131, trist\u00f6r sinterleme kal\u0131plar\u0131 vb. \u00fcretmek i\u00e7in y\u00fcksek safl\u0131kta grafit malzemeler kullan\u0131r.<\/p>\n<p>Telekom\u00fcnikasyon m\u00fchendisli\u011fi, optik fiberler, telefon vericileri ve paratonerler i\u00e7in karbon levhalar\u0131 i\u00e7erir.<\/p>\n<p>2) Havac\u0131l\u0131k ve askeri sanayi Karbon grafit malzemeler, y\u00fcksek s\u0131cakl\u0131k direnci (oksijensiz ko\u015fullar alt\u0131nda) gibi bir\u00e7ok m\u00fckemmel \u00f6zelli\u011fe sahiptir.<\/p>\n<p>Y\u00fcksek s\u0131cakl\u0131klarda y\u00fcksek mekanik mukavemet, hafiflik ve belirli dalgalar\u0131n iyi emilimi, bu nedenle havac\u0131l\u0131k ve askeri alanlarda yayg\u0131n olarak kullan\u0131l\u0131rlar. Roket motorlar\u0131nda, uzay mekiklerinde ve lityum-iyon piller gibi denizalt\u0131larda yayg\u0131n olarak kullan\u0131l\u0131rlar, <a href=\"https:\/\/jinsuncarbon.com\/tr\/urun\/karbon-firca\/\">f\u0131r\u00e7alar<\/a>, ki\u015filer, vb.<\/p>\n<p><img fetchpriority=\"high\" decoding=\"async\" class=\"alignnone wp-image-4463\" src=\"https:\/\/jinsuncarbon.com\/wp-content\/uploads\/2023\/01\/Electrolysis.jpg\" alt=\"Elektroliz\" width=\"386\" height=\"253\" srcset=\"https:\/\/jinsuncarbon.com\/wp-content\/uploads\/2023\/01\/Electrolysis.jpg 1080w, https:\/\/jinsuncarbon.com\/wp-content\/uploads\/2023\/01\/Electrolysis-600x394.jpg 600w, https:\/\/jinsuncarbon.com\/wp-content\/uploads\/2023\/01\/Electrolysis-300x197.jpg 300w, https:\/\/jinsuncarbon.com\/wp-content\/uploads\/2023\/01\/Electrolysis-1024x672.jpg 1024w, https:\/\/jinsuncarbon.com\/wp-content\/uploads\/2023\/01\/Electrolysis-768x504.jpg 768w, https:\/\/jinsuncarbon.com\/wp-content\/uploads\/2023\/01\/Electrolysis-18x12.jpg 18w\" sizes=\"(max-width: 386px) 100vw, 386px\" \/> <img decoding=\"async\" class=\"alignnone wp-image-4450\" src=\"https:\/\/jinsuncarbon.com\/wp-content\/uploads\/2023\/01\/Aerospace-industry.jpg\" alt=\"Havac\u0131l\u0131k ve uzay end\u00fcstrisi\" width=\"448\" height=\"253\" srcset=\"https:\/\/jinsuncarbon.com\/wp-content\/uploads\/2023\/01\/Aerospace-industry.jpg 1080w, https:\/\/jinsuncarbon.com\/wp-content\/uploads\/2023\/01\/Aerospace-industry-600x339.jpg 600w, https:\/\/jinsuncarbon.com\/wp-content\/uploads\/2023\/01\/Aerospace-industry-300x169.jpg 300w, https:\/\/jinsuncarbon.com\/wp-content\/uploads\/2023\/01\/Aerospace-industry-1024x578.jpg 1024w, https:\/\/jinsuncarbon.com\/wp-content\/uploads\/2023\/01\/Aerospace-industry-768x434.jpg 768w, https:\/\/jinsuncarbon.com\/wp-content\/uploads\/2023\/01\/Aerospace-industry-18x10.jpg 18w\" sizes=\"(max-width: 448px) 100vw, 448px\" \/><\/p>\n<p>3) \u00c7elik \u00fcretim f\u0131r\u0131nlar\u0131 ve di\u011fer eritme f\u0131r\u0131nlar\u0131 i\u00e7in grafit elektrotlar.<\/p>\n<p>Elektrikli \u0131s\u0131tma i\u00e7in grafit elektrotlar refrakter iletkenlerdir ve f\u0131r\u0131n i\u00e7indeki reaksiyona kat\u0131lmazlar. \u00d6rne\u011fin, <a href=\"https:\/\/jinsuncarbon.com\/tr\/urun\/uhp-grafi%cc%87t-elektrot\/\">grafit elektrotlar<\/a> \u00e7elik \u00fcretimi i\u00e7in \u00e7o\u011funlukla d\u00fc\u015f\u00fck diren\u00e7 ve d\u00fc\u015f\u00fck mukavemet ve k\u00fcl i\u00e7eri\u011fi gerektirir.<\/p>\n<p>\u00c7\u00fcnk\u00fc sarf elektrot taraf\u0131ndan s\u0131zan kirlilikler f\u0131r\u0131n \u0131s\u0131s\u0131 taraf\u0131ndan ayr\u0131\u015ft\u0131r\u0131labilir veya c\u00fcrufla birlikte uzakla\u015ft\u0131r\u0131labilir. Grafit elektrotlar \u00e7elik, demir d\u0131\u015f\u0131 metaller ve ala\u015f\u0131mlar\u0131n eritilmesinde ve ferroala\u015f\u0131mlar\u0131n \u00fcretiminde kullan\u0131l\u0131r.<\/p>\n<p>4) Kimya end\u00fcstrisi i\u00e7in grafit \u00fcr\u00fcnler farkl\u0131 kullan\u0131m gereksinimlerine g\u00f6re iki kategoriye ayr\u0131lm\u0131\u015ft\u0131r:<\/p>\n<p>Birincisi, \u00e7e\u015fitli kimyasal ekipman ve cihazlar yapmak i\u00e7in iyi korozyon direncine ve y\u00fcksek termal iletkenli\u011fe sahip grafit malzemeler kullanmakt\u0131r. \u00c7e\u015fitli \u0131s\u0131 e\u015fanj\u00f6rleri, santrif\u00fcj pompalar vb.<\/p>\n<p>\u0130kincisi, iyi elektrik iletkenli\u011fine ve korozyon direncine sahip grafit malzemelerin elektrot \u00fcretiminde kullan\u0131lmas\u0131d\u0131r. <a href=\"https:\/\/www.energy.gov\/eere\/fuelcells\/hydrogen-production-electrolysis\" target=\"_blank\" rel=\"noopener\">Elektroliz.<\/a> Klor-alkali end\u00fcstriyel diyafram tanklar\u0131 i\u00e7in grafit elektrotlar, i\u00e7me suyu ar\u0131tma ve kanalizasyon ar\u0131tma elektrotlar\u0131 gibi.<\/p>\n<p><img decoding=\"async\" class=\"alignnone wp-image-5374\" src=\"https:\/\/jinsuncarbon.com\/wp-content\/uploads\/2024\/06\/eaf.jpeg\" alt=\"eaf elektrotlar\u0131\" width=\"377\" height=\"253\" srcset=\"https:\/\/jinsuncarbon.com\/wp-content\/uploads\/2024\/06\/eaf.jpeg 690w, https:\/\/jinsuncarbon.com\/wp-content\/uploads\/2024\/06\/eaf-600x403.jpeg 600w, https:\/\/jinsuncarbon.com\/wp-content\/uploads\/2024\/06\/eaf-300x201.jpeg 300w, https:\/\/jinsuncarbon.com\/wp-content\/uploads\/2024\/06\/eaf-18x12.jpeg 18w\" sizes=\"(max-width: 377px) 100vw, 377px\" \/> <img loading=\"lazy\" decoding=\"async\" class=\"alignnone wp-image-5375\" src=\"https:\/\/jinsuncarbon.com\/wp-content\/uploads\/2024\/06\/chemical-industry.jpg\" alt=\"\" width=\"390\" height=\"253\" srcset=\"https:\/\/jinsuncarbon.com\/wp-content\/uploads\/2024\/06\/chemical-industry.jpg 1080w, https:\/\/jinsuncarbon.com\/wp-content\/uploads\/2024\/06\/chemical-industry-600x389.jpg 600w, https:\/\/jinsuncarbon.com\/wp-content\/uploads\/2024\/06\/chemical-industry-300x194.jpg 300w, https:\/\/jinsuncarbon.com\/wp-content\/uploads\/2024\/06\/chemical-industry-1024x664.jpg 1024w, https:\/\/jinsuncarbon.com\/wp-content\/uploads\/2024\/06\/chemical-industry-768x498.jpg 768w, https:\/\/jinsuncarbon.com\/wp-content\/uploads\/2024\/06\/chemical-industry-18x12.jpg 18w\" sizes=\"(max-width: 390px) 100vw, 390px\" \/><\/p>","protected":false},"excerpt":{"rendered":"<p>Grafit malzemeler, mekanik i\u015flemlerden sonra, do\u011fru boyutlara, p\u00fcr\u00fczs\u00fczl\u00fc\u011fe ve toleranslara sahip son \u00fcr\u00fcnler olarak do\u011frudan kullan\u0131labilir, bunlara grafit \u00fcr\u00fcnler diyoruz. \u00d6rne\u011fin, izostatik olarak preslenmi\u015f malzemeler, tek kristal silikon f\u0131r\u0131nlar\u0131 i\u00e7in \u0131s\u0131t\u0131c\u0131lar\u0131, yal\u0131t\u0131m varillerini, grafit elektrotlar\u0131 vb. i\u015flemek i\u00e7in kullan\u0131l\u0131yorsa, bunlara grafit \u00fcr\u00fcnler veya grafit par\u00e7alar denilebilir.<\/p>","protected":false},"featured_media":3028,"template":"","meta":[],"product_brand":[],"product_cat":[38],"product_tag":[],"class_list":{"0":"post-5277","1":"product","2":"type-product","3":"status-publish","4":"has-post-thumbnail","6":"product_cat-graphite-products","8":"first","9":"instock","10":"shipping-taxable","11":"product-type-simple"},"yoast_head":"<!-- This site is optimized with the Yoast SEO Premium plugin v19.2.1 (Yoast SEO v25.3) - https:\/\/yoast.com\/wordpress\/plugins\/seo\/ -->\n<title>Graphite Product Manufacturers | Jinsun Carbon<\/title>\n<meta name=\"description\" content=\"Graphite products are widely used in the field of industrial production. Usually we classify graphite products according to their functions and uses.\" \/>\n<meta name=\"robots\" content=\"index, follow, max-snippet:-1, max-image-preview:large, max-video-preview:-1\" \/>\n<link rel=\"canonical\" href=\"https:\/\/jinsuncarbon.com\/tr\/urun\/grafi\u0307t-urunler\/\" \/>\n<meta property=\"og:locale\" content=\"tr_TR\" \/>\n<meta property=\"og:type\" content=\"article\" \/>\n<meta property=\"og:title\" content=\"Graphite products\" \/>\n<meta property=\"og:description\" content=\"Graphite products are widely used in the field of industrial production. Usually we classify graphite products according to their functions and uses.\" \/>\n<meta property=\"og:url\" content=\"https:\/\/jinsuncarbon.com\/tr\/urun\/grafi\u0307t-urunler\/\" \/>\n<meta property=\"og:site_name\" content=\"Jinsun Carbon\" \/>\n<meta property=\"article:publisher\" content=\"https:\/\/www.facebook.com\/Graphite-Electrode-109336238661595\" \/>\n<meta property=\"article:modified_time\" content=\"2024-10-24T03:20:06+00:00\" \/>\n<meta property=\"og:image\" content=\"https:\/\/jinsuncarbon.com\/wp-content\/uploads\/2023\/03\/3bac9f0f269b8be95137179f808dead.jpg\" \/>\n\t<meta property=\"og:image:width\" content=\"1024\" \/>\n\t<meta property=\"og:image:height\" content=\"680\" \/>\n\t<meta property=\"og:image:type\" content=\"image\/jpeg\" \/>\n<meta name=\"twitter:card\" content=\"summary_large_image\" \/>\n<meta name=\"twitter:site\" content=\"@jinsuncarbon_\" \/>\n<meta name=\"twitter:label1\" content=\"Tahmini okuma s\u00fcresi\" \/>\n\t<meta name=\"twitter:data1\" content=\"3 dakika\" \/>\n<script type=\"application\/ld+json\" class=\"yoast-schema-graph\">{\"@context\":\"https:\/\/schema.org\",\"@graph\":[{\"@type\":\"WebPage\",\"@id\":\"https:\/\/jinsuncarbon.com\/product\/graphite-products\/\",\"url\":\"https:\/\/jinsuncarbon.com\/product\/graphite-products\/\",\"name\":\"Graphite Product Manufacturers | Jinsun Carbon\",\"isPartOf\":{\"@id\":\"https:\/\/jinsuncarbon.com\/#website\"},\"primaryImageOfPage\":{\"@id\":\"https:\/\/jinsuncarbon.com\/product\/graphite-products\/#primaryimage\"},\"image\":{\"@id\":\"https:\/\/jinsuncarbon.com\/product\/graphite-products\/#primaryimage\"},\"thumbnailUrl\":\"https:\/\/jinsuncarbon.com\/wp-content\/uploads\/2023\/03\/3bac9f0f269b8be95137179f808dead.jpg\",\"datePublished\":\"2024-06-07T02:45:39+00:00\",\"dateModified\":\"2024-10-24T03:20:06+00:00\",\"description\":\"Graphite products are widely used in the field of industrial production. Usually we classify graphite products according to their functions and uses.\",\"breadcrumb\":{\"@id\":\"https:\/\/jinsuncarbon.com\/product\/graphite-products\/#breadcrumb\"},\"inLanguage\":\"tr\",\"potentialAction\":[{\"@type\":\"ReadAction\",\"target\":[\"https:\/\/jinsuncarbon.com\/product\/graphite-products\/\"]}]},{\"@type\":\"ImageObject\",\"inLanguage\":\"tr\",\"@id\":\"https:\/\/jinsuncarbon.com\/product\/graphite-products\/#primaryimage\",\"url\":\"https:\/\/jinsuncarbon.com\/wp-content\/uploads\/2023\/03\/3bac9f0f269b8be95137179f808dead.jpg\",\"contentUrl\":\"https:\/\/jinsuncarbon.com\/wp-content\/uploads\/2023\/03\/3bac9f0f269b8be95137179f808dead.jpg\",\"width\":1024,\"height\":680,\"caption\":\"Graphite product -Jinsun Carbon\"},{\"@type\":\"BreadcrumbList\",\"@id\":\"https:\/\/jinsuncarbon.com\/product\/graphite-products\/#breadcrumb\",\"itemListElement\":[{\"@type\":\"ListItem\",\"position\":1,\"name\":\"Home\",\"item\":\"https:\/\/jinsuncarbon.com\/\"},{\"@type\":\"ListItem\",\"position\":2,\"name\":\"Products\",\"item\":\"https:\/\/jinsuncarbon.com\/graphite-carbon\/\"},{\"@type\":\"ListItem\",\"position\":3,\"name\":\"Graphite products\"}]},{\"@type\":\"WebSite\",\"@id\":\"https:\/\/jinsuncarbon.com\/#website\",\"url\":\"https:\/\/jinsuncarbon.com\/\",\"name\":\"Jinsun Carbon\",\"description\":\"We are the successful graphite electrode manufacturer in China\",\"publisher\":{\"@id\":\"https:\/\/jinsuncarbon.com\/#organization\"},\"potentialAction\":[{\"@type\":\"SearchAction\",\"target\":{\"@type\":\"EntryPoint\",\"urlTemplate\":\"https:\/\/jinsuncarbon.com\/?s={search_term_string}\"},\"query-input\":{\"@type\":\"PropertyValueSpecification\",\"valueRequired\":true,\"valueName\":\"search_term_string\"}}],\"inLanguage\":\"tr\"},{\"@type\":\"Organization\",\"@id\":\"https:\/\/jinsuncarbon.com\/#organization\",\"name\":\"Jinsun Carbon\",\"alternateName\":\"Jinsun Carbon\",\"url\":\"https:\/\/jinsuncarbon.com\/\",\"logo\":{\"@type\":\"ImageObject\",\"inLanguage\":\"tr\",\"@id\":\"https:\/\/jinsuncarbon.com\/#\/schema\/logo\/image\/\",\"url\":\"https:\/\/jinsuncarbon.com\/wp-content\/uploads\/2022\/12\/LOGO-1.png\",\"contentUrl\":\"https:\/\/jinsuncarbon.com\/wp-content\/uploads\/2022\/12\/LOGO-1.png\",\"width\":207,\"height\":80,\"caption\":\"Jinsun Carbon\"},\"image\":{\"@id\":\"https:\/\/jinsuncarbon.com\/#\/schema\/logo\/image\/\"},\"sameAs\":[\"https:\/\/www.facebook.com\/Graphite-Electrode-109336238661595\",\"https:\/\/x.com\/jinsuncarbon_\",\"https:\/\/www.linkedin.com\/in\/jinsungraphite\",\"https:\/\/www.youtube.com\/channel\/UCysDNyvyR5-3cCWEmpkVC0g\"]}]}<\/script>\n<!-- \/ Yoast SEO Premium plugin. -->","yoast_head_json":{"title":"Grafit \u00dcr\u00fcn \u00dcreticileri | Jinsun Carbon","description":"Grafit \u00fcr\u00fcnler end\u00fcstriyel \u00fcretim alan\u0131nda yayg\u0131n olarak kullan\u0131lmaktad\u0131r. Genellikle grafit \u00fcr\u00fcnleri i\u015flevlerine ve kullan\u0131m alanlar\u0131na g\u00f6re s\u0131n\u0131fland\u0131r\u0131r\u0131z.","robots":{"index":"index","follow":"follow","max-snippet":"max-snippet:-1","max-image-preview":"max-image-preview:large","max-video-preview":"max-video-preview:-1"},"canonical":"https:\/\/jinsuncarbon.com\/tr\/urun\/grafi\u0307t-urunler\/","og_locale":"tr_TR","og_type":"article","og_title":"Graphite products","og_description":"Graphite products are widely used in the field of industrial production. Usually we classify graphite products according to their functions and uses.","og_url":"https:\/\/jinsuncarbon.com\/tr\/urun\/grafi\u0307t-urunler\/","og_site_name":"Jinsun Carbon","article_publisher":"https:\/\/www.facebook.com\/Graphite-Electrode-109336238661595","article_modified_time":"2024-10-24T03:20:06+00:00","og_image":[{"width":1024,"height":680,"url":"https:\/\/jinsuncarbon.com\/wp-content\/uploads\/2023\/03\/3bac9f0f269b8be95137179f808dead.jpg","type":"image\/jpeg"}],"twitter_card":"summary_large_image","twitter_site":"@jinsuncarbon_","twitter_misc":{"Tahmini okuma s\u00fcresi":"3 dakika"},"schema":{"@context":"https:\/\/schema.org","@graph":[{"@type":"WebPage","@id":"https:\/\/jinsuncarbon.com\/product\/graphite-products\/","url":"https:\/\/jinsuncarbon.com\/product\/graphite-products\/","name":"Grafit \u00dcr\u00fcn \u00dcreticileri | Jinsun Carbon","isPartOf":{"@id":"https:\/\/jinsuncarbon.com\/#website"},"primaryImageOfPage":{"@id":"https:\/\/jinsuncarbon.com\/product\/graphite-products\/#primaryimage"},"image":{"@id":"https:\/\/jinsuncarbon.com\/product\/graphite-products\/#primaryimage"},"thumbnailUrl":"https:\/\/jinsuncarbon.com\/wp-content\/uploads\/2023\/03\/3bac9f0f269b8be95137179f808dead.jpg","datePublished":"2024-06-07T02:45:39+00:00","dateModified":"2024-10-24T03:20:06+00:00","description":"Grafit \u00fcr\u00fcnler end\u00fcstriyel \u00fcretim alan\u0131nda yayg\u0131n olarak kullan\u0131lmaktad\u0131r. Genellikle grafit \u00fcr\u00fcnleri i\u015flevlerine ve kullan\u0131m alanlar\u0131na g\u00f6re s\u0131n\u0131fland\u0131r\u0131r\u0131z.","breadcrumb":{"@id":"https:\/\/jinsuncarbon.com\/product\/graphite-products\/#breadcrumb"},"inLanguage":"tr","potentialAction":[{"@type":"ReadAction","target":["https:\/\/jinsuncarbon.com\/product\/graphite-products\/"]}]},{"@type":"ImageObject","inLanguage":"tr","@id":"https:\/\/jinsuncarbon.com\/product\/graphite-products\/#primaryimage","url":"https:\/\/jinsuncarbon.com\/wp-content\/uploads\/2023\/03\/3bac9f0f269b8be95137179f808dead.jpg","contentUrl":"https:\/\/jinsuncarbon.com\/wp-content\/uploads\/2023\/03\/3bac9f0f269b8be95137179f808dead.jpg","width":1024,"height":680,"caption":"Graphite product -Jinsun Carbon"},{"@type":"BreadcrumbList","@id":"https:\/\/jinsuncarbon.com\/product\/graphite-products\/#breadcrumb","itemListElement":[{"@type":"ListItem","position":1,"name":"Home","item":"https:\/\/jinsuncarbon.com\/"},{"@type":"ListItem","position":2,"name":"Products","item":"https:\/\/jinsuncarbon.com\/graphite-carbon\/"},{"@type":"ListItem","position":3,"name":"Graphite products"}]},{"@type":"WebSite","@id":"https:\/\/jinsuncarbon.com\/#website","url":"https:\/\/jinsuncarbon.com\/","name":"Jinsun Karbon","description":"\u00c7in'deki ba\u015far\u0131l\u0131 grafit elektrot \u00fcreticisiyiz","publisher":{"@id":"https:\/\/jinsuncarbon.com\/#organization"},"potentialAction":[{"@type":"SearchAction","target":{"@type":"EntryPoint","urlTemplate":"https:\/\/jinsuncarbon.com\/?s={search_term_string}"},"query-input":{"@type":"PropertyValueSpecification","valueRequired":true,"valueName":"search_term_string"}}],"inLanguage":"tr"},{"@type":"Organization","@id":"https:\/\/jinsuncarbon.com\/#organization","name":"Jinsun Karbon","alternateName":"Jinsun Carbon","url":"https:\/\/jinsuncarbon.com\/","logo":{"@type":"ImageObject","inLanguage":"tr","@id":"https:\/\/jinsuncarbon.com\/#\/schema\/logo\/image\/","url":"https:\/\/jinsuncarbon.com\/wp-content\/uploads\/2022\/12\/LOGO-1.png","contentUrl":"https:\/\/jinsuncarbon.com\/wp-content\/uploads\/2022\/12\/LOGO-1.png","width":207,"height":80,"caption":"Jinsun Carbon"},"image":{"@id":"https:\/\/jinsuncarbon.com\/#\/schema\/logo\/image\/"},"sameAs":["https:\/\/www.facebook.com\/Graphite-Electrode-109336238661595","https:\/\/x.com\/jinsuncarbon_","https:\/\/www.linkedin.com\/in\/jinsungraphite","https:\/\/www.youtube.com\/channel\/UCysDNyvyR5-3cCWEmpkVC0g"]}]}},"_links":{"self":[{"href":"https:\/\/jinsuncarbon.com\/tr\/wp-json\/wp\/v2\/product\/5277","targetHints":{"allow":["GET"]}}],"collection":[{"href":"https:\/\/jinsuncarbon.com\/tr\/wp-json\/wp\/v2\/product"}],"about":[{"href":"https:\/\/jinsuncarbon.com\/tr\/wp-json\/wp\/v2\/types\/product"}],"wp:featuredmedia":[{"embeddable":true,"href":"https:\/\/jinsuncarbon.com\/tr\/wp-json\/wp\/v2\/media\/3028"}],"wp:attachment":[{"href":"https:\/\/jinsuncarbon.com\/tr\/wp-json\/wp\/v2\/media?parent=5277"}],"wp:term":[{"taxonomy":"product_brand","embeddable":true,"href":"https:\/\/jinsuncarbon.com\/tr\/wp-json\/wp\/v2\/product_brand?post=5277"},{"taxonomy":"product_cat","embeddable":true,"href":"https:\/\/jinsuncarbon.com\/tr\/wp-json\/wp\/v2\/product_cat?post=5277"},{"taxonomy":"product_tag","embeddable":true,"href":"https:\/\/jinsuncarbon.com\/tr\/wp-json\/wp\/v2\/product_tag?post=5277"}],"curies":[{"name":"wp","href":"https:\/\/api.w.org\/{rel}","templated":true}]}}