{"id":4824,"date":"2024-03-18T13:59:47","date_gmt":"2024-03-18T13:59:47","guid":{"rendered":"https:\/\/jinsuncarbon.com\/?post_type=product&#038;p=4824"},"modified":"2025-03-08T06:39:46","modified_gmt":"2025-03-08T06:39:46","slug":"karbon-yukseltici","status":"publish","type":"product","link":"https:\/\/jinsuncarbon.com\/tr\/urun\/karbon-yukseltici\/","title":{"rendered":"Karbon Y\u00fckseltici"},"content":{"rendered":"<h2>Karbon y\u00fckseltici kullan\u0131mlar\u0131<\/h2>\n<p>1. \u00c7elik eritme i\u015flemi s\u0131ras\u0131nda kaybedilen karbon i\u00e7eri\u011fini telafi etmek ve erimi\u015f demirdeki karbon i\u00e7eri\u011fini art\u0131rmak.<\/p>\n<p>2. D\u00f6k\u00fcmlerin \u00e7ekme dayan\u0131m\u0131, sertlik, a\u015f\u0131nma direnci ve yorulma s\u0131n\u0131r\u0131 gibi mekanik \u00f6zelliklerini iyile\u015ftirir.<\/p>\n<p>3. D\u00f6k\u00fcm metaldeki karbon ve ala\u015f\u0131m elementlerinin da\u011f\u0131l\u0131m\u0131n\u0131 iyile\u015ftirerek d\u00f6k\u00fcmdeki yap\u0131y\u0131 yo\u011fun ve bile\u015fimde tekd\u00fcze hale getirir.<\/p>\n<p>4. Olu\u015fan c\u00fcruf miktar\u0131n\u0131 azalt\u0131n, c\u00fcruf giderme i\u015flemlerini basitle\u015ftirin ve d\u00f6k\u00fcm verimlili\u011fini art\u0131r\u0131n.<\/p>\n<p>5. Erimi\u015f metalin ak\u0131\u015fkanl\u0131\u011f\u0131n\u0131 art\u0131r\u0131r ve erimi\u015f demirin bile\u015fimini stabilize eder.<\/p>\n<h2>Karbon y\u00fckseltici t\u00fcrleri<\/h2>\n<ul>\n<li>\u00a0<strong>Petrol kok karbon y\u00fckseltici<\/strong><\/li>\n<\/ul>\n<p>Petrol kokunun kalsine edilmesi ve safla\u015ft\u0131r\u0131lmas\u0131yla i\u015flenir ve yuvarlak veya \u00e7okgen bir g\u00f6r\u00fcn\u00fcme sahiptir. Metalurji, kimya end\u00fcstrisi, makine, elektrik enerjisi ve di\u011fer end\u00fcstrilerde ideal bir karbon katk\u0131l\u0131 malzeme ve reaksiyon ara \u00fcr\u00fcn\u00fcd\u00fcr ve yayg\u0131n olarak kullan\u0131lmaktad\u0131r.<\/p>\n<ul>\n<li><strong>Metalurjik kok<\/strong><\/li>\n<\/ul>\n<p>Genellikle kupol f\u0131r\u0131nlar\u0131nda kullan\u0131labilirler. Eritmenin yan\u0131 s\u0131ra, karbon farkl\u0131 metal y\u00fckleri olarak kullan\u0131ld\u0131\u011f\u0131 i\u00e7in rol\u00fc de incelenmektedir.<\/p>\n<ul>\n<li><strong>\u00a0Kalsine k\u00f6m\u00fcr<\/strong><\/li>\n<\/ul>\n<p>Genel bile\u015fimi c90-93%, s0.3-0.5%'dir. A\u011f\u0131rl\u0131kl\u0131 olarak<a href=\"https:\/\/corporate.arcelormittal.com\/about\/making-steel#:~:text=Steel%20is%20made%20from%20iron,the%20electric%20arc%20furnace%20route.\" target=\"_blank\" rel=\"noopener\"> \u00c7EL\u0130K \u00dcRET\u0130M\u0130<\/a> i\u015fletmeler.<\/p>\n<ul>\n<li><strong>Grafitlenmi\u015f karbon y\u00fckseltici<\/strong><\/li>\n<\/ul>\n<p>Ana malzemeler grafitle\u015ftirilmi\u015f petrol kok k\u00f6m\u00fcr\u00fc ve <a href=\"https:\/\/jinsuncarbon.com\/tr\/urun\/grafit-elektrot\/\">grafit elektrotlar<\/a>. Genel bile\u015fimi ise karbon i\u00e7eri\u011fi 98-99,5%; k\u00fck\u00fcrt 0,05-0,03%'dir. H\u0131zl\u0131 emilim, y\u00fcksek karbon i\u00e7eri\u011fi ve d\u00fc\u015f\u00fck s\u00fclf\u00fcr i\u00e7eri\u011fi ile karakterizedir. Esas olarak s\u00fcnek demirde kullan\u0131l\u0131r.<\/p>\n<ul>\n<li>\u00a0<strong>Do\u011fal grafitli<\/strong><\/li>\n<\/ul>\n<p>\u00c7o\u011funlukla <a href=\"https:\/\/jinsuncarbon.com\/tr\/urun\/dogal-pul-grafit\/\">do\u011fal grafit<\/a>65%-99% karbon i\u00e7eri\u011fine sahiptir. Esas olarak d\u00f6k\u00fcmhanelerde de\u011fil, \u00e7elik fabrikalar\u0131nda kullan\u0131l\u0131r.<\/p>\n<h2>End\u00fcstriyel Uygulamalar<\/h2>\n<p>1. \u00c7elik \u00fcretim end\u00fcstrisi: Karb\u00fcrizat\u00f6rlerin katk\u0131 maddesi olarak kullan\u0131lmas\u0131, erimi\u015f \u00e7elikteki karbon i\u00e7eri\u011fini etkili bir \u015fekilde art\u0131rabilir ve \u00e7eli\u011fin fiziksel ve mekanik \u00f6zelliklerini iyile\u015ftirebilir. M\u00fckemmel performansa sahip \u00e7elik elde etmek i\u00e7in.<\/p>\n<p>2. D\u00f6k\u00fcm end\u00fcstrisi: Orijinal eritme metal hammaddelerinin karbon i\u00e7eri\u011fi genellikle d\u00fc\u015f\u00fckt\u00fcr. D\u00f6k\u00fcmlerin karbon i\u00e7eri\u011fini etkili bir \u015fekilde art\u0131rabilir, organizasyonel yap\u0131lar\u0131n\u0131 ve mekanik \u00f6zelliklerini iyile\u015ftirebilirler. D\u00f6k\u00fcmlerin mekanik mukavemetini ve a\u015f\u0131nma direncini artt\u0131r\u0131r.<\/p>\n<p>3. Eritme end\u00fcstrisi: Eritme i\u015flemi s\u0131ras\u0131nda, karb\u00fcrizat\u00f6rlerin kullan\u0131m\u0131 safs\u0131zl\u0131k i\u00e7eri\u011fini etkili bir \u015fekilde azaltabilir ve ak\u0131n\u0131n ak\u0131\u015fkanl\u0131\u011f\u0131n\u0131 art\u0131rabilir. Ayn\u0131 zamanda, eritme i\u015fleminin \u00fcretim verimlili\u011fini art\u0131rabilir ve enerji t\u00fcketimini azaltabilir.<\/p>\n<p>4. Makine imalat\u0131: Ya\u011flay\u0131c\u0131 ve a\u015f\u0131nmaya dayan\u0131kl\u0131 bir malzeme olarak, mekanik par\u00e7alar\u0131n a\u015f\u0131nma direncini, performans\u0131n\u0131 ve \u00f6mr\u00fcn\u00fc art\u0131rabilir.<\/p>\n<p>5. Havac\u0131l\u0131k ve uzay end\u00fcstrisi: Bununla \u00fcretilen karbon malzemeler, y\u00fcksek mukavemet, y\u00fcksek iletkenlik ve y\u00fcksek s\u0131cakl\u0131k kararl\u0131l\u0131\u011f\u0131 gibi m\u00fckemmel \u00f6zelliklere sahiptir, bu nedenle yayg\u0131n olarak kullan\u0131l\u0131rlar.<\/p>\n<p>Bir karb\u00fcrat\u00f6r \u00fcreticisi olarak Jinsun, \u00fcretim ihtiya\u00e7lar\u0131n\u0131z\u0131 kar\u015f\u0131lamak i\u00e7in y\u00fcksek kaliteli \u00e7elik, d\u00f6kme demir ve ala\u015f\u0131m \u00fcretiminiz i\u00e7in y\u00fcksek kaliteli \u00fcr\u00fcnler tedarik edecektir.<\/p>","protected":false},"excerpt":{"rendered":"<p>Karbon y\u00fckseltici, d\u00fc\u015f\u00fck s\u00fclf\u00fcrl\u00fc ve d\u00fc\u015f\u00fck k\u00fcll\u00fc bir t\u00fcr karbon i\u00e7eren maddedir. \u00c7eli\u011fin eritme s\u00fcrecinde kaybedilen karbon i\u00e7eri\u011fini telafi etmek i\u00e7in kullan\u0131l\u0131rken, \u00e7eli\u011fin mukavemetini ve di\u011fer \u00f6zelliklerini geli\u015ftirir.<\/p>\n<p>\u00c7elik \u00fcr\u00fcnlerin eritme i\u015flemi s\u0131ras\u0131nda, uzun eritme s\u00fcresi ve \u0131s\u0131 koruma s\u00fcresi nedeniyle, erimi\u015f demirdeki karbon i\u00e7eri\u011fi \u00f6nemli \u00f6l\u00e7\u00fcde kaybolabilir, bu da erimi\u015f demirdeki karbon i\u00e7eri\u011finin azalmas\u0131na ve eaf \u00e7elik \u00fcretimi i\u00e7in beklenen de\u011feri kar\u015f\u0131layamamas\u0131na neden olur. Karbon i\u00e7eri\u011findeki bu kayb\u0131 telafi etmek i\u00e7in karbon y\u00fckseltici eklenir.<\/p>","protected":false},"featured_media":4826,"template":"","meta":[],"product_brand":[],"product_cat":[39],"product_tag":[],"class_list":{"0":"post-4824","1":"product","2":"type-product","3":"status-publish","4":"has-post-thumbnail","6":"product_cat-carbon-products","8":"first","9":"instock","10":"shipping-taxable","11":"product-type-simple"},"yoast_head":"<!-- This site is optimized with the Yoast SEO Premium plugin v19.2.1 (Yoast SEO v25.3) - https:\/\/yoast.com\/wordpress\/plugins\/seo\/ -->\n<title>Carbon Raiser Manufacturer<\/title>\n<meta name=\"description\" content=\"Carbon raiser is a type of carbon-containing substance that is used to make up for the carbon content lost during the steel smelting process.\" \/>\n<meta name=\"robots\" content=\"index, follow, max-snippet:-1, max-image-preview:large, max-video-preview:-1\" \/>\n<link rel=\"canonical\" href=\"https:\/\/jinsuncarbon.com\/tr\/urun\/karbon-yukseltici\/\" \/>\n<meta property=\"og:locale\" content=\"tr_TR\" \/>\n<meta property=\"og:type\" content=\"article\" \/>\n<meta property=\"og:title\" content=\"Carbon Raiser\" \/>\n<meta property=\"og:description\" content=\"Carbon raiser is a type of carbon-containing substance that is used to make up for the carbon content lost during the steel smelting process.\" \/>\n<meta property=\"og:url\" content=\"https:\/\/jinsuncarbon.com\/tr\/urun\/karbon-yukseltici\/\" \/>\n<meta property=\"og:site_name\" content=\"Jinsun Carbon\" \/>\n<meta property=\"article:publisher\" content=\"https:\/\/www.facebook.com\/Graphite-Electrode-109336238661595\" \/>\n<meta property=\"article:modified_time\" content=\"2025-03-08T06:39:46+00:00\" \/>\n<meta property=\"og:image\" content=\"https:\/\/jinsuncarbon.com\/wp-content\/uploads\/2024\/03\/carbon-raiser.jpg\" \/>\n\t<meta property=\"og:image:width\" content=\"1024\" \/>\n\t<meta property=\"og:image:height\" content=\"680\" \/>\n\t<meta property=\"og:image:type\" content=\"image\/jpeg\" \/>\n<meta name=\"twitter:card\" content=\"summary_large_image\" \/>\n<meta name=\"twitter:site\" content=\"@jinsuncarbon_\" \/>\n<meta name=\"twitter:label1\" content=\"Tahmini okuma s\u00fcresi\" \/>\n\t<meta name=\"twitter:data1\" content=\"3 dakika\" \/>\n<script type=\"application\/ld+json\" class=\"yoast-schema-graph\">{\"@context\":\"https:\/\/schema.org\",\"@graph\":[{\"@type\":\"WebPage\",\"@id\":\"https:\/\/jinsuncarbon.com\/product\/carbon-raiser\/\",\"url\":\"https:\/\/jinsuncarbon.com\/product\/carbon-raiser\/\",\"name\":\"Carbon Raiser Manufacturer\",\"isPartOf\":{\"@id\":\"https:\/\/jinsuncarbon.com\/#website\"},\"primaryImageOfPage\":{\"@id\":\"https:\/\/jinsuncarbon.com\/product\/carbon-raiser\/#primaryimage\"},\"image\":{\"@id\":\"https:\/\/jinsuncarbon.com\/product\/carbon-raiser\/#primaryimage\"},\"thumbnailUrl\":\"https:\/\/jinsuncarbon.com\/wp-content\/uploads\/2024\/03\/carbon-raiser.jpg\",\"datePublished\":\"2024-03-18T13:59:47+00:00\",\"dateModified\":\"2025-03-08T06:39:46+00:00\",\"description\":\"Carbon raiser is a type of carbon-containing substance that is used to make up for the carbon content lost during the steel smelting process.\",\"breadcrumb\":{\"@id\":\"https:\/\/jinsuncarbon.com\/product\/carbon-raiser\/#breadcrumb\"},\"inLanguage\":\"tr\",\"potentialAction\":[{\"@type\":\"ReadAction\",\"target\":[\"https:\/\/jinsuncarbon.com\/product\/carbon-raiser\/\"]}]},{\"@type\":\"ImageObject\",\"inLanguage\":\"tr\",\"@id\":\"https:\/\/jinsuncarbon.com\/product\/carbon-raiser\/#primaryimage\",\"url\":\"https:\/\/jinsuncarbon.com\/wp-content\/uploads\/2024\/03\/carbon-raiser.jpg\",\"contentUrl\":\"https:\/\/jinsuncarbon.com\/wp-content\/uploads\/2024\/03\/carbon-raiser.jpg\",\"width\":1024,\"height\":680,\"caption\":\"carbon raiser\"},{\"@type\":\"BreadcrumbList\",\"@id\":\"https:\/\/jinsuncarbon.com\/product\/carbon-raiser\/#breadcrumb\",\"itemListElement\":[{\"@type\":\"ListItem\",\"position\":1,\"name\":\"Home\",\"item\":\"https:\/\/jinsuncarbon.com\/\"},{\"@type\":\"ListItem\",\"position\":2,\"name\":\"Products\",\"item\":\"https:\/\/jinsuncarbon.com\/graphite-carbon\/\"},{\"@type\":\"ListItem\",\"position\":3,\"name\":\"Carbon Raiser\"}]},{\"@type\":\"WebSite\",\"@id\":\"https:\/\/jinsuncarbon.com\/#website\",\"url\":\"https:\/\/jinsuncarbon.com\/\",\"name\":\"Jinsun Carbon\",\"description\":\"We are the successful graphite electrode manufacturer in China\",\"publisher\":{\"@id\":\"https:\/\/jinsuncarbon.com\/#organization\"},\"potentialAction\":[{\"@type\":\"SearchAction\",\"target\":{\"@type\":\"EntryPoint\",\"urlTemplate\":\"https:\/\/jinsuncarbon.com\/?s={search_term_string}\"},\"query-input\":{\"@type\":\"PropertyValueSpecification\",\"valueRequired\":true,\"valueName\":\"search_term_string\"}}],\"inLanguage\":\"tr\"},{\"@type\":\"Organization\",\"@id\":\"https:\/\/jinsuncarbon.com\/#organization\",\"name\":\"Jinsun Carbon\",\"alternateName\":\"Jinsun Carbon\",\"url\":\"https:\/\/jinsuncarbon.com\/\",\"logo\":{\"@type\":\"ImageObject\",\"inLanguage\":\"tr\",\"@id\":\"https:\/\/jinsuncarbon.com\/#\/schema\/logo\/image\/\",\"url\":\"https:\/\/jinsuncarbon.com\/wp-content\/uploads\/2022\/12\/LOGO-1.png\",\"contentUrl\":\"https:\/\/jinsuncarbon.com\/wp-content\/uploads\/2022\/12\/LOGO-1.png\",\"width\":207,\"height\":80,\"caption\":\"Jinsun Carbon\"},\"image\":{\"@id\":\"https:\/\/jinsuncarbon.com\/#\/schema\/logo\/image\/\"},\"sameAs\":[\"https:\/\/www.facebook.com\/Graphite-Electrode-109336238661595\",\"https:\/\/x.com\/jinsuncarbon_\",\"https:\/\/www.linkedin.com\/in\/jinsungraphite\",\"https:\/\/www.youtube.com\/channel\/UCysDNyvyR5-3cCWEmpkVC0g\"]}]}<\/script>\n<!-- \/ Yoast SEO Premium plugin. -->","yoast_head_json":{"title":"Karbon Y\u00fckseltici \u00dcreticisi","description":"Karbon y\u00fckseltici, \u00e7elik eritme i\u015flemi s\u0131ras\u0131nda kaybedilen karbon i\u00e7eri\u011fini telafi etmek i\u00e7in kullan\u0131lan bir t\u00fcr karbon i\u00e7eren maddedir.","robots":{"index":"index","follow":"follow","max-snippet":"max-snippet:-1","max-image-preview":"max-image-preview:large","max-video-preview":"max-video-preview:-1"},"canonical":"https:\/\/jinsuncarbon.com\/tr\/urun\/karbon-yukseltici\/","og_locale":"tr_TR","og_type":"article","og_title":"Carbon Raiser","og_description":"Carbon raiser is a type of carbon-containing substance that is used to make up for the carbon content lost during the steel smelting process.","og_url":"https:\/\/jinsuncarbon.com\/tr\/urun\/karbon-yukseltici\/","og_site_name":"Jinsun Carbon","article_publisher":"https:\/\/www.facebook.com\/Graphite-Electrode-109336238661595","article_modified_time":"2025-03-08T06:39:46+00:00","og_image":[{"width":1024,"height":680,"url":"https:\/\/jinsuncarbon.com\/wp-content\/uploads\/2024\/03\/carbon-raiser.jpg","type":"image\/jpeg"}],"twitter_card":"summary_large_image","twitter_site":"@jinsuncarbon_","twitter_misc":{"Tahmini okuma s\u00fcresi":"3 dakika"},"schema":{"@context":"https:\/\/schema.org","@graph":[{"@type":"WebPage","@id":"https:\/\/jinsuncarbon.com\/product\/carbon-raiser\/","url":"https:\/\/jinsuncarbon.com\/product\/carbon-raiser\/","name":"Karbon Y\u00fckseltici \u00dcreticisi","isPartOf":{"@id":"https:\/\/jinsuncarbon.com\/#website"},"primaryImageOfPage":{"@id":"https:\/\/jinsuncarbon.com\/product\/carbon-raiser\/#primaryimage"},"image":{"@id":"https:\/\/jinsuncarbon.com\/product\/carbon-raiser\/#primaryimage"},"thumbnailUrl":"https:\/\/jinsuncarbon.com\/wp-content\/uploads\/2024\/03\/carbon-raiser.jpg","datePublished":"2024-03-18T13:59:47+00:00","dateModified":"2025-03-08T06:39:46+00:00","description":"Karbon y\u00fckseltici, \u00e7elik eritme i\u015flemi s\u0131ras\u0131nda kaybedilen karbon i\u00e7eri\u011fini telafi etmek i\u00e7in kullan\u0131lan bir t\u00fcr karbon i\u00e7eren maddedir.","breadcrumb":{"@id":"https:\/\/jinsuncarbon.com\/product\/carbon-raiser\/#breadcrumb"},"inLanguage":"tr","potentialAction":[{"@type":"ReadAction","target":["https:\/\/jinsuncarbon.com\/product\/carbon-raiser\/"]}]},{"@type":"ImageObject","inLanguage":"tr","@id":"https:\/\/jinsuncarbon.com\/product\/carbon-raiser\/#primaryimage","url":"https:\/\/jinsuncarbon.com\/wp-content\/uploads\/2024\/03\/carbon-raiser.jpg","contentUrl":"https:\/\/jinsuncarbon.com\/wp-content\/uploads\/2024\/03\/carbon-raiser.jpg","width":1024,"height":680,"caption":"carbon raiser"},{"@type":"BreadcrumbList","@id":"https:\/\/jinsuncarbon.com\/product\/carbon-raiser\/#breadcrumb","itemListElement":[{"@type":"ListItem","position":1,"name":"Home","item":"https:\/\/jinsuncarbon.com\/"},{"@type":"ListItem","position":2,"name":"Products","item":"https:\/\/jinsuncarbon.com\/graphite-carbon\/"},{"@type":"ListItem","position":3,"name":"Carbon Raiser"}]},{"@type":"WebSite","@id":"https:\/\/jinsuncarbon.com\/#website","url":"https:\/\/jinsuncarbon.com\/","name":"Jinsun Karbon","description":"\u00c7in'deki ba\u015far\u0131l\u0131 grafit elektrot \u00fcreticisiyiz","publisher":{"@id":"https:\/\/jinsuncarbon.com\/#organization"},"potentialAction":[{"@type":"SearchAction","target":{"@type":"EntryPoint","urlTemplate":"https:\/\/jinsuncarbon.com\/?s={search_term_string}"},"query-input":{"@type":"PropertyValueSpecification","valueRequired":true,"valueName":"search_term_string"}}],"inLanguage":"tr"},{"@type":"Organization","@id":"https:\/\/jinsuncarbon.com\/#organization","name":"Jinsun Karbon","alternateName":"Jinsun Carbon","url":"https:\/\/jinsuncarbon.com\/","logo":{"@type":"ImageObject","inLanguage":"tr","@id":"https:\/\/jinsuncarbon.com\/#\/schema\/logo\/image\/","url":"https:\/\/jinsuncarbon.com\/wp-content\/uploads\/2022\/12\/LOGO-1.png","contentUrl":"https:\/\/jinsuncarbon.com\/wp-content\/uploads\/2022\/12\/LOGO-1.png","width":207,"height":80,"caption":"Jinsun Carbon"},"image":{"@id":"https:\/\/jinsuncarbon.com\/#\/schema\/logo\/image\/"},"sameAs":["https:\/\/www.facebook.com\/Graphite-Electrode-109336238661595","https:\/\/x.com\/jinsuncarbon_","https:\/\/www.linkedin.com\/in\/jinsungraphite","https:\/\/www.youtube.com\/channel\/UCysDNyvyR5-3cCWEmpkVC0g"]}]}},"_links":{"self":[{"href":"https:\/\/jinsuncarbon.com\/tr\/wp-json\/wp\/v2\/product\/4824","targetHints":{"allow":["GET"]}}],"collection":[{"href":"https:\/\/jinsuncarbon.com\/tr\/wp-json\/wp\/v2\/product"}],"about":[{"href":"https:\/\/jinsuncarbon.com\/tr\/wp-json\/wp\/v2\/types\/product"}],"wp:featuredmedia":[{"embeddable":true,"href":"https:\/\/jinsuncarbon.com\/tr\/wp-json\/wp\/v2\/media\/4826"}],"wp:attachment":[{"href":"https:\/\/jinsuncarbon.com\/tr\/wp-json\/wp\/v2\/media?parent=4824"}],"wp:term":[{"taxonomy":"product_brand","embeddable":true,"href":"https:\/\/jinsuncarbon.com\/tr\/wp-json\/wp\/v2\/product_brand?post=4824"},{"taxonomy":"product_cat","embeddable":true,"href":"https:\/\/jinsuncarbon.com\/tr\/wp-json\/wp\/v2\/product_cat?post=4824"},{"taxonomy":"product_tag","embeddable":true,"href":"https:\/\/jinsuncarbon.com\/tr\/wp-json\/wp\/v2\/product_tag?post=4824"}],"curies":[{"name":"wp","href":"https:\/\/api.w.org\/{rel}","templated":true}]}}