{"id":4169,"date":"2024-02-13T13:25:22","date_gmt":"2024-02-13T13:25:22","guid":{"rendered":"https:\/\/jinsuncarbon.com\/?post_type=product&#038;p=4169"},"modified":"2026-02-26T14:36:28","modified_gmt":"2026-02-26T14:36:28","slug":"600mm-grafit-elektrot-uhp","status":"publish","type":"product","link":"https:\/\/jinsuncarbon.com\/tr\/urun\/600mm-grafit-elektrot-uhp\/","title":{"rendered":"600mm Grafit Elektrot UHP"},"content":{"rendered":"<h3>600mm Grafit Elektrot UHP genellikle \u015fu alanlarda kullan\u0131l\u0131r <a href=\"https:\/\/en.wikipedia.org\/wiki\/Electric_arc_furnace#:~:text=AC%20furnaces%20usually%20exhibit%20a,of%20the%20steel%20more%20uniform.\" target=\"_blank\" rel=\"noopener\">AC elektrik ark oca\u011f\u0131.<\/a><\/h3>\n<p><strong>Ana \u00f6zellikler:<\/strong><\/p>\n<ul>\n<li>Daha y\u00fcksek y\u0131\u011f\u0131n yo\u011funlu\u011fu<\/li>\n<li>\u00c7ok d\u00fc\u015f\u00fck diren\u00e7<\/li>\n<li>B\u00fcy\u00fck ak\u0131m y\u00fck\u00fcne izin ver<\/li>\n<li>Y\u00fcksek e\u011filme dayan\u0131m\u0131<\/li>\n<li>K\u00fc\u00e7\u00fck termal genle\u015fme katsay\u0131s\u0131<\/li>\n<\/ul>\n<h3><\/h3>\n<h3>Elektrik ark ocaklar\u0131 ve grafit elektrot uhp 600 uygulamalar\u0131 a\u015fa\u011f\u0131da verilmi\u015ftir<\/h3>\n<table width=\"1037\">\n<tbody>\n<tr>\n<td rowspan=\"4\" width=\"402\">Baz F\u0131r\u0131n Bilgileri<\/td>\n<td width=\"299\">Uygulama (AC \/ DC)<\/td>\n<td width=\"336\">AC<\/td>\n<\/tr>\n<tr>\n<td width=\"299\">F\u0131r\u0131n Kimli\u011fi<\/td>\n<td>Kuantum Elektrik Ark Oca\u011f\u0131<\/td>\n<\/tr>\n<tr>\n<td width=\"299\">MT'de F\u0131r\u0131n Kapasitesi<\/td>\n<td>150<\/td>\n<\/tr>\n<tr>\n<td width=\"299\">Y\u0131ll\u0131k \u00dcretim MT<\/td>\n<td>0,84 milyon MT<\/td>\n<\/tr>\n<tr>\n<td rowspan=\"17\" width=\"402\">Grafit Elektrot Verileri<\/td>\n<td width=\"299\">Elektrot \u00c7ap\u0131 (mm)<\/td>\n<td width=\"336\">610<\/td>\n<\/tr>\n<tr>\n<td width=\"299\">Min \u00c7ap\u0131 (mm)<\/td>\n<td width=\"336\">607<\/td>\n<\/tr>\n<tr>\n<td width=\"299\">Maksimum \u00c7ap (mm)<\/td>\n<td width=\"336\">613<\/td>\n<\/tr>\n<tr>\n<td width=\"299\">Elektrot Uzunlu\u011fu (mm)<\/td>\n<td width=\"336\">2400<\/td>\n<\/tr>\n<tr>\n<td width=\"299\">Min Uzunluk (mm)<\/td>\n<td width=\"336\">2300<\/td>\n<\/tr>\n<tr>\n<td width=\"299\">Maksimum Uzunluk (mm)<\/td>\n<td width=\"336\">2500<\/td>\n<\/tr>\n<tr>\n<td width=\"299\">S\u0131n\u0131f<\/td>\n<td width=\"336\">UHP<\/td>\n<\/tr>\n<tr>\n<td width=\"299\">Nipel Boyutu \u00c7ap X uzunluk (mm)<\/td>\n<td width=\"336\">317.50 X 457.20<\/td>\n<\/tr>\n<tr>\n<td width=\"299\">Yakla\u015f\u0131k a\u011f\u0131rl\u0131k\/kg<\/td>\n<td width=\"336\">38.7<\/td>\n<\/tr>\n<tr>\n<td width=\"299\">Nipel Tipi (IEC)<\/td>\n<td width=\"336\">UHP<\/td>\n<\/tr>\n<tr>\n<td width=\"299\">Pitch Plug (Evet\/Hay\u0131r)<\/td>\n<td width=\"336\">Evet.<\/td>\n<\/tr>\n<tr>\n<td width=\"299\">Toz Olu\u011fu (Evet\/Hay\u0131r)<\/td>\n<td width=\"336\">Evet.<\/td>\n<\/tr>\n<tr>\n<td width=\"299\">Elektrot T\u00fcketimi Nett kg\/MT<\/td>\n<td width=\"336\">1kg\/MT \u00e7elik \u00fcretimi<\/td>\n<\/tr>\n<tr>\n<td width=\"299\">Elektrot T\u00fcketimi Br\u00fct kg\/MT<\/td>\n<td width=\"336\">0.9<\/td>\n<\/tr>\n<tr>\n<td width=\"299\">Ortalama % Molalar\u0131\/Ay<\/td>\n<td width=\"336\">0<\/td>\n<\/tr>\n<tr>\n<td width=\"299\">Oksitlenmi\u015f Uzunluk (M)<\/td>\n<td width=\"336\">N\/A<\/td>\n<\/tr>\n<tr>\n<td width=\"299\">U\u00e7 \u00c7ap\u0131 (mm)<\/td>\n<td width=\"336\">500<\/td>\n<\/tr>\n<\/tbody>\n<\/table>\n<h3><\/h3>\n<h3><\/h3>\n<h3>Y\u00fcksek kaliteli i\u011fne kok k\u00f6m\u00fcr\u00fc kullan\u0131larak \u00fcretim<\/h3>\n<p>Y\u00fcksek kaliteli UHP grafit elektrotlar geli\u015ftirmek i\u00e7in y\u00fcksek kaliteli i\u011fne kok ve modifiye zift ba\u011flay\u0131c\u0131 kullanmak, y\u00fcksek enerjili y\u00fck direnci ve y\u00fcksek ak\u0131ml\u0131 \u00e7al\u0131\u015fmay\u0131 m\u00fcmk\u00fcn k\u0131lar.<\/p>\n<p>End\u00fcstriyel ekonominin geli\u015fmesiyle birlikte bir\u00e7ok \u00fclke reform yapt\u0131. Aktif olarak \u00e7elik \u00fcretiminde kendi kendine yeterlilik sistemini \u015fart ko\u015fuyorlar ve birbiri ard\u0131na elektrik ark ocakl\u0131 \u00e7elik \u00fcretimini ba\u015flatt\u0131lar.<\/p>\n<h3>Kalite gereksinimleri:<\/h3>\n<p>1. G\u00f6r\u00fcn\u00fcm ve y\u00fczey parametreleri a\u00e7\u0131s\u0131ndan <a href=\"https:\/\/jinsuncarbon.com\/tr\/urun\/uhp-grafi%cc%87t-elektrot\/\">grafit elektrotlar<\/a> a\u015fa\u011f\u0131daki gereklilikleri kar\u015f\u0131lamal\u0131d\u0131r:<\/p>\n<p>Elektrot y\u00fczeyinin jeneratrisinin uca dikli\u011fi 0,20 mm'den fazla olmamal\u0131d\u0131r.<br \/>\n-Elektrotun u\u00e7 y\u00fczeylerinin d\u00fczl\u00fc\u011f\u00fc 0,15 mm'den fazla olmamal\u0131d\u0131r.<br \/>\n- Elektrot y\u00fczeyinin jeneratrisinin ovalli\u011fi ve konikli\u011fi, elektrot \u00e7ap\u0131ndaki tolerans\u0131n yar\u0131s\u0131n\u0131 ge\u00e7memelidir. \u00c7\u00f6k\u00fcnt\u00fcler elektrot \u00e7ap\u0131ndaki maksimum sapmalar\u0131 a\u015fmamal\u0131d\u0131r.<br \/>\n- Elektrotlar\u0131n y\u00fczeyinde herhangi bir iz b\u0131rak\u0131lmas\u0131na izin verilmez:<br \/>\n1) her bir ucun 8 mm'den fazla derinli\u011fe sahip yontulmu\u015f kenarlar\u0131, toplam uzunlu\u011fu 40 mm'den fazla;<br \/>\n2) y\u00fczeyde derinli\u011fi 8 mm'den fazla, uzunlu\u011fu 20 mm olan tala\u015f ve kabuklar;<br \/>\n3) meme ucu soketinin alt\u0131ndan elektrotun ortas\u0131na kadar en az 200 mm'lik bir mesafede, elektrot b\u00f6l\u00fcm\u00fcn\u00fcn \u00e7evresinin 5%'sinden daha uzun olan ikiden fazla uzunlamas\u0131na \u00e7atlak;<br \/>\n4) enine \u00e7atlaklar.<br \/>\n2. G\u00f6r\u00fcn\u00fcm ve y\u00fczey parametreleri a\u00e7\u0131s\u0131ndan, nipeller ve nipel yuvalar\u0131 a\u015fa\u011f\u0131daki gerekliliklere uygun olmal\u0131d\u0131r.<br \/>\n- Meme ucu soketinin jeneratris ile olan hizas\u0131zl\u0131\u011f\u0131 1 mm'den fazla olmamal\u0131d\u0131r.<br \/>\n- nipel yuvas\u0131n\u0131n 60 \u00b0 'ye kadar olan alanda i\u00e7 \u00e7ap boyunca ovalli\u011fi 0,6 mm'den fazla olmamal\u0131d\u0131r.<br \/>\n- nipellerin u\u00e7lar\u0131ndaki merkezlemeden kaynaklanan girintiler 15 mm'den fazla olmamal\u0131d\u0131r.<br \/>\n- Meme u\u00e7lar\u0131n\u0131n ve meme ucu yuvalar\u0131n\u0131n y\u00fczeyinde buna izin verilmez:<br \/>\n1) uzunlu\u011fu 15 mm'den fazla olan ikiden fazla yonga di\u015fi;<\/p>\n<h5>Y\u00fcksek kaliteli UHP Grafit Elektrot 600 i\u00e7in bize ula\u015f\u0131n.<\/h5>","protected":false},"excerpt":{"rendered":"<p>UHP grafit elektrotlar esas olarak y\u00fcksek s\u0131cakl\u0131\u011fa dayan\u0131kl\u0131 iletken malzemeler olan i\u011fne kok ve zift kokundan \u00fcretilir. Esas olarak elektrik ark ocakl\u0131 \u00e7elik \u00fcretiminde kullan\u0131l\u0131r. Y\u00fcksek kaliteli grafit elektrotlar ton t\u00fcketimini azaltabilir ve \u00fcretim verimlili\u011fini art\u0131rabilir. Normalde, UHP 600 grafit elektrodumuz i\u00e7in ton \u00e7elik ba\u015f\u0131na t\u00fcketim 0,9 kg'd\u0131r.<\/p>","protected":false},"featured_media":4171,"template":"","meta":[],"product_brand":[],"product_cat":[37],"product_tag":[],"class_list":{"0":"post-4169","1":"product","2":"type-product","3":"status-publish","4":"has-post-thumbnail","6":"product_cat-graphite-electrode","8":"first","9":"instock","10":"shipping-taxable","11":"product-type-simple"},"yoast_head":"<!-- This site is optimized with the Yoast SEO Premium plugin v19.2.1 (Yoast SEO v25.3) - https:\/\/yoast.com\/wordpress\/plugins\/seo\/ -->\n<title>600mm Graphite Electrode UHP Manufacturer<\/title>\n<meta name=\"description\" content=\"600mm graphite electrode uhp is mainly made of needle coke and pitch coke, which is high-temperature resistant conductor materials in eaf.\" \/>\n<meta name=\"robots\" content=\"index, follow, max-snippet:-1, max-image-preview:large, max-video-preview:-1\" \/>\n<link rel=\"canonical\" href=\"https:\/\/jinsuncarbon.com\/tr\/urun\/600mm-grafit-elektrot-uhp\/\" \/>\n<meta property=\"og:locale\" content=\"tr_TR\" \/>\n<meta property=\"og:type\" content=\"article\" \/>\n<meta property=\"og:title\" content=\"600mm Graphite Electrode UHP\" \/>\n<meta property=\"og:description\" content=\"600mm graphite electrode uhp is mainly made of needle coke and pitch coke, which is high-temperature resistant conductor materials in eaf.\" \/>\n<meta property=\"og:url\" content=\"https:\/\/jinsuncarbon.com\/tr\/urun\/600mm-grafit-elektrot-uhp\/\" \/>\n<meta property=\"og:site_name\" content=\"Jinsun Carbon\" \/>\n<meta property=\"article:publisher\" content=\"https:\/\/www.facebook.com\/Graphite-Electrode-109336238661595\" \/>\n<meta property=\"article:modified_time\" content=\"2026-02-26T14:36:28+00:00\" \/>\n<meta property=\"og:image\" content=\"https:\/\/jinsuncarbon.com\/wp-content\/uploads\/2024\/02\/graphite-electrode-uhp-600.jpg\" \/>\n\t<meta property=\"og:image:width\" content=\"1024\" \/>\n\t<meta property=\"og:image:height\" content=\"763\" \/>\n\t<meta property=\"og:image:type\" content=\"image\/jpeg\" \/>\n<meta name=\"twitter:card\" content=\"summary_large_image\" \/>\n<meta name=\"twitter:site\" content=\"@jinsuncarbon_\" \/>\n<meta name=\"twitter:label1\" content=\"Tahmini okuma s\u00fcresi\" \/>\n\t<meta name=\"twitter:data1\" content=\"3 dakika\" \/>\n<script type=\"application\/ld+json\" class=\"yoast-schema-graph\">{\"@context\":\"https:\/\/schema.org\",\"@graph\":[{\"@type\":\"WebPage\",\"@id\":\"https:\/\/jinsuncarbon.com\/product\/600mm-graphite-electrode-uhp\/\",\"url\":\"https:\/\/jinsuncarbon.com\/product\/600mm-graphite-electrode-uhp\/\",\"name\":\"600mm Graphite Electrode UHP Manufacturer\",\"isPartOf\":{\"@id\":\"https:\/\/jinsuncarbon.com\/#website\"},\"primaryImageOfPage\":{\"@id\":\"https:\/\/jinsuncarbon.com\/product\/600mm-graphite-electrode-uhp\/#primaryimage\"},\"image\":{\"@id\":\"https:\/\/jinsuncarbon.com\/product\/600mm-graphite-electrode-uhp\/#primaryimage\"},\"thumbnailUrl\":\"https:\/\/jinsuncarbon.com\/wp-content\/uploads\/2024\/02\/graphite-electrode-uhp-600.jpg\",\"datePublished\":\"2024-02-13T13:25:22+00:00\",\"dateModified\":\"2026-02-26T14:36:28+00:00\",\"description\":\"600mm graphite electrode uhp is mainly made of needle coke and pitch coke, which is high-temperature resistant conductor materials in eaf.\",\"breadcrumb\":{\"@id\":\"https:\/\/jinsuncarbon.com\/product\/600mm-graphite-electrode-uhp\/#breadcrumb\"},\"inLanguage\":\"tr\",\"potentialAction\":[{\"@type\":\"ReadAction\",\"target\":[\"https:\/\/jinsuncarbon.com\/product\/600mm-graphite-electrode-uhp\/\"]}]},{\"@type\":\"ImageObject\",\"inLanguage\":\"tr\",\"@id\":\"https:\/\/jinsuncarbon.com\/product\/600mm-graphite-electrode-uhp\/#primaryimage\",\"url\":\"https:\/\/jinsuncarbon.com\/wp-content\/uploads\/2024\/02\/graphite-electrode-uhp-600.jpg\",\"contentUrl\":\"https:\/\/jinsuncarbon.com\/wp-content\/uploads\/2024\/02\/graphite-electrode-uhp-600.jpg\",\"width\":1024,\"height\":763,\"caption\":\"graphite electrode uhp 600\"},{\"@type\":\"BreadcrumbList\",\"@id\":\"https:\/\/jinsuncarbon.com\/product\/600mm-graphite-electrode-uhp\/#breadcrumb\",\"itemListElement\":[{\"@type\":\"ListItem\",\"position\":1,\"name\":\"Home\",\"item\":\"https:\/\/jinsuncarbon.com\/\"},{\"@type\":\"ListItem\",\"position\":2,\"name\":\"Products\",\"item\":\"https:\/\/jinsuncarbon.com\/graphite-carbon\/\"},{\"@type\":\"ListItem\",\"position\":3,\"name\":\"600mm Graphite Electrode UHP\"}]},{\"@type\":\"WebSite\",\"@id\":\"https:\/\/jinsuncarbon.com\/#website\",\"url\":\"https:\/\/jinsuncarbon.com\/\",\"name\":\"Jinsun Carbon\",\"description\":\"We are the successful graphite electrode manufacturer in China\",\"publisher\":{\"@id\":\"https:\/\/jinsuncarbon.com\/#organization\"},\"potentialAction\":[{\"@type\":\"SearchAction\",\"target\":{\"@type\":\"EntryPoint\",\"urlTemplate\":\"https:\/\/jinsuncarbon.com\/?s={search_term_string}\"},\"query-input\":{\"@type\":\"PropertyValueSpecification\",\"valueRequired\":true,\"valueName\":\"search_term_string\"}}],\"inLanguage\":\"tr\"},{\"@type\":\"Organization\",\"@id\":\"https:\/\/jinsuncarbon.com\/#organization\",\"name\":\"Jinsun Carbon\",\"alternateName\":\"Jinsun Carbon\",\"url\":\"https:\/\/jinsuncarbon.com\/\",\"logo\":{\"@type\":\"ImageObject\",\"inLanguage\":\"tr\",\"@id\":\"https:\/\/jinsuncarbon.com\/#\/schema\/logo\/image\/\",\"url\":\"https:\/\/jinsuncarbon.com\/wp-content\/uploads\/2022\/12\/LOGO-1.png\",\"contentUrl\":\"https:\/\/jinsuncarbon.com\/wp-content\/uploads\/2022\/12\/LOGO-1.png\",\"width\":207,\"height\":80,\"caption\":\"Jinsun Carbon\"},\"image\":{\"@id\":\"https:\/\/jinsuncarbon.com\/#\/schema\/logo\/image\/\"},\"sameAs\":[\"https:\/\/www.facebook.com\/Graphite-Electrode-109336238661595\",\"https:\/\/x.com\/jinsuncarbon_\",\"https:\/\/www.linkedin.com\/in\/jinsungraphite\",\"https:\/\/www.youtube.com\/channel\/UCysDNyvyR5-3cCWEmpkVC0g\"]}]}<\/script>\n<!-- \/ Yoast SEO Premium plugin. -->","yoast_head_json":{"title":"600mm Grafit Elektrot UHP \u00dcreticisi","description":"600mm grafit elektrot uhp esas olarak eaf'de y\u00fcksek s\u0131cakl\u0131\u011fa dayan\u0131kl\u0131 iletken malzemeler olan i\u011fne kok ve zift kokundan yap\u0131l\u0131r.","robots":{"index":"index","follow":"follow","max-snippet":"max-snippet:-1","max-image-preview":"max-image-preview:large","max-video-preview":"max-video-preview:-1"},"canonical":"https:\/\/jinsuncarbon.com\/tr\/urun\/600mm-grafit-elektrot-uhp\/","og_locale":"tr_TR","og_type":"article","og_title":"600mm Graphite Electrode UHP","og_description":"600mm graphite electrode uhp is mainly made of needle coke and pitch coke, which is high-temperature resistant conductor materials in eaf.","og_url":"https:\/\/jinsuncarbon.com\/tr\/urun\/600mm-grafit-elektrot-uhp\/","og_site_name":"Jinsun Carbon","article_publisher":"https:\/\/www.facebook.com\/Graphite-Electrode-109336238661595","article_modified_time":"2026-02-26T14:36:28+00:00","og_image":[{"width":1024,"height":763,"url":"https:\/\/jinsuncarbon.com\/wp-content\/uploads\/2024\/02\/graphite-electrode-uhp-600.jpg","type":"image\/jpeg"}],"twitter_card":"summary_large_image","twitter_site":"@jinsuncarbon_","twitter_misc":{"Tahmini okuma s\u00fcresi":"3 dakika"},"schema":{"@context":"https:\/\/schema.org","@graph":[{"@type":"WebPage","@id":"https:\/\/jinsuncarbon.com\/product\/600mm-graphite-electrode-uhp\/","url":"https:\/\/jinsuncarbon.com\/product\/600mm-graphite-electrode-uhp\/","name":"600mm Grafit Elektrot UHP \u00dcreticisi","isPartOf":{"@id":"https:\/\/jinsuncarbon.com\/#website"},"primaryImageOfPage":{"@id":"https:\/\/jinsuncarbon.com\/product\/600mm-graphite-electrode-uhp\/#primaryimage"},"image":{"@id":"https:\/\/jinsuncarbon.com\/product\/600mm-graphite-electrode-uhp\/#primaryimage"},"thumbnailUrl":"https:\/\/jinsuncarbon.com\/wp-content\/uploads\/2024\/02\/graphite-electrode-uhp-600.jpg","datePublished":"2024-02-13T13:25:22+00:00","dateModified":"2026-02-26T14:36:28+00:00","description":"600mm grafit elektrot uhp esas olarak eaf'de y\u00fcksek s\u0131cakl\u0131\u011fa dayan\u0131kl\u0131 iletken malzemeler olan i\u011fne kok ve zift kokundan yap\u0131l\u0131r.","breadcrumb":{"@id":"https:\/\/jinsuncarbon.com\/product\/600mm-graphite-electrode-uhp\/#breadcrumb"},"inLanguage":"tr","potentialAction":[{"@type":"ReadAction","target":["https:\/\/jinsuncarbon.com\/product\/600mm-graphite-electrode-uhp\/"]}]},{"@type":"ImageObject","inLanguage":"tr","@id":"https:\/\/jinsuncarbon.com\/product\/600mm-graphite-electrode-uhp\/#primaryimage","url":"https:\/\/jinsuncarbon.com\/wp-content\/uploads\/2024\/02\/graphite-electrode-uhp-600.jpg","contentUrl":"https:\/\/jinsuncarbon.com\/wp-content\/uploads\/2024\/02\/graphite-electrode-uhp-600.jpg","width":1024,"height":763,"caption":"graphite electrode uhp 600"},{"@type":"BreadcrumbList","@id":"https:\/\/jinsuncarbon.com\/product\/600mm-graphite-electrode-uhp\/#breadcrumb","itemListElement":[{"@type":"ListItem","position":1,"name":"Home","item":"https:\/\/jinsuncarbon.com\/"},{"@type":"ListItem","position":2,"name":"Products","item":"https:\/\/jinsuncarbon.com\/graphite-carbon\/"},{"@type":"ListItem","position":3,"name":"600mm Graphite Electrode UHP"}]},{"@type":"WebSite","@id":"https:\/\/jinsuncarbon.com\/#website","url":"https:\/\/jinsuncarbon.com\/","name":"Jinsun Karbon","description":"\u00c7in'deki ba\u015far\u0131l\u0131 grafit elektrot \u00fcreticisiyiz","publisher":{"@id":"https:\/\/jinsuncarbon.com\/#organization"},"potentialAction":[{"@type":"SearchAction","target":{"@type":"EntryPoint","urlTemplate":"https:\/\/jinsuncarbon.com\/?s={search_term_string}"},"query-input":{"@type":"PropertyValueSpecification","valueRequired":true,"valueName":"search_term_string"}}],"inLanguage":"tr"},{"@type":"Organization","@id":"https:\/\/jinsuncarbon.com\/#organization","name":"Jinsun Karbon","alternateName":"Jinsun Carbon","url":"https:\/\/jinsuncarbon.com\/","logo":{"@type":"ImageObject","inLanguage":"tr","@id":"https:\/\/jinsuncarbon.com\/#\/schema\/logo\/image\/","url":"https:\/\/jinsuncarbon.com\/wp-content\/uploads\/2022\/12\/LOGO-1.png","contentUrl":"https:\/\/jinsuncarbon.com\/wp-content\/uploads\/2022\/12\/LOGO-1.png","width":207,"height":80,"caption":"Jinsun Carbon"},"image":{"@id":"https:\/\/jinsuncarbon.com\/#\/schema\/logo\/image\/"},"sameAs":["https:\/\/www.facebook.com\/Graphite-Electrode-109336238661595","https:\/\/x.com\/jinsuncarbon_","https:\/\/www.linkedin.com\/in\/jinsungraphite","https:\/\/www.youtube.com\/channel\/UCysDNyvyR5-3cCWEmpkVC0g"]}]}},"_links":{"self":[{"href":"https:\/\/jinsuncarbon.com\/tr\/wp-json\/wp\/v2\/product\/4169","targetHints":{"allow":["GET"]}}],"collection":[{"href":"https:\/\/jinsuncarbon.com\/tr\/wp-json\/wp\/v2\/product"}],"about":[{"href":"https:\/\/jinsuncarbon.com\/tr\/wp-json\/wp\/v2\/types\/product"}],"wp:featuredmedia":[{"embeddable":true,"href":"https:\/\/jinsuncarbon.com\/tr\/wp-json\/wp\/v2\/media\/4171"}],"wp:attachment":[{"href":"https:\/\/jinsuncarbon.com\/tr\/wp-json\/wp\/v2\/media?parent=4169"}],"wp:term":[{"taxonomy":"product_brand","embeddable":true,"href":"https:\/\/jinsuncarbon.com\/tr\/wp-json\/wp\/v2\/product_brand?post=4169"},{"taxonomy":"product_cat","embeddable":true,"href":"https:\/\/jinsuncarbon.com\/tr\/wp-json\/wp\/v2\/product_cat?post=4169"},{"taxonomy":"product_tag","embeddable":true,"href":"https:\/\/jinsuncarbon.com\/tr\/wp-json\/wp\/v2\/product_tag?post=4169"}],"curies":[{"name":"wp","href":"https:\/\/api.w.org\/{rel}","templated":true}]}}