{"id":4117,"date":"2024-02-04T12:19:32","date_gmt":"2024-02-04T12:19:32","guid":{"rendered":"https:\/\/jinsuncarbon.com\/?post_type=product&#038;p=4117"},"modified":"2024-11-04T02:20:22","modified_gmt":"2024-11-04T02:20:22","slug":"ark-ocagi-icin-150mm-rp-grafit-elektrot","status":"publish","type":"product","link":"https:\/\/jinsuncarbon.com\/tr\/urun\/ark-ocagi-icin-150mm-rp-grafit-elektrot\/","title":{"rendered":"Ark oca\u011f\u0131 i\u00e7in 150mm rp grafit elektrot"},"content":{"rendered":"<h2>Ark oca\u011f\u0131 i\u00e7in 150mm rp grafit elektrot<\/h2>\n<h3>Grafit elektrotlar\u0131n \u00fcretimi i\u00e7in ba\u015flang\u0131\u00e7 malzemeleri petrol kok k\u00f6m\u00fcr\u00fc, k\u00f6m\u00fcr katran\u0131 zifti ve di\u011fer karbonlu malzemelerdir.<\/h3>\n<p>Grafit elektrotlar\u0131n ana temel unsuru karbondur.  \u00d6zg\u00fcl elektrik diren\u00e7 de\u011feri 5,5 \u03bc\u03a9*m'den fazla olmayan yapay grafitten yap\u0131lm\u0131\u015f koyu gri veya siyah renkli silindirik \u015fekilli \u00fcr\u00fcnler.<\/p>\n<p><a href=\"https:\/\/jinsuncarbon.com\/tr\/urun\/rp-grafi%cc%87t-elektrot\/\">Grafit elektrotlar<\/a> JINSUN- RP -150mm markal\u0131 bir nipel ile \u00fcretim s\u00fcrecinde elektrik ark\u0131 olu\u015fturmak i\u00e7in kullan\u0131l\u0131r. <a href=\"https:\/\/en.wikipedia.org\/wiki\/Smelting\" target=\"_blank\" rel=\"noopener\">\u00e7elik eritme<\/a> ve elektrik ark f\u0131r\u0131n\u0131nda (eaf) ala\u015f\u0131mlar.<\/p>\n<p>Grafit elektrot, elektrik ark\u0131 olu\u015fturmak i\u00e7in bir kaynak g\u00f6revi g\u00f6r\u00fcr. <a href=\"https:\/\/tenova.com\/technologies\/electric-arc-furnaces-eaf\" target=\"_blank\" rel=\"noopener\">F\u0131r\u0131n<\/a> \u015farj metal y\u00fck\u00fcn\u00fc eritmek ve s\u0131v\u0131 \u00e7eli\u011fi 1750 \u00b0C'den fazla olmayan bir s\u0131cakl\u0131\u011fa \u0131s\u0131tmak i\u00e7in alan.<\/p>\n<p>&nbsp;<\/p>\n<h3>G\u00f6r\u00fcn\u00fcm ve y\u00fczey parametreleri a\u00e7\u0131s\u0131ndan elektrotlar a\u015fa\u011f\u0131daki gereklilikleri kar\u015f\u0131lamal\u0131d\u0131r:<\/h3>\n<p>Sevkiyat s\u0131ras\u0131nda elektrotlar ta\u015f\u0131ma paketleri haline getirilir, paketleme \u00fcr\u00fcnlerin \u00fcreticisi taraf\u0131ndan geli\u015ftirilir ve ta\u015f\u0131ma s\u0131ras\u0131nda kargonun g\u00fcvenli\u011fini sa\u011flamal\u0131d\u0131r.<\/p>\n<p>Elektrotlar nipellerle birlikte tedarik edilmelidir (elektrot ba\u015f\u0131na bir nipel). Depolama s\u0131ras\u0131nda, elektrotlar nem ve gev\u015fek malzemelerin \u00fczerine gelmesini engelleyecek ko\u015fullarda olmal\u0131d\u0131r. Elektrotlar\u0131 ambalajs\u0131z olarak saklamay\u0131n.<\/p>\n<p>&nbsp;<\/p>\n<table width=\"500\">\n<tbody>\n<tr>\n<td style=\"text-align: center;\" colspan=\"4\" width=\"500\"><strong>RP150x1800<\/strong><\/td>\n<\/tr>\n<tr>\n<td><\/td>\n<td><\/td>\n<td><\/td>\n<td><\/td>\n<\/tr>\n<tr>\n<td colspan=\"4\">Tip ve boyut<\/td>\n<\/tr>\n<tr>\n<td><\/td>\n<td><\/td>\n<td>\u00c7ap tolerans\u0131<\/td>\n<td>Uzunluk tolerans\u0131<\/td>\n<\/tr>\n<tr>\n<td>Elektrot \u00f6zellikleri<\/td>\n<td>RP150x1800<\/td>\n<td>150 (150-155)<\/td>\n<td>1800 (0\/+100)<\/td>\n<\/tr>\n<tr>\n<td>Meme ucu \u00f6zellikleri<\/td>\n<td>TPI3<\/td>\n<td><\/td>\n<td><\/td>\n<\/tr>\n<tr>\n<td><\/td>\n<td><\/td>\n<td><\/td>\n<td><\/td>\n<\/tr>\n<tr>\n<td><\/td>\n<td><\/td>\n<td><\/td>\n<td><\/td>\n<\/tr>\n<tr>\n<td colspan=\"4\">Teknik \u00f6zellikler<\/td>\n<\/tr>\n<tr>\n<td><\/td>\n<td><\/td>\n<td>Elektrot<\/td>\n<td>Meme ucu<\/td>\n<\/tr>\n<tr>\n<td><\/td>\n<td><\/td>\n<td><\/td>\n<td><\/td>\n<\/tr>\n<tr>\n<td>D\u0130REN\u00c7<\/td>\n<td>\u03bc\u03a9\u039c, maks.<\/td>\n<td>8<\/td>\n<td>6<\/td>\n<\/tr>\n<tr>\n<td>E\u011eILME DAYANIMI<\/td>\n<td>Mpa, min<\/td>\n<td>11<\/td>\n<td>14.2<\/td>\n<\/tr>\n<tr>\n<td>YO\u011eUNLUK<\/td>\n<td>g\/cm3, min<\/td>\n<td>1.58<\/td>\n<td>1.72<\/td>\n<\/tr>\n<tr>\n<td>CTE<\/td>\n<td>10-6\/\u2103, maks.<\/td>\n<td>2.5<\/td>\n<td>2.3<\/td>\n<\/tr>\n<tr>\n<td>ELASTI\u0307K MOD\u00dcLLER<\/td>\n<td>Gpa<\/td>\n<td>8.7<\/td>\n<td>13.2<\/td>\n<\/tr>\n<tr>\n<td>ASH<\/td>\n<td>%<\/td>\n<td>0.4<\/td>\n<td>0.3<\/td>\n<\/tr>\n<\/tbody>\n<\/table>","protected":false},"excerpt":{"rendered":"<p>Grafit elektrot elektrik ark oca\u011f\u0131na ak\u0131m verir. Elektrotun alt ucundaki g\u00fc\u00e7l\u00fc ak\u0131m, \u015farj malzemeleri aras\u0131nda ark de\u015farj\u0131 olu\u015fturabilir ve ark taraf\u0131ndan \u00fcretilen \u0131s\u0131 eritme i\u00e7in kullan\u0131l\u0131r. Grafit elektrotlar s\u00fcrekli olarak de\u011fi\u015ftirilebilir ve nipeller arac\u0131l\u0131\u011f\u0131yla ba\u011flan\u0131r.<\/p>","protected":false},"featured_media":3694,"template":"","meta":[],"product_brand":[],"product_cat":[37],"product_tag":[],"class_list":{"0":"post-4117","1":"product","2":"type-product","3":"status-publish","4":"has-post-thumbnail","6":"product_cat-graphite-electrode","8":"first","9":"instock","10":"shipping-taxable","11":"product-type-simple"},"yoast_head":"<!-- This site is optimized with the Yoast SEO Premium plugin v19.2.1 (Yoast SEO v25.3) - https:\/\/yoast.com\/wordpress\/plugins\/seo\/ -->\n<title>150mm rp graphite electrode for arc furnace<\/title>\n<meta name=\"description\" content=\"150mm rp graphite electrode for arc furnace, are used in the production process to create an electric arc for smelting steel and alloys in EAF.\" \/>\n<meta name=\"robots\" content=\"index, follow, max-snippet:-1, max-image-preview:large, max-video-preview:-1\" \/>\n<link rel=\"canonical\" href=\"https:\/\/jinsuncarbon.com\/tr\/urun\/ark-ocagi-icin-150mm-rp-grafit-elektrot\/\" \/>\n<meta property=\"og:locale\" content=\"tr_TR\" \/>\n<meta property=\"og:type\" content=\"article\" \/>\n<meta property=\"og:title\" content=\"150mm rp graphite electrode for arc furnace\" \/>\n<meta property=\"og:description\" content=\"150mm rp graphite electrode for arc furnace, are used in the production process to create an electric arc for smelting steel and alloys in EAF.\" \/>\n<meta property=\"og:url\" content=\"https:\/\/jinsuncarbon.com\/tr\/urun\/ark-ocagi-icin-150mm-rp-grafit-elektrot\/\" \/>\n<meta property=\"og:site_name\" content=\"Jinsun Carbon\" \/>\n<meta property=\"article:publisher\" content=\"https:\/\/www.facebook.com\/Graphite-Electrode-109336238661595\" \/>\n<meta property=\"article:modified_time\" content=\"2024-11-04T02:20:22+00:00\" \/>\n<meta property=\"og:image\" content=\"https:\/\/jinsuncarbon.com\/wp-content\/uploads\/2023\/06\/ae359f189203c9a6f4eab18e007e0ed.jpg\" \/>\n\t<meta property=\"og:image:width\" content=\"1024\" \/>\n\t<meta property=\"og:image:height\" content=\"680\" \/>\n\t<meta property=\"og:image:type\" content=\"image\/jpeg\" \/>\n<meta name=\"twitter:card\" content=\"summary_large_image\" \/>\n<meta name=\"twitter:site\" content=\"@jinsuncarbon_\" \/>\n<meta name=\"twitter:label1\" content=\"Tahmini okuma s\u00fcresi\" \/>\n\t<meta name=\"twitter:data1\" content=\"2 dakika\" \/>\n<script type=\"application\/ld+json\" class=\"yoast-schema-graph\">{\"@context\":\"https:\/\/schema.org\",\"@graph\":[{\"@type\":\"WebPage\",\"@id\":\"https:\/\/jinsuncarbon.com\/product\/150mm-rp-graphite-electrode-for-arc-furnace\/\",\"url\":\"https:\/\/jinsuncarbon.com\/product\/150mm-rp-graphite-electrode-for-arc-furnace\/\",\"name\":\"150mm rp graphite electrode for arc furnace\",\"isPartOf\":{\"@id\":\"https:\/\/jinsuncarbon.com\/#website\"},\"primaryImageOfPage\":{\"@id\":\"https:\/\/jinsuncarbon.com\/product\/150mm-rp-graphite-electrode-for-arc-furnace\/#primaryimage\"},\"image\":{\"@id\":\"https:\/\/jinsuncarbon.com\/product\/150mm-rp-graphite-electrode-for-arc-furnace\/#primaryimage\"},\"thumbnailUrl\":\"https:\/\/jinsuncarbon.com\/wp-content\/uploads\/2023\/06\/ae359f189203c9a6f4eab18e007e0ed.jpg\",\"datePublished\":\"2024-02-04T12:19:32+00:00\",\"dateModified\":\"2024-11-04T02:20:22+00:00\",\"description\":\"150mm rp graphite electrode for arc furnace, are used in the production process to create an electric arc for smelting steel and alloys in EAF.\",\"breadcrumb\":{\"@id\":\"https:\/\/jinsuncarbon.com\/product\/150mm-rp-graphite-electrode-for-arc-furnace\/#breadcrumb\"},\"inLanguage\":\"tr\",\"potentialAction\":[{\"@type\":\"ReadAction\",\"target\":[\"https:\/\/jinsuncarbon.com\/product\/150mm-rp-graphite-electrode-for-arc-furnace\/\"]}]},{\"@type\":\"ImageObject\",\"inLanguage\":\"tr\",\"@id\":\"https:\/\/jinsuncarbon.com\/product\/150mm-rp-graphite-electrode-for-arc-furnace\/#primaryimage\",\"url\":\"https:\/\/jinsuncarbon.com\/wp-content\/uploads\/2023\/06\/ae359f189203c9a6f4eab18e007e0ed.jpg\",\"contentUrl\":\"https:\/\/jinsuncarbon.com\/wp-content\/uploads\/2023\/06\/ae359f189203c9a6f4eab18e007e0ed.jpg\",\"width\":1024,\"height\":680,\"caption\":\"150mm rp graphite electrode for arc furnace\"},{\"@type\":\"BreadcrumbList\",\"@id\":\"https:\/\/jinsuncarbon.com\/product\/150mm-rp-graphite-electrode-for-arc-furnace\/#breadcrumb\",\"itemListElement\":[{\"@type\":\"ListItem\",\"position\":1,\"name\":\"Home\",\"item\":\"https:\/\/jinsuncarbon.com\/\"},{\"@type\":\"ListItem\",\"position\":2,\"name\":\"Products\",\"item\":\"https:\/\/jinsuncarbon.com\/graphite-carbon\/\"},{\"@type\":\"ListItem\",\"position\":3,\"name\":\"150mm rp graphite electrode for arc furnace\"}]},{\"@type\":\"WebSite\",\"@id\":\"https:\/\/jinsuncarbon.com\/#website\",\"url\":\"https:\/\/jinsuncarbon.com\/\",\"name\":\"Jinsun Carbon\",\"description\":\"We are the successful graphite electrode manufacturer in China\",\"publisher\":{\"@id\":\"https:\/\/jinsuncarbon.com\/#organization\"},\"potentialAction\":[{\"@type\":\"SearchAction\",\"target\":{\"@type\":\"EntryPoint\",\"urlTemplate\":\"https:\/\/jinsuncarbon.com\/?s={search_term_string}\"},\"query-input\":{\"@type\":\"PropertyValueSpecification\",\"valueRequired\":true,\"valueName\":\"search_term_string\"}}],\"inLanguage\":\"tr\"},{\"@type\":\"Organization\",\"@id\":\"https:\/\/jinsuncarbon.com\/#organization\",\"name\":\"Jinsun Carbon\",\"alternateName\":\"Jinsun Carbon\",\"url\":\"https:\/\/jinsuncarbon.com\/\",\"logo\":{\"@type\":\"ImageObject\",\"inLanguage\":\"tr\",\"@id\":\"https:\/\/jinsuncarbon.com\/#\/schema\/logo\/image\/\",\"url\":\"https:\/\/jinsuncarbon.com\/wp-content\/uploads\/2022\/12\/LOGO-1.png\",\"contentUrl\":\"https:\/\/jinsuncarbon.com\/wp-content\/uploads\/2022\/12\/LOGO-1.png\",\"width\":207,\"height\":80,\"caption\":\"Jinsun Carbon\"},\"image\":{\"@id\":\"https:\/\/jinsuncarbon.com\/#\/schema\/logo\/image\/\"},\"sameAs\":[\"https:\/\/www.facebook.com\/Graphite-Electrode-109336238661595\",\"https:\/\/x.com\/jinsuncarbon_\",\"https:\/\/www.linkedin.com\/in\/jinsungraphite\",\"https:\/\/www.youtube.com\/channel\/UCysDNyvyR5-3cCWEmpkVC0g\"]}]}<\/script>\n<!-- \/ Yoast SEO Premium plugin. -->","yoast_head_json":{"title":"Ark oca\u011f\u0131 i\u00e7in 150mm rp grafit elektrot","description":"Ark oca\u011f\u0131 i\u00e7in 150mm rp grafit elektrot, \u00fcretim s\u00fcrecinde EAF'de \u00e7elik ve ala\u015f\u0131mlar\u0131 eritmek i\u00e7in bir elektrik ark\u0131 olu\u015fturmak i\u00e7in kullan\u0131l\u0131r.","robots":{"index":"index","follow":"follow","max-snippet":"max-snippet:-1","max-image-preview":"max-image-preview:large","max-video-preview":"max-video-preview:-1"},"canonical":"https:\/\/jinsuncarbon.com\/tr\/urun\/ark-ocagi-icin-150mm-rp-grafit-elektrot\/","og_locale":"tr_TR","og_type":"article","og_title":"150mm rp graphite electrode for arc furnace","og_description":"150mm rp graphite electrode for arc furnace, are used in the production process to create an electric arc for smelting steel and alloys in EAF.","og_url":"https:\/\/jinsuncarbon.com\/tr\/urun\/ark-ocagi-icin-150mm-rp-grafit-elektrot\/","og_site_name":"Jinsun Carbon","article_publisher":"https:\/\/www.facebook.com\/Graphite-Electrode-109336238661595","article_modified_time":"2024-11-04T02:20:22+00:00","og_image":[{"width":1024,"height":680,"url":"https:\/\/jinsuncarbon.com\/wp-content\/uploads\/2023\/06\/ae359f189203c9a6f4eab18e007e0ed.jpg","type":"image\/jpeg"}],"twitter_card":"summary_large_image","twitter_site":"@jinsuncarbon_","twitter_misc":{"Tahmini okuma s\u00fcresi":"2 dakika"},"schema":{"@context":"https:\/\/schema.org","@graph":[{"@type":"WebPage","@id":"https:\/\/jinsuncarbon.com\/product\/150mm-rp-graphite-electrode-for-arc-furnace\/","url":"https:\/\/jinsuncarbon.com\/product\/150mm-rp-graphite-electrode-for-arc-furnace\/","name":"Ark oca\u011f\u0131 i\u00e7in 150mm rp grafit elektrot","isPartOf":{"@id":"https:\/\/jinsuncarbon.com\/#website"},"primaryImageOfPage":{"@id":"https:\/\/jinsuncarbon.com\/product\/150mm-rp-graphite-electrode-for-arc-furnace\/#primaryimage"},"image":{"@id":"https:\/\/jinsuncarbon.com\/product\/150mm-rp-graphite-electrode-for-arc-furnace\/#primaryimage"},"thumbnailUrl":"https:\/\/jinsuncarbon.com\/wp-content\/uploads\/2023\/06\/ae359f189203c9a6f4eab18e007e0ed.jpg","datePublished":"2024-02-04T12:19:32+00:00","dateModified":"2024-11-04T02:20:22+00:00","description":"Ark oca\u011f\u0131 i\u00e7in 150mm rp grafit elektrot, \u00fcretim s\u00fcrecinde EAF'de \u00e7elik ve ala\u015f\u0131mlar\u0131 eritmek i\u00e7in bir elektrik ark\u0131 olu\u015fturmak i\u00e7in kullan\u0131l\u0131r.","breadcrumb":{"@id":"https:\/\/jinsuncarbon.com\/product\/150mm-rp-graphite-electrode-for-arc-furnace\/#breadcrumb"},"inLanguage":"tr","potentialAction":[{"@type":"ReadAction","target":["https:\/\/jinsuncarbon.com\/product\/150mm-rp-graphite-electrode-for-arc-furnace\/"]}]},{"@type":"ImageObject","inLanguage":"tr","@id":"https:\/\/jinsuncarbon.com\/product\/150mm-rp-graphite-electrode-for-arc-furnace\/#primaryimage","url":"https:\/\/jinsuncarbon.com\/wp-content\/uploads\/2023\/06\/ae359f189203c9a6f4eab18e007e0ed.jpg","contentUrl":"https:\/\/jinsuncarbon.com\/wp-content\/uploads\/2023\/06\/ae359f189203c9a6f4eab18e007e0ed.jpg","width":1024,"height":680,"caption":"150mm rp graphite electrode for arc furnace"},{"@type":"BreadcrumbList","@id":"https:\/\/jinsuncarbon.com\/product\/150mm-rp-graphite-electrode-for-arc-furnace\/#breadcrumb","itemListElement":[{"@type":"ListItem","position":1,"name":"Home","item":"https:\/\/jinsuncarbon.com\/"},{"@type":"ListItem","position":2,"name":"Products","item":"https:\/\/jinsuncarbon.com\/graphite-carbon\/"},{"@type":"ListItem","position":3,"name":"150mm rp graphite electrode for arc furnace"}]},{"@type":"WebSite","@id":"https:\/\/jinsuncarbon.com\/#website","url":"https:\/\/jinsuncarbon.com\/","name":"Jinsun Karbon","description":"\u00c7in'deki ba\u015far\u0131l\u0131 grafit elektrot \u00fcreticisiyiz","publisher":{"@id":"https:\/\/jinsuncarbon.com\/#organization"},"potentialAction":[{"@type":"SearchAction","target":{"@type":"EntryPoint","urlTemplate":"https:\/\/jinsuncarbon.com\/?s={search_term_string}"},"query-input":{"@type":"PropertyValueSpecification","valueRequired":true,"valueName":"search_term_string"}}],"inLanguage":"tr"},{"@type":"Organization","@id":"https:\/\/jinsuncarbon.com\/#organization","name":"Jinsun Karbon","alternateName":"Jinsun Carbon","url":"https:\/\/jinsuncarbon.com\/","logo":{"@type":"ImageObject","inLanguage":"tr","@id":"https:\/\/jinsuncarbon.com\/#\/schema\/logo\/image\/","url":"https:\/\/jinsuncarbon.com\/wp-content\/uploads\/2022\/12\/LOGO-1.png","contentUrl":"https:\/\/jinsuncarbon.com\/wp-content\/uploads\/2022\/12\/LOGO-1.png","width":207,"height":80,"caption":"Jinsun Carbon"},"image":{"@id":"https:\/\/jinsuncarbon.com\/#\/schema\/logo\/image\/"},"sameAs":["https:\/\/www.facebook.com\/Graphite-Electrode-109336238661595","https:\/\/x.com\/jinsuncarbon_","https:\/\/www.linkedin.com\/in\/jinsungraphite","https:\/\/www.youtube.com\/channel\/UCysDNyvyR5-3cCWEmpkVC0g"]}]}},"_links":{"self":[{"href":"https:\/\/jinsuncarbon.com\/tr\/wp-json\/wp\/v2\/product\/4117","targetHints":{"allow":["GET"]}}],"collection":[{"href":"https:\/\/jinsuncarbon.com\/tr\/wp-json\/wp\/v2\/product"}],"about":[{"href":"https:\/\/jinsuncarbon.com\/tr\/wp-json\/wp\/v2\/types\/product"}],"wp:featuredmedia":[{"embeddable":true,"href":"https:\/\/jinsuncarbon.com\/tr\/wp-json\/wp\/v2\/media\/3694"}],"wp:attachment":[{"href":"https:\/\/jinsuncarbon.com\/tr\/wp-json\/wp\/v2\/media?parent=4117"}],"wp:term":[{"taxonomy":"product_brand","embeddable":true,"href":"https:\/\/jinsuncarbon.com\/tr\/wp-json\/wp\/v2\/product_brand?post=4117"},{"taxonomy":"product_cat","embeddable":true,"href":"https:\/\/jinsuncarbon.com\/tr\/wp-json\/wp\/v2\/product_cat?post=4117"},{"taxonomy":"product_tag","embeddable":true,"href":"https:\/\/jinsuncarbon.com\/tr\/wp-json\/wp\/v2\/product_tag?post=4117"}],"curies":[{"name":"wp","href":"https:\/\/api.w.org\/{rel}","templated":true}]}}