{"id":2667,"date":"2023-02-15T07:59:16","date_gmt":"2023-02-15T07:59:16","guid":{"rendered":"https:\/\/jinsuncarbon.com\/?post_type=product&#038;p=2667"},"modified":"2026-02-26T14:42:08","modified_gmt":"2026-02-26T14:42:08","slug":"grafit-tozu","status":"publish","type":"product","link":"https:\/\/jinsuncarbon.com\/tr\/urun\/grafit-tozu\/","title":{"rendered":"Grafit Tozu"},"content":{"rendered":"<h2>Sat\u0131l\u0131k grafit tozu<\/h2>\n<p>Grafit tozu, toz halinde do\u011fal olarak olu\u015fan bir karbon formu olan grafitin daha ince bir formudur. Grafit, her katman i\u00e7inde g\u00fc\u00e7l\u00fc kovalent ba\u011flar ve katmanlar aras\u0131nda zay\u0131f van der Waals kuvvetleri ile bir arada tutulan istiflenmi\u015f karbon atomu katmanlar\u0131ndan olu\u015fan benzersiz bir yap\u0131ya sahiptir. Bu yap\u0131 ona m\u00fckemmel kayganl\u0131k, elektrik iletkenli\u011fi ve termal kararl\u0131l\u0131k gibi benzersiz \u00f6zellikler kazand\u0131r\u0131r.<\/p>\n<h2>Neyden yap\u0131lm\u0131\u015f?<\/h2>\n<p>Grafit tozu ince toz \u015feklindedir ve ana bile\u015feni karbondur. Hammaddeleri temel olarak iki t\u00fcre ayr\u0131l\u0131r: do\u011fal ve sentetik.<\/p>\n<p>Do\u011fal grafit esas olarak mekanik \u00f6\u011f\u00fctme, kimyasal indirgeme ve di\u011fer y\u00f6ntemlerle yap\u0131lan ham cevherden gelir.<\/p>\n<p>Sentetik grafit, safs\u0131zl\u0131klar\u0131n elenmesi ve giderilmesi ile \u00fcretilir. Daha y\u00fcksek safl\u0131\u011fa sahip inorganik metalik olmayan bir malzemedir.<\/p>\n<h2>Bunun ne faydas\u0131 var?<\/h2>\n<p>Y\u00fcksek erime noktas\u0131 ve a\u015f\u0131nma direnci nedeniyle grafit tozu, s\u0131k s\u0131k de\u011fi\u015ftirilmeden end\u00fcstriyel makineler i\u00e7in ya\u011flay\u0131c\u0131 olarak kullan\u0131l\u0131r. Ayr\u0131ca kalem ve boya gibi grafit bazl\u0131 \u00fcr\u00fcnlerin \u00fcretiminde de kullan\u0131l\u0131r. Ek olarak, a\u015fa\u011f\u0131dakileri \u00fcretmek i\u00e7in kullan\u0131labilir<a href=\"https:\/\/www.britannica.com\/science\/graphene\" target=\"_blank\" rel=\"noopener\"> grafen<\/a>yar\u0131 iletkenler gibi geni\u015f bir uygulama yelpazesine sahip bir malzemedir, <a href=\"https:\/\/en.wikipedia.org\/wiki\/Carbon_fibers\" target=\"_blank\" rel=\"noopener\">karbon elyaflar<\/a>nanot\u00fcpler, kompozit malzemeler, vb.<\/p>\n<p>Ayr\u0131ca \u00e7elik \u00fcretimi i\u00e7in karb\u00fcrleme maddesi olarak ba\u015fka bir \u00f6nemli kullan\u0131m\u0131 daha vard\u0131r. Eaf \u00e7elik \u00fcretimi i\u00e7in karb\u00fcrleme ajan\u0131 olarak kullan\u0131ld\u0131\u011f\u0131nda, suni \u00e7eli\u011fin i\u015flenmesi s\u0131ras\u0131nda kesilen d\u00f6k\u00fcnt\u00fcd\u00fcr. <a href=\"https:\/\/jinsuncarbon.com\/tr\/urun\/grafit-elektrot\/\">grafit elektrotlar<\/a>. \u00c7\u00fcnk\u00fc bu t\u00fcr d\u00f6k\u00fcnt\u00fclerin karbon i\u00e7eri\u011fi 99% kadar y\u00fcksektir.<\/p>\n<p>Bu s\u00fcre\u00e7te <a href=\"https:\/\/www.sciencedirect.com\/topics\/engineering\/electric-arc-furnace-process\" target=\"_blank\" rel=\"noopener\">eaf \u00e7eli\u0307k \u00fcreti\u0307mi\u0307<\/a>Eritilmi\u015f \u00fcr\u00fcn\u00fcn kalitesinin standartlar\u0131 kar\u015f\u0131lamas\u0131n\u0131 sa\u011flamak i\u00e7in erimi\u015f \u00e7elikteki karbon i\u00e7eri\u011finin ayarlanmas\u0131 gerekir. Bu s\u0131rada karbonun artmas\u0131nda rol oynar ve y\u00fcksek karbon i\u00e7eri\u011fi (90%'den fazla) nedeniyle, sadece erimi\u015f \u00e7elik taraf\u0131ndan kolayca emilmez, ayn\u0131 zamanda erimi\u015f \u00e7eli\u011fin \u00e7\u00f6z\u00fcnme h\u0131z\u0131n\u0131 da b\u00fcy\u00fck \u00f6l\u00e7\u00fcde art\u0131r\u0131r.<\/p>\n<p>Kullan\u0131m amac\u0131na ba\u011fl\u0131 olarak, partik\u00fcl boyutu ve safl\u0131\u011f\u0131 da de\u011fi\u015fir. \u00c7elik \u00fcretim f\u0131r\u0131nlar\u0131nda kullan\u0131ld\u0131\u011f\u0131nda, daha y\u00fcksek safl\u0131k gereksinimleri gereklidir. Temel olarak S ve P i\u00e7erikleri konusunda kat\u0131 gereklilikler vard\u0131r. S i\u00e7eri\u011fi 0,2%'nin alt\u0131nda ve P i\u00e7eri\u011fi 0,02%'nin alt\u0131nda olmal\u0131d\u0131r.<\/p>\n<p>&nbsp;<\/p>\n<p><img fetchpriority=\"high\" decoding=\"async\" class=\"alignnone wp-image-4482\" src=\"https:\/\/jinsuncarbon.com\/wp-content\/uploads\/2023\/01\/Metallurgy-industry-1024x643.jpg\" alt=\"Metalurji end\u00fcstrisi\" width=\"388\" height=\"244\" srcset=\"https:\/\/jinsuncarbon.com\/wp-content\/uploads\/2023\/01\/Metallurgy-industry-1024x643.jpg 1024w, https:\/\/jinsuncarbon.com\/wp-content\/uploads\/2023\/01\/Metallurgy-industry-600x377.jpg 600w, https:\/\/jinsuncarbon.com\/wp-content\/uploads\/2023\/01\/Metallurgy-industry-300x188.jpg 300w, https:\/\/jinsuncarbon.com\/wp-content\/uploads\/2023\/01\/Metallurgy-industry-768x482.jpg 768w, https:\/\/jinsuncarbon.com\/wp-content\/uploads\/2023\/01\/Metallurgy-industry-18x12.jpg 18w, https:\/\/jinsuncarbon.com\/wp-content\/uploads\/2023\/01\/Metallurgy-industry.jpg 1080w\" sizes=\"(max-width: 388px) 100vw, 388px\" \/> <img decoding=\"async\" class=\"alignnone wp-image-4528\" src=\"https:\/\/jinsuncarbon.com\/wp-content\/uploads\/2023\/02\/lithium-battery-industry-1024x631.jpg\" alt=\"lityum pil end\u00fcstrisi\" width=\"390\" height=\"240\" srcset=\"https:\/\/jinsuncarbon.com\/wp-content\/uploads\/2023\/02\/lithium-battery-industry-1024x631.jpg 1024w, https:\/\/jinsuncarbon.com\/wp-content\/uploads\/2023\/02\/lithium-battery-industry-600x369.jpg 600w, https:\/\/jinsuncarbon.com\/wp-content\/uploads\/2023\/02\/lithium-battery-industry-300x185.jpg 300w, https:\/\/jinsuncarbon.com\/wp-content\/uploads\/2023\/02\/lithium-battery-industry-768x473.jpg 768w, https:\/\/jinsuncarbon.com\/wp-content\/uploads\/2023\/02\/lithium-battery-industry-18x12.jpg 18w, https:\/\/jinsuncarbon.com\/wp-content\/uploads\/2023\/02\/lithium-battery-industry.jpg 1080w\" sizes=\"(max-width: 390px) 100vw, 390px\" \/> <img decoding=\"async\" class=\"alignnone wp-image-4505\" src=\"https:\/\/jinsuncarbon.com\/wp-content\/uploads\/2023\/02\/Electric-arc-furnace-\uff08eaf\uff09steelmaking-1024x795.jpg\" alt=\"Elektrik ark oca\u011f\u0131\uff08sa\u011f\u0131r\uff09\u00e7elik \u00fcretimi\" width=\"313\" height=\"243\" srcset=\"https:\/\/jinsuncarbon.com\/wp-content\/uploads\/2023\/02\/Electric-arc-furnace-\uff08eaf\uff09steelmaking-1024x795.jpg 1024w, https:\/\/jinsuncarbon.com\/wp-content\/uploads\/2023\/02\/Electric-arc-furnace-\uff08eaf\uff09steelmaking-600x466.jpg 600w, https:\/\/jinsuncarbon.com\/wp-content\/uploads\/2023\/02\/Electric-arc-furnace-\uff08eaf\uff09steelmaking-300x233.jpg 300w, https:\/\/jinsuncarbon.com\/wp-content\/uploads\/2023\/02\/Electric-arc-furnace-\uff08eaf\uff09steelmaking-768x597.jpg 768w, https:\/\/jinsuncarbon.com\/wp-content\/uploads\/2023\/02\/Electric-arc-furnace-\uff08eaf\uff09steelmaking-15x12.jpg 15w, https:\/\/jinsuncarbon.com\/wp-content\/uploads\/2023\/02\/Electric-arc-furnace-\uff08eaf\uff09steelmaking.jpg 1080w\" sizes=\"(max-width: 313px) 100vw, 313px\" \/><\/p>\n<p>&nbsp;<\/p>\n<h2>\u00d6zellikleri nelerdir?<\/h2>\n<p>Metalik olmayan mineral bir malzemedir.  Y\u00fcksek elektriksel ve termal iletkenli\u011fe, son derece y\u00fcksek erime noktas\u0131na sahiptir; iyi kayganl\u0131k, plastisite ve kimyasal stabilite ve asitler, alkaliler ve organik \u00e7\u00f6z\u00fcc\u00fcler taraf\u0131ndan a\u015f\u0131nmaz. Bu \u00f6zelliklerinden dolay\u0131 kimya end\u00fcstrisi, metalurji, d\u00f6k\u00fcm, ya\u011flama, s\u0131zd\u0131rmazl\u0131k ve di\u011fer end\u00fcstriyel alanlarda yayg\u0131n olarak kullan\u0131lmaktad\u0131r.<\/p>\n<p>&nbsp;<\/p>\n<p><strong>Fiziksel ve Kimyasal \u00d6zellikler<\/strong><strong>\u00a0<\/strong><\/p>\n<table>\n<tbody>\n<tr>\n<td width=\"280\"><strong>ITEM<\/strong><\/td>\n<td width=\"141\"><strong>Birim<\/strong><\/td>\n<td width=\"179\"><strong>De\u011fer<\/strong><\/td>\n<\/tr>\n<tr>\n<td width=\"280\"><strong>C<\/strong><\/td>\n<td width=\"141\">%<\/td>\n<td width=\"179\">\u2265 99.5<\/td>\n<\/tr>\n<tr>\n<td width=\"280\"><strong>S<\/strong><\/td>\n<td width=\"141\">%<\/td>\n<td width=\"179\">\u2264 0.03<\/td>\n<\/tr>\n<tr>\n<td width=\"280\"><strong>K\u00fcl<\/strong><\/td>\n<td width=\"141\">%<\/td>\n<td width=\"179\">\u2264 0.30<\/td>\n<\/tr>\n<tr>\n<td width=\"280\"><strong>Nem<\/strong><\/td>\n<td width=\"141\">%<\/td>\n<td width=\"179\">\u2264 0.20<\/td>\n<\/tr>\n<tr>\n<td width=\"280\"><strong>N<\/strong><\/td>\n<td width=\"141\">PPM<\/td>\n<td width=\"179\">\u2264 180<\/td>\n<\/tr>\n<tr>\n<td width=\"280\"><strong>H<\/strong><\/td>\n<td width=\"141\">PPM<\/td>\n<td width=\"179\">\u2264 120<\/td>\n<\/tr>\n<tr>\n<td width=\"280\"><strong>O<\/strong><\/td>\n<td width=\"141\">PPM<\/td>\n<td width=\"179\">\u2264 720<\/td>\n<\/tr>\n<tr>\n<td width=\"280\"><strong>Y\u0131\u011f\u0131n yo\u011funlu\u011fu<\/strong><\/td>\n<td width=\"141\">g\u2215dm<sup>3<\/sup><\/td>\n<td width=\"179\">713<\/td>\n<\/tr>\n<tr>\n<td width=\"280\"><strong>Boyut<\/strong><\/td>\n<td colspan=\"2\" width=\"321\">0,5-5 mm (ihtiyaca g\u00f6re)<\/td>\n<\/tr>\n<tr>\n<td width=\"280\"><strong>Paketleme<\/strong><\/td>\n<td colspan=\"2\" width=\"321\">20kgs Torba \/25kgs Torba \/Ton Torba<\/td>\n<\/tr>\n<\/tbody>\n<\/table>\n<h5><\/h5>\n<p>&nbsp;<\/p>","protected":false},"excerpt":{"rendered":"<p>Grafit tozu, \u00e7e\u015fitli end\u00fcstriyel ve ticari uygulamalar i\u00e7in m\u00fckemmel bir se\u00e7imdir. Y\u00fcksek dereceli, y\u00fcksek s\u0131cakl\u0131kta i\u015flenmi\u015f grafit tozumuz ya\u011flay\u0131c\u0131lar, soba cilas\u0131, kalemler, elektrotlar, fren balatalar\u0131, piller, toz metalurjisi, cam \u00fcretimi ve iletken kaplamalar i\u00e7in idealdir. \u00dcst\u00fcn mukavemeti ve dayan\u0131kl\u0131l\u0131\u011f\u0131 ile sentetik grafit tozumuzun i\u015finizi g\u00f6rece\u011fine g\u00fcvenebilirsiniz.<\/p>","protected":false},"featured_media":2707,"template":"","meta":[],"product_brand":[],"product_cat":[40],"product_tag":[48],"class_list":{"0":"post-2667","1":"product","2":"type-product","3":"status-publish","4":"has-post-thumbnail","6":"product_cat-petroleum-coke","7":"product_tag-synthetic-graphite-powder","9":"first","10":"instock","11":"shipping-taxable","12":"product-type-simple"},"yoast_head":"<!-- This site is optimized with the Yoast SEO Premium plugin v19.2.1 (Yoast SEO v25.3) - https:\/\/yoast.com\/wordpress\/plugins\/seo\/ -->\n<title>Graphite Powder Manufacturer &amp; Supplier in China<\/title>\n<meta name=\"description\" content=\"Synthetic graphite powder is a type of graphite made by chemical processes using carbon elements. It is a highly conductive material.\" \/>\n<meta name=\"robots\" content=\"index, follow, max-snippet:-1, max-image-preview:large, max-video-preview:-1\" \/>\n<link rel=\"canonical\" href=\"https:\/\/jinsuncarbon.com\/tr\/urun\/grafit-tozu\/\" \/>\n<meta property=\"og:locale\" content=\"tr_TR\" \/>\n<meta property=\"og:type\" content=\"article\" \/>\n<meta property=\"og:title\" content=\"Graphite Powder\" \/>\n<meta property=\"og:description\" content=\"Synthetic graphite powder is a type of graphite made by chemical processes using carbon elements. It is a highly conductive material.\" \/>\n<meta property=\"og:url\" content=\"https:\/\/jinsuncarbon.com\/tr\/urun\/grafit-tozu\/\" \/>\n<meta property=\"og:site_name\" content=\"Jinsun Carbon\" \/>\n<meta property=\"article:publisher\" content=\"https:\/\/www.facebook.com\/Graphite-Electrode-109336238661595\" \/>\n<meta property=\"article:modified_time\" content=\"2026-02-26T14:42:08+00:00\" \/>\n<meta property=\"og:image\" content=\"https:\/\/jinsuncarbon.com\/wp-content\/uploads\/2023\/02\/e2ab6861af5b3f55cb318380525fbdc.jpg\" \/>\n\t<meta property=\"og:image:width\" content=\"1024\" \/>\n\t<meta property=\"og:image:height\" content=\"763\" \/>\n\t<meta property=\"og:image:type\" content=\"image\/jpeg\" \/>\n<meta name=\"twitter:card\" content=\"summary_large_image\" \/>\n<meta name=\"twitter:site\" content=\"@jinsuncarbon_\" \/>\n<meta name=\"twitter:label1\" content=\"Tahmini okuma s\u00fcresi\" \/>\n\t<meta name=\"twitter:data1\" content=\"3 dakika\" \/>\n<script type=\"application\/ld+json\" class=\"yoast-schema-graph\">{\"@context\":\"https:\/\/schema.org\",\"@graph\":[{\"@type\":\"WebPage\",\"@id\":\"https:\/\/jinsuncarbon.com\/product\/graphite-powder\/\",\"url\":\"https:\/\/jinsuncarbon.com\/product\/graphite-powder\/\",\"name\":\"Graphite Powder Manufacturer & Supplier in China\",\"isPartOf\":{\"@id\":\"https:\/\/jinsuncarbon.com\/#website\"},\"primaryImageOfPage\":{\"@id\":\"https:\/\/jinsuncarbon.com\/product\/graphite-powder\/#primaryimage\"},\"image\":{\"@id\":\"https:\/\/jinsuncarbon.com\/product\/graphite-powder\/#primaryimage\"},\"thumbnailUrl\":\"https:\/\/jinsuncarbon.com\/wp-content\/uploads\/2023\/02\/e2ab6861af5b3f55cb318380525fbdc.jpg\",\"datePublished\":\"2023-02-15T07:59:16+00:00\",\"dateModified\":\"2026-02-26T14:42:08+00:00\",\"description\":\"Synthetic graphite powder is a type of graphite made by chemical processes using carbon elements. It is a highly conductive material.\",\"breadcrumb\":{\"@id\":\"https:\/\/jinsuncarbon.com\/product\/graphite-powder\/#breadcrumb\"},\"inLanguage\":\"tr\",\"potentialAction\":[{\"@type\":\"ReadAction\",\"target\":[\"https:\/\/jinsuncarbon.com\/product\/graphite-powder\/\"]}]},{\"@type\":\"ImageObject\",\"inLanguage\":\"tr\",\"@id\":\"https:\/\/jinsuncarbon.com\/product\/graphite-powder\/#primaryimage\",\"url\":\"https:\/\/jinsuncarbon.com\/wp-content\/uploads\/2023\/02\/e2ab6861af5b3f55cb318380525fbdc.jpg\",\"contentUrl\":\"https:\/\/jinsuncarbon.com\/wp-content\/uploads\/2023\/02\/e2ab6861af5b3f55cb318380525fbdc.jpg\",\"width\":1024,\"height\":763,\"caption\":\"synthetic graphite powder uses\"},{\"@type\":\"BreadcrumbList\",\"@id\":\"https:\/\/jinsuncarbon.com\/product\/graphite-powder\/#breadcrumb\",\"itemListElement\":[{\"@type\":\"ListItem\",\"position\":1,\"name\":\"Home\",\"item\":\"https:\/\/jinsuncarbon.com\/\"},{\"@type\":\"ListItem\",\"position\":2,\"name\":\"Products\",\"item\":\"https:\/\/jinsuncarbon.com\/graphite-carbon\/\"},{\"@type\":\"ListItem\",\"position\":3,\"name\":\"Graphite Powder\"}]},{\"@type\":\"WebSite\",\"@id\":\"https:\/\/jinsuncarbon.com\/#website\",\"url\":\"https:\/\/jinsuncarbon.com\/\",\"name\":\"Jinsun Carbon\",\"description\":\"We are the successful graphite electrode manufacturer in China\",\"publisher\":{\"@id\":\"https:\/\/jinsuncarbon.com\/#organization\"},\"potentialAction\":[{\"@type\":\"SearchAction\",\"target\":{\"@type\":\"EntryPoint\",\"urlTemplate\":\"https:\/\/jinsuncarbon.com\/?s={search_term_string}\"},\"query-input\":{\"@type\":\"PropertyValueSpecification\",\"valueRequired\":true,\"valueName\":\"search_term_string\"}}],\"inLanguage\":\"tr\"},{\"@type\":\"Organization\",\"@id\":\"https:\/\/jinsuncarbon.com\/#organization\",\"name\":\"Jinsun Carbon\",\"alternateName\":\"Jinsun Carbon\",\"url\":\"https:\/\/jinsuncarbon.com\/\",\"logo\":{\"@type\":\"ImageObject\",\"inLanguage\":\"tr\",\"@id\":\"https:\/\/jinsuncarbon.com\/#\/schema\/logo\/image\/\",\"url\":\"https:\/\/jinsuncarbon.com\/wp-content\/uploads\/2022\/12\/LOGO-1.png\",\"contentUrl\":\"https:\/\/jinsuncarbon.com\/wp-content\/uploads\/2022\/12\/LOGO-1.png\",\"width\":207,\"height\":80,\"caption\":\"Jinsun Carbon\"},\"image\":{\"@id\":\"https:\/\/jinsuncarbon.com\/#\/schema\/logo\/image\/\"},\"sameAs\":[\"https:\/\/www.facebook.com\/Graphite-Electrode-109336238661595\",\"https:\/\/x.com\/jinsuncarbon_\",\"https:\/\/www.linkedin.com\/in\/jinsungraphite\",\"https:\/\/www.youtube.com\/channel\/UCysDNyvyR5-3cCWEmpkVC0g\"]}]}<\/script>\n<!-- \/ Yoast SEO Premium plugin. -->","yoast_head_json":{"title":"\u00c7in'de Grafit Tozu \u00dcreticisi ve Tedarik\u00e7isi","description":"Sentetik grafit tozu, karbon elementleri kullan\u0131larak kimyasal i\u015flemlerle yap\u0131lan bir grafit t\u00fcr\u00fcd\u00fcr. Olduk\u00e7a iletken bir malzemedir.","robots":{"index":"index","follow":"follow","max-snippet":"max-snippet:-1","max-image-preview":"max-image-preview:large","max-video-preview":"max-video-preview:-1"},"canonical":"https:\/\/jinsuncarbon.com\/tr\/urun\/grafit-tozu\/","og_locale":"tr_TR","og_type":"article","og_title":"Graphite Powder","og_description":"Synthetic graphite powder is a type of graphite made by chemical processes using carbon elements. It is a highly conductive material.","og_url":"https:\/\/jinsuncarbon.com\/tr\/urun\/grafit-tozu\/","og_site_name":"Jinsun Carbon","article_publisher":"https:\/\/www.facebook.com\/Graphite-Electrode-109336238661595","article_modified_time":"2026-02-26T14:42:08+00:00","og_image":[{"width":1024,"height":763,"url":"https:\/\/jinsuncarbon.com\/wp-content\/uploads\/2023\/02\/e2ab6861af5b3f55cb318380525fbdc.jpg","type":"image\/jpeg"}],"twitter_card":"summary_large_image","twitter_site":"@jinsuncarbon_","twitter_misc":{"Tahmini okuma s\u00fcresi":"3 dakika"},"schema":{"@context":"https:\/\/schema.org","@graph":[{"@type":"WebPage","@id":"https:\/\/jinsuncarbon.com\/product\/graphite-powder\/","url":"https:\/\/jinsuncarbon.com\/product\/graphite-powder\/","name":"\u00c7in'de Grafit Tozu \u00dcreticisi ve Tedarik\u00e7isi","isPartOf":{"@id":"https:\/\/jinsuncarbon.com\/#website"},"primaryImageOfPage":{"@id":"https:\/\/jinsuncarbon.com\/product\/graphite-powder\/#primaryimage"},"image":{"@id":"https:\/\/jinsuncarbon.com\/product\/graphite-powder\/#primaryimage"},"thumbnailUrl":"https:\/\/jinsuncarbon.com\/wp-content\/uploads\/2023\/02\/e2ab6861af5b3f55cb318380525fbdc.jpg","datePublished":"2023-02-15T07:59:16+00:00","dateModified":"2026-02-26T14:42:08+00:00","description":"Sentetik grafit tozu, karbon elementleri kullan\u0131larak kimyasal i\u015flemlerle yap\u0131lan bir grafit t\u00fcr\u00fcd\u00fcr. Olduk\u00e7a iletken bir malzemedir.","breadcrumb":{"@id":"https:\/\/jinsuncarbon.com\/product\/graphite-powder\/#breadcrumb"},"inLanguage":"tr","potentialAction":[{"@type":"ReadAction","target":["https:\/\/jinsuncarbon.com\/product\/graphite-powder\/"]}]},{"@type":"ImageObject","inLanguage":"tr","@id":"https:\/\/jinsuncarbon.com\/product\/graphite-powder\/#primaryimage","url":"https:\/\/jinsuncarbon.com\/wp-content\/uploads\/2023\/02\/e2ab6861af5b3f55cb318380525fbdc.jpg","contentUrl":"https:\/\/jinsuncarbon.com\/wp-content\/uploads\/2023\/02\/e2ab6861af5b3f55cb318380525fbdc.jpg","width":1024,"height":763,"caption":"synthetic graphite powder uses"},{"@type":"BreadcrumbList","@id":"https:\/\/jinsuncarbon.com\/product\/graphite-powder\/#breadcrumb","itemListElement":[{"@type":"ListItem","position":1,"name":"Home","item":"https:\/\/jinsuncarbon.com\/"},{"@type":"ListItem","position":2,"name":"Products","item":"https:\/\/jinsuncarbon.com\/graphite-carbon\/"},{"@type":"ListItem","position":3,"name":"Graphite Powder"}]},{"@type":"WebSite","@id":"https:\/\/jinsuncarbon.com\/#website","url":"https:\/\/jinsuncarbon.com\/","name":"Jinsun Karbon","description":"\u00c7in'deki ba\u015far\u0131l\u0131 grafit elektrot \u00fcreticisiyiz","publisher":{"@id":"https:\/\/jinsuncarbon.com\/#organization"},"potentialAction":[{"@type":"SearchAction","target":{"@type":"EntryPoint","urlTemplate":"https:\/\/jinsuncarbon.com\/?s={search_term_string}"},"query-input":{"@type":"PropertyValueSpecification","valueRequired":true,"valueName":"search_term_string"}}],"inLanguage":"tr"},{"@type":"Organization","@id":"https:\/\/jinsuncarbon.com\/#organization","name":"Jinsun Karbon","alternateName":"Jinsun Carbon","url":"https:\/\/jinsuncarbon.com\/","logo":{"@type":"ImageObject","inLanguage":"tr","@id":"https:\/\/jinsuncarbon.com\/#\/schema\/logo\/image\/","url":"https:\/\/jinsuncarbon.com\/wp-content\/uploads\/2022\/12\/LOGO-1.png","contentUrl":"https:\/\/jinsuncarbon.com\/wp-content\/uploads\/2022\/12\/LOGO-1.png","width":207,"height":80,"caption":"Jinsun Carbon"},"image":{"@id":"https:\/\/jinsuncarbon.com\/#\/schema\/logo\/image\/"},"sameAs":["https:\/\/www.facebook.com\/Graphite-Electrode-109336238661595","https:\/\/x.com\/jinsuncarbon_","https:\/\/www.linkedin.com\/in\/jinsungraphite","https:\/\/www.youtube.com\/channel\/UCysDNyvyR5-3cCWEmpkVC0g"]}]}},"_links":{"self":[{"href":"https:\/\/jinsuncarbon.com\/tr\/wp-json\/wp\/v2\/product\/2667","targetHints":{"allow":["GET"]}}],"collection":[{"href":"https:\/\/jinsuncarbon.com\/tr\/wp-json\/wp\/v2\/product"}],"about":[{"href":"https:\/\/jinsuncarbon.com\/tr\/wp-json\/wp\/v2\/types\/product"}],"wp:featuredmedia":[{"embeddable":true,"href":"https:\/\/jinsuncarbon.com\/tr\/wp-json\/wp\/v2\/media\/2707"}],"wp:attachment":[{"href":"https:\/\/jinsuncarbon.com\/tr\/wp-json\/wp\/v2\/media?parent=2667"}],"wp:term":[{"taxonomy":"product_brand","embeddable":true,"href":"https:\/\/jinsuncarbon.com\/tr\/wp-json\/wp\/v2\/product_brand?post=2667"},{"taxonomy":"product_cat","embeddable":true,"href":"https:\/\/jinsuncarbon.com\/tr\/wp-json\/wp\/v2\/product_cat?post=2667"},{"taxonomy":"product_tag","embeddable":true,"href":"https:\/\/jinsuncarbon.com\/tr\/wp-json\/wp\/v2\/product_tag?post=2667"}],"curies":[{"name":"wp","href":"https:\/\/api.w.org\/{rel}","templated":true}]}}