{"id":2156,"date":"2023-01-30T09:44:46","date_gmt":"2023-01-30T09:44:46","guid":{"rendered":"https:\/\/jinsuncarbon.com\/?post_type=product&#038;p=2156"},"modified":"2024-06-29T13:12:07","modified_gmt":"2024-06-29T13:12:07","slug":"dogal-pul-grafit","status":"publish","type":"product","link":"https:\/\/jinsuncarbon.com\/tr\/urun\/dogal-pul-grafit\/","title":{"rendered":"Do\u011fal Pul Grafit"},"content":{"rendered":"<p>Kendine \u00f6zg\u00fc pul pul morfolojisi ve ola\u011fan\u00fcst\u00fc \u00f6zellikleriyle tan\u0131nan, do\u011fal olarak olu\u015fan bir kristal karbon t\u00fcr\u00fcd\u00fcr. Do\u011frudan se\u00e7kin grafit madeninden elde edilen ve par\u00e7ac\u0131k boyutu i\u00e7in titiz bir safla\u015ft\u0131rma ve i\u015fleme tabi tutulan bu grafit \u00e7e\u015fidi, elektriksel ve termal iletkenli\u011fi, y\u00fcksek s\u0131cakl\u0131k direnci ve kimyasal inertli\u011fi ile \u00f6ne \u00e7\u0131kar.<\/p>\n<h2>Do\u011fal Pul Grafit Benzersiz \u00d6zellikleri<\/h2>\n<p><span data-preserver-spaces=\"true\">Karbon i\u00e7eri\u011fine g\u00f6re s\u0131n\u0131fland\u0131r\u0131l\u0131r; \u00f6rne\u011fin, 99.9% C% y\u00fcksek safl\u0131kta grafittir; 94% C% &lt; 99% y\u00fcksek karbonlu grafittir; 80% C% &lt; 94% orta karbonlu grafittir; 50% C% &lt; 80% d\u00fc\u015f\u00fck karbonlu grafittir. <\/span><\/p>\n<p><span data-preserver-spaces=\"true\">Pul grafitin iletkenli\u011fi uzun zamand\u0131r end\u00fcstride kullan\u0131lmaktad\u0131r ve karbon anot malzemeleri, bataryalarda oksidatif bir rol oynamaktad\u0131r. <\/span><a class=\"editor-rtfLink\" href=\"https:\/\/jinsuncarbon.com\/tr\/urun\/cathodes-block\/\" target=\"_blank\" rel=\"noopener\"><span data-preserver-spaces=\"true\">katot malzemesi<\/span><\/a><span data-preserver-spaces=\"true\"> end\u00fcstri. Ya\u011flama performans\u0131 da daha iyidir; \u00f6l\u00e7ek ne kadar \u00f6nemli olursa, s\u00fcrt\u00fcnme katsay\u0131s\u0131 o kadar k\u00fc\u00e7\u00fck olur. Pul grafit, kimya end\u00fcstrisinde s\u00fcper bir malzemedir.\u00a0<\/span><\/p>\n<p>\u00dcretimde, di\u015fliler, rulmanlar ve di\u011fer hareketli par\u00e7alar\u0131 kayd\u0131rmak dahil olmak \u00fczere \u00e7e\u015fitli sanatlar\u0131 ya\u011flamak i\u00e7in kullan\u0131l\u0131r. Daha sonra s\u00fcrt\u00fcnmeyi azalt\u0131r ve makinenin verimlili\u011fini art\u0131r\u0131r. Ayr\u0131ca buhar motorlar\u0131 ve i\u00e7ten yanmal\u0131 motorlar i\u00e7in bir ya\u011flay\u0131c\u0131 g\u00f6revi g\u00f6r\u00fcr.<\/p>\n<p>Di\u011fer bir kullan\u0131m alan\u0131 ise metal\u00fcrjik ergitme potalar\u0131 ve \u00e7e\u015fitli refrakter \u00fcr\u00fcnlerin imalat\u0131d\u0131r. <a href=\"https:\/\/en.wikipedia.org\/wiki\/Furnace_(central_heating)\" target=\"_blank\" rel=\"noopener\">F\u0131r\u0131nlar<\/a>. F\u0131r\u00e7a ve mekanik f\u0131r\u00e7a yap\u0131m\u0131nda kullan\u0131lan ana hammaddedir. <a href=\"https:\/\/www.britannica.com\/science\/carbon-chemical-element\" target=\"_blank\" rel=\"noopener\">Karbon,<\/a> ve grafit elektrotlar \u00fcretmek i\u00e7in de kullan\u0131labilir.<\/p>\n<h2>Uygulamalar<\/h2>\n<p><strong>Enerji Depolama Sistemleri\u00a0 \u00a0 \u00a0 \u00a0 \u00a0 \u00a0 \u00a0 \u00a0 \u00a0 \u00a0 \u00a0 \u00a0 \u00a0 \u00a0 \u00a0 \u00a0 \u00a0 \u00a0 \u00a0 \u00a0 \u00a0 \u00a0 \u00a0 \u00a0 \u00a0 \u00a0 \u00a0 \u00a0 \u00a0 \u00a0 \u00a0 \u00a0 \u00a0 \u00a0 \u00a0 \u00a0 \u00a0 \u00a0 \u00a0 \u00a0 \u00a0 \u00a0 \u00a0 \u00a0 \u00a0 \u00a0 \u00a0 \u00a0 \u00a0 \u00a0 \u00a0 \u00a0 \u00a0 \u00a0 \u00a0\u00a0<\/strong><\/p>\n<p>Verimli enerji depolama \u00e7\u00f6z\u00fcmlerine y\u00f6nelik artan taleple birlikte, anot olarak \u00f6nemli bir kullan\u0131m alan\u0131 bulmaktad\u0131r<\/p>\n<p>lityum-iyon pillerde kullan\u0131lan bir malzemedir. Katmanl\u0131 yap\u0131s\u0131, lityum iyon pillerin etkin bir \u015fekilde <a href=\"https:\/\/ul.org\/research\/electrochemical-safety\/getting-started-electrochemical-safety\/what-are-lithium-ion#:~:text=Lithium%2Dion%20is%20the%20most,with%20a%20protective%20circuit%20board.\" target=\"_blank\" rel=\"noopener\">lityum iyonlar\u0131<\/a>,<\/p>\n<p>Bu da onu y\u00fcksek performansl\u0131 ak\u00fcler i\u00e7in ideal hale getirir.<\/p>\n<p><strong>Metalurji<\/strong><\/p>\n<p>Metalurji alan\u0131nda, d\u00f6k\u00fcmhanelerde ve refrakterlerde de\u011ferli bir katk\u0131 maddesi olarak hizmet vermektedir. \u00d6rne\u011fin, d\u00f6kme demirde grafit pullar\u0131.<\/p>\n<p>Is\u0131ya dayan\u0131kl\u0131 ve ya\u011flay\u0131c\u0131 \u00f6zellikleri, \u00e7e\u015fitli metal\u00fcrjik s\u00fcre\u00e7lerin verimlili\u011fini ve \u00e7\u0131kt\u0131s\u0131n\u0131 \u00f6nemli \u00f6l\u00e7\u00fcde art\u0131r\u0131r.<\/p>\n<p><strong>\u00a0Elektronik<\/strong><\/p>\n<p>M\u00fckemmel termal ve elektriksel iletkenli\u011fi g\u00f6z \u00f6n\u00fcne al\u0131nd\u0131\u011f\u0131nda, elektronik end\u00fcstrisindeki uygulamalar i\u00e7in \u00e7ok uygundur.<\/p>\n<p>Y\u00fcksek g\u00fc\u00e7l\u00fc elektronik cihazlarda etkili bir \u0131s\u0131 yayma malzemesidir, performanslar\u0131na ve uzun \u00f6m\u00fcrl\u00fcl\u00fcklerine katk\u0131da bulunur.<\/p>\n<p>&nbsp;<\/p>\n<p><img fetchpriority=\"high\" decoding=\"async\" class=\"size-large wp-image-4461 alignnone\" src=\"https:\/\/jinsuncarbon.com\/wp-content\/uploads\/2023\/01\/New-energy-industry-1024x576.jpg\" alt=\"Yeni enerji end\u00fcstrisi\" width=\"800\" height=\"450\" srcset=\"https:\/\/jinsuncarbon.com\/wp-content\/uploads\/2023\/01\/New-energy-industry-1024x576.jpg 1024w, https:\/\/jinsuncarbon.com\/wp-content\/uploads\/2023\/01\/New-energy-industry-600x337.jpg 600w, https:\/\/jinsuncarbon.com\/wp-content\/uploads\/2023\/01\/New-energy-industry-300x169.jpg 300w, https:\/\/jinsuncarbon.com\/wp-content\/uploads\/2023\/01\/New-energy-industry-768x432.jpg 768w, https:\/\/jinsuncarbon.com\/wp-content\/uploads\/2023\/01\/New-energy-industry-1536x864.jpg 1536w, https:\/\/jinsuncarbon.com\/wp-content\/uploads\/2023\/01\/New-energy-industry-2048x1151.jpg 2048w, https:\/\/jinsuncarbon.com\/wp-content\/uploads\/2023\/01\/New-energy-industry-18x10.jpg 18w\" sizes=\"(max-width: 800px) 100vw, 800px\" \/><\/p>\n<p>&nbsp;<\/p>\n<h2>Avantajlar\u0131 nelerdir?<\/h2>\n<ul>\n<li>Elektrik iletkenli\u011fi ve \u00f6zg\u00fcl direnci 11,8-15,7\u03bc\u03a9-m'dir.<\/li>\n<li>\u0130yi kimyasal stabilite, \u00e7o\u011fu kimyasal maddenin erozyonuna kar\u015f\u0131 koyabilir ve asit ve alkalilere kar\u015f\u0131 dayan\u0131kl\u0131d\u0131r.<\/li>\n<li>\u0130yi oksidasyon direnci ve y\u00fcksek tutu\u015fma noktas\u0131.<\/li>\n<\/ul>\n<p>&nbsp;<\/p>\n<p>&nbsp;<\/p>\n<p>&nbsp;<\/p>","protected":false},"excerpt":{"rendered":"<p>Pul grafit, bal\u0131k fosforu \u015feklinde do\u011fal bir kristal grafittir. Alt\u0131gen kristal sistemine aittir ve katmanl\u0131 bir yap\u0131ya sahiptir. Do\u011fal pul grafit, y\u00fcksek s\u0131cakl\u0131klar ve y\u00fcksek bas\u0131n\u00e7 alt\u0131nda karbon malzemelerden olu\u015fur ve pul veya plaka \u015feklinde bulunur. Y\u00fcksek s\u0131cakl\u0131k direnci, radyasyon direnci, elektrik iletkenli\u011fi ve kendinden ya\u011flama gibi m\u00fckemmel \u00f6zelliklere sahiptir. \u00d6\u011f\u00fct\u00fclebilen ve i\u015flenebilen bir\u00e7ok boyut vard\u0131r. 100 mesh, +100 mesh ve +50 mesh gibi.<\/p>\n<p>&nbsp;<\/p>","protected":false},"featured_media":2711,"template":"","meta":[],"product_brand":[],"product_cat":[40],"product_tag":[],"class_list":{"0":"post-2156","1":"product","2":"type-product","3":"status-publish","4":"has-post-thumbnail","6":"product_cat-petroleum-coke","8":"first","9":"instock","10":"shipping-taxable","11":"product-type-simple"},"yoast_head":"<!-- This site is optimized with the Yoast SEO Premium plugin v19.2.1 (Yoast SEO v25.3) - https:\/\/yoast.com\/wordpress\/plugins\/seo\/ -->\n<title>Natural Flake Graphite | Jinsun Carbon<\/title>\n<meta name=\"description\" content=\"Flake graphite is a natural crystalline graphite in the shape of fish phosphorus. It belongs to the hexagonal crystal system and has a layered structure.\" \/>\n<meta name=\"robots\" content=\"index, follow, max-snippet:-1, max-image-preview:large, max-video-preview:-1\" \/>\n<link rel=\"canonical\" href=\"https:\/\/jinsuncarbon.com\/tr\/urun\/dogal-pul-grafit\/\" \/>\n<meta property=\"og:locale\" content=\"tr_TR\" \/>\n<meta property=\"og:type\" content=\"article\" \/>\n<meta property=\"og:title\" content=\"Natural Flake Graphite\" \/>\n<meta property=\"og:description\" content=\"Flake graphite is a natural crystalline graphite in the shape of fish phosphorus. It belongs to the hexagonal crystal system and has a layered structure.\" \/>\n<meta property=\"og:url\" content=\"https:\/\/jinsuncarbon.com\/tr\/urun\/dogal-pul-grafit\/\" \/>\n<meta property=\"og:site_name\" content=\"Jinsun Carbon\" \/>\n<meta property=\"article:publisher\" content=\"https:\/\/www.facebook.com\/Graphite-Electrode-109336238661595\" \/>\n<meta property=\"article:modified_time\" content=\"2024-06-29T13:12:07+00:00\" \/>\n<meta property=\"og:image\" content=\"https:\/\/jinsuncarbon.com\/wp-content\/uploads\/2023\/01\/7ef74e7a0acfa9b7f70a0793f159b1d.jpg\" \/>\n\t<meta property=\"og:image:width\" content=\"1024\" \/>\n\t<meta property=\"og:image:height\" content=\"763\" \/>\n\t<meta property=\"og:image:type\" content=\"image\/jpeg\" \/>\n<meta name=\"twitter:card\" content=\"summary_large_image\" \/>\n<meta name=\"twitter:site\" content=\"@jinsuncarbon_\" \/>\n<meta name=\"twitter:label1\" content=\"Tahmini okuma s\u00fcresi\" \/>\n\t<meta name=\"twitter:data1\" content=\"2 dakika\" \/>\n<script type=\"application\/ld+json\" class=\"yoast-schema-graph\">{\"@context\":\"https:\/\/schema.org\",\"@graph\":[{\"@type\":\"WebPage\",\"@id\":\"https:\/\/jinsuncarbon.com\/product\/natural-flake-graphite\/\",\"url\":\"https:\/\/jinsuncarbon.com\/product\/natural-flake-graphite\/\",\"name\":\"Natural Flake Graphite | Jinsun Carbon\",\"isPartOf\":{\"@id\":\"https:\/\/jinsuncarbon.com\/#website\"},\"primaryImageOfPage\":{\"@id\":\"https:\/\/jinsuncarbon.com\/product\/natural-flake-graphite\/#primaryimage\"},\"image\":{\"@id\":\"https:\/\/jinsuncarbon.com\/product\/natural-flake-graphite\/#primaryimage\"},\"thumbnailUrl\":\"https:\/\/jinsuncarbon.com\/wp-content\/uploads\/2023\/01\/7ef74e7a0acfa9b7f70a0793f159b1d.jpg\",\"datePublished\":\"2023-01-30T09:44:46+00:00\",\"dateModified\":\"2024-06-29T13:12:07+00:00\",\"description\":\"Flake graphite is a natural crystalline graphite in the shape of fish phosphorus. It belongs to the hexagonal crystal system and has a layered structure.\",\"breadcrumb\":{\"@id\":\"https:\/\/jinsuncarbon.com\/product\/natural-flake-graphite\/#breadcrumb\"},\"inLanguage\":\"tr\",\"potentialAction\":[{\"@type\":\"ReadAction\",\"target\":[\"https:\/\/jinsuncarbon.com\/product\/natural-flake-graphite\/\"]}]},{\"@type\":\"ImageObject\",\"inLanguage\":\"tr\",\"@id\":\"https:\/\/jinsuncarbon.com\/product\/natural-flake-graphite\/#primaryimage\",\"url\":\"https:\/\/jinsuncarbon.com\/wp-content\/uploads\/2023\/01\/7ef74e7a0acfa9b7f70a0793f159b1d.jpg\",\"contentUrl\":\"https:\/\/jinsuncarbon.com\/wp-content\/uploads\/2023\/01\/7ef74e7a0acfa9b7f70a0793f159b1d.jpg\",\"width\":1024,\"height\":763,\"caption\":\"Natural Flake Graphite price- Jinsun Carbon\"},{\"@type\":\"BreadcrumbList\",\"@id\":\"https:\/\/jinsuncarbon.com\/product\/natural-flake-graphite\/#breadcrumb\",\"itemListElement\":[{\"@type\":\"ListItem\",\"position\":1,\"name\":\"Home\",\"item\":\"https:\/\/jinsuncarbon.com\/\"},{\"@type\":\"ListItem\",\"position\":2,\"name\":\"Products\",\"item\":\"https:\/\/jinsuncarbon.com\/graphite-carbon\/\"},{\"@type\":\"ListItem\",\"position\":3,\"name\":\"Natural Flake Graphite\"}]},{\"@type\":\"WebSite\",\"@id\":\"https:\/\/jinsuncarbon.com\/#website\",\"url\":\"https:\/\/jinsuncarbon.com\/\",\"name\":\"Jinsun Carbon\",\"description\":\"We are the successful graphite electrode manufacturer in China\",\"publisher\":{\"@id\":\"https:\/\/jinsuncarbon.com\/#organization\"},\"potentialAction\":[{\"@type\":\"SearchAction\",\"target\":{\"@type\":\"EntryPoint\",\"urlTemplate\":\"https:\/\/jinsuncarbon.com\/?s={search_term_string}\"},\"query-input\":{\"@type\":\"PropertyValueSpecification\",\"valueRequired\":true,\"valueName\":\"search_term_string\"}}],\"inLanguage\":\"tr\"},{\"@type\":\"Organization\",\"@id\":\"https:\/\/jinsuncarbon.com\/#organization\",\"name\":\"Jinsun Carbon\",\"alternateName\":\"Jinsun Carbon\",\"url\":\"https:\/\/jinsuncarbon.com\/\",\"logo\":{\"@type\":\"ImageObject\",\"inLanguage\":\"tr\",\"@id\":\"https:\/\/jinsuncarbon.com\/#\/schema\/logo\/image\/\",\"url\":\"https:\/\/jinsuncarbon.com\/wp-content\/uploads\/2022\/12\/LOGO-1.png\",\"contentUrl\":\"https:\/\/jinsuncarbon.com\/wp-content\/uploads\/2022\/12\/LOGO-1.png\",\"width\":207,\"height\":80,\"caption\":\"Jinsun Carbon\"},\"image\":{\"@id\":\"https:\/\/jinsuncarbon.com\/#\/schema\/logo\/image\/\"},\"sameAs\":[\"https:\/\/www.facebook.com\/Graphite-Electrode-109336238661595\",\"https:\/\/x.com\/jinsuncarbon_\",\"https:\/\/www.linkedin.com\/in\/jinsungraphite\",\"https:\/\/www.youtube.com\/channel\/UCysDNyvyR5-3cCWEmpkVC0g\"]}]}<\/script>\n<!-- \/ Yoast SEO Premium plugin. -->","yoast_head_json":{"title":"Do\u011fal Pul Grafit | Jinsun Carbon","description":"Pul grafit, bal\u0131k fosforu \u015feklinde do\u011fal bir kristal grafittir. Alt\u0131gen kristal sistemine aittir ve katmanl\u0131 bir yap\u0131ya sahiptir.","robots":{"index":"index","follow":"follow","max-snippet":"max-snippet:-1","max-image-preview":"max-image-preview:large","max-video-preview":"max-video-preview:-1"},"canonical":"https:\/\/jinsuncarbon.com\/tr\/urun\/dogal-pul-grafit\/","og_locale":"tr_TR","og_type":"article","og_title":"Natural Flake Graphite","og_description":"Flake graphite is a natural crystalline graphite in the shape of fish phosphorus. It belongs to the hexagonal crystal system and has a layered structure.","og_url":"https:\/\/jinsuncarbon.com\/tr\/urun\/dogal-pul-grafit\/","og_site_name":"Jinsun Carbon","article_publisher":"https:\/\/www.facebook.com\/Graphite-Electrode-109336238661595","article_modified_time":"2024-06-29T13:12:07+00:00","og_image":[{"width":1024,"height":763,"url":"https:\/\/jinsuncarbon.com\/wp-content\/uploads\/2023\/01\/7ef74e7a0acfa9b7f70a0793f159b1d.jpg","type":"image\/jpeg"}],"twitter_card":"summary_large_image","twitter_site":"@jinsuncarbon_","twitter_misc":{"Tahmini okuma s\u00fcresi":"2 dakika"},"schema":{"@context":"https:\/\/schema.org","@graph":[{"@type":"WebPage","@id":"https:\/\/jinsuncarbon.com\/product\/natural-flake-graphite\/","url":"https:\/\/jinsuncarbon.com\/product\/natural-flake-graphite\/","name":"Do\u011fal Pul Grafit | Jinsun Carbon","isPartOf":{"@id":"https:\/\/jinsuncarbon.com\/#website"},"primaryImageOfPage":{"@id":"https:\/\/jinsuncarbon.com\/product\/natural-flake-graphite\/#primaryimage"},"image":{"@id":"https:\/\/jinsuncarbon.com\/product\/natural-flake-graphite\/#primaryimage"},"thumbnailUrl":"https:\/\/jinsuncarbon.com\/wp-content\/uploads\/2023\/01\/7ef74e7a0acfa9b7f70a0793f159b1d.jpg","datePublished":"2023-01-30T09:44:46+00:00","dateModified":"2024-06-29T13:12:07+00:00","description":"Pul grafit, bal\u0131k fosforu \u015feklinde do\u011fal bir kristal grafittir. Alt\u0131gen kristal sistemine aittir ve katmanl\u0131 bir yap\u0131ya sahiptir.","breadcrumb":{"@id":"https:\/\/jinsuncarbon.com\/product\/natural-flake-graphite\/#breadcrumb"},"inLanguage":"tr","potentialAction":[{"@type":"ReadAction","target":["https:\/\/jinsuncarbon.com\/product\/natural-flake-graphite\/"]}]},{"@type":"ImageObject","inLanguage":"tr","@id":"https:\/\/jinsuncarbon.com\/product\/natural-flake-graphite\/#primaryimage","url":"https:\/\/jinsuncarbon.com\/wp-content\/uploads\/2023\/01\/7ef74e7a0acfa9b7f70a0793f159b1d.jpg","contentUrl":"https:\/\/jinsuncarbon.com\/wp-content\/uploads\/2023\/01\/7ef74e7a0acfa9b7f70a0793f159b1d.jpg","width":1024,"height":763,"caption":"Natural Flake Graphite price- Jinsun Carbon"},{"@type":"BreadcrumbList","@id":"https:\/\/jinsuncarbon.com\/product\/natural-flake-graphite\/#breadcrumb","itemListElement":[{"@type":"ListItem","position":1,"name":"Home","item":"https:\/\/jinsuncarbon.com\/"},{"@type":"ListItem","position":2,"name":"Products","item":"https:\/\/jinsuncarbon.com\/graphite-carbon\/"},{"@type":"ListItem","position":3,"name":"Natural Flake Graphite"}]},{"@type":"WebSite","@id":"https:\/\/jinsuncarbon.com\/#website","url":"https:\/\/jinsuncarbon.com\/","name":"Jinsun Karbon","description":"\u00c7in'deki ba\u015far\u0131l\u0131 grafit elektrot \u00fcreticisiyiz","publisher":{"@id":"https:\/\/jinsuncarbon.com\/#organization"},"potentialAction":[{"@type":"SearchAction","target":{"@type":"EntryPoint","urlTemplate":"https:\/\/jinsuncarbon.com\/?s={search_term_string}"},"query-input":{"@type":"PropertyValueSpecification","valueRequired":true,"valueName":"search_term_string"}}],"inLanguage":"tr"},{"@type":"Organization","@id":"https:\/\/jinsuncarbon.com\/#organization","name":"Jinsun Karbon","alternateName":"Jinsun Carbon","url":"https:\/\/jinsuncarbon.com\/","logo":{"@type":"ImageObject","inLanguage":"tr","@id":"https:\/\/jinsuncarbon.com\/#\/schema\/logo\/image\/","url":"https:\/\/jinsuncarbon.com\/wp-content\/uploads\/2022\/12\/LOGO-1.png","contentUrl":"https:\/\/jinsuncarbon.com\/wp-content\/uploads\/2022\/12\/LOGO-1.png","width":207,"height":80,"caption":"Jinsun Carbon"},"image":{"@id":"https:\/\/jinsuncarbon.com\/#\/schema\/logo\/image\/"},"sameAs":["https:\/\/www.facebook.com\/Graphite-Electrode-109336238661595","https:\/\/x.com\/jinsuncarbon_","https:\/\/www.linkedin.com\/in\/jinsungraphite","https:\/\/www.youtube.com\/channel\/UCysDNyvyR5-3cCWEmpkVC0g"]}]}},"_links":{"self":[{"href":"https:\/\/jinsuncarbon.com\/tr\/wp-json\/wp\/v2\/product\/2156","targetHints":{"allow":["GET"]}}],"collection":[{"href":"https:\/\/jinsuncarbon.com\/tr\/wp-json\/wp\/v2\/product"}],"about":[{"href":"https:\/\/jinsuncarbon.com\/tr\/wp-json\/wp\/v2\/types\/product"}],"wp:featuredmedia":[{"embeddable":true,"href":"https:\/\/jinsuncarbon.com\/tr\/wp-json\/wp\/v2\/media\/2711"}],"wp:attachment":[{"href":"https:\/\/jinsuncarbon.com\/tr\/wp-json\/wp\/v2\/media?parent=2156"}],"wp:term":[{"taxonomy":"product_brand","embeddable":true,"href":"https:\/\/jinsuncarbon.com\/tr\/wp-json\/wp\/v2\/product_brand?post=2156"},{"taxonomy":"product_cat","embeddable":true,"href":"https:\/\/jinsuncarbon.com\/tr\/wp-json\/wp\/v2\/product_cat?post=2156"},{"taxonomy":"product_tag","embeddable":true,"href":"https:\/\/jinsuncarbon.com\/tr\/wp-json\/wp\/v2\/product_tag?post=2156"}],"curies":[{"name":"wp","href":"https:\/\/api.w.org\/{rel}","templated":true}]}}