{"id":2154,"date":"2023-01-30T09:42:50","date_gmt":"2023-01-30T09:42:50","guid":{"rendered":"https:\/\/jinsuncarbon.com\/?post_type=product&#038;p=2154"},"modified":"2025-02-02T03:57:21","modified_gmt":"2025-02-02T03:57:21","slug":"yesil-petrol-kok-komuru","status":"publish","type":"product","link":"https:\/\/jinsuncarbon.com\/tr\/urun\/yesil-petrol-kok-komuru\/","title":{"rendered":"Ye\u015fil Petrol Koku"},"content":{"rendered":"<h2>Ye\u015fil petrol kok k\u00f6m\u00fcr\u00fc nedir?<\/h2>\n<p>Ye\u015fil petrol koku, petrol rafinasyonunun rafine edilmi\u015f bir yan \u00fcr\u00fcn\u00fcd\u00fcr ve bir enerji kayna\u011f\u0131 olarak kullan\u0131l\u0131r. Az miktarda s\u00fclf\u00fcr, metaller ve u\u00e7ucu olmayan organik bile\u015fiklerle birlikte neredeyse saf karbondan olu\u015fur. Ve \u00e7imento \u00fcretimi, enerji santralleri ve \u00e7elik \u00fcretimi de dahil olmak \u00fczere bir\u00e7ok end\u00fcstride yak\u0131t olarak yayg\u0131n bir \u015fekilde kullan\u0131lmaktad\u0131r. \u00c7imento, seramik ve elektronik end\u00fcstrilerindeki artan talebe ba\u011fl\u0131 olarak pazar\u0131 k\u00fcresel olarak geni\u015flemektedir. Suda \u00e7\u00f6z\u00fcnmez ve kalitesi esas olarak ham petrol\u00fcn kalitesine ba\u011fl\u0131d\u0131r.<\/p>\n<h2>Ye\u015fil petrol kokunun kullan\u0131m alanlar\u0131.<\/h2>\n<p>Ye\u015fil petrol kokunun fiziksel \u00f6zellikleri malzemenin kayna\u011f\u0131na ve derecesine ba\u011fl\u0131 olarak de\u011fi\u015fir. Ancak genel olarak y\u00fcksek \u0131s\u0131tma de\u011ferine, d\u00fc\u015f\u00fck k\u00fcl i\u00e7eri\u011fine ve d\u00fc\u015f\u00fck s\u00fclf\u00fcr i\u00e7eri\u011fine sahiptir. Y\u00fcksek \u0131s\u0131tma de\u011feri onu kazanlar, f\u0131r\u0131nlar ve di\u011fer enerji yo\u011fun prosesler gibi uygulamalar i\u00e7in ideal bir yak\u0131t haline getirir. Ayr\u0131ca, d\u00fc\u015f\u00fck k\u00fcl ve s\u00fclf\u00fcr i\u00e7eri\u011fi, y\u00fcksek kalitenin gerekli oldu\u011fu \u00fcretim s\u00fcre\u00e7lerinde kullan\u0131lmas\u0131na olanak tan\u0131r.<\/p>\n<p>Genellikle yak\u0131t kayna\u011f\u0131 olarak kullan\u0131l\u0131r ancak ba\u015fka uygulamalar\u0131 da vard\u0131r. Baz\u0131 durumlarda, elektrot \u00fcretiminde hammadde olarak kullan\u0131labilir ve <a href=\"https:\/\/www.easytechjunkie.com\/what-is-a-carbon-anode.htm\" target=\"_blank\" rel=\"noopener\">karbon anotlar<\/a> al\u00fcminyum eritme i\u00e7in. Di\u011fer kullan\u0131m alanlar\u0131 aras\u0131nda s\u00fclf\u00fcrik asit \u00fcretimi, aktif karbon ve di\u011fer end\u00fcstriyel kimyasallar\u0131n \u00fcretimi ve <a href=\"https:\/\/jinsuncarbon.com\/tr\/urun\/grafit-elektrot\/\">grafit elektrotlar<\/a>.<\/p>\n<p>Genel olarak, ye\u015fil petrol koku \u00e7e\u015fitli kullan\u0131m alanlar\u0131na sahip de\u011ferli bir emtiad\u0131r. Y\u00fcksek \u0131s\u0131tma de\u011feri, d\u00fc\u015f\u00fck k\u00fcl ve s\u00fclf\u00fcr i\u00e7eri\u011fi gibi fiziksel \u00f6zellikleri onu bir\u00e7ok end\u00fcstriyel uygulama i\u00e7in ideal hale getirmektedir.<\/p>\n<h2>Nas\u0131l yap\u0131l\u0131r?<\/h2>\n<p>Ye\u015fil petrol kok k\u00f6m\u00fcr\u00fc petrol ar\u0131tma s\u00fcrecinden kaynaklan\u0131r. \u00d6zellikle, petrol\u00fcn a\u011f\u0131r k\u0131s\u0131mlar\u0131n\u0131 daha hafif, daha de\u011ferli \u00fcr\u00fcnlere d\u00f6n\u00fc\u015ft\u00fcren bir cihaz olan kokla\u015ft\u0131rma \u00fcnitesinin bir yan \u00fcr\u00fcn\u00fcd\u00fcr. Elde edilen kok neredeyse saft\u0131r <a href=\"https:\/\/en.wikipedia.org\/wiki\/Carbon\" target=\"_blank\" rel=\"noopener\">karbon<\/a>Y\u00fcksek \u0131s\u0131 de\u011feri ve d\u00fc\u015f\u00fck s\u00fclf\u00fcr i\u00e7eri\u011fi sayesinde \u00e7evre \u00fczerinde daha d\u00fc\u015f\u00fck bir etki sunar.<\/p>\n<h2>K\u00fcresel Talep<\/h2>\n<p>\u00c7imento \u00fcretimi, enerji \u00fcretimi ve al\u00fcminyum eritme alanlar\u0131nda artan talebin etkisiyle ye\u015fil petrokok i\u00e7in k\u00fcresel pazar geni\u015flemeye devam etmektedir. B\u00fcy\u00fcme \u00f6zellikle altyap\u0131sal geli\u015fmelerin ve artan enerji ihtiyac\u0131n\u0131n verimli ve \u00e7evre dostu yak\u0131t alternatiflerine y\u00fcksek talep yaratt\u0131\u011f\u0131 geli\u015fmekte olan ekonomilerde dikkat \u00e7ekmektedir.<\/p>\n<h2><span style=\"color: #ff6600;\">\u00d6zellikler:<\/span><\/h2>\n<p>&nbsp;<\/p>\n<table>\n<tbody>\n<tr>\n<td><strong>Sabit Karbon(dk)<\/strong><\/td>\n<td><strong>K\u00fcl (maks)<\/strong><\/td>\n<td><strong>U\u00e7ucu (Maks)<\/strong><\/td>\n<td><strong>K\u00fck\u00fcrt (Maks)<\/strong><\/td>\n<td><strong>Nem<\/strong><strong>\uff08<\/strong><strong>Maksimum<\/strong><strong>\uff09<\/strong><\/td>\n<\/tr>\n<tr>\n<td>95%<\/td>\n<td>4.5%<\/td>\n<td>1.0<\/td>\n<td>0.25<\/td>\n<td>0.3<\/td>\n<\/tr>\n<tr>\n<td>94%<\/td>\n<td>5.0%<\/td>\n<td>1.0<\/td>\n<td>0.25<\/td>\n<td>0.3<\/td>\n<\/tr>\n<tr>\n<td>93%<\/td>\n<td>6.5%<\/td>\n<td>1.2<\/td>\n<td>0.3<\/td>\n<td>0.5<\/td>\n<\/tr>\n<tr>\n<td>92%<\/td>\n<td>7.0%<\/td>\n<td>1.2<\/td>\n<td>0.3<\/td>\n<td>1.0<\/td>\n<\/tr>\n<tr>\n<td>91%<\/td>\n<td>8.0%<\/td>\n<td>1.5<\/td>\n<td>0.35<\/td>\n<td>1.0<\/td>\n<\/tr>\n<\/tbody>\n<\/table>\n<p>Paket: Su ge\u00e7irmez torba torba ba\u015f\u0131na 25 kg, art\u0131 ton torba.<\/p>","protected":false},"excerpt":{"rendered":"<p>Ye\u015fil petrol kok k\u00f6m\u00fcr\u00fc (GPC), CPC gibi siyaht\u0131r ve karbon ve bile\u015fiklerinin kat\u0131 bir \u00fcr\u00fcn\u00fcd\u00fcr. D\u00fc\u015f\u00fck miktarda, yani yakla\u015f\u0131k 15% ila 20% aras\u0131nda s\u00fclf\u00fcr ve hidrokarbon i\u00e7erir. Bununla birlikte, farkl\u0131 uygulamalarda \u00e7e\u015fitli farkl\u0131 elementlere ve metallere sahiptir. Ham petrol\u00fcn jet yak\u0131t\u0131 ve benzine d\u00f6n\u00fc\u015ft\u00fcr\u00fclmesiyle bir yan \u00fcr\u00fcn olarak elde edilir. Ye\u015fil petrol kokundaki 'ye\u015fil' terimi, i\u015flenmemi\u015f petrol kokunu (\u00fcretim s\u00fcrecinin a\u015famas\u0131) ifade eder.<\/p>","protected":false},"featured_media":2709,"template":"","meta":[],"product_brand":[],"product_cat":[40],"product_tag":[],"class_list":{"0":"post-2154","1":"product","2":"type-product","3":"status-publish","4":"has-post-thumbnail","6":"product_cat-petroleum-coke","8":"first","9":"instock","10":"shipping-taxable","11":"product-type-simple"},"yoast_head":"<!-- This site is optimized with the Yoast SEO Premium plugin v19.2.1 (Yoast SEO v25.3) - https:\/\/yoast.com\/wordpress\/plugins\/seo\/ -->\n<title>Green Petroleum Coke | Jinsun Carbon<\/title>\n<meta name=\"description\" content=\"Green petroleum coke (GPC) is a solid black product of carbon and its compounds. The term &quot;green&quot; refers to raw petroleum coke.\" \/>\n<meta name=\"robots\" content=\"index, follow, max-snippet:-1, max-image-preview:large, max-video-preview:-1\" \/>\n<link rel=\"canonical\" href=\"https:\/\/jinsuncarbon.com\/tr\/urun\/yesil-petrol-kok-komuru\/\" \/>\n<meta property=\"og:locale\" content=\"tr_TR\" \/>\n<meta property=\"og:type\" content=\"article\" \/>\n<meta property=\"og:title\" content=\"Green Petroleum Coke\" \/>\n<meta property=\"og:description\" content=\"Green petroleum coke (GPC) is a solid black product of carbon and its compounds. The term &quot;green&quot; refers to raw petroleum coke.\" \/>\n<meta property=\"og:url\" content=\"https:\/\/jinsuncarbon.com\/tr\/urun\/yesil-petrol-kok-komuru\/\" \/>\n<meta property=\"og:site_name\" content=\"Jinsun Carbon\" \/>\n<meta property=\"article:publisher\" content=\"https:\/\/www.facebook.com\/Graphite-Electrode-109336238661595\" \/>\n<meta property=\"article:modified_time\" content=\"2025-02-02T03:57:21+00:00\" \/>\n<meta property=\"og:image\" content=\"https:\/\/jinsuncarbon.com\/wp-content\/uploads\/2023\/01\/a088b805d91ec8dae582e35727377ad.jpg\" \/>\n\t<meta property=\"og:image:width\" content=\"1024\" \/>\n\t<meta property=\"og:image:height\" content=\"763\" \/>\n\t<meta property=\"og:image:type\" content=\"image\/jpeg\" \/>\n<meta name=\"twitter:card\" content=\"summary_large_image\" \/>\n<meta name=\"twitter:site\" content=\"@jinsuncarbon_\" \/>\n<meta name=\"twitter:label1\" content=\"Tahmini okuma s\u00fcresi\" \/>\n\t<meta name=\"twitter:data1\" content=\"2 dakika\" \/>\n<script type=\"application\/ld+json\" class=\"yoast-schema-graph\">{\"@context\":\"https:\/\/schema.org\",\"@graph\":[{\"@type\":\"WebPage\",\"@id\":\"https:\/\/jinsuncarbon.com\/product\/green-petroleum-coke\/\",\"url\":\"https:\/\/jinsuncarbon.com\/product\/green-petroleum-coke\/\",\"name\":\"Green Petroleum Coke | Jinsun Carbon\",\"isPartOf\":{\"@id\":\"https:\/\/jinsuncarbon.com\/#website\"},\"primaryImageOfPage\":{\"@id\":\"https:\/\/jinsuncarbon.com\/product\/green-petroleum-coke\/#primaryimage\"},\"image\":{\"@id\":\"https:\/\/jinsuncarbon.com\/product\/green-petroleum-coke\/#primaryimage\"},\"thumbnailUrl\":\"https:\/\/jinsuncarbon.com\/wp-content\/uploads\/2023\/01\/a088b805d91ec8dae582e35727377ad.jpg\",\"datePublished\":\"2023-01-30T09:42:50+00:00\",\"dateModified\":\"2025-02-02T03:57:21+00:00\",\"description\":\"Green petroleum coke (GPC) is a solid black product of carbon and its compounds. The term \\\"green\\\" refers to raw petroleum coke.\",\"breadcrumb\":{\"@id\":\"https:\/\/jinsuncarbon.com\/product\/green-petroleum-coke\/#breadcrumb\"},\"inLanguage\":\"tr\",\"potentialAction\":[{\"@type\":\"ReadAction\",\"target\":[\"https:\/\/jinsuncarbon.com\/product\/green-petroleum-coke\/\"]}]},{\"@type\":\"ImageObject\",\"inLanguage\":\"tr\",\"@id\":\"https:\/\/jinsuncarbon.com\/product\/green-petroleum-coke\/#primaryimage\",\"url\":\"https:\/\/jinsuncarbon.com\/wp-content\/uploads\/2023\/01\/a088b805d91ec8dae582e35727377ad.jpg\",\"contentUrl\":\"https:\/\/jinsuncarbon.com\/wp-content\/uploads\/2023\/01\/a088b805d91ec8dae582e35727377ad.jpg\",\"width\":1024,\"height\":763,\"caption\":\"Green Petroleum Coke manufacturer and supplier in China\"},{\"@type\":\"BreadcrumbList\",\"@id\":\"https:\/\/jinsuncarbon.com\/product\/green-petroleum-coke\/#breadcrumb\",\"itemListElement\":[{\"@type\":\"ListItem\",\"position\":1,\"name\":\"Home\",\"item\":\"https:\/\/jinsuncarbon.com\/\"},{\"@type\":\"ListItem\",\"position\":2,\"name\":\"Products\",\"item\":\"https:\/\/jinsuncarbon.com\/graphite-carbon\/\"},{\"@type\":\"ListItem\",\"position\":3,\"name\":\"Green Petroleum Coke\"}]},{\"@type\":\"WebSite\",\"@id\":\"https:\/\/jinsuncarbon.com\/#website\",\"url\":\"https:\/\/jinsuncarbon.com\/\",\"name\":\"Jinsun Carbon\",\"description\":\"We are the successful graphite electrode manufacturer in China\",\"publisher\":{\"@id\":\"https:\/\/jinsuncarbon.com\/#organization\"},\"potentialAction\":[{\"@type\":\"SearchAction\",\"target\":{\"@type\":\"EntryPoint\",\"urlTemplate\":\"https:\/\/jinsuncarbon.com\/?s={search_term_string}\"},\"query-input\":{\"@type\":\"PropertyValueSpecification\",\"valueRequired\":true,\"valueName\":\"search_term_string\"}}],\"inLanguage\":\"tr\"},{\"@type\":\"Organization\",\"@id\":\"https:\/\/jinsuncarbon.com\/#organization\",\"name\":\"Jinsun Carbon\",\"alternateName\":\"Jinsun Carbon\",\"url\":\"https:\/\/jinsuncarbon.com\/\",\"logo\":{\"@type\":\"ImageObject\",\"inLanguage\":\"tr\",\"@id\":\"https:\/\/jinsuncarbon.com\/#\/schema\/logo\/image\/\",\"url\":\"https:\/\/jinsuncarbon.com\/wp-content\/uploads\/2022\/12\/LOGO-1.png\",\"contentUrl\":\"https:\/\/jinsuncarbon.com\/wp-content\/uploads\/2022\/12\/LOGO-1.png\",\"width\":207,\"height\":80,\"caption\":\"Jinsun Carbon\"},\"image\":{\"@id\":\"https:\/\/jinsuncarbon.com\/#\/schema\/logo\/image\/\"},\"sameAs\":[\"https:\/\/www.facebook.com\/Graphite-Electrode-109336238661595\",\"https:\/\/x.com\/jinsuncarbon_\",\"https:\/\/www.linkedin.com\/in\/jinsungraphite\",\"https:\/\/www.youtube.com\/channel\/UCysDNyvyR5-3cCWEmpkVC0g\"]}]}<\/script>\n<!-- \/ Yoast SEO Premium plugin. -->","yoast_head_json":{"title":"Ye\u015fil Petrol Koku | Jinsun Carbon","description":"Ye\u015fil petrol kok k\u00f6m\u00fcr\u00fc (GPC) karbon ve bile\u015fiklerinden olu\u015fan kat\u0131 siyah bir \u00fcr\u00fcnd\u00fcr. \"Ye\u015fil\" terimi ham petrol kokunu ifade eder.","robots":{"index":"index","follow":"follow","max-snippet":"max-snippet:-1","max-image-preview":"max-image-preview:large","max-video-preview":"max-video-preview:-1"},"canonical":"https:\/\/jinsuncarbon.com\/tr\/urun\/yesil-petrol-kok-komuru\/","og_locale":"tr_TR","og_type":"article","og_title":"Green Petroleum Coke","og_description":"Green petroleum coke (GPC) is a solid black product of carbon and its compounds. The term \"green\" refers to raw petroleum coke.","og_url":"https:\/\/jinsuncarbon.com\/tr\/urun\/yesil-petrol-kok-komuru\/","og_site_name":"Jinsun Carbon","article_publisher":"https:\/\/www.facebook.com\/Graphite-Electrode-109336238661595","article_modified_time":"2025-02-02T03:57:21+00:00","og_image":[{"width":1024,"height":763,"url":"https:\/\/jinsuncarbon.com\/wp-content\/uploads\/2023\/01\/a088b805d91ec8dae582e35727377ad.jpg","type":"image\/jpeg"}],"twitter_card":"summary_large_image","twitter_site":"@jinsuncarbon_","twitter_misc":{"Tahmini okuma s\u00fcresi":"2 dakika"},"schema":{"@context":"https:\/\/schema.org","@graph":[{"@type":"WebPage","@id":"https:\/\/jinsuncarbon.com\/product\/green-petroleum-coke\/","url":"https:\/\/jinsuncarbon.com\/product\/green-petroleum-coke\/","name":"Ye\u015fil Petrol Koku | Jinsun Carbon","isPartOf":{"@id":"https:\/\/jinsuncarbon.com\/#website"},"primaryImageOfPage":{"@id":"https:\/\/jinsuncarbon.com\/product\/green-petroleum-coke\/#primaryimage"},"image":{"@id":"https:\/\/jinsuncarbon.com\/product\/green-petroleum-coke\/#primaryimage"},"thumbnailUrl":"https:\/\/jinsuncarbon.com\/wp-content\/uploads\/2023\/01\/a088b805d91ec8dae582e35727377ad.jpg","datePublished":"2023-01-30T09:42:50+00:00","dateModified":"2025-02-02T03:57:21+00:00","description":"Ye\u015fil petrol kok k\u00f6m\u00fcr\u00fc (GPC) karbon ve bile\u015fiklerinden olu\u015fan kat\u0131 siyah bir \u00fcr\u00fcnd\u00fcr. \"Ye\u015fil\" terimi ham petrol kokunu ifade eder.","breadcrumb":{"@id":"https:\/\/jinsuncarbon.com\/product\/green-petroleum-coke\/#breadcrumb"},"inLanguage":"tr","potentialAction":[{"@type":"ReadAction","target":["https:\/\/jinsuncarbon.com\/product\/green-petroleum-coke\/"]}]},{"@type":"ImageObject","inLanguage":"tr","@id":"https:\/\/jinsuncarbon.com\/product\/green-petroleum-coke\/#primaryimage","url":"https:\/\/jinsuncarbon.com\/wp-content\/uploads\/2023\/01\/a088b805d91ec8dae582e35727377ad.jpg","contentUrl":"https:\/\/jinsuncarbon.com\/wp-content\/uploads\/2023\/01\/a088b805d91ec8dae582e35727377ad.jpg","width":1024,"height":763,"caption":"Green Petroleum Coke manufacturer and supplier in China"},{"@type":"BreadcrumbList","@id":"https:\/\/jinsuncarbon.com\/product\/green-petroleum-coke\/#breadcrumb","itemListElement":[{"@type":"ListItem","position":1,"name":"Home","item":"https:\/\/jinsuncarbon.com\/"},{"@type":"ListItem","position":2,"name":"Products","item":"https:\/\/jinsuncarbon.com\/graphite-carbon\/"},{"@type":"ListItem","position":3,"name":"Green Petroleum Coke"}]},{"@type":"WebSite","@id":"https:\/\/jinsuncarbon.com\/#website","url":"https:\/\/jinsuncarbon.com\/","name":"Jinsun Karbon","description":"\u00c7in'deki ba\u015far\u0131l\u0131 grafit elektrot \u00fcreticisiyiz","publisher":{"@id":"https:\/\/jinsuncarbon.com\/#organization"},"potentialAction":[{"@type":"SearchAction","target":{"@type":"EntryPoint","urlTemplate":"https:\/\/jinsuncarbon.com\/?s={search_term_string}"},"query-input":{"@type":"PropertyValueSpecification","valueRequired":true,"valueName":"search_term_string"}}],"inLanguage":"tr"},{"@type":"Organization","@id":"https:\/\/jinsuncarbon.com\/#organization","name":"Jinsun Karbon","alternateName":"Jinsun Carbon","url":"https:\/\/jinsuncarbon.com\/","logo":{"@type":"ImageObject","inLanguage":"tr","@id":"https:\/\/jinsuncarbon.com\/#\/schema\/logo\/image\/","url":"https:\/\/jinsuncarbon.com\/wp-content\/uploads\/2022\/12\/LOGO-1.png","contentUrl":"https:\/\/jinsuncarbon.com\/wp-content\/uploads\/2022\/12\/LOGO-1.png","width":207,"height":80,"caption":"Jinsun Carbon"},"image":{"@id":"https:\/\/jinsuncarbon.com\/#\/schema\/logo\/image\/"},"sameAs":["https:\/\/www.facebook.com\/Graphite-Electrode-109336238661595","https:\/\/x.com\/jinsuncarbon_","https:\/\/www.linkedin.com\/in\/jinsungraphite","https:\/\/www.youtube.com\/channel\/UCysDNyvyR5-3cCWEmpkVC0g"]}]}},"_links":{"self":[{"href":"https:\/\/jinsuncarbon.com\/tr\/wp-json\/wp\/v2\/product\/2154","targetHints":{"allow":["GET"]}}],"collection":[{"href":"https:\/\/jinsuncarbon.com\/tr\/wp-json\/wp\/v2\/product"}],"about":[{"href":"https:\/\/jinsuncarbon.com\/tr\/wp-json\/wp\/v2\/types\/product"}],"wp:featuredmedia":[{"embeddable":true,"href":"https:\/\/jinsuncarbon.com\/tr\/wp-json\/wp\/v2\/media\/2709"}],"wp:attachment":[{"href":"https:\/\/jinsuncarbon.com\/tr\/wp-json\/wp\/v2\/media?parent=2154"}],"wp:term":[{"taxonomy":"product_brand","embeddable":true,"href":"https:\/\/jinsuncarbon.com\/tr\/wp-json\/wp\/v2\/product_brand?post=2154"},{"taxonomy":"product_cat","embeddable":true,"href":"https:\/\/jinsuncarbon.com\/tr\/wp-json\/wp\/v2\/product_cat?post=2154"},{"taxonomy":"product_tag","embeddable":true,"href":"https:\/\/jinsuncarbon.com\/tr\/wp-json\/wp\/v2\/product_tag?post=2154"}],"curies":[{"name":"wp","href":"https:\/\/api.w.org\/{rel}","templated":true}]}}