{"id":2151,"date":"2023-01-30T09:36:44","date_gmt":"2023-01-30T09:36:44","guid":{"rendered":"https:\/\/jinsuncarbon.com\/?post_type=product&#038;p=2151"},"modified":"2024-12-30T05:21:05","modified_gmt":"2024-12-30T05:21:05","slug":"kalsine-petrol-kok-komuru","status":"publish","type":"product","link":"https:\/\/jinsuncarbon.com\/tr\/urun\/kalsine-petrol-kok-komuru\/","title":{"rendered":"Kalsine Petrol Koku"},"content":{"rendered":"<p>Kalsine edilmi\u015f petrol kok k\u00f6m\u00fcr\u00fc (CPC), y\u00fcksek s\u0131cakl\u0131kta kalsinasyonla yap\u0131lan y\u00fcksek safl\u0131kta bir karbon malzemedir ve farkl\u0131 s\u00fclf\u00fcr i\u00e7eriklerine g\u00f6re d\u00fc\u015f\u00fck s\u00fclf\u00fcr, orta s\u00fclf\u00fcr ve y\u00fcksek s\u00fclf\u00fcr olmak \u00fczere \u00fc\u00e7 t\u00fcr petrol kok k\u00f6m\u00fcr\u00fc vard\u0131r. Bununla birlikte, petrol kokunun a\u015famadan sonraki fiyat\u0131, farkl\u0131 sabit karbon i\u00e7eri\u011fi nedeniyle farkl\u0131d\u0131r.<\/p>\n<h2>Kalsine Petrol Koku \u00dcretim S\u00fcreci<\/h2>\n<p>Kalsine petrol kok k\u00f6m\u00fcr\u00fc \u00fcretirken, <span style=\"color: #000000;\">D\u00f6ner f\u0131r\u0131nda f\u0131r\u0131n kuyru\u011funa ham kok ekleyin, f\u0131r\u0131n kafas\u0131n\u0131n noz\u00fcl\u00fcnden gaz veya a\u011f\u0131r ya\u011f p\u00fcsk\u00fcrt\u00fcn ve y\u00fcksek s\u0131cakl\u0131kta bir kalsinasyon b\u00f6lgesi olu\u015fturmak i\u00e7in hava ile kar\u0131\u015ft\u0131r\u0131n ve yak\u0131n. Kalsinasyon b\u00f6lgesinin s\u0131cakl\u0131\u011f\u0131 1200-1350 \u2103'ye ula\u015f\u0131r. <\/span><\/p>\n<p><span style=\"color: #000000;\">Y\u00fcksek s\u0131cakl\u0131k nemi giderir ve u\u00e7ucu maddeyi bo\u015faltarak kok kristal yap\u0131s\u0131n\u0131 yeniden d\u00fczenler. Ard\u0131ndan karbon atomu \u0131zgara seviyesini de\u011fi\u015ftirir ve kimyasal de\u011fi\u015fikliklere u\u011frayarak yo\u011fun ve iletken bir \u00fcr\u00fcn elde edilir. Bir s\u00fcre sonra yava\u015f\u00e7a 200 \u00b0C'nin alt\u0131na so\u011futulur ve ard\u0131ndan depolanabilir.<\/span><\/p>\n<h2>Kalsine Petrol Koku Kullan\u0131m Alanlar\u0131<\/h2>\n<p>Esas olarak \u00f6nceden pi\u015firilmi\u015f anot ve katot i\u00e7in kullan\u0131l\u0131r. <a href=\"https:\/\/en.wikipedia.org\/wiki\/Aluminum_electrolytic_capacitor\" target=\"_blank\" rel=\"noopener\">elektrolitik al\u00fcminyum<\/a>metal\u00fcrjik demir ve \u00e7elik end\u00fcstrisinde karbon y\u00fckseltici olarak ve <a href=\"https:\/\/jinsuncarbon.com\/tr\/graphite-electrode-manufacturers\/\">grafit elektrotlar<\/a> ve karbon \u00fcr\u00fcnleri. Ayn\u0131 zamanda end\u00fcstriyel silikon, sar\u0131 fosfor ve ferroala\u015f\u0131mlar \u00fcretmek i\u00e7in kullan\u0131l\u0131r. \u00d6zellikler: (boyut: 0-1mm, 1-3mm, 3-5mm, 5-8mm).<\/p>\n<p>Al\u00fcminyum end\u00fcstrisi: Al\u00fcminyum eritme i\u015fleminde kullan\u0131lan anotlar\u0131n \u00fcretiminde kritik bir bile\u015fendir. Verimli elektroliz i\u00e7in gerekli karbon i\u00e7eri\u011fini ve elektrik iletkenli\u011fini sa\u011flar.<\/p>\n<p>\u00c7elik \u00dcretimi: \u00c7elik \u00fcretiminde karbon katk\u0131s\u0131 olarak kullan\u0131l\u0131r. \u00c7eli\u011fin karbon i\u00e7eri\u011fini art\u0131rmaya yard\u0131mc\u0131 olarak mukavemetini ve sertli\u011fini art\u0131r\u0131r.<\/p>\n<p>D\u00f6k\u00fcm End\u00fcstrisi: D\u00f6k\u00fcm d\u00f6k\u00fcmler i\u00e7in bir karbon katk\u0131 maddesi kullan\u0131l\u0131r.  D\u00f6k\u00fcm kalitesini art\u0131r\u0131r, d\u00f6k\u00fcm hatalar\u0131n\u0131 azalt\u0131r ve erimi\u015f metalde homojenli\u011fi te\u015fvik eder.<\/p>\n<p><img fetchpriority=\"high\" decoding=\"async\" class=\"alignnone size-medium wp-image-4478\" src=\"https:\/\/jinsuncarbon.com\/wp-content\/uploads\/2023\/01\/Aluminum-industry-1-300x189.jpg\" alt=\"Al\u00fcminyum end\u00fcstrisi\" width=\"300\" height=\"189\" srcset=\"https:\/\/jinsuncarbon.com\/wp-content\/uploads\/2023\/01\/Aluminum-industry-1-300x189.jpg 300w, https:\/\/jinsuncarbon.com\/wp-content\/uploads\/2023\/01\/Aluminum-industry-1-600x378.jpg 600w, https:\/\/jinsuncarbon.com\/wp-content\/uploads\/2023\/01\/Aluminum-industry-1-768x484.jpg 768w, https:\/\/jinsuncarbon.com\/wp-content\/uploads\/2023\/01\/Aluminum-industry-1-18x12.jpg 18w, https:\/\/jinsuncarbon.com\/wp-content\/uploads\/2023\/01\/Aluminum-industry-1.jpg 869w\" sizes=\"(max-width: 300px) 100vw, 300px\" \/> <img decoding=\"async\" class=\"alignnone wp-image-4477\" src=\"https:\/\/jinsuncarbon.com\/wp-content\/uploads\/2023\/01\/Steel-industry-300x225.jpg\" alt=\"\u00c7elik end\u00fcstrisi\" width=\"256\" height=\"192\" srcset=\"https:\/\/jinsuncarbon.com\/wp-content\/uploads\/2023\/01\/Steel-industry-300x225.jpg 300w, https:\/\/jinsuncarbon.com\/wp-content\/uploads\/2023\/01\/Steel-industry-600x450.jpg 600w, https:\/\/jinsuncarbon.com\/wp-content\/uploads\/2023\/01\/Steel-industry-16x12.jpg 16w, https:\/\/jinsuncarbon.com\/wp-content\/uploads\/2023\/01\/Steel-industry.jpg 660w\" sizes=\"(max-width: 256px) 100vw, 256px\" \/> <img decoding=\"async\" class=\"alignnone wp-image-4479\" src=\"https:\/\/jinsuncarbon.com\/wp-content\/uploads\/2023\/01\/Foundry-industry-1-300x200.jpg\" alt=\"D\u00f6k\u00fcm end\u00fcstrisi\" width=\"287\" height=\"191\" srcset=\"https:\/\/jinsuncarbon.com\/wp-content\/uploads\/2023\/01\/Foundry-industry-1-300x200.jpg 300w, https:\/\/jinsuncarbon.com\/wp-content\/uploads\/2023\/01\/Foundry-industry-1-18x12.jpg 18w, https:\/\/jinsuncarbon.com\/wp-content\/uploads\/2023\/01\/Foundry-industry-1.jpg 312w\" sizes=\"(max-width: 287px) 100vw, 287px\" \/><\/p>\n<p>Grafit Elektrot \u00dcretimi: Elektrik ark f\u0131r\u0131nlar\u0131nda grafit elektrot \u00fcretiminde hayati bir bile\u015fendir. Grafit elektrotlar \u00e7elik ve di\u011fer metallerin \u00fcretimi i\u00e7in gereklidir.<\/p>\n<p>Karbon \u00dcr\u00fcnleri \u0130malat\u0131: Karbon f\u0131r\u00e7alar, fren balatalar\u0131 ve s\u00fcrt\u00fcnme malzemeleri gibi karbon \u00fcr\u00fcnlerinin \u00fcretiminde kullan\u0131lan bir hammaddedir. Y\u00fcksek karbon i\u00e7eri\u011fi ve d\u00fc\u015f\u00fck safs\u0131zl\u0131klar\u0131 onu bu t\u00fcr uygulamalar i\u00e7in ideal hale getirir.<\/p>\n<p>Bunlar, geni\u015f kapsaml\u0131 uygulamalar\u0131na sadece birka\u00e7 \u00f6rnektir. E\u015fsiz karbon i\u00e7eri\u011fi, d\u00fc\u015f\u00fck safs\u0131zl\u0131klar\u0131 ve arzu edilen fiziksel \u00f6zellikleri onu \u00e7ok say\u0131da end\u00fcstride de\u011ferli k\u0131lmakta, verimlili\u011fine, \u00fcretkenli\u011fine ve kalitesine katk\u0131da bulunmaktad\u0131r.<\/p>\n<p><img loading=\"lazy\" decoding=\"async\" class=\"alignnone wp-image-4480\" src=\"https:\/\/jinsuncarbon.com\/wp-content\/uploads\/2023\/01\/Graphite-industry-300x225.jpg\" alt=\"Grafit end\u00fcstrisi\" width=\"253\" height=\"190\" srcset=\"https:\/\/jinsuncarbon.com\/wp-content\/uploads\/2023\/01\/Graphite-industry-300x225.jpg 300w, https:\/\/jinsuncarbon.com\/wp-content\/uploads\/2023\/01\/Graphite-industry-600x450.jpg 600w, https:\/\/jinsuncarbon.com\/wp-content\/uploads\/2023\/01\/Graphite-industry-16x12.jpg 16w, https:\/\/jinsuncarbon.com\/wp-content\/uploads\/2023\/01\/Graphite-industry.jpg 640w\" sizes=\"(max-width: 253px) 100vw, 253px\" \/> <img loading=\"lazy\" decoding=\"async\" class=\"alignnone wp-image-4481\" src=\"https:\/\/jinsuncarbon.com\/wp-content\/uploads\/2023\/01\/Carbon-products-industry-300x200.jpg\" alt=\"Karbon \u00fcr\u00fcnleri end\u00fcstrisi\" width=\"286\" height=\"190\" srcset=\"https:\/\/jinsuncarbon.com\/wp-content\/uploads\/2023\/01\/Carbon-products-industry-300x200.jpg 300w, https:\/\/jinsuncarbon.com\/wp-content\/uploads\/2023\/01\/Carbon-products-industry-600x400.jpg 600w, https:\/\/jinsuncarbon.com\/wp-content\/uploads\/2023\/01\/Carbon-products-industry-1024x682.jpg 1024w, https:\/\/jinsuncarbon.com\/wp-content\/uploads\/2023\/01\/Carbon-products-industry-768x512.jpg 768w, https:\/\/jinsuncarbon.com\/wp-content\/uploads\/2023\/01\/Carbon-products-industry-1536x1023.jpg 1536w, https:\/\/jinsuncarbon.com\/wp-content\/uploads\/2023\/01\/Carbon-products-industry-18x12.jpg 18w, https:\/\/jinsuncarbon.com\/wp-content\/uploads\/2023\/01\/Carbon-products-industry.jpg 1600w\" sizes=\"(max-width: 286px) 100vw, 286px\" \/> <img loading=\"lazy\" decoding=\"async\" class=\"alignnone wp-image-4482\" src=\"https:\/\/jinsuncarbon.com\/wp-content\/uploads\/2023\/01\/Metallurgy-industry-300x188.jpg\" alt=\"Metalurji end\u00fcstrisi\" width=\"305\" height=\"191\" srcset=\"https:\/\/jinsuncarbon.com\/wp-content\/uploads\/2023\/01\/Metallurgy-industry-300x188.jpg 300w, https:\/\/jinsuncarbon.com\/wp-content\/uploads\/2023\/01\/Metallurgy-industry-600x377.jpg 600w, https:\/\/jinsuncarbon.com\/wp-content\/uploads\/2023\/01\/Metallurgy-industry-1024x643.jpg 1024w, https:\/\/jinsuncarbon.com\/wp-content\/uploads\/2023\/01\/Metallurgy-industry-768x482.jpg 768w, https:\/\/jinsuncarbon.com\/wp-content\/uploads\/2023\/01\/Metallurgy-industry-18x12.jpg 18w, https:\/\/jinsuncarbon.com\/wp-content\/uploads\/2023\/01\/Metallurgy-industry.jpg 1080w\" sizes=\"(max-width: 305px) 100vw, 305px\" \/><\/p>\n<p>&nbsp;<\/p>\n<h2>Ana \u00d6zellikler\uff1a<\/h2>\n<p>Y\u00fcksek karbon i\u00e7eri\u011fine, d\u00fc\u015f\u00fck k\u00fcl ve s\u00fclf\u00fcr i\u00e7eri\u011fine sahiptir ve \u00e7elik \u00fcretiminde ve al\u00fcminyum eritme \u00fcretiminde \u00f6nemli bir rol oynar. \u00c7\u00fcnk\u00fc ayn\u0131 zamanda m\u00fckemmel \u0131s\u0131 iletkenli\u011fine ve elektrik iletkenli\u011fine sahiptir.<\/p>\n<p>Performans a\u00e7\u0131s\u0131ndan, homojen partik\u00fcl boyutu da\u011f\u0131l\u0131m\u0131 ve y\u00fcksek karbon i\u00e7eri\u011fi verimli yanma sa\u011flar ve emisyonlar\u0131 azaltarak \u00e7evresel s\u00fcrd\u00fcr\u00fclebilirli\u011fe katk\u0131da bulunur. U\u00e7ucu madde ve k\u00fcl oran\u0131 d\u00fc\u015f\u00fckt\u00fcr, bu da ekipman \u00f6mr\u00fcn\u00fc uzatmaya ve bak\u0131m maliyetlerini azaltmaya yard\u0131mc\u0131 olur.<\/p>\n<h2><span style=\"color: #ff6600;\">Kalsine Petrol Koku \u00d6zellikleri:<\/span><\/h2>\n<table>\n<tbody>\n<tr>\n<td><strong>Sabit Karbon(dk)<\/strong><\/td>\n<td><strong>K\u00fcl (maks)<\/strong><\/td>\n<td><strong>U\u00e7ucu (Maks)<\/strong><\/td>\n<td><strong>K\u00fck\u00fcrt (Maks)<\/strong><\/td>\n<td><strong>Nem<\/strong><strong>\uff08<\/strong><strong>Maksimum<\/strong><strong>\uff09<\/strong><\/td>\n<\/tr>\n<tr>\n<td>95%<\/td>\n<td>4.5%<\/td>\n<td>1.0<\/td>\n<td>0.25<\/td>\n<td>0.3<\/td>\n<\/tr>\n<tr>\n<td>94%<\/td>\n<td>5.0%<\/td>\n<td>1.0<\/td>\n<td>0.25<\/td>\n<td>0.3<\/td>\n<\/tr>\n<tr>\n<td>93%<\/td>\n<td>6.5%<\/td>\n<td>1.2<\/td>\n<td>0.3<\/td>\n<td>0.5<\/td>\n<\/tr>\n<tr>\n<td>92%<\/td>\n<td>7.0%<\/td>\n<td>1.2<\/td>\n<td>0.3<\/td>\n<td>1.0<\/td>\n<\/tr>\n<tr>\n<td>91%<\/td>\n<td>8.0%<\/td>\n<td>1.5<\/td>\n<td>0.35<\/td>\n<td>1.0<\/td>\n<\/tr>\n<\/tbody>\n<\/table>\n<p>Paket: Su ge\u00e7irmez \u00e7anta 25kg\/\u00e7anta, art\u0131 tonlarca y\u00fck.<\/p>","protected":false},"excerpt":{"rendered":"<p>Kalsine edilmi\u015f petrol koku (CPC), ham kok kalsine edildi\u011finde \u00fcretilir. Kalsinasyon, malzemelerin y\u00fcksek s\u0131cakl\u0131klarda \u0131s\u0131t\u0131lmas\u0131 i\u015flemidir. Bu i\u015flemde, ham koktaki nem i\u00e7eri\u011fi giderilir. G\u00f6r\u00fcn\u00fcm\u00fc, kolayca grafitle\u015ftirilebilen karbon s\u0131n\u0131f\u0131na ait olan siyah veya koyu gri bal pete\u011fi yap\u0131s\u0131d\u0131r. Kalsine kok, ham kokun 1300\u00b0C'de kalsine edilmesiyle elde edilir. <span style=\"color: #000000;\"> \u2103<\/span>.<\/p>","protected":false},"featured_media":5713,"template":"","meta":[],"product_brand":[],"product_cat":[40],"product_tag":[],"class_list":{"0":"post-2151","1":"product","2":"type-product","3":"status-publish","4":"has-post-thumbnail","6":"product_cat-petroleum-coke","8":"first","9":"instock","10":"shipping-taxable","11":"product-type-simple"},"yoast_head":"<!-- This site is optimized with the Yoast SEO Premium plugin v19.2.1 (Yoast SEO v25.3) - https:\/\/yoast.com\/wordpress\/plugins\/seo\/ -->\n<title>Calcined Petroleum Coke Manufacturer in China<\/title>\n<meta name=\"description\" content=\"Calcined petroleum coke manufacturer in China, supply high quality Calcined Petroleum Coke at best price. For use in Steel, Aluminum and Titanium Dioxide Industry.\" \/>\n<meta name=\"robots\" content=\"index, follow, max-snippet:-1, max-image-preview:large, max-video-preview:-1\" \/>\n<link rel=\"canonical\" href=\"https:\/\/jinsuncarbon.com\/tr\/urun\/kalsine-petrol-kok-komuru\/\" \/>\n<meta property=\"og:locale\" content=\"tr_TR\" \/>\n<meta property=\"og:type\" content=\"article\" \/>\n<meta property=\"og:title\" content=\"Calcined Petroleum Coke\" \/>\n<meta property=\"og:description\" content=\"Calcined petroleum coke manufacturer in China, supply high quality Calcined Petroleum Coke at best price. For use in Steel, Aluminum and Titanium Dioxide Industry.\" \/>\n<meta property=\"og:url\" content=\"https:\/\/jinsuncarbon.com\/tr\/urun\/kalsine-petrol-kok-komuru\/\" \/>\n<meta property=\"og:site_name\" content=\"Jinsun Carbon\" \/>\n<meta property=\"article:publisher\" content=\"https:\/\/www.facebook.com\/Graphite-Electrode-109336238661595\" \/>\n<meta property=\"article:modified_time\" content=\"2024-12-30T05:21:05+00:00\" \/>\n<meta property=\"og:image\" content=\"https:\/\/jinsuncarbon.com\/wp-content\/uploads\/2023\/01\/Calcined-petroleum-coke.jpeg\" \/>\n\t<meta property=\"og:image:width\" content=\"966\" \/>\n\t<meta property=\"og:image:height\" content=\"720\" \/>\n\t<meta property=\"og:image:type\" content=\"image\/jpeg\" \/>\n<meta name=\"twitter:card\" content=\"summary_large_image\" \/>\n<meta name=\"twitter:site\" content=\"@jinsuncarbon_\" \/>\n<meta name=\"twitter:label1\" content=\"Tahmini okuma s\u00fcresi\" \/>\n\t<meta name=\"twitter:data1\" content=\"4 dakika\" \/>\n<script type=\"application\/ld+json\" class=\"yoast-schema-graph\">{\"@context\":\"https:\/\/schema.org\",\"@graph\":[{\"@type\":\"WebPage\",\"@id\":\"https:\/\/jinsuncarbon.com\/product\/calcined-petroleum-coke\/\",\"url\":\"https:\/\/jinsuncarbon.com\/product\/calcined-petroleum-coke\/\",\"name\":\"Calcined Petroleum Coke Manufacturer in China\",\"isPartOf\":{\"@id\":\"https:\/\/jinsuncarbon.com\/#website\"},\"primaryImageOfPage\":{\"@id\":\"https:\/\/jinsuncarbon.com\/product\/calcined-petroleum-coke\/#primaryimage\"},\"image\":{\"@id\":\"https:\/\/jinsuncarbon.com\/product\/calcined-petroleum-coke\/#primaryimage\"},\"thumbnailUrl\":\"https:\/\/jinsuncarbon.com\/wp-content\/uploads\/2023\/01\/Calcined-petroleum-coke.jpeg\",\"datePublished\":\"2023-01-30T09:36:44+00:00\",\"dateModified\":\"2024-12-30T05:21:05+00:00\",\"description\":\"Calcined petroleum coke manufacturer in China, supply high quality Calcined Petroleum Coke at best price. For use in Steel, Aluminum and Titanium Dioxide Industry.\",\"breadcrumb\":{\"@id\":\"https:\/\/jinsuncarbon.com\/product\/calcined-petroleum-coke\/#breadcrumb\"},\"inLanguage\":\"tr\",\"potentialAction\":[{\"@type\":\"ReadAction\",\"target\":[\"https:\/\/jinsuncarbon.com\/product\/calcined-petroleum-coke\/\"]}]},{\"@type\":\"ImageObject\",\"inLanguage\":\"tr\",\"@id\":\"https:\/\/jinsuncarbon.com\/product\/calcined-petroleum-coke\/#primaryimage\",\"url\":\"https:\/\/jinsuncarbon.com\/wp-content\/uploads\/2023\/01\/Calcined-petroleum-coke.jpeg\",\"contentUrl\":\"https:\/\/jinsuncarbon.com\/wp-content\/uploads\/2023\/01\/Calcined-petroleum-coke.jpeg\",\"width\":966,\"height\":720,\"caption\":\"Calcined petroleum coke\"},{\"@type\":\"BreadcrumbList\",\"@id\":\"https:\/\/jinsuncarbon.com\/product\/calcined-petroleum-coke\/#breadcrumb\",\"itemListElement\":[{\"@type\":\"ListItem\",\"position\":1,\"name\":\"Home\",\"item\":\"https:\/\/jinsuncarbon.com\/\"},{\"@type\":\"ListItem\",\"position\":2,\"name\":\"Products\",\"item\":\"https:\/\/jinsuncarbon.com\/graphite-carbon\/\"},{\"@type\":\"ListItem\",\"position\":3,\"name\":\"Calcined Petroleum Coke\"}]},{\"@type\":\"WebSite\",\"@id\":\"https:\/\/jinsuncarbon.com\/#website\",\"url\":\"https:\/\/jinsuncarbon.com\/\",\"name\":\"Jinsun Carbon\",\"description\":\"We are the successful graphite electrode manufacturer in China\",\"publisher\":{\"@id\":\"https:\/\/jinsuncarbon.com\/#organization\"},\"potentialAction\":[{\"@type\":\"SearchAction\",\"target\":{\"@type\":\"EntryPoint\",\"urlTemplate\":\"https:\/\/jinsuncarbon.com\/?s={search_term_string}\"},\"query-input\":{\"@type\":\"PropertyValueSpecification\",\"valueRequired\":true,\"valueName\":\"search_term_string\"}}],\"inLanguage\":\"tr\"},{\"@type\":\"Organization\",\"@id\":\"https:\/\/jinsuncarbon.com\/#organization\",\"name\":\"Jinsun Carbon\",\"alternateName\":\"Jinsun Carbon\",\"url\":\"https:\/\/jinsuncarbon.com\/\",\"logo\":{\"@type\":\"ImageObject\",\"inLanguage\":\"tr\",\"@id\":\"https:\/\/jinsuncarbon.com\/#\/schema\/logo\/image\/\",\"url\":\"https:\/\/jinsuncarbon.com\/wp-content\/uploads\/2022\/12\/LOGO-1.png\",\"contentUrl\":\"https:\/\/jinsuncarbon.com\/wp-content\/uploads\/2022\/12\/LOGO-1.png\",\"width\":207,\"height\":80,\"caption\":\"Jinsun Carbon\"},\"image\":{\"@id\":\"https:\/\/jinsuncarbon.com\/#\/schema\/logo\/image\/\"},\"sameAs\":[\"https:\/\/www.facebook.com\/Graphite-Electrode-109336238661595\",\"https:\/\/x.com\/jinsuncarbon_\",\"https:\/\/www.linkedin.com\/in\/jinsungraphite\",\"https:\/\/www.youtube.com\/channel\/UCysDNyvyR5-3cCWEmpkVC0g\"]}]}<\/script>\n<!-- \/ Yoast SEO Premium plugin. -->","yoast_head_json":{"title":"\u00c7in'de Kalsine Petrol Koku \u00dcreticisi","description":"\u00c7in'de kalsine petrol kok \u00fcreticisi, en iyi fiyata y\u00fcksek kaliteli Kalsine Petrol Koku tedarik etmektedir. \u00c7elik, Al\u00fcminyum ve Titanyum Dioksit End\u00fcstrisinde kullan\u0131m i\u00e7in.","robots":{"index":"index","follow":"follow","max-snippet":"max-snippet:-1","max-image-preview":"max-image-preview:large","max-video-preview":"max-video-preview:-1"},"canonical":"https:\/\/jinsuncarbon.com\/tr\/urun\/kalsine-petrol-kok-komuru\/","og_locale":"tr_TR","og_type":"article","og_title":"Calcined Petroleum Coke","og_description":"Calcined petroleum coke manufacturer in China, supply high quality Calcined Petroleum Coke at best price. For use in Steel, Aluminum and Titanium Dioxide Industry.","og_url":"https:\/\/jinsuncarbon.com\/tr\/urun\/kalsine-petrol-kok-komuru\/","og_site_name":"Jinsun Carbon","article_publisher":"https:\/\/www.facebook.com\/Graphite-Electrode-109336238661595","article_modified_time":"2024-12-30T05:21:05+00:00","og_image":[{"width":966,"height":720,"url":"https:\/\/jinsuncarbon.com\/wp-content\/uploads\/2023\/01\/Calcined-petroleum-coke.jpeg","type":"image\/jpeg"}],"twitter_card":"summary_large_image","twitter_site":"@jinsuncarbon_","twitter_misc":{"Tahmini okuma s\u00fcresi":"4 dakika"},"schema":{"@context":"https:\/\/schema.org","@graph":[{"@type":"WebPage","@id":"https:\/\/jinsuncarbon.com\/product\/calcined-petroleum-coke\/","url":"https:\/\/jinsuncarbon.com\/product\/calcined-petroleum-coke\/","name":"\u00c7in'de Kalsine Petrol Koku \u00dcreticisi","isPartOf":{"@id":"https:\/\/jinsuncarbon.com\/#website"},"primaryImageOfPage":{"@id":"https:\/\/jinsuncarbon.com\/product\/calcined-petroleum-coke\/#primaryimage"},"image":{"@id":"https:\/\/jinsuncarbon.com\/product\/calcined-petroleum-coke\/#primaryimage"},"thumbnailUrl":"https:\/\/jinsuncarbon.com\/wp-content\/uploads\/2023\/01\/Calcined-petroleum-coke.jpeg","datePublished":"2023-01-30T09:36:44+00:00","dateModified":"2024-12-30T05:21:05+00:00","description":"\u00c7in'de kalsine petrol kok \u00fcreticisi, en iyi fiyata y\u00fcksek kaliteli Kalsine Petrol Koku tedarik etmektedir. \u00c7elik, Al\u00fcminyum ve Titanyum Dioksit End\u00fcstrisinde kullan\u0131m i\u00e7in.","breadcrumb":{"@id":"https:\/\/jinsuncarbon.com\/product\/calcined-petroleum-coke\/#breadcrumb"},"inLanguage":"tr","potentialAction":[{"@type":"ReadAction","target":["https:\/\/jinsuncarbon.com\/product\/calcined-petroleum-coke\/"]}]},{"@type":"ImageObject","inLanguage":"tr","@id":"https:\/\/jinsuncarbon.com\/product\/calcined-petroleum-coke\/#primaryimage","url":"https:\/\/jinsuncarbon.com\/wp-content\/uploads\/2023\/01\/Calcined-petroleum-coke.jpeg","contentUrl":"https:\/\/jinsuncarbon.com\/wp-content\/uploads\/2023\/01\/Calcined-petroleum-coke.jpeg","width":966,"height":720,"caption":"Calcined petroleum coke"},{"@type":"BreadcrumbList","@id":"https:\/\/jinsuncarbon.com\/product\/calcined-petroleum-coke\/#breadcrumb","itemListElement":[{"@type":"ListItem","position":1,"name":"Home","item":"https:\/\/jinsuncarbon.com\/"},{"@type":"ListItem","position":2,"name":"Products","item":"https:\/\/jinsuncarbon.com\/graphite-carbon\/"},{"@type":"ListItem","position":3,"name":"Calcined Petroleum Coke"}]},{"@type":"WebSite","@id":"https:\/\/jinsuncarbon.com\/#website","url":"https:\/\/jinsuncarbon.com\/","name":"Jinsun Karbon","description":"\u00c7in'deki ba\u015far\u0131l\u0131 grafit elektrot \u00fcreticisiyiz","publisher":{"@id":"https:\/\/jinsuncarbon.com\/#organization"},"potentialAction":[{"@type":"SearchAction","target":{"@type":"EntryPoint","urlTemplate":"https:\/\/jinsuncarbon.com\/?s={search_term_string}"},"query-input":{"@type":"PropertyValueSpecification","valueRequired":true,"valueName":"search_term_string"}}],"inLanguage":"tr"},{"@type":"Organization","@id":"https:\/\/jinsuncarbon.com\/#organization","name":"Jinsun Karbon","alternateName":"Jinsun Carbon","url":"https:\/\/jinsuncarbon.com\/","logo":{"@type":"ImageObject","inLanguage":"tr","@id":"https:\/\/jinsuncarbon.com\/#\/schema\/logo\/image\/","url":"https:\/\/jinsuncarbon.com\/wp-content\/uploads\/2022\/12\/LOGO-1.png","contentUrl":"https:\/\/jinsuncarbon.com\/wp-content\/uploads\/2022\/12\/LOGO-1.png","width":207,"height":80,"caption":"Jinsun Carbon"},"image":{"@id":"https:\/\/jinsuncarbon.com\/#\/schema\/logo\/image\/"},"sameAs":["https:\/\/www.facebook.com\/Graphite-Electrode-109336238661595","https:\/\/x.com\/jinsuncarbon_","https:\/\/www.linkedin.com\/in\/jinsungraphite","https:\/\/www.youtube.com\/channel\/UCysDNyvyR5-3cCWEmpkVC0g"]}]}},"_links":{"self":[{"href":"https:\/\/jinsuncarbon.com\/tr\/wp-json\/wp\/v2\/product\/2151","targetHints":{"allow":["GET"]}}],"collection":[{"href":"https:\/\/jinsuncarbon.com\/tr\/wp-json\/wp\/v2\/product"}],"about":[{"href":"https:\/\/jinsuncarbon.com\/tr\/wp-json\/wp\/v2\/types\/product"}],"wp:featuredmedia":[{"embeddable":true,"href":"https:\/\/jinsuncarbon.com\/tr\/wp-json\/wp\/v2\/media\/5713"}],"wp:attachment":[{"href":"https:\/\/jinsuncarbon.com\/tr\/wp-json\/wp\/v2\/media?parent=2151"}],"wp:term":[{"taxonomy":"product_brand","embeddable":true,"href":"https:\/\/jinsuncarbon.com\/tr\/wp-json\/wp\/v2\/product_brand?post=2151"},{"taxonomy":"product_cat","embeddable":true,"href":"https:\/\/jinsuncarbon.com\/tr\/wp-json\/wp\/v2\/product_cat?post=2151"},{"taxonomy":"product_tag","embeddable":true,"href":"https:\/\/jinsuncarbon.com\/tr\/wp-json\/wp\/v2\/product_tag?post=2151"}],"curies":[{"name":"wp","href":"https:\/\/api.w.org\/{rel}","templated":true}]}}