{"id":2147,"date":"2023-01-30T09:30:51","date_gmt":"2023-01-30T09:30:51","guid":{"rendered":"https:\/\/jinsuncarbon.com\/?post_type=product&#038;p=2147"},"modified":"2024-11-01T01:08:42","modified_gmt":"2024-11-01T01:08:42","slug":"karbon-elektrot","status":"publish","type":"product","link":"https:\/\/jinsuncarbon.com\/tr\/urun\/karbon-elektrot\/","title":{"rendered":"Karbon Elektrot"},"content":{"rendered":"<h2>Karbon Elektrot Nedir?<\/h2>\n<p>Karbon elektrot olarak da bilinen karbon iletken elektrot, ana hammadde olarak y\u00fcksek kaliteli petrol kokundan, zift kokundan vb. yap\u0131l\u0131r. Kavrulduktan sonra i\u015flenerek bitmi\u015f \u00fcr\u00fcn haline getirilebilir. Grafitle\u015ftirilmedi\u011finden, diren\u00e7leri a\u015fa\u011f\u0131dakilerden daha y\u00fcksektir <a href=\"https:\/\/jinsuncarbon.com\/tr\/urun\/grafit-elektrot\/\">grafit elektrot<\/a>.<\/p>\n<p>M\u00fckemmel elektrik iletkenli\u011fine sahiptirler. Bunun nedeni, esas olarak serbest elektronlar\u0131n ak\u0131\u015f\u0131na elveri\u015fli olan ve d\u00fc\u015f\u00fck diren\u00e7lili\u011fe sahip metalik ba\u011flarla kapl\u0131 kovalent ba\u011fl\u0131 karbon atomlar\u0131ndan olu\u015fmas\u0131d\u0131r.<\/p>\n<h2>Uygulamalar:<\/h2>\n<p>Karbon elektrotlar esas olarak a\u015fa\u011f\u0131dakiler i\u00e7in kullan\u0131l\u0131r <a href=\"https:\/\/en.wikipedia.org\/wiki\/Submerged-arc_furnace_for_phosphorus_production\" target=\"_blank\" rel=\"noopener\">batik ark ocaklari<\/a>. Eritme \u00e7e\u015fitleri aras\u0131nda end\u00fcstriyel silikon, sar\u0131 fosfor, ferroala\u015f\u0131mlar, kalsiyum karb\u00fcr ve di\u011fer metaller veya metal olmayanlar bulunur.<\/p>\n<p>End\u00fcstriyel silikon eritme i\u015fleminde, elektrik ak\u0131m\u0131 iletken elektrottan ve f\u0131r\u0131n y\u00fck\u00fcnden ge\u00e7erek elektrik enerjisini y\u00fcksek s\u0131cakl\u0131kta eritme i\u00e7in elektroliz yoluyla termal enerjiye d\u00f6n\u00fc\u015ft\u00fcr\u00fcr.<\/p>\n<p><img fetchpriority=\"high\" decoding=\"async\" class=\"alignnone wp-image-4533\" src=\"https:\/\/jinsuncarbon.com\/wp-content\/uploads\/2023\/01\/Submerged-arc-furnace-1.jpg\" alt=\"\" width=\"371\" height=\"394\" srcset=\"https:\/\/jinsuncarbon.com\/wp-content\/uploads\/2023\/01\/Submerged-arc-furnace-1.jpg 1080w, https:\/\/jinsuncarbon.com\/wp-content\/uploads\/2023\/01\/Submerged-arc-furnace-1-600x637.jpg 600w, https:\/\/jinsuncarbon.com\/wp-content\/uploads\/2023\/01\/Submerged-arc-furnace-1-283x300.jpg 283w, https:\/\/jinsuncarbon.com\/wp-content\/uploads\/2023\/01\/Submerged-arc-furnace-1-965x1024.jpg 965w, https:\/\/jinsuncarbon.com\/wp-content\/uploads\/2023\/01\/Submerged-arc-furnace-1-768x815.jpg 768w, https:\/\/jinsuncarbon.com\/wp-content\/uploads\/2023\/01\/Submerged-arc-furnace-1-11x12.jpg 11w\" sizes=\"(max-width: 371px) 100vw, 371px\" \/> <img decoding=\"async\" class=\"alignnone wp-image-4534\" src=\"https:\/\/jinsuncarbon.com\/wp-content\/uploads\/2023\/01\/carbon-electrode-for-submerged-arc-furnace-1024x678.jpg\" alt=\"Tozalt\u0131 ark oca\u011f\u0131 i\u00e7in karbon elektrot\" width=\"594\" height=\"393\" srcset=\"https:\/\/jinsuncarbon.com\/wp-content\/uploads\/2023\/01\/carbon-electrode-for-submerged-arc-furnace-1024x678.jpg 1024w, https:\/\/jinsuncarbon.com\/wp-content\/uploads\/2023\/01\/carbon-electrode-for-submerged-arc-furnace-600x397.jpg 600w, https:\/\/jinsuncarbon.com\/wp-content\/uploads\/2023\/01\/carbon-electrode-for-submerged-arc-furnace-300x199.jpg 300w, https:\/\/jinsuncarbon.com\/wp-content\/uploads\/2023\/01\/carbon-electrode-for-submerged-arc-furnace-768x508.jpg 768w, https:\/\/jinsuncarbon.com\/wp-content\/uploads\/2023\/01\/carbon-electrode-for-submerged-arc-furnace-18x12.jpg 18w, https:\/\/jinsuncarbon.com\/wp-content\/uploads\/2023\/01\/carbon-electrode-for-submerged-arc-furnace.jpg 1080w\" sizes=\"(max-width: 594px) 100vw, 594px\" \/><\/p>\n<p>&nbsp;<\/p>\n<p>Genel olarak, tozalt\u0131 ark oca\u011f\u0131n\u0131n kapasitesinin karbon elektrotun \u00e7ap\u0131na oran\u0131 a\u015fa\u011f\u0131daki gibidir:<\/p>\n<table>\n<tbody>\n<tr>\n<td width=\"185\">Tozalt\u0131 ark oca\u011f\u0131 kapasitesi\uff08KVA\uff09<\/td>\n<td width=\"61\">6300<\/td>\n<td width=\"58\">8000<\/td>\n<td width=\"58\">12500<\/td>\n<td width=\"56\">25000<\/td>\n<\/tr>\n<tr>\n<td width=\"185\">Elektrot \u00c7ap\u0131 Spesifikasyonu \uff08mm\uff09<\/td>\n<td width=\"61\">780\/800<\/td>\n<td width=\"58\">900<\/td>\n<td width=\"58\">960\/1020<\/td>\n<td width=\"56\">1272<\/td>\n<\/tr>\n<\/tbody>\n<\/table>\n<p>&nbsp;<\/p>\n<h2>Ana \u00d6zellik:<\/h2>\n<p><strong>Elektriksel \u0130letkenlik:<\/strong> Verimli elektrik enerjisi iletimini destekleyen ola\u011fan\u00fcst\u00fc elektrik iletkenli\u011fine sahiptirler. Bu \u00f6zellik onlar\u0131 elektroliz gibi uygulamalar i\u00e7in uygun hale getirir.<\/p>\n<p><strong>Mekanik Dayan\u0131m:<\/strong> \u00d6nemli mekanik mukavemete sahiptirler, bu da operasyonlar s\u0131ras\u0131nda mekanik gerilimlere ve gerilmelere dayanmalar\u0131n\u0131 sa\u011flar. Bu kalite, mekanik kuvvetler veya titre\u015fimlerle u\u011fra\u015fan uygulamalar i\u00e7in hayati \u00f6nem ta\u015f\u0131r.<\/p>\n<p><strong>Termal Sa\u011flaml\u0131k<\/strong>: Y\u00fcksek termal kararl\u0131l\u0131k g\u00f6sterirler, bu da \u00f6nemli bir bozulma olmadan y\u00fcksek s\u0131cakl\u0131klara dayanmalar\u0131n\u0131 sa\u011flar. Bu \u00f6zellik \u00f6zellikle elektrik ark f\u0131r\u0131nlar\u0131 veya diren\u00e7li \u0131s\u0131tma gibi y\u00fcksek \u0131s\u0131 i\u00e7eren prosesler i\u00e7in \u00f6nemlidir.<\/p>\n<p><strong>Kimyasal \u0130nertlik:<\/strong> Korozyona dayan\u0131kl\u0131d\u0131rlar ve kimyasal olarak reaktif de\u011fildirler. Dolay\u0131s\u0131yla bu \u00f6zellik, di\u011fer malzemelerin bozulabilece\u011fi agresif ortamlarda kullan\u0131labilmelerini sa\u011flar.<\/p>\n<h2>\u00dcretimde Avantajlar:<\/h2>\n<p>Bunun i\u00e7in hammadde \u00fcretimi nispeten basittir \u00e7\u00fcnk\u00fc <a href=\"https:\/\/www.sciencedirect.com\/topics\/engineering\/graphitization#:~:text=Graphitization%20is%20a%20heat%20treatment,three%2Ddimensionally%20ordered%20crystalline%20graphite.\" target=\"_blank\" rel=\"noopener\">grafitle\u015ftirme<\/a> s\u00fcreci. Grafitleme enerji yo\u011fun bir i\u015flem oldu\u011fundan, bu i\u015flem grafit elektrotlardan daha d\u00fc\u015f\u00fck bir fiyatla sonu\u00e7lan\u0131r.<\/p>\n<p>Ayn\u0131 kapasiteyi koruyarak daha b\u00fcy\u00fck \u00e7apl\u0131 tozalt\u0131 ark f\u0131r\u0131nlar\u0131nda \u00fcretilebilir. <a href=\"https:\/\/jinsuncarbon.com\/tr\/\">grafit elektrot<\/a>. \u00c7aplar\u0131 \u03a6600 ila \u03a61400 mm aras\u0131nda de\u011fi\u015fen karbon elektrot \u00e7ubu\u011fu \u00fcreterek, f\u0131r\u0131n i\u00e7indeki ark band\u0131 geni\u015fler ve kararl\u0131 bir ark sa\u011flar. Bu, daha iyi termal eritme verimlili\u011fi, daha fazla \u00fcr\u00fcn \u00e7\u0131kt\u0131s\u0131 ve daha d\u00fc\u015f\u00fck g\u00fc\u00e7 t\u00fcketimi sa\u011flar.<\/p>\n<p>Tozalt\u0131 ark f\u0131r\u0131nlar\u0131nda iletken elektrotlar olarak g\u00f6rev yapar, maliyet azaltmada \u00f6nemli avantajlar sunar. Enerji tasarrufu, emisyon azalt\u0131m\u0131, ergitme verimlili\u011fi ve g\u00fcvenli\u011finin art\u0131r\u0131lmas\u0131na yard\u0131mc\u0131 olurlar.<\/p>\n<p>Bir karbon elektrot \u00fcreticisi olarak JINSUN, tozalt\u0131 ark oca\u011f\u0131 \u00fcretiminize yard\u0131mc\u0131 olacak \u00fcr\u00fcnler \u00fcretmek i\u00e7in y\u00fcksek kaliteli hammaddeler kullan\u0131r.<\/p>\n<p>&nbsp;<\/p>\n<h4><strong>Elektrotun Fiziksel ve Kimyasal \u00d6zellikleri\u00a0<\/strong><\/h4>\n<table width=\"613\">\n<thead>\n<tr>\n<td><strong>M\u00fclkiyet<\/strong><\/td>\n<td><strong>Birim<\/strong><\/td>\n<td><strong>De\u011fer<\/strong><\/td>\n<\/tr>\n<\/thead>\n<tbody>\n<tr>\n<td>Diren\u00e7lilik<\/td>\n<td>\u03bc\u03a9.m<\/td>\n<td>11.0<\/td>\n<\/tr>\n<tr>\n<td>E\u011filme Dayan\u0131m\u0131<\/td>\n<td>MPa<\/td>\n<td>6.0<\/td>\n<\/tr>\n<tr>\n<td>Young Mod\u00fcl\u00fc<\/td>\n<td>GPa<\/td>\n<td>12.0<\/td>\n<\/tr>\n<tr>\n<td>Termal Genle\u015fme Katsay\u0131s\u0131<\/td>\n<td>\u00d710^-6\/\u2103<\/td>\n<td>3.2<\/td>\n<\/tr>\n<tr>\n<td>Yo\u011funluk<\/td>\n<td>g\/cm3<\/td>\n<td>1.58<\/td>\n<\/tr>\n<tr>\n<td>Karbon i\u00e7eri\u011fi<\/td>\n<td>%<\/td>\n<td>90<\/td>\n<\/tr>\n<tr>\n<td>K\u00fcl<\/td>\n<td>%<\/td>\n<td>10<\/td>\n<\/tr>\n<\/tbody>\n<\/table>\n<h3><\/h3>\n<p>&nbsp;<\/p>\n<p>&nbsp;<\/p>","protected":false},"excerpt":{"rendered":"<p>Karbon elektrotlar\u0131n ana hammaddeleri petrol kok k\u00f6m\u00fcr\u00fc, antrasit ve metal\u00fcrjik kok k\u00f6m\u00fcr\u00fcd\u00fcr. Bazen, az miktarda grafitle\u015ftirilmi\u015f par\u00e7alar eklenir ve harmanlama, kal\u0131plama, kavurma ve mekanik i\u015fleme yoluyla yap\u0131l\u0131r. M\u00fckemmel bir karbonlu iletken malzemedir. Orta ve k\u00fc\u00e7\u00fck elektrik ark ocaklar\u0131nda ve elektrik f\u0131r\u0131nlar\u0131nda iletken elektrotlar olarak ferroala\u015f\u0131mlar, sar\u0131 fosfor ve korundum \u00fcretmek i\u00e7in kullan\u0131l\u0131rlar.<\/p>","protected":false},"featured_media":2639,"template":"","meta":[],"product_brand":[],"product_cat":[39],"product_tag":[],"class_list":{"0":"post-2147","1":"product","2":"type-product","3":"status-publish","4":"has-post-thumbnail","6":"product_cat-carbon-products","8":"first","9":"instock","10":"shipping-taxable","11":"product-type-simple"},"yoast_head":"<!-- This site is optimized with the Yoast SEO Premium plugin v19.2.1 (Yoast SEO v25.3) - https:\/\/yoast.com\/wordpress\/plugins\/seo\/ -->\n<title>Carbon Electrode Manufacturers<\/title>\n<meta name=\"description\" content=\"Carbon electrode is conductive materials produced by roasting petroleum coke and pitch coke as the main raw materials. It is used for submerged arc furnaces.\" \/>\n<meta name=\"robots\" content=\"index, follow, max-snippet:-1, max-image-preview:large, max-video-preview:-1\" \/>\n<link rel=\"canonical\" href=\"https:\/\/jinsuncarbon.com\/tr\/urun\/karbon-elektrot\/\" \/>\n<meta property=\"og:locale\" content=\"tr_TR\" \/>\n<meta property=\"og:type\" content=\"article\" \/>\n<meta property=\"og:title\" content=\"Carbon Electrode\" \/>\n<meta property=\"og:description\" content=\"Carbon electrode is conductive materials produced by roasting petroleum coke and pitch coke as the main raw materials. It is used for submerged arc furnaces.\" \/>\n<meta property=\"og:url\" content=\"https:\/\/jinsuncarbon.com\/tr\/urun\/karbon-elektrot\/\" \/>\n<meta property=\"og:site_name\" content=\"Jinsun Carbon\" \/>\n<meta property=\"article:publisher\" content=\"https:\/\/www.facebook.com\/Graphite-Electrode-109336238661595\" \/>\n<meta property=\"article:modified_time\" content=\"2024-11-01T01:08:42+00:00\" \/>\n<meta property=\"og:image\" content=\"https:\/\/jinsuncarbon.com\/wp-content\/uploads\/2023\/01\/cat11.jpg\" \/>\n\t<meta property=\"og:image:width\" content=\"337\" \/>\n\t<meta property=\"og:image:height\" content=\"251\" \/>\n\t<meta property=\"og:image:type\" content=\"image\/jpeg\" \/>\n<meta name=\"twitter:card\" content=\"summary_large_image\" \/>\n<meta name=\"twitter:site\" content=\"@jinsuncarbon_\" \/>\n<meta name=\"twitter:label1\" content=\"Tahmini okuma s\u00fcresi\" \/>\n\t<meta name=\"twitter:data1\" content=\"3 dakika\" \/>\n<script type=\"application\/ld+json\" class=\"yoast-schema-graph\">{\"@context\":\"https:\/\/schema.org\",\"@graph\":[{\"@type\":\"WebPage\",\"@id\":\"https:\/\/jinsuncarbon.com\/product\/carbon-electrode\/\",\"url\":\"https:\/\/jinsuncarbon.com\/product\/carbon-electrode\/\",\"name\":\"Carbon Electrode Manufacturers\",\"isPartOf\":{\"@id\":\"https:\/\/jinsuncarbon.com\/#website\"},\"primaryImageOfPage\":{\"@id\":\"https:\/\/jinsuncarbon.com\/product\/carbon-electrode\/#primaryimage\"},\"image\":{\"@id\":\"https:\/\/jinsuncarbon.com\/product\/carbon-electrode\/#primaryimage\"},\"thumbnailUrl\":\"https:\/\/jinsuncarbon.com\/wp-content\/uploads\/2023\/01\/cat11.jpg\",\"datePublished\":\"2023-01-30T09:30:51+00:00\",\"dateModified\":\"2024-11-01T01:08:42+00:00\",\"description\":\"Carbon electrode is conductive materials produced by roasting petroleum coke and pitch coke as the main raw materials. It is used for submerged arc furnaces.\",\"breadcrumb\":{\"@id\":\"https:\/\/jinsuncarbon.com\/product\/carbon-electrode\/#breadcrumb\"},\"inLanguage\":\"tr\",\"potentialAction\":[{\"@type\":\"ReadAction\",\"target\":[\"https:\/\/jinsuncarbon.com\/product\/carbon-electrode\/\"]}]},{\"@type\":\"ImageObject\",\"inLanguage\":\"tr\",\"@id\":\"https:\/\/jinsuncarbon.com\/product\/carbon-electrode\/#primaryimage\",\"url\":\"https:\/\/jinsuncarbon.com\/wp-content\/uploads\/2023\/01\/cat11.jpg\",\"contentUrl\":\"https:\/\/jinsuncarbon.com\/wp-content\/uploads\/2023\/01\/cat11.jpg\",\"width\":337,\"height\":251,\"caption\":\"carbon electrode\"},{\"@type\":\"BreadcrumbList\",\"@id\":\"https:\/\/jinsuncarbon.com\/product\/carbon-electrode\/#breadcrumb\",\"itemListElement\":[{\"@type\":\"ListItem\",\"position\":1,\"name\":\"Home\",\"item\":\"https:\/\/jinsuncarbon.com\/\"},{\"@type\":\"ListItem\",\"position\":2,\"name\":\"Products\",\"item\":\"https:\/\/jinsuncarbon.com\/graphite-carbon\/\"},{\"@type\":\"ListItem\",\"position\":3,\"name\":\"Carbon Electrode\"}]},{\"@type\":\"WebSite\",\"@id\":\"https:\/\/jinsuncarbon.com\/#website\",\"url\":\"https:\/\/jinsuncarbon.com\/\",\"name\":\"Jinsun Carbon\",\"description\":\"We are the successful graphite electrode manufacturer in China\",\"publisher\":{\"@id\":\"https:\/\/jinsuncarbon.com\/#organization\"},\"potentialAction\":[{\"@type\":\"SearchAction\",\"target\":{\"@type\":\"EntryPoint\",\"urlTemplate\":\"https:\/\/jinsuncarbon.com\/?s={search_term_string}\"},\"query-input\":{\"@type\":\"PropertyValueSpecification\",\"valueRequired\":true,\"valueName\":\"search_term_string\"}}],\"inLanguage\":\"tr\"},{\"@type\":\"Organization\",\"@id\":\"https:\/\/jinsuncarbon.com\/#organization\",\"name\":\"Jinsun Carbon\",\"alternateName\":\"Jinsun Carbon\",\"url\":\"https:\/\/jinsuncarbon.com\/\",\"logo\":{\"@type\":\"ImageObject\",\"inLanguage\":\"tr\",\"@id\":\"https:\/\/jinsuncarbon.com\/#\/schema\/logo\/image\/\",\"url\":\"https:\/\/jinsuncarbon.com\/wp-content\/uploads\/2022\/12\/LOGO-1.png\",\"contentUrl\":\"https:\/\/jinsuncarbon.com\/wp-content\/uploads\/2022\/12\/LOGO-1.png\",\"width\":207,\"height\":80,\"caption\":\"Jinsun Carbon\"},\"image\":{\"@id\":\"https:\/\/jinsuncarbon.com\/#\/schema\/logo\/image\/\"},\"sameAs\":[\"https:\/\/www.facebook.com\/Graphite-Electrode-109336238661595\",\"https:\/\/x.com\/jinsuncarbon_\",\"https:\/\/www.linkedin.com\/in\/jinsungraphite\",\"https:\/\/www.youtube.com\/channel\/UCysDNyvyR5-3cCWEmpkVC0g\"]}]}<\/script>\n<!-- \/ Yoast SEO Premium plugin. -->","yoast_head_json":{"title":"Karbon Elektrot \u00dcreticileri","description":"Karbon elektrot, ana hammadde olarak petrol koku ve zift kokunun kavrulmas\u0131yla \u00fcretilen iletken malzemelerdir. Tozalt\u0131 ark ocaklar\u0131 i\u00e7in kullan\u0131l\u0131r.","robots":{"index":"index","follow":"follow","max-snippet":"max-snippet:-1","max-image-preview":"max-image-preview:large","max-video-preview":"max-video-preview:-1"},"canonical":"https:\/\/jinsuncarbon.com\/tr\/urun\/karbon-elektrot\/","og_locale":"tr_TR","og_type":"article","og_title":"Carbon Electrode","og_description":"Carbon electrode is conductive materials produced by roasting petroleum coke and pitch coke as the main raw materials. It is used for submerged arc furnaces.","og_url":"https:\/\/jinsuncarbon.com\/tr\/urun\/karbon-elektrot\/","og_site_name":"Jinsun Carbon","article_publisher":"https:\/\/www.facebook.com\/Graphite-Electrode-109336238661595","article_modified_time":"2024-11-01T01:08:42+00:00","og_image":[{"width":337,"height":251,"url":"https:\/\/jinsuncarbon.com\/wp-content\/uploads\/2023\/01\/cat11.jpg","type":"image\/jpeg"}],"twitter_card":"summary_large_image","twitter_site":"@jinsuncarbon_","twitter_misc":{"Tahmini okuma s\u00fcresi":"3 dakika"},"schema":{"@context":"https:\/\/schema.org","@graph":[{"@type":"WebPage","@id":"https:\/\/jinsuncarbon.com\/product\/carbon-electrode\/","url":"https:\/\/jinsuncarbon.com\/product\/carbon-electrode\/","name":"Karbon Elektrot \u00dcreticileri","isPartOf":{"@id":"https:\/\/jinsuncarbon.com\/#website"},"primaryImageOfPage":{"@id":"https:\/\/jinsuncarbon.com\/product\/carbon-electrode\/#primaryimage"},"image":{"@id":"https:\/\/jinsuncarbon.com\/product\/carbon-electrode\/#primaryimage"},"thumbnailUrl":"https:\/\/jinsuncarbon.com\/wp-content\/uploads\/2023\/01\/cat11.jpg","datePublished":"2023-01-30T09:30:51+00:00","dateModified":"2024-11-01T01:08:42+00:00","description":"Karbon elektrot, ana hammadde olarak petrol koku ve zift kokunun kavrulmas\u0131yla \u00fcretilen iletken malzemelerdir. Tozalt\u0131 ark ocaklar\u0131 i\u00e7in kullan\u0131l\u0131r.","breadcrumb":{"@id":"https:\/\/jinsuncarbon.com\/product\/carbon-electrode\/#breadcrumb"},"inLanguage":"tr","potentialAction":[{"@type":"ReadAction","target":["https:\/\/jinsuncarbon.com\/product\/carbon-electrode\/"]}]},{"@type":"ImageObject","inLanguage":"tr","@id":"https:\/\/jinsuncarbon.com\/product\/carbon-electrode\/#primaryimage","url":"https:\/\/jinsuncarbon.com\/wp-content\/uploads\/2023\/01\/cat11.jpg","contentUrl":"https:\/\/jinsuncarbon.com\/wp-content\/uploads\/2023\/01\/cat11.jpg","width":337,"height":251,"caption":"carbon electrode"},{"@type":"BreadcrumbList","@id":"https:\/\/jinsuncarbon.com\/product\/carbon-electrode\/#breadcrumb","itemListElement":[{"@type":"ListItem","position":1,"name":"Home","item":"https:\/\/jinsuncarbon.com\/"},{"@type":"ListItem","position":2,"name":"Products","item":"https:\/\/jinsuncarbon.com\/graphite-carbon\/"},{"@type":"ListItem","position":3,"name":"Carbon Electrode"}]},{"@type":"WebSite","@id":"https:\/\/jinsuncarbon.com\/#website","url":"https:\/\/jinsuncarbon.com\/","name":"Jinsun Karbon","description":"\u00c7in'deki ba\u015far\u0131l\u0131 grafit elektrot \u00fcreticisiyiz","publisher":{"@id":"https:\/\/jinsuncarbon.com\/#organization"},"potentialAction":[{"@type":"SearchAction","target":{"@type":"EntryPoint","urlTemplate":"https:\/\/jinsuncarbon.com\/?s={search_term_string}"},"query-input":{"@type":"PropertyValueSpecification","valueRequired":true,"valueName":"search_term_string"}}],"inLanguage":"tr"},{"@type":"Organization","@id":"https:\/\/jinsuncarbon.com\/#organization","name":"Jinsun Karbon","alternateName":"Jinsun Carbon","url":"https:\/\/jinsuncarbon.com\/","logo":{"@type":"ImageObject","inLanguage":"tr","@id":"https:\/\/jinsuncarbon.com\/#\/schema\/logo\/image\/","url":"https:\/\/jinsuncarbon.com\/wp-content\/uploads\/2022\/12\/LOGO-1.png","contentUrl":"https:\/\/jinsuncarbon.com\/wp-content\/uploads\/2022\/12\/LOGO-1.png","width":207,"height":80,"caption":"Jinsun Carbon"},"image":{"@id":"https:\/\/jinsuncarbon.com\/#\/schema\/logo\/image\/"},"sameAs":["https:\/\/www.facebook.com\/Graphite-Electrode-109336238661595","https:\/\/x.com\/jinsuncarbon_","https:\/\/www.linkedin.com\/in\/jinsungraphite","https:\/\/www.youtube.com\/channel\/UCysDNyvyR5-3cCWEmpkVC0g"]}]}},"_links":{"self":[{"href":"https:\/\/jinsuncarbon.com\/tr\/wp-json\/wp\/v2\/product\/2147","targetHints":{"allow":["GET"]}}],"collection":[{"href":"https:\/\/jinsuncarbon.com\/tr\/wp-json\/wp\/v2\/product"}],"about":[{"href":"https:\/\/jinsuncarbon.com\/tr\/wp-json\/wp\/v2\/types\/product"}],"wp:featuredmedia":[{"embeddable":true,"href":"https:\/\/jinsuncarbon.com\/tr\/wp-json\/wp\/v2\/media\/2639"}],"wp:attachment":[{"href":"https:\/\/jinsuncarbon.com\/tr\/wp-json\/wp\/v2\/media?parent=2147"}],"wp:term":[{"taxonomy":"product_brand","embeddable":true,"href":"https:\/\/jinsuncarbon.com\/tr\/wp-json\/wp\/v2\/product_brand?post=2147"},{"taxonomy":"product_cat","embeddable":true,"href":"https:\/\/jinsuncarbon.com\/tr\/wp-json\/wp\/v2\/product_cat?post=2147"},{"taxonomy":"product_tag","embeddable":true,"href":"https:\/\/jinsuncarbon.com\/tr\/wp-json\/wp\/v2\/product_tag?post=2147"}],"curies":[{"name":"wp","href":"https:\/\/api.w.org\/{rel}","templated":true}]}}