{"id":2145,"date":"2023-01-30T09:28:37","date_gmt":"2023-01-30T09:28:37","guid":{"rendered":"https:\/\/jinsuncarbon.com\/?post_type=product&#038;p=2145"},"modified":"2024-11-01T01:09:33","modified_gmt":"2024-11-01T01:09:33","slug":"katot-blogu","status":"publish","type":"product","link":"https:\/\/jinsuncarbon.com\/tr\/urun\/katot-blogu\/","title":{"rendered":"Katot Blo\u011fu"},"content":{"rendered":"<h2><span data-preserver-spaces=\"true\">Katot blo\u011fu nedir?<\/span><\/h2>\n<p><span data-preserver-spaces=\"true\">Katot blo\u011fu, al\u00fcminadan al\u00fcminyumun elektroliz i\u015fleminde negatif elektrotlar olarak gereklidir. \u00c7ok fazla elektrik t\u00fcketen al\u00fcminyum eritme i\u015fleminin verimlili\u011fini art\u0131rmaya yard\u0131mc\u0131 olur. Bu y\u00fczden al\u00fcminyum elektrolitik h\u00fccrenin katot yap\u0131s\u0131n\u0131n merkezi par\u00e7as\u0131d\u0131r. <\/span><\/p>\n<p><span data-preserver-spaces=\"true\">Bu nedenle al\u00fcminyum elektroliz \u00fcretim s\u00fcrecinde bir katot iletkeni g\u00f6revi g\u00f6r\u00fcr. Al\u00fcminyum elektroliz makinesinin astar malzemesi olarak <\/span><a href=\"https:\/\/jinsuncarbon.com\/tr\/why-are-carbon-graphite-electrodes-used-in-electrolysis\/\"><span data-preserver-spaces=\"true\">elektroly<\/span><\/a><span data-preserver-spaces=\"true\"><a href=\"https:\/\/jinsuncarbon.com\/tr\/why-are-carbon-graphite-electrodes-used-in-electrolysis\/\">sis<\/a> h\u00fccre kab\u0131. <\/span>K\u00fcresel olarak h\u0131zla artan al\u00fcminyum talebiyle birlikte katot bloklar\u0131 sekt\u00f6rde \u00f6nemli bir rol oynamaktad\u0131r.<\/p>\n<h2>Uygulamalar<\/h2>\n<p>Katot karbon blo\u011funun birincil i\u015flevi<a href=\"https:\/\/jinsuncarbon.com\/tr\/urun\/carbon-graphite-furnace-lining\/\"> Astar<\/a> Elektroliz h\u00fccresinin malzemesi ve elektrik ak\u0131m\u0131n\u0131n iletimi i\u00e7in.<\/p>\n<p>Ayn\u0131 zamanda, al\u00fcminyum elektroliz i\u015flemi s\u0131ras\u0131nda y\u00fcksek s\u0131cakl\u0131ktaki kriyolit eriyi\u011finin erozyonuna dayanmal\u0131d\u0131r.<\/p>\n<p>Ayr\u0131ca elektroliz s\u00fcrecinde y\u00fcksek s\u0131cakl\u0131ktaki c\u00fcrufun elektrokimyasal etkisi de s\u00f6z konusudur.<\/p>\n<p>Bu nedenle, kalitesi al\u00fcminyum elektrolitik h\u00fccrelerin \u00e7al\u0131\u015fmas\u0131nda hayati bir rol oynar.<\/p>\n<p>S\u0131n\u0131f, \u00f6zellikle sodyum korozyon direnci, termal genle\u015fme oran\u0131 ve diren\u00e7lilik a\u00e7\u0131s\u0131ndan elektrolitik h\u00fccrenin hizmet \u00f6mr\u00fcn\u00fc do\u011frudan etkiler.<\/p>\n<p>Kalitesinin iyile\u015ftirilmesi, \u00fcretimdeki g\u00fc\u00e7 t\u00fcketimini azalt\u0131r ve elektroliz\u00f6r\u00fcn hizmet \u00f6mr\u00fcn\u00fc uzatmak i\u00e7in b\u00fcy\u00fck \u00f6nem ta\u015f\u0131r.<\/p>\n<p>Bir al\u00fcminyum elektrolitin hasar g\u00f6rmesinin ana nedeni <a href=\"https:\/\/sciencedirect.com\/topics\/engineering\/aluminum-cell\" target=\"_blank\" rel=\"noopener\">h\u00fccre<\/a> Sodyum infiltrasyonunun karbon blo\u011fun genle\u015fmesine neden olmas\u0131 ve erimi\u015f elektrolit infiltrasyonunun termal genle\u015fme katsay\u0131s\u0131n\u0131 art\u0131rmas\u0131d\u0131r.<\/p>\n<p>&nbsp;<\/p>\n<p><img fetchpriority=\"high\" decoding=\"async\" class=\"alignnone wp-image-4470\" src=\"https:\/\/jinsuncarbon.com\/wp-content\/uploads\/2023\/01\/cathode-blocks-1024x769.jpg\" alt=\"Katot bloklar\u0131\" width=\"506\" height=\"380\" srcset=\"https:\/\/jinsuncarbon.com\/wp-content\/uploads\/2023\/01\/cathode-blocks-1024x769.jpg 1024w, https:\/\/jinsuncarbon.com\/wp-content\/uploads\/2023\/01\/cathode-blocks-600x451.jpg 600w, https:\/\/jinsuncarbon.com\/wp-content\/uploads\/2023\/01\/cathode-blocks-300x225.jpg 300w, https:\/\/jinsuncarbon.com\/wp-content\/uploads\/2023\/01\/cathode-blocks-768x577.jpg 768w, https:\/\/jinsuncarbon.com\/wp-content\/uploads\/2023\/01\/cathode-blocks-16x12.jpg 16w, https:\/\/jinsuncarbon.com\/wp-content\/uploads\/2023\/01\/cathode-blocks.jpg 1080w\" sizes=\"(max-width: 506px) 100vw, 506px\" \/>\u00a0<img decoding=\"async\" class=\"alignnone wp-image-4471\" src=\"https:\/\/jinsuncarbon.com\/wp-content\/uploads\/2023\/01\/Cathode-carbon-block-graphitized-cathode-block-1024x769.jpg\" alt=\"Katot karbon blo\u011fu-grafitlenmi\u015f katot blo\u011fu\" width=\"506\" height=\"380\" srcset=\"https:\/\/jinsuncarbon.com\/wp-content\/uploads\/2023\/01\/Cathode-carbon-block-graphitized-cathode-block-1024x769.jpg 1024w, https:\/\/jinsuncarbon.com\/wp-content\/uploads\/2023\/01\/Cathode-carbon-block-graphitized-cathode-block-600x451.jpg 600w, https:\/\/jinsuncarbon.com\/wp-content\/uploads\/2023\/01\/Cathode-carbon-block-graphitized-cathode-block-300x225.jpg 300w, https:\/\/jinsuncarbon.com\/wp-content\/uploads\/2023\/01\/Cathode-carbon-block-graphitized-cathode-block-768x577.jpg 768w, https:\/\/jinsuncarbon.com\/wp-content\/uploads\/2023\/01\/Cathode-carbon-block-graphitized-cathode-block-16x12.jpg 16w, https:\/\/jinsuncarbon.com\/wp-content\/uploads\/2023\/01\/Cathode-carbon-block-graphitized-cathode-block.jpg 1080w\" sizes=\"(max-width: 506px) 100vw, 506px\" \/><\/p>\n<p>&nbsp;<\/p>\n<h2><span data-preserver-spaces=\"true\">\u00d6zellikler<\/span><\/h2>\n<p><span data-preserver-spaces=\"true\">D\u00fc\u015f\u00fck dirence ve iyi iletkenli\u011fe sahiptir, bu nedenle voltaj d\u00fc\u015f\u00fc\u015f\u00fc k\u00fc\u00e7\u00fckt\u00fcr, bu da elektrolitik \u00fcretimin g\u00fc\u00e7 t\u00fcketimini azaltabilir. <\/span><\/p>\n<p><span data-preserver-spaces=\"true\">Belirli bir mekanik dayan\u0131ma sahiptir. S\u0131ras\u0131nda <\/span><a class=\"editor-rtfLink\" href=\"https:\/\/www.bbc.co.uk\/bitesize\/guides\/zhk6pbk\/revision\/4\" target=\"_blank\" rel=\"noopener\"><span data-preserver-spaces=\"true\">al\u00fcminyum elektrolizi<\/span><\/a><span data-preserver-spaces=\"true\">katot blo\u011funun hacmi geni\u015fler, bu da \u00f6nemli \u00f6l\u00e7\u00fcde genle\u015fmeye neden olur <\/span><\/p>\n<p><span data-preserver-spaces=\"true\">stres ve y\u00fcksek mekanik mukavemet, hasar oran\u0131n\u0131 azaltacakt\u0131r. <\/span><\/p>\n<p><span data-preserver-spaces=\"true\">D\u00fc\u015f\u00fck g\u00f6zeneklili\u011fi, i\u00e7ine n\u00fcfuz eden elektrolit i\u00e7eri\u011fi artt\u0131\u011f\u0131nda h\u0131zl\u0131 bir \u015fekilde par\u00e7alanmaz. <\/span><\/p>\n<p><span data-preserver-spaces=\"true\">K\u00fcl i\u00e7eri\u011fi azd\u0131r, bu nedenle \u00f6zg\u00fcl direnci art\u0131rmayacak ve iletkenli\u011fi etkilemeyecektir. <\/span><\/p>\n<p><span data-preserver-spaces=\"true\">Hasar katsay\u0131s\u0131 k\u00fc\u00e7\u00fckt\u00fcr, bu da hizmet \u00f6mr\u00fcn\u00fc uzatabilir.<\/span><\/p>\n<p>&nbsp;<\/p>\n<h2>\u00a0Katot blo\u011funun \u00f6zellikleri<\/h2>\n<table width=\"652\">\n<tbody>\n<tr>\n<td width=\"151\">\u00d6ZELL\u0130KLER<\/td>\n<td width=\"57\">B\u0130R\u0130M<\/td>\n<td width=\"132\">amorf karbon<\/td>\n<td width=\"94\">yar\u0131 grafit<\/td>\n<td width=\"113\">yar\u0131 grafikle\u015ftirilmi\u015f<\/td>\n<td width=\"104\">grafitle\u015ftirme<\/td>\n<\/tr>\n<tr>\n<td width=\"151\">Ger\u00e7ek yo\u011funluk<\/td>\n<td width=\"57\">g\/cm<sup>3<\/sup><\/td>\n<td width=\"132\">1.85~1.95<\/td>\n<td width=\"94\">2.05~2.15<\/td>\n<td width=\"113\">2.05~2.18<\/td>\n<td width=\"104\">2.20<\/td>\n<\/tr>\n<tr>\n<td width=\"151\">G\u00f6r\u00fcn\u00fcr yo\u011funluk<\/td>\n<td width=\"57\">g\/cm<sup>3<\/sup><\/td>\n<td width=\"132\">1.50~1.55<\/td>\n<td width=\"94\">1.60~1.70<\/td>\n<td width=\"113\">1.55~1.65<\/td>\n<td width=\"104\">1.6~1.8<\/td>\n<\/tr>\n<tr>\n<td width=\"151\">Toplam g\u00f6zeneklilik<\/td>\n<td width=\"57\">%<\/td>\n<td width=\"132\">18~25<\/td>\n<td width=\"94\">20~25<\/td>\n<td width=\"113\">15~30<\/td>\n<td width=\"104\">25<\/td>\n<\/tr>\n<tr>\n<td width=\"151\">A\u00e7\u0131k g\u00f6zeneklilik<\/td>\n<td width=\"57\">%<\/td>\n<td width=\"132\">15~18<\/td>\n<td width=\"94\">15~20<\/td>\n<td width=\"113\">15~20<\/td>\n<td width=\"104\">20~24<\/td>\n<\/tr>\n<tr>\n<td width=\"151\">Elektriksel Diren\u00e7<\/td>\n<td width=\"57\">\u03bc\u03a9-m<\/td>\n<td width=\"132\">30~50<\/td>\n<td width=\"94\">15~30<\/td>\n<td width=\"113\">12~18<\/td>\n<td width=\"104\">8~14<\/td>\n<\/tr>\n<tr>\n<td width=\"151\">Termal iletkenlik<\/td>\n<td width=\"57\">W\/mk<\/td>\n<td width=\"132\">8~15<\/td>\n<td width=\"94\">30~45<\/td>\n<td width=\"113\">32<\/td>\n<td width=\"104\">80~120<\/td>\n<\/tr>\n<tr>\n<td width=\"151\">Bas\u0131n\u00e7 Dayan\u0131m\u0131<\/td>\n<td width=\"57\">MPa<\/td>\n<td width=\"132\">25~30<\/td>\n<td width=\"94\">25~30<\/td>\n<td width=\"113\">20~25<\/td>\n<td width=\"104\">15<\/td>\n<\/tr>\n<tr>\n<td width=\"151\">B\u00fck\u00fclme mukavemeti<\/td>\n<td width=\"57\">GPa<\/td>\n<td width=\"132\">6~10<\/td>\n<td width=\"94\">10~15<\/td>\n<td width=\"113\">6~10<\/td>\n<td width=\"104\">10~15<\/td>\n<\/tr>\n<tr>\n<td width=\"151\">Uyum testi<\/td>\n<td width=\"57\">%<\/td>\n<td width=\"132\">0.6~1.5<\/td>\n<td width=\"94\">0.3~0.5<\/td>\n<td width=\"113\">0.3~0.5<\/td>\n<td width=\"104\">0.05~0.15<\/td>\n<\/tr>\n<tr>\n<td width=\"151\">K\u00fcl i\u00e7eri\u011fi<\/td>\n<td width=\"57\">%<\/td>\n<td width=\"132\">3~10<\/td>\n<td width=\"94\">0.1~1.0<\/td>\n<td width=\"113\">&lt;1.5<\/td>\n<td width=\"104\">&lt;0.5<\/td>\n<\/tr>\n<\/tbody>\n<\/table>\n<p>&nbsp;<\/p>","protected":false},"excerpt":{"rendered":"<p>Katot bloklar\u0131, al\u00fcminyum elektrolitik h\u00fccrelerin duvar kaplamas\u0131 i\u00e7in kullan\u0131l\u0131r. Pozitif elektrot iletken karbon malzemesi olarak, y\u00fcksek s\u0131cakl\u0131k direnci, erimi\u015f tuz korozyon direnci ve iyi iletkenlik \u00f6zelliklerine sahiptir. S\u0131radan karbon katot blo\u011fu, yar\u0131 grafit karbon blo\u011fu, y\u00fcksek grafitli karbon blo\u011fu ve grafitle\u015ftirilmi\u015f katot blo\u011fu dahil olmak \u00fczere bir\u00e7ok t\u00fcr\u00fc vard\u0131r. Mevcut \u00f6zellikler 550mm \u00d7 900mm \u00d7 3600mm ve 650mm \u00d7 700mm \u00d7 3600mm ve \u00fczeridir.<\/p>","protected":false},"featured_media":2308,"template":"","meta":[],"product_brand":[],"product_cat":[39],"product_tag":[47],"class_list":{"0":"post-2145","1":"product","2":"type-product","3":"status-publish","4":"has-post-thumbnail","6":"product_cat-carbon-products","7":"product_tag-cathode-block","9":"first","10":"instock","11":"shipping-taxable","12":"product-type-simple"},"yoast_head":"<!-- This site is optimized with the Yoast SEO Premium plugin v19.2.1 (Yoast SEO v25.3) - https:\/\/yoast.com\/wordpress\/plugins\/seo\/ -->\n<title>Cathode Block - Jinsun Carbon<\/title>\n<meta name=\"description\" content=\"Cathode blocks are used for the masonry lining of aluminum electrolytic cells. As a positive electrode conductive materials in the aluminum smelting process\" \/>\n<meta name=\"robots\" content=\"index, follow, max-snippet:-1, max-image-preview:large, max-video-preview:-1\" \/>\n<link rel=\"canonical\" href=\"https:\/\/jinsuncarbon.com\/tr\/urun\/katot-blogu\/\" \/>\n<meta property=\"og:locale\" content=\"tr_TR\" \/>\n<meta property=\"og:type\" content=\"article\" \/>\n<meta property=\"og:title\" content=\"Cathode Block\" \/>\n<meta property=\"og:description\" content=\"Cathode blocks are used for the masonry lining of aluminum electrolytic cells. As a positive electrode conductive materials in the aluminum smelting process\" \/>\n<meta property=\"og:url\" content=\"https:\/\/jinsuncarbon.com\/tr\/urun\/katot-blogu\/\" \/>\n<meta property=\"og:site_name\" content=\"Jinsun Carbon\" \/>\n<meta property=\"article:publisher\" content=\"https:\/\/www.facebook.com\/Graphite-Electrode-109336238661595\" \/>\n<meta property=\"article:modified_time\" content=\"2024-11-01T01:09:33+00:00\" \/>\n<meta property=\"og:image\" content=\"https:\/\/jinsuncarbon.com\/wp-content\/uploads\/2023\/01\/cathode-block-2.jpg\" \/>\n\t<meta property=\"og:image:width\" content=\"1024\" \/>\n\t<meta property=\"og:image:height\" content=\"763\" \/>\n\t<meta property=\"og:image:type\" content=\"image\/jpeg\" \/>\n<meta name=\"twitter:card\" content=\"summary_large_image\" \/>\n<meta name=\"twitter:site\" content=\"@jinsuncarbon_\" \/>\n<meta name=\"twitter:label1\" content=\"Tahmini okuma s\u00fcresi\" \/>\n\t<meta name=\"twitter:data1\" content=\"3 dakika\" \/>\n<script type=\"application\/ld+json\" class=\"yoast-schema-graph\">{\"@context\":\"https:\/\/schema.org\",\"@graph\":[{\"@type\":\"WebPage\",\"@id\":\"https:\/\/jinsuncarbon.com\/product\/cathode-block\/\",\"url\":\"https:\/\/jinsuncarbon.com\/product\/cathode-block\/\",\"name\":\"Cathode Block - Jinsun Carbon\",\"isPartOf\":{\"@id\":\"https:\/\/jinsuncarbon.com\/#website\"},\"primaryImageOfPage\":{\"@id\":\"https:\/\/jinsuncarbon.com\/product\/cathode-block\/#primaryimage\"},\"image\":{\"@id\":\"https:\/\/jinsuncarbon.com\/product\/cathode-block\/#primaryimage\"},\"thumbnailUrl\":\"https:\/\/jinsuncarbon.com\/wp-content\/uploads\/2023\/01\/cathode-block-2.jpg\",\"datePublished\":\"2023-01-30T09:28:37+00:00\",\"dateModified\":\"2024-11-01T01:09:33+00:00\",\"description\":\"Cathode blocks are used for the masonry lining of aluminum electrolytic cells. As a positive electrode conductive materials in the aluminum smelting process\",\"breadcrumb\":{\"@id\":\"https:\/\/jinsuncarbon.com\/product\/cathode-block\/#breadcrumb\"},\"inLanguage\":\"tr\",\"potentialAction\":[{\"@type\":\"ReadAction\",\"target\":[\"https:\/\/jinsuncarbon.com\/product\/cathode-block\/\"]}]},{\"@type\":\"ImageObject\",\"inLanguage\":\"tr\",\"@id\":\"https:\/\/jinsuncarbon.com\/product\/cathode-block\/#primaryimage\",\"url\":\"https:\/\/jinsuncarbon.com\/wp-content\/uploads\/2023\/01\/cathode-block-2.jpg\",\"contentUrl\":\"https:\/\/jinsuncarbon.com\/wp-content\/uploads\/2023\/01\/cathode-block-2.jpg\",\"width\":1024,\"height\":763,\"caption\":\"cathode blocks\"},{\"@type\":\"BreadcrumbList\",\"@id\":\"https:\/\/jinsuncarbon.com\/product\/cathode-block\/#breadcrumb\",\"itemListElement\":[{\"@type\":\"ListItem\",\"position\":1,\"name\":\"Home\",\"item\":\"https:\/\/jinsuncarbon.com\/\"},{\"@type\":\"ListItem\",\"position\":2,\"name\":\"Products\",\"item\":\"https:\/\/jinsuncarbon.com\/graphite-carbon\/\"},{\"@type\":\"ListItem\",\"position\":3,\"name\":\"Cathode Block\"}]},{\"@type\":\"WebSite\",\"@id\":\"https:\/\/jinsuncarbon.com\/#website\",\"url\":\"https:\/\/jinsuncarbon.com\/\",\"name\":\"Jinsun Carbon\",\"description\":\"We are the successful graphite electrode manufacturer in China\",\"publisher\":{\"@id\":\"https:\/\/jinsuncarbon.com\/#organization\"},\"potentialAction\":[{\"@type\":\"SearchAction\",\"target\":{\"@type\":\"EntryPoint\",\"urlTemplate\":\"https:\/\/jinsuncarbon.com\/?s={search_term_string}\"},\"query-input\":{\"@type\":\"PropertyValueSpecification\",\"valueRequired\":true,\"valueName\":\"search_term_string\"}}],\"inLanguage\":\"tr\"},{\"@type\":\"Organization\",\"@id\":\"https:\/\/jinsuncarbon.com\/#organization\",\"name\":\"Jinsun Carbon\",\"alternateName\":\"Jinsun Carbon\",\"url\":\"https:\/\/jinsuncarbon.com\/\",\"logo\":{\"@type\":\"ImageObject\",\"inLanguage\":\"tr\",\"@id\":\"https:\/\/jinsuncarbon.com\/#\/schema\/logo\/image\/\",\"url\":\"https:\/\/jinsuncarbon.com\/wp-content\/uploads\/2022\/12\/LOGO-1.png\",\"contentUrl\":\"https:\/\/jinsuncarbon.com\/wp-content\/uploads\/2022\/12\/LOGO-1.png\",\"width\":207,\"height\":80,\"caption\":\"Jinsun Carbon\"},\"image\":{\"@id\":\"https:\/\/jinsuncarbon.com\/#\/schema\/logo\/image\/\"},\"sameAs\":[\"https:\/\/www.facebook.com\/Graphite-Electrode-109336238661595\",\"https:\/\/x.com\/jinsuncarbon_\",\"https:\/\/www.linkedin.com\/in\/jinsungraphite\",\"https:\/\/www.youtube.com\/channel\/UCysDNyvyR5-3cCWEmpkVC0g\"]}]}<\/script>\n<!-- \/ Yoast SEO Premium plugin. -->","yoast_head_json":{"title":"Katot Blo\u011fu - Jinsun Carbon","description":"Katot bloklar\u0131, al\u00fcminyum elektrolitik h\u00fccrelerin duvar kaplamas\u0131 i\u00e7in kullan\u0131l\u0131r. Al\u00fcminyum eritme i\u015fleminde pozitif elektrot iletken malzemeler olarak","robots":{"index":"index","follow":"follow","max-snippet":"max-snippet:-1","max-image-preview":"max-image-preview:large","max-video-preview":"max-video-preview:-1"},"canonical":"https:\/\/jinsuncarbon.com\/tr\/urun\/katot-blogu\/","og_locale":"tr_TR","og_type":"article","og_title":"Cathode Block","og_description":"Cathode blocks are used for the masonry lining of aluminum electrolytic cells. As a positive electrode conductive materials in the aluminum smelting process","og_url":"https:\/\/jinsuncarbon.com\/tr\/urun\/katot-blogu\/","og_site_name":"Jinsun Carbon","article_publisher":"https:\/\/www.facebook.com\/Graphite-Electrode-109336238661595","article_modified_time":"2024-11-01T01:09:33+00:00","og_image":[{"width":1024,"height":763,"url":"https:\/\/jinsuncarbon.com\/wp-content\/uploads\/2023\/01\/cathode-block-2.jpg","type":"image\/jpeg"}],"twitter_card":"summary_large_image","twitter_site":"@jinsuncarbon_","twitter_misc":{"Tahmini okuma s\u00fcresi":"3 dakika"},"schema":{"@context":"https:\/\/schema.org","@graph":[{"@type":"WebPage","@id":"https:\/\/jinsuncarbon.com\/product\/cathode-block\/","url":"https:\/\/jinsuncarbon.com\/product\/cathode-block\/","name":"Katot Blo\u011fu - Jinsun Carbon","isPartOf":{"@id":"https:\/\/jinsuncarbon.com\/#website"},"primaryImageOfPage":{"@id":"https:\/\/jinsuncarbon.com\/product\/cathode-block\/#primaryimage"},"image":{"@id":"https:\/\/jinsuncarbon.com\/product\/cathode-block\/#primaryimage"},"thumbnailUrl":"https:\/\/jinsuncarbon.com\/wp-content\/uploads\/2023\/01\/cathode-block-2.jpg","datePublished":"2023-01-30T09:28:37+00:00","dateModified":"2024-11-01T01:09:33+00:00","description":"Katot bloklar\u0131, al\u00fcminyum elektrolitik h\u00fccrelerin duvar kaplamas\u0131 i\u00e7in kullan\u0131l\u0131r. Al\u00fcminyum eritme i\u015fleminde pozitif elektrot iletken malzemeler olarak","breadcrumb":{"@id":"https:\/\/jinsuncarbon.com\/product\/cathode-block\/#breadcrumb"},"inLanguage":"tr","potentialAction":[{"@type":"ReadAction","target":["https:\/\/jinsuncarbon.com\/product\/cathode-block\/"]}]},{"@type":"ImageObject","inLanguage":"tr","@id":"https:\/\/jinsuncarbon.com\/product\/cathode-block\/#primaryimage","url":"https:\/\/jinsuncarbon.com\/wp-content\/uploads\/2023\/01\/cathode-block-2.jpg","contentUrl":"https:\/\/jinsuncarbon.com\/wp-content\/uploads\/2023\/01\/cathode-block-2.jpg","width":1024,"height":763,"caption":"cathode blocks"},{"@type":"BreadcrumbList","@id":"https:\/\/jinsuncarbon.com\/product\/cathode-block\/#breadcrumb","itemListElement":[{"@type":"ListItem","position":1,"name":"Home","item":"https:\/\/jinsuncarbon.com\/"},{"@type":"ListItem","position":2,"name":"Products","item":"https:\/\/jinsuncarbon.com\/graphite-carbon\/"},{"@type":"ListItem","position":3,"name":"Cathode Block"}]},{"@type":"WebSite","@id":"https:\/\/jinsuncarbon.com\/#website","url":"https:\/\/jinsuncarbon.com\/","name":"Jinsun Karbon","description":"\u00c7in'deki ba\u015far\u0131l\u0131 grafit elektrot \u00fcreticisiyiz","publisher":{"@id":"https:\/\/jinsuncarbon.com\/#organization"},"potentialAction":[{"@type":"SearchAction","target":{"@type":"EntryPoint","urlTemplate":"https:\/\/jinsuncarbon.com\/?s={search_term_string}"},"query-input":{"@type":"PropertyValueSpecification","valueRequired":true,"valueName":"search_term_string"}}],"inLanguage":"tr"},{"@type":"Organization","@id":"https:\/\/jinsuncarbon.com\/#organization","name":"Jinsun Karbon","alternateName":"Jinsun Carbon","url":"https:\/\/jinsuncarbon.com\/","logo":{"@type":"ImageObject","inLanguage":"tr","@id":"https:\/\/jinsuncarbon.com\/#\/schema\/logo\/image\/","url":"https:\/\/jinsuncarbon.com\/wp-content\/uploads\/2022\/12\/LOGO-1.png","contentUrl":"https:\/\/jinsuncarbon.com\/wp-content\/uploads\/2022\/12\/LOGO-1.png","width":207,"height":80,"caption":"Jinsun Carbon"},"image":{"@id":"https:\/\/jinsuncarbon.com\/#\/schema\/logo\/image\/"},"sameAs":["https:\/\/www.facebook.com\/Graphite-Electrode-109336238661595","https:\/\/x.com\/jinsuncarbon_","https:\/\/www.linkedin.com\/in\/jinsungraphite","https:\/\/www.youtube.com\/channel\/UCysDNyvyR5-3cCWEmpkVC0g"]}]}},"_links":{"self":[{"href":"https:\/\/jinsuncarbon.com\/tr\/wp-json\/wp\/v2\/product\/2145","targetHints":{"allow":["GET"]}}],"collection":[{"href":"https:\/\/jinsuncarbon.com\/tr\/wp-json\/wp\/v2\/product"}],"about":[{"href":"https:\/\/jinsuncarbon.com\/tr\/wp-json\/wp\/v2\/types\/product"}],"wp:featuredmedia":[{"embeddable":true,"href":"https:\/\/jinsuncarbon.com\/tr\/wp-json\/wp\/v2\/media\/2308"}],"wp:attachment":[{"href":"https:\/\/jinsuncarbon.com\/tr\/wp-json\/wp\/v2\/media?parent=2145"}],"wp:term":[{"taxonomy":"product_brand","embeddable":true,"href":"https:\/\/jinsuncarbon.com\/tr\/wp-json\/wp\/v2\/product_brand?post=2145"},{"taxonomy":"product_cat","embeddable":true,"href":"https:\/\/jinsuncarbon.com\/tr\/wp-json\/wp\/v2\/product_cat?post=2145"},{"taxonomy":"product_tag","embeddable":true,"href":"https:\/\/jinsuncarbon.com\/tr\/wp-json\/wp\/v2\/product_tag?post=2145"}],"curies":[{"name":"wp","href":"https:\/\/api.w.org\/{rel}","templated":true}]}}