{"id":2143,"date":"2023-01-30T09:24:37","date_gmt":"2023-01-30T09:24:37","guid":{"rendered":"https:\/\/jinsuncarbon.com\/?post_type=product&#038;p=2143"},"modified":"2024-10-29T07:53:16","modified_gmt":"2024-10-29T07:53:16","slug":"grafit-firin-astari","status":"publish","type":"product","link":"https:\/\/jinsuncarbon.com\/tr\/urun\/grafit-firin-astari\/","title":{"rendered":"Grafit F\u0131r\u0131n Astar\u0131"},"content":{"rendered":"<h3>F\u0131r\u0131n astarlar\u0131n\u0131n t\u00fcrleri nelerdir?<\/h3>\n<p>F\u0131r\u0131n kaplamas\u0131 i\u00e7in karbon refrakterler, ate\u015flenmi\u015f veya grafitle\u015ftirilmi\u015f refrakter tu\u011flalar veya bloklard\u0131r. Biri birincil hammadde olarak kok k\u00f6m\u00fcr\u00fc ve antrasitten olu\u015fur, kavrulur ve i\u015flenir, di\u011feri ise birincil hammadde olarak zift kok k\u00f6m\u00fcr\u00fc ve petrol kok k\u00f6m\u00fcr\u00fc ile \u015fekillendirilir, kavrulur ve grafitle\u015ftirilir.<\/p>\n<p>Karbon tu\u011flalar\u0131n \u00f6zellikleri yelpaze \u015feklinde, kama \u015feklinde, kare vb. \u015feklindedir. Grafit f\u0131r\u0131n astarlar\u0131n\u0131n \u015fekillerinin t\u00fcm\u00fc \u00f6zelle\u015ftirilmi\u015ftir.<\/p>\n<p>Karbon bloklar \u015fu \u015fekilde kullan\u0131labilir <a href=\"https:\/\/en.wikipedia.org\/wiki\/Refractory\" target=\"_blank\" rel=\"noopener\">refrakter malzemeler<\/a> \u00e7e\u015fitli f\u0131r\u0131nlar i\u00e7in; <a href=\"https:\/\/jinsuncarbon.com\/tr\/urun\/grafit-blok\/\">Grafit<\/a> f\u0131r\u0131n astar\u0131 sadece ultra y\u00fcksek s\u0131cakl\u0131klar ve kirlilikten ka\u00e7\u0131nma gibi \u00f6zel ko\u015fullar alt\u0131nda kullan\u0131l\u0131r.<\/p>\n<h3><\/h3>\n<h3>Y\u00fcksek f\u0131r\u0131n i\u00e7in karbon blo\u011fun kalite \u00f6zellikleri<\/h3>\n<p>Erimi\u015f demire kar\u015f\u0131 diren\u00e7; alkali direnci; iyi mekanik \u00f6zellikler; \u0131s\u0131 direnci; erimi\u015f suyun n\u00fcfuz etmesine kar\u015f\u0131 diren\u00e7.<\/p>\n<p><img fetchpriority=\"high\" decoding=\"async\" class=\"wp-image-3939 aligncenter\" src=\"https:\/\/jinsuncarbon.com\/wp-content\/uploads\/2023\/01\/4e4737d8411108c3fa5c0aee8af8063.jpg\" alt=\"grafti f\u0131r\u0131n astar\u0131 \" width=\"539\" height=\"400\" srcset=\"https:\/\/jinsuncarbon.com\/wp-content\/uploads\/2023\/01\/4e4737d8411108c3fa5c0aee8af8063.jpg 1280w, https:\/\/jinsuncarbon.com\/wp-content\/uploads\/2023\/01\/4e4737d8411108c3fa5c0aee8af8063-600x445.jpg 600w, https:\/\/jinsuncarbon.com\/wp-content\/uploads\/2023\/01\/4e4737d8411108c3fa5c0aee8af8063-300x223.jpg 300w, https:\/\/jinsuncarbon.com\/wp-content\/uploads\/2023\/01\/4e4737d8411108c3fa5c0aee8af8063-1024x760.jpg 1024w, https:\/\/jinsuncarbon.com\/wp-content\/uploads\/2023\/01\/4e4737d8411108c3fa5c0aee8af8063-768x570.jpg 768w, https:\/\/jinsuncarbon.com\/wp-content\/uploads\/2023\/01\/4e4737d8411108c3fa5c0aee8af8063-16x12.jpg 16w\" sizes=\"(max-width: 539px) 100vw, 539px\" \/><\/p>\n<p>&nbsp;<\/p>\n<h3>Grafit f\u0131r\u0131n astar\u0131n\u0131n fiziksel ve kimyasal \u00f6zellikleri<\/h3>\n<p>Grafit astar genellikle y\u00fcksek f\u0131r\u0131n alt refrakter malzemesi olarak kullan\u0131l\u0131r. Grafitle\u015ftirme i\u015fleminden \u00f6nce, \u00fcreticiler genellikle k\u00f6m\u00fcr katran\u0131 pipitchesor emprenye i\u015flemi kullan\u0131rlar. Bu sadece \u00fcr\u00fcn\u00fcn yo\u011funlu\u011funu art\u0131rmakla kalmaz, ayn\u0131 zamanda direnci de azalt\u0131r, b\u00f6ylece hizmet \u00f6mr\u00fcn\u00fc uzat\u0131r.<\/p>\n<table style=\"font-size: 16px;\">\n<tbody>\n<tr>\n<td width=\"189\">ITME<\/td>\n<td width=\"189\">Spesifik diren\u00e7<\/p>\n<p>\uff08\u03bc\u03a9-m\uff09<\/p>\n<p>&nbsp;<\/td>\n<td width=\"189\">Bas\u0131n\u00e7 Dayan\u0131m\u0131<\/p>\n<p>\uff08\u039c\u0420a\uff09<\/p>\n<p>&nbsp;<\/td>\n<\/tr>\n<tr>\n<td width=\"189\">220mm*220mm<\/td>\n<td width=\"189\"><strong>\u226412<\/strong><\/td>\n<td width=\"189\"><strong>\u226520<\/strong><\/td>\n<\/tr>\n<tr>\n<td width=\"189\">400mm*400mm<\/td>\n<td width=\"189\"><strong>\u226413<\/strong><\/td>\n<td width=\"189\"><strong>\u226518<\/strong><\/td>\n<\/tr>\n<\/tbody>\n<\/table>\n<p>&nbsp;<\/p>\n<p>&nbsp;<\/p>\n<div class=\"D5aOJc vJwDU\"><\/div>\n<div class=\"hlJJmd\">\n<div class=\"D5aOJc Hapztf\"><\/div>\n<div class=\"Bmcqed\">\n<div data-id=\"kvLWu\"><\/div>\n<\/div>\n<\/div>\n<div class=\"cEWAef\"><\/div>\n<p>&nbsp;<\/p>","protected":false},"excerpt":{"rendered":"<p>Grafit f\u0131r\u0131n astar\u0131, metalurjik f\u0131r\u0131nlarda ve silisyum karb\u00fcr f\u0131r\u0131n\u0131 ve grafitle\u015ftirme f\u0131r\u0131n\u0131 gibi diren\u00e7 f\u0131r\u0131nlar\u0131nda kullan\u0131l\u0131r. Grafit astar\u0131n boyutunu f\u0131r\u0131n\u0131n boyutuna g\u00f6re tasarl\u0131yoruz. Birinci s\u0131n\u0131f emprenye edilmi\u015f grafit malzeme ve \u00f6zel b\u00fcy\u00fck boyutlar \u00fcretiyor ve tedarik ediyoruz. \u015eu anda, f\u0131r\u0131n taban\u0131ndan ve ocaktan bosh'a kadar b\u00fcy\u00fck \u00f6l\u00e7ekli y\u00fcksek f\u0131r\u0131nlar i\u00e7in bir\u00e7ok duvar astar\u0131 in\u015fa edilmi\u015ftir. Astar yo\u011funlu\u011funu art\u0131rmak i\u00e7in, genellikle zift ile emprenye edilir ve ard\u0131ndan 1200 \u2103'de ikincil ate\u015fleme yap\u0131l\u0131r.<\/p>","protected":false},"featured_media":2675,"template":"","meta":[],"product_brand":[],"product_cat":[38],"product_tag":[],"class_list":{"0":"post-2143","1":"product","2":"type-product","3":"status-publish","4":"has-post-thumbnail","6":"product_cat-graphite-products","8":"first","9":"instock","10":"shipping-taxable","11":"product-type-simple"},"yoast_head":"<!-- This site is optimized with the Yoast SEO Premium plugin v19.2.1 (Yoast SEO v25.3) - https:\/\/yoast.com\/wordpress\/plugins\/seo\/ -->\n<title>Graphite Furnace Lining | Jinsun Carbon<\/title>\n<meta name=\"description\" content=\"Graphite furnace lining is used in metallurgical furnaces and resistance furnaces such as silicon carbide furnaces and graphitization furnaces.\" \/>\n<meta name=\"robots\" content=\"index, follow, max-snippet:-1, max-image-preview:large, max-video-preview:-1\" \/>\n<link rel=\"canonical\" href=\"https:\/\/jinsuncarbon.com\/tr\/urun\/grafit-firin-astari\/\" \/>\n<meta property=\"og:locale\" content=\"tr_TR\" \/>\n<meta property=\"og:type\" content=\"article\" \/>\n<meta property=\"og:title\" content=\"Graphite Furnace Lining\" \/>\n<meta property=\"og:description\" content=\"Graphite furnace lining is used in metallurgical furnaces and resistance furnaces such as silicon carbide furnaces and graphitization furnaces.\" \/>\n<meta property=\"og:url\" content=\"https:\/\/jinsuncarbon.com\/tr\/urun\/grafit-firin-astari\/\" \/>\n<meta property=\"og:site_name\" content=\"Jinsun Carbon\" \/>\n<meta property=\"article:publisher\" content=\"https:\/\/www.facebook.com\/Graphite-Electrode-109336238661595\" \/>\n<meta property=\"article:modified_time\" content=\"2024-10-29T07:53:16+00:00\" \/>\n<meta property=\"og:image\" content=\"https:\/\/jinsuncarbon.com\/wp-content\/uploads\/2023\/01\/fa7dfcac132055d8f09444a8728fbb5.jpg\" \/>\n\t<meta property=\"og:image:width\" content=\"1024\" \/>\n\t<meta property=\"og:image:height\" content=\"763\" \/>\n\t<meta property=\"og:image:type\" content=\"image\/jpeg\" \/>\n<meta name=\"twitter:card\" content=\"summary_large_image\" \/>\n<meta name=\"twitter:site\" content=\"@jinsuncarbon_\" \/>\n<meta name=\"twitter:label1\" content=\"Tahmini okuma s\u00fcresi\" \/>\n\t<meta name=\"twitter:data1\" content=\"2 dakika\" \/>\n<script type=\"application\/ld+json\" class=\"yoast-schema-graph\">{\"@context\":\"https:\/\/schema.org\",\"@graph\":[{\"@type\":\"WebPage\",\"@id\":\"https:\/\/jinsuncarbon.com\/product\/graphite-furnace-lining\/\",\"url\":\"https:\/\/jinsuncarbon.com\/product\/graphite-furnace-lining\/\",\"name\":\"Graphite Furnace Lining | Jinsun Carbon\",\"isPartOf\":{\"@id\":\"https:\/\/jinsuncarbon.com\/#website\"},\"primaryImageOfPage\":{\"@id\":\"https:\/\/jinsuncarbon.com\/product\/graphite-furnace-lining\/#primaryimage\"},\"image\":{\"@id\":\"https:\/\/jinsuncarbon.com\/product\/graphite-furnace-lining\/#primaryimage\"},\"thumbnailUrl\":\"https:\/\/jinsuncarbon.com\/wp-content\/uploads\/2023\/01\/fa7dfcac132055d8f09444a8728fbb5.jpg\",\"datePublished\":\"2023-01-30T09:24:37+00:00\",\"dateModified\":\"2024-10-29T07:53:16+00:00\",\"description\":\"Graphite furnace lining is used in metallurgical furnaces and resistance furnaces such as silicon carbide furnaces and graphitization furnaces.\",\"breadcrumb\":{\"@id\":\"https:\/\/jinsuncarbon.com\/product\/graphite-furnace-lining\/#breadcrumb\"},\"inLanguage\":\"tr\",\"potentialAction\":[{\"@type\":\"ReadAction\",\"target\":[\"https:\/\/jinsuncarbon.com\/product\/graphite-furnace-lining\/\"]}]},{\"@type\":\"ImageObject\",\"inLanguage\":\"tr\",\"@id\":\"https:\/\/jinsuncarbon.com\/product\/graphite-furnace-lining\/#primaryimage\",\"url\":\"https:\/\/jinsuncarbon.com\/wp-content\/uploads\/2023\/01\/fa7dfcac132055d8f09444a8728fbb5.jpg\",\"contentUrl\":\"https:\/\/jinsuncarbon.com\/wp-content\/uploads\/2023\/01\/fa7dfcac132055d8f09444a8728fbb5.jpg\",\"width\":1024,\"height\":763,\"caption\":\"carbon graphite furnace lining maunfacturer\"},{\"@type\":\"BreadcrumbList\",\"@id\":\"https:\/\/jinsuncarbon.com\/product\/graphite-furnace-lining\/#breadcrumb\",\"itemListElement\":[{\"@type\":\"ListItem\",\"position\":1,\"name\":\"Home\",\"item\":\"https:\/\/jinsuncarbon.com\/\"},{\"@type\":\"ListItem\",\"position\":2,\"name\":\"Products\",\"item\":\"https:\/\/jinsuncarbon.com\/graphite-carbon\/\"},{\"@type\":\"ListItem\",\"position\":3,\"name\":\"Graphite Furnace Lining\"}]},{\"@type\":\"WebSite\",\"@id\":\"https:\/\/jinsuncarbon.com\/#website\",\"url\":\"https:\/\/jinsuncarbon.com\/\",\"name\":\"Jinsun Carbon\",\"description\":\"We are the successful graphite electrode manufacturer in China\",\"publisher\":{\"@id\":\"https:\/\/jinsuncarbon.com\/#organization\"},\"potentialAction\":[{\"@type\":\"SearchAction\",\"target\":{\"@type\":\"EntryPoint\",\"urlTemplate\":\"https:\/\/jinsuncarbon.com\/?s={search_term_string}\"},\"query-input\":{\"@type\":\"PropertyValueSpecification\",\"valueRequired\":true,\"valueName\":\"search_term_string\"}}],\"inLanguage\":\"tr\"},{\"@type\":\"Organization\",\"@id\":\"https:\/\/jinsuncarbon.com\/#organization\",\"name\":\"Jinsun Carbon\",\"alternateName\":\"Jinsun Carbon\",\"url\":\"https:\/\/jinsuncarbon.com\/\",\"logo\":{\"@type\":\"ImageObject\",\"inLanguage\":\"tr\",\"@id\":\"https:\/\/jinsuncarbon.com\/#\/schema\/logo\/image\/\",\"url\":\"https:\/\/jinsuncarbon.com\/wp-content\/uploads\/2022\/12\/LOGO-1.png\",\"contentUrl\":\"https:\/\/jinsuncarbon.com\/wp-content\/uploads\/2022\/12\/LOGO-1.png\",\"width\":207,\"height\":80,\"caption\":\"Jinsun Carbon\"},\"image\":{\"@id\":\"https:\/\/jinsuncarbon.com\/#\/schema\/logo\/image\/\"},\"sameAs\":[\"https:\/\/www.facebook.com\/Graphite-Electrode-109336238661595\",\"https:\/\/x.com\/jinsuncarbon_\",\"https:\/\/www.linkedin.com\/in\/jinsungraphite\",\"https:\/\/www.youtube.com\/channel\/UCysDNyvyR5-3cCWEmpkVC0g\"]}]}<\/script>\n<!-- \/ Yoast SEO Premium plugin. -->","yoast_head_json":{"title":"Grafit F\u0131r\u0131n Astar\u0131 | Jinsun Carbon","description":"Grafit f\u0131r\u0131n astar\u0131, metal\u00fcrjik f\u0131r\u0131nlarda ve silisyum karb\u00fcr f\u0131r\u0131nlar\u0131 ve grafitle\u015ftirme f\u0131r\u0131nlar\u0131 gibi diren\u00e7 f\u0131r\u0131nlar\u0131nda kullan\u0131l\u0131r.","robots":{"index":"index","follow":"follow","max-snippet":"max-snippet:-1","max-image-preview":"max-image-preview:large","max-video-preview":"max-video-preview:-1"},"canonical":"https:\/\/jinsuncarbon.com\/tr\/urun\/grafit-firin-astari\/","og_locale":"tr_TR","og_type":"article","og_title":"Graphite Furnace Lining","og_description":"Graphite furnace lining is used in metallurgical furnaces and resistance furnaces such as silicon carbide furnaces and graphitization furnaces.","og_url":"https:\/\/jinsuncarbon.com\/tr\/urun\/grafit-firin-astari\/","og_site_name":"Jinsun Carbon","article_publisher":"https:\/\/www.facebook.com\/Graphite-Electrode-109336238661595","article_modified_time":"2024-10-29T07:53:16+00:00","og_image":[{"width":1024,"height":763,"url":"https:\/\/jinsuncarbon.com\/wp-content\/uploads\/2023\/01\/fa7dfcac132055d8f09444a8728fbb5.jpg","type":"image\/jpeg"}],"twitter_card":"summary_large_image","twitter_site":"@jinsuncarbon_","twitter_misc":{"Tahmini okuma s\u00fcresi":"2 dakika"},"schema":{"@context":"https:\/\/schema.org","@graph":[{"@type":"WebPage","@id":"https:\/\/jinsuncarbon.com\/product\/graphite-furnace-lining\/","url":"https:\/\/jinsuncarbon.com\/product\/graphite-furnace-lining\/","name":"Grafit F\u0131r\u0131n Astar\u0131 | Jinsun Carbon","isPartOf":{"@id":"https:\/\/jinsuncarbon.com\/#website"},"primaryImageOfPage":{"@id":"https:\/\/jinsuncarbon.com\/product\/graphite-furnace-lining\/#primaryimage"},"image":{"@id":"https:\/\/jinsuncarbon.com\/product\/graphite-furnace-lining\/#primaryimage"},"thumbnailUrl":"https:\/\/jinsuncarbon.com\/wp-content\/uploads\/2023\/01\/fa7dfcac132055d8f09444a8728fbb5.jpg","datePublished":"2023-01-30T09:24:37+00:00","dateModified":"2024-10-29T07:53:16+00:00","description":"Grafit f\u0131r\u0131n astar\u0131, metal\u00fcrjik f\u0131r\u0131nlarda ve silisyum karb\u00fcr f\u0131r\u0131nlar\u0131 ve grafitle\u015ftirme f\u0131r\u0131nlar\u0131 gibi diren\u00e7 f\u0131r\u0131nlar\u0131nda kullan\u0131l\u0131r.","breadcrumb":{"@id":"https:\/\/jinsuncarbon.com\/product\/graphite-furnace-lining\/#breadcrumb"},"inLanguage":"tr","potentialAction":[{"@type":"ReadAction","target":["https:\/\/jinsuncarbon.com\/product\/graphite-furnace-lining\/"]}]},{"@type":"ImageObject","inLanguage":"tr","@id":"https:\/\/jinsuncarbon.com\/product\/graphite-furnace-lining\/#primaryimage","url":"https:\/\/jinsuncarbon.com\/wp-content\/uploads\/2023\/01\/fa7dfcac132055d8f09444a8728fbb5.jpg","contentUrl":"https:\/\/jinsuncarbon.com\/wp-content\/uploads\/2023\/01\/fa7dfcac132055d8f09444a8728fbb5.jpg","width":1024,"height":763,"caption":"carbon graphite furnace lining maunfacturer"},{"@type":"BreadcrumbList","@id":"https:\/\/jinsuncarbon.com\/product\/graphite-furnace-lining\/#breadcrumb","itemListElement":[{"@type":"ListItem","position":1,"name":"Home","item":"https:\/\/jinsuncarbon.com\/"},{"@type":"ListItem","position":2,"name":"Products","item":"https:\/\/jinsuncarbon.com\/graphite-carbon\/"},{"@type":"ListItem","position":3,"name":"Graphite Furnace Lining"}]},{"@type":"WebSite","@id":"https:\/\/jinsuncarbon.com\/#website","url":"https:\/\/jinsuncarbon.com\/","name":"Jinsun Karbon","description":"\u00c7in'deki ba\u015far\u0131l\u0131 grafit elektrot \u00fcreticisiyiz","publisher":{"@id":"https:\/\/jinsuncarbon.com\/#organization"},"potentialAction":[{"@type":"SearchAction","target":{"@type":"EntryPoint","urlTemplate":"https:\/\/jinsuncarbon.com\/?s={search_term_string}"},"query-input":{"@type":"PropertyValueSpecification","valueRequired":true,"valueName":"search_term_string"}}],"inLanguage":"tr"},{"@type":"Organization","@id":"https:\/\/jinsuncarbon.com\/#organization","name":"Jinsun Karbon","alternateName":"Jinsun Carbon","url":"https:\/\/jinsuncarbon.com\/","logo":{"@type":"ImageObject","inLanguage":"tr","@id":"https:\/\/jinsuncarbon.com\/#\/schema\/logo\/image\/","url":"https:\/\/jinsuncarbon.com\/wp-content\/uploads\/2022\/12\/LOGO-1.png","contentUrl":"https:\/\/jinsuncarbon.com\/wp-content\/uploads\/2022\/12\/LOGO-1.png","width":207,"height":80,"caption":"Jinsun Carbon"},"image":{"@id":"https:\/\/jinsuncarbon.com\/#\/schema\/logo\/image\/"},"sameAs":["https:\/\/www.facebook.com\/Graphite-Electrode-109336238661595","https:\/\/x.com\/jinsuncarbon_","https:\/\/www.linkedin.com\/in\/jinsungraphite","https:\/\/www.youtube.com\/channel\/UCysDNyvyR5-3cCWEmpkVC0g"]}]}},"_links":{"self":[{"href":"https:\/\/jinsuncarbon.com\/tr\/wp-json\/wp\/v2\/product\/2143","targetHints":{"allow":["GET"]}}],"collection":[{"href":"https:\/\/jinsuncarbon.com\/tr\/wp-json\/wp\/v2\/product"}],"about":[{"href":"https:\/\/jinsuncarbon.com\/tr\/wp-json\/wp\/v2\/types\/product"}],"wp:featuredmedia":[{"embeddable":true,"href":"https:\/\/jinsuncarbon.com\/tr\/wp-json\/wp\/v2\/media\/2675"}],"wp:attachment":[{"href":"https:\/\/jinsuncarbon.com\/tr\/wp-json\/wp\/v2\/media?parent=2143"}],"wp:term":[{"taxonomy":"product_brand","embeddable":true,"href":"https:\/\/jinsuncarbon.com\/tr\/wp-json\/wp\/v2\/product_brand?post=2143"},{"taxonomy":"product_cat","embeddable":true,"href":"https:\/\/jinsuncarbon.com\/tr\/wp-json\/wp\/v2\/product_cat?post=2143"},{"taxonomy":"product_tag","embeddable":true,"href":"https:\/\/jinsuncarbon.com\/tr\/wp-json\/wp\/v2\/product_tag?post=2143"}],"curies":[{"name":"wp","href":"https:\/\/api.w.org\/{rel}","templated":true}]}}