{"id":2141,"date":"2023-01-30T09:21:16","date_gmt":"2023-01-30T09:21:16","guid":{"rendered":"https:\/\/jinsuncarbon.com\/?post_type=product&#038;p=2141"},"modified":"2024-11-01T01:12:31","modified_gmt":"2024-11-01T01:12:31","slug":"karbon-firca","status":"publish","type":"product","link":"https:\/\/jinsuncarbon.com\/tr\/urun\/karbon-firca\/","title":{"rendered":"Karbon F\u0131r\u00e7a"},"content":{"rendered":"<h2>Kullan\u0131lan hammadde ve ba\u011flay\u0131c\u0131lara ba\u011fl\u0131 olarak farkl\u0131 karbon f\u0131r\u00e7a t\u00fcrleri vard\u0131r:<\/h2>\n<ol>\n<li>Grafit<strong> F\u0131r\u00e7a<\/strong>: Baz olarak grafit tozu ve ba\u011flay\u0131c\u0131 olarak zift veya re\u00e7ine kullan\u0131larak olu\u015fturulan bu f\u0131r\u00e7alar kar\u0131\u015ft\u0131rma, presleme ve kavurma i\u015flemlerinden ge\u00e7irilir.<\/li>\n<li><strong>Karbon-Grafit F\u0131r\u00e7a<\/strong>: Kok k\u00f6m\u00fcr\u00fc ve grafit kar\u0131\u015f\u0131m\u0131ndan yap\u0131lan ve asfalt\u0131n ba\u011flay\u0131c\u0131 olarak kullan\u0131ld\u0131\u011f\u0131 bu f\u0131r\u00e7alar kavurma yoluyla \u00fcretilir.<\/li>\n<li><strong>Elektrokimyasal Grafit F\u0131r\u00e7a<\/strong>: Bu f\u0131r\u00e7alar hammadde olarak kok tozu veya grafit tozu kullan\u0131r ve ba\u011flay\u0131c\u0131 olarak asfalt ile birle\u015ftirilir. Kar\u0131\u015ft\u0131rma, presleme, kavurma ve grafitle\u015ftirme i\u015flemlerinden ge\u00e7erler.<\/li>\n<li><strong>Metal Grafit F\u0131r\u00e7a<\/strong>: Metal tozu ve grafit tozu kar\u0131\u015f\u0131m\u0131n\u0131n preslenmesi ve sinterlenmesi ile olu\u015fturulur. Bu f\u0131r\u00e7alar, onlar\u0131 belirli uygulamalar i\u00e7in uygun hale getiren benzersiz \u00f6zellikler sunar. <img fetchpriority=\"high\" decoding=\"async\" class=\"wp-image-5718 aligncenter\" src=\"https:\/\/jinsuncarbon.com\/wp-content\/uploads\/2023\/01\/carbon-brushes-scaled.jpg\" alt=\"karbon f\u0131r\u00e7alar\" width=\"408\" height=\"281\" srcset=\"https:\/\/jinsuncarbon.com\/wp-content\/uploads\/2023\/01\/carbon-brushes-scaled.jpg 2560w, https:\/\/jinsuncarbon.com\/wp-content\/uploads\/2023\/01\/carbon-brushes-scaled-600x414.jpg 600w, https:\/\/jinsuncarbon.com\/wp-content\/uploads\/2023\/01\/carbon-brushes-300x207.jpg 300w, https:\/\/jinsuncarbon.com\/wp-content\/uploads\/2023\/01\/carbon-brushes-1024x706.jpg 1024w, https:\/\/jinsuncarbon.com\/wp-content\/uploads\/2023\/01\/carbon-brushes-768x530.jpg 768w, https:\/\/jinsuncarbon.com\/wp-content\/uploads\/2023\/01\/carbon-brushes-1536x1059.jpg 1536w, https:\/\/jinsuncarbon.com\/wp-content\/uploads\/2023\/01\/carbon-brushes-2048x1412.jpg 2048w, https:\/\/jinsuncarbon.com\/wp-content\/uploads\/2023\/01\/carbon-brushes-18x12.jpg 18w\" sizes=\"(max-width: 408px) 100vw, 408px\" \/><\/li>\n<\/ol>\n<h3><\/h3>\n<h2>Karbon F\u0131r\u00e7an\u0131n \u00c7al\u0131\u015fma Mekanizmas\u0131<\/h2>\n<p><strong>\u00a0Elektrik Transferi S\u00fcreci<\/strong><\/p>\n<p>Karbon f\u0131r\u00e7alar, elektrik ak\u0131m\u0131n\u0131n bir elektrikli makinenin sabit ve d\u00f6nen par\u00e7alar\u0131 aras\u0131nda aktar\u0131lmas\u0131nda \u00e7ok \u00f6nemlidir. G\u00fc\u00e7 kayna\u011f\u0131na ba\u011fl\u0131 bir dizi yay y\u00fckl\u00fc kontak kullan\u0131rlar. Ak\u0131m, tipik olarak metal veya karbondan olu\u015fan sabit kontaktan akar.<a href=\"https:\/\/jinsuncarbon.com\/tr\/grafit-karbon\/\"> grafit<\/a>ve genellikle karbon bazl\u0131 malzemeden \u00fcretilen d\u00f6ner kontak.<\/p>\n<p>\u0130ki kontak bulu\u015ftu\u011funda elektrik ak\u0131m\u0131 aktar\u0131l\u0131r ve motor \u00e7al\u0131\u015fmaya ba\u015flar. Ayr\u0131ca karbon f\u0131r\u00e7alar, yayl\u0131 kontaklar sayesinde k\u0131v\u0131lc\u0131m ve ark riskini azaltmaya yard\u0131mc\u0131 olarak motorun uzun \u00f6m\u00fcrl\u00fcl\u00fc\u011f\u00fcn\u00fc ve g\u00fcvenli\u011fini art\u0131r\u0131r. Bu temel bile\u015fenleri \u015furada bulabilirsiniz <a href=\"https:\/\/en.wikipedia.org\/wiki\/DC_motor\" target=\"_blank\" rel=\"noopener\">DC motorlar<\/a> \u00e7elik haddeleme ekipman\u0131, otomobil motorlar\u0131 ve ev aletleri de dahil olmak \u00fczere \u00e7e\u015fitli voltajlarda.<\/p>\n<p>&nbsp;<\/p>\n<h2>Karbon F\u0131r\u00e7an\u0131n Benzersiz \u00d6zellikleri<\/h2>\n<p>&nbsp;<\/p>\n<p><strong>\u00a0Karbon F\u0131r\u00e7alar\u0131 Di\u011ferlerinden Ay\u0131ran Nedir?<\/strong><\/p>\n<p>Karbon f\u0131r\u00e7alar, onlar\u0131 \u00e7ok say\u0131da uygulamada paha bi\u00e7ilmez k\u0131lan bir dizi benzersiz \u00f6zelli\u011fe sahiptir:<\/p>\n<ul>\n<li><strong>Y\u00fcksek S\u0131cakl\u0131k Kararl\u0131l\u0131\u011f\u0131<\/strong>: Baz\u0131 malzemelerin aksine, karbon f\u0131r\u00e7alar y\u00fcksek s\u0131cakl\u0131klarda erimez. Kayma temas\u0131 s\u0131ras\u0131nda bile aray\u00fczey olu\u015fturduklar\u0131 metali etkilemezler.<\/li>\n<li><strong>Kendinden Ya\u011flama<\/strong>: Nem veya oksijen varl\u0131\u011f\u0131nda kendi kendini ya\u011flama \u00f6zelli\u011fi g\u00f6sterirler. Bu \u00f6zellik, s\u00fcrt\u00fcnmeyi azaltmaya ve kullan\u0131ld\u0131klar\u0131 makinelerin \u00e7al\u0131\u015fma \u00f6mr\u00fcn\u00fc uzatmaya yard\u0131mc\u0131 olur.<\/li>\n<li><strong>Kimyasal Stabilite<\/strong>: Karbon f\u0131r\u00e7alar m\u00fckemmel kimyasal stabiliteye sahiptir. Bu, di\u011fer maddelerle kolayca reaksiyona girmedikleri, daha uzun \u00f6m\u00fcr ve daha tutarl\u0131 performans sa\u011flad\u0131klar\u0131 anlam\u0131na gelir.<\/li>\n<li><strong>\u0130yi Elektriksel Diren\u00e7<\/strong>: Elektrik ak\u0131m\u0131 transferini etkin bir \u015fekilde y\u00f6netmede \u00e7ok \u00f6nemli bir fakt\u00f6r olan kat\u0131 elektrik direnci sergilerler.<\/li>\n<li><strong>A\u015f\u0131nma Direnci<\/strong>: Karbon f\u0131r\u00e7alar\u0131n dikkate de\u011fer \u00f6zelliklerinden biri a\u015f\u0131nma ve y\u0131pranmaya kar\u015f\u0131 diren\u00e7li olmalar\u0131d\u0131r. A\u015f\u0131nmaya dayan\u0131kl\u0131 yap\u0131lar\u0131, uzun s\u00fcreler boyunca etkili bir \u015fekilde \u00e7al\u0131\u015fabilmelerini sa\u011flar.<\/li>\n<\/ul>\n<h3><\/h3>\n<p>Karbon f\u0131r\u00e7alar\u0131n benzersiz \u00f6zellikleri ve \u00e7e\u015fitli t\u00fcrleri, onlar\u0131 \u00e7ok \u00e7e\u015fitli elektrikli makinelerde ve uygulamalarda vazge\u00e7ilmez bir bile\u015fen haline getirmektedir. Elektrik motorlar\u0131nda ak\u0131m aktar\u0131m\u0131 i\u00e7in y\u00fcksek s\u0131cakl\u0131k kararl\u0131l\u0131\u011f\u0131ndan kendinden ya\u011flamaya ve iyi elektrik direncine kadar g\u00fcvenilir ve verimli \u00e7\u00f6z\u00fcmler sunarlar.<\/p>","protected":false},"excerpt":{"rendered":"<p>Karbon f\u0131r\u00e7a, bir motorun sabit ve hareketli par\u00e7alar\u0131 aras\u0131nda elektrik ak\u0131m\u0131 ileten bir elektrik konta\u011f\u0131d\u0131r. Birinci s\u0131n\u0131f karbon f\u0131r\u00e7alar\u0131m\u0131z\u0131n uyum, bi\u00e7im ve i\u015flev a\u00e7\u0131s\u0131ndan e\u015fit oldu\u011fu garanti edilir. \u00c7e\u015fitli pop\u00fcler uygulamalar i\u00e7in binlerce Karbon Jenerat\u00f6r\u00fc, Kayma Halkas\u0131 ve AC Motor F\u0131r\u00e7as\u0131 stoklamaktay\u0131z. F\u0131r\u00e7alar\u0131m\u0131z, \u00f6zel motorunuzun veya jenerat\u00f6r\u00fcn\u00fcz\u00fcn gereksinimlerini kar\u015f\u0131lamak \u00fczere \u00f6zel olarak tasarlanabilir ve \u00fcretilebilir. Motorun \u00e7al\u0131\u015fma ko\u015fullar\u0131 i\u00e7in uygun f\u0131r\u00e7a tasar\u0131m\u0131n\u0131 bulmak, f\u0131r\u00e7a ve temas \u00f6mr\u00fcn\u00fc en \u00fcst d\u00fczeye \u00e7\u0131karman\u0131n anahtar\u0131d\u0131r. Yanl\u0131\u015f f\u0131r\u00e7a se\u00e7imi h\u0131zl\u0131 f\u0131r\u00e7a a\u015f\u0131nmas\u0131na ve temas y\u00fczeylerinde hasara neden olabilir.<\/p>","protected":false},"featured_media":2218,"template":"","meta":[],"product_brand":[],"product_cat":[39],"product_tag":[],"class_list":{"0":"post-2141","1":"product","2":"type-product","3":"status-publish","4":"has-post-thumbnail","6":"product_cat-carbon-products","8":"first","9":"instock","10":"shipping-taxable","11":"product-type-simple"},"yoast_head":"<!-- This site is optimized with the Yoast SEO Premium plugin v19.2.1 (Yoast SEO v25.3) - https:\/\/yoast.com\/wordpress\/plugins\/seo\/ -->\n<title>Carbon Brush Manufacturer | Jinsun Carbon<\/title>\n<meta name=\"description\" content=\"A carbon brush is an electrical contact that conducts electrical current between the stationary and moving parts of a motor.\" \/>\n<meta name=\"robots\" content=\"index, follow, max-snippet:-1, max-image-preview:large, max-video-preview:-1\" \/>\n<link rel=\"canonical\" href=\"https:\/\/jinsuncarbon.com\/tr\/urun\/karbon-firca\/\" \/>\n<meta property=\"og:locale\" content=\"tr_TR\" \/>\n<meta property=\"og:type\" content=\"article\" \/>\n<meta property=\"og:title\" content=\"Carbon Brush\" \/>\n<meta property=\"og:description\" content=\"A carbon brush is an electrical contact that conducts electrical current between the stationary and moving parts of a motor.\" \/>\n<meta property=\"og:url\" content=\"https:\/\/jinsuncarbon.com\/tr\/urun\/karbon-firca\/\" \/>\n<meta property=\"og:site_name\" content=\"Jinsun Carbon\" \/>\n<meta property=\"article:publisher\" content=\"https:\/\/www.facebook.com\/Graphite-Electrode-109336238661595\" \/>\n<meta property=\"article:modified_time\" content=\"2024-11-01T01:12:31+00:00\" \/>\n<meta property=\"og:image\" content=\"https:\/\/jinsuncarbon.com\/wp-content\/uploads\/2023\/01\/Untitled-design-2023-01-30T235941.623.png\" \/>\n\t<meta property=\"og:image:width\" content=\"1024\" \/>\n\t<meta property=\"og:image:height\" content=\"763\" \/>\n\t<meta property=\"og:image:type\" content=\"image\/png\" \/>\n<meta name=\"twitter:card\" content=\"summary_large_image\" \/>\n<meta name=\"twitter:site\" content=\"@jinsuncarbon_\" \/>\n<meta name=\"twitter:label1\" content=\"Tahmini okuma s\u00fcresi\" \/>\n\t<meta name=\"twitter:data1\" content=\"3 dakika\" \/>\n<script type=\"application\/ld+json\" class=\"yoast-schema-graph\">{\"@context\":\"https:\/\/schema.org\",\"@graph\":[{\"@type\":\"WebPage\",\"@id\":\"https:\/\/jinsuncarbon.com\/product\/carbon-brush\/\",\"url\":\"https:\/\/jinsuncarbon.com\/product\/carbon-brush\/\",\"name\":\"Carbon Brush Manufacturer | Jinsun Carbon\",\"isPartOf\":{\"@id\":\"https:\/\/jinsuncarbon.com\/#website\"},\"primaryImageOfPage\":{\"@id\":\"https:\/\/jinsuncarbon.com\/product\/carbon-brush\/#primaryimage\"},\"image\":{\"@id\":\"https:\/\/jinsuncarbon.com\/product\/carbon-brush\/#primaryimage\"},\"thumbnailUrl\":\"https:\/\/jinsuncarbon.com\/wp-content\/uploads\/2023\/01\/Untitled-design-2023-01-30T235941.623.png\",\"datePublished\":\"2023-01-30T09:21:16+00:00\",\"dateModified\":\"2024-11-01T01:12:31+00:00\",\"description\":\"A carbon brush is an electrical contact that conducts electrical current between the stationary and moving parts of a motor.\",\"breadcrumb\":{\"@id\":\"https:\/\/jinsuncarbon.com\/product\/carbon-brush\/#breadcrumb\"},\"inLanguage\":\"tr\",\"potentialAction\":[{\"@type\":\"ReadAction\",\"target\":[\"https:\/\/jinsuncarbon.com\/product\/carbon-brush\/\"]}]},{\"@type\":\"ImageObject\",\"inLanguage\":\"tr\",\"@id\":\"https:\/\/jinsuncarbon.com\/product\/carbon-brush\/#primaryimage\",\"url\":\"https:\/\/jinsuncarbon.com\/wp-content\/uploads\/2023\/01\/Untitled-design-2023-01-30T235941.623.png\",\"contentUrl\":\"https:\/\/jinsuncarbon.com\/wp-content\/uploads\/2023\/01\/Untitled-design-2023-01-30T235941.623.png\",\"width\":1024,\"height\":763,\"caption\":\"carbon brushes for electric motors\"},{\"@type\":\"BreadcrumbList\",\"@id\":\"https:\/\/jinsuncarbon.com\/product\/carbon-brush\/#breadcrumb\",\"itemListElement\":[{\"@type\":\"ListItem\",\"position\":1,\"name\":\"Home\",\"item\":\"https:\/\/jinsuncarbon.com\/\"},{\"@type\":\"ListItem\",\"position\":2,\"name\":\"Products\",\"item\":\"https:\/\/jinsuncarbon.com\/graphite-carbon\/\"},{\"@type\":\"ListItem\",\"position\":3,\"name\":\"Carbon Brush\"}]},{\"@type\":\"WebSite\",\"@id\":\"https:\/\/jinsuncarbon.com\/#website\",\"url\":\"https:\/\/jinsuncarbon.com\/\",\"name\":\"Jinsun Carbon\",\"description\":\"We are the successful graphite electrode manufacturer in China\",\"publisher\":{\"@id\":\"https:\/\/jinsuncarbon.com\/#organization\"},\"potentialAction\":[{\"@type\":\"SearchAction\",\"target\":{\"@type\":\"EntryPoint\",\"urlTemplate\":\"https:\/\/jinsuncarbon.com\/?s={search_term_string}\"},\"query-input\":{\"@type\":\"PropertyValueSpecification\",\"valueRequired\":true,\"valueName\":\"search_term_string\"}}],\"inLanguage\":\"tr\"},{\"@type\":\"Organization\",\"@id\":\"https:\/\/jinsuncarbon.com\/#organization\",\"name\":\"Jinsun Carbon\",\"alternateName\":\"Jinsun Carbon\",\"url\":\"https:\/\/jinsuncarbon.com\/\",\"logo\":{\"@type\":\"ImageObject\",\"inLanguage\":\"tr\",\"@id\":\"https:\/\/jinsuncarbon.com\/#\/schema\/logo\/image\/\",\"url\":\"https:\/\/jinsuncarbon.com\/wp-content\/uploads\/2022\/12\/LOGO-1.png\",\"contentUrl\":\"https:\/\/jinsuncarbon.com\/wp-content\/uploads\/2022\/12\/LOGO-1.png\",\"width\":207,\"height\":80,\"caption\":\"Jinsun Carbon\"},\"image\":{\"@id\":\"https:\/\/jinsuncarbon.com\/#\/schema\/logo\/image\/\"},\"sameAs\":[\"https:\/\/www.facebook.com\/Graphite-Electrode-109336238661595\",\"https:\/\/x.com\/jinsuncarbon_\",\"https:\/\/www.linkedin.com\/in\/jinsungraphite\",\"https:\/\/www.youtube.com\/channel\/UCysDNyvyR5-3cCWEmpkVC0g\"]}]}<\/script>\n<!-- \/ Yoast SEO Premium plugin. -->","yoast_head_json":{"title":"Karbon F\u0131r\u00e7a \u00dcreticisi | Jinsun Carbon","description":"Karbon f\u0131r\u00e7a, bir motorun sabit ve hareketli par\u00e7alar\u0131 aras\u0131nda elektrik ak\u0131m\u0131 ileten bir elektrik konta\u011f\u0131d\u0131r.","robots":{"index":"index","follow":"follow","max-snippet":"max-snippet:-1","max-image-preview":"max-image-preview:large","max-video-preview":"max-video-preview:-1"},"canonical":"https:\/\/jinsuncarbon.com\/tr\/urun\/karbon-firca\/","og_locale":"tr_TR","og_type":"article","og_title":"Carbon Brush","og_description":"A carbon brush is an electrical contact that conducts electrical current between the stationary and moving parts of a motor.","og_url":"https:\/\/jinsuncarbon.com\/tr\/urun\/karbon-firca\/","og_site_name":"Jinsun Carbon","article_publisher":"https:\/\/www.facebook.com\/Graphite-Electrode-109336238661595","article_modified_time":"2024-11-01T01:12:31+00:00","og_image":[{"width":1024,"height":763,"url":"https:\/\/jinsuncarbon.com\/wp-content\/uploads\/2023\/01\/Untitled-design-2023-01-30T235941.623.png","type":"image\/png"}],"twitter_card":"summary_large_image","twitter_site":"@jinsuncarbon_","twitter_misc":{"Tahmini okuma s\u00fcresi":"3 dakika"},"schema":{"@context":"https:\/\/schema.org","@graph":[{"@type":"WebPage","@id":"https:\/\/jinsuncarbon.com\/product\/carbon-brush\/","url":"https:\/\/jinsuncarbon.com\/product\/carbon-brush\/","name":"Karbon F\u0131r\u00e7a \u00dcreticisi | Jinsun Carbon","isPartOf":{"@id":"https:\/\/jinsuncarbon.com\/#website"},"primaryImageOfPage":{"@id":"https:\/\/jinsuncarbon.com\/product\/carbon-brush\/#primaryimage"},"image":{"@id":"https:\/\/jinsuncarbon.com\/product\/carbon-brush\/#primaryimage"},"thumbnailUrl":"https:\/\/jinsuncarbon.com\/wp-content\/uploads\/2023\/01\/Untitled-design-2023-01-30T235941.623.png","datePublished":"2023-01-30T09:21:16+00:00","dateModified":"2024-11-01T01:12:31+00:00","description":"Karbon f\u0131r\u00e7a, bir motorun sabit ve hareketli par\u00e7alar\u0131 aras\u0131nda elektrik ak\u0131m\u0131 ileten bir elektrik konta\u011f\u0131d\u0131r.","breadcrumb":{"@id":"https:\/\/jinsuncarbon.com\/product\/carbon-brush\/#breadcrumb"},"inLanguage":"tr","potentialAction":[{"@type":"ReadAction","target":["https:\/\/jinsuncarbon.com\/product\/carbon-brush\/"]}]},{"@type":"ImageObject","inLanguage":"tr","@id":"https:\/\/jinsuncarbon.com\/product\/carbon-brush\/#primaryimage","url":"https:\/\/jinsuncarbon.com\/wp-content\/uploads\/2023\/01\/Untitled-design-2023-01-30T235941.623.png","contentUrl":"https:\/\/jinsuncarbon.com\/wp-content\/uploads\/2023\/01\/Untitled-design-2023-01-30T235941.623.png","width":1024,"height":763,"caption":"carbon brushes for electric motors"},{"@type":"BreadcrumbList","@id":"https:\/\/jinsuncarbon.com\/product\/carbon-brush\/#breadcrumb","itemListElement":[{"@type":"ListItem","position":1,"name":"Home","item":"https:\/\/jinsuncarbon.com\/"},{"@type":"ListItem","position":2,"name":"Products","item":"https:\/\/jinsuncarbon.com\/graphite-carbon\/"},{"@type":"ListItem","position":3,"name":"Carbon Brush"}]},{"@type":"WebSite","@id":"https:\/\/jinsuncarbon.com\/#website","url":"https:\/\/jinsuncarbon.com\/","name":"Jinsun Karbon","description":"\u00c7in'deki ba\u015far\u0131l\u0131 grafit elektrot \u00fcreticisiyiz","publisher":{"@id":"https:\/\/jinsuncarbon.com\/#organization"},"potentialAction":[{"@type":"SearchAction","target":{"@type":"EntryPoint","urlTemplate":"https:\/\/jinsuncarbon.com\/?s={search_term_string}"},"query-input":{"@type":"PropertyValueSpecification","valueRequired":true,"valueName":"search_term_string"}}],"inLanguage":"tr"},{"@type":"Organization","@id":"https:\/\/jinsuncarbon.com\/#organization","name":"Jinsun Karbon","alternateName":"Jinsun Carbon","url":"https:\/\/jinsuncarbon.com\/","logo":{"@type":"ImageObject","inLanguage":"tr","@id":"https:\/\/jinsuncarbon.com\/#\/schema\/logo\/image\/","url":"https:\/\/jinsuncarbon.com\/wp-content\/uploads\/2022\/12\/LOGO-1.png","contentUrl":"https:\/\/jinsuncarbon.com\/wp-content\/uploads\/2022\/12\/LOGO-1.png","width":207,"height":80,"caption":"Jinsun Carbon"},"image":{"@id":"https:\/\/jinsuncarbon.com\/#\/schema\/logo\/image\/"},"sameAs":["https:\/\/www.facebook.com\/Graphite-Electrode-109336238661595","https:\/\/x.com\/jinsuncarbon_","https:\/\/www.linkedin.com\/in\/jinsungraphite","https:\/\/www.youtube.com\/channel\/UCysDNyvyR5-3cCWEmpkVC0g"]}]}},"_links":{"self":[{"href":"https:\/\/jinsuncarbon.com\/tr\/wp-json\/wp\/v2\/product\/2141","targetHints":{"allow":["GET"]}}],"collection":[{"href":"https:\/\/jinsuncarbon.com\/tr\/wp-json\/wp\/v2\/product"}],"about":[{"href":"https:\/\/jinsuncarbon.com\/tr\/wp-json\/wp\/v2\/types\/product"}],"wp:featuredmedia":[{"embeddable":true,"href":"https:\/\/jinsuncarbon.com\/tr\/wp-json\/wp\/v2\/media\/2218"}],"wp:attachment":[{"href":"https:\/\/jinsuncarbon.com\/tr\/wp-json\/wp\/v2\/media?parent=2141"}],"wp:term":[{"taxonomy":"product_brand","embeddable":true,"href":"https:\/\/jinsuncarbon.com\/tr\/wp-json\/wp\/v2\/product_brand?post=2141"},{"taxonomy":"product_cat","embeddable":true,"href":"https:\/\/jinsuncarbon.com\/tr\/wp-json\/wp\/v2\/product_cat?post=2141"},{"taxonomy":"product_tag","embeddable":true,"href":"https:\/\/jinsuncarbon.com\/tr\/wp-json\/wp\/v2\/product_tag?post=2141"}],"curies":[{"name":"wp","href":"https:\/\/api.w.org\/{rel}","templated":true}]}}