{"id":2135,"date":"2023-01-30T09:13:56","date_gmt":"2023-01-30T09:13:56","guid":{"rendered":"https:\/\/jinsuncarbon.com\/?post_type=product&#038;p=2135"},"modified":"2025-10-10T07:21:08","modified_gmt":"2025-10-10T07:21:08","slug":"grafit-cubuk","status":"publish","type":"product","link":"https:\/\/jinsuncarbon.com\/tr\/urun\/grafit-cubuk\/","title":{"rendered":"Grafit \u00c7ubuk"},"content":{"rendered":"<h2>Sat\u0131l\u0131k Grafit \u00c7ubuk<\/h2>\n<p>Grafit \u00e7ubuklar, yapay grafitten i\u015flenmi\u015f kat\u0131 silindirik \u00e7ubuklard\u0131r. Grafitin \u00f6zelliklerine, yani m\u00fckemmel elektrik iletkenli\u011fine, korozyon direncine ve a\u015f\u0131nma direncine sahiptirler. Grafit \u00e7ubuk elektrotlar \u00e7e\u015fitli boyutlarda olup mekanik ve elektronik end\u00fcstrilerinde yayg\u0131n olarak kullan\u0131lmaktad\u0131r.<\/p>\n<h2>T\u00fcrleri<\/h2>\n<p>\u00c7e\u015fitli \u015fekillerde ve boyutlarda gelir, bu da onlar\u0131 birden fazla uygulama i\u00e7in uygun hale getirir. En yayg\u0131n grafit \u00e7ubuk t\u00fcrleri standart yuvarlak ve alt\u0131gen \u00e7ubuklard\u0131r.<\/p>\n<p>Geleneksel yuvarlak \u00e7ubuklar, mukavemetleri ve \u00e7ok y\u00f6nl\u00fcl\u00fckleri nedeniyle \u00e7e\u015fitli uygulamalarda kullan\u0131lan en yayg\u0131n t\u00fcrd\u00fcr.<\/p>\n<p>Alt\u0131gen \u00e7ubuklar da pop\u00fclerdir ve genellikle do\u011fruluk ve hassasiyet gerektiren uygulamalarda kullan\u0131l\u0131r.<\/p>\n<p>Turbo\u015farj ve y\u00fcksek performansl\u0131 motorlar i\u00e7in \u00f6zel grafit rotlar da mevcuttur.<\/p>\n<p>&nbsp;<\/p>\n<p><img fetchpriority=\"high\" decoding=\"async\" class=\"alignleft wp-image-5543\" src=\"https:\/\/jinsuncarbon.com\/wp-content\/uploads\/2023\/01\/graphite-rod-supplier.jpg\" alt=\"grafit \u00e7ubuk tedarik\u00e7isi\" width=\"401\" height=\"286\" srcset=\"https:\/\/jinsuncarbon.com\/wp-content\/uploads\/2023\/01\/graphite-rod-supplier.jpg 718w, https:\/\/jinsuncarbon.com\/wp-content\/uploads\/2023\/01\/graphite-rod-supplier-600x428.jpg 600w, https:\/\/jinsuncarbon.com\/wp-content\/uploads\/2023\/01\/graphite-rod-supplier-300x214.jpg 300w, https:\/\/jinsuncarbon.com\/wp-content\/uploads\/2023\/01\/graphite-rod-supplier-18x12.jpg 18w\" sizes=\"(max-width: 401px) 100vw, 401px\" \/><\/p>\n<p>&nbsp;<\/p>\n<p>&nbsp;<\/p>\n<p>&nbsp;<\/p>\n<p><img decoding=\"async\" class=\"\" src=\"https:\/\/jinsuncarbon.com\/wp-content\/uploads\/2023\/01\/graphite-rod-electrode.jpg\" alt=\"grafit \u00e7ubuk elektrot\" width=\"362\" height=\"278\" \/><\/p>\n<h3><\/h3>\n<h2>Grafit \u00e7ubu\u011fun temel \u00f6zellikleri<\/h2>\n<ul>\n<li>99,99%'ye kadar y\u00fcksek safl\u0131k<\/li>\n<li>\u0130yi elektrik iletkenli\u011fi<\/li>\n<li>Y\u00fcksek e\u011filme dayan\u0131m\u0131<\/li>\n<li>Boyutsal kararl\u0131l\u0131k<\/li>\n<li>Y\u00fcksek e\u011filme dayan\u0131m\u0131<\/li>\n<li>G\u00fc\u00e7l\u00fc antioksidan \u00f6zellikler<\/li>\n<li>Korozyon direnci<\/li>\n<li>Y\u00fcksek mekanik dayan\u0131m<\/li>\n<\/ul>\n<h3><\/h3>\n<h2>Grafit \u00c7ubuk Kullan\u0131m Alanlar\u0131<\/h2>\n<p>End\u00fcstriyel bile\u015fenlerin \u00fcretiminde yayg\u0131n olarak kullan\u0131l\u0131r. Rulmanlar, di\u015fliler, contalar ve g\u00fc\u00e7 ve dayan\u0131kl\u0131l\u0131k gerektiren di\u011fer par\u00e7alar\u0131n yap\u0131m\u0131nda kullan\u0131l\u0131r. \u0130\u00e7inde<a href=\"https:\/\/en.wikipedia.org\/wiki\/Energy_industry\" target=\"_blank\" rel=\"noopener\"> enerji end\u00fcstrisi<\/a>t\u00fcrbinler, elektrik motorlar\u0131 vb. uygulamalar i\u00e7in kullanabilirsiniz.<\/p>\n<p>Ayr\u0131ca, iletkenli\u011fi ve korozyon direnci nedeniyle grafit \u00e7ubuklar\u0131 elektroliz i\u00e7in veya pillerde kullanabilirsiniz. Genellikle y\u00fcksek s\u0131cakl\u0131ktaki vakumda kullan\u0131l\u0131rlar <a href=\"https:\/\/www.homedepot.com\/b\/Heating-Venting-Cooling-Heaters-Furnaces\/N-5yc1vZc4lk\" target=\"_blank\" rel=\"noopener\">F\u0131r\u0131nlar<\/a> elektrikli \u0131s\u0131t\u0131c\u0131lar olarak. Y\u00fcksek s\u0131cakl\u0131kta 3000 santigrat dereceye kadar dayanabilir, oksitlenmesi kolay de\u011fildir, i\u015flenmesi kolayd\u0131r ve grafit \u00e7ubuk <a href=\"https:\/\/jinsuncarbon.com\/tr\/urun\/grafit-elektrot\/\">elektrot<\/a> fiyat d\u00fc\u015f\u00fck.<\/p>\n<p>Bir di\u011fer \u00f6nemli uygulama ise grafit \u00e7ubuklar\u0131n n\u00fckleer reakt\u00f6rlerde iyi mekanik \u00f6zelliklere ve termal iletkenli\u011fe sahip yap\u0131sal malzemeler olarak kullan\u0131lmas\u0131d\u0131r.<\/p>\n<p>&nbsp;<\/p>\n<h3>\u00d6zelle\u015ftirme:<\/h3>\n<p>Bir grafit \u00e7ubuk \u00fcreticisi olarak, end\u00fcstriyel uygulamalar\u0131n benzersiz gereksinimleri olabilece\u011fini biliyoruz. Bu nedenle grafit \u00e7ubuk \u00fcr\u00fcnlerimiz i\u00e7in \u00f6zelle\u015ftirme se\u00e7enekleri sunuyoruz. \u0130ster belirli boyutlara, y\u00fczey i\u015flemlerine veya ek i\u015flemeye ihtiyac\u0131n\u0131z olsun, ekibimiz spesifikasyonlar\u0131n\u0131z\u0131 kar\u015f\u0131layan \u00f6zel \u00e7\u00f6z\u00fcmler sunmak i\u00e7in sizinle birlikte \u00e7al\u0131\u015facakt\u0131r. Grafit \u00e7ubuk sat\u0131n almak istiyorsan\u0131z, \u015fimdi Jinsun ile ileti\u015fime ge\u00e7in!<\/p>\n<p>&nbsp;<\/p>\n<h3>\u00a0\u00d6zellikler:<\/h3>\n<table>\n<thead>\n<tr>\n<th><strong>M\u00fclkiyet<\/strong><\/th>\n<th><strong>De\u011fer\/Aral\u0131k<\/strong><\/th>\n<\/tr>\n<\/thead>\n<tbody>\n<tr>\n<td><strong>Yo\u011funluk<\/strong><\/td>\n<td>2,15 - 2,20 g\/cm\u00b3<\/td>\n<\/tr>\n<tr>\n<td><strong>Bas\u0131n\u00e7 Dayan\u0131m\u0131<\/strong><\/td>\n<td>&lt; 83,6 MPa (ab y\u00f6n\u00fc)<\/td>\n<\/tr>\n<tr>\n<td><strong>Safl\u0131k (Safs\u0131zl\u0131k \u0130\u00e7erikleri)<\/strong><\/td>\n<td>0.02 - 0.005%<\/td>\n<\/tr>\n<tr>\n<td><strong>Diren\u00e7lilik (ab y\u00f6n\u00fc)<\/strong><\/td>\n<td>2 x 10-\u2074 cm<\/td>\n<\/tr>\n<tr>\n<td><strong>Diren\u00e7lilik (c y\u00f6n\u00fc)<\/strong><\/td>\n<td>0,6 cm<\/td>\n<\/tr>\n<tr>\n<td><strong>Erime Noktas\u0131<\/strong><\/td>\n<td>3520\u00b0C - 3650\u00b0C<\/td>\n<\/tr>\n<tr>\n<td><strong>Maksimum \u00c7al\u0131\u015fma S\u0131cakl\u0131\u011f\u0131<\/strong><\/td>\n<td>2350\u00b0C - 2450\u00b0C<\/td>\n<\/tr>\n<tr>\n<td><strong>Min \u00c7al\u0131\u015fma S\u0131cakl\u0131\u011f\u0131<\/strong><\/td>\n<td>-273\u00b0C<\/td>\n<\/tr>\n<tr>\n<td><strong>Oksidasyon S\u0131cakl\u0131\u011f\u0131<\/strong><\/td>\n<td>649\u00b0C<\/td>\n<\/tr>\n<tr>\n<td><strong>Tane Katman\u0131 Aral\u0131\u011f\u0131<\/strong><\/td>\n<td>&lt; 3,42 \u00c5 (Angstroms)<\/td>\n<\/tr>\n<\/tbody>\n<\/table>\n<p>Bu tablo, belirtilen \u00f6zellikler ve bunlara kar\u015f\u0131l\u0131k gelen de\u011ferler veya aral\u0131klar hakk\u0131nda net bir genel bak\u0131\u015f sa\u011flar. Ba\u015fka sorular\u0131n\u0131z varsa veya ek bilgiye ihtiyac\u0131n\u0131z varsa, sormaktan \u00e7ekinmeyin!<\/p>","protected":false},"excerpt":{"rendered":"<p>Grafit \u00e7ubuklar, grafit elektrotlardan belirli boyutlara g\u00f6re i\u015flenir. Grafit korozyona dayan\u0131kl\u0131 oldu\u011fundan, \u00e7ubuklar\u0131 termal \u015fok ve 5000 \u00b0 F'ye kadar s\u0131cakl\u0131klara maruz kald\u0131ktan sonra bile yap\u0131lar\u0131n\u0131 korur. Grafit \u00e7ubuklar yapmak i\u00e7in saf grafit par\u00e7ac\u0131klar\u0131 kullan\u0131l\u0131r. En yayg\u0131n \u00fcretim y\u00f6ntemleri ekstr\u00fczyon, s\u0131k\u0131\u015ft\u0131rma, kal\u0131plama ve preslemedir. Reaktif olmayan grafit malzemeden yap\u0131ld\u0131\u011f\u0131 i\u00e7in fiber optik end\u00fcstrisi i\u00e7in de idealdir.<\/p>","protected":false},"featured_media":2214,"template":"","meta":[],"product_brand":[],"product_cat":[38],"product_tag":[],"class_list":{"0":"post-2135","1":"product","2":"type-product","3":"status-publish","4":"has-post-thumbnail","6":"product_cat-graphite-products","8":"first","9":"instock","10":"shipping-taxable","11":"product-type-simple"},"yoast_head":"<!-- This site is optimized with the Yoast SEO Premium plugin v19.2.1 (Yoast SEO v25.3) - https:\/\/yoast.com\/wordpress\/plugins\/seo\/ -->\n<title>Graphite Rod Manufacturer in China - Best Price<\/title>\n<meta name=\"description\" content=\"Graphite rod for sale. Graphite rod is machined from graphite electrodes to specific dimensions. It is widely used in the manufacturing of industrial components.\" \/>\n<meta name=\"robots\" content=\"index, follow, max-snippet:-1, max-image-preview:large, max-video-preview:-1\" \/>\n<link rel=\"canonical\" href=\"https:\/\/jinsuncarbon.com\/tr\/urun\/grafit-cubuk\/\" \/>\n<meta property=\"og:locale\" content=\"tr_TR\" \/>\n<meta property=\"og:type\" content=\"article\" \/>\n<meta property=\"og:title\" content=\"Graphite Rod\" \/>\n<meta property=\"og:description\" content=\"Graphite rod for sale. Graphite rod is machined from graphite electrodes to specific dimensions. It is widely used in the manufacturing of industrial components.\" \/>\n<meta property=\"og:url\" content=\"https:\/\/jinsuncarbon.com\/tr\/urun\/grafit-cubuk\/\" \/>\n<meta property=\"og:site_name\" content=\"Jinsun Carbon\" \/>\n<meta property=\"article:publisher\" content=\"https:\/\/www.facebook.com\/Graphite-Electrode-109336238661595\" \/>\n<meta property=\"article:modified_time\" content=\"2025-10-10T07:21:08+00:00\" \/>\n<meta property=\"og:image\" content=\"https:\/\/jinsuncarbon.com\/wp-content\/uploads\/2023\/01\/Untitled-design-2023-01-30T235604.235.png\" \/>\n\t<meta property=\"og:image:width\" content=\"1024\" \/>\n\t<meta property=\"og:image:height\" content=\"763\" \/>\n\t<meta property=\"og:image:type\" content=\"image\/png\" \/>\n<meta name=\"twitter:card\" content=\"summary_large_image\" \/>\n<meta name=\"twitter:site\" content=\"@jinsuncarbon_\" \/>\n<meta name=\"twitter:label1\" content=\"Tahmini okuma s\u00fcresi\" \/>\n\t<meta name=\"twitter:data1\" content=\"3 dakika\" \/>\n<script type=\"application\/ld+json\" class=\"yoast-schema-graph\">{\"@context\":\"https:\/\/schema.org\",\"@graph\":[{\"@type\":\"WebPage\",\"@id\":\"https:\/\/jinsuncarbon.com\/product\/graphite-rod\/\",\"url\":\"https:\/\/jinsuncarbon.com\/product\/graphite-rod\/\",\"name\":\"Graphite Rod Manufacturer in China - Best Price\",\"isPartOf\":{\"@id\":\"https:\/\/jinsuncarbon.com\/#website\"},\"primaryImageOfPage\":{\"@id\":\"https:\/\/jinsuncarbon.com\/product\/graphite-rod\/#primaryimage\"},\"image\":{\"@id\":\"https:\/\/jinsuncarbon.com\/product\/graphite-rod\/#primaryimage\"},\"thumbnailUrl\":\"https:\/\/jinsuncarbon.com\/wp-content\/uploads\/2023\/01\/Untitled-design-2023-01-30T235604.235.png\",\"datePublished\":\"2023-01-30T09:13:56+00:00\",\"dateModified\":\"2025-10-10T07:21:08+00:00\",\"description\":\"Graphite rod for sale. Graphite rod is machined from graphite electrodes to specific dimensions. It is widely used in the manufacturing of industrial components.\",\"breadcrumb\":{\"@id\":\"https:\/\/jinsuncarbon.com\/product\/graphite-rod\/#breadcrumb\"},\"inLanguage\":\"tr\",\"potentialAction\":[{\"@type\":\"ReadAction\",\"target\":[\"https:\/\/jinsuncarbon.com\/product\/graphite-rod\/\"]}]},{\"@type\":\"ImageObject\",\"inLanguage\":\"tr\",\"@id\":\"https:\/\/jinsuncarbon.com\/product\/graphite-rod\/#primaryimage\",\"url\":\"https:\/\/jinsuncarbon.com\/wp-content\/uploads\/2023\/01\/Untitled-design-2023-01-30T235604.235.png\",\"contentUrl\":\"https:\/\/jinsuncarbon.com\/wp-content\/uploads\/2023\/01\/Untitled-design-2023-01-30T235604.235.png\",\"width\":1024,\"height\":763,\"caption\":\"Graphite Rod manufacturer and supplier\"},{\"@type\":\"BreadcrumbList\",\"@id\":\"https:\/\/jinsuncarbon.com\/product\/graphite-rod\/#breadcrumb\",\"itemListElement\":[{\"@type\":\"ListItem\",\"position\":1,\"name\":\"Home\",\"item\":\"https:\/\/jinsuncarbon.com\/\"},{\"@type\":\"ListItem\",\"position\":2,\"name\":\"Products\",\"item\":\"https:\/\/jinsuncarbon.com\/graphite-carbon\/\"},{\"@type\":\"ListItem\",\"position\":3,\"name\":\"Graphite Rod\"}]},{\"@type\":\"WebSite\",\"@id\":\"https:\/\/jinsuncarbon.com\/#website\",\"url\":\"https:\/\/jinsuncarbon.com\/\",\"name\":\"Jinsun Carbon\",\"description\":\"We are the successful graphite electrode manufacturer in China\",\"publisher\":{\"@id\":\"https:\/\/jinsuncarbon.com\/#organization\"},\"potentialAction\":[{\"@type\":\"SearchAction\",\"target\":{\"@type\":\"EntryPoint\",\"urlTemplate\":\"https:\/\/jinsuncarbon.com\/?s={search_term_string}\"},\"query-input\":{\"@type\":\"PropertyValueSpecification\",\"valueRequired\":true,\"valueName\":\"search_term_string\"}}],\"inLanguage\":\"tr\"},{\"@type\":\"Organization\",\"@id\":\"https:\/\/jinsuncarbon.com\/#organization\",\"name\":\"Jinsun Carbon\",\"alternateName\":\"Jinsun Carbon\",\"url\":\"https:\/\/jinsuncarbon.com\/\",\"logo\":{\"@type\":\"ImageObject\",\"inLanguage\":\"tr\",\"@id\":\"https:\/\/jinsuncarbon.com\/#\/schema\/logo\/image\/\",\"url\":\"https:\/\/jinsuncarbon.com\/wp-content\/uploads\/2022\/12\/LOGO-1.png\",\"contentUrl\":\"https:\/\/jinsuncarbon.com\/wp-content\/uploads\/2022\/12\/LOGO-1.png\",\"width\":207,\"height\":80,\"caption\":\"Jinsun Carbon\"},\"image\":{\"@id\":\"https:\/\/jinsuncarbon.com\/#\/schema\/logo\/image\/\"},\"sameAs\":[\"https:\/\/www.facebook.com\/Graphite-Electrode-109336238661595\",\"https:\/\/x.com\/jinsuncarbon_\",\"https:\/\/www.linkedin.com\/in\/jinsungraphite\",\"https:\/\/www.youtube.com\/channel\/UCysDNyvyR5-3cCWEmpkVC0g\"]}]}<\/script>\n<!-- \/ Yoast SEO Premium plugin. -->","yoast_head_json":{"title":"\u00c7in'de Grafit \u00c7ubuk \u00dcreticisi - En \u0130yi Fiyat","description":"Sat\u0131l\u0131k grafit \u00e7ubuk. Grafit \u00e7ubuk, grafit elektrotlardan belirli boyutlara kadar i\u015flenir. End\u00fcstriyel bile\u015fenlerin imalat\u0131nda yayg\u0131n olarak kullan\u0131l\u0131r.","robots":{"index":"index","follow":"follow","max-snippet":"max-snippet:-1","max-image-preview":"max-image-preview:large","max-video-preview":"max-video-preview:-1"},"canonical":"https:\/\/jinsuncarbon.com\/tr\/urun\/grafit-cubuk\/","og_locale":"tr_TR","og_type":"article","og_title":"Graphite Rod","og_description":"Graphite rod for sale. Graphite rod is machined from graphite electrodes to specific dimensions. It is widely used in the manufacturing of industrial components.","og_url":"https:\/\/jinsuncarbon.com\/tr\/urun\/grafit-cubuk\/","og_site_name":"Jinsun Carbon","article_publisher":"https:\/\/www.facebook.com\/Graphite-Electrode-109336238661595","article_modified_time":"2025-10-10T07:21:08+00:00","og_image":[{"width":1024,"height":763,"url":"https:\/\/jinsuncarbon.com\/wp-content\/uploads\/2023\/01\/Untitled-design-2023-01-30T235604.235.png","type":"image\/png"}],"twitter_card":"summary_large_image","twitter_site":"@jinsuncarbon_","twitter_misc":{"Tahmini okuma s\u00fcresi":"3 dakika"},"schema":{"@context":"https:\/\/schema.org","@graph":[{"@type":"WebPage","@id":"https:\/\/jinsuncarbon.com\/product\/graphite-rod\/","url":"https:\/\/jinsuncarbon.com\/product\/graphite-rod\/","name":"\u00c7in'de Grafit \u00c7ubuk \u00dcreticisi - En \u0130yi Fiyat","isPartOf":{"@id":"https:\/\/jinsuncarbon.com\/#website"},"primaryImageOfPage":{"@id":"https:\/\/jinsuncarbon.com\/product\/graphite-rod\/#primaryimage"},"image":{"@id":"https:\/\/jinsuncarbon.com\/product\/graphite-rod\/#primaryimage"},"thumbnailUrl":"https:\/\/jinsuncarbon.com\/wp-content\/uploads\/2023\/01\/Untitled-design-2023-01-30T235604.235.png","datePublished":"2023-01-30T09:13:56+00:00","dateModified":"2025-10-10T07:21:08+00:00","description":"Sat\u0131l\u0131k grafit \u00e7ubuk. Grafit \u00e7ubuk, grafit elektrotlardan belirli boyutlara kadar i\u015flenir. End\u00fcstriyel bile\u015fenlerin imalat\u0131nda yayg\u0131n olarak kullan\u0131l\u0131r.","breadcrumb":{"@id":"https:\/\/jinsuncarbon.com\/product\/graphite-rod\/#breadcrumb"},"inLanguage":"tr","potentialAction":[{"@type":"ReadAction","target":["https:\/\/jinsuncarbon.com\/product\/graphite-rod\/"]}]},{"@type":"ImageObject","inLanguage":"tr","@id":"https:\/\/jinsuncarbon.com\/product\/graphite-rod\/#primaryimage","url":"https:\/\/jinsuncarbon.com\/wp-content\/uploads\/2023\/01\/Untitled-design-2023-01-30T235604.235.png","contentUrl":"https:\/\/jinsuncarbon.com\/wp-content\/uploads\/2023\/01\/Untitled-design-2023-01-30T235604.235.png","width":1024,"height":763,"caption":"Graphite Rod manufacturer and supplier"},{"@type":"BreadcrumbList","@id":"https:\/\/jinsuncarbon.com\/product\/graphite-rod\/#breadcrumb","itemListElement":[{"@type":"ListItem","position":1,"name":"Home","item":"https:\/\/jinsuncarbon.com\/"},{"@type":"ListItem","position":2,"name":"Products","item":"https:\/\/jinsuncarbon.com\/graphite-carbon\/"},{"@type":"ListItem","position":3,"name":"Graphite Rod"}]},{"@type":"WebSite","@id":"https:\/\/jinsuncarbon.com\/#website","url":"https:\/\/jinsuncarbon.com\/","name":"Jinsun Karbon","description":"\u00c7in'deki ba\u015far\u0131l\u0131 grafit elektrot \u00fcreticisiyiz","publisher":{"@id":"https:\/\/jinsuncarbon.com\/#organization"},"potentialAction":[{"@type":"SearchAction","target":{"@type":"EntryPoint","urlTemplate":"https:\/\/jinsuncarbon.com\/?s={search_term_string}"},"query-input":{"@type":"PropertyValueSpecification","valueRequired":true,"valueName":"search_term_string"}}],"inLanguage":"tr"},{"@type":"Organization","@id":"https:\/\/jinsuncarbon.com\/#organization","name":"Jinsun Karbon","alternateName":"Jinsun Carbon","url":"https:\/\/jinsuncarbon.com\/","logo":{"@type":"ImageObject","inLanguage":"tr","@id":"https:\/\/jinsuncarbon.com\/#\/schema\/logo\/image\/","url":"https:\/\/jinsuncarbon.com\/wp-content\/uploads\/2022\/12\/LOGO-1.png","contentUrl":"https:\/\/jinsuncarbon.com\/wp-content\/uploads\/2022\/12\/LOGO-1.png","width":207,"height":80,"caption":"Jinsun Carbon"},"image":{"@id":"https:\/\/jinsuncarbon.com\/#\/schema\/logo\/image\/"},"sameAs":["https:\/\/www.facebook.com\/Graphite-Electrode-109336238661595","https:\/\/x.com\/jinsuncarbon_","https:\/\/www.linkedin.com\/in\/jinsungraphite","https:\/\/www.youtube.com\/channel\/UCysDNyvyR5-3cCWEmpkVC0g"]}]}},"_links":{"self":[{"href":"https:\/\/jinsuncarbon.com\/tr\/wp-json\/wp\/v2\/product\/2135","targetHints":{"allow":["GET"]}}],"collection":[{"href":"https:\/\/jinsuncarbon.com\/tr\/wp-json\/wp\/v2\/product"}],"about":[{"href":"https:\/\/jinsuncarbon.com\/tr\/wp-json\/wp\/v2\/types\/product"}],"wp:featuredmedia":[{"embeddable":true,"href":"https:\/\/jinsuncarbon.com\/tr\/wp-json\/wp\/v2\/media\/2214"}],"wp:attachment":[{"href":"https:\/\/jinsuncarbon.com\/tr\/wp-json\/wp\/v2\/media?parent=2135"}],"wp:term":[{"taxonomy":"product_brand","embeddable":true,"href":"https:\/\/jinsuncarbon.com\/tr\/wp-json\/wp\/v2\/product_brand?post=2135"},{"taxonomy":"product_cat","embeddable":true,"href":"https:\/\/jinsuncarbon.com\/tr\/wp-json\/wp\/v2\/product_cat?post=2135"},{"taxonomy":"product_tag","embeddable":true,"href":"https:\/\/jinsuncarbon.com\/tr\/wp-json\/wp\/v2\/product_tag?post=2135"}],"curies":[{"name":"wp","href":"https:\/\/api.w.org\/{rel}","templated":true}]}}