{"id":2133,"date":"2023-01-30T09:12:04","date_gmt":"2023-01-30T09:12:04","guid":{"rendered":"https:\/\/jinsuncarbon.com\/?post_type=product&#038;p=2133"},"modified":"2025-01-10T10:50:20","modified_gmt":"2025-01-10T10:50:20","slug":"grafit-plaka","status":"publish","type":"product","link":"https:\/\/jinsuncarbon.com\/tr\/urun\/grafit-plaka\/","title":{"rendered":"Grafit Plaka"},"content":{"rendered":"<h2>Farkl\u0131 Sekt\u00f6rler i\u00e7in Grafit Plakalar<\/h2>\n<p>Genellikle y\u00fcksek \u0131s\u0131 iletkenli\u011fi, iyi elektrik iletkenli\u011fi ve korozyon direnci ile petrol kok ve zift kokundan yap\u0131l\u0131r. Grafit plaka yayg\u0131n olarak elektroliz, elektrokaplama \uff0c ve su veya kimyasal \u00e7\u00f6zeltilerin elektrokimyas\u0131 i\u00e7in kullan\u0131l\u0131r.<\/p>\n<p>Her\u015feyden \u00f6nce, bu malzemenin dura\u011fanl\u0131\u011f\u0131 nedeniyle <a href=\"https:\/\/jinsuncarbon.com\/tr\/elektrolizde-neden-grafit-elektrotlar-kullanilir\/\">grafit<\/a>oda s\u0131cakl\u0131\u011f\u0131nda \u00e7\u00f6zeltideki kimyasal maddelerle kimyasal reaksiyona girmez. Bu nedenle, genellikle su i\u00e7in kullan\u0131l\u0131r <a href=\"https:\/\/www.britannica.com\/science\/electrolysis\" target=\"_blank\" rel=\"noopener\">elektroliz<\/a>Hidrojen ve oksijeni ayr\u0131\u015ft\u0131rmak i\u00e7in kanalizasyon ar\u0131tma gibi.<\/p>\n<p>Elektrolitik h\u00fccrelerde kullan\u0131ld\u0131\u011f\u0131nda. Hidroklorik asit veya s\u00fclf\u00fcrik asit \u00e7\u00f6zeltisine dald\u0131r\u0131labilir ve anot olarak kullan\u0131labilir. M\u00fckemmel elektrik iletkenli\u011fi nedeniyle, elektrokaplamada ak\u0131m ta\u015f\u0131mak i\u00e7in kullanabilirsiniz.<\/p>\n<p>A\u015f\u0131nmaya kar\u015f\u0131 \u00e7ok dayan\u0131kl\u0131 oldu\u011fu ve y\u00fcksek y\u00fczey kalitesine sahip oldu\u011fu i\u00e7in al\u00fcminyum ala\u015f\u0131m end\u00fcstrisinde p\u00fcr\u00fczs\u00fcz ve g\u00fczel \u00fcr\u00fcnler \u00fcretmek i\u00e7in kullan\u0131l\u0131rlar.  Mekanik ekipmanlarda da kullan\u0131l\u0131r.<\/p>\n<p>&nbsp;<\/p>\n<p><img fetchpriority=\"high\" decoding=\"async\" class=\"alignnone wp-image-4463\" src=\"https:\/\/jinsuncarbon.com\/wp-content\/uploads\/2023\/01\/Electrolysis-1024x672.jpg\" alt=\"Elektroliz\" width=\"303\" height=\"199\" srcset=\"https:\/\/jinsuncarbon.com\/wp-content\/uploads\/2023\/01\/Electrolysis-1024x672.jpg 1024w, https:\/\/jinsuncarbon.com\/wp-content\/uploads\/2023\/01\/Electrolysis-600x394.jpg 600w, https:\/\/jinsuncarbon.com\/wp-content\/uploads\/2023\/01\/Electrolysis-300x197.jpg 300w, https:\/\/jinsuncarbon.com\/wp-content\/uploads\/2023\/01\/Electrolysis-768x504.jpg 768w, https:\/\/jinsuncarbon.com\/wp-content\/uploads\/2023\/01\/Electrolysis-18x12.jpg 18w, https:\/\/jinsuncarbon.com\/wp-content\/uploads\/2023\/01\/Electrolysis.jpg 1080w\" sizes=\"(max-width: 303px) 100vw, 303px\" \/> <img decoding=\"async\" class=\"alignnone wp-image-4464\" src=\"https:\/\/jinsuncarbon.com\/wp-content\/uploads\/2023\/01\/Electroplating-1024x612.jpg\" alt=\"Elektrokaplama\" width=\"334\" height=\"200\" srcset=\"https:\/\/jinsuncarbon.com\/wp-content\/uploads\/2023\/01\/Electroplating-1024x612.jpg 1024w, https:\/\/jinsuncarbon.com\/wp-content\/uploads\/2023\/01\/Electroplating-600x358.jpg 600w, https:\/\/jinsuncarbon.com\/wp-content\/uploads\/2023\/01\/Electroplating-300x179.jpg 300w, https:\/\/jinsuncarbon.com\/wp-content\/uploads\/2023\/01\/Electroplating-768x459.jpg 768w, https:\/\/jinsuncarbon.com\/wp-content\/uploads\/2023\/01\/Electroplating-18x12.jpg 18w, https:\/\/jinsuncarbon.com\/wp-content\/uploads\/2023\/01\/Electroplating.jpg 1080w\" sizes=\"(max-width: 334px) 100vw, 334px\" \/> <img decoding=\"async\" class=\"alignnone wp-image-4465\" src=\"https:\/\/jinsuncarbon.com\/wp-content\/uploads\/2023\/01\/Enegy-1024x558.jpg\" alt=\"Enegy\" width=\"367\" height=\"200\" srcset=\"https:\/\/jinsuncarbon.com\/wp-content\/uploads\/2023\/01\/Enegy-1024x558.jpg 1024w, https:\/\/jinsuncarbon.com\/wp-content\/uploads\/2023\/01\/Enegy-600x327.jpg 600w, https:\/\/jinsuncarbon.com\/wp-content\/uploads\/2023\/01\/Enegy-300x164.jpg 300w, https:\/\/jinsuncarbon.com\/wp-content\/uploads\/2023\/01\/Enegy-768x419.jpg 768w, https:\/\/jinsuncarbon.com\/wp-content\/uploads\/2023\/01\/Enegy-18x10.jpg 18w, https:\/\/jinsuncarbon.com\/wp-content\/uploads\/2023\/01\/Enegy.jpg 1080w\" sizes=\"(max-width: 367px) 100vw, 367px\" \/><\/p>\n<p>Elektroliz ind\u00fckt\u00f6r\u00fc Elektrokaplama end\u00fcstrisi Enerji end\u00fcstrisi<\/p>\n<p>&nbsp;<\/p>\n<h2>Grafit Plaka \u00c7e\u015fitleri<\/h2>\n<p>\u00dc\u00e7 \u00e7e\u015fit malzeme vard\u0131r: y\u00fcksek safl\u0131kta grafit, ince par\u00e7ac\u0131k ve <a href=\"https:\/\/en.wikipedia.org\/wiki\/Isostatic\" target=\"_blank\" rel=\"noopener\">izostatik<\/a> Grafit.<\/p>\n<ul>\n<li>Y\u00fcksek safl\u0131ktaki serinin yo\u011funlu\u011fu 1,80-1,85 g\/cm3 ile \u00e7ok y\u00fcksektir.<\/li>\n<li>\u0130nce par\u00e7ac\u0131klar\u0131n par\u00e7ac\u0131k boyutu, iyi a\u015f\u0131nma direnci ve makul fiyat ile 2mm, 0.8mm'dir.<\/li>\n<li>\u0130zostatik seri, yar\u0131 iletken ve fotovoltaik end\u00fcstrileri i\u00e7in ilk tercihtir.<\/li>\n<li>\u00c7e\u015fitli \u00f6zellikler ve \u00f6zelle\u015ftirilmi\u015f \u00fcr\u00fcnlerle, farkl\u0131 end\u00fcstri taleplerinizi kar\u015f\u0131layabilir.<\/li>\n<\/ul>\n<p>&nbsp;<\/p>\n<p><img loading=\"lazy\" decoding=\"async\" class=\"alignnone wp-image-4466 size-medium\" src=\"https:\/\/jinsuncarbon.com\/wp-content\/uploads\/2023\/01\/high-purity-graphite-plate-300x248.jpg\" alt=\"Y\u00fcksek safl\u0131kta grafit plaka\" width=\"300\" height=\"248\" srcset=\"https:\/\/jinsuncarbon.com\/wp-content\/uploads\/2023\/01\/high-purity-graphite-plate-300x248.jpg 300w, https:\/\/jinsuncarbon.com\/wp-content\/uploads\/2023\/01\/high-purity-graphite-plate-600x496.jpg 600w, https:\/\/jinsuncarbon.com\/wp-content\/uploads\/2023\/01\/high-purity-graphite-plate-768x635.jpg 768w, https:\/\/jinsuncarbon.com\/wp-content\/uploads\/2023\/01\/high-purity-graphite-plate-15x12.jpg 15w, https:\/\/jinsuncarbon.com\/wp-content\/uploads\/2023\/01\/high-purity-graphite-plate.jpg 1024w\" sizes=\"(max-width: 300px) 100vw, 300px\" \/> <img loading=\"lazy\" decoding=\"async\" class=\"alignnone size-medium wp-image-4467\" src=\"https:\/\/jinsuncarbon.com\/wp-content\/uploads\/2023\/01\/Fine-particle-graphite-electrode-300x248.jpg\" alt=\"\u0130nce par\u00e7ac\u0131kl\u0131 grafit elektrot\" width=\"300\" height=\"248\" srcset=\"https:\/\/jinsuncarbon.com\/wp-content\/uploads\/2023\/01\/Fine-particle-graphite-electrode-300x248.jpg 300w, https:\/\/jinsuncarbon.com\/wp-content\/uploads\/2023\/01\/Fine-particle-graphite-electrode-600x496.jpg 600w, https:\/\/jinsuncarbon.com\/wp-content\/uploads\/2023\/01\/Fine-particle-graphite-electrode-768x635.jpg 768w, https:\/\/jinsuncarbon.com\/wp-content\/uploads\/2023\/01\/Fine-particle-graphite-electrode-15x12.jpg 15w, https:\/\/jinsuncarbon.com\/wp-content\/uploads\/2023\/01\/Fine-particle-graphite-electrode.jpg 1024w\" sizes=\"(max-width: 300px) 100vw, 300px\" \/> <img loading=\"lazy\" decoding=\"async\" class=\"alignnone size-medium wp-image-4468\" src=\"https:\/\/jinsuncarbon.com\/wp-content\/uploads\/2023\/01\/Isostatic-graphite-plate-300x248.jpg\" alt=\"\u0130zostatik grafit plaka\" width=\"300\" height=\"248\" srcset=\"https:\/\/jinsuncarbon.com\/wp-content\/uploads\/2023\/01\/Isostatic-graphite-plate-300x248.jpg 300w, https:\/\/jinsuncarbon.com\/wp-content\/uploads\/2023\/01\/Isostatic-graphite-plate-600x496.jpg 600w, https:\/\/jinsuncarbon.com\/wp-content\/uploads\/2023\/01\/Isostatic-graphite-plate-768x635.jpg 768w, https:\/\/jinsuncarbon.com\/wp-content\/uploads\/2023\/01\/Isostatic-graphite-plate-15x12.jpg 15w, https:\/\/jinsuncarbon.com\/wp-content\/uploads\/2023\/01\/Isostatic-graphite-plate.jpg 1024w\" sizes=\"(max-width: 300px) 100vw, 300px\" \/><\/p>\n<p>&nbsp;<\/p>\n<h2>Temel \u00d6zellikler<\/h2>\n<p><strong>Y\u00fcksek Is\u0131 \u0130letkenli\u011fi:<\/strong> \u00c7e\u015fitli termal y\u00f6netim uygulamalar\u0131nda \u0131s\u0131y\u0131 h\u0131zl\u0131 bir \u015fekilde aktarabilir.<\/p>\n<p><strong>M\u00fckemmel Elektrik Direnci:<\/strong> Elektrolitik ve elektronik uygulamalar i\u00e7in uygundur, g\u00fcvenilir yal\u0131t\u0131m sa\u011flar ve ark veya k\u0131sa devreleri \u00f6nler.<\/p>\n<p><strong>Kimyasal Diren\u00e7:<\/strong> \u00c7o\u011fu a\u015f\u0131nd\u0131r\u0131c\u0131 kimyasallara ve asitlere kar\u015f\u0131 dayan\u0131kl\u0131d\u0131r, bu da onu kimyasal i\u015fleme end\u00fcstrisi i\u00e7in ideal hale getirir. Zorlu kimyasal ortamlarda bile a\u015f\u0131nmaz veya oksitlenmez.<\/p>\n<p><strong>Mekanik G\u00fc\u00e7 ve Kararl\u0131l\u0131k:<\/strong> Y\u00fcksek gerilme mukavemeti ve termal d\u00f6ng\u00fc alt\u0131nda d\u00fc\u015f\u00fck genle\u015fme. Zorlu ortamlara dayanabilir ve zaman i\u00e7inde yap\u0131sal b\u00fct\u00fcnl\u00fc\u011f\u00fcn\u00fc koruyabilir.<\/p>\n<p><strong>Hassas \u0130\u015flenmi\u015f: <\/strong>Hassas boyutlar ve p\u00fcr\u00fczs\u00fcz y\u00fczey kalitesi sa\u011flar. Bu, \u00e7e\u015fitli sistemlere ve uygulamalara kolay entegrasyon sa\u011flayarak kurulum s\u0131ras\u0131nda zamandan ve emekten tasarruf sa\u011flar.<\/p>\n<h2>Neden bizi se\u00e7melisiniz?<\/h2>\n<ul>\n<li>Standart d\u0131\u015f\u0131 \u00f6l\u00e7\u00fcler, \u00e7izimler ve numuneler ile tasarlanabilir ve \u00fcretilebilir.<\/li>\n<li>Y\u00fcksek s\u0131cakl\u0131k direnci, oksidasyon direnci, korozyon direnci ve uzun \u00f6m\u00fcr.<\/li>\n<li>Termal madencilikte yayg\u0131n olarak kullan\u0131l\u0131r, <a href=\"https:\/\/en.wikipedia.org\/wiki\/Metallurgy\" target=\"_blank\" rel=\"noopener\">METALURJ\u0130<\/a>, kimya end\u00fcstrisi ve di\u011fer end\u00fcstriler.<\/li>\n<\/ul>","protected":false},"excerpt":{"rendered":"<p>Grafit Plaka, ka\u011f\u0131t, elektronik, \u00e7imento, kimya, havac\u0131l\u0131k ve uzay gibi bir\u00e7ok end\u00fcstride farkl\u0131 i\u015flevler ve ama\u00e7lar i\u00e7in kullan\u0131l\u0131r. Farkl\u0131 boyutlarda ve \u015fekillerde gelir ve gereksinimlere g\u00f6re kolayca \u00f6zelle\u015ftirilebilir. \u0130nce grafit plaka s\u0131zd\u0131rmazl\u0131k malzemesi olarak kullan\u0131l\u0131r. Genellikle grafit levhalardan daha incedir, her zaman e\u015fit \u015fekilde d\u00fczd\u00fcr ve 90\u00b0 a\u00e7\u0131l\u0131 k\u00f6\u015felere sahiptir. Di\u011fer grafit \u00fcr\u00fcnlere k\u0131yasla ekonomiktir ve \u00fcretimi basittir \uff0c ve desenli bir tasar\u0131ma ve p\u00fcr\u00fczs\u00fcz bir dokuya sahip olabilir.<\/p>","protected":false},"featured_media":2439,"template":"","meta":[],"product_brand":[],"product_cat":[38],"product_tag":[],"class_list":{"0":"post-2133","1":"product","2":"type-product","3":"status-publish","4":"has-post-thumbnail","6":"product_cat-graphite-products","8":"first","9":"instock","10":"shipping-taxable","11":"product-type-simple"},"yoast_head":"<!-- This site is optimized with the Yoast SEO Premium plugin v19.2.1 (Yoast SEO v25.3) - https:\/\/yoast.com\/wordpress\/plugins\/seo\/ -->\n<title>Graphite Plate Supplier<\/title>\n<meta name=\"description\" content=\"Graphite plate has the characteristics of high thermal conductivity, good electrical conductivity. It is made of petroleum coke and pitch coke.\" \/>\n<meta name=\"robots\" content=\"index, follow, max-snippet:-1, max-image-preview:large, max-video-preview:-1\" \/>\n<link rel=\"canonical\" href=\"https:\/\/jinsuncarbon.com\/tr\/urun\/grafit-plaka\/\" \/>\n<meta property=\"og:locale\" content=\"tr_TR\" \/>\n<meta property=\"og:type\" content=\"article\" \/>\n<meta property=\"og:title\" content=\"Graphite Plate\" \/>\n<meta property=\"og:description\" content=\"Graphite plate has the characteristics of high thermal conductivity, good electrical conductivity. It is made of petroleum coke and pitch coke.\" \/>\n<meta property=\"og:url\" content=\"https:\/\/jinsuncarbon.com\/tr\/urun\/grafit-plaka\/\" \/>\n<meta property=\"og:site_name\" content=\"Jinsun Carbon\" \/>\n<meta property=\"article:publisher\" content=\"https:\/\/www.facebook.com\/Graphite-Electrode-109336238661595\" \/>\n<meta property=\"article:modified_time\" content=\"2025-01-10T10:50:20+00:00\" \/>\n<meta property=\"og:image\" content=\"https:\/\/jinsuncarbon.com\/wp-content\/uploads\/2023\/01\/2525.jpg\" \/>\n\t<meta property=\"og:image:width\" content=\"1024\" \/>\n\t<meta property=\"og:image:height\" content=\"763\" \/>\n\t<meta property=\"og:image:type\" content=\"image\/jpeg\" \/>\n<meta name=\"twitter:card\" content=\"summary_large_image\" \/>\n<meta name=\"twitter:site\" content=\"@jinsuncarbon_\" \/>\n<meta name=\"twitter:label1\" content=\"Tahmini okuma s\u00fcresi\" \/>\n\t<meta name=\"twitter:data1\" content=\"4 dakika\" \/>\n<script type=\"application\/ld+json\" class=\"yoast-schema-graph\">{\"@context\":\"https:\/\/schema.org\",\"@graph\":[{\"@type\":\"WebPage\",\"@id\":\"https:\/\/jinsuncarbon.com\/product\/graphite-plate\/\",\"url\":\"https:\/\/jinsuncarbon.com\/product\/graphite-plate\/\",\"name\":\"Graphite Plate Supplier\",\"isPartOf\":{\"@id\":\"https:\/\/jinsuncarbon.com\/#website\"},\"primaryImageOfPage\":{\"@id\":\"https:\/\/jinsuncarbon.com\/product\/graphite-plate\/#primaryimage\"},\"image\":{\"@id\":\"https:\/\/jinsuncarbon.com\/product\/graphite-plate\/#primaryimage\"},\"thumbnailUrl\":\"https:\/\/jinsuncarbon.com\/wp-content\/uploads\/2023\/01\/2525.jpg\",\"datePublished\":\"2023-01-30T09:12:04+00:00\",\"dateModified\":\"2025-01-10T10:50:20+00:00\",\"description\":\"Graphite plate has the characteristics of high thermal conductivity, good electrical conductivity. It is made of petroleum coke and pitch coke.\",\"breadcrumb\":{\"@id\":\"https:\/\/jinsuncarbon.com\/product\/graphite-plate\/#breadcrumb\"},\"inLanguage\":\"tr\",\"potentialAction\":[{\"@type\":\"ReadAction\",\"target\":[\"https:\/\/jinsuncarbon.com\/product\/graphite-plate\/\"]}]},{\"@type\":\"ImageObject\",\"inLanguage\":\"tr\",\"@id\":\"https:\/\/jinsuncarbon.com\/product\/graphite-plate\/#primaryimage\",\"url\":\"https:\/\/jinsuncarbon.com\/wp-content\/uploads\/2023\/01\/2525.jpg\",\"contentUrl\":\"https:\/\/jinsuncarbon.com\/wp-content\/uploads\/2023\/01\/2525.jpg\",\"width\":1024,\"height\":763,\"caption\":\"Graphite Plate\"},{\"@type\":\"BreadcrumbList\",\"@id\":\"https:\/\/jinsuncarbon.com\/product\/graphite-plate\/#breadcrumb\",\"itemListElement\":[{\"@type\":\"ListItem\",\"position\":1,\"name\":\"Home\",\"item\":\"https:\/\/jinsuncarbon.com\/\"},{\"@type\":\"ListItem\",\"position\":2,\"name\":\"Products\",\"item\":\"https:\/\/jinsuncarbon.com\/graphite-carbon\/\"},{\"@type\":\"ListItem\",\"position\":3,\"name\":\"Graphite Plate\"}]},{\"@type\":\"WebSite\",\"@id\":\"https:\/\/jinsuncarbon.com\/#website\",\"url\":\"https:\/\/jinsuncarbon.com\/\",\"name\":\"Jinsun Carbon\",\"description\":\"We are the successful graphite electrode manufacturer in China\",\"publisher\":{\"@id\":\"https:\/\/jinsuncarbon.com\/#organization\"},\"potentialAction\":[{\"@type\":\"SearchAction\",\"target\":{\"@type\":\"EntryPoint\",\"urlTemplate\":\"https:\/\/jinsuncarbon.com\/?s={search_term_string}\"},\"query-input\":{\"@type\":\"PropertyValueSpecification\",\"valueRequired\":true,\"valueName\":\"search_term_string\"}}],\"inLanguage\":\"tr\"},{\"@type\":\"Organization\",\"@id\":\"https:\/\/jinsuncarbon.com\/#organization\",\"name\":\"Jinsun Carbon\",\"alternateName\":\"Jinsun Carbon\",\"url\":\"https:\/\/jinsuncarbon.com\/\",\"logo\":{\"@type\":\"ImageObject\",\"inLanguage\":\"tr\",\"@id\":\"https:\/\/jinsuncarbon.com\/#\/schema\/logo\/image\/\",\"url\":\"https:\/\/jinsuncarbon.com\/wp-content\/uploads\/2022\/12\/LOGO-1.png\",\"contentUrl\":\"https:\/\/jinsuncarbon.com\/wp-content\/uploads\/2022\/12\/LOGO-1.png\",\"width\":207,\"height\":80,\"caption\":\"Jinsun Carbon\"},\"image\":{\"@id\":\"https:\/\/jinsuncarbon.com\/#\/schema\/logo\/image\/\"},\"sameAs\":[\"https:\/\/www.facebook.com\/Graphite-Electrode-109336238661595\",\"https:\/\/x.com\/jinsuncarbon_\",\"https:\/\/www.linkedin.com\/in\/jinsungraphite\",\"https:\/\/www.youtube.com\/channel\/UCysDNyvyR5-3cCWEmpkVC0g\"]}]}<\/script>\n<!-- \/ Yoast SEO Premium plugin. -->","yoast_head_json":{"title":"Grafit Plaka Tedarik\u00e7isi","description":"Grafit plaka, y\u00fcksek \u0131s\u0131 iletkenli\u011fi, iyi elektrik iletkenli\u011fi \u00f6zelliklerine sahiptir. Petrol kok k\u00f6m\u00fcr\u00fc ve zift kok k\u00f6m\u00fcr\u00fcnden yap\u0131l\u0131r.","robots":{"index":"index","follow":"follow","max-snippet":"max-snippet:-1","max-image-preview":"max-image-preview:large","max-video-preview":"max-video-preview:-1"},"canonical":"https:\/\/jinsuncarbon.com\/tr\/urun\/grafit-plaka\/","og_locale":"tr_TR","og_type":"article","og_title":"Graphite Plate","og_description":"Graphite plate has the characteristics of high thermal conductivity, good electrical conductivity. It is made of petroleum coke and pitch coke.","og_url":"https:\/\/jinsuncarbon.com\/tr\/urun\/grafit-plaka\/","og_site_name":"Jinsun Carbon","article_publisher":"https:\/\/www.facebook.com\/Graphite-Electrode-109336238661595","article_modified_time":"2025-01-10T10:50:20+00:00","og_image":[{"width":1024,"height":763,"url":"https:\/\/jinsuncarbon.com\/wp-content\/uploads\/2023\/01\/2525.jpg","type":"image\/jpeg"}],"twitter_card":"summary_large_image","twitter_site":"@jinsuncarbon_","twitter_misc":{"Tahmini okuma s\u00fcresi":"4 dakika"},"schema":{"@context":"https:\/\/schema.org","@graph":[{"@type":"WebPage","@id":"https:\/\/jinsuncarbon.com\/product\/graphite-plate\/","url":"https:\/\/jinsuncarbon.com\/product\/graphite-plate\/","name":"Grafit Plaka Tedarik\u00e7isi","isPartOf":{"@id":"https:\/\/jinsuncarbon.com\/#website"},"primaryImageOfPage":{"@id":"https:\/\/jinsuncarbon.com\/product\/graphite-plate\/#primaryimage"},"image":{"@id":"https:\/\/jinsuncarbon.com\/product\/graphite-plate\/#primaryimage"},"thumbnailUrl":"https:\/\/jinsuncarbon.com\/wp-content\/uploads\/2023\/01\/2525.jpg","datePublished":"2023-01-30T09:12:04+00:00","dateModified":"2025-01-10T10:50:20+00:00","description":"Grafit plaka, y\u00fcksek \u0131s\u0131 iletkenli\u011fi, iyi elektrik iletkenli\u011fi \u00f6zelliklerine sahiptir. Petrol kok k\u00f6m\u00fcr\u00fc ve zift kok k\u00f6m\u00fcr\u00fcnden yap\u0131l\u0131r.","breadcrumb":{"@id":"https:\/\/jinsuncarbon.com\/product\/graphite-plate\/#breadcrumb"},"inLanguage":"tr","potentialAction":[{"@type":"ReadAction","target":["https:\/\/jinsuncarbon.com\/product\/graphite-plate\/"]}]},{"@type":"ImageObject","inLanguage":"tr","@id":"https:\/\/jinsuncarbon.com\/product\/graphite-plate\/#primaryimage","url":"https:\/\/jinsuncarbon.com\/wp-content\/uploads\/2023\/01\/2525.jpg","contentUrl":"https:\/\/jinsuncarbon.com\/wp-content\/uploads\/2023\/01\/2525.jpg","width":1024,"height":763,"caption":"Graphite Plate"},{"@type":"BreadcrumbList","@id":"https:\/\/jinsuncarbon.com\/product\/graphite-plate\/#breadcrumb","itemListElement":[{"@type":"ListItem","position":1,"name":"Home","item":"https:\/\/jinsuncarbon.com\/"},{"@type":"ListItem","position":2,"name":"Products","item":"https:\/\/jinsuncarbon.com\/graphite-carbon\/"},{"@type":"ListItem","position":3,"name":"Graphite Plate"}]},{"@type":"WebSite","@id":"https:\/\/jinsuncarbon.com\/#website","url":"https:\/\/jinsuncarbon.com\/","name":"Jinsun Karbon","description":"\u00c7in'deki ba\u015far\u0131l\u0131 grafit elektrot \u00fcreticisiyiz","publisher":{"@id":"https:\/\/jinsuncarbon.com\/#organization"},"potentialAction":[{"@type":"SearchAction","target":{"@type":"EntryPoint","urlTemplate":"https:\/\/jinsuncarbon.com\/?s={search_term_string}"},"query-input":{"@type":"PropertyValueSpecification","valueRequired":true,"valueName":"search_term_string"}}],"inLanguage":"tr"},{"@type":"Organization","@id":"https:\/\/jinsuncarbon.com\/#organization","name":"Jinsun Karbon","alternateName":"Jinsun Carbon","url":"https:\/\/jinsuncarbon.com\/","logo":{"@type":"ImageObject","inLanguage":"tr","@id":"https:\/\/jinsuncarbon.com\/#\/schema\/logo\/image\/","url":"https:\/\/jinsuncarbon.com\/wp-content\/uploads\/2022\/12\/LOGO-1.png","contentUrl":"https:\/\/jinsuncarbon.com\/wp-content\/uploads\/2022\/12\/LOGO-1.png","width":207,"height":80,"caption":"Jinsun Carbon"},"image":{"@id":"https:\/\/jinsuncarbon.com\/#\/schema\/logo\/image\/"},"sameAs":["https:\/\/www.facebook.com\/Graphite-Electrode-109336238661595","https:\/\/x.com\/jinsuncarbon_","https:\/\/www.linkedin.com\/in\/jinsungraphite","https:\/\/www.youtube.com\/channel\/UCysDNyvyR5-3cCWEmpkVC0g"]}]}},"_links":{"self":[{"href":"https:\/\/jinsuncarbon.com\/tr\/wp-json\/wp\/v2\/product\/2133","targetHints":{"allow":["GET"]}}],"collection":[{"href":"https:\/\/jinsuncarbon.com\/tr\/wp-json\/wp\/v2\/product"}],"about":[{"href":"https:\/\/jinsuncarbon.com\/tr\/wp-json\/wp\/v2\/types\/product"}],"wp:featuredmedia":[{"embeddable":true,"href":"https:\/\/jinsuncarbon.com\/tr\/wp-json\/wp\/v2\/media\/2439"}],"wp:attachment":[{"href":"https:\/\/jinsuncarbon.com\/tr\/wp-json\/wp\/v2\/media?parent=2133"}],"wp:term":[{"taxonomy":"product_brand","embeddable":true,"href":"https:\/\/jinsuncarbon.com\/tr\/wp-json\/wp\/v2\/product_brand?post=2133"},{"taxonomy":"product_cat","embeddable":true,"href":"https:\/\/jinsuncarbon.com\/tr\/wp-json\/wp\/v2\/product_cat?post=2133"},{"taxonomy":"product_tag","embeddable":true,"href":"https:\/\/jinsuncarbon.com\/tr\/wp-json\/wp\/v2\/product_tag?post=2133"}],"curies":[{"name":"wp","href":"https:\/\/api.w.org\/{rel}","templated":true}]}}