{"id":2131,"date":"2024-09-30T09:10:18","date_gmt":"2024-09-30T09:10:18","guid":{"rendered":"https:\/\/jinsuncarbon.com\/?post_type=product&#038;p=2131"},"modified":"2024-12-13T06:27:48","modified_gmt":"2024-12-13T06:27:48","slug":"grafit-blok","status":"publish","type":"product","link":"https:\/\/jinsuncarbon.com\/tr\/urun\/grafit-blok\/","title":{"rendered":"Grafit Blok"},"content":{"rendered":"<h2>Sat\u0131l\u0131k grafit bloklar<\/h2>\n<p>Grafit bloklar \u00fc\u00e7 standart y\u00f6ntem kullan\u0131larak \u00fcretilir: kal\u0131planm\u0131\u015f, ekstr\u00fcde edilmi\u015f ve izostatik presleme. Her bir i\u015flem, grafit blo\u011fun y\u00fcksek yo\u011funluklu ve homojen yap\u0131lar\u0131n\u0131n olu\u015fturulmas\u0131n\u0131 sa\u011flar.<\/p>\n<p style=\"text-align: left;\">\u00a01. Kal\u0131planm\u0131\u015f: S\u0131k\u0131\u015ft\u0131rma kal\u0131plama, \u015feffaf bir macun veya preslenmi\u015f tozun istenen \u015fekil ve boyuttaki bir kal\u0131ba yerle\u015ftirilmesidir. Bas\u0131n\u00e7 alt\u0131nda, par\u00e7ac\u0131klar i\u00e7 i\u00e7e ge\u00e7erek kompakt ve dayan\u0131kl\u0131 bir grafit blo\u011fu olu\u015fturur.<\/p>\n<p style=\"text-align: left;\">\u00a02. Ekstr\u00fcde: Hammadde, belirli bir \u015fekle sahip bir kal\u0131ptan ge\u00e7erken ekstr\u00fczyon y\u00f6ntemi ile bas\u0131nca maruz kal\u0131r. Daha sonra s\u0131k\u0131\u015ft\u0131rma ve plastik deformasyon ile hassas boyut ve \u015fekillerde \u00fcretilir.<\/p>\n<p style=\"text-align: left;\">3. \u0130zostatik Presleme: Biz kullan\u0131yoruz <a href=\"https:\/\/oceanservice.noaa.gov\/facts\/glacial-adjustment.html\" target=\"_blank\" rel=\"noopener\">izostatik<\/a> y\u00fcksek yo\u011funluklu, y\u00fcksek safl\u0131kta grafit bloklar \u00fcretmek i\u00e7in presleme. Bu benzersiz \u00fcretim s\u00fcreci, malzemenin y\u00fcksek s\u0131cakl\u0131klara ve bas\u0131nca tabi tutulmas\u0131n\u0131 i\u00e7erir. Sonu\u00e7, ola\u011fan\u00fcst\u00fc kalite ve dayan\u0131kl\u0131l\u0131\u011fa sahip \u00fcr\u00fcnlerdir. \u00dcretim s\u00fcreci d\u00f6ng\u00fcs\u00fc genellikle iki aydan daha uzundur.<\/p>\n<p style=\"text-align: left;\">Jinsun karbon \u00fcreticisi, y\u00fcksek karbon i\u00e7eri\u011fine sahip grafit bloklar\u0131 ve orta-kaba, ince taneli ve y\u00fcksek safl\u0131k dahil olmak \u00fczere farkl\u0131 partik\u00fcl boyutlar\u0131na g\u00f6re s\u0131n\u0131fland\u0131r\u0131lm\u0131\u015f bloklar \u00fcretmektedir.<\/p>\n<h2>Grafit blo\u011fun avantajlar\u0131<\/h2>\n<ul>\n<li style=\"text-align: left;\">M\u00fckemmel iletkenlik: Ak\u0131m iletim verimlili\u011fini art\u0131rmaya yard\u0131mc\u0131 olan y\u00fcksek elektrik iletkenli\u011fine sahiptirler.<\/li>\n<li>Y\u00fcksek s\u0131cakl\u0131k dayan\u0131m\u0131: Y\u00fcksek s\u0131cakl\u0131klarda stabil kal\u0131r ve deforme olmas\u0131 kolay de\u011fildir, bu da onu y\u00fcksek s\u0131cakl\u0131k uygulamalar\u0131 i\u00e7in uygun hale getirir.<\/li>\n<li>Kimyasal inertlik: \u00c7e\u015fitli kimyasallara kar\u015f\u0131 iyi korozyon direncine sahiptir ve hizmet \u00f6mr\u00fcn\u00fc uzat\u0131r.<\/li>\n<li>Mekanik mukavemet: G\u00fc\u00e7l\u00fc bir yap\u0131ya sahiptirler ve a\u015f\u0131nmaya kar\u015f\u0131 dayan\u0131kl\u0131d\u0131rlar, bu da onlar\u0131 \u00e7e\u015fitli end\u00fcstriyel ortamlar i\u00e7in uygun hale getirir.<\/li>\n<li style=\"text-align: left;\">Kolay i\u015fleme: \u00d6zel end\u00fcstriyel uygulamalara uyum sa\u011flamak i\u00e7in kolayca kesilebilir, yiv a\u00e7\u0131labilir veya delinebilir.<\/li>\n<\/ul>\n<h2>Grafit Blok Kullan\u0131m Alanlar\u0131<\/h2>\n<p><strong>Elektrolizde kullan\u0131l\u0131r:<\/strong> \u0130letken olarak vazge\u00e7ilmezdirler <a href=\"https:\/\/jinsuncarbon.com\/tr\/urun\/grafit-elektrot\/\">elektrotlar<\/a> gibi end\u00fcstrilerdeki malzemeler <a href=\"https:\/\/artoolworks.com\/\" target=\"_blank\" rel=\"noopener\">elektrolitik<\/a> metal, magnezyum, nikel ve daha fazlas\u0131. Korozyon direncine sahiptir, asitler ve alkaliler gibi kimyasal ortamlar\u0131n erozyonuna kar\u015f\u0131 koyabilir ve istikrarl\u0131 performans sa\u011flar.<\/p>\n<p><strong>Metalurjik ve Diren\u00e7 F\u0131r\u0131nlar\u0131:<\/strong> Bunlar sadece <a href=\"https:\/\/www.nature.com\/articles\/112755a0\" target=\"_blank\" rel=\"noopener\">metalurji\u0307k firinlar<\/a>diren\u00e7 f\u0131r\u0131nlar\u0131n\u0131n yan\u0131 s\u0131ra y\u00fcksek s\u0131cakl\u0131k direnci ve elektrik iletkenli\u011fi gerektiren di\u011fer uygulamalarda da kullan\u0131l\u0131r.<\/p>\n<p><strong>Kimya End\u00fcstrisi:<\/strong> Korozyona dayan\u0131kl\u0131 \u0131s\u0131 de\u011fi\u015fim ekipman\u0131 ve y\u00fcksek s\u0131cakl\u0131k f\u0131r\u0131nlar\u0131 i\u00e7in f\u0131r\u0131n malzemesi olarak m\u00fckemmeldirler. B\u00fcy\u00fck grafit blok <a href=\"https:\/\/www.mersen.com\/products\/anticorrosion-equipment\/heat-exchanger-manufacturer\/cubic-graphite-heat-exchangers\" target=\"_blank\" rel=\"noopener\">\u0131s\u0131 e\u015fanj\u00f6r\u00fc<\/a> kimya end\u00fcstrisinin kat\u0131 gereksinimlerini kar\u015f\u0131layabilir. \u00c7\u00fcnk\u00fc daha y\u00fcksek \u00f6zg\u00fcl dirence sahiptirler.<\/p>\n<p><strong>D\u00f6k\u00fcm end\u00fcstrisi: <\/strong>Bunu \u015fu hale getirebilirsiniz <a href=\"https:\/\/jinsuncarbon.com\/tr\/bardak-altligi-icin-ozel-grafit-kalip\/\">grafit kal\u0131p<\/a> d\u00f6k\u00fcm ve eritme i\u00e7in. \u00c7\u00fcnk\u00fc ultra y\u00fcksek yo\u011funlu\u011fu ve kompakt yap\u0131s\u0131 alt\u0131n, g\u00fcm\u00fc\u015f ve di\u011fer de\u011ferli metallerin eritilmesi i\u00e7in \u00e7ok uygundur.<\/p>\n<p><strong>Havac\u0131l\u0131k ve uzay end\u00fcstrisi:<\/strong> Y\u00fcksek s\u0131cakl\u0131klara dayan\u0131kl\u0131, hafif ve y\u00fcksek mukavemetlidirler. Bu nedenle havac\u0131l\u0131k ve askeri end\u00fcstrilerde yayg\u0131n olarak kullan\u0131l\u0131rlar.<\/p>\n<p><img fetchpriority=\"high\" decoding=\"async\" class=\"alignnone wp-image-4449\" src=\"https:\/\/jinsuncarbon.com\/wp-content\/uploads\/2023\/01\/Chemical-Industry-1024x943.jpg\" alt=\"Kimya End\u00fcstrisi\" width=\"262\" height=\"242\" srcset=\"https:\/\/jinsuncarbon.com\/wp-content\/uploads\/2023\/01\/Chemical-Industry-1024x943.jpg 1024w, https:\/\/jinsuncarbon.com\/wp-content\/uploads\/2023\/01\/Chemical-Industry-600x553.jpg 600w, https:\/\/jinsuncarbon.com\/wp-content\/uploads\/2023\/01\/Chemical-Industry-300x276.jpg 300w, https:\/\/jinsuncarbon.com\/wp-content\/uploads\/2023\/01\/Chemical-Industry-768x708.jpg 768w, https:\/\/jinsuncarbon.com\/wp-content\/uploads\/2023\/01\/Chemical-Industry-13x12.jpg 13w, https:\/\/jinsuncarbon.com\/wp-content\/uploads\/2023\/01\/Chemical-Industry.jpg 1080w\" sizes=\"(max-width: 262px) 100vw, 262px\" \/> \u00a0 <img decoding=\"async\" class=\"alignnone wp-image-4450\" src=\"https:\/\/jinsuncarbon.com\/wp-content\/uploads\/2023\/01\/Aerospace-industry-1024x578.jpg\" alt=\"Havac\u0131l\u0131k ve uzay end\u00fcstrisi\" width=\"428\" height=\"242\" srcset=\"https:\/\/jinsuncarbon.com\/wp-content\/uploads\/2023\/01\/Aerospace-industry-1024x578.jpg 1024w, https:\/\/jinsuncarbon.com\/wp-content\/uploads\/2023\/01\/Aerospace-industry-600x339.jpg 600w, https:\/\/jinsuncarbon.com\/wp-content\/uploads\/2023\/01\/Aerospace-industry-300x169.jpg 300w, https:\/\/jinsuncarbon.com\/wp-content\/uploads\/2023\/01\/Aerospace-industry-768x434.jpg 768w, https:\/\/jinsuncarbon.com\/wp-content\/uploads\/2023\/01\/Aerospace-industry-18x10.jpg 18w, https:\/\/jinsuncarbon.com\/wp-content\/uploads\/2023\/01\/Aerospace-industry.jpg 1080w\" sizes=\"(max-width: 428px) 100vw, 428px\" \/><\/p>\n<p>D\u00f6k\u00fcm end\u00fcstrisi Kimya end\u00fcstrisi Havac\u0131l\u0131k ve uzay end\u00fcstrisi<\/p>\n<p>&nbsp;<\/p>\n<h3>Teknik \u00f6zellikler<\/h3>\n<table width=\"613\">\n<thead>\n<tr>\n<td width=\"218\"><strong>ITEM<\/strong><\/td>\n<td width=\"111\"><strong>Birim<\/strong><\/td>\n<td colspan=\"3\" width=\"275\"><strong>Par\u00e7ac\u0131k Boyutu<\/strong><\/td>\n<\/tr>\n<\/thead>\n<tbody>\n<tr>\n<td width=\"218\">Gran\u00fclerlik<\/td>\n<td width=\"111\">mm<\/td>\n<td width=\"92\">0,8 mm<\/td>\n<td width=\"93\">2mm<\/td>\n<td width=\"86\">4mm<\/td>\n<\/tr>\n<tr>\n<td width=\"218\">Diren\u00e7<\/td>\n<td width=\"111\">\u03bc\u03a9m<\/td>\n<td width=\"92\">\u22647.5<\/td>\n<td width=\"93\">\u22648<\/td>\n<td width=\"86\">\u22648.5<\/td>\n<\/tr>\n<tr>\n<td width=\"218\">Y\u0131\u011f\u0131n Yo\u011funlu\u011fu<\/td>\n<td width=\"111\">g\/cm\u00b3<\/td>\n<td width=\"92\">\u22651.75<\/td>\n<td width=\"93\">\u22651.72<\/td>\n<td width=\"86\">\u22651.65<\/td>\n<\/tr>\n<tr>\n<td width=\"218\">Bas\u0131n\u00e7 Dayan\u0131m\u0131<\/td>\n<td width=\"111\">MPa<\/td>\n<td width=\"92\">\u226536<\/td>\n<td width=\"93\">\u226535<\/td>\n<td width=\"86\">\u226534<\/td>\n<\/tr>\n<tr>\n<td width=\"218\">E\u011filme Dayan\u0131m\u0131<\/td>\n<td width=\"111\">MPa<\/td>\n<td width=\"92\">\u226515<\/td>\n<td width=\"93\">\u226514.5<\/td>\n<td width=\"86\">\u226514<\/td>\n<\/tr>\n<tr>\n<td width=\"218\">K\u00fcl<\/td>\n<td width=\"111\">%<\/td>\n<td width=\"92\">\u22640.3<\/td>\n<td width=\"93\">\u22640.3<\/td>\n<td width=\"86\">\u22640.3<\/td>\n<\/tr>\n<tr>\n<td width=\"218\">Elastik Mod\u00fcl<\/td>\n<td width=\"111\">Gpa<\/td>\n<td width=\"92\">\u22648<\/td>\n<td width=\"93\">\u22647<\/td>\n<td width=\"86\">\u22646<\/td>\n<\/tr>\n<tr>\n<td width=\"218\">CTE<\/td>\n<td width=\"111\">10^-6\/\u2103<\/td>\n<td width=\"92\">\u22643<\/td>\n<td width=\"93\">\u22642.5<\/td>\n<td width=\"86\">\u22642<\/td>\n<\/tr>\n<tr>\n<td width=\"218\">G\u00f6zeneklilik<\/td>\n<td width=\"111\">%<\/td>\n<td width=\"92\">\u226518<\/td>\n<td width=\"93\">\u226520<\/td>\n<td width=\"86\">\u226522<\/td>\n<\/tr>\n<\/tbody>\n<\/table>\n<p>&nbsp;<\/p>\n<h2>JINSUN: Grafit Blok Tedarik\u00e7iniz<\/h2>\n<p>\u00c7in'de bir grafit blok \u00fcreticisi olarak, her grafit blok kapsaml\u0131 kalite kontrollerinden ge\u00e7er. Her t\u00fcr grafit blok sat\u0131n ald\u0131\u011f\u0131n\u0131zda, \u00f6zg\u00fcl diren\u00e7 ve bas\u0131n\u00e7 dayan\u0131m\u0131n\u0131n en y\u00fcksek standartlar\u0131 kar\u015f\u0131lad\u0131\u011f\u0131ndan emin oluruz. \u00c7izimlerinizi sa\u011flayarak \u00f6zel i\u015fleme grafit blok ihtiya\u00e7lar\u0131n\u0131z\u0131 da kar\u015f\u0131layabiliriz.<\/p>","protected":false},"excerpt":{"rendered":"<p>Grafit bloklar y\u00fcksek yo\u011funlu\u011fa ve y\u00fcksek iletkenli\u011fe sahiptir, metalurjik d\u00f6k\u00fcm ve kimya end\u00fcstrisi i\u00e7in kullan\u0131labilir. Metalurjik f\u0131r\u0131nlar, silisyum karb\u00fcr f\u0131r\u0131nlar\u0131, grafitle\u015ftirme f\u0131r\u0131nlar\u0131, kimyasal \u0131s\u0131 e\u015fanj\u00f6rleri vb. Y\u00fcksek mekanik hassasiyetle daireler, dikd\u00f6rtgenler ve yamuklar gibi farkl\u0131 \u015fekillerde yap\u0131labilir. \u00dcretebildi\u011fimiz en b\u00fcy\u00fck kat\u0131 blok malzeme boyutu: maksimum 2500 mm uzunluk, maksimum 600 mm geni\u015flik ve maksimum 600 mm y\u00fcksekliktir.  Ek olarak, tedarik edebilece\u011fimiz malzeme t\u00fcrleri \u015funlard\u0131r: kal\u0131planm\u0131\u015f grafit bloklar, y\u00fcksek safl\u0131kta grafit bloklar ve izostatik grafit bloklar.<\/p>","protected":false},"featured_media":2453,"template":"","meta":[],"product_brand":[],"product_cat":[38],"product_tag":[],"class_list":{"0":"post-2131","1":"product","2":"type-product","3":"status-publish","4":"has-post-thumbnail","6":"product_cat-graphite-products","8":"first","9":"instock","10":"shipping-taxable","11":"product-type-simple"},"yoast_head":"<!-- This site is optimized with the Yoast SEO Premium plugin v19.2.1 (Yoast SEO v25.3) - https:\/\/yoast.com\/wordpress\/plugins\/seo\/ -->\n<title>Graphite Block Manufacturer - Best Price<\/title>\n<meta name=\"description\" content=\"Graphite blocks can be molded into various shapes. Due to its high density and high conductivity, it is used in metallurgical casting and chemical industry.\" \/>\n<meta name=\"robots\" content=\"index, follow, max-snippet:-1, max-image-preview:large, max-video-preview:-1\" \/>\n<link rel=\"canonical\" href=\"https:\/\/jinsuncarbon.com\/tr\/urun\/grafit-blok\/\" \/>\n<meta property=\"og:locale\" content=\"tr_TR\" \/>\n<meta property=\"og:type\" content=\"article\" \/>\n<meta property=\"og:title\" content=\"Graphite Block\" \/>\n<meta property=\"og:description\" content=\"Graphite blocks can be molded into various shapes. Due to its high density and high conductivity, it is used in metallurgical casting and chemical industry.\" \/>\n<meta property=\"og:url\" content=\"https:\/\/jinsuncarbon.com\/tr\/urun\/grafit-blok\/\" \/>\n<meta property=\"og:site_name\" content=\"Jinsun Carbon\" \/>\n<meta property=\"article:publisher\" content=\"https:\/\/www.facebook.com\/Graphite-Electrode-109336238661595\" \/>\n<meta property=\"article:modified_time\" content=\"2024-12-13T06:27:48+00:00\" \/>\n<meta property=\"og:image\" content=\"https:\/\/jinsuncarbon.com\/wp-content\/uploads\/2023\/01\/7351.jpg\" \/>\n\t<meta property=\"og:image:width\" content=\"1173\" \/>\n\t<meta property=\"og:image:height\" content=\"1028\" \/>\n\t<meta property=\"og:image:type\" content=\"image\/jpeg\" \/>\n<meta name=\"twitter:card\" content=\"summary_large_image\" \/>\n<meta name=\"twitter:site\" content=\"@jinsuncarbon_\" \/>\n<meta name=\"twitter:label1\" content=\"Tahmini okuma s\u00fcresi\" \/>\n\t<meta name=\"twitter:data1\" content=\"3 dakika\" \/>\n<script type=\"application\/ld+json\" class=\"yoast-schema-graph\">{\"@context\":\"https:\/\/schema.org\",\"@graph\":[{\"@type\":\"WebPage\",\"@id\":\"https:\/\/jinsuncarbon.com\/product\/graphite-block\/\",\"url\":\"https:\/\/jinsuncarbon.com\/product\/graphite-block\/\",\"name\":\"Graphite Block Manufacturer - Best Price\",\"isPartOf\":{\"@id\":\"https:\/\/jinsuncarbon.com\/#website\"},\"primaryImageOfPage\":{\"@id\":\"https:\/\/jinsuncarbon.com\/product\/graphite-block\/#primaryimage\"},\"image\":{\"@id\":\"https:\/\/jinsuncarbon.com\/product\/graphite-block\/#primaryimage\"},\"thumbnailUrl\":\"https:\/\/jinsuncarbon.com\/wp-content\/uploads\/2023\/01\/7351.jpg\",\"datePublished\":\"2024-09-30T09:10:18+00:00\",\"dateModified\":\"2024-12-13T06:27:48+00:00\",\"description\":\"Graphite blocks can be molded into various shapes. Due to its high density and high conductivity, it is used in metallurgical casting and chemical industry.\",\"breadcrumb\":{\"@id\":\"https:\/\/jinsuncarbon.com\/product\/graphite-block\/#breadcrumb\"},\"inLanguage\":\"tr\",\"potentialAction\":[{\"@type\":\"ReadAction\",\"target\":[\"https:\/\/jinsuncarbon.com\/product\/graphite-block\/\"]}]},{\"@type\":\"ImageObject\",\"inLanguage\":\"tr\",\"@id\":\"https:\/\/jinsuncarbon.com\/product\/graphite-block\/#primaryimage\",\"url\":\"https:\/\/jinsuncarbon.com\/wp-content\/uploads\/2023\/01\/7351.jpg\",\"contentUrl\":\"https:\/\/jinsuncarbon.com\/wp-content\/uploads\/2023\/01\/7351.jpg\",\"width\":1173,\"height\":1028,\"caption\":\"Graphite Block manufacturer\"},{\"@type\":\"BreadcrumbList\",\"@id\":\"https:\/\/jinsuncarbon.com\/product\/graphite-block\/#breadcrumb\",\"itemListElement\":[{\"@type\":\"ListItem\",\"position\":1,\"name\":\"Home\",\"item\":\"https:\/\/jinsuncarbon.com\/\"},{\"@type\":\"ListItem\",\"position\":2,\"name\":\"Products\",\"item\":\"https:\/\/jinsuncarbon.com\/graphite-carbon\/\"},{\"@type\":\"ListItem\",\"position\":3,\"name\":\"Graphite Block\"}]},{\"@type\":\"WebSite\",\"@id\":\"https:\/\/jinsuncarbon.com\/#website\",\"url\":\"https:\/\/jinsuncarbon.com\/\",\"name\":\"Jinsun Carbon\",\"description\":\"We are the successful graphite electrode manufacturer in China\",\"publisher\":{\"@id\":\"https:\/\/jinsuncarbon.com\/#organization\"},\"potentialAction\":[{\"@type\":\"SearchAction\",\"target\":{\"@type\":\"EntryPoint\",\"urlTemplate\":\"https:\/\/jinsuncarbon.com\/?s={search_term_string}\"},\"query-input\":{\"@type\":\"PropertyValueSpecification\",\"valueRequired\":true,\"valueName\":\"search_term_string\"}}],\"inLanguage\":\"tr\"},{\"@type\":\"Organization\",\"@id\":\"https:\/\/jinsuncarbon.com\/#organization\",\"name\":\"Jinsun Carbon\",\"alternateName\":\"Jinsun Carbon\",\"url\":\"https:\/\/jinsuncarbon.com\/\",\"logo\":{\"@type\":\"ImageObject\",\"inLanguage\":\"tr\",\"@id\":\"https:\/\/jinsuncarbon.com\/#\/schema\/logo\/image\/\",\"url\":\"https:\/\/jinsuncarbon.com\/wp-content\/uploads\/2022\/12\/LOGO-1.png\",\"contentUrl\":\"https:\/\/jinsuncarbon.com\/wp-content\/uploads\/2022\/12\/LOGO-1.png\",\"width\":207,\"height\":80,\"caption\":\"Jinsun Carbon\"},\"image\":{\"@id\":\"https:\/\/jinsuncarbon.com\/#\/schema\/logo\/image\/\"},\"sameAs\":[\"https:\/\/www.facebook.com\/Graphite-Electrode-109336238661595\",\"https:\/\/x.com\/jinsuncarbon_\",\"https:\/\/www.linkedin.com\/in\/jinsungraphite\",\"https:\/\/www.youtube.com\/channel\/UCysDNyvyR5-3cCWEmpkVC0g\"]}]}<\/script>\n<!-- \/ Yoast SEO Premium plugin. -->","yoast_head_json":{"title":"Grafit Blok \u00dcreticisi - En \u0130yi Fiyat","description":"Grafit bloklar \u00e7e\u015fitli \u015fekillerde kal\u0131planabilir. Y\u00fcksek yo\u011funlu\u011fu ve y\u00fcksek iletkenli\u011fi nedeniyle metalurjik d\u00f6k\u00fcm ve kimya end\u00fcstrisinde kullan\u0131l\u0131r.","robots":{"index":"index","follow":"follow","max-snippet":"max-snippet:-1","max-image-preview":"max-image-preview:large","max-video-preview":"max-video-preview:-1"},"canonical":"https:\/\/jinsuncarbon.com\/tr\/urun\/grafit-blok\/","og_locale":"tr_TR","og_type":"article","og_title":"Graphite Block","og_description":"Graphite blocks can be molded into various shapes. Due to its high density and high conductivity, it is used in metallurgical casting and chemical industry.","og_url":"https:\/\/jinsuncarbon.com\/tr\/urun\/grafit-blok\/","og_site_name":"Jinsun Carbon","article_publisher":"https:\/\/www.facebook.com\/Graphite-Electrode-109336238661595","article_modified_time":"2024-12-13T06:27:48+00:00","og_image":[{"width":1173,"height":1028,"url":"https:\/\/jinsuncarbon.com\/wp-content\/uploads\/2023\/01\/7351.jpg","type":"image\/jpeg"}],"twitter_card":"summary_large_image","twitter_site":"@jinsuncarbon_","twitter_misc":{"Tahmini okuma s\u00fcresi":"3 dakika"},"schema":{"@context":"https:\/\/schema.org","@graph":[{"@type":"WebPage","@id":"https:\/\/jinsuncarbon.com\/product\/graphite-block\/","url":"https:\/\/jinsuncarbon.com\/product\/graphite-block\/","name":"Grafit Blok \u00dcreticisi - En \u0130yi Fiyat","isPartOf":{"@id":"https:\/\/jinsuncarbon.com\/#website"},"primaryImageOfPage":{"@id":"https:\/\/jinsuncarbon.com\/product\/graphite-block\/#primaryimage"},"image":{"@id":"https:\/\/jinsuncarbon.com\/product\/graphite-block\/#primaryimage"},"thumbnailUrl":"https:\/\/jinsuncarbon.com\/wp-content\/uploads\/2023\/01\/7351.jpg","datePublished":"2024-09-30T09:10:18+00:00","dateModified":"2024-12-13T06:27:48+00:00","description":"Grafit bloklar \u00e7e\u015fitli \u015fekillerde kal\u0131planabilir. Y\u00fcksek yo\u011funlu\u011fu ve y\u00fcksek iletkenli\u011fi nedeniyle metalurjik d\u00f6k\u00fcm ve kimya end\u00fcstrisinde kullan\u0131l\u0131r.","breadcrumb":{"@id":"https:\/\/jinsuncarbon.com\/product\/graphite-block\/#breadcrumb"},"inLanguage":"tr","potentialAction":[{"@type":"ReadAction","target":["https:\/\/jinsuncarbon.com\/product\/graphite-block\/"]}]},{"@type":"ImageObject","inLanguage":"tr","@id":"https:\/\/jinsuncarbon.com\/product\/graphite-block\/#primaryimage","url":"https:\/\/jinsuncarbon.com\/wp-content\/uploads\/2023\/01\/7351.jpg","contentUrl":"https:\/\/jinsuncarbon.com\/wp-content\/uploads\/2023\/01\/7351.jpg","width":1173,"height":1028,"caption":"Graphite Block manufacturer"},{"@type":"BreadcrumbList","@id":"https:\/\/jinsuncarbon.com\/product\/graphite-block\/#breadcrumb","itemListElement":[{"@type":"ListItem","position":1,"name":"Home","item":"https:\/\/jinsuncarbon.com\/"},{"@type":"ListItem","position":2,"name":"Products","item":"https:\/\/jinsuncarbon.com\/graphite-carbon\/"},{"@type":"ListItem","position":3,"name":"Graphite Block"}]},{"@type":"WebSite","@id":"https:\/\/jinsuncarbon.com\/#website","url":"https:\/\/jinsuncarbon.com\/","name":"Jinsun Karbon","description":"\u00c7in'deki ba\u015far\u0131l\u0131 grafit elektrot \u00fcreticisiyiz","publisher":{"@id":"https:\/\/jinsuncarbon.com\/#organization"},"potentialAction":[{"@type":"SearchAction","target":{"@type":"EntryPoint","urlTemplate":"https:\/\/jinsuncarbon.com\/?s={search_term_string}"},"query-input":{"@type":"PropertyValueSpecification","valueRequired":true,"valueName":"search_term_string"}}],"inLanguage":"tr"},{"@type":"Organization","@id":"https:\/\/jinsuncarbon.com\/#organization","name":"Jinsun Karbon","alternateName":"Jinsun Carbon","url":"https:\/\/jinsuncarbon.com\/","logo":{"@type":"ImageObject","inLanguage":"tr","@id":"https:\/\/jinsuncarbon.com\/#\/schema\/logo\/image\/","url":"https:\/\/jinsuncarbon.com\/wp-content\/uploads\/2022\/12\/LOGO-1.png","contentUrl":"https:\/\/jinsuncarbon.com\/wp-content\/uploads\/2022\/12\/LOGO-1.png","width":207,"height":80,"caption":"Jinsun Carbon"},"image":{"@id":"https:\/\/jinsuncarbon.com\/#\/schema\/logo\/image\/"},"sameAs":["https:\/\/www.facebook.com\/Graphite-Electrode-109336238661595","https:\/\/x.com\/jinsuncarbon_","https:\/\/www.linkedin.com\/in\/jinsungraphite","https:\/\/www.youtube.com\/channel\/UCysDNyvyR5-3cCWEmpkVC0g"]}]}},"_links":{"self":[{"href":"https:\/\/jinsuncarbon.com\/tr\/wp-json\/wp\/v2\/product\/2131","targetHints":{"allow":["GET"]}}],"collection":[{"href":"https:\/\/jinsuncarbon.com\/tr\/wp-json\/wp\/v2\/product"}],"about":[{"href":"https:\/\/jinsuncarbon.com\/tr\/wp-json\/wp\/v2\/types\/product"}],"wp:featuredmedia":[{"embeddable":true,"href":"https:\/\/jinsuncarbon.com\/tr\/wp-json\/wp\/v2\/media\/2453"}],"wp:attachment":[{"href":"https:\/\/jinsuncarbon.com\/tr\/wp-json\/wp\/v2\/media?parent=2131"}],"wp:term":[{"taxonomy":"product_brand","embeddable":true,"href":"https:\/\/jinsuncarbon.com\/tr\/wp-json\/wp\/v2\/product_brand?post=2131"},{"taxonomy":"product_cat","embeddable":true,"href":"https:\/\/jinsuncarbon.com\/tr\/wp-json\/wp\/v2\/product_cat?post=2131"},{"taxonomy":"product_tag","embeddable":true,"href":"https:\/\/jinsuncarbon.com\/tr\/wp-json\/wp\/v2\/product_tag?post=2131"}],"curies":[{"name":"wp","href":"https:\/\/api.w.org\/{rel}","templated":true}]}}