{"id":2129,"date":"2023-01-30T09:07:59","date_gmt":"2023-01-30T09:07:59","guid":{"rendered":"https:\/\/jinsuncarbon.com\/?post_type=product&#038;p=2129"},"modified":"2024-11-03T13:16:47","modified_gmt":"2024-11-03T13:16:47","slug":"rp-grafi%cc%87t-elektrot","status":"publish","type":"product","link":"https:\/\/jinsuncarbon.com\/tr\/urun\/rp-grafi%cc%87t-elektrot\/","title":{"rendered":"RP Grafit Elektrot"},"content":{"rendered":"<div id=\"igc-ui-kit-r3ip-tag\" class=\"___STag_13gq5_gg_ _size_l_13gq5_gg_ _theme_primary_13gq5_gg_\" tabindex=\"-1\" data-ui-name=\"Tag\"><\/div>\n<p><strong>RP Grafit elektrot, esas olarak petrol kok, hammadde olarak i\u011fne kok, ba\u011flay\u0131c\u0131 olarak k\u00f6m\u00fcr zifti, kalsinasyon, bile\u015fenler, yo\u011furma, kal\u0131plama, pi\u015firme, grafitle\u015ftirme ve mekanik i\u015fleme.<\/strong><\/p>\n<p>\u00dcretim d\u00f6ng\u00fcs\u00fc yakla\u015f\u0131k 45 g\u00fcnd\u00fcr ve RP grafit elektrot esas olarak elektrik ark oca\u011f\u0131nda s\u0131radan \u00e7elik, silikon ve sar\u0131 fosfor eritmek i\u00e7in kullan\u0131l\u0131r. Elektrik ark oca\u011f\u0131nda, eritme oca\u011f\u0131 y\u00fck\u00fcn\u00fc \u0131s\u0131tmak i\u00e7in elektri\u011fin ark iletkeni \u015feklinde kullan\u0131l\u0131r.<\/p>\n<p>Y\u00fcksek elektriksel g\u00fcce sahiptir. <a href=\"https:\/\/www.sciencedirect.com\/topics\/materials-science\/conductivity\" target=\"_blank\" rel=\"noopener\">\u0130LETKENL\u0130K<\/a>geli\u015ftirilmi\u015f termal \u015fok performans\u0131, oksidasyon ve korozyona kar\u015f\u0131 diren\u00e7, uzun \u00f6m\u00fcr, y\u00fcksek s\u0131cakl\u0131klarda \u00e7al\u0131\u015fma kabiliyeti ve d\u00fc\u015f\u00fck \u00e7evresel etki.<\/p>\n<h2>RP Grafit Eletrotun End\u00fcstriyel Kullan\u0131m Alanlar\u0131<\/h2>\n<p>D\u00fczenli g\u00fc\u00e7 rp <a href=\"https:\/\/jinsuncarbon.com\/tr\/urun\/grafit-elektrot\/\">grafit elektrotlar<\/a> elektrik ark oca\u011f\u0131 (eaf) \u00e7elik \u00fcretimi, metalurjik d\u00f6k\u00fcm ve di\u011fer end\u00fcstriler i\u00e7in yayg\u0131n olarak kullan\u0131lmaktad\u0131r. Elektrik ark f\u0131r\u0131nlar\u0131nda, pota f\u0131r\u0131nlar\u0131nda ve Tozalt\u0131 ark f\u0131r\u0131nlar\u0131nda kullan\u0131l\u0131rlar. Ayr\u0131ca, y\u00fcksek s\u0131cakl\u0131kl\u0131 ortamlar\u0131n ve verimli elektrik iletkenli\u011finin gerekli oldu\u011fu di\u011fer eritme i\u015flemlerini de i\u00e7erir.<\/p>\n<p>Ak\u0131m\u0131n ge\u00e7mesi i\u00e7in iletken bir yol sa\u011flar. <a href=\"https:\/\/en.wikipedia.org\/wiki\/Electric_arc_furnace\" target=\"_blank\" rel=\"noopener\">elektri\u0307k ark oca\u011fi<\/a>. Ayr\u0131ca eritme i\u015flemlerinde eritme, rafine etme ve ala\u015f\u0131mlama i\u00e7in gereken s\u0131cakl\u0131klar\u0131n ve elektrik ak\u0131mlar\u0131n\u0131n hassas bir \u015fekilde kontrol edilmesini sa\u011flar. D\u00fczg\u00fcn elektrik iletkenlikleri ve d\u00fc\u015f\u00fck termal genle\u015fmeleri nedeniyle elektrik ark oca\u011f\u0131 i\u00e7in uygundurlar. <a href=\"https:\/\/www.britannica.com\/technology\/steel\/Primary-steelmaking\" target=\"_blank\" rel=\"noopener\">\u00e7elik \u00fcretim s\u00fcreci.<\/a><\/p>\n<p>Ultra y\u00fcksek g\u00fc\u00e7l\u00fc ve y\u00fcksek g\u00fc\u00e7l\u00fc elektrik ark f\u0131r\u0131nlar\u0131nda kullan\u0131m i\u00e7in uygun olmad\u0131\u011f\u0131na dikkat etmek \u00f6nemlidir. Farkl\u0131 elektrikli f\u0131r\u0131nlar i\u00e7in farkl\u0131 derecelerde grafit elektrotlar uygundur.<\/p>\n<p><img fetchpriority=\"high\" decoding=\"async\" class=\"alignnone wp-image-2964\" src=\"https:\/\/jinsuncarbon.com\/wp-content\/uploads\/2022\/12\/7-1-300x200.jpg\" alt=\"\u00c7elik \u00fcretimi i\u00e7in elektrik ark oca\u011f\u0131 grafit elektrotlar\u0131- Jinsun Carbon\" width=\"422\" height=\"281\" srcset=\"https:\/\/jinsuncarbon.com\/wp-content\/uploads\/2022\/12\/7-1-300x200.jpg 300w, https:\/\/jinsuncarbon.com\/wp-content\/uploads\/2022\/12\/7-1-600x400.jpg 600w, https:\/\/jinsuncarbon.com\/wp-content\/uploads\/2022\/12\/7-1-768x512.jpg 768w, https:\/\/jinsuncarbon.com\/wp-content\/uploads\/2022\/12\/7-1.jpg 1024w\" sizes=\"(max-width: 422px) 100vw, 422px\" \/> \u00a0<img decoding=\"async\" class=\"alignnone wp-image-2488\" src=\"https:\/\/jinsuncarbon.com\/wp-content\/uploads\/2023\/02\/888-300x200.jpg\" alt=\"Grafit elektrotlar elektrik ark ocakl\u0131 \u00e7elik \u00fcretiminde kullan\u0131l\u0131r\" width=\"419\" height=\"279\" srcset=\"https:\/\/jinsuncarbon.com\/wp-content\/uploads\/2023\/02\/888-300x200.jpg 300w, https:\/\/jinsuncarbon.com\/wp-content\/uploads\/2023\/02\/888.jpg 600w\" sizes=\"(max-width: 419px) 100vw, 419px\" \/><\/p>\n<p>&nbsp;<\/p>\n<h2>Avantaj<\/h2>\n<ul>\n<li>Y\u00fcksek kaliteli ve y\u00fcksek safl\u0131kta kullan\u0131lan y\u00fcksek kaliteli malzemeler <a href=\"https:\/\/jinsuncarbon.com\/tr\/urun\/kalsine-petrol-kok-komuru\/\">petrol kok k\u00f6m\u00fcr\u00fc<\/a> ve zift kokain.<\/li>\n<li>Y\u00fcksek iletkenlik. D\u00fc\u015f\u00fck direnci nedeniyle, elektrik ark oca\u011f\u0131nda elektrik ak\u0131m\u0131n\u0131n i\u00e7inden ge\u00e7mesi daha kolayd\u0131r.<\/li>\n<li>Y\u00fcksek mekanik mukavemete, g\u00fc\u00e7l\u00fc b\u00fck\u00fclme ve s\u0131k\u0131\u015ft\u0131rma direncine sahiptir, bu nedenle par\u00e7alanmas\u0131 veya k\u0131r\u0131lmas\u0131 kolay de\u011fildir.<\/li>\n<li>Maliyet d\u00fc\u015f\u00fckt\u00fcr, \u00e7\u00fcnk\u00fc \u00fcretim s\u00fcreci nispeten basittir ve fiyat d\u00fc\u015f\u00fckt\u00fcr.<\/li>\n<li>Y\u00fcksek i\u015fleme hassasiyeti, bu nedenle y\u00fczey kalitesi iyidir.<\/li>\n<\/ul>\n<p>&nbsp;<\/p>\n<h2>Teknik \u00d6zellikler<\/h2>\n<p><strong>\u0130zin Verilen Ak\u0131m Ta\u015f\u0131ma Kapasiteleri<\/strong><\/p>\n<table width=\"584\">\n<tbody>\n<tr>\n<td colspan=\"2\" width=\"284\">Nominal<\/td>\n<td colspan=\"2\" width=\"300\">RP Grafit Elektrotlar<\/td>\n<\/tr>\n<tr>\n<td width=\"142\">mm<\/td>\n<td width=\"142\">in\u00e7<\/td>\n<td width=\"158\">Ak\u0131m Ta\u015f\u0131y\u0131c\u0131<\/p>\n<p>Kapasite\uff08A\uff09<\/td>\n<td width=\"142\">Mevcut Yo\u011funluk<\/p>\n<p>\uff08A\/cm<sup>2<\/sup>\uff09<\/td>\n<\/tr>\n<tr>\n<td width=\"142\">300<\/td>\n<td width=\"142\">12<\/td>\n<td width=\"158\">10000~13000<\/td>\n<td width=\"142\">14~18<\/td>\n<\/tr>\n<tr>\n<td width=\"142\">350<\/td>\n<td width=\"142\">14<\/td>\n<td width=\"158\">13500~18000<\/td>\n<td width=\"142\">14~18<\/td>\n<\/tr>\n<tr>\n<td width=\"142\">400<\/td>\n<td width=\"142\">16<\/td>\n<td width=\"158\">18000~23500<\/td>\n<td width=\"142\">14~18<\/td>\n<\/tr>\n<tr>\n<td width=\"142\">450<\/td>\n<td width=\"142\">18<\/td>\n<td width=\"158\">22000~27000<\/td>\n<td width=\"142\">13~17<\/td>\n<\/tr>\n<tr>\n<td width=\"142\">500<\/td>\n<td width=\"142\">20<\/td>\n<td width=\"158\">25000~32000<\/td>\n<td width=\"142\">13~16<\/td>\n<\/tr>\n<tr>\n<td width=\"142\">600<\/td>\n<td width=\"142\">24<\/td>\n<td width=\"158\">35000~41000<\/td>\n<td width=\"142\">13~15<\/td>\n<\/tr>\n<\/tbody>\n<\/table>\n<p>&nbsp;<\/p>\n<p><strong>Elektrot ve Nipelin Fiziksel ve Kimyasal \u00d6zellikleri<\/strong><\/p>\n<table width=\"531\">\n<tbody>\n<tr>\n<td colspan=\"2\" rowspan=\"2\" width=\"223\">RP Grafit Elektrot<\/td>\n<td rowspan=\"2\" width=\"59\">Birim<\/td>\n<td colspan=\"3\" width=\"249\">\u00c7ap<\/td>\n<\/tr>\n<tr>\n<td width=\"79\">12\"-16\"<\/td>\n<td width=\"85\">18\"-20\"<\/td>\n<td width=\"85\">24\"<\/td>\n<\/tr>\n<tr>\n<td rowspan=\"2\" width=\"148\">Spesifik diren\u00e7<\/td>\n<td width=\"76\">Elektrot<\/td>\n<td rowspan=\"2\" width=\"59\">\u03bc\u03a9-m<\/td>\n<td width=\"79\"><strong>\u2264<\/strong>8.0<\/td>\n<td width=\"85\"><strong>\u2264<\/strong>8.0<\/td>\n<td width=\"85\"><strong>\u2264<\/strong>9.0<\/td>\n<\/tr>\n<tr>\n<td width=\"76\">Meme ucu<\/td>\n<td width=\"79\"><strong>\u2264<\/strong>7.0<\/td>\n<td width=\"85\"><strong>\u2264<\/strong>7.0<\/td>\n<td width=\"85\"><strong>\u2264<\/strong>7.0<\/td>\n<\/tr>\n<tr>\n<td rowspan=\"2\" width=\"148\">Enine mukavemet<\/td>\n<td width=\"76\">Elektrot<\/td>\n<td rowspan=\"2\" width=\"59\">\u039c\u0420a<\/td>\n<td width=\"79\"><strong>\u2265<\/strong>6.8<\/td>\n<td width=\"85\"><strong>\u2265<\/strong>6.4<\/td>\n<td width=\"85\"><strong>\u2265<\/strong>6.4<\/td>\n<\/tr>\n<tr>\n<td width=\"76\">Meme ucu<\/td>\n<td width=\"79\"><strong>\u2265<\/strong>15.0<\/td>\n<td width=\"85\"><strong>\u2265<\/strong>13.0<\/td>\n<td width=\"85\"><strong>\u2265<\/strong>13.0<\/td>\n<\/tr>\n<tr>\n<td rowspan=\"2\" width=\"148\">Elastik mod\u00fcl<\/td>\n<td width=\"76\">Elektrot<\/td>\n<td rowspan=\"2\" width=\"59\">G\u0420a<\/td>\n<td width=\"79\"><strong>\u2264<\/strong>9.3<\/td>\n<td width=\"85\"><strong>\u2264<\/strong>9.3<\/td>\n<td width=\"85\"><strong>\u2264<\/strong>9.3<\/td>\n<\/tr>\n<tr>\n<td width=\"76\">Meme ucu<\/td>\n<td width=\"79\"><strong>\u2264<\/strong>14.0<\/td>\n<td width=\"85\"><strong>\u2264<\/strong>14.0<\/td>\n<td width=\"85\"><strong>\u2264<\/strong>14.0<\/td>\n<\/tr>\n<tr>\n<td rowspan=\"2\" width=\"148\">Y\u0131\u011f\u0131n Yo\u011funlu\u011fu<\/td>\n<td width=\"76\">Elektrot<\/td>\n<td rowspan=\"2\" width=\"59\">g\u2215\u339d<sup>3<\/sup><\/td>\n<td width=\"79\"><strong>\u2265<\/strong>1.56<\/td>\n<td width=\"85\"><strong>\u2265<\/strong>1.56<\/td>\n<td width=\"85\"><strong>\u2265<\/strong>1.55<\/td>\n<\/tr>\n<tr>\n<td width=\"76\">Meme ucu<\/td>\n<td width=\"79\"><strong>\u2265<\/strong>1.70<\/td>\n<td width=\"85\"><strong>\u2265<\/strong>1.70<\/td>\n<td width=\"85\"><strong>\u2265<\/strong>1.72<\/td>\n<\/tr>\n<tr>\n<td rowspan=\"2\" width=\"148\">C.T.E<\/p>\n<p>\uff08100\uff5e600\u2103\uff09<\/td>\n<td width=\"76\">Elektrot<\/td>\n<td rowspan=\"2\" width=\"59\">10<sup>-6<\/sup>\u2215\u2103<\/td>\n<td width=\"79\"><strong>\u2264<\/strong>2.9<\/td>\n<td width=\"85\"><strong>\u2264<\/strong>2.9<\/td>\n<td width=\"85\"><strong>\u2264<\/strong>2.9<\/td>\n<\/tr>\n<tr>\n<td width=\"76\">Meme ucu<\/td>\n<td width=\"79\"><strong>\u2264<\/strong>2.8<\/td>\n<td width=\"85\"><strong>\u2264<\/strong>2.8<\/td>\n<td width=\"85\"><strong>\u2264<\/strong>2.8<\/td>\n<\/tr>\n<tr>\n<td colspan=\"2\" width=\"223\">K\u00fcl i\u00e7eri\u011fi<\/td>\n<td width=\"59\">%<\/td>\n<td width=\"79\"><strong>\u2264<\/strong>0.5<\/td>\n<td width=\"85\"><strong>\u2264<\/strong>0.5<\/td>\n<td width=\"85\"><strong>\u2264<\/strong>0.5<\/td>\n<\/tr>\n<\/tbody>\n<\/table>\n<p>&nbsp;<\/p>","protected":false},"excerpt":{"rendered":"<p><!--more--><br \/>\nRP grafit elektrot, \u00e7elik \u00fcretimi, silikon eritme ve sar\u0131 fosfor eritme gibi s\u0131radan g\u00fc\u00e7 elektrik ark f\u0131r\u0131nlar\u0131nda kullan\u0131l\u0131r. Hammadde olarak petrol kok k\u00f6m\u00fcr\u00fc ve k\u00f6m\u00fcr ziftinden yap\u0131lm\u0131\u015ft\u0131r. D\u00fc\u015f\u00fck k\u00fcl i\u00e7eri\u011fi, iyi elektrik iletkenli\u011fi, y\u00fcksek s\u0131cakl\u0131k direnci ile karakterize edilir ve y\u00fcksek s\u0131cakl\u0131klar alt\u0131nda erimez veya deforme olmaz.<\/p>\n<p>\u00c7e\u015fitli demir d\u0131\u015f\u0131 ve nadir metallerin eritilmesi i\u00e7in ark metalurjik f\u0131r\u0131nlarda iletken bir malzeme olarak RP grafit elektrot. 17A\/cm2'yi a\u015fan ak\u0131m yo\u011funluklar\u0131nda kullan\u0131labilir. \u00d6zellikler ve model \u00e7aplar\u0131: 100mm-960mm.<\/p>","protected":false},"featured_media":3453,"template":"","meta":[],"product_brand":[],"product_cat":[37],"product_tag":[],"class_list":{"0":"post-2129","1":"product","2":"type-product","3":"status-publish","4":"has-post-thumbnail","6":"product_cat-graphite-electrode","8":"first","9":"instock","10":"shipping-taxable","11":"product-type-simple"},"yoast_head":"<!-- This site is optimized with the Yoast SEO Premium plugin v19.2.1 (Yoast SEO v25.3) - https:\/\/yoast.com\/wordpress\/plugins\/seo\/ -->\n<title>RP Graphite Electrode - Used in Electric Arc Furnace Steel Production<\/title>\n<meta name=\"description\" content=\"RP Graphite Electrode is used as a conductive material in arc metallurgical furnaces for smelting various non-ferrous and rare metals. It can be used at current densities exceeding 17A\/cm2.\" \/>\n<meta name=\"robots\" content=\"index, follow, max-snippet:-1, max-image-preview:large, max-video-preview:-1\" \/>\n<link rel=\"canonical\" href=\"https:\/\/jinsuncarbon.com\/tr\/urun\/rp-grafi\u0307t-elektrot\/\" \/>\n<meta property=\"og:locale\" content=\"tr_TR\" \/>\n<meta property=\"og:type\" content=\"article\" \/>\n<meta property=\"og:title\" content=\"RP Graphite Electrode\" \/>\n<meta property=\"og:description\" content=\"RP Graphite Electrode is used as a conductive material in arc metallurgical furnaces for smelting various non-ferrous and rare metals. It can be used at current densities exceeding 17A\/cm2.\" \/>\n<meta property=\"og:url\" content=\"https:\/\/jinsuncarbon.com\/tr\/urun\/rp-grafi\u0307t-elektrot\/\" \/>\n<meta property=\"og:site_name\" content=\"Jinsun Carbon\" \/>\n<meta property=\"article:publisher\" content=\"https:\/\/www.facebook.com\/Graphite-Electrode-109336238661595\" \/>\n<meta property=\"article:modified_time\" content=\"2024-11-03T13:16:47+00:00\" \/>\n<meta property=\"og:image\" content=\"https:\/\/jinsuncarbon.com\/wp-content\/uploads\/2023\/01\/8943e41550f3524cd61ca9d4f8acb00.jpg\" \/>\n\t<meta property=\"og:image:width\" content=\"1024\" \/>\n\t<meta property=\"og:image:height\" content=\"792\" \/>\n\t<meta property=\"og:image:type\" content=\"image\/jpeg\" \/>\n<meta name=\"twitter:card\" content=\"summary_large_image\" \/>\n<meta name=\"twitter:site\" content=\"@jinsuncarbon_\" \/>\n<meta name=\"twitter:label1\" content=\"Tahmini okuma s\u00fcresi\" \/>\n\t<meta name=\"twitter:data1\" content=\"3 dakika\" \/>\n<script type=\"application\/ld+json\" class=\"yoast-schema-graph\">{\"@context\":\"https:\/\/schema.org\",\"@graph\":[{\"@type\":\"WebPage\",\"@id\":\"https:\/\/jinsuncarbon.com\/product\/rp-graphite-electrode\/\",\"url\":\"https:\/\/jinsuncarbon.com\/product\/rp-graphite-electrode\/\",\"name\":\"RP Graphite Electrode - Used in Electric Arc Furnace Steel Production\",\"isPartOf\":{\"@id\":\"https:\/\/jinsuncarbon.com\/#website\"},\"primaryImageOfPage\":{\"@id\":\"https:\/\/jinsuncarbon.com\/product\/rp-graphite-electrode\/#primaryimage\"},\"image\":{\"@id\":\"https:\/\/jinsuncarbon.com\/product\/rp-graphite-electrode\/#primaryimage\"},\"thumbnailUrl\":\"https:\/\/jinsuncarbon.com\/wp-content\/uploads\/2023\/01\/8943e41550f3524cd61ca9d4f8acb00.jpg\",\"datePublished\":\"2023-01-30T09:07:59+00:00\",\"dateModified\":\"2024-11-03T13:16:47+00:00\",\"description\":\"RP Graphite Electrode is used as a conductive material in arc metallurgical furnaces for smelting various non-ferrous and rare metals. It can be used at current densities exceeding 17A\/cm2.\",\"breadcrumb\":{\"@id\":\"https:\/\/jinsuncarbon.com\/product\/rp-graphite-electrode\/#breadcrumb\"},\"inLanguage\":\"tr\",\"potentialAction\":[{\"@type\":\"ReadAction\",\"target\":[\"https:\/\/jinsuncarbon.com\/product\/rp-graphite-electrode\/\"]}]},{\"@type\":\"ImageObject\",\"inLanguage\":\"tr\",\"@id\":\"https:\/\/jinsuncarbon.com\/product\/rp-graphite-electrode\/#primaryimage\",\"url\":\"https:\/\/jinsuncarbon.com\/wp-content\/uploads\/2023\/01\/8943e41550f3524cd61ca9d4f8acb00.jpg\",\"contentUrl\":\"https:\/\/jinsuncarbon.com\/wp-content\/uploads\/2023\/01\/8943e41550f3524cd61ca9d4f8acb00.jpg\",\"width\":1024,\"height\":792,\"caption\":\"RP graphite electrode - China graphite electrode factory and supplier\"},{\"@type\":\"BreadcrumbList\",\"@id\":\"https:\/\/jinsuncarbon.com\/product\/rp-graphite-electrode\/#breadcrumb\",\"itemListElement\":[{\"@type\":\"ListItem\",\"position\":1,\"name\":\"Home\",\"item\":\"https:\/\/jinsuncarbon.com\/\"},{\"@type\":\"ListItem\",\"position\":2,\"name\":\"Products\",\"item\":\"https:\/\/jinsuncarbon.com\/graphite-carbon\/\"},{\"@type\":\"ListItem\",\"position\":3,\"name\":\"RP Graphite Electrode\"}]},{\"@type\":\"WebSite\",\"@id\":\"https:\/\/jinsuncarbon.com\/#website\",\"url\":\"https:\/\/jinsuncarbon.com\/\",\"name\":\"Jinsun Carbon\",\"description\":\"We are the successful graphite electrode manufacturer in China\",\"publisher\":{\"@id\":\"https:\/\/jinsuncarbon.com\/#organization\"},\"potentialAction\":[{\"@type\":\"SearchAction\",\"target\":{\"@type\":\"EntryPoint\",\"urlTemplate\":\"https:\/\/jinsuncarbon.com\/?s={search_term_string}\"},\"query-input\":{\"@type\":\"PropertyValueSpecification\",\"valueRequired\":true,\"valueName\":\"search_term_string\"}}],\"inLanguage\":\"tr\"},{\"@type\":\"Organization\",\"@id\":\"https:\/\/jinsuncarbon.com\/#organization\",\"name\":\"Jinsun Carbon\",\"alternateName\":\"Jinsun Carbon\",\"url\":\"https:\/\/jinsuncarbon.com\/\",\"logo\":{\"@type\":\"ImageObject\",\"inLanguage\":\"tr\",\"@id\":\"https:\/\/jinsuncarbon.com\/#\/schema\/logo\/image\/\",\"url\":\"https:\/\/jinsuncarbon.com\/wp-content\/uploads\/2022\/12\/LOGO-1.png\",\"contentUrl\":\"https:\/\/jinsuncarbon.com\/wp-content\/uploads\/2022\/12\/LOGO-1.png\",\"width\":207,\"height\":80,\"caption\":\"Jinsun Carbon\"},\"image\":{\"@id\":\"https:\/\/jinsuncarbon.com\/#\/schema\/logo\/image\/\"},\"sameAs\":[\"https:\/\/www.facebook.com\/Graphite-Electrode-109336238661595\",\"https:\/\/x.com\/jinsuncarbon_\",\"https:\/\/www.linkedin.com\/in\/jinsungraphite\",\"https:\/\/www.youtube.com\/channel\/UCysDNyvyR5-3cCWEmpkVC0g\"]}]}<\/script>\n<!-- \/ Yoast SEO Premium plugin. -->","yoast_head_json":{"title":"RP Grafit Elektrot - Elektrik Ark Oca\u011f\u0131 \u00c7elik \u00dcretiminde Kullan\u0131l\u0131r","description":"RP Grafit Elektrot, \u00e7e\u015fitli demir d\u0131\u015f\u0131 ve nadir metallerin eritilmesi i\u00e7in ark metalurjik f\u0131r\u0131nlarda iletken bir malzeme olarak kullan\u0131l\u0131r. 17A\/cm2'yi a\u015fan ak\u0131m yo\u011funluklar\u0131nda kullan\u0131labilir.","robots":{"index":"index","follow":"follow","max-snippet":"max-snippet:-1","max-image-preview":"max-image-preview:large","max-video-preview":"max-video-preview:-1"},"canonical":"https:\/\/jinsuncarbon.com\/tr\/urun\/rp-grafi\u0307t-elektrot\/","og_locale":"tr_TR","og_type":"article","og_title":"RP Graphite Electrode","og_description":"RP Graphite Electrode is used as a conductive material in arc metallurgical furnaces for smelting various non-ferrous and rare metals. It can be used at current densities exceeding 17A\/cm2.","og_url":"https:\/\/jinsuncarbon.com\/tr\/urun\/rp-grafi\u0307t-elektrot\/","og_site_name":"Jinsun Carbon","article_publisher":"https:\/\/www.facebook.com\/Graphite-Electrode-109336238661595","article_modified_time":"2024-11-03T13:16:47+00:00","og_image":[{"width":1024,"height":792,"url":"https:\/\/jinsuncarbon.com\/wp-content\/uploads\/2023\/01\/8943e41550f3524cd61ca9d4f8acb00.jpg","type":"image\/jpeg"}],"twitter_card":"summary_large_image","twitter_site":"@jinsuncarbon_","twitter_misc":{"Tahmini okuma s\u00fcresi":"3 dakika"},"schema":{"@context":"https:\/\/schema.org","@graph":[{"@type":"WebPage","@id":"https:\/\/jinsuncarbon.com\/product\/rp-graphite-electrode\/","url":"https:\/\/jinsuncarbon.com\/product\/rp-graphite-electrode\/","name":"RP Grafit Elektrot - Elektrik Ark Oca\u011f\u0131 \u00c7elik \u00dcretiminde Kullan\u0131l\u0131r","isPartOf":{"@id":"https:\/\/jinsuncarbon.com\/#website"},"primaryImageOfPage":{"@id":"https:\/\/jinsuncarbon.com\/product\/rp-graphite-electrode\/#primaryimage"},"image":{"@id":"https:\/\/jinsuncarbon.com\/product\/rp-graphite-electrode\/#primaryimage"},"thumbnailUrl":"https:\/\/jinsuncarbon.com\/wp-content\/uploads\/2023\/01\/8943e41550f3524cd61ca9d4f8acb00.jpg","datePublished":"2023-01-30T09:07:59+00:00","dateModified":"2024-11-03T13:16:47+00:00","description":"RP Grafit Elektrot, \u00e7e\u015fitli demir d\u0131\u015f\u0131 ve nadir metallerin eritilmesi i\u00e7in ark metalurjik f\u0131r\u0131nlarda iletken bir malzeme olarak kullan\u0131l\u0131r. 17A\/cm2'yi a\u015fan ak\u0131m yo\u011funluklar\u0131nda kullan\u0131labilir.","breadcrumb":{"@id":"https:\/\/jinsuncarbon.com\/product\/rp-graphite-electrode\/#breadcrumb"},"inLanguage":"tr","potentialAction":[{"@type":"ReadAction","target":["https:\/\/jinsuncarbon.com\/product\/rp-graphite-electrode\/"]}]},{"@type":"ImageObject","inLanguage":"tr","@id":"https:\/\/jinsuncarbon.com\/product\/rp-graphite-electrode\/#primaryimage","url":"https:\/\/jinsuncarbon.com\/wp-content\/uploads\/2023\/01\/8943e41550f3524cd61ca9d4f8acb00.jpg","contentUrl":"https:\/\/jinsuncarbon.com\/wp-content\/uploads\/2023\/01\/8943e41550f3524cd61ca9d4f8acb00.jpg","width":1024,"height":792,"caption":"RP graphite electrode - China graphite electrode factory and supplier"},{"@type":"BreadcrumbList","@id":"https:\/\/jinsuncarbon.com\/product\/rp-graphite-electrode\/#breadcrumb","itemListElement":[{"@type":"ListItem","position":1,"name":"Home","item":"https:\/\/jinsuncarbon.com\/"},{"@type":"ListItem","position":2,"name":"Products","item":"https:\/\/jinsuncarbon.com\/graphite-carbon\/"},{"@type":"ListItem","position":3,"name":"RP Graphite Electrode"}]},{"@type":"WebSite","@id":"https:\/\/jinsuncarbon.com\/#website","url":"https:\/\/jinsuncarbon.com\/","name":"Jinsun Karbon","description":"\u00c7in'deki ba\u015far\u0131l\u0131 grafit elektrot \u00fcreticisiyiz","publisher":{"@id":"https:\/\/jinsuncarbon.com\/#organization"},"potentialAction":[{"@type":"SearchAction","target":{"@type":"EntryPoint","urlTemplate":"https:\/\/jinsuncarbon.com\/?s={search_term_string}"},"query-input":{"@type":"PropertyValueSpecification","valueRequired":true,"valueName":"search_term_string"}}],"inLanguage":"tr"},{"@type":"Organization","@id":"https:\/\/jinsuncarbon.com\/#organization","name":"Jinsun Karbon","alternateName":"Jinsun Carbon","url":"https:\/\/jinsuncarbon.com\/","logo":{"@type":"ImageObject","inLanguage":"tr","@id":"https:\/\/jinsuncarbon.com\/#\/schema\/logo\/image\/","url":"https:\/\/jinsuncarbon.com\/wp-content\/uploads\/2022\/12\/LOGO-1.png","contentUrl":"https:\/\/jinsuncarbon.com\/wp-content\/uploads\/2022\/12\/LOGO-1.png","width":207,"height":80,"caption":"Jinsun Carbon"},"image":{"@id":"https:\/\/jinsuncarbon.com\/#\/schema\/logo\/image\/"},"sameAs":["https:\/\/www.facebook.com\/Graphite-Electrode-109336238661595","https:\/\/x.com\/jinsuncarbon_","https:\/\/www.linkedin.com\/in\/jinsungraphite","https:\/\/www.youtube.com\/channel\/UCysDNyvyR5-3cCWEmpkVC0g"]}]}},"_links":{"self":[{"href":"https:\/\/jinsuncarbon.com\/tr\/wp-json\/wp\/v2\/product\/2129","targetHints":{"allow":["GET"]}}],"collection":[{"href":"https:\/\/jinsuncarbon.com\/tr\/wp-json\/wp\/v2\/product"}],"about":[{"href":"https:\/\/jinsuncarbon.com\/tr\/wp-json\/wp\/v2\/types\/product"}],"wp:featuredmedia":[{"embeddable":true,"href":"https:\/\/jinsuncarbon.com\/tr\/wp-json\/wp\/v2\/media\/3453"}],"wp:attachment":[{"href":"https:\/\/jinsuncarbon.com\/tr\/wp-json\/wp\/v2\/media?parent=2129"}],"wp:term":[{"taxonomy":"product_brand","embeddable":true,"href":"https:\/\/jinsuncarbon.com\/tr\/wp-json\/wp\/v2\/product_brand?post=2129"},{"taxonomy":"product_cat","embeddable":true,"href":"https:\/\/jinsuncarbon.com\/tr\/wp-json\/wp\/v2\/product_cat?post=2129"},{"taxonomy":"product_tag","embeddable":true,"href":"https:\/\/jinsuncarbon.com\/tr\/wp-json\/wp\/v2\/product_tag?post=2129"}],"curies":[{"name":"wp","href":"https:\/\/api.w.org\/{rel}","templated":true}]}}